{"id":2881,"date":"2023-11-04T14:19:12","date_gmt":"2023-11-04T06:19:12","guid":{"rendered":"https:\/\/www.backvita.com\/?post_type=product&#038;p=2881"},"modified":"2024-02-07T14:20:41","modified_gmt":"2024-02-07T06:20:41","slug":"vitamin-k1-suppliers-vitamin-k1-manufacturers-vitamin-k1-factory-free-sample","status":"publish","type":"product","link":"https:\/\/www.backvita.com\/de\/product\/vitamin-k1-lieferanten-vitamin-k1-hersteller-vitamin-k1-werk-kostenlose-probe\/","title":{"rendered":"Vitamin K1 Lieferanten Vitamin K1 Hersteller Vitamin K1 Fabrik kostenlose Probe"},"content":{"rendered":"<h2>Beschreibung von Vitamin K1<\/h2>\n<p>Vitamin K1, auch bekannt als Phytomenadion, Phytomenadion, Phylloquinon, chemischer Name: 2-Methyl-3-phytyl-1,4-naphthochinon, ist ein polyzyklisches aromatisches Keton. Es ist ein fettl\u00f6sliches Vitamin, das luft- und feuchtigkeitsstabil ist, sich aber im Sonnenlicht zersetzt. Es ist weit verbreitet in nat\u00fcrlichen gr\u00fcnen Pflanzen.<\/p>\n<table style=\"height: 171px;\" width=\"1300\">\n<tbody>\n<tr>\n<td width=\"219\"><strong>Produktname<\/strong><\/td>\n<td width=\"466\">Vitamin K1<\/td>\n<\/tr>\n<tr>\n<td><strong>CAS-Nr.<\/strong><\/td>\n<td>84-80-0<\/td>\n<\/tr>\n<tr>\n<td><strong>Erscheinungsbild<\/strong><\/td>\n<td>hellgelbes Pulver<\/td>\n<\/tr>\n<tr>\n<td><strong>Spezifikationen<\/strong><\/td>\n<td>Vitamin K1<\/td>\n<\/tr>\n<tr>\n<td><strong>Pakete<\/strong><\/td>\n<td>1kg\/Sack, 25kg\/Fass<\/td>\n<\/tr>\n<tr>\n<td><strong>Lagerung<\/strong><\/td>\n<td>Feuchtigkeitsschutz und lichtgesch\u00fctzte, geschlossene Lagerung vermeiden.<\/td>\n<\/tr>\n<tr>\n<td><strong>Pr\u00fcfverfahren<\/strong><\/td>\n<td>IR<\/td>\n<\/tr>\n<\/tbody>\n<\/table>\n<h2><\/h2>\n<h2>Funktionen von Vitamin K1<\/h2>\n<h3><strong>Gerinnung<\/strong><\/h3>\n<p>Vitamin K ist eine unentbehrliche Substanz f\u00fcr die Synthese von Prothrombin in der Leber, und seine Funktion besteht darin, die Umwandlung der Prothrombinvorstufe in Prothrombin zu f\u00f6rdern. Ein Mangel kann zu Hypoprothrombin\u00e4mie und Gerinnungsst\u00f6rungen f\u00fchren. F\u00fcr die Verwendung von Vitamin K1 als blutstillendes Mittel gibt es bew\u00e4hrte Leitlinien. So wird beispielsweise Neugeborenen kurz nach der Geburt 1 mg K1 verabreicht, um potenziell t\u00f6dliche Blutungen aufgrund eines Vitamin-K-Mangels zu verhindern.<\/p>\n<p><img decoding=\"async\" loading=\"lazy\" class=\"aligncenter wp-image-2849 size-full\" title=\"Gerinnung Vitamin K1\" src=\"https:\/\/www.backvita.com\/wp-content\/uploads\/2023\/10\/coagulation-Vitamin-K1.webp\" alt=\"Gerinnung Vitamin K1\" width=\"720\" height=\"383\" srcset=\"https:\/\/www.backvita.com\/wp-content\/uploads\/2023\/10\/coagulation-Vitamin-K1.webp 720w, https:\/\/www.backvita.com\/wp-content\/uploads\/2023\/10\/coagulation-Vitamin-K1-300x160.webp 300w, https:\/\/www.backvita.com\/wp-content\/uploads\/2023\/10\/coagulation-Vitamin-K1-600x319.webp 600w\" sizes=\"(max-width: 720px) 100vw, 720px\" \/><\/p>\n<h3><strong>Frakturrisiko verringern<\/strong><\/h3>\n<p>Eine australische Studie zeigte, dass das Risiko einer frakturbedingten Krankenhauseinweisung am niedrigsten war, wenn die Vitamin-K1-Zufuhr etwa 100 \u03bcg\/Tag betrug. Bei in der Gemeinschaft lebenden \u00e4lteren Frauen ist eine h\u00f6here Vitamin-K1-Zufuhr mit einem geringeren langfristigen Risiko f\u00fcr Frakturen und Krankenhausaufenthalte im Zusammenhang mit H\u00fcftfrakturen verbunden. Eine andere Studie aus dem Vereinigten K\u00f6nigreich zeigte, dass das Serum-Vitamin K1 in der Frakturgruppe signifikant reduziert war (h\u00e4ufige Fraktur: 0,53 [0,41], keine Fraktur; 0,65 [0,66] \u03bcg\/L, p=0,04), und dass reduziertes Vitamin K1 unabh\u00e4ngig mit dem Frakturrisiko verbunden war.<\/p>\n<p><img decoding=\"async\" loading=\"lazy\" class=\"aligncenter wp-image-2850 size-full\" title=\"Verringert das Frakturrisiko Vitamin K1\" src=\"https:\/\/www.backvita.com\/wp-content\/uploads\/2023\/10\/Reduce-fracture-risk-Vitamin-K1.webp\" alt=\"Verringert das Frakturrisiko Vitamin K1\" width=\"1080\" height=\"533\" srcset=\"https:\/\/www.backvita.com\/wp-content\/uploads\/2023\/10\/Reduce-fracture-risk-Vitamin-K1.webp 1080w, https:\/\/www.backvita.com\/wp-content\/uploads\/2023\/10\/Reduce-fracture-risk-Vitamin-K1-300x148.webp 300w, https:\/\/www.backvita.com\/wp-content\/uploads\/2023\/10\/Reduce-fracture-risk-Vitamin-K1-1024x505.webp 1024w, https:\/\/www.backvita.com\/wp-content\/uploads\/2023\/10\/Reduce-fracture-risk-Vitamin-K1-768x379.webp 768w, https:\/\/www.backvita.com\/wp-content\/uploads\/2023\/10\/Reduce-fracture-risk-Vitamin-K1-600x296.webp 600w\" sizes=\"(max-width: 1080px) 100vw, 1080px\" \/><\/p>\n<h3><strong>Anti-Oxidationseffekt<\/strong><\/h3>\n<p>Vitamin K1 verhindert oxidativen Stress in neuronalen Zellen und prim\u00e4ren Oligodendrozyten, indem es die Aktivierung der 12-Lipoxygenase und die Produktion von ROS blockiert. Die Einnahme von Vitamin K verbessert die kognitive Funktion bei gesunden \u00e4lteren Erwachsenen. Eine der Studien zeigte, dass Vitamin K1 mit einer besseren Leistung des verbalen episodischen Ged\u00e4chtnisses verbunden war, insbesondere mit einer besseren Leistung bei Erinnerungstests.<\/p>\n<p><img decoding=\"async\" loading=\"lazy\" class=\"aligncenter wp-image-2851 size-full\" title=\" Antioxidierende Wirkung Vitamin K1\" src=\"https:\/\/www.backvita.com\/wp-content\/uploads\/2023\/10\/Anti-oxidize-effect-Vitamin-K1.webp\" alt=\"Antioxidierende Wirkung Vitamin K1\" width=\"1080\" height=\"675\" srcset=\"https:\/\/www.backvita.com\/wp-content\/uploads\/2023\/10\/Anti-oxidize-effect-Vitamin-K1.webp 1080w, https:\/\/www.backvita.com\/wp-content\/uploads\/2023\/10\/Anti-oxidize-effect-Vitamin-K1-300x188.webp 300w, https:\/\/www.backvita.com\/wp-content\/uploads\/2023\/10\/Anti-oxidize-effect-Vitamin-K1-1024x640.webp 1024w, https:\/\/www.backvita.com\/wp-content\/uploads\/2023\/10\/Anti-oxidize-effect-Vitamin-K1-768x480.webp 768w, https:\/\/www.backvita.com\/wp-content\/uploads\/2023\/10\/Anti-oxidize-effect-Vitamin-K1-600x375.webp 600w\" sizes=\"(max-width: 1080px) 100vw, 1080px\" \/><\/p>\n<h3><strong>Verbesserung der Insulinresistenz<\/strong><\/h3>\n<p>Es ist klinisch erwiesen, dass Vitamin K1 500 ugm\/Tag \u00fcber 36 Monate die Insulinresistenz von M\u00e4nnern verbessern kann (signifikante Senkung des HOMA-IR).<\/p>\n<p>&nbsp;<\/p>\n<h2><span style=\"color: #ff9c00;\">Unser Rest-Easy-Service mit Mehrwert<\/span><\/h2>\n<p><em><strong><span style=\"color: #ff9c00;\">&gt;&gt;&gt;\u00a0 <\/span><\/strong><\/em><strong>Backvita verf\u00fcgt \u00fcber professionelle Techniker, die technische Support-Dokumente wie: Normen, Specs, COA, MOA,\u00a0<\/strong><strong>MSDS,<\/strong><strong>Flussdiagramm, Erkl\u00e4rungen, Chromatogramme, N\u00e4hrwertangaben, Stabilit\u00e4tspr\u00fcfung, usw.<\/strong><\/p>\n<p><strong><span style=\"color: #ff9c00;\">&gt;&gt;&gt; \u00a0<\/span>Wir versprechen Ihnen, Ihnen einzigartige Dienstleistungen anzubieten, damit Sie sich beim Kauf und Verkauf von Produkten keine Sorgen machen m\u00fcssen.<\/strong><\/p>\n<p><strong><span style=\"color: #ff9c00;\">&gt;&gt;&gt;<\/span>\u00a0 Unser globales E-Commerce-Datenanalystenteam verf\u00fcgt \u00fcber 10 Jahre Erfahrung in der Pflanzenextraktbranche. Es stellt Ihnen Datenberichte \u00fcber die L\u00e4nder zur Verf\u00fcgung, in denen Ihre Produkte verkauft werden, damit Sie fundierte Entscheidungen treffen k\u00f6nnen. Diese Datenberichte enthalten Verkaufsvolumen, Vertriebskan\u00e4le, Wettbewerbsanalysen und andere Informationen, die Ihnen helfen, die Marktnachfrage und -trends besser zu verstehen und so Ihre Beschaffungs- und Verkaufsstrategien zu optimieren.<\/strong><\/p>\n<p><strong><span style=\"color: #ff9c00;\">&gt;&gt;&gt;\u00a0<\/span> Zus\u00e4tzlich zu den Datenberichten stellen wir Ihnen regelm\u00e4\u00dfig Informationen \u00fcber marktrelevante Produkte und neue Produkte zur Verf\u00fcgung. Diese Informationen helfen Ihnen, sich \u00fcber potenzielle Chancen und Trends auf dem Markt auf dem Laufenden zu halten und Anpassungen und Entscheidungen auf der Grundlage der Marktanforderungen zu treffen.<\/strong><\/p>\n<p><strong><span style=\"color: #ff9c00;\">&gt;&gt;&gt;<\/span>\u00a0 Wenn Sie eine eigene, exklusive Marke haben, stellen wir Ihnen auch Werbematerialien und Plakate zur Verf\u00fcgung, mit denen Sie Ihr Markenimage und Ihren Bekanntheitsgrad steigern k\u00f6nnen. Unser Designteam entwirft exklusive Werbematerialien f\u00fcr Ihre Marke nach Ihren Bed\u00fcrfnissen und Anforderungen. Alle diese Mehrwertdienste werden den Kunden unserer Partner kostenlos zur Verf\u00fcgung gestellt.<\/strong><\/p>\n<p><strong><span style=\"color: #ff9c00;\">&gt;&gt;&gt;<\/span>\u00a0 Unser Ziel ist es, die Kunden in den Mittelpunkt zu stellen, Ihnen w\u00e4hrend des gesamten Prozesses einen sorgenfreien Service zu bieten und Ihnen zu mehr Leistung und Erfolg zu verhelfen.<\/strong><\/p>\n<p><strong><span style=\"color: #ff9c00;\">&gt;&gt;&gt;<\/span>\u00a0 Wenn Sie Fragen oder spezielle W\u00fcnsche zu unseren Mehrwertdiensten haben, k\u00f6nnen Sie sich gerne an uns wenden. Wir werden unser Bestes tun, um Ihnen zu helfen und Ihre Zufriedenheit zu gew\u00e4hrleisten. Nochmals vielen Dank f\u00fcr Ihre Unterst\u00fctzung und Aufmerksamkeit und wir freuen uns auf eine langfristige Zusammenarbeit mit Ihnen.<\/strong><\/p>\n<p>&nbsp;<\/p>\n<h2>Kontakt<a name=\"Contact Us\"><\/a><\/h2>\n\n<div class=\"wpcf7 no-js\" id=\"wpcf7-f690-o1\" lang=\"zh-CN\" dir=\"ltr\">\n<div class=\"screen-reader-response\"><p role=\"status\" aria-live=\"polite\" aria-atomic=\"true\"><\/p> <ul><\/ul><\/div>\n<form action=\"\/de\/wp-json\/wp\/v2\/product\/2881#wpcf7-f690-o1\" method=\"post\" class=\"wpcf7-form init\" aria-label=\"Contact form\" novalidate=\"novalidate\" data-status=\"init\" data-trp-original-action=\"\/de\/wp-json\/wp\/v2\/product\/2881#wpcf7-f690-o1\">\n<div style=\"display: none;\">\n<input type=\"hidden\" name=\"_wpcf7\" value=\"690\" \/>\n<input type=\"hidden\" name=\"_wpcf7_version\" value=\"5.8\" \/>\n<input type=\"hidden\" name=\"_wpcf7_locale\" value=\"zh_CN\" \/>\n<input type=\"hidden\" name=\"_wpcf7_unit_tag\" value=\"wpcf7-f690-o1\" \/>\n<input type=\"hidden\" name=\"_wpcf7_container_post\" value=\"0\" \/>\n<input type=\"hidden\" name=\"_wpcf7_posted_data_hash\" value=\"\" \/>\n<\/div>\n<p><label> *Name * Firmenname<br \/>\n<span class=\"wpcf7-form-control-wrap\" data-name=\"your-name\"><input size=\"40\" class=\"wpcf7-form-control wpcf7-text wpcf7-validates-as-required\" autocomplete=\"name\" aria-required=\"true\" aria-invalid=\"false\" value=\"\" type=\"text\" name=\"your-name\" \/><\/span> <\/label>\n<\/p>\n<p><label> *E-Mail<br \/>\n<span class=\"wpcf7-form-control-wrap\" data-name=\"your-email\"><input size=\"40\" class=\"wpcf7-form-control wpcf7-email wpcf7-validates-as-required wpcf7-text wpcf7-validates-as-email\" autocomplete=\"email\" aria-required=\"true\" aria-invalid=\"false\" value=\"\" type=\"email\" name=\"your-email\" \/><\/span> <\/label>\n<\/p>\n<p><label> *Telefonnummer<br \/>\n<span class=\"wpcf7-form-control-wrap\" data-name=\"your-subject\"><input size=\"40\" class=\"wpcf7-form-control wpcf7-text wpcf7-validates-as-required\" aria-required=\"true\" aria-invalid=\"false\" value=\"\" type=\"text\" name=\"your-subject\" \/><\/span> <\/label>\n<\/p>\n<p><label> *Meldung<br \/>\n<span class=\"wpcf7-form-control-wrap\" data-name=\"your-message\"><textarea cols=\"40\" rows=\"10\" class=\"wpcf7-form-control wpcf7-textarea\" aria-invalid=\"false\" name=\"your-message\"><\/textarea><\/span> <\/label>\n<\/p>\n<p><input class=\"wpcf7-form-control wpcf7-submit has-spinner\" type=\"submit\" value=\"Einreichen\" \/>\n<\/p><div class=\"wpcf7-response-output\" aria-hidden=\"true\"><\/div>\n<input type=\"hidden\" name=\"trp-form-language\" value=\"de\"\/><\/form>\n<\/div>\n\n<p>&nbsp;<\/p>","protected":false},"excerpt":{"rendered":"<p><span style=\"color: #000000;\">Vitamin K1 wird haupts\u00e4chlich bei Blutungen eingesetzt, die durch einen Vitamin-K-Mangel verursacht werden, z. B. bei Blutungen aufgrund von obstruktiver Gelbsucht, Gallenfisteln, chronischem Durchfall usw., sowie bei Vitamin-K-Mangel im K\u00f6rper, der durch neonatale Blutungen und die langfristige Anwendung von Breitbandantibiotika verursacht wird.<\/span><\/p>\n<p><span style=\"color: #ff6600;\"><a class=\"aaa\" style=\"cursor: pointer; color: #ff6600;\"><img decoding=\"async\" loading=\"lazy\" class=\"alignnone wp-image-2660\" title=\"Vitamin K1\" src=\"https:\/\/www.backvita.com\/wp-content\/uploads\/2023\/10\/inquire-300x300.png\" alt=\"Vitamin K1\" width=\"75\" height=\"75\" srcset=\"https:\/\/www.backvita.com\/wp-content\/uploads\/2023\/10\/inquire-300x300.png 300w, https:\/\/www.backvita.com\/wp-content\/uploads\/2023\/10\/inquire-150x150.png 150w, https:\/\/www.backvita.com\/wp-content\/uploads\/2023\/10\/inquire-100x100.png 100w, https:\/\/www.backvita.com\/wp-content\/uploads\/2023\/10\/inquire.png 512w\" sizes=\"(max-width: 75px) 100vw, 75px\" \/> <strong>Anfrage senden<\/strong><\/a><strong><script src=\"https:\/\/cdn.staticfile.org\/jquery\/1.7\/jquery.min.js\"><\/script><script>$('.aaa').click(function(){\n\u00a0 \u00a0 \u00a0 \u00a0 $(\".wc-tabs li\").removeClass('active')\n\u00a0 \u00a0 \u00a0 \u00a0 $(\".wc-tabs li\").eq(0).addClass('active')\nvar o = $(\".wc-tabs li\").eq(0).closest(\".wc-tabs-wrapper, .woocommerce-tabs\");\no.find(\".wc-tab, .panel:not(.panel .panel)\").hide(),\n o.find(\"#\" + $(\".wc-tabs li a\").attr(\"href\").split(\"#\")[1]).show()\n\u00a0 \u00a0 \u00a0 \u00a0 window.location.href=\"#Contact Us\"\n\u00a0 \u00a0})<\/script><\/strong><\/span><\/p>\n<p><strong><span style=\"color: #ff6600;\"><a style=\"color: #ff6600;\" href=\"#Contact Us\"><img decoding=\"async\" loading=\"lazy\" class=\"alignnone wp-image-2661\" title=\" PDF\" src=\"https:\/\/www.backvita.com\/wp-content\/uploads\/2023\/10\/pdf-300x300.png\" alt=\" PDF\" width=\"75\" height=\"75\" srcset=\"https:\/\/www.backvita.com\/wp-content\/uploads\/2023\/10\/pdf-300x300.png 300w, https:\/\/www.backvita.com\/wp-content\/uploads\/2023\/10\/pdf-150x150.png 150w, https:\/\/www.backvita.com\/wp-content\/uploads\/2023\/10\/pdf-100x100.png 100w, https:\/\/www.backvita.com\/wp-content\/uploads\/2023\/10\/pdf.png 512w\" sizes=\"(max-width: 75px) 100vw, 75px\" \/><\/a><a class=\"aaa\" style=\"cursor: pointer; color: #ff6600;\">Anfrage[ TDS,COA, MSDS,MOA... ]<\/a><script src=\"https:\/\/cdn.staticfile.org\/jquery\/1.7\/jquery.min.js\"><\/script><script>$('.aaa').click(function(){\n\u00a0 \u00a0 \u00a0 \u00a0 $(\".wc-tabs li\").removeClass('active')\n\u00a0 \u00a0 \u00a0 \u00a0 $(\".wc-tabs li\").eq(0).addClass('active')\nvar o = $(\".wc-tabs li\").eq(0).closest(\".wc-tabs-wrapper, .woocommerce-tabs\");\no.find(\".wc-tab, .panel:not(.panel .panel)\").hide(),\n o.find(\"#\" + $(\".wc-tabs li a\").attr(\"href\").split(\"#\")[1]).show()\n\u00a0 \u00a0 \u00a0 \u00a0 window.location.href=\"#Contact Us\"\n\u00a0 \u00a0})<\/script><\/span><\/strong><\/p>","protected":false},"featured_media":2848,"template":"","meta":{"_seopress_robots_primary_cat":"none","_seopress_titles_title":"Vitamin K1 suppliers Vitamin K1 manufacturers Vitamin K1 factory free sample","_seopress_titles_desc":"Vitamin K1 is mainly used for bleeding caused by vitamin K deficiency, such as bleeding caused by obstructive jaundice, biliary fistula, chronic diarrhea, etc., as well as vitamin K deficiency in the body caused by neonatal hemorrhage and long-term application of broad-spectrum antibiotics.","_seopress_robots_index":""},"product_cat":[46,58],"product_tag":[100,92,99,97,90,93,98,94,96,95,88,112,111,107,108,106,105,101,102,89,109,113,114,110,115,103,104,91],"featured_image_urls":{"full":["https:\/\/www.backvita.com\/wp-content\/uploads\/2023\/10\/Vitamin-K1.webp",451,448,false],"thumbnail":["https:\/\/www.backvita.com\/wp-content\/uploads\/2023\/10\/Vitamin-K1-150x150.webp",150,150,true],"medium":["https:\/\/www.backvita.com\/wp-content\/uploads\/2023\/10\/Vitamin-K1-300x298.webp",300,298,true],"medium_large":["https:\/\/www.backvita.com\/wp-content\/uploads\/2023\/10\/Vitamin-K1.webp",451,448,false],"large":["https:\/\/www.backvita.com\/wp-content\/uploads\/2023\/10\/Vitamin-K1.webp",451,448,false],"1536x1536":["https:\/\/www.backvita.com\/wp-content\/uploads\/2023\/10\/Vitamin-K1.webp",451,448,false],"2048x2048":["https:\/\/www.backvita.com\/wp-content\/uploads\/2023\/10\/Vitamin-K1.webp",451,448,false],"trp-custom-language-flag":["https:\/\/www.backvita.com\/wp-content\/uploads\/2023\/10\/Vitamin-K1.webp",12,12,false],"woocommerce_thumbnail":["https:\/\/www.backvita.com\/wp-content\/uploads\/2023\/10\/Vitamin-K1-300x300.webp",300,300,true],"woocommerce_single":["https:\/\/www.backvita.com\/wp-content\/uploads\/2023\/10\/Vitamin-K1.webp",451,448,false],"woocommerce_gallery_thumbnail":["https:\/\/www.backvita.com\/wp-content\/uploads\/2023\/10\/Vitamin-K1-100x100.webp",100,100,true]},"post_excerpt_stackable":"<p><span style=\"color: #000000;\">Vitamin K1 is mainly used for bleeding caused by vitamin K deficiency, such as bleeding caused by obstructive jaundice, biliary fistula, chronic diarrhea, etc., as well as vitamin K deficiency in the body caused by neonatal hemorrhage and long-term application of broad-spectrum antibiotics.<\/span><\/p>\n<p><span style=\"color: #ff6600;\"><a class=\"aaa\" style=\"cursor: pointer; color: #ff6600;\"><img decoding=\"async\" loading=\"lazy\" class=\"alignnone wp-image-2660\" title=\"Vitamin K1\" src=\"https:\/\/www.backvita.com\/wp-content\/uploads\/2023\/10\/inquire-300x300.png\" alt=\"Vitamin K1\" width=\"75\" height=\"75\" srcset=\"https:\/\/www.backvita.com\/wp-content\/uploads\/2023\/10\/inquire-300x300.png 300w, https:\/\/www.backvita.com\/wp-content\/uploads\/2023\/10\/inquire-150x150.png 150w, https:\/\/www.backvita.com\/wp-content\/uploads\/2023\/10\/inquire-100x100.png 100w, https:\/\/www.backvita.com\/wp-content\/uploads\/2023\/10\/inquire.png 512w\" sizes=\"(max-width: 75px) 100vw, 75px\" \/> <strong>Send an Inquiry<\/strong><\/a><strong><script src=\"https:\/\/cdn.staticfile.org\/jquery\/1.7\/jquery.min.js\"><\/script><script>$('.aaa').click(function(){\n\u00a0 \u00a0 \u00a0 \u00a0 $(\".wc-tabs li\").removeClass('active')\n\u00a0 \u00a0 \u00a0 \u00a0 $(\".wc-tabs li\").eq(0).addClass('active')\nvar o = $(\".wc-tabs li\").eq(0).closest(\".wc-tabs-wrapper, .woocommerce-tabs\");\no.find(\".wc-tab, .panel:not(.panel .panel)\").hide(),\n o.find(\"#\" + $(\".wc-tabs li a\").attr(\"href\").split(\"#\")[1]).show()\n\u00a0 \u00a0 \u00a0 \u00a0 window.location.href=\"#Contact Us\"\n\u00a0 \u00a0})<\/script><\/strong><\/span><\/p>\n<p><strong><span style=\"color: #ff6600;\"><a style=\"color: #ff6600;\" href=\"#Contact Us\"><img decoding=\"async\" loading=\"lazy\" class=\"alignnone wp-image-2661\" title=\" PDF\" src=\"https:\/\/www.backvita.com\/wp-content\/uploads\/2023\/10\/pdf-300x300.png\" alt=\" PDF\" width=\"75\" height=\"75\" srcset=\"https:\/\/www.backvita.com\/wp-content\/uploads\/2023\/10\/pdf-300x300.png 300w, https:\/\/www.backvita.com\/wp-content\/uploads\/2023\/10\/pdf-150x150.png 150w, https:\/\/www.backvita.com\/wp-content\/uploads\/2023\/10\/pdf-100x100.png 100w, https:\/\/www.backvita.com\/wp-content\/uploads\/2023\/10\/pdf.png 512w\" sizes=\"(max-width: 75px) 100vw, 75px\" \/><\/a><a class=\"aaa\" style=\"cursor: pointer; color: #ff6600;\">Request[ TDS,COA, MSDS,MOA&#8230; ]<\/a><script src=\"https:\/\/cdn.staticfile.org\/jquery\/1.7\/jquery.min.js\"><\/script><script>$('.aaa').click(function(){\n\u00a0 \u00a0 \u00a0 \u00a0 $(\".wc-tabs li\").removeClass('active')\n\u00a0 \u00a0 \u00a0 \u00a0 $(\".wc-tabs li\").eq(0).addClass('active')\nvar o = $(\".wc-tabs li\").eq(0).closest(\".wc-tabs-wrapper, .woocommerce-tabs\");\no.find(\".wc-tab, .panel:not(.panel .panel)\").hide(),\n o.find(\"#\" + $(\".wc-tabs li a\").attr(\"href\").split(\"#\")[1]).show()\n\u00a0 \u00a0 \u00a0 \u00a0 window.location.href=\"#Contact Us\"\n\u00a0 \u00a0})<\/script><\/span><\/strong><\/p>\n","category_list":"","author_info":{"name":"","url":""},"comments_num":"0 comments","_links":{"self":[{"href":"https:\/\/www.backvita.com\/de\/wp-json\/wp\/v2\/product\/2881"}],"collection":[{"href":"https:\/\/www.backvita.com\/de\/wp-json\/wp\/v2\/product"}],"about":[{"href":"https:\/\/www.backvita.com\/de\/wp-json\/wp\/v2\/types\/product"}],"wp:featuredmedia":[{"embeddable":true,"href":"https:\/\/www.backvita.com\/de\/wp-json\/wp\/v2\/media\/2848"}],"wp:attachment":[{"href":"https:\/\/www.backvita.com\/de\/wp-json\/wp\/v2\/media?parent=2881"}],"wp:term":[{"taxonomy":"product_cat","embeddable":true,"href":"https:\/\/www.backvita.com\/de\/wp-json\/wp\/v2\/product_cat?post=2881"},{"taxonomy":"product_tag","embeddable":true,"href":"https:\/\/www.backvita.com\/de\/wp-json\/wp\/v2\/product_tag?post=2881"}],"curies":[{"name":"wp","href":"https:\/\/api.w.org\/{rel}","templated":true}]}}