{"id":2889,"date":"2023-11-04T14:22:02","date_gmt":"2023-11-04T06:22:02","guid":{"rendered":"https:\/\/www.backvita.com\/?post_type=product&#038;p=2889"},"modified":"2024-02-07T14:13:30","modified_gmt":"2024-02-07T06:13:30","slug":"mecobalamin-suppliers-mecobalamin-manufacturers-mecobalamin-factory-free-sample","status":"publish","type":"product","link":"https:\/\/www.backvita.com\/de\/product\/mecobalamin-lieferanten-mecobalamin-hersteller-mecobalamin-fabrik-kostenlose-probe\/","title":{"rendered":"Mecobalamin Lieferanten Mecobalamin Hersteller Mecobalamin Fabrik kostenlose Probe"},"content":{"rendered":"<h2>Beschreibung von Mecobalamin<\/h2>\n<p>Methylcobalamin, auch bekannt als Methylvitamin B12, ist der aktive Metabolit von Vitamin B12 im K\u00f6rper. Methylcobalamin kann die Synthese von Nukleins\u00e4uren und Proteinen in den Nervenzellen f\u00f6rdern, die Regeneration von Nervenmyelinscheiden und Axonen unterst\u00fctzen, besch\u00e4digte Nervenzellen reparieren und die Nervenleitgeschwindigkeit verbessern. Es wird in gro\u00dfem Umfang zur Behandlung der klinischen peripheren Neuropathie und anderer Krankheiten eingesetzt.<\/p>\n<table style=\"height: 149px;\" width=\"1332\">\n<tbody>\n<tr>\n<td width=\"219\"><strong>Produktname<\/strong><\/td>\n<td width=\"466\">Methylcobalamin<\/td>\n<\/tr>\n<tr>\n<td><strong>CAS-Nr.<\/strong><\/td>\n<td>13422-55-4<\/td>\n<\/tr>\n<tr>\n<td><strong>Erscheinungsbild<\/strong><\/td>\n<td>rotes Pulver<\/td>\n<\/tr>\n<tr>\n<td><strong>Spezifikationen<\/strong><\/td>\n<td>Methylcobalamin<\/td>\n<\/tr>\n<tr>\n<td><strong>Pakete<\/strong><\/td>\n<td>1kg\/Sack, 25kg\/Fass<\/td>\n<\/tr>\n<tr>\n<td><strong>Lagerung<\/strong><\/td>\n<td>Feuchtigkeitsschutz und lichtgesch\u00fctzte, geschlossene Lagerung vermeiden.<\/td>\n<\/tr>\n<tr>\n<td><strong>Pr\u00fcfverfahren<\/strong><\/td>\n<td>IR<\/td>\n<\/tr>\n<\/tbody>\n<\/table>\n<h2><\/h2>\n<h2>Warum Methylcobalamin Nerven reparieren kann<\/h2>\n<p>Methylcobalamin spielt eine sehr wichtige Rolle und Bedeutung bei der Reparatur von Hirnnerven.<\/p>\n<p>Methylcobalamin kann die Verwertung von Fols\u00e4ure und den Stoffwechsel von Nukleins\u00e4uren gut f\u00f6rdern, was die axonale Transportfunktion und die axonale Regeneration beg\u00fcnstigen kann.<\/p>\n<p>Die verz\u00f6gerte synaptische \u00dcbertragung und der Abbau von Neurotransmittern k\u00f6nnen entsprechend wiederhergestellt werden, wodurch eine Hemmung der neuronalen Degeneration erreicht wird.<\/p>\n<p>Daher ist Methylcobalamin ein Medikament, das die Nerven n\u00e4hrt und ein g\u00e4ngiges Medikament, das die Nerven n\u00e4hren und die periphere Neuropathie lindern kann.<\/p>\n<p>Methylcobalamin kann auch gute Hilfseffekte bei der Reparatur des zentralen Nervensystems erzielen. Derzeit ist Methylcobalamin in der klinischen Praxis weit verbreitet.<\/p>\n<p>Bei der Reparatur von gesch\u00e4digtem Nervengewebe muss Adenosylcobalamin zun\u00e4chst in Methylcobalamin umgewandelt werden, damit es als Coenzym am Ein-Kohlenstoff-Einheitszyklus teilnehmen kann. Auf diese Weise kann es die Synthese von Nukleins\u00e4uren, Proteinen und Lecithin gut f\u00f6rdern. verwandt.<\/p>\n<p>&nbsp;<\/p>\n<h2>Methylcobalamin repariert nicht nur die Nerven, sondern kann auch bei diesen vier Krankheiten wirksam sein<\/h2>\n<h3><strong>G\u00fcrtelrose<\/strong><\/h3>\n<p>Eine Infektion mit dem Varizella-Zoster-Virus kann leicht zu einer G\u00fcrtelrose f\u00fchren. Zu diesem Zeitpunkt muss sich jeder f\u00fcr eine Behandlung mit antiviralen Medikamenten entscheiden.<\/p>\n<p>Gleichzeitig m\u00fcssen alle Menschen auch nervenst\u00e4rkende Medikamente wie Methylcobalamin einnehmen.<\/p>\n<p>Methylcobalamin kann gut in die Zellk\u00f6rper der Nervenzellen eindringen und die durch das Herpes-Zoster-Virus gesch\u00e4digten Nerven reparieren. Es kann Neuralgieprobleme wirksam lindern und reduzieren und das Auftreten von postherpetischer Neuralgie verringern. .<\/p>\n<h3><strong>Megaloblastische An\u00e4mie<\/strong><\/h3>\n<p>Sie wird haupts\u00e4chlich durch indirekten oder direkten Mangel an Fols\u00e4ure oder Vitamin B12 verursacht.<\/p>\n<p>Eine megaloblastische An\u00e4mie kann den Gesundheitszustand eines Menschen ernsthaft beeintr\u00e4chtigen, nachdem sie aufgetreten ist. Sie behindert nicht nur die Synthese der roten Blutk\u00f6rperchen, sondern f\u00fchrt auch zu einer Vergr\u00f6\u00dferung der roten Blutk\u00f6rperchen.<\/p>\n<p>Zu diesem Zeitpunkt vermehren sich die megaloblastischen roten Blutk\u00f6rperchen im Knochenmark, was leicht zu einer An\u00e4mie f\u00fchren kann. Die Einnahme von Methylcobalamin kann den Blutfluss f\u00f6rdern, h\u00e4matopoetische Faktoren aktivieren und dazu beitragen, das Ph\u00e4nomen der megaloblastischen An\u00e4mie zu verbessern. .<\/p>\n<h3><strong>Atrophie der Gesichtsmuskulatur<\/strong><\/h3>\n<p>Gesichtsmuskelatrophie ist das, was wir oft als Gesichtsl\u00e4hmung bezeichnen. Das Hauptsymptom ist, dass die H\u00e4lfte des Gesichts die Nervenbefehle nicht ausf\u00fchren kann und die Mundwinkel immer zucken.<\/p>\n<p>Zus\u00e4tzlich zu diesen allgemeinen Symptomen treten am K\u00f6rper h\u00e4ufig und regelm\u00e4\u00dfig Symptome auf, und auch akute \u00d6deme k\u00f6nnen auftreten.<\/p>\n<p>Zus\u00e4tzlich zur Einnahme von Medikamenten oder zur Akupunktur unter Anleitung der traditionellen chinesischen Medizin k\u00f6nnen Sie auch Methylcobalamin einnehmen, um das zentrale Nervensystem zu entlasten, die Nervenfunktion zu unterst\u00fctzen und das Problem der Gesichtsmuskelatrophie zu verbessern.<\/p>\n<h3><strong>Diabetische Neuropathie<\/strong><\/h3>\n<p>Die diabetische Neuropathie kann als eine sehr h\u00e4ufige chronische Komplikation des Diabetes bezeichnet werden. Die Krankheit kann das zentrale Nervensystem und die peripheren Nerven betreffen, und es ist sehr h\u00e4ufig, dass sich periphere Nerven anreichern.<\/p>\n<p>Die distale sensorische Neuropathie ist eine sehr h\u00e4ufige Erkrankung, die mehr als 60% aller diabetischen Neuropathien ausmacht.<\/p>\n<p>Methylcobalamin hat eine sehr gute therapeutische Wirkung auf die diabetische periphere Neuritis.<\/p>\n<p>&nbsp;<\/p>\n<h2><span style=\"color: #ff9c00;\">Unser Rest-Easy-Service mit Mehrwert<\/span><\/h2>\n<p><em><strong><span style=\"color: #ff9c00;\">&gt;&gt;&gt;\u00a0 <\/span><\/strong><\/em><strong>Backvita verf\u00fcgt \u00fcber professionelle Techniker, die technische Support-Dokumente wie: Normen, Specs, COA, MOA,\u00a0<\/strong><strong>MSDS,<\/strong><strong>Flussdiagramm, Erkl\u00e4rungen, Chromatogramme, N\u00e4hrwertangaben, Stabilit\u00e4tspr\u00fcfung, usw.<\/strong><\/p>\n<p><strong><span style=\"color: #ff9c00;\">&gt;&gt;&gt; \u00a0<\/span>Wir versprechen Ihnen, Ihnen einzigartige Dienstleistungen anzubieten, damit Sie sich beim Kauf und Verkauf von Produkten keine Sorgen machen m\u00fcssen.<\/strong><\/p>\n<p><strong><span style=\"color: #ff9c00;\">&gt;&gt;&gt;<\/span>\u00a0 Unser globales E-Commerce-Datenanalystenteam verf\u00fcgt \u00fcber 10 Jahre Erfahrung in der Pflanzenextraktbranche. Es stellt Ihnen Datenberichte \u00fcber die L\u00e4nder zur Verf\u00fcgung, in denen Ihre Produkte verkauft werden, damit Sie fundierte Entscheidungen treffen k\u00f6nnen. Diese Datenberichte enthalten Verkaufsvolumen, Vertriebskan\u00e4le, Wettbewerbsanalysen und andere Informationen, die Ihnen helfen, die Marktnachfrage und -trends besser zu verstehen und so Ihre Beschaffungs- und Verkaufsstrategien zu optimieren.<\/strong><\/p>\n<p><strong><span style=\"color: #ff9c00;\">&gt;&gt;&gt;\u00a0<\/span> Zus\u00e4tzlich zu den Datenberichten stellen wir Ihnen regelm\u00e4\u00dfig Informationen \u00fcber marktrelevante Produkte und neue Produkte zur Verf\u00fcgung. Diese Informationen helfen Ihnen, sich \u00fcber potenzielle Chancen und Trends auf dem Markt auf dem Laufenden zu halten und Anpassungen und Entscheidungen auf der Grundlage der Marktanforderungen zu treffen.<\/strong><\/p>\n<p><strong><span style=\"color: #ff9c00;\">&gt;&gt;&gt;<\/span>\u00a0 Wenn Sie eine eigene, exklusive Marke haben, stellen wir Ihnen auch Werbematerialien und Plakate zur Verf\u00fcgung, mit denen Sie Ihr Markenimage und Ihren Bekanntheitsgrad steigern k\u00f6nnen. Unser Designteam entwirft exklusive Werbematerialien f\u00fcr Ihre Marke nach Ihren Bed\u00fcrfnissen und Anforderungen. Alle diese Mehrwertdienste werden den Kunden unserer Partner kostenlos zur Verf\u00fcgung gestellt.<\/strong><\/p>\n<p><strong><span style=\"color: #ff9c00;\">&gt;&gt;&gt;<\/span>\u00a0 Unser Ziel ist es, die Kunden in den Mittelpunkt zu stellen, Ihnen w\u00e4hrend des gesamten Prozesses einen sorgenfreien Service zu bieten und Ihnen zu mehr Leistung und Erfolg zu verhelfen.<\/strong><\/p>\n<p><strong><span style=\"color: #ff9c00;\">&gt;&gt;&gt;<\/span>\u00a0 Wenn Sie Fragen oder spezielle W\u00fcnsche zu unseren Mehrwertdiensten haben, k\u00f6nnen Sie sich gerne an uns wenden. Wir werden unser Bestes tun, um Ihnen zu helfen und Ihre Zufriedenheit zu gew\u00e4hrleisten. Nochmals vielen Dank f\u00fcr Ihre Unterst\u00fctzung und Aufmerksamkeit und wir freuen uns auf eine langfristige Zusammenarbeit mit Ihnen.<\/strong><\/p>\n<p>&nbsp;<\/p>\n<h2>Kontakt<a name=\"Contact Us\"><\/a><\/h2>\n\n<div class=\"wpcf7 no-js\" id=\"wpcf7-f690-o1\" lang=\"zh-CN\" dir=\"ltr\">\n<div class=\"screen-reader-response\"><p role=\"status\" aria-live=\"polite\" aria-atomic=\"true\"><\/p> <ul><\/ul><\/div>\n<form action=\"\/de\/wp-json\/wp\/v2\/product\/2889#wpcf7-f690-o1\" method=\"post\" class=\"wpcf7-form init\" aria-label=\"Contact form\" novalidate=\"novalidate\" data-status=\"init\" data-trp-original-action=\"\/de\/wp-json\/wp\/v2\/product\/2889#wpcf7-f690-o1\">\n<div style=\"display: none;\">\n<input type=\"hidden\" name=\"_wpcf7\" value=\"690\" \/>\n<input type=\"hidden\" name=\"_wpcf7_version\" value=\"5.8\" \/>\n<input type=\"hidden\" name=\"_wpcf7_locale\" value=\"zh_CN\" \/>\n<input type=\"hidden\" name=\"_wpcf7_unit_tag\" value=\"wpcf7-f690-o1\" \/>\n<input type=\"hidden\" name=\"_wpcf7_container_post\" value=\"0\" \/>\n<input type=\"hidden\" name=\"_wpcf7_posted_data_hash\" value=\"\" \/>\n<\/div>\n<p><label> *Name * Firmenname<br \/>\n<span class=\"wpcf7-form-control-wrap\" data-name=\"your-name\"><input size=\"40\" class=\"wpcf7-form-control wpcf7-text wpcf7-validates-as-required\" autocomplete=\"name\" aria-required=\"true\" aria-invalid=\"false\" value=\"\" type=\"text\" name=\"your-name\" \/><\/span> <\/label>\n<\/p>\n<p><label> *E-Mail<br \/>\n<span class=\"wpcf7-form-control-wrap\" data-name=\"your-email\"><input size=\"40\" class=\"wpcf7-form-control wpcf7-email wpcf7-validates-as-required wpcf7-text wpcf7-validates-as-email\" autocomplete=\"email\" aria-required=\"true\" aria-invalid=\"false\" value=\"\" type=\"email\" name=\"your-email\" \/><\/span> <\/label>\n<\/p>\n<p><label> *Telefonnummer<br \/>\n<span class=\"wpcf7-form-control-wrap\" data-name=\"your-subject\"><input size=\"40\" class=\"wpcf7-form-control wpcf7-text wpcf7-validates-as-required\" aria-required=\"true\" aria-invalid=\"false\" value=\"\" type=\"text\" name=\"your-subject\" \/><\/span> <\/label>\n<\/p>\n<p><label> *Meldung<br \/>\n<span class=\"wpcf7-form-control-wrap\" data-name=\"your-message\"><textarea cols=\"40\" rows=\"10\" class=\"wpcf7-form-control wpcf7-textarea\" aria-invalid=\"false\" name=\"your-message\"><\/textarea><\/span> <\/label>\n<\/p>\n<p><input class=\"wpcf7-form-control wpcf7-submit has-spinner\" type=\"submit\" value=\"Einreichen\" \/>\n<\/p><div class=\"wpcf7-response-output\" aria-hidden=\"true\"><\/div>\n<input type=\"hidden\" name=\"trp-form-language\" value=\"de\"\/><\/form>\n<\/div>\n\n<p>&nbsp;<\/p>","protected":false},"excerpt":{"rendered":"<p><span style=\"color: #000000;\">Methylcobalamin ist ein k\u00f6rpereigenes Vitamin B12, das jedoch leichter vom K\u00f6rper aufgenommen wird als Vitamin B12 und eine bessere Nervenleitf\u00e4higkeit aufweist. Wenn Methylcobalamin in den menschlichen K\u00f6rper gelangt, kann es schnell seine Wirkung entfalten, den Stoffwechsel von Fols\u00e4ure und Nukleins\u00e4ure beschleunigen und die Erregbarkeit und die Transmitterwerte der Nerven verbessern. Es hat eine signifikante Wirkung auf die Behandlung der peripheren Neuropathie. Au\u00dferdem muss es nicht von der Leber verstoffwechselt werden und kann direkt abgebaut und absorbiert werden, so dass es keine toxischen Nebenwirkungen auf die Leber hat.<\/span><\/p>\n<p><span style=\"color: #ff6600;\"><a class=\"aaa\" style=\"cursor: pointer; color: #ff6600;\"><img decoding=\"async\" loading=\"lazy\" class=\"alignnone wp-image-2660\" title=\"Erkundigen Sie sich bei\" src=\"https:\/\/www.backvita.com\/wp-content\/uploads\/2023\/10\/inquire-300x300.png\" alt=\"Erkundigen Sie sich bei\" width=\"75\" height=\"75\" srcset=\"https:\/\/www.backvita.com\/wp-content\/uploads\/2023\/10\/inquire-300x300.png 300w, https:\/\/www.backvita.com\/wp-content\/uploads\/2023\/10\/inquire-150x150.png 150w, https:\/\/www.backvita.com\/wp-content\/uploads\/2023\/10\/inquire-100x100.png 100w, https:\/\/www.backvita.com\/wp-content\/uploads\/2023\/10\/inquire.png 512w\" sizes=\"(max-width: 75px) 100vw, 75px\" \/> <strong>Anfrage senden<\/strong><\/a><strong><script src=\"https:\/\/cdn.staticfile.org\/jquery\/1.7\/jquery.min.js\"><\/script><script>$('.aaa').click(function(){\n\u00a0 \u00a0 \u00a0 \u00a0 $(\".wc-tabs li\").removeClass('active')\n\u00a0 \u00a0 \u00a0 \u00a0 $(\".wc-tabs li\").eq(0).addClass('active')\nvar o = $(\".wc-tabs li\").eq(0).closest(\".wc-tabs-wrapper, .woocommerce-tabs\");\no.find(\".wc-tab, .panel:not(.panel .panel)\").hide(),\n o.find(\"#\" + $(\".wc-tabs li a\").attr(\"href\").split(\"#\")[1]).show()\n\u00a0 \u00a0 \u00a0 \u00a0 window.location.href=\"#Contact Us\"\n\u00a0 \u00a0})<\/script><\/strong><\/span><\/p>\n<p><strong><span style=\"color: #ff6600;\"><a style=\"color: #ff6600;\" href=\"#Contact Us\"><img decoding=\"async\" loading=\"lazy\" class=\"alignnone wp-image-2661\" title=\"Erkundigen Sie sich bei\" src=\"https:\/\/www.backvita.com\/wp-content\/uploads\/2023\/10\/pdf-300x300.png\" alt=\"Erkundigen Sie sich bei\" width=\"75\" height=\"75\" srcset=\"https:\/\/www.backvita.com\/wp-content\/uploads\/2023\/10\/pdf-300x300.png 300w, https:\/\/www.backvita.com\/wp-content\/uploads\/2023\/10\/pdf-150x150.png 150w, https:\/\/www.backvita.com\/wp-content\/uploads\/2023\/10\/pdf-100x100.png 100w, https:\/\/www.backvita.com\/wp-content\/uploads\/2023\/10\/pdf.png 512w\" sizes=\"(max-width: 75px) 100vw, 75px\" \/><\/a><a class=\"aaa\" style=\"cursor: pointer; color: #ff6600;\">Anfrage[ TDS,COA, MSDS,MOA... ]<\/a><script src=\"https:\/\/cdn.staticfile.org\/jquery\/1.7\/jquery.min.js\"><\/script><script>$('.aaa').click(function(){\n\u00a0 \u00a0 \u00a0 \u00a0 $(\".wc-tabs li\").removeClass('active')\n\u00a0 \u00a0 \u00a0 \u00a0 $(\".wc-tabs li\").eq(0).addClass('active')\nvar o = $(\".wc-tabs li\").eq(0).closest(\".wc-tabs-wrapper, .woocommerce-tabs\");\no.find(\".wc-tab, .panel:not(.panel .panel)\").hide(),\n o.find(\"#\" + $(\".wc-tabs li a\").attr(\"href\").split(\"#\")[1]).show()\n\u00a0 \u00a0 \u00a0 \u00a0 window.location.href=\"#Contact Us\"\n\u00a0 \u00a0})<\/script><\/span><\/strong><\/p>","protected":false},"featured_media":2862,"template":"","meta":{"_seopress_robots_primary_cat":"none","_seopress_titles_title":"Mecobalamin suppliers Mecobalamin  manufacturers Mecobalamin  factory free sample","_seopress_titles_desc":"Methylcobalamin is an endogenous vitamin B12, but it is more easily absorbed by the body than vitamin B12 and has better nerve conductivity.","_seopress_robots_index":""},"product_cat":[46,56],"product_tag":[239,231,238,236,229,232,237,233,227,228,251,250,246,247,245,244,240,241,248,252,253,249,254,242,243,235,234,230],"featured_image_urls":{"full":["https:\/\/www.backvita.com\/wp-content\/uploads\/2023\/10\/Mecocobalamin.webp",452,442,false],"thumbnail":["https:\/\/www.backvita.com\/wp-content\/uploads\/2023\/10\/Mecocobalamin-150x150.webp",150,150,true],"medium":["https:\/\/www.backvita.com\/wp-content\/uploads\/2023\/10\/Mecocobalamin-300x293.webp",300,293,true],"medium_large":["https:\/\/www.backvita.com\/wp-content\/uploads\/2023\/10\/Mecocobalamin.webp",452,442,false],"large":["https:\/\/www.backvita.com\/wp-content\/uploads\/2023\/10\/Mecocobalamin.webp",452,442,false],"1536x1536":["https:\/\/www.backvita.com\/wp-content\/uploads\/2023\/10\/Mecocobalamin.webp",452,442,false],"2048x2048":["https:\/\/www.backvita.com\/wp-content\/uploads\/2023\/10\/Mecocobalamin.webp",452,442,false],"trp-custom-language-flag":["https:\/\/www.backvita.com\/wp-content\/uploads\/2023\/10\/Mecocobalamin.webp",12,12,false],"woocommerce_thumbnail":["https:\/\/www.backvita.com\/wp-content\/uploads\/2023\/10\/Mecocobalamin-300x300.webp",300,300,true],"woocommerce_single":["https:\/\/www.backvita.com\/wp-content\/uploads\/2023\/10\/Mecocobalamin.webp",452,442,false],"woocommerce_gallery_thumbnail":["https:\/\/www.backvita.com\/wp-content\/uploads\/2023\/10\/Mecocobalamin-100x100.webp",100,100,true]},"post_excerpt_stackable":"<p><span style=\"color: #000000;\">Methylcobalamin is an endogenous vitamin B12, but it is more easily absorbed by the body than vitamin B12 and has better nerve conductivity. When methylcobalamin enters the human body, it can quickly take effect, speed up the metabolism of folic acid and nucleic acid, and improve the excitability and transmitter levels of nerves. It has a significant effect on the treatment of peripheral neuropathy. In addition, it does not need to be metabolized by the liver and can be decomposed and absorbed directly, so it will not cause toxic side effects on the liver.<\/span><\/p>\n<p><span style=\"color: #ff6600;\"><a class=\"aaa\" style=\"cursor: pointer; color: #ff6600;\"><img decoding=\"async\" loading=\"lazy\" class=\"alignnone wp-image-2660\" title=\"Iquire\" src=\"https:\/\/www.backvita.com\/wp-content\/uploads\/2023\/10\/inquire-300x300.png\" alt=\"Iquire\" width=\"75\" height=\"75\" srcset=\"https:\/\/www.backvita.com\/wp-content\/uploads\/2023\/10\/inquire-300x300.png 300w, https:\/\/www.backvita.com\/wp-content\/uploads\/2023\/10\/inquire-150x150.png 150w, https:\/\/www.backvita.com\/wp-content\/uploads\/2023\/10\/inquire-100x100.png 100w, https:\/\/www.backvita.com\/wp-content\/uploads\/2023\/10\/inquire.png 512w\" sizes=\"(max-width: 75px) 100vw, 75px\" \/> <strong>Send an Inquiry<\/strong><\/a><strong><script src=\"https:\/\/cdn.staticfile.org\/jquery\/1.7\/jquery.min.js\"><\/script><script>$('.aaa').click(function(){\n\u00a0 \u00a0 \u00a0 \u00a0 $(\".wc-tabs li\").removeClass('active')\n\u00a0 \u00a0 \u00a0 \u00a0 $(\".wc-tabs li\").eq(0).addClass('active')\nvar o = $(\".wc-tabs li\").eq(0).closest(\".wc-tabs-wrapper, .woocommerce-tabs\");\no.find(\".wc-tab, .panel:not(.panel .panel)\").hide(),\n o.find(\"#\" + $(\".wc-tabs li a\").attr(\"href\").split(\"#\")[1]).show()\n\u00a0 \u00a0 \u00a0 \u00a0 window.location.href=\"#Contact Us\"\n\u00a0 \u00a0})<\/script><\/strong><\/span><\/p>\n<p><strong><span style=\"color: #ff6600;\"><a style=\"color: #ff6600;\" href=\"#Contact Us\"><img decoding=\"async\" loading=\"lazy\" class=\"alignnone wp-image-2661\" title=\"Iquire\" src=\"https:\/\/www.backvita.com\/wp-content\/uploads\/2023\/10\/pdf-300x300.png\" alt=\"Iquire\" width=\"75\" height=\"75\" srcset=\"https:\/\/www.backvita.com\/wp-content\/uploads\/2023\/10\/pdf-300x300.png 300w, https:\/\/www.backvita.com\/wp-content\/uploads\/2023\/10\/pdf-150x150.png 150w, https:\/\/www.backvita.com\/wp-content\/uploads\/2023\/10\/pdf-100x100.png 100w, https:\/\/www.backvita.com\/wp-content\/uploads\/2023\/10\/pdf.png 512w\" sizes=\"(max-width: 75px) 100vw, 75px\" \/><\/a><a class=\"aaa\" style=\"cursor: pointer; color: #ff6600;\">Request[ TDS,COA, MSDS,MOA&#8230; ]<\/a><script src=\"https:\/\/cdn.staticfile.org\/jquery\/1.7\/jquery.min.js\"><\/script><script>$('.aaa').click(function(){\n\u00a0 \u00a0 \u00a0 \u00a0 $(\".wc-tabs li\").removeClass('active')\n\u00a0 \u00a0 \u00a0 \u00a0 $(\".wc-tabs li\").eq(0).addClass('active')\nvar o = $(\".wc-tabs li\").eq(0).closest(\".wc-tabs-wrapper, .woocommerce-tabs\");\no.find(\".wc-tab, .panel:not(.panel .panel)\").hide(),\n o.find(\"#\" + $(\".wc-tabs li a\").attr(\"href\").split(\"#\")[1]).show()\n\u00a0 \u00a0 \u00a0 \u00a0 window.location.href=\"#Contact Us\"\n\u00a0 \u00a0})<\/script><\/span><\/strong><\/p>\n","category_list":"","author_info":{"name":"","url":""},"comments_num":"0 comments","_links":{"self":[{"href":"https:\/\/www.backvita.com\/de\/wp-json\/wp\/v2\/product\/2889"}],"collection":[{"href":"https:\/\/www.backvita.com\/de\/wp-json\/wp\/v2\/product"}],"about":[{"href":"https:\/\/www.backvita.com\/de\/wp-json\/wp\/v2\/types\/product"}],"wp:featuredmedia":[{"embeddable":true,"href":"https:\/\/www.backvita.com\/de\/wp-json\/wp\/v2\/media\/2862"}],"wp:attachment":[{"href":"https:\/\/www.backvita.com\/de\/wp-json\/wp\/v2\/media?parent=2889"}],"wp:term":[{"taxonomy":"product_cat","embeddable":true,"href":"https:\/\/www.backvita.com\/de\/wp-json\/wp\/v2\/product_cat?post=2889"},{"taxonomy":"product_tag","embeddable":true,"href":"https:\/\/www.backvita.com\/de\/wp-json\/wp\/v2\/product_tag?post=2889"}],"curies":[{"name":"wp","href":"https:\/\/api.w.org\/{rel}","templated":true}]}}