{"id":2892,"date":"2023-11-04T14:23:36","date_gmt":"2023-11-04T06:23:36","guid":{"rendered":"https:\/\/www.backvita.com\/?post_type=product&#038;p=2892"},"modified":"2024-02-07T12:54:03","modified_gmt":"2024-02-07T04:54:03","slug":"l-glutathione-reduced-suppliers-l-glutathione-reduced-manufacturers-l-glutathione-reduced-factory-free-sample","status":"publish","type":"product","link":"https:\/\/www.backvita.com\/de\/product\/l-glutathion-reduziert-lieferanten-l-glutathion-reduziert-hersteller-l-glutathion-reduziert-fabrik-kostenlose-probe-2\/","title":{"rendered":"L-Glutathion Reduziert Lieferanten L-Glutathion Reduziert Hersteller L-Glutathion Reduziert Fabrik kostenlose Probe"},"content":{"rendered":"<h2 style=\"text-align: left;\">L-Glutathion Reduziert I<b>ntroduction<\/b><\/h2>\n<p><strong><em>Glutathion<\/em> <\/strong><em>(L-Glutathion Reduziert) <\/em>enth\u00e4lt NLT 98,0% und NMT 101,0% Glutathion (C10H17N3O6S ), berechnet auf der Basis der Trockensubstanz.<\/p>\n<p>Glutathion (GSH) ist ein Tripeptid, das sich aus Glutamins\u00e4ure, Cystein und Glycin zusammensetzt und Sulfhydryl enth\u00e4lt, das eine antioxidative und entgiftende Wirkung hat. Sie sind am Tricarbons\u00e4urezyklus und am Zuckerstoffwechsel im menschlichen K\u00f6rper beteiligt und k\u00f6nnen eine Vielzahl von Enzymen aktivieren, um den Stoffwechsel von Zuckern, Fetten und Proteinen zu f\u00f6rdern. Glutathion hat die Funktionen der Entgiftung, der Antioxidation und der St\u00e4rkung der Immunit\u00e4t, und es hat eine sch\u00fctzende Wirkung bei chemischen Lebersch\u00e4den.<\/p>\n<table style=\"height: 120px;\" width=\"1323\">\n<tbody>\n<tr>\n<td width=\"219\"><strong>Produktname<\/strong><\/td>\n<td width=\"466\">L-Glutathion Reduziert<\/td>\n<\/tr>\n<tr>\n<td><strong>CAS-Nr.<\/strong><\/td>\n<td>70-18-8<\/td>\n<\/tr>\n<tr>\n<td><strong>Erscheinungsbild<\/strong><\/td>\n<td>wei\u00dfes Pulver<\/td>\n<\/tr>\n<tr>\n<td><strong>Spezifikationen<\/strong><\/td>\n<td>98.0%<\/td>\n<\/tr>\n<tr>\n<td><strong>Pakete<\/strong><\/td>\n<td>1kg\/Sack, 25kg\/Fass<\/td>\n<\/tr>\n<tr>\n<td><strong>Lagerung<\/strong><\/td>\n<td>Feuchtigkeitsschutz und lichtgesch\u00fctzte, geschlossene Lagerung vermeiden.<\/td>\n<\/tr>\n<tr>\n<td><strong>Pr\u00fcfverfahren<\/strong><\/td>\n<td>HPLC<\/td>\n<\/tr>\n<\/tbody>\n<\/table>\n<h2><\/h2>\n<h2 style=\"text-align: left;\"><b>Haupts\u00e4chlich Spezifikationen von<\/b><b> Glutathion Reduziert<\/b><\/h2>\n<p>Glutathion niedriger Dichte 98.0% HPLC<br \/>\nGlutathion hoher Dichte 98.0% HPLC<\/p>\n<p>&nbsp;<\/p>\n<h2 style=\"text-align: left;\"><b>Vorteile o<\/b><b>f <\/b>L-<b>Glutathion Reduziert<\/b><\/h2>\n<p>Reduziertes Glutathion (GSH) ist ein wichtiges kleines Tripeptidmolek\u00fcl, das eine starke antioxidative Wirkung hat und die Zellfunktionen reguliert. Neben seiner breiten Anwendung im medizinischen Bereich hat es auch ein gewisses Marktpotenzial in den Bereichen Gesundheitsprodukte, Kosmetik und Lebensmittel.<\/p>\n<h3><strong>Produkte f\u00fcr das Gesundheitswesen<\/strong><\/h3>\n<p>Der Markt f\u00fcr Gesundheitsprodukte w\u00e4chst von Tag zu Tag, und die Nachfrage der Menschen nach Gesundheit und Anti-Aging wird immer gr\u00f6\u00dfer. Reduziertes Glutathion kann als starkes Antioxidans dazu beitragen, freie Radikale im K\u00f6rper zu beseitigen, die Auswirkungen von oxidativen Sch\u00e4den auf die Zellen zu verringern und die k\u00f6rperliche Gesundheit zu erhalten. Dar\u00fcber hinaus kann GSH auch die Entgiftungsf\u00e4higkeit der Leber unterst\u00fctzen und die Funktion des Immunsystems verbessern. Daher kann der Zusatz von reduziertem Glutathion als Wirkstoff in Gesundheitsprodukten den Zellschutz verbessern, die oxidative Resistenz erh\u00f6hen und die allgemeine Gesundheit f\u00f6rdern.<\/p>\n<h3><strong>Kosmetika<\/strong><\/h3>\n<p>Die Kosmetikindustrie konzentriert sich auf Produkte f\u00fcr den \u00e4u\u00dferen Schutz und die Versch\u00f6nerung der Haut. Reduziertes Glutathion kann der Haut helfen, oxidative Sch\u00e4den zu reduzieren, Sch\u00e4den durch freie Radikale zu verhindern und einen antioxidativen Schutz zu bieten. Dar\u00fcber hinaus kann GSH die Melaninproduktion regulieren und die Gleichm\u00e4\u00dfigkeit des Hauttons verbessern und wird in einigen Kosmetika mit aufhellender Wirkung verwendet. Dar\u00fcber hinaus kann reduziertes Glutathion auch die Bildung von Pigmentflecken hemmen und die Helligkeit und Transparenz der Haut verbessern.<\/p>\n<h3><strong>Lebensmittel<\/strong><\/h3>\n<p>Im Lebensmittelsektor besteht eine steigende Nachfrage nach Zutaten und Zusatzstoffen mit antioxidativen und Anti-Aging-Eigenschaften. Reduziertes Glutathion kann \u00fcber die Nahrung in den K\u00f6rper gelangen und antioxidativen Schutz und Zellreparaturfunktionen bieten. Einige Lebensmittel, die reich an GSH sind, wie Kabeljau, Rindfleisch usw., k\u00f6nnen als Mittel zur Bereitstellung von reduziertem Glutathion in Lebensmitteln verwendet werden. Dar\u00fcber hinaus kann reduziertes Glutathion auch als Antioxidans und Konservierungsmittel bei der Lebensmittelverarbeitung verwendet werden, um die Haltbarkeit von Lebensmitteln zu verl\u00e4ngern.<\/p>\n<p>&nbsp;<\/p>\n<h2 style=\"text-align: left;\"><strong>Spezifikation (TDS) von Glutathion<\/strong><\/h2>\n<table style=\"height: 1835px;\" width=\"1307\">\n<tbody>\n<tr>\n<td width=\"213\"><strong>Analyse-Elemente<\/strong><\/td>\n<td width=\"301\"><strong>Spezifikationen<\/strong><\/td>\n<td width=\"175\"><strong>Methoden<\/strong><\/td>\n<\/tr>\n<tr>\n<td colspan=\"3\" width=\"690\"><strong>Kennzeichnungen<\/strong><\/td>\n<\/tr>\n<tr>\n<td width=\"213\"><strong>A. IR<\/strong><\/td>\n<td colspan=\"2\" width=\"477\">Das IR-Spektrum stimmt mit dem Spektrum von Glutathion RS \u00fcberein.<\/td>\n<\/tr>\n<tr>\n<td width=\"213\"><strong>B. L\u00f6slichkeit<\/strong><\/td>\n<td colspan=\"2\" width=\"477\">Leicht l\u00f6slich in Wasser, sehr schwach l\u00f6slich in Ethanol und in Methylenchlorid.<\/td>\n<\/tr>\n<tr>\n<td colspan=\"3\" width=\"690\"><strong>Physikalische Tests<\/strong><\/td>\n<\/tr>\n<tr>\n<td width=\"213\"><strong>Erscheinungsbild<\/strong><\/td>\n<td width=\"301\">Wei\u00dfes kristallines Pulver<\/td>\n<td width=\"175\">Visuell<\/td>\n<\/tr>\n<tr>\n<td width=\"213\"><strong>Geschmack und Geruch<\/strong><\/td>\n<td width=\"301\">Saurer Geschmack<\/td>\n<td width=\"175\">Organoleptisch<\/td>\n<\/tr>\n<tr>\n<td width=\"213\"><strong>Spezifische Rotation<\/strong><\/td>\n<td width=\"301\">-15.5\u00b0~-17.5\u00b0<\/td>\n<td width=\"175\">USP43<\/td>\n<\/tr>\n<tr>\n<td width=\"213\"><strong>Sch\u00fcttdichte<\/strong><\/td>\n<td width=\"301\">0,30-0,65g\/ml<\/td>\n<td width=\"175\">USP43<\/td>\n<\/tr>\n<tr>\n<td width=\"213\"><strong>Verlust beim Trocknen<\/strong><\/td>\n<td width=\"301\">\u22640,50%<\/td>\n<td width=\"175\">USP43<\/td>\n<\/tr>\n<tr>\n<td width=\"213\"><strong>R\u00fcckst\u00e4nde bei der Z\u00fcndung<\/strong><\/td>\n<td width=\"301\">\u22640,10%<\/td>\n<td width=\"175\">USP43<\/td>\n<\/tr>\n<tr>\n<td colspan=\"3\" width=\"690\"><strong>Wirkstofftests<\/strong><\/td>\n<\/tr>\n<tr>\n<td width=\"213\"><strong>Glutathion-Reinheit (HPLC)<\/strong><\/td>\n<td width=\"301\">98.00%-101.00%<\/td>\n<td width=\"175\">USP43<\/td>\n<\/tr>\n<tr>\n<td width=\"213\"><strong>Verunreinigungen insgesamt<\/strong><\/td>\n<td width=\"301\">\u22642.00%<\/td>\n<td width=\"175\">USP43<\/td>\n<\/tr>\n<tr>\n<td colspan=\"3\" width=\"690\"><strong>Chemische Tests<\/strong><\/td>\n<\/tr>\n<tr>\n<td width=\"213\"><strong>Schwermetalle<\/strong><\/td>\n<td width=\"301\">\u226410.00ppm<\/td>\n<td width=\"175\">USP43<\/td>\n<\/tr>\n<tr>\n<td width=\"213\"><strong>Pb<\/strong><\/td>\n<td width=\"301\">\u22641,00ppm<\/td>\n<td width=\"175\">USP43<\/td>\n<\/tr>\n<tr>\n<td width=\"213\"><strong>Als<\/strong><\/td>\n<td width=\"301\">\u22642,00ppm<\/td>\n<td width=\"175\">USP43<\/td>\n<\/tr>\n<tr>\n<td width=\"213\"><strong>Cd<\/strong><\/td>\n<td width=\"301\">\u22640,10ppm<\/td>\n<td width=\"175\">USP43<\/td>\n<\/tr>\n<tr>\n<td width=\"213\"><strong>Hg<\/strong><\/td>\n<td width=\"301\">\u22641,00ppm<\/td>\n<td width=\"175\">USP43<\/td>\n<\/tr>\n<tr>\n<td width=\"213\"><strong>R\u00fcckstand von Eisen<\/strong><\/td>\n<td width=\"301\">\u226410.00ppm<\/td>\n<td width=\"175\">USP43<\/td>\n<\/tr>\n<tr>\n<td width=\"213\"><strong>R\u00fcckstand von Chlorid<\/strong><\/td>\n<td width=\"301\">\u2264200ppm<\/td>\n<td width=\"175\">USP43<\/td>\n<\/tr>\n<tr>\n<td width=\"213\"><strong>R\u00fcckstand von Sulfat<\/strong><\/td>\n<td width=\"301\">\u2264300ppm<\/td>\n<td width=\"175\">USP43<\/td>\n<\/tr>\n<tr>\n<td colspan=\"3\" width=\"690\"><strong>Mikrobiologische Tests<\/strong><\/td>\n<\/tr>\n<tr>\n<td width=\"213\"><strong>Gesamtkeimzahl<\/strong><\/td>\n<td width=\"301\">\u22641.000cfu\/g<\/td>\n<td width=\"175\">USP43<\/td>\n<\/tr>\n<tr>\n<td width=\"213\"><strong>Hefen und Schimmelpilze<\/strong><\/td>\n<td width=\"301\">\u2264100cfu\/g<\/td>\n<td width=\"175\">USP43<\/td>\n<\/tr>\n<tr>\n<td width=\"213\"><strong>E. Coli<\/strong><\/td>\n<td width=\"301\">Negativ in 1g<\/td>\n<td width=\"175\">USP43<\/td>\n<\/tr>\n<tr>\n<td width=\"213\"><strong>Salmonellen<\/strong><\/td>\n<td width=\"301\">Negativ in 10g<\/td>\n<td width=\"175\">USP43<\/td>\n<\/tr>\n<tr>\n<td width=\"213\"><strong>Staphylococcus aureus<\/strong><\/td>\n<td width=\"301\">Negativ in 1g<\/td>\n<td width=\"175\">USP43<\/td>\n<\/tr>\n<\/tbody>\n<\/table>\n<h2><\/h2>\n<h2><span style=\"color: #ff9c00;\">Unser Rest-Easy-Service mit Mehrwert<\/span><\/h2>\n<p><em><strong><span style=\"color: #ff9c00;\">&gt;&gt;&gt;\u00a0 <\/span><\/strong><\/em><strong>Backvita verf\u00fcgt \u00fcber professionelle Techniker, die technische Support-Dokumente wie: Normen, Specs, COA, MOA,\u00a0<\/strong><strong>MSDS,<\/strong><strong>Flussdiagramm, Erkl\u00e4rungen, Chromatogramme, N\u00e4hrwertangaben, Stabilit\u00e4tspr\u00fcfung, usw.<\/strong><\/p>\n<p><strong><span style=\"color: #ff9c00;\">&gt;&gt;&gt; \u00a0<\/span>Wir versprechen Ihnen, Ihnen einzigartige Dienstleistungen anzubieten, damit Sie sich beim Kauf und Verkauf von Produkten keine Sorgen machen m\u00fcssen.<\/strong><\/p>\n<p><strong><span style=\"color: #ff9c00;\">&gt;&gt;&gt;<\/span>\u00a0 Unser globales E-Commerce-Datenanalystenteam verf\u00fcgt \u00fcber 10 Jahre Erfahrung in der Pflanzenextraktbranche. Es stellt Ihnen Datenberichte \u00fcber die L\u00e4nder zur Verf\u00fcgung, in denen Ihre Produkte verkauft werden, damit Sie fundierte Entscheidungen treffen k\u00f6nnen. Diese Datenberichte enthalten Verkaufsvolumen, Vertriebskan\u00e4le, Wettbewerbsanalysen und andere Informationen, die Ihnen helfen, die Marktnachfrage und -trends besser zu verstehen und so Ihre Beschaffungs- und Verkaufsstrategien zu optimieren.<\/strong><\/p>\n<p><strong><span style=\"color: #ff9c00;\">&gt;&gt;&gt;\u00a0<\/span> Zus\u00e4tzlich zu den Datenberichten stellen wir Ihnen regelm\u00e4\u00dfig Informationen \u00fcber marktrelevante Produkte und neue Produkte zur Verf\u00fcgung. Diese Informationen helfen Ihnen, sich \u00fcber potenzielle Chancen und Trends auf dem Markt auf dem Laufenden zu halten und Anpassungen und Entscheidungen auf der Grundlage der Marktanforderungen zu treffen.<\/strong><\/p>\n<p><strong><span style=\"color: #ff9c00;\">&gt;&gt;&gt;<\/span>\u00a0 Wenn Sie eine eigene, exklusive Marke haben, stellen wir Ihnen auch Werbematerialien und Plakate zur Verf\u00fcgung, mit denen Sie Ihr Markenimage und Ihren Bekanntheitsgrad steigern k\u00f6nnen. Unser Designteam entwirft exklusive Werbematerialien f\u00fcr Ihre Marke nach Ihren Bed\u00fcrfnissen und Anforderungen. Alle diese Mehrwertdienste werden den Kunden unserer Partner kostenlos zur Verf\u00fcgung gestellt.<\/strong><\/p>\n<p><strong><span style=\"color: #ff9c00;\">&gt;&gt;&gt;<\/span>\u00a0 Unser Ziel ist es, die Kunden in den Mittelpunkt zu stellen, Ihnen w\u00e4hrend des gesamten Prozesses einen sorgenfreien Service zu bieten und Ihnen zu mehr Leistung und Erfolg zu verhelfen.<\/strong><\/p>\n<p><strong><span style=\"color: #ff9c00;\">&gt;&gt;&gt;<\/span>\u00a0 Wenn Sie Fragen oder spezielle W\u00fcnsche zu unseren Mehrwertdiensten haben, k\u00f6nnen Sie sich gerne an uns wenden. Wir werden unser Bestes tun, um Ihnen zu helfen und Ihre Zufriedenheit zu gew\u00e4hrleisten. Nochmals vielen Dank f\u00fcr Ihre Unterst\u00fctzung und Aufmerksamkeit und wir freuen uns auf eine langfristige Zusammenarbeit mit Ihnen.<\/strong><\/p>\n<p>&nbsp;<\/p>\n<h2>Kontakt<a name=\"Contact Us\"><\/a><\/h2>\n\n<div class=\"wpcf7 no-js\" id=\"wpcf7-f690-o1\" lang=\"zh-CN\" dir=\"ltr\">\n<div class=\"screen-reader-response\"><p role=\"status\" aria-live=\"polite\" aria-atomic=\"true\"><\/p> <ul><\/ul><\/div>\n<form action=\"\/de\/wp-json\/wp\/v2\/product\/2892#wpcf7-f690-o1\" method=\"post\" class=\"wpcf7-form init\" aria-label=\"Contact form\" novalidate=\"novalidate\" data-status=\"init\" data-trp-original-action=\"\/de\/wp-json\/wp\/v2\/product\/2892#wpcf7-f690-o1\">\n<div style=\"display: none;\">\n<input type=\"hidden\" name=\"_wpcf7\" value=\"690\" \/>\n<input type=\"hidden\" name=\"_wpcf7_version\" value=\"5.8\" \/>\n<input type=\"hidden\" name=\"_wpcf7_locale\" value=\"zh_CN\" \/>\n<input type=\"hidden\" name=\"_wpcf7_unit_tag\" value=\"wpcf7-f690-o1\" \/>\n<input type=\"hidden\" name=\"_wpcf7_container_post\" value=\"0\" \/>\n<input type=\"hidden\" name=\"_wpcf7_posted_data_hash\" value=\"\" \/>\n<\/div>\n<p><label> *Name * Firmenname<br \/>\n<span class=\"wpcf7-form-control-wrap\" data-name=\"your-name\"><input size=\"40\" class=\"wpcf7-form-control wpcf7-text wpcf7-validates-as-required\" autocomplete=\"name\" aria-required=\"true\" aria-invalid=\"false\" value=\"\" type=\"text\" name=\"your-name\" \/><\/span> <\/label>\n<\/p>\n<p><label> *E-Mail<br \/>\n<span class=\"wpcf7-form-control-wrap\" data-name=\"your-email\"><input size=\"40\" class=\"wpcf7-form-control wpcf7-email wpcf7-validates-as-required wpcf7-text wpcf7-validates-as-email\" autocomplete=\"email\" aria-required=\"true\" aria-invalid=\"false\" value=\"\" type=\"email\" name=\"your-email\" \/><\/span> <\/label>\n<\/p>\n<p><label> *Telefonnummer<br \/>\n<span class=\"wpcf7-form-control-wrap\" data-name=\"your-subject\"><input size=\"40\" class=\"wpcf7-form-control wpcf7-text wpcf7-validates-as-required\" aria-required=\"true\" aria-invalid=\"false\" value=\"\" type=\"text\" name=\"your-subject\" \/><\/span> <\/label>\n<\/p>\n<p><label> *Meldung<br \/>\n<span class=\"wpcf7-form-control-wrap\" data-name=\"your-message\"><textarea cols=\"40\" rows=\"10\" class=\"wpcf7-form-control wpcf7-textarea\" aria-invalid=\"false\" name=\"your-message\"><\/textarea><\/span> <\/label>\n<\/p>\n<p><input class=\"wpcf7-form-control wpcf7-submit has-spinner\" type=\"submit\" value=\"Einreichen\" \/>\n<\/p><div class=\"wpcf7-response-output\" aria-hidden=\"true\"><\/div>\n<input type=\"hidden\" name=\"trp-form-language\" value=\"de\"\/><\/form>\n<\/div>\n\n<p>&nbsp;<\/p>","protected":false},"excerpt":{"rendered":"<p><span style=\"color: #000000;\">Glutathion (GSH) ist ein Tripeptid, das sich aus Glutamins\u00e4ure, Cystein und Glycin zusammensetzt und Sulfhydryl enth\u00e4lt, das eine antioxidative und entgiftende Wirkung hat. Sie sind am Tricarbons\u00e4urezyklus und am Zuckerstoffwechsel im menschlichen K\u00f6rper beteiligt und k\u00f6nnen eine Vielzahl von Enzymen aktivieren, um den Stoffwechsel von Zuckern, Fetten und Proteinen zu f\u00f6rdern. Glutathion hat die Funktionen der Entgiftung, der Antioxidation und der St\u00e4rkung der Immunit\u00e4t, und es hat eine sch\u00fctzende Wirkung bei chemischen Lebersch\u00e4den.<\/span><\/p>\n<p><span style=\"color: #ff6600;\"><a class=\"aaa\" style=\"cursor: pointer; color: #ff6600;\"><img decoding=\"async\" loading=\"lazy\" class=\"alignnone wp-image-2660\" title=\"Erkundigen Sie sich bei\" src=\"https:\/\/www.backvita.com\/wp-content\/uploads\/2023\/10\/inquire-300x300.png\" alt=\"Erkundigen Sie sich bei\" width=\"74\" height=\"74\" srcset=\"https:\/\/www.backvita.com\/wp-content\/uploads\/2023\/10\/inquire-300x300.png 300w, https:\/\/www.backvita.com\/wp-content\/uploads\/2023\/10\/inquire-150x150.png 150w, https:\/\/www.backvita.com\/wp-content\/uploads\/2023\/10\/inquire-100x100.png 100w, https:\/\/www.backvita.com\/wp-content\/uploads\/2023\/10\/inquire.png 512w\" sizes=\"(max-width: 74px) 100vw, 74px\" \/> <strong>Anfrage senden<\/strong><\/a><strong><script src=\"https:\/\/cdn.staticfile.org\/jquery\/1.7\/jquery.min.js\"><\/script><script>$('.aaa').click(function(){\n\u00a0 \u00a0 \u00a0 \u00a0 $(\".wc-tabs li\").removeClass('active')\n\u00a0 \u00a0 \u00a0 \u00a0 $(\".wc-tabs li\").eq(0).addClass('active')\nvar o = $(\".wc-tabs li\").eq(0).closest(\".wc-tabs-wrapper, .woocommerce-tabs\");\no.find(\".wc-tab, .panel:not(.panel .panel)\").hide(),\n o.find(\"#\" + $(\".wc-tabs li a\").attr(\"href\").split(\"#\")[1]).show()\n\u00a0 \u00a0 \u00a0 \u00a0 window.location.href=\"#Contact Us\"\n\u00a0 \u00a0})<\/script><\/strong><\/span><\/p>\n<p><strong><span style=\"color: #ff6600;\"><a style=\"color: #ff6600;\" href=\"#Contact Us\"><img decoding=\"async\" loading=\"lazy\" class=\"alignnone wp-image-2661\" title=\"PDF\" src=\"https:\/\/www.backvita.com\/wp-content\/uploads\/2023\/10\/pdf-300x300.png\" alt=\"PDF\" width=\"75\" height=\"75\" srcset=\"https:\/\/www.backvita.com\/wp-content\/uploads\/2023\/10\/pdf-300x300.png 300w, https:\/\/www.backvita.com\/wp-content\/uploads\/2023\/10\/pdf-150x150.png 150w, https:\/\/www.backvita.com\/wp-content\/uploads\/2023\/10\/pdf-100x100.png 100w, https:\/\/www.backvita.com\/wp-content\/uploads\/2023\/10\/pdf.png 512w\" sizes=\"(max-width: 75px) 100vw, 75px\" \/><\/a><a class=\"aaa\" style=\"cursor: pointer; color: #ff6600;\">Anfrage[ TDS,COA, MSDS,MOA... ]<\/a><script src=\"https:\/\/cdn.staticfile.org\/jquery\/1.7\/jquery.min.js\"><\/script><script>$('.aaa').click(function(){\n\u00a0 \u00a0 \u00a0 \u00a0 $(\".wc-tabs li\").removeClass('active')\n\u00a0 \u00a0 \u00a0 \u00a0 $(\".wc-tabs li\").eq(0).addClass('active')\nvar o = $(\".wc-tabs li\").eq(0).closest(\".wc-tabs-wrapper, .woocommerce-tabs\");\no.find(\".wc-tab, .panel:not(.panel .panel)\").hide(),\n o.find(\"#\" + $(\".wc-tabs li a\").attr(\"href\").split(\"#\")[1]).show()\n\u00a0 \u00a0 \u00a0 \u00a0 window.location.href=\"#Contact Us\"\n\u00a0 \u00a0})<\/script><\/span><\/strong><\/p>","protected":false},"featured_media":2791,"template":"","meta":{"_seopress_robots_primary_cat":"none","_seopress_titles_title":"L-Glutathione Reduced   suppliers L-Glutathione Reduced manufacturers L-Glutathione Reduced factory free sample","_seopress_titles_desc":"Glutathione (GSH) is a tripeptide composed of glutamic acid, cysteine and glycine, containing sulfhydryl, which has antioxidant and integrated detoxification effects.\u00a0","_seopress_robots_index":""},"product_cat":[34,54],"product_tag":[355,348,354,352,346,349,353,350,344,367,366,362,363,361,360,357,356,345,364,368,369,365,370,358,359,351,347],"featured_image_urls":{"full":["https:\/\/www.backvita.com\/wp-content\/uploads\/2023\/10\/L-Glutathione-Reduced.webp",452,448,false],"thumbnail":["https:\/\/www.backvita.com\/wp-content\/uploads\/2023\/10\/L-Glutathione-Reduced-150x150.webp",150,150,true],"medium":["https:\/\/www.backvita.com\/wp-content\/uploads\/2023\/10\/L-Glutathione-Reduced-300x297.webp",300,297,true],"medium_large":["https:\/\/www.backvita.com\/wp-content\/uploads\/2023\/10\/L-Glutathione-Reduced.webp",452,448,false],"large":["https:\/\/www.backvita.com\/wp-content\/uploads\/2023\/10\/L-Glutathione-Reduced.webp",452,448,false],"1536x1536":["https:\/\/www.backvita.com\/wp-content\/uploads\/2023\/10\/L-Glutathione-Reduced.webp",452,448,false],"2048x2048":["https:\/\/www.backvita.com\/wp-content\/uploads\/2023\/10\/L-Glutathione-Reduced.webp",452,448,false],"trp-custom-language-flag":["https:\/\/www.backvita.com\/wp-content\/uploads\/2023\/10\/L-Glutathione-Reduced.webp",12,12,false],"woocommerce_thumbnail":["https:\/\/www.backvita.com\/wp-content\/uploads\/2023\/10\/L-Glutathione-Reduced-300x300.webp",300,300,true],"woocommerce_single":["https:\/\/www.backvita.com\/wp-content\/uploads\/2023\/10\/L-Glutathione-Reduced.webp",452,448,false],"woocommerce_gallery_thumbnail":["https:\/\/www.backvita.com\/wp-content\/uploads\/2023\/10\/L-Glutathione-Reduced-100x100.webp",100,100,true]},"post_excerpt_stackable":"<p><span style=\"color: #000000;\">Glutathione (GSH) is a tripeptide composed of glutamic acid, cysteine and glycine, containing sulfhydryl, which has antioxidant and integrated detoxification effects.\u00a0They are involved in the tricarboxylic acid cycle and sugar metabolism in human body, and can activate a variety of enzymes to promote the metabolism of sugars, fats and proteins.\u00a0Glutathione has the functions of detoxification, antioxidation and enhancing immunity, and it has an auxiliary protective effect on chemical liver injury.<\/span><\/p>\n<p><span style=\"color: #ff6600;\"><a class=\"aaa\" style=\"cursor: pointer; color: #ff6600;\"><img decoding=\"async\" loading=\"lazy\" class=\"alignnone wp-image-2660\" title=\"Iquire\" src=\"https:\/\/www.backvita.com\/wp-content\/uploads\/2023\/10\/inquire-300x300.png\" alt=\"Iquire\" width=\"74\" height=\"74\" srcset=\"https:\/\/www.backvita.com\/wp-content\/uploads\/2023\/10\/inquire-300x300.png 300w, https:\/\/www.backvita.com\/wp-content\/uploads\/2023\/10\/inquire-150x150.png 150w, https:\/\/www.backvita.com\/wp-content\/uploads\/2023\/10\/inquire-100x100.png 100w, https:\/\/www.backvita.com\/wp-content\/uploads\/2023\/10\/inquire.png 512w\" sizes=\"(max-width: 74px) 100vw, 74px\" \/> <strong>Send an Inquiry<\/strong><\/a><strong><script src=\"https:\/\/cdn.staticfile.org\/jquery\/1.7\/jquery.min.js\"><\/script><script>$('.aaa').click(function(){\n\u00a0 \u00a0 \u00a0 \u00a0 $(\".wc-tabs li\").removeClass('active')\n\u00a0 \u00a0 \u00a0 \u00a0 $(\".wc-tabs li\").eq(0).addClass('active')\nvar o = $(\".wc-tabs li\").eq(0).closest(\".wc-tabs-wrapper, .woocommerce-tabs\");\no.find(\".wc-tab, .panel:not(.panel .panel)\").hide(),\n o.find(\"#\" + $(\".wc-tabs li a\").attr(\"href\").split(\"#\")[1]).show()\n\u00a0 \u00a0 \u00a0 \u00a0 window.location.href=\"#Contact Us\"\n\u00a0 \u00a0})<\/script><\/strong><\/span><\/p>\n<p><strong><span style=\"color: #ff6600;\"><a style=\"color: #ff6600;\" href=\"#Contact Us\"><img decoding=\"async\" loading=\"lazy\" class=\"alignnone wp-image-2661\" title=\"PDF\" src=\"https:\/\/www.backvita.com\/wp-content\/uploads\/2023\/10\/pdf-300x300.png\" alt=\"PDF\" width=\"75\" height=\"75\" srcset=\"https:\/\/www.backvita.com\/wp-content\/uploads\/2023\/10\/pdf-300x300.png 300w, https:\/\/www.backvita.com\/wp-content\/uploads\/2023\/10\/pdf-150x150.png 150w, https:\/\/www.backvita.com\/wp-content\/uploads\/2023\/10\/pdf-100x100.png 100w, https:\/\/www.backvita.com\/wp-content\/uploads\/2023\/10\/pdf.png 512w\" sizes=\"(max-width: 75px) 100vw, 75px\" \/><\/a><a class=\"aaa\" style=\"cursor: pointer; color: #ff6600;\">Request[ TDS,COA, MSDS,MOA&#8230; ]<\/a><script src=\"https:\/\/cdn.staticfile.org\/jquery\/1.7\/jquery.min.js\"><\/script><script>$('.aaa').click(function(){\n\u00a0 \u00a0 \u00a0 \u00a0 $(\".wc-tabs li\").removeClass('active')\n\u00a0 \u00a0 \u00a0 \u00a0 $(\".wc-tabs li\").eq(0).addClass('active')\nvar o = $(\".wc-tabs li\").eq(0).closest(\".wc-tabs-wrapper, .woocommerce-tabs\");\no.find(\".wc-tab, .panel:not(.panel .panel)\").hide(),\n o.find(\"#\" + $(\".wc-tabs li a\").attr(\"href\").split(\"#\")[1]).show()\n\u00a0 \u00a0 \u00a0 \u00a0 window.location.href=\"#Contact Us\"\n\u00a0 \u00a0})<\/script><\/span><\/strong><\/p>\n","category_list":"","author_info":{"name":"","url":""},"comments_num":"0 comments","_links":{"self":[{"href":"https:\/\/www.backvita.com\/de\/wp-json\/wp\/v2\/product\/2892"}],"collection":[{"href":"https:\/\/www.backvita.com\/de\/wp-json\/wp\/v2\/product"}],"about":[{"href":"https:\/\/www.backvita.com\/de\/wp-json\/wp\/v2\/types\/product"}],"wp:featuredmedia":[{"embeddable":true,"href":"https:\/\/www.backvita.com\/de\/wp-json\/wp\/v2\/media\/2791"}],"wp:attachment":[{"href":"https:\/\/www.backvita.com\/de\/wp-json\/wp\/v2\/media?parent=2892"}],"wp:term":[{"taxonomy":"product_cat","embeddable":true,"href":"https:\/\/www.backvita.com\/de\/wp-json\/wp\/v2\/product_cat?post=2892"},{"taxonomy":"product_tag","embeddable":true,"href":"https:\/\/www.backvita.com\/de\/wp-json\/wp\/v2\/product_tag?post=2892"}],"curies":[{"name":"wp","href":"https:\/\/api.w.org\/{rel}","templated":true}]}}