{"id":2893,"date":"2023-11-04T14:24:04","date_gmt":"2023-11-04T06:24:04","guid":{"rendered":"https:\/\/www.backvita.com\/?post_type=product&#038;p=2893"},"modified":"2024-02-07T12:53:05","modified_gmt":"2024-02-07T04:53:05","slug":"kojic-acid-suppliers-kojic-acid-manufacturers-kojic-acid-factory-free-sample","status":"publish","type":"product","link":"https:\/\/www.backvita.com\/de\/product\/kojisaure-lieferanten-kojisaure-hersteller-kojisaure-fabrik-kostenlose-probe\/","title":{"rendered":"Kojic Acid Lieferanten Kojic Acid Hersteller Kojic Acid Fabrik kostenlose Probe"},"content":{"rendered":"<h2 style=\"text-align: left;\"><strong>Kojis\u00e4ure <span class=\"fl-heading-text\">Beschreibung<\/span><\/strong><\/h2>\n<p>Kojis\u00e4ure, auch bekannt als Kojis\u00e4ure, ihre chemische Bezeichnung ist 5-Hydroxy-2-hydroxymethyl-4H-pyran-4-on, Chemie Die Strukturformel lautet wie folgt<img decoding=\"async\" loading=\"lazy\" class=\"size-full wp-image-2843 aligncenter\" src=\"https:\/\/www.backvita.com\/wp-content\/uploads\/2023\/10\/Kojic-Acid-Description.webp\" alt=\"Kojis\u00e4ure\" width=\"190\" height=\"144\" \/><\/p>\n<p>Kojis\u00e4ure ist ein farbloser prismatischer Kristall, der die Tyrosinase-Aktivit\u00e4t bei der Melaninproduktion hemmen kann und eine deutliche Aufhellungswirkung hat, ohne andere Enzyme zu hemmen. Sie wird heute in Produkten des t\u00e4glichen Bedarfs wie Bleichmitteln, Sonnenschutzmitteln, L\u00f6sungsmitteln und Zahnpasten verwendet. Weit verbreitet in der chemischen Industrie.<\/p>\n<table style=\"height: 170px;\" width=\"1309\">\n<tbody>\n<tr>\n<td width=\"219\"><strong>Produktname<\/strong><\/td>\n<td width=\"466\">Kojis\u00e4ure<\/td>\n<\/tr>\n<tr>\n<td><strong>CAS-Nr.<\/strong><\/td>\n<td>501-30-4<\/td>\n<\/tr>\n<tr>\n<td><strong>Erscheinungsbild<\/strong><\/td>\n<td>Wei\u00dfes Pulver<\/td>\n<\/tr>\n<tr>\n<td><strong>Spezifikationen<\/strong><\/td>\n<td>\u2265 99.0%<\/td>\n<\/tr>\n<tr>\n<td><strong>Pakete<\/strong><\/td>\n<td>1kg\/Sack, 25kg\/Fass<\/td>\n<\/tr>\n<tr>\n<td><strong>Lagerung<\/strong><\/td>\n<td>Feuchtigkeitsschutz und lichtgesch\u00fctzte, geschlossene Lagerung vermeiden.<\/td>\n<\/tr>\n<tr>\n<td><strong>Pr\u00fcfverfahren<\/strong><\/td>\n<td>HPLC<\/td>\n<\/tr>\n<\/tbody>\n<\/table>\n<h2><\/h2>\n<h2 style=\"text-align: left;\"><strong>Die Wirksamkeit von Kojis\u00e4ure<\/strong><\/h2>\n<h3><strong>Konservierungsmittel<\/strong><\/h3>\n<p>Kojis\u00e4ure hat eine gute hemmende Wirkung auf die meisten Bakterien und einige Hefen. Im Gegensatz zu Natriumbenzoat, das nur unter sauren Bedingungen antibakteriell wirkt, hat der pH-Wert keinen gro\u00dfen Einfluss auf die antibakterielle Wirkung von Kojis\u00e4ure. Verglichen mit Natriumbenzoat ist die antibakterielle Wirkung von Kojis\u00e4ure bei gleicher Konzentration deutlich st\u00e4rker als die von Natriumbenzoat.<\/p>\n<p>Au\u00dferdem ist Kojis\u00e4ure thermisch sehr stabil und hat auch nach der W\u00e4rmebehandlung noch eine gute antibakterielle Wirkung. Sie ist nicht reizend f\u00fcr den menschlichen K\u00f6rper und kann die Bildung von Karzinogenen aus Nitrit hemmen. Sie ist sicher und unbedenklich bei der Lebensmittelverarbeitung.<\/p>\n<p>&nbsp;<\/p>\n<h3><strong>Bewahrer<\/strong><\/h3>\n<p>Kojis\u00e4ure hat eine starke antioxidative Wirkung. Die Behandlung mit Kojis\u00e4ure kann den Wasserverlust w\u00e4hrend der Lagerung von frischem Schnittgut wirksam verringern und den R\u00fcckgang des TA-, VC- und Chlorophyllgehalts verz\u00f6gern, so dass es nur einer geringen Zugabe bedarf, um eine gute Wirkung zu erzielen. Sie hat einen Frischhalteeffekt und ist eine ideale Substanz, um Blumen, Obst und Gem\u00fcse frisch zu halten.<\/p>\n<p>&nbsp;<\/p>\n<h3><strong>Anwendung in farbgebenden Lebensmitteln<\/strong><\/h3>\n<p>Die starken antioxidativen Eigenschaften der Kojis\u00e4ure k\u00f6nnen eine Rolle beim Farbschutz spielen. Sie reagiert empfindlich mit dem Eisen im Myoglobin und kann die farbgebende Wirkung von Natriumnitrit teilweise ersetzen. Sie kann sich auch selektiv mit den Destillaten im Holz verbinden, um die Bildung von Karzinogenen zu hemmen.<\/p>\n<p>Hozova.B wies in dem Artikel darauf hin, dass der Zusatz zu Speck nicht nur die Farbe des Fleisches vor dem Verblassen bewahren kann, sondern auch das Wachstum von Mikroorganismen verhindert!<\/p>\n<p>&nbsp;<\/p>\n<h3><strong>Hemmung der enzymatischen Br\u00e4unungsreaktion<\/strong><\/h3>\n<p>Kojis\u00e4ure kann die enzymatische Br\u00e4unungsreaktion hemmen, die durch Polyphenoloxidase verursacht wird, und spielt eine wichtige Rolle beim Farbschutz von Obst, Gem\u00fcse und Krustentierprodukten. Kann herk\u00f6mmliche Polyphenoloxidase-Inhibitoren wie Natriumsulfit ersetzen.<\/p>\n<p>&nbsp;<\/p>\n<h3><strong>Kosmetische Industrie<\/strong><\/h3>\n<p>Tyrosinase-Inhibitoren k\u00f6nnen g\u00e4ngige pigmentierte Hautkrankheiten wie Sommersprossen, Chloasma und Altersflecken behandeln. Kojis\u00e4ure und ihre Derivate hemmen haupts\u00e4chlich die Melaninsynthese, indem sie die Aktivit\u00e4t der Tyrosinase hemmen und dadurch eine aufhellende Wirkung aus\u00fcben.Die spezifische Leistung ist wie folgt\uff1a<\/p>\n<h4><strong>Aufhellung<\/strong><\/h4>\n<p>In der menschlichen Haut wird Tyrosin unter der Katalyse von Tyrosinase einer komplexen Oxidation und Polymerisation mit freien Sauerstoffradikalen unterzogen und schlie\u00dflich zu Melanin synthetisiert. Kojis\u00e4ure hemmt die Aktivit\u00e4t des melaninbildenden Enzyms Tyrosinase und hat eine deutliche aufhellende Wirkung, ohne andere Enzyme zu hemmen. Sie hat eine gute Wirkung zur Entfernung von Sommersprossen und zur Aufhellung der Haut. Es ist ein weit verbreiteter kosmetischer Rohstoff und wird h\u00e4ufig in Lotionen verwendet. Gesichtsmaske, Lotion, Hautcreme, etc.<\/p>\n<h4><strong>Anti-Oxidation<\/strong><\/h4>\n<p>Neben ihrer bleichenden Wirkung hat Kojis\u00e4ure auch eine F\u00e4ngerfunktion f\u00fcr freie Radikale und eine antioxidative Wirkung. Sie kann dazu beitragen, die Haut zu straffen, die Proteinaggregation zu f\u00f6rdern und die Haut zu straffen.<\/p>\n<p>&nbsp;<\/p>\n<h3><strong>Pharmazeutische Industrie<\/strong><\/h3>\n<p>Kojis\u00e4ure hat nicht nur eine antibakterielle Wirkung und kann als entz\u00fcndungshemmendes und schmerzstillendes Mittel eingesetzt werden, sondern hat auch krebshemmende Eigenschaften. Es handelt sich um eine nat\u00fcrliche Verbindung, die als sicherer chemischer Sensibilisator gegen Pilzbefall fungieren kann, indem sie die f\u00fcr eine wirksame Pilzbek\u00e4mpfung erforderliche Antimykotika-Dosis reduziert, Pilzerreger selektiv hemmt und gleichzeitig die Nebenwirkungen in Verbindung mit einer antimykotischen Behandlung verringert.<\/p>\n<p>Kojis\u00e4urederivate finden auch in der Medizin breite Anwendung. Beispielsweise k\u00f6nnen einige Kojis\u00e4urederivate die Aktivit\u00e4t der menschlichen neutrophilen Elastase (HNE) wirksam hemmen und werden daher bei der Behandlung von chronischen und akuten entz\u00fcndlichen Lungenerkrankungen eingesetzt. .<\/p>\n<p>&nbsp;<\/p>\n<h3><strong>Landwirtschaft<\/strong><\/h3>\n<p>Kojis\u00e4ure kann als Sch\u00e4dlingsbek\u00e4mpfungsmittel, Chelatbildner und Aktivator von Sch\u00e4dlingsbek\u00e4mpfungsmitteln verwendet werden und findet breite Anwendung bei der Herstellung von landwirtschaftlichen Sch\u00e4dlingsbek\u00e4mpfungsmitteln. Dar\u00fcber hinaus hemmt sie auch die Phenoloxidase der Diamantmotte. Es kann mit Cu2+, dem aktiven Zentrum der Phenoloxidase von Insekten, ein Chelat bilden, um dessen Aktivit\u00e4t zu hemmen und so den Tod der Diamantmotte zu verursachen.<\/p>\n<p>Gleichzeitig kann Kojis\u00e4ure das Wachstum und die Entwicklung bestimmter Insekten wie Baumwollkapselwurm, Spodoptera frugiperda, Stubenfliegen und Fruchtf\u00e4den usw. hemmen und bei den Larven bestimmter Insekten wie der Gattung Lycoris Sterilit\u00e4t hervorrufen.<\/p>\n<p>Dar\u00fcber hinaus kann Kojis\u00e4ure auch als Wachstumsf\u00f6rderer f\u00fcr Nutzpflanzen eingesetzt werden, was die Produktion von Getreide und Gem\u00fcse erheblich steigern kann. Sie kann in einer niedrigen Konzentration formuliert und auf die Bl\u00e4tter gespr\u00fcht oder mit einem Mehrn\u00e4hrstoffd\u00fcnger gemischt und gemeinsam ausgebracht werden.<\/p>\n<section data-role=\"title\" data-tools=\"135\u7f16\u8f91\u5668\" data-id=\"116488\">\n<section>\n<section><\/section>\n<\/section>\n<\/section>\n<section data-role=\"title\" data-tools=\"135\u7f16\u8f91\u5668\" data-id=\"116488\">\n<section>\n<section><\/section>\n<\/section>\n<\/section>\n<p>&nbsp;<\/p>\n<h2><span style=\"color: #ff9c00;\">Unser Rest-Easy-Service mit Mehrwert<\/span><\/h2>\n<p><em><strong><span style=\"color: #ff9c00;\">&gt;&gt;&gt;\u00a0 <\/span><\/strong><\/em><strong>Backvita verf\u00fcgt \u00fcber professionelle Techniker, die technische Support-Dokumente wie: Normen, Specs, COA, MOA,\u00a0<\/strong><strong>MSDS,<\/strong><strong>Flussdiagramm, Erkl\u00e4rungen, Chromatogramme, N\u00e4hrwertangaben, Stabilit\u00e4tspr\u00fcfung, usw.<\/strong><\/p>\n<p><strong><span style=\"color: #ff9c00;\">&gt;&gt;&gt; \u00a0<\/span>Wir versprechen Ihnen, Ihnen einzigartige Dienstleistungen anzubieten, damit Sie sich beim Kauf und Verkauf von Produkten keine Sorgen machen m\u00fcssen.<\/strong><\/p>\n<p><strong><span style=\"color: #ff9c00;\">&gt;&gt;&gt;<\/span>\u00a0 Unser globales E-Commerce-Datenanalystenteam verf\u00fcgt \u00fcber 10 Jahre Erfahrung in der Pflanzenextraktbranche. Es stellt Ihnen Datenberichte \u00fcber die L\u00e4nder zur Verf\u00fcgung, in denen Ihre Produkte verkauft werden, damit Sie fundierte Entscheidungen treffen k\u00f6nnen. Diese Datenberichte enthalten Verkaufsvolumen, Vertriebskan\u00e4le, Wettbewerbsanalysen und andere Informationen, die Ihnen helfen, die Marktnachfrage und -trends besser zu verstehen und so Ihre Beschaffungs- und Verkaufsstrategien zu optimieren.<\/strong><\/p>\n<p><strong><span style=\"color: #ff9c00;\">&gt;&gt;&gt;\u00a0<\/span> Zus\u00e4tzlich zu den Datenberichten stellen wir Ihnen regelm\u00e4\u00dfig Informationen \u00fcber marktrelevante Produkte und neue Produkte zur Verf\u00fcgung. Diese Informationen helfen Ihnen, sich \u00fcber potenzielle Chancen und Trends auf dem Markt auf dem Laufenden zu halten und Anpassungen und Entscheidungen auf der Grundlage der Marktanforderungen zu treffen.<\/strong><\/p>\n<p><strong><span style=\"color: #ff9c00;\">&gt;&gt;&gt;<\/span>\u00a0 Wenn Sie eine eigene, exklusive Marke haben, stellen wir Ihnen auch Werbematerialien und Plakate zur Verf\u00fcgung, mit denen Sie Ihr Markenimage und Ihren Bekanntheitsgrad steigern k\u00f6nnen. Unser Designteam entwirft exklusive Werbematerialien f\u00fcr Ihre Marke nach Ihren Bed\u00fcrfnissen und Anforderungen. Alle diese Mehrwertdienste werden den Kunden unserer Partner kostenlos zur Verf\u00fcgung gestellt.<\/strong><\/p>\n<p><strong><span style=\"color: #ff9c00;\">&gt;&gt;&gt;<\/span>\u00a0 Unser Ziel ist es, die Kunden in den Mittelpunkt zu stellen, Ihnen w\u00e4hrend des gesamten Prozesses einen sorgenfreien Service zu bieten und Ihnen zu mehr Leistung und Erfolg zu verhelfen.<\/strong><\/p>\n<p><strong><span style=\"color: #ff9c00;\">&gt;&gt;&gt;<\/span>\u00a0 Wenn Sie Fragen oder spezielle W\u00fcnsche zu unseren Mehrwertdiensten haben, k\u00f6nnen Sie sich gerne an uns wenden. Wir werden unser Bestes tun, um Ihnen zu helfen und Ihre Zufriedenheit zu gew\u00e4hrleisten. Nochmals vielen Dank f\u00fcr Ihre Unterst\u00fctzung und Aufmerksamkeit und wir freuen uns auf eine langfristige Zusammenarbeit mit Ihnen.<\/strong><\/p>\n<p>&nbsp;<\/p>\n<h2>Kontakt<a name=\"Contact Us\"><\/a><\/h2>\n\n<div class=\"wpcf7 no-js\" id=\"wpcf7-f690-o1\" lang=\"zh-CN\" dir=\"ltr\">\n<div class=\"screen-reader-response\"><p role=\"status\" aria-live=\"polite\" aria-atomic=\"true\"><\/p> <ul><\/ul><\/div>\n<form action=\"\/de\/wp-json\/wp\/v2\/product\/2893#wpcf7-f690-o1\" method=\"post\" class=\"wpcf7-form init\" aria-label=\"Contact form\" novalidate=\"novalidate\" data-status=\"init\" data-trp-original-action=\"\/de\/wp-json\/wp\/v2\/product\/2893#wpcf7-f690-o1\">\n<div style=\"display: none;\">\n<input type=\"hidden\" name=\"_wpcf7\" value=\"690\" \/>\n<input type=\"hidden\" name=\"_wpcf7_version\" value=\"5.8\" \/>\n<input type=\"hidden\" name=\"_wpcf7_locale\" value=\"zh_CN\" \/>\n<input type=\"hidden\" name=\"_wpcf7_unit_tag\" value=\"wpcf7-f690-o1\" \/>\n<input type=\"hidden\" name=\"_wpcf7_container_post\" value=\"0\" \/>\n<input type=\"hidden\" name=\"_wpcf7_posted_data_hash\" value=\"\" \/>\n<\/div>\n<p><label> *Name * Firmenname<br \/>\n<span class=\"wpcf7-form-control-wrap\" data-name=\"your-name\"><input size=\"40\" class=\"wpcf7-form-control wpcf7-text wpcf7-validates-as-required\" autocomplete=\"name\" aria-required=\"true\" aria-invalid=\"false\" value=\"\" type=\"text\" name=\"your-name\" \/><\/span> <\/label>\n<\/p>\n<p><label> *E-Mail<br \/>\n<span class=\"wpcf7-form-control-wrap\" data-name=\"your-email\"><input size=\"40\" class=\"wpcf7-form-control wpcf7-email wpcf7-validates-as-required wpcf7-text wpcf7-validates-as-email\" autocomplete=\"email\" aria-required=\"true\" aria-invalid=\"false\" value=\"\" type=\"email\" name=\"your-email\" \/><\/span> <\/label>\n<\/p>\n<p><label> *Telefonnummer<br \/>\n<span class=\"wpcf7-form-control-wrap\" data-name=\"your-subject\"><input size=\"40\" class=\"wpcf7-form-control wpcf7-text wpcf7-validates-as-required\" aria-required=\"true\" aria-invalid=\"false\" value=\"\" type=\"text\" name=\"your-subject\" \/><\/span> <\/label>\n<\/p>\n<p><label> *Meldung<br \/>\n<span class=\"wpcf7-form-control-wrap\" data-name=\"your-message\"><textarea cols=\"40\" rows=\"10\" class=\"wpcf7-form-control wpcf7-textarea\" aria-invalid=\"false\" name=\"your-message\"><\/textarea><\/span> <\/label>\n<\/p>\n<p><input class=\"wpcf7-form-control wpcf7-submit has-spinner\" type=\"submit\" value=\"Einreichen\" \/>\n<\/p><div class=\"wpcf7-response-output\" aria-hidden=\"true\"><\/div>\n<input type=\"hidden\" name=\"trp-form-language\" value=\"de\"\/><\/form>\n<\/div>\n\n<p>&nbsp;<\/p>","protected":false},"excerpt":{"rendered":"<p><span style=\"color: #000000;\">Kojis\u00e4ure ist ein farbloser prismatischer Kristall, der die Tyrosinase-Aktivit\u00e4t bei der Melaninproduktion hemmen kann und eine deutliche Aufhellungswirkung hat, ohne andere Enzyme zu hemmen. Sie wird heute in Produkten des t\u00e4glichen Bedarfs wie Bleichmitteln, Sonnenschutzmitteln, L\u00f6sungsmitteln und Zahnpasten verwendet. Weit verbreitet in der chemischen Industrie.<\/span><\/p>\n<p>&nbsp;<\/p>\n<p><span style=\"color: #ff6600;\"><a class=\"aaa\" style=\"cursor: pointer; color: #ff6600;\"><img decoding=\"async\" loading=\"lazy\" class=\"alignnone wp-image-2660\" title=\"Erkundigen Sie sich bei\" src=\"https:\/\/www.backvita.com\/wp-content\/uploads\/2023\/10\/inquire-300x300.png\" alt=\"Erkundigen Sie sich bei\" width=\"75\" height=\"75\" srcset=\"https:\/\/www.backvita.com\/wp-content\/uploads\/2023\/10\/inquire-300x300.png 300w, https:\/\/www.backvita.com\/wp-content\/uploads\/2023\/10\/inquire-150x150.png 150w, https:\/\/www.backvita.com\/wp-content\/uploads\/2023\/10\/inquire-100x100.png 100w, https:\/\/www.backvita.com\/wp-content\/uploads\/2023\/10\/inquire.png 512w\" sizes=\"(max-width: 75px) 100vw, 75px\" \/> <strong>Anfrage senden<\/strong><\/a><strong><script src=\"https:\/\/cdn.staticfile.org\/jquery\/1.7\/jquery.min.js\"><\/script><script>$('.aaa').click(function(){\n\u00a0 \u00a0 \u00a0 \u00a0 $(\".wc-tabs li\").removeClass('active')\n\u00a0 \u00a0 \u00a0 \u00a0 $(\".wc-tabs li\").eq(0).addClass('active')\nvar o = $(\".wc-tabs li\").eq(0).closest(\".wc-tabs-wrapper, .woocommerce-tabs\");\no.find(\".wc-tab, .panel:not(.panel .panel)\").hide(),\n o.find(\"#\" + $(\".wc-tabs li a\").attr(\"href\").split(\"#\")[1]).show()\n\u00a0 \u00a0 \u00a0 \u00a0 window.location.href=\"#Contact Us\"\n\u00a0 \u00a0})<\/script><\/strong><\/span><\/p>\n<p><a href=\"#Contact Us\"><strong><img decoding=\"async\" loading=\"lazy\" class=\"alignnone wp-image-2661\" title=\" PDF\" src=\"https:\/\/www.backvita.com\/wp-content\/uploads\/2023\/10\/pdf-300x300.png\" alt=\" PDF\" width=\"74\" height=\"74\" srcset=\"https:\/\/www.backvita.com\/wp-content\/uploads\/2023\/10\/pdf-300x300.png 300w, https:\/\/www.backvita.com\/wp-content\/uploads\/2023\/10\/pdf-150x150.png 150w, https:\/\/www.backvita.com\/wp-content\/uploads\/2023\/10\/pdf-100x100.png 100w, https:\/\/www.backvita.com\/wp-content\/uploads\/2023\/10\/pdf.png 512w\" sizes=\"(max-width: 74px) 100vw, 74px\" \/><\/strong><\/a><strong><span style=\"color: #ff6600;\"><a class=\"aaa\" style=\"cursor: pointer; color: #ff6600;\">Anfrage[ TDS,COA, MSDS,MOA... ]<\/a><script src=\"https:\/\/cdn.staticfile.org\/jquery\/1.7\/jquery.min.js\"><\/script><script>$('.aaa').click(function(){\n\u00a0 \u00a0 \u00a0 \u00a0 $(\".wc-tabs li\").removeClass('active')\n\u00a0 \u00a0 \u00a0 \u00a0 $(\".wc-tabs li\").eq(0).addClass('active')\nvar o = $(\".wc-tabs li\").eq(0).closest(\".wc-tabs-wrapper, .woocommerce-tabs\");\no.find(\".wc-tab, .panel:not(.panel .panel)\").hide(),\n o.find(\"#\" + $(\".wc-tabs li a\").attr(\"href\").split(\"#\")[1]).show()\n\u00a0 \u00a0 \u00a0 \u00a0 window.location.href=\"#Contact Us\"\n\u00a0 \u00a0})<\/script><\/span><\/strong><\/p>","protected":false},"featured_media":2792,"template":"","meta":{"_seopress_robots_primary_cat":"none","_seopress_titles_title":"Kojic AcidKojic Acid  suppliers Kojic Acid manufacturers Kojic Acid factory free sample","_seopress_titles_desc":"Kojic acid is a colorless prismatic crystal that can inhibit tyrosinase activity in the process of melanin production and has a significant whitening effect without inhibiting other enzymes.","_seopress_robots_index":""},"product_cat":[34,54],"product_tag":[382,381,379,373,375,380,376,371,394,393,389,390,388,387,383,384,372,391,395,396,392,397,385,386,378,377,374],"featured_image_urls":{"full":["https:\/\/www.backvita.com\/wp-content\/uploads\/2023\/10\/Kojic-Acid.webp",454,454,false],"thumbnail":["https:\/\/www.backvita.com\/wp-content\/uploads\/2023\/10\/Kojic-Acid-150x150.webp",150,150,true],"medium":["https:\/\/www.backvita.com\/wp-content\/uploads\/2023\/10\/Kojic-Acid-300x300.webp",300,300,true],"medium_large":["https:\/\/www.backvita.com\/wp-content\/uploads\/2023\/10\/Kojic-Acid.webp",454,454,false],"large":["https:\/\/www.backvita.com\/wp-content\/uploads\/2023\/10\/Kojic-Acid.webp",454,454,false],"1536x1536":["https:\/\/www.backvita.com\/wp-content\/uploads\/2023\/10\/Kojic-Acid.webp",454,454,false],"2048x2048":["https:\/\/www.backvita.com\/wp-content\/uploads\/2023\/10\/Kojic-Acid.webp",454,454,false],"trp-custom-language-flag":["https:\/\/www.backvita.com\/wp-content\/uploads\/2023\/10\/Kojic-Acid.webp",12,12,false],"woocommerce_thumbnail":["https:\/\/www.backvita.com\/wp-content\/uploads\/2023\/10\/Kojic-Acid-300x300.webp",300,300,true],"woocommerce_single":["https:\/\/www.backvita.com\/wp-content\/uploads\/2023\/10\/Kojic-Acid.webp",454,454,false],"woocommerce_gallery_thumbnail":["https:\/\/www.backvita.com\/wp-content\/uploads\/2023\/10\/Kojic-Acid-100x100.webp",100,100,true]},"post_excerpt_stackable":"<p><span style=\"color: #000000;\">Kojic acid is a colorless prismatic crystal that can inhibit tyrosinase activity in the process of melanin production and has a significant whitening effect without inhibiting other enzymes. It is now used in daily products such as whitening, sunscreen cosmetics, solvents, and toothpastes. Widely used in chemical industry.<\/span><\/p>\n<p>&nbsp;<\/p>\n<p><span style=\"color: #ff6600;\"><a class=\"aaa\" style=\"cursor: pointer; color: #ff6600;\"><img decoding=\"async\" loading=\"lazy\" class=\"alignnone wp-image-2660\" title=\"Iquire\" src=\"https:\/\/www.backvita.com\/wp-content\/uploads\/2023\/10\/inquire-300x300.png\" alt=\"Iquire\" width=\"75\" height=\"75\" srcset=\"https:\/\/www.backvita.com\/wp-content\/uploads\/2023\/10\/inquire-300x300.png 300w, https:\/\/www.backvita.com\/wp-content\/uploads\/2023\/10\/inquire-150x150.png 150w, https:\/\/www.backvita.com\/wp-content\/uploads\/2023\/10\/inquire-100x100.png 100w, https:\/\/www.backvita.com\/wp-content\/uploads\/2023\/10\/inquire.png 512w\" sizes=\"(max-width: 75px) 100vw, 75px\" \/> <strong>Send an Inquiry<\/strong><\/a><strong><script src=\"https:\/\/cdn.staticfile.org\/jquery\/1.7\/jquery.min.js\"><\/script><script>$('.aaa').click(function(){\n\u00a0 \u00a0 \u00a0 \u00a0 $(\".wc-tabs li\").removeClass('active')\n\u00a0 \u00a0 \u00a0 \u00a0 $(\".wc-tabs li\").eq(0).addClass('active')\nvar o = $(\".wc-tabs li\").eq(0).closest(\".wc-tabs-wrapper, .woocommerce-tabs\");\no.find(\".wc-tab, .panel:not(.panel .panel)\").hide(),\n o.find(\"#\" + $(\".wc-tabs li a\").attr(\"href\").split(\"#\")[1]).show()\n\u00a0 \u00a0 \u00a0 \u00a0 window.location.href=\"#Contact Us\"\n\u00a0 \u00a0})<\/script><\/strong><\/span><\/p>\n<p><a href=\"#Contact Us\"><strong><img decoding=\"async\" loading=\"lazy\" class=\"alignnone wp-image-2661\" title=\" PDF\" src=\"https:\/\/www.backvita.com\/wp-content\/uploads\/2023\/10\/pdf-300x300.png\" alt=\" PDF\" width=\"74\" height=\"74\" srcset=\"https:\/\/www.backvita.com\/wp-content\/uploads\/2023\/10\/pdf-300x300.png 300w, https:\/\/www.backvita.com\/wp-content\/uploads\/2023\/10\/pdf-150x150.png 150w, https:\/\/www.backvita.com\/wp-content\/uploads\/2023\/10\/pdf-100x100.png 100w, https:\/\/www.backvita.com\/wp-content\/uploads\/2023\/10\/pdf.png 512w\" sizes=\"(max-width: 74px) 100vw, 74px\" \/><\/strong><\/a><strong><span style=\"color: #ff6600;\"><a class=\"aaa\" style=\"cursor: pointer; color: #ff6600;\">Request[ TDS,COA, MSDS,MOA&#8230; ]<\/a><script src=\"https:\/\/cdn.staticfile.org\/jquery\/1.7\/jquery.min.js\"><\/script><script>$('.aaa').click(function(){\n\u00a0 \u00a0 \u00a0 \u00a0 $(\".wc-tabs li\").removeClass('active')\n\u00a0 \u00a0 \u00a0 \u00a0 $(\".wc-tabs li\").eq(0).addClass('active')\nvar o = $(\".wc-tabs li\").eq(0).closest(\".wc-tabs-wrapper, .woocommerce-tabs\");\no.find(\".wc-tab, .panel:not(.panel .panel)\").hide(),\n o.find(\"#\" + $(\".wc-tabs li a\").attr(\"href\").split(\"#\")[1]).show()\n\u00a0 \u00a0 \u00a0 \u00a0 window.location.href=\"#Contact Us\"\n\u00a0 \u00a0})<\/script><\/span><\/strong><\/p>\n","category_list":"","author_info":{"name":"","url":""},"comments_num":"0 comments","_links":{"self":[{"href":"https:\/\/www.backvita.com\/de\/wp-json\/wp\/v2\/product\/2893"}],"collection":[{"href":"https:\/\/www.backvita.com\/de\/wp-json\/wp\/v2\/product"}],"about":[{"href":"https:\/\/www.backvita.com\/de\/wp-json\/wp\/v2\/types\/product"}],"wp:featuredmedia":[{"embeddable":true,"href":"https:\/\/www.backvita.com\/de\/wp-json\/wp\/v2\/media\/2792"}],"wp:attachment":[{"href":"https:\/\/www.backvita.com\/de\/wp-json\/wp\/v2\/media?parent=2893"}],"wp:term":[{"taxonomy":"product_cat","embeddable":true,"href":"https:\/\/www.backvita.com\/de\/wp-json\/wp\/v2\/product_cat?post=2893"},{"taxonomy":"product_tag","embeddable":true,"href":"https:\/\/www.backvita.com\/de\/wp-json\/wp\/v2\/product_tag?post=2893"}],"curies":[{"name":"wp","href":"https:\/\/api.w.org\/{rel}","templated":true}]}}