{"id":2895,"date":"2023-11-04T14:25:33","date_gmt":"2023-11-04T06:25:33","guid":{"rendered":"https:\/\/www.backvita.com\/?post_type=product&#038;p=2895"},"modified":"2024-02-07T12:50:00","modified_gmt":"2024-02-07T04:50:00","slug":"beta-arbutin-suppliers-beta-arbutin-manufacturers-beta-arbutin-factory-free-sample","status":"publish","type":"product","link":"https:\/\/www.backvita.com\/de\/product\/beta-arbutin-lieferanten-beta-arbutin-hersteller-beta-arbutin-fabrik-kostenlose-probe\/","title":{"rendered":"Beta Arbutin Lieferanten Beta Arbutin Hersteller Beta Arbutin Fabrik kostenlose Probe"},"content":{"rendered":"<div class=\"fl-col-group fl-node-636b050ee8059\" data-node=\"636b050ee8059\">\n<div class=\"fl-col fl-node-636b050ee8098\" data-node=\"636b050ee8098\">\n<div class=\"fl-col-content fl-node-content\">\n<div class=\"fl-module fl-module-rich-text fl-node-636b050ee80d6\" data-node=\"636b050ee80d6\" data-animation-delay=\"0.0\">\n<div class=\"fl-module-content fl-node-content\">\n<div class=\"fl-rich-text\">\n<div class=\"content_box\">\n<h2 style=\"text-align: left;\">Beta Arbutin Einf\u00fchrung<\/h2>\n<\/div>\n<p>Arbutin, auch bekannt als Arbutin, hat die chemische Bezeichnung 4-Hydroxyphenyl-D-glucopyranosid und eine relative Molekularmasse von 272,25. Es ist ein nat\u00fcrlich vorkommendes Glykosid, das aus gr\u00fcnen Pflanzen gewonnen wird und Bestandteil vieler resistenter gefriergetrockneter Pflanzen wie Weizen, Birnen und B\u00e4rentrauben aus der Familie der Rhododendrongew\u00e4chse ist, die reich an gel\u00f6sten Stoffen sind. Sie erscheinen als wei\u00dfe, nadelf\u00f6rmige Kristalle oder Pulver. Sie sind leicht l\u00f6slich in hei\u00dfem Wasser, Methanol, Ethanol, Propylenglykol und Glycerin und unl\u00f6slich in Ether, Chloroform und Petroleum. L\u00f6sungsmittel wie Ether.<\/p>\n<p>Beta-Arbutin, auch bekannt als 4-Hydroxyphenyl-beta-D-glucopyranosid, wird haupts\u00e4chlich zur Bindung an die Tyrosinase der Melanozyten in der Haut und zur Hemmung der Tyrosinase-Aktivit\u00e4t verwendet. Tyrosinase ist ein Schl\u00fcsselenzym f\u00fcr die Melanozyten der Haut, um Melanin zu synthetisieren. Wird seine Funktion gehemmt, k\u00f6nnen sie kein Melanin produzieren. Die Verringerung des Melanins in der Haut hat den Effekt der Aufhellung und der hellen Flecken, so dass Arbutin haupts\u00e4chlich zur Aufhellung der Haut und zur Entfernung schwarzer Hautflecken verwendet wird.<\/p>\n<table style=\"height: 249px;\" width=\"1315\">\n<tbody>\n<tr>\n<td width=\"219\"><strong>Produktname<\/strong><\/td>\n<td width=\"466\">Beta-Arbutin<\/td>\n<\/tr>\n<tr>\n<td><strong>CAS-Nr.<\/strong><\/td>\n<td>497-76-7<\/td>\n<\/tr>\n<tr>\n<td><strong>Lateinischer Name<\/strong><\/td>\n<td>Vaccinium vitis-idaea Linn<\/td>\n<\/tr>\n<tr>\n<td><strong>Erscheinungsbild<\/strong><\/td>\n<td>wei\u00dfes Pulver<\/td>\n<\/tr>\n<tr>\n<td><strong>Spezifikationen<\/strong><\/td>\n<td>99.5%<\/td>\n<\/tr>\n<tr>\n<td><strong>Pakete<\/strong><\/td>\n<td>1kg\/Sack, 25kg\/Fass<\/td>\n<\/tr>\n<tr>\n<td><strong>Lagerung<\/strong><\/td>\n<td>Feuchtigkeitsschutz und lichtgesch\u00fctzte, geschlossene Lagerung vermeiden.<\/td>\n<\/tr>\n<tr>\n<td><strong>Pr\u00fcfverfahren<\/strong><\/td>\n<td>HPLC<\/td>\n<\/tr>\n<\/tbody>\n<\/table>\n<p>&nbsp;<\/p>\n<\/div>\n<\/div>\n<h2 style=\"text-align: left;\">Der Aufhellungsmechanismus von Arbutin<\/h2>\n<p>Der Gehalt und die Verteilung von Melanin sind die wichtigsten Faktoren, die die Tiefe der Hautfarbe bestimmen. Melanin wird in Melanozyten in der Basalschicht der Epidermis der Haut gebildet. Es wird schlie\u00dflich aus Tyrosin unter der Einwirkung von Tyrosinase durch eine Reihe komplexer biochemischer Reaktionen gebildet. Es wird von der Basalschicht \u00fcber Synapsen von innen nach au\u00dfen auf die \u00e4u\u00dfere Schicht der Epidermis \u00fcbertragen. F\u00e4rben Sie die Haut.<\/p>\n<p>Tyrosinase hat eine Tyrosin-Hydroxylase-Aktivit\u00e4t (katalysiert Tyrosin zur Herstellung von Dopa) und eine Dopa-Oxidase-Aktivit\u00e4t (katalysiert Dopa zur Herstellung von Dopaquinon). Im Prozess der Melaninbildung ist sie das wichtigste geschwindigkeitsbeschr\u00e4nkende Enzym. Seine Aktivit\u00e4t bestimmt die Menge des gebildeten Melanins.<\/p>\n<p>Arbutin ist ein Tyrosinase-Inhibitor, der die Tyrosinase-Aktivit\u00e4t wirksam hemmen kann, ohne die Konzentration der Zellproliferation zu beeintr\u00e4chtigen. Es konkurriert um die Bindung von Dopa durch seine direkte Bindung an die Tyrosinase. Site, blockiert die Synthese von Dopa und Dopaquinon, wodurch mit Melanozyten st\u00f6ren und hemmt die Produktion von Melanin. Gleichzeitig hat es auch die Funktion, gebildetes Melanin zu verd\u00fcnnen, den Abbau und die Ausscheidung von Melanin zu beschleunigen, die Pigmentierung der Haut zu verringern und Flecken und Sommersprossen zu entfernen.<\/p>\n<\/div>\n<p>&nbsp;<\/p>\n<\/div>\n<\/div>\n<\/div>\n<div class=\"fl-col-group fl-node-636b050ee8113 fl-col-group-equal-height fl-col-group-align-center\" data-node=\"636b050ee8113\">\n<div class=\"fl-col fl-node-636b050ee8151\" data-node=\"636b050ee8151\">\n<div class=\"fl-col-content fl-node-content\">\n<div class=\"fl-module fl-module-rich-text fl-node-636b050ee81d4\" data-node=\"636b050ee81d4\" data-animation-delay=\"0.0\">\n<div class=\"fl-module-content fl-node-content\">\n<div class=\"fl-rich-text\">\n<div class=\"content_box\">\n<h2 style=\"text-align: left;\">Wichtigste Spezifikationen von Beta Arbutin<\/h2>\n<\/div>\n<p>Beta-Arbutin-Kristall 98% HPLC<br \/>\nBeta-Arbutin-Kristall 99.5% HPLC<\/p>\n<p>&nbsp;<\/p>\n<\/div>\n<\/div>\n<\/div>\n<\/div>\n<\/div>\n<div class=\"fl-photo-content fl-photo-img-jpg\"><\/div>\n<\/div>\n<div class=\"fl-col-group fl-node-636b050ee8251\" data-node=\"636b050ee8251\">\n<div class=\"fl-col fl-node-636b050ee828f\" data-node=\"636b050ee828f\">\n<div class=\"fl-col-content fl-node-content\">\n<div class=\"fl-module fl-module-rich-text fl-node-636b050ee82cd\" data-node=\"636b050ee82cd\" data-animation-delay=\"0.0\">\n<div class=\"fl-module-content fl-node-content\">\n<div class=\"fl-rich-text\">\n<div class=\"content_box\">\n<h2>Vorteile von Beta Arbutin<\/h2>\n<\/div>\n<p>Beta Arbutin wirkt als Aufheller und reduziert das Melanin in der Haut.<br \/>\nBeta Arbutin kann die Poren verengen und die Haut straffen.<br \/>\nBeta Arbutin gilt auch als antiseptischer und entz\u00fcndungshemmender Inhaltsstoff.<\/p>\n<p>&nbsp;<\/p>\n<\/div>\n<\/div>\n<\/div>\n<\/div>\n<\/div>\n<\/div>\n<h2 style=\"text-align: left;\"><strong>Spezifikation (TDS) von <\/strong><strong>\u03b2<\/strong><strong>-Arbutin<\/strong><\/h2>\n<table style=\"height: 1469px;\" width=\"1354\">\n<tbody>\n<tr>\n<td width=\"251\"><strong>Analyse-Elemente<\/strong><\/td>\n<td width=\"263\"><strong>Spezifikationen<\/strong><\/td>\n<td width=\"175\"><strong>Methoden<\/strong><\/td>\n<\/tr>\n<tr>\n<td colspan=\"3\" width=\"690\"><strong>Wirkstofftests<\/strong><\/td>\n<\/tr>\n<tr>\n<td width=\"251\"><strong>\u03b2-Arbutin<\/strong><\/td>\n<td width=\"263\">\u226599.5%<\/td>\n<td width=\"175\">HPLC<\/td>\n<\/tr>\n<tr>\n<td width=\"251\"><strong>Hydrochinon<\/strong><\/td>\n<td width=\"263\">\u226410ppm<\/td>\n<td width=\"175\">HPLC<\/td>\n<\/tr>\n<tr>\n<td colspan=\"3\" width=\"690\"><strong>Physikalische Tests<\/strong><\/td>\n<\/tr>\n<tr>\n<td width=\"251\"><strong>Erscheinungsbild<\/strong><\/td>\n<td width=\"263\">Wei\u00dfes Kristallpulver<\/td>\n<td width=\"175\">Visuell<\/td>\n<\/tr>\n<tr>\n<td width=\"251\"><strong>Partikelgr\u00f6\u00dfe<\/strong><\/td>\n<td width=\"263\">95% Durchgang 60mesh<\/td>\n<td width=\"175\">Ch.P 2020 IV<\/td>\n<\/tr>\n<tr>\n<td width=\"251\"><strong>Schmelzpunkt<\/strong><\/td>\n<td width=\"263\">199~201\u2103\u00b10.5\u2103<\/td>\n<td width=\"175\">Ch.P 2020 IV<\/td>\n<\/tr>\n<tr>\n<td width=\"251\"><strong>Spezifische optische Drehung<\/strong><\/td>\n<td width=\"263\">[a]D20= -64~-66,0\u00b0\u00b12\u00b0<\/td>\n<td width=\"175\">Ch.P 2020 IV<\/td>\n<\/tr>\n<tr>\n<td width=\"251\"><strong>pH-Wert (1%-L\u00f6sung)<\/strong><\/td>\n<td width=\"263\">5.0 ~7.0<\/td>\n<td width=\"175\">Ch.P 2020 IV<\/td>\n<\/tr>\n<tr>\n<td width=\"251\"><strong>Wassergehalt<\/strong><\/td>\n<td width=\"263\">\u22640,50%<\/td>\n<td width=\"175\">GB 5009.3<\/td>\n<\/tr>\n<tr>\n<td width=\"251\"><strong>Asche gesamt<\/strong><\/td>\n<td width=\"263\">\u22640,50%<\/td>\n<td width=\"175\">GB 5009.4<\/td>\n<\/tr>\n<tr>\n<td colspan=\"3\" width=\"690\"><strong>Chemische Tests<\/strong><\/td>\n<\/tr>\n<tr>\n<td width=\"251\"><strong>Schwermetalle<\/strong><\/td>\n<td width=\"263\">\u226450.00ppm<\/td>\n<td width=\"175\">GB 5009.11<\/td>\n<\/tr>\n<tr>\n<td width=\"251\"><strong>Arsen<\/strong><\/td>\n<td width=\"263\">\u22643.00ppm<\/td>\n<td width=\"175\">GB 5009.11<\/td>\n<\/tr>\n<tr>\n<td width=\"251\"><strong>Blei<\/strong><\/td>\n<td width=\"263\">\u22645.00ppm<\/td>\n<td width=\"175\">GB 5009.12<\/td>\n<\/tr>\n<tr>\n<td width=\"251\"><strong>Kadmium<\/strong><\/td>\n<td width=\"263\">\u22642,00ppm<\/td>\n<td width=\"175\">GB 5009.15<\/td>\n<\/tr>\n<tr>\n<td width=\"251\"><strong>Quecksilber<\/strong><\/td>\n<td width=\"263\">\u22641,00ppm<\/td>\n<td width=\"175\">GB 5009.17<\/td>\n<\/tr>\n<tr>\n<td colspan=\"3\" width=\"690\"><strong>Mikrobiologische Tests<\/strong><\/td>\n<\/tr>\n<tr>\n<td width=\"251\"><strong>Gesamtbakterienzahl<\/strong><\/td>\n<td width=\"263\">\u2264300cfu\/g<\/td>\n<td width=\"175\">GB 4789.2<\/td>\n<\/tr>\n<tr>\n<td width=\"251\"><strong>Hefe und Schimmelpilze<\/strong><\/td>\n<td width=\"263\">\u226410cfu\/g<\/td>\n<td width=\"175\">GB 4789.15<\/td>\n<\/tr>\n<tr>\n<td width=\"251\"><strong>Coliforme<\/strong><\/td>\n<td width=\"263\">\u226490MPN\/100g<\/td>\n<td width=\"175\">GB 4789.3<\/td>\n<\/tr>\n<tr>\n<td width=\"251\"><strong>Salmonellen<\/strong><\/td>\n<td width=\"263\">Negativ<\/td>\n<td width=\"175\">GB 4789.4<\/td>\n<\/tr>\n<tr>\n<td width=\"251\"><strong>Staphylococcus aureus<\/strong><\/td>\n<td width=\"263\">Negativ<\/td>\n<td width=\"175\">GB 4789.10<\/td>\n<\/tr>\n<tr>\n<td width=\"251\"><strong>Shigella<\/strong><\/td>\n<td width=\"263\">Negativ<\/td>\n<td width=\"175\">GB 4789.5<\/td>\n<\/tr>\n<\/tbody>\n<\/table>\n<p>&nbsp;<\/p>\n<h2><span style=\"color: #ff9c00;\">Unser Rest-Easy-Service mit Mehrwert<\/span><\/h2>\n<p><em><strong><span style=\"color: #ff9c00;\">&gt;&gt;&gt;\u00a0 <\/span><\/strong><\/em><strong>Backvita verf\u00fcgt \u00fcber professionelle Techniker, die technische Support-Dokumente wie: Normen, Specs, COA, MOA,\u00a0<\/strong><strong>MSDS,<\/strong><strong>Flussdiagramm, Erkl\u00e4rungen, Chromatogramme, N\u00e4hrwertangaben, Stabilit\u00e4tspr\u00fcfung, usw.<\/strong><\/p>\n<p><strong><span style=\"color: #ff9c00;\">&gt;&gt;&gt; \u00a0<\/span>Wir versprechen Ihnen, Ihnen einzigartige Dienstleistungen anzubieten, damit Sie sich beim Kauf und Verkauf von Produkten keine Sorgen machen m\u00fcssen.<\/strong><\/p>\n<p><strong><span style=\"color: #ff9c00;\">&gt;&gt;&gt;<\/span>\u00a0 Unser globales E-Commerce-Datenanalystenteam verf\u00fcgt \u00fcber 10 Jahre Erfahrung in der Pflanzenextraktbranche. Es stellt Ihnen Datenberichte \u00fcber die L\u00e4nder zur Verf\u00fcgung, in denen Ihre Produkte verkauft werden, damit Sie fundierte Entscheidungen treffen k\u00f6nnen. Diese Datenberichte enthalten Verkaufsvolumen, Vertriebskan\u00e4le, Wettbewerbsanalysen und andere Informationen, die Ihnen helfen, die Marktnachfrage und -trends besser zu verstehen und so Ihre Beschaffungs- und Verkaufsstrategien zu optimieren.<\/strong><\/p>\n<p><strong><span style=\"color: #ff9c00;\">&gt;&gt;&gt;\u00a0<\/span> Zus\u00e4tzlich zu den Datenberichten stellen wir Ihnen regelm\u00e4\u00dfig Informationen \u00fcber marktrelevante Produkte und neue Produkte zur Verf\u00fcgung. Diese Informationen helfen Ihnen, sich \u00fcber potenzielle Chancen und Trends auf dem Markt auf dem Laufenden zu halten und Anpassungen und Entscheidungen auf der Grundlage der Marktanforderungen zu treffen.<\/strong><\/p>\n<p><strong><span style=\"color: #ff9c00;\">&gt;&gt;&gt;<\/span>\u00a0 Wenn Sie eine eigene, exklusive Marke haben, stellen wir Ihnen auch Werbematerialien und Plakate zur Verf\u00fcgung, mit denen Sie Ihr Markenimage und Ihren Bekanntheitsgrad steigern k\u00f6nnen. Unser Designteam entwirft exklusive Werbematerialien f\u00fcr Ihre Marke nach Ihren Bed\u00fcrfnissen und Anforderungen. Alle diese Mehrwertdienste werden den Kunden unserer Partner kostenlos zur Verf\u00fcgung gestellt.<\/strong><\/p>\n<p><strong><span style=\"color: #ff9c00;\">&gt;&gt;&gt;<\/span>\u00a0 Unser Ziel ist es, die Kunden in den Mittelpunkt zu stellen, Ihnen w\u00e4hrend des gesamten Prozesses einen sorgenfreien Service zu bieten und Ihnen zu mehr Leistung und Erfolg zu verhelfen.<\/strong><\/p>\n<p><strong><span style=\"color: #ff9c00;\">&gt;&gt;&gt;<\/span>\u00a0 Wenn Sie Fragen oder spezielle W\u00fcnsche zu unseren Mehrwertdiensten haben, k\u00f6nnen Sie sich gerne an uns wenden. Wir werden unser Bestes tun, um Ihnen zu helfen und Ihre Zufriedenheit zu gew\u00e4hrleisten. Nochmals vielen Dank f\u00fcr Ihre Unterst\u00fctzung und Aufmerksamkeit und wir freuen uns auf eine langfristige Zusammenarbeit mit Ihnen.<\/strong><\/p>\n<p>&nbsp;<\/p>\n<h2>Kontakt<a name=\"Contact Us\"><\/a><\/h2>\n\n<div class=\"wpcf7 no-js\" id=\"wpcf7-f690-o1\" lang=\"zh-CN\" dir=\"ltr\">\n<div class=\"screen-reader-response\"><p role=\"status\" aria-live=\"polite\" aria-atomic=\"true\"><\/p> <ul><\/ul><\/div>\n<form action=\"\/de\/wp-json\/wp\/v2\/product\/2895#wpcf7-f690-o1\" method=\"post\" class=\"wpcf7-form init\" aria-label=\"Contact form\" novalidate=\"novalidate\" data-status=\"init\" data-trp-original-action=\"\/de\/wp-json\/wp\/v2\/product\/2895#wpcf7-f690-o1\">\n<div style=\"display: none;\">\n<input type=\"hidden\" name=\"_wpcf7\" value=\"690\" \/>\n<input type=\"hidden\" name=\"_wpcf7_version\" value=\"5.8\" \/>\n<input type=\"hidden\" name=\"_wpcf7_locale\" value=\"zh_CN\" \/>\n<input type=\"hidden\" name=\"_wpcf7_unit_tag\" value=\"wpcf7-f690-o1\" \/>\n<input type=\"hidden\" name=\"_wpcf7_container_post\" value=\"0\" \/>\n<input type=\"hidden\" name=\"_wpcf7_posted_data_hash\" value=\"\" \/>\n<\/div>\n<p><label> *Name * Firmenname<br \/>\n<span class=\"wpcf7-form-control-wrap\" data-name=\"your-name\"><input size=\"40\" class=\"wpcf7-form-control wpcf7-text wpcf7-validates-as-required\" autocomplete=\"name\" aria-required=\"true\" aria-invalid=\"false\" value=\"\" type=\"text\" name=\"your-name\" \/><\/span> <\/label>\n<\/p>\n<p><label> *E-Mail<br \/>\n<span class=\"wpcf7-form-control-wrap\" data-name=\"your-email\"><input size=\"40\" class=\"wpcf7-form-control wpcf7-email wpcf7-validates-as-required wpcf7-text wpcf7-validates-as-email\" autocomplete=\"email\" aria-required=\"true\" aria-invalid=\"false\" value=\"\" type=\"email\" name=\"your-email\" \/><\/span> <\/label>\n<\/p>\n<p><label> *Telefonnummer<br \/>\n<span class=\"wpcf7-form-control-wrap\" data-name=\"your-subject\"><input size=\"40\" class=\"wpcf7-form-control wpcf7-text wpcf7-validates-as-required\" aria-required=\"true\" aria-invalid=\"false\" value=\"\" type=\"text\" name=\"your-subject\" \/><\/span> <\/label>\n<\/p>\n<p><label> *Meldung<br \/>\n<span class=\"wpcf7-form-control-wrap\" data-name=\"your-message\"><textarea cols=\"40\" rows=\"10\" class=\"wpcf7-form-control wpcf7-textarea\" aria-invalid=\"false\" name=\"your-message\"><\/textarea><\/span> <\/label>\n<\/p>\n<p><input class=\"wpcf7-form-control wpcf7-submit has-spinner\" type=\"submit\" value=\"Einreichen\" \/>\n<\/p><div class=\"wpcf7-response-output\" aria-hidden=\"true\"><\/div>\n<input type=\"hidden\" name=\"trp-form-language\" value=\"de\"\/><\/form>\n<\/div>\n\n<p>&nbsp;<\/p>","protected":false},"excerpt":{"rendered":"<p><span style=\"color: #000000;\">Beta-Arbutin, auch bekannt als 4-Hydroxyphenyl-beta-D-glucopyranosid, wird haupts\u00e4chlich zur Bindung an die Tyrosinase der Melanozyten in der Haut und zur Hemmung der Tyrosinase-Aktivit\u00e4t verwendet. Tyrosinase ist ein Schl\u00fcsselenzym f\u00fcr die Melanozyten der Haut, um Melanin zu synthetisieren. Wird seine Funktion gehemmt, k\u00f6nnen sie kein Melanin produzieren. Die Verringerung des Melanins in der Haut hat den Effekt der Aufhellung und der hellen Flecken, so dass Arbutin haupts\u00e4chlich zur Aufhellung der Haut und zur Entfernung schwarzer Hautflecken verwendet wird.<\/span><\/p>\n<p><span style=\"color: #ff6600;\"><a class=\"aaa\" style=\"cursor: pointer; color: #ff6600;\"><img decoding=\"async\" loading=\"lazy\" class=\"alignnone wp-image-2660\" title=\"Erkundigen Sie sich bei\" src=\"https:\/\/www.backvita.com\/wp-content\/uploads\/2023\/10\/inquire-300x300.png\" alt=\"Erkundigen Sie sich bei\" width=\"75\" height=\"75\" srcset=\"https:\/\/www.backvita.com\/wp-content\/uploads\/2023\/10\/inquire-300x300.png 300w, https:\/\/www.backvita.com\/wp-content\/uploads\/2023\/10\/inquire-150x150.png 150w, https:\/\/www.backvita.com\/wp-content\/uploads\/2023\/10\/inquire-100x100.png 100w, https:\/\/www.backvita.com\/wp-content\/uploads\/2023\/10\/inquire.png 512w\" sizes=\"(max-width: 75px) 100vw, 75px\" \/> <strong>Anfrage senden<\/strong><\/a><strong><script src=\"https:\/\/cdn.staticfile.org\/jquery\/1.7\/jquery.min.js\"><\/script><script>$('.aaa').click(function(){\n\u00a0 \u00a0 \u00a0 \u00a0 $(\".wc-tabs li\").removeClass('active')\n\u00a0 \u00a0 \u00a0 \u00a0 $(\".wc-tabs li\").eq(0).addClass('active')\nvar o = $(\".wc-tabs li\").eq(0).closest(\".wc-tabs-wrapper, .woocommerce-tabs\");\no.find(\".wc-tab, .panel:not(.panel .panel)\").hide(),\n o.find(\"#\" + $(\".wc-tabs li a\").attr(\"href\").split(\"#\")[1]).show()\n\u00a0 \u00a0 \u00a0 \u00a0 window.location.href=\"#Contact Us\"\n\u00a0 \u00a0})<\/script><\/strong><\/span><\/p>\n<p><strong><span style=\"color: #ff6600;\"><a style=\"color: #ff6600;\" href=\"#Contact Us\"><img decoding=\"async\" loading=\"lazy\" class=\"alignnone wp-image-2661\" title=\"PDF\" src=\"https:\/\/www.backvita.com\/wp-content\/uploads\/2023\/10\/pdf-300x300.png\" alt=\"PDF\" width=\"75\" height=\"75\" srcset=\"https:\/\/www.backvita.com\/wp-content\/uploads\/2023\/10\/pdf-300x300.png 300w, https:\/\/www.backvita.com\/wp-content\/uploads\/2023\/10\/pdf-150x150.png 150w, https:\/\/www.backvita.com\/wp-content\/uploads\/2023\/10\/pdf-100x100.png 100w, https:\/\/www.backvita.com\/wp-content\/uploads\/2023\/10\/pdf.png 512w\" sizes=\"(max-width: 75px) 100vw, 75px\" \/><\/a><a class=\"aaa\" style=\"cursor: pointer; color: #ff6600;\">Anfrage[ TDS,COA, MSDS,MOA... ]<\/a><script src=\"https:\/\/cdn.staticfile.org\/jquery\/1.7\/jquery.min.js\"><\/script><script>$('.aaa').click(function(){\n\u00a0 \u00a0 \u00a0 \u00a0 $(\".wc-tabs li\").removeClass('active')\n\u00a0 \u00a0 \u00a0 \u00a0 $(\".wc-tabs li\").eq(0).addClass('active')\nvar o = $(\".wc-tabs li\").eq(0).closest(\".wc-tabs-wrapper, .woocommerce-tabs\");\no.find(\".wc-tab, .panel:not(.panel .panel)\").hide(),\n o.find(\"#\" + $(\".wc-tabs li a\").attr(\"href\").split(\"#\")[1]).show()\n\u00a0 \u00a0 \u00a0 \u00a0 window.location.href=\"#Contact Us\"\n\u00a0 \u00a0})<\/script><\/span><\/strong><\/p>","protected":false},"featured_media":2794,"template":"","meta":{"_seopress_robots_primary_cat":"none","_seopress_titles_title":"Beta Arbutin  suppliers Beta Arbutin manufacturers Beta Arbutin factory free sample","_seopress_titles_desc":"The reduction of melanin in the skin has the effect of whitening and light spots, so Arbutin is mainly used in skin whiten and remove black skin spots.","_seopress_robots_index":""},"product_cat":[34,54],"product_tag":[438,430,426,450,449,445,446,444,443,439,440,427,447,451,452,448,453,441,442,437,435,428,431,436,432,434,433,429],"featured_image_urls":{"full":["https:\/\/www.backvita.com\/wp-content\/uploads\/2023\/10\/Beta-Arbutin.webp",436,354,false],"thumbnail":["https:\/\/www.backvita.com\/wp-content\/uploads\/2023\/10\/Beta-Arbutin-150x150.webp",150,150,true],"medium":["https:\/\/www.backvita.com\/wp-content\/uploads\/2023\/10\/Beta-Arbutin-300x244.webp",300,244,true],"medium_large":["https:\/\/www.backvita.com\/wp-content\/uploads\/2023\/10\/Beta-Arbutin.webp",436,354,false],"large":["https:\/\/www.backvita.com\/wp-content\/uploads\/2023\/10\/Beta-Arbutin.webp",436,354,false],"1536x1536":["https:\/\/www.backvita.com\/wp-content\/uploads\/2023\/10\/Beta-Arbutin.webp",436,354,false],"2048x2048":["https:\/\/www.backvita.com\/wp-content\/uploads\/2023\/10\/Beta-Arbutin.webp",436,354,false],"trp-custom-language-flag":["https:\/\/www.backvita.com\/wp-content\/uploads\/2023\/10\/Beta-Arbutin.webp",15,12,false],"woocommerce_thumbnail":["https:\/\/www.backvita.com\/wp-content\/uploads\/2023\/10\/Beta-Arbutin-300x300.webp",300,300,true],"woocommerce_single":["https:\/\/www.backvita.com\/wp-content\/uploads\/2023\/10\/Beta-Arbutin.webp",436,354,false],"woocommerce_gallery_thumbnail":["https:\/\/www.backvita.com\/wp-content\/uploads\/2023\/10\/Beta-Arbutin-100x100.webp",100,100,true]},"post_excerpt_stackable":"<p><span style=\"color: #000000;\">Beta Arbutin, also known as 4-Hydroxyphenyl-beta-D-glucopyranoside, is mainly used to bind to tyrosinase of melanocytes in the skin and inhibit tyrosinase activity. Tyrosinase is a key enzyme for skin melanocytes to synthesize melanin. If its function is inhibited, it cannot produce melanin. The reduction of melanin in the skin has the effect of whitening and light spots, so Arbutin is mainly used in skin whiten and remove black skin spots.<\/span><\/p>\n<p><span style=\"color: #ff6600;\"><a class=\"aaa\" style=\"cursor: pointer; color: #ff6600;\"><img decoding=\"async\" loading=\"lazy\" class=\"alignnone wp-image-2660\" title=\"Iquire\" src=\"https:\/\/www.backvita.com\/wp-content\/uploads\/2023\/10\/inquire-300x300.png\" alt=\"Iquire\" width=\"75\" height=\"75\" srcset=\"https:\/\/www.backvita.com\/wp-content\/uploads\/2023\/10\/inquire-300x300.png 300w, https:\/\/www.backvita.com\/wp-content\/uploads\/2023\/10\/inquire-150x150.png 150w, https:\/\/www.backvita.com\/wp-content\/uploads\/2023\/10\/inquire-100x100.png 100w, https:\/\/www.backvita.com\/wp-content\/uploads\/2023\/10\/inquire.png 512w\" sizes=\"(max-width: 75px) 100vw, 75px\" \/> <strong>Send an Inquiry<\/strong><\/a><strong><script src=\"https:\/\/cdn.staticfile.org\/jquery\/1.7\/jquery.min.js\"><\/script><script>$('.aaa').click(function(){\n\u00a0 \u00a0 \u00a0 \u00a0 $(\".wc-tabs li\").removeClass('active')\n\u00a0 \u00a0 \u00a0 \u00a0 $(\".wc-tabs li\").eq(0).addClass('active')\nvar o = $(\".wc-tabs li\").eq(0).closest(\".wc-tabs-wrapper, .woocommerce-tabs\");\no.find(\".wc-tab, .panel:not(.panel .panel)\").hide(),\n o.find(\"#\" + $(\".wc-tabs li a\").attr(\"href\").split(\"#\")[1]).show()\n\u00a0 \u00a0 \u00a0 \u00a0 window.location.href=\"#Contact Us\"\n\u00a0 \u00a0})<\/script><\/strong><\/span><\/p>\n<p><strong><span style=\"color: #ff6600;\"><a style=\"color: #ff6600;\" href=\"#Contact Us\"><img decoding=\"async\" loading=\"lazy\" class=\"alignnone wp-image-2661\" title=\"PDF\" src=\"https:\/\/www.backvita.com\/wp-content\/uploads\/2023\/10\/pdf-300x300.png\" alt=\"PDF\" width=\"75\" height=\"75\" srcset=\"https:\/\/www.backvita.com\/wp-content\/uploads\/2023\/10\/pdf-300x300.png 300w, https:\/\/www.backvita.com\/wp-content\/uploads\/2023\/10\/pdf-150x150.png 150w, https:\/\/www.backvita.com\/wp-content\/uploads\/2023\/10\/pdf-100x100.png 100w, https:\/\/www.backvita.com\/wp-content\/uploads\/2023\/10\/pdf.png 512w\" sizes=\"(max-width: 75px) 100vw, 75px\" \/><\/a><a class=\"aaa\" style=\"cursor: pointer; color: #ff6600;\">Request[ TDS,COA, MSDS,MOA&#8230; ]<\/a><script src=\"https:\/\/cdn.staticfile.org\/jquery\/1.7\/jquery.min.js\"><\/script><script>$('.aaa').click(function(){\n\u00a0 \u00a0 \u00a0 \u00a0 $(\".wc-tabs li\").removeClass('active')\n\u00a0 \u00a0 \u00a0 \u00a0 $(\".wc-tabs li\").eq(0).addClass('active')\nvar o = $(\".wc-tabs li\").eq(0).closest(\".wc-tabs-wrapper, .woocommerce-tabs\");\no.find(\".wc-tab, .panel:not(.panel .panel)\").hide(),\n o.find(\"#\" + $(\".wc-tabs li a\").attr(\"href\").split(\"#\")[1]).show()\n\u00a0 \u00a0 \u00a0 \u00a0 window.location.href=\"#Contact Us\"\n\u00a0 \u00a0})<\/script><\/span><\/strong><\/p>\n","category_list":"","author_info":{"name":"","url":""},"comments_num":"0 comments","_links":{"self":[{"href":"https:\/\/www.backvita.com\/de\/wp-json\/wp\/v2\/product\/2895"}],"collection":[{"href":"https:\/\/www.backvita.com\/de\/wp-json\/wp\/v2\/product"}],"about":[{"href":"https:\/\/www.backvita.com\/de\/wp-json\/wp\/v2\/types\/product"}],"wp:featuredmedia":[{"embeddable":true,"href":"https:\/\/www.backvita.com\/de\/wp-json\/wp\/v2\/media\/2794"}],"wp:attachment":[{"href":"https:\/\/www.backvita.com\/de\/wp-json\/wp\/v2\/media?parent=2895"}],"wp:term":[{"taxonomy":"product_cat","embeddable":true,"href":"https:\/\/www.backvita.com\/de\/wp-json\/wp\/v2\/product_cat?post=2895"},{"taxonomy":"product_tag","embeddable":true,"href":"https:\/\/www.backvita.com\/de\/wp-json\/wp\/v2\/product_tag?post=2895"}],"curies":[{"name":"wp","href":"https:\/\/api.w.org\/{rel}","templated":true}]}}