{"id":2898,"date":"2023-11-04T14:28:11","date_gmt":"2023-11-04T06:28:11","guid":{"rendered":"https:\/\/www.backvita.com\/?post_type=product&#038;p=2898"},"modified":"2024-02-07T12:39:19","modified_gmt":"2024-02-07T04:39:19","slug":"jasmin-tea-powder-suppliers-jasmin-tea-powder-manufacturers-jasmin-tea-powder-factory-free-sample","status":"publish","type":"product","link":"https:\/\/www.backvita.com\/de\/product\/jasmin-tee-pulver-lieferanten-jasmin-tee-pulver-hersteller-jasmin-tee-pulver-fabrik-kostenlose-probe\/","title":{"rendered":"Jasmintee-Pulver Lieferanten Jasmintee-Pulver Hersteller Jasmintee-Pulver Fabrik kostenlose Probe"},"content":{"rendered":"<h2 style=\"text-align: left;\">Jasminteepulver I<b>ntroduction<\/b><\/h2>\n<p><strong><em>Jasmin-Pulver (superfein 100 mesh) <\/em><\/strong>ist ein reines Pulver aus trockenen Jasminbl\u00fcten, fein verteilt, ohne Verunreinigungen, ohne Agglomeration und ohne Schimmel, mit Jasminaroma und -geschmack. Weit verbreitet f\u00fcr Speiseeis, Geb\u00e4ck, Mahlzeit Ersatz Pulver und so weiter.<\/p>\n<table style=\"height: 247px;\" width=\"1313\">\n<tbody>\n<tr>\n<td width=\"219\"><strong>Produktname<\/strong><\/td>\n<td width=\"466\">Jasmintee-Pulver<\/td>\n<\/tr>\n<tr>\n<td><strong>CAS-Nr.<\/strong><\/td>\n<td>91722-88-2<\/td>\n<\/tr>\n<tr>\n<td><strong>Lateinischer Name<\/strong><\/td>\n<td>Jasmineofficinale<\/td>\n<\/tr>\n<tr>\n<td><strong>Erscheinungsbild<\/strong><\/td>\n<td>Braun-gelbes Pulver<\/td>\n<\/tr>\n<tr>\n<td><strong>Spezifikationen<\/strong><\/td>\n<td>Reines braungelbes Pulver<\/td>\n<\/tr>\n<tr>\n<td><strong>Pakete<\/strong><\/td>\n<td>1kg\/Sack, 25kg\/Fass<\/td>\n<\/tr>\n<tr>\n<td><strong>Lagerung<\/strong><\/td>\n<td>Feuchtigkeitsschutz und lichtgesch\u00fctzte, geschlossene Lagerung vermeiden.<\/td>\n<\/tr>\n<tr>\n<td><strong>Pr\u00fcfverfahren<\/strong><\/td>\n<td>TLC<\/td>\n<\/tr>\n<\/tbody>\n<\/table>\n<h2><\/h2>\n<h2 style=\"text-align: left;\">Die Funktionen von Jasminteepulver<\/h2>\n<p>Jasminteepulver enth\u00e4lt mehr als 20 Verbindungen wie fl\u00fcchtige \u00f6lige Substanzen, Jasmin, Linalool und Linaloolbenzoat. Wenn Sie damit Ihren Mund sp\u00fclen, k\u00f6nnen Sie nicht nur Fett entfernen, sondern auch die Z\u00e4hne st\u00e4rken und Mundgeruch verhindern.<\/p>\n<p>Jasminteepulver hat auch die Wirkung von Sch\u00f6nheit und Gewichtsverlust. Die Kombination von Jasminbl\u00fcten und rosa Rosen hat eine deutliche schlankmachende Wirkung.<\/p>\n<p>Jasminteepulver hat auch die Wirkungen von Jasmintee: F\u00f6rderung des Qi und Linderung von Schmerzen, Linderung von Depressionen und Aufl\u00f6sung von Stagnation. Es ist auch wirksam bei der Behandlung von chronischen Magenerkrankungen und Menstruationsbeschwerden.<\/p>\n<p>Jasminteepulver hat auch die Wirkung, die Nerven zu entspannen, Depressionen zu lindern, den Geist zu erheben, Spannungen zu beseitigen und zu einer stabilen Stimmung beizutragen.<\/p>\n<p>Jasminteepulver kann Schwellungen und Schmerzen bei roten Augen und Tr\u00e4nen im Wind behandeln. Verwenden Sie eine angemessene Menge von Jasmin Abkochung in Wasser zu r\u00e4uchern und waschen, oder nehmen Sie es mit Gei\u00dfblatt und Chrysantheme in Abkochung.<\/p>\n<p>Jasminteepulver wirkt antibakteriell und bakteriostatisch und hat eine bakterient\u00f6tende Wirkung auf Dysenterie, Typhus, Paratyphus und Bazillen. Es hat eine hemmende Wirkung auf eine Vielzahl von Bakterien. Es kann innerlich und \u00e4u\u00dferlich zur Behandlung von entz\u00fcndlichen Erkrankungen wie roten Augen, Wunden und Hautgeschw\u00fcren verwendet werden.<\/p>\n<p>&nbsp;<\/p>\n<h2 style=\"text-align: left;\"><strong>Spezifikation (TDS) von Jasmintee-Pulver \u00a0<\/strong><\/h2>\n<table style=\"height: 1291px;\" width=\"1360\">\n<tbody>\n<tr>\n<td width=\"213\"><strong>Analyse-Elemente<\/strong><\/td>\n<td width=\"213\"><strong>Spezifikationen<\/strong><\/td>\n<td width=\"213\"><strong>Methoden<\/strong><\/td>\n<\/tr>\n<tr>\n<td colspan=\"3\" width=\"639\"><strong>Physikalische Tests<\/strong><\/td>\n<\/tr>\n<tr>\n<td width=\"213\"><strong>Erscheinungsbild<\/strong><\/td>\n<td width=\"213\">Hellgelb Feines Pulver<\/td>\n<td width=\"213\">Visuell<\/td>\n<\/tr>\n<tr>\n<td width=\"213\"><strong>Geruch<\/strong><\/td>\n<td width=\"213\">Charakteristisch<\/td>\n<td width=\"213\">Organoleptisch<\/td>\n<\/tr>\n<tr>\n<td width=\"213\"><strong>Geschmack<\/strong><\/td>\n<td width=\"213\">Charakteristisch<\/td>\n<td width=\"213\">Organoleptisch<\/td>\n<\/tr>\n<tr>\n<td width=\"213\"><strong>Wasserl\u00f6slich<\/strong><\/td>\n<td width=\"213\">Unl\u00f6slich<\/td>\n<td width=\"213\">Organoleptisch<\/td>\n<\/tr>\n<tr>\n<td width=\"213\"><strong>Partikelgr\u00f6\u00dfe<\/strong><\/td>\n<td width=\"213\">95% Durchgang 100 Maschen<\/td>\n<td width=\"213\">CP2020 IV<\/td>\n<\/tr>\n<tr>\n<td width=\"213\"><strong>Wassergehalt<\/strong><\/td>\n<td width=\"213\">\u22647.00%<\/td>\n<td width=\"213\">GB\/T 18798.3<\/td>\n<\/tr>\n<tr>\n<td width=\"213\"><strong>Aschegehalt<\/strong><\/td>\n<td width=\"213\">\u226412.00%<\/td>\n<td width=\"213\">GB\/T 18798.2<\/td>\n<\/tr>\n<tr>\n<td colspan=\"3\" width=\"639\"><strong>Chemische Tests<\/strong><\/td>\n<\/tr>\n<tr>\n<td width=\"213\"><strong>Schwermetall<\/strong><\/td>\n<td width=\"213\">\u226410.00ppm<\/td>\n<td width=\"213\">GB\/T5009.74<\/td>\n<\/tr>\n<tr>\n<td width=\"213\"><strong>Pb<\/strong><\/td>\n<td width=\"213\">\u22642,00ppm<\/td>\n<td width=\"213\">GB\/T5009.12<\/td>\n<\/tr>\n<tr>\n<td width=\"213\"><strong>Als<\/strong><\/td>\n<td width=\"213\">\u22642,00ppm<\/td>\n<td width=\"213\">GB\/T5009.11<\/td>\n<\/tr>\n<tr>\n<td width=\"213\"><strong>Cd<\/strong><\/td>\n<td width=\"213\">\u22641,00ppm<\/td>\n<td width=\"213\">GB\/T5009.15<\/td>\n<\/tr>\n<tr>\n<td width=\"213\"><strong>Hg<\/strong><\/td>\n<td width=\"213\">\u22640,10ppm<\/td>\n<td width=\"213\">GB\/T5009.17<\/td>\n<\/tr>\n<tr>\n<td width=\"213\"><strong>R\u00fcckst\u00e4nde von Pestiziden<\/strong><\/td>\n<td width=\"213\">Best\u00e4tigen Sie mit GB 2763<\/td>\n<td width=\"213\">GB\/T2763<\/td>\n<\/tr>\n<tr>\n<td colspan=\"3\" width=\"639\"><strong>Mikrobiologische Tests<\/strong><\/td>\n<\/tr>\n<tr>\n<td width=\"213\"><strong>Gesamtbakterienzahl<\/strong><\/td>\n<td width=\"213\">\u2264500.000cfu\/g<\/td>\n<td width=\"213\">GB\/T4789.2<\/td>\n<\/tr>\n<tr>\n<td width=\"213\"><strong>Hefen und Schimmelpilze<\/strong><\/td>\n<td width=\"213\">\u2264100cfu\/g<\/td>\n<td width=\"213\">GB\/T4789.15<\/td>\n<\/tr>\n<tr>\n<td width=\"213\"><strong>Coliform<\/strong><\/td>\n<td width=\"213\">\u22643MPN\/g<\/td>\n<td width=\"213\">GB\/T4789.3<\/td>\n<\/tr>\n<tr>\n<td width=\"213\"><strong>Salmonellen<\/strong><\/td>\n<td width=\"213\">Negativ<\/td>\n<td width=\"213\">GB\/T4789.4<\/td>\n<\/tr>\n<\/tbody>\n<\/table>\n<p>&nbsp;<\/p>\n<h2><span style=\"color: #ff9c00;\">Unser Rest-Easy-Service mit Mehrwert<\/span><\/h2>\n<p><em><strong><span style=\"color: #ff9c00;\">&gt;&gt;&gt;\u00a0 <\/span><\/strong><\/em><strong>Backvita verf\u00fcgt \u00fcber professionelle Techniker, die technische Support-Dokumente wie: Normen, Specs, COA, MOA,\u00a0<\/strong><strong>MSDS,<\/strong><strong>Flussdiagramm, Erkl\u00e4rungen, Chromatogramme, N\u00e4hrwertangaben, Stabilit\u00e4tspr\u00fcfung, usw.<\/strong><\/p>\n<p><strong><span style=\"color: #ff9c00;\">&gt;&gt;&gt; \u00a0<\/span>Wir versprechen Ihnen, Ihnen einzigartige Dienstleistungen anzubieten, damit Sie sich beim Kauf und Verkauf von Produkten keine Sorgen machen m\u00fcssen.<\/strong><\/p>\n<p><strong><span style=\"color: #ff9c00;\">&gt;&gt;&gt;<\/span>\u00a0 Unser globales E-Commerce-Datenanalystenteam verf\u00fcgt \u00fcber 10 Jahre Erfahrung in der Pflanzenextraktbranche. Es stellt Ihnen Datenberichte \u00fcber die L\u00e4nder zur Verf\u00fcgung, in denen Ihre Produkte verkauft werden, damit Sie fundierte Entscheidungen treffen k\u00f6nnen. Diese Datenberichte enthalten Verkaufsvolumen, Vertriebskan\u00e4le, Wettbewerbsanalysen und andere Informationen, die Ihnen helfen, die Marktnachfrage und -trends besser zu verstehen und so Ihre Beschaffungs- und Verkaufsstrategien zu optimieren.<\/strong><\/p>\n<p><strong><span style=\"color: #ff9c00;\">&gt;&gt;&gt;\u00a0<\/span> Zus\u00e4tzlich zu den Datenberichten stellen wir Ihnen regelm\u00e4\u00dfig Informationen \u00fcber marktrelevante Produkte und neue Produkte zur Verf\u00fcgung. Diese Informationen helfen Ihnen, sich \u00fcber potenzielle Chancen und Trends auf dem Markt auf dem Laufenden zu halten und Anpassungen und Entscheidungen auf der Grundlage der Marktanforderungen zu treffen.<\/strong><\/p>\n<p><strong><span style=\"color: #ff9c00;\">&gt;&gt;&gt;<\/span>\u00a0 Wenn Sie eine eigene, exklusive Marke haben, stellen wir Ihnen auch Werbematerialien und Plakate zur Verf\u00fcgung, mit denen Sie Ihr Markenimage und Ihren Bekanntheitsgrad steigern k\u00f6nnen. Unser Designteam entwirft exklusive Werbematerialien f\u00fcr Ihre Marke nach Ihren Bed\u00fcrfnissen und Anforderungen. Alle diese Mehrwertdienste werden den Kunden unserer Partner kostenlos zur Verf\u00fcgung gestellt.<\/strong><\/p>\n<p><strong><span style=\"color: #ff9c00;\">&gt;&gt;&gt;<\/span>\u00a0 Unser Ziel ist es, die Kunden in den Mittelpunkt zu stellen, Ihnen w\u00e4hrend des gesamten Prozesses einen sorgenfreien Service zu bieten und Ihnen zu mehr Leistung und Erfolg zu verhelfen.<\/strong><\/p>\n<p><strong><span style=\"color: #ff9c00;\">&gt;&gt;&gt;<\/span>\u00a0 Wenn Sie Fragen oder spezielle W\u00fcnsche zu unseren Mehrwertdiensten haben, k\u00f6nnen Sie sich gerne an uns wenden. Wir werden unser Bestes tun, um Ihnen zu helfen und Ihre Zufriedenheit zu gew\u00e4hrleisten. Nochmals vielen Dank f\u00fcr Ihre Unterst\u00fctzung und Aufmerksamkeit und wir freuen uns auf eine langfristige Zusammenarbeit mit Ihnen.<\/strong><\/p>\n<p>&nbsp;<\/p>\n<h2>Kontakt<a name=\"Contact Us\"><\/a><\/h2>\n\n<div class=\"wpcf7 no-js\" id=\"wpcf7-f690-o1\" lang=\"zh-CN\" dir=\"ltr\">\n<div class=\"screen-reader-response\"><p role=\"status\" aria-live=\"polite\" aria-atomic=\"true\"><\/p> <ul><\/ul><\/div>\n<form action=\"\/de\/wp-json\/wp\/v2\/product\/2898#wpcf7-f690-o1\" method=\"post\" class=\"wpcf7-form init\" aria-label=\"Contact form\" novalidate=\"novalidate\" data-status=\"init\" data-trp-original-action=\"\/de\/wp-json\/wp\/v2\/product\/2898#wpcf7-f690-o1\">\n<div style=\"display: none;\">\n<input type=\"hidden\" name=\"_wpcf7\" value=\"690\" \/>\n<input type=\"hidden\" name=\"_wpcf7_version\" value=\"5.8\" \/>\n<input type=\"hidden\" name=\"_wpcf7_locale\" value=\"zh_CN\" \/>\n<input type=\"hidden\" name=\"_wpcf7_unit_tag\" value=\"wpcf7-f690-o1\" \/>\n<input type=\"hidden\" name=\"_wpcf7_container_post\" value=\"0\" \/>\n<input type=\"hidden\" name=\"_wpcf7_posted_data_hash\" value=\"\" \/>\n<\/div>\n<p><label> *Name * Firmenname<br \/>\n<span class=\"wpcf7-form-control-wrap\" data-name=\"your-name\"><input size=\"40\" class=\"wpcf7-form-control wpcf7-text wpcf7-validates-as-required\" autocomplete=\"name\" aria-required=\"true\" aria-invalid=\"false\" value=\"\" type=\"text\" name=\"your-name\" \/><\/span> <\/label>\n<\/p>\n<p><label> *E-Mail<br \/>\n<span class=\"wpcf7-form-control-wrap\" data-name=\"your-email\"><input size=\"40\" class=\"wpcf7-form-control wpcf7-email wpcf7-validates-as-required wpcf7-text wpcf7-validates-as-email\" autocomplete=\"email\" aria-required=\"true\" aria-invalid=\"false\" value=\"\" type=\"email\" name=\"your-email\" \/><\/span> <\/label>\n<\/p>\n<p><label> *Telefonnummer<br \/>\n<span class=\"wpcf7-form-control-wrap\" data-name=\"your-subject\"><input size=\"40\" class=\"wpcf7-form-control wpcf7-text wpcf7-validates-as-required\" aria-required=\"true\" aria-invalid=\"false\" value=\"\" type=\"text\" name=\"your-subject\" \/><\/span> <\/label>\n<\/p>\n<p><label> *Meldung<br \/>\n<span class=\"wpcf7-form-control-wrap\" data-name=\"your-message\"><textarea cols=\"40\" rows=\"10\" class=\"wpcf7-form-control wpcf7-textarea\" aria-invalid=\"false\" name=\"your-message\"><\/textarea><\/span> <\/label>\n<\/p>\n<p><input class=\"wpcf7-form-control wpcf7-submit has-spinner\" type=\"submit\" value=\"Einreichen\" \/>\n<\/p><div class=\"wpcf7-response-output\" aria-hidden=\"true\"><\/div>\n<input type=\"hidden\" name=\"trp-form-language\" value=\"de\"\/><\/form>\n<\/div>\n\n<p>&nbsp;<\/p>","protected":false},"excerpt":{"rendered":"<p><span style=\"color: #000000;\"><strong><em>Jasmin-Pulver (superfein 100 mesh) <\/em><\/strong>ist ein reines Pulver aus trockenen Jasminbl\u00fcten, fein verteilt, ohne Verunreinigungen, ohne Agglomeration und ohne Schimmel, mit Jasminaroma und -geschmack. Weit verbreitet f\u00fcr Speiseeis, Geb\u00e4ck, Mahlzeit Ersatz Pulver und so weiter.<\/span><\/p>\n<p><span style=\"color: #ff6600;\"><a class=\"aaa\" style=\"cursor: pointer; color: #ff6600;\"><img decoding=\"async\" loading=\"lazy\" class=\"alignnone wp-image-2660\" title=\"Erkundigen Sie sich bei\" src=\"https:\/\/www.backvita.com\/wp-content\/uploads\/2023\/10\/inquire-300x300.png\" alt=\"Erkundigen Sie sich bei\" width=\"75\" height=\"75\" srcset=\"https:\/\/www.backvita.com\/wp-content\/uploads\/2023\/10\/inquire-300x300.png 300w, https:\/\/www.backvita.com\/wp-content\/uploads\/2023\/10\/inquire-150x150.png 150w, https:\/\/www.backvita.com\/wp-content\/uploads\/2023\/10\/inquire-100x100.png 100w, https:\/\/www.backvita.com\/wp-content\/uploads\/2023\/10\/inquire.png 512w\" sizes=\"(max-width: 75px) 100vw, 75px\" \/> <strong>Anfrage senden<\/strong><\/a><strong><script src=\"https:\/\/cdn.staticfile.org\/jquery\/1.7\/jquery.min.js\"><\/script><script>$('.aaa').click(function(){\n\u00a0 \u00a0 \u00a0 \u00a0 $(\".wc-tabs li\").removeClass('active')\n\u00a0 \u00a0 \u00a0 \u00a0 $(\".wc-tabs li\").eq(0).addClass('active')\nvar o = $(\".wc-tabs li\").eq(0).closest(\".wc-tabs-wrapper, .woocommerce-tabs\");\no.find(\".wc-tab, .panel:not(.panel .panel)\").hide(),\n o.find(\"#\" + $(\".wc-tabs li a\").attr(\"href\").split(\"#\")[1]).show()\n\u00a0 \u00a0 \u00a0 \u00a0 window.location.href=\"#Contact Us\"\n\u00a0 \u00a0})<\/script><\/strong><\/span><\/p>\n<p><strong><span style=\"color: #ff6600;\"><a style=\"color: #ff6600;\" href=\"#Contact Us\"><img decoding=\"async\" loading=\"lazy\" class=\"alignnone wp-image-2661\" title=\"PDF\" src=\"https:\/\/www.backvita.com\/wp-content\/uploads\/2023\/10\/pdf-300x300.png\" alt=\"PDF\" width=\"75\" height=\"75\" srcset=\"https:\/\/www.backvita.com\/wp-content\/uploads\/2023\/10\/pdf-300x300.png 300w, https:\/\/www.backvita.com\/wp-content\/uploads\/2023\/10\/pdf-150x150.png 150w, https:\/\/www.backvita.com\/wp-content\/uploads\/2023\/10\/pdf-100x100.png 100w, https:\/\/www.backvita.com\/wp-content\/uploads\/2023\/10\/pdf.png 512w\" sizes=\"(max-width: 75px) 100vw, 75px\" \/><\/a><a class=\"aaa\" style=\"cursor: pointer; color: #ff6600;\">Anfrage[ TDS,COA, MSDS,MOA... ]<\/a><script src=\"https:\/\/cdn.staticfile.org\/jquery\/1.7\/jquery.min.js\"><\/script><script>$('.aaa').click(function(){\n\u00a0 \u00a0 \u00a0 \u00a0 $(\".wc-tabs li\").removeClass('active')\n\u00a0 \u00a0 \u00a0 \u00a0 $(\".wc-tabs li\").eq(0).addClass('active')\nvar o = $(\".wc-tabs li\").eq(0).closest(\".wc-tabs-wrapper, .woocommerce-tabs\");\no.find(\".wc-tab, .panel:not(.panel .panel)\").hide(),\n o.find(\"#\" + $(\".wc-tabs li a\").attr(\"href\").split(\"#\")[1]).show()\n\u00a0 \u00a0 \u00a0 \u00a0 window.location.href=\"#Contact Us\"\n\u00a0 \u00a0})<\/script><\/span><\/strong><\/p>","protected":false},"featured_media":2797,"template":"","meta":{"_seopress_robots_primary_cat":"none","_seopress_titles_title":"Jasmin Tea Powder  suppliers Jasmin Tea Powder manufacturers Jasmin Tea Powder factory free sample","_seopress_titles_desc":"Jasmine tea Powder (superfine 100 mesh) -is a straight powder from dry jasmine flower, it\u2019s finely dispersed, no impurities, no agglomeration and no mould, has the jasmine aroma and taste. Widely used for ice-cream, pastry,meal replacement powder and so on.","_seopress_robots_index":""},"product_cat":[22,53],"product_tag":[547,539,546,544,537,540,545,541,536,553,554,552,549,550,558,557,548,555,559,560,556,561,551,543,542,538],"featured_image_urls":{"full":["https:\/\/www.backvita.com\/wp-content\/uploads\/2023\/10\/Jasmin-Tea-Powder.webp",444,415,false],"thumbnail":["https:\/\/www.backvita.com\/wp-content\/uploads\/2023\/10\/Jasmin-Tea-Powder-150x150.webp",150,150,true],"medium":["https:\/\/www.backvita.com\/wp-content\/uploads\/2023\/10\/Jasmin-Tea-Powder-300x280.webp",300,280,true],"medium_large":["https:\/\/www.backvita.com\/wp-content\/uploads\/2023\/10\/Jasmin-Tea-Powder.webp",444,415,false],"large":["https:\/\/www.backvita.com\/wp-content\/uploads\/2023\/10\/Jasmin-Tea-Powder.webp",444,415,false],"1536x1536":["https:\/\/www.backvita.com\/wp-content\/uploads\/2023\/10\/Jasmin-Tea-Powder.webp",444,415,false],"2048x2048":["https:\/\/www.backvita.com\/wp-content\/uploads\/2023\/10\/Jasmin-Tea-Powder.webp",444,415,false],"trp-custom-language-flag":["https:\/\/www.backvita.com\/wp-content\/uploads\/2023\/10\/Jasmin-Tea-Powder.webp",13,12,false],"woocommerce_thumbnail":["https:\/\/www.backvita.com\/wp-content\/uploads\/2023\/10\/Jasmin-Tea-Powder-300x300.webp",300,300,true],"woocommerce_single":["https:\/\/www.backvita.com\/wp-content\/uploads\/2023\/10\/Jasmin-Tea-Powder.webp",444,415,false],"woocommerce_gallery_thumbnail":["https:\/\/www.backvita.com\/wp-content\/uploads\/2023\/10\/Jasmin-Tea-Powder-100x100.webp",100,100,true]},"post_excerpt_stackable":"<p><span style=\"color: #000000;\"><strong><em>Jasmine Powder (superfine 100 mesh) <\/em><\/strong>-is a straight powder from dry jasmine flower, it\u2019s finely dispersed, no impurities, no agglomeration and no mould, has the jasmine aroma and taste. Widely used for ice-cream, pastry,meal replacement powder and so on.<\/span><\/p>\n<p><span style=\"color: #ff6600;\"><a class=\"aaa\" style=\"cursor: pointer; color: #ff6600;\"><img decoding=\"async\" loading=\"lazy\" class=\"alignnone wp-image-2660\" title=\"Iquire\" src=\"https:\/\/www.backvita.com\/wp-content\/uploads\/2023\/10\/inquire-300x300.png\" alt=\"Iquire\" width=\"75\" height=\"75\" srcset=\"https:\/\/www.backvita.com\/wp-content\/uploads\/2023\/10\/inquire-300x300.png 300w, https:\/\/www.backvita.com\/wp-content\/uploads\/2023\/10\/inquire-150x150.png 150w, https:\/\/www.backvita.com\/wp-content\/uploads\/2023\/10\/inquire-100x100.png 100w, https:\/\/www.backvita.com\/wp-content\/uploads\/2023\/10\/inquire.png 512w\" sizes=\"(max-width: 75px) 100vw, 75px\" \/> <strong>Send an Inquiry<\/strong><\/a><strong><script src=\"https:\/\/cdn.staticfile.org\/jquery\/1.7\/jquery.min.js\"><\/script><script>$('.aaa').click(function(){\n\u00a0 \u00a0 \u00a0 \u00a0 $(\".wc-tabs li\").removeClass('active')\n\u00a0 \u00a0 \u00a0 \u00a0 $(\".wc-tabs li\").eq(0).addClass('active')\nvar o = $(\".wc-tabs li\").eq(0).closest(\".wc-tabs-wrapper, .woocommerce-tabs\");\no.find(\".wc-tab, .panel:not(.panel .panel)\").hide(),\n o.find(\"#\" + $(\".wc-tabs li a\").attr(\"href\").split(\"#\")[1]).show()\n\u00a0 \u00a0 \u00a0 \u00a0 window.location.href=\"#Contact Us\"\n\u00a0 \u00a0})<\/script><\/strong><\/span><\/p>\n<p><strong><span style=\"color: #ff6600;\"><a style=\"color: #ff6600;\" href=\"#Contact Us\"><img decoding=\"async\" loading=\"lazy\" class=\"alignnone wp-image-2661\" title=\"PDF\" src=\"https:\/\/www.backvita.com\/wp-content\/uploads\/2023\/10\/pdf-300x300.png\" alt=\"PDF\" width=\"75\" height=\"75\" srcset=\"https:\/\/www.backvita.com\/wp-content\/uploads\/2023\/10\/pdf-300x300.png 300w, https:\/\/www.backvita.com\/wp-content\/uploads\/2023\/10\/pdf-150x150.png 150w, https:\/\/www.backvita.com\/wp-content\/uploads\/2023\/10\/pdf-100x100.png 100w, https:\/\/www.backvita.com\/wp-content\/uploads\/2023\/10\/pdf.png 512w\" sizes=\"(max-width: 75px) 100vw, 75px\" \/><\/a><a class=\"aaa\" style=\"cursor: pointer; color: #ff6600;\">Request[ TDS,COA, MSDS,MOA&#8230; ]<\/a><script src=\"https:\/\/cdn.staticfile.org\/jquery\/1.7\/jquery.min.js\"><\/script><script>$('.aaa').click(function(){\n\u00a0 \u00a0 \u00a0 \u00a0 $(\".wc-tabs li\").removeClass('active')\n\u00a0 \u00a0 \u00a0 \u00a0 $(\".wc-tabs li\").eq(0).addClass('active')\nvar o = $(\".wc-tabs li\").eq(0).closest(\".wc-tabs-wrapper, .woocommerce-tabs\");\no.find(\".wc-tab, .panel:not(.panel .panel)\").hide(),\n o.find(\"#\" + $(\".wc-tabs li a\").attr(\"href\").split(\"#\")[1]).show()\n\u00a0 \u00a0 \u00a0 \u00a0 window.location.href=\"#Contact Us\"\n\u00a0 \u00a0})<\/script><\/span><\/strong><\/p>\n","category_list":"","author_info":{"name":"","url":""},"comments_num":"0 comments","_links":{"self":[{"href":"https:\/\/www.backvita.com\/de\/wp-json\/wp\/v2\/product\/2898"}],"collection":[{"href":"https:\/\/www.backvita.com\/de\/wp-json\/wp\/v2\/product"}],"about":[{"href":"https:\/\/www.backvita.com\/de\/wp-json\/wp\/v2\/types\/product"}],"wp:featuredmedia":[{"embeddable":true,"href":"https:\/\/www.backvita.com\/de\/wp-json\/wp\/v2\/media\/2797"}],"wp:attachment":[{"href":"https:\/\/www.backvita.com\/de\/wp-json\/wp\/v2\/media?parent=2898"}],"wp:term":[{"taxonomy":"product_cat","embeddable":true,"href":"https:\/\/www.backvita.com\/de\/wp-json\/wp\/v2\/product_cat?post=2898"},{"taxonomy":"product_tag","embeddable":true,"href":"https:\/\/www.backvita.com\/de\/wp-json\/wp\/v2\/product_tag?post=2898"}],"curies":[{"name":"wp","href":"https:\/\/api.w.org\/{rel}","templated":true}]}}