{"id":2902,"date":"2023-11-04T14:31:09","date_gmt":"2023-11-04T06:31:09","guid":{"rendered":"https:\/\/www.backvita.com\/?post_type=product&#038;p=2902"},"modified":"2024-02-07T12:28:07","modified_gmt":"2024-02-07T04:28:07","slug":"andrographis-extract-andrographolide-suppliers-andrographis-extract-andrographolide-manufacturers-andrographis-extract-andrographolide-factory-free-sample","status":"publish","type":"product","link":"https:\/\/www.backvita.com\/de\/product\/andrographis-extrakt-andrographolid-lieferanten-andrographis-extrakt-andrographolid-hersteller-andrographis-extrakt-andrographolid-fabrik-kostenlose-probe\/","title":{"rendered":"Andrographis Extrakt Andrographolid Lieferanten Andrographis Extrakt Andrographolid Hersteller Andrographis Extrakt Andrographolid Fabrik kostenlose Probe"},"content":{"rendered":"<div class=\"fl-col-group fl-node-63aba29dec34d\" data-node=\"63aba29dec34d\">\n<div class=\"fl-col fl-node-63aba29dec38d\" data-node=\"63aba29dec38d\">\n<div class=\"fl-col-content fl-node-content\">\n<div class=\"fl-module fl-module-rich-text fl-node-63aba29dec3cd\" data-node=\"63aba29dec3cd\" data-animation-delay=\"0.0\">\n<div class=\"fl-module-content fl-node-content\">\n<div class=\"fl-rich-text\">\n<div class=\"content_box\">\n<h2><b>Andrographis-Extrakt Andrographolid Einf\u00fchrung<\/b><\/h2>\n<\/div>\n<p><b><i>Andrographis-Extrakt\u00a0<\/i><\/b>wird aus Andrographis durch Extraktion mit Methanol oder Alkohol hergestellt. Das Verh\u00e4ltnis von Pflanzenmaterial zu Extrakt liegt zwischen 15:1 und 10:1. Er enth\u00e4lt NLT 90,0% und NMT 110,0% der markierten Menge an Diterpenlactonen, berechnet auf Trockenbasis als Summe von Andrographolid, Neoandrographolid, Andrograpanin, 14-Desoxy-11,12-didehydroandrographolid. Es kann geeignete Zusatzstoffe als Tr\u00e4gerstoffe enthalten.<\/p>\n<\/div>\n<div>Andrographolid ist eine organische Verbindung mit der Summenformel C20H30O5 und wei\u00dfen, quadratischen, prismatischen oder flockigen Kristallen. Der Hauptwirkstoff der Naturpflanze Andrographis paniculata wirkt hitzetreibend, entgiftend, entz\u00fcndungshemmend und schmerzlindernd. Er hat eine besondere Wirkung bei bakteriellen und viralen Infektionen der oberen Atemwege und bei Dysenterie und ist als nat\u00fcrliches Antibiotikum bekannt.<\/div>\n<div><\/div>\n<div>\n<table style=\"height: 239px;\" width=\"1311\">\n<tbody>\n<tr>\n<td width=\"219\"><strong>Produktname<\/strong><\/td>\n<td width=\"466\">Andrographis-Extrakt Andrographolid<\/td>\n<\/tr>\n<tr>\n<td><strong>CAS-Nr.<\/strong><\/td>\n<td>5508-58-7<\/td>\n<\/tr>\n<tr>\n<td><strong>Lateinischer Name<\/strong><\/td>\n<td>Andrographolid<\/td>\n<\/tr>\n<tr>\n<td><strong>Erscheinungsbild<\/strong><\/td>\n<td>Wei\u00dfe quadratische prismatische oder flockige Kristalle<\/td>\n<\/tr>\n<tr>\n<td><strong>Spezifikationen<\/strong><\/td>\n<td>5%, 98% ,99%<\/td>\n<\/tr>\n<tr>\n<td><strong>Pakete<\/strong><\/td>\n<td>1kg\/Sack, 25kg\/Fass<\/td>\n<\/tr>\n<tr>\n<td><strong>Lagerung<\/strong><\/td>\n<td>Feuchtigkeitsschutz und lichtgesch\u00fctzte, geschlossene Lagerung vermeiden.<\/td>\n<\/tr>\n<tr>\n<td><strong>Pr\u00fcfverfahren<\/strong><\/td>\n<td>HPLC<\/td>\n<\/tr>\n<\/tbody>\n<\/table>\n<p>&nbsp;<\/p>\n<\/div>\n<\/div>\n<\/div>\n<div><\/div>\n<\/div>\n<\/div>\n<\/div>\n<div class=\"fl-col-group fl-node-63aba29dec40d fl-col-group-equal-height fl-col-group-align-center\" data-node=\"63aba29dec40d\">\n<div class=\"fl-col fl-node-63aba29dec44d\" data-node=\"63aba29dec44d\">\n<div class=\"fl-col-content fl-node-content\">\n<div class=\"fl-module fl-module-rich-text fl-node-63aba29dec4cf\" data-node=\"63aba29dec4cf\" data-animation-delay=\"0.0\">\n<div class=\"fl-module-content fl-node-content\">\n<div class=\"fl-rich-text\">\n<div class=\"content_box\">\n<h2><b>Wichtigste Spezifikationen von Andrographis-Extrakt Andrographolid<\/b><\/h2>\n<\/div>\n<p>Andrographolid-Pulver 5% HPLC<br \/>\nAndrographolid-Pulver 98% HPLC<br \/>\nAndrographolid-Pulver 99% HPLC<\/p>\n<p>&nbsp;<\/p>\n<div id=\"gtx-trans\"><\/div>\n<\/div>\n<\/div>\n<\/div>\n<\/div>\n<\/div>\n<\/div>\n<div class=\"fl-col-group fl-node-63aba29dec54f\" data-node=\"63aba29dec54f\">\n<div class=\"fl-col fl-node-63aba29dec58f\" data-node=\"63aba29dec58f\">\n<div class=\"fl-col-content fl-node-content\">\n<div class=\"fl-module fl-module-rich-text fl-node-63aba29dec5cf\" data-node=\"63aba29dec5cf\" data-animation-delay=\"0.0\">\n<div class=\"fl-module-content fl-node-content\">\n<div class=\"fl-rich-text\">\n<div class=\"content_box\">\n<h2><b>Vorteile von Andrographis-Extrakt Andrographolid<\/b><\/h2>\n<\/div>\n<p>Andrographolid wirkt hitzevertreibend und entgiftend, entz\u00fcndungshemmend und schmerzlindernd.<br \/>\nAndrographolid hat eine besondere Wirkung auf bakterielle und virale Infektionen der oberen Atemwege und Dysenterie.<br \/>\nAndrographolid Wirkung von krankheitsresistenten Protomikroorganismen, fiebersenkende Wirkung und Immunfunktion auf den K\u00f6rper.<\/p>\n<p>&nbsp;<\/p>\n<div class=\"content_box\">\n<h2><b>Typisches Spezifikationsblatt von Andrographis-Extrakt Andrographolid<\/b><\/h2>\n<\/div>\n<div class=\"table_wrap\">\n<table style=\"height: 736px;\" border=\"0\" width=\"1358\" cellspacing=\"0\">\n<tbody>\n<tr>\n<td valign=\"top\" width=\"263\"><b>Analyse-Elemente<\/b><b><\/b><\/td>\n<td valign=\"top\" width=\"269\"><b>Spezifikationen<\/b><\/td>\n<td valign=\"top\" width=\"188\"><b>Methoden<\/b><\/td>\n<\/tr>\n<tr>\n<td colspan=\"3\" valign=\"top\" width=\"721\"><b>Kennzeichnungen<\/b><b><\/b><\/td>\n<\/tr>\n<tr>\n<td valign=\"top\" width=\"263\"><strong>TLC<\/strong><\/td>\n<td colspan=\"2\" valign=\"top\" width=\"458\">Die Probenl\u00f6sung zeigt Hauptbanden, die in Position und Farbe der RS-L\u00f6sung \u00e4hnlich sind.<\/td>\n<\/tr>\n<tr>\n<td valign=\"top\" width=\"263\"><strong>HPLC<\/strong><\/td>\n<td colspan=\"2\" valign=\"top\" width=\"458\">Die Retentionszeit der Probe stimmt mit der des Standards im HPLC-Reinheitstest \u00fcberein.<\/td>\n<\/tr>\n<tr>\n<td colspan=\"3\" valign=\"top\" width=\"721\"><b>Wirkstofftests<\/b><b><\/b><\/td>\n<\/tr>\n<tr>\n<td valign=\"top\" width=\"263\"><strong>Andrographolid (HPLC)<\/strong><\/td>\n<td valign=\"top\" width=\"269\">90.00-110.00%<\/td>\n<td valign=\"top\" width=\"188\">USP43<\/td>\n<\/tr>\n<tr>\n<td colspan=\"3\" valign=\"center\" width=\"721\"><b>Physikalische Tests<\/b><b><\/b><\/td>\n<\/tr>\n<tr>\n<td valign=\"top\" width=\"263\"><strong>Erscheinungsbild<\/strong><\/td>\n<td valign=\"top\" width=\"269\">Wei\u00dfes feines Pulver<\/td>\n<td valign=\"top\" width=\"188\">Visuell<\/td>\n<\/tr>\n<tr>\n<td valign=\"top\" width=\"263\"><strong>Geruch<\/strong><\/td>\n<td valign=\"top\" width=\"269\">Charakteristisch<\/td>\n<td valign=\"top\" width=\"188\">Organoleptisch<\/td>\n<\/tr>\n<tr>\n<td valign=\"top\" width=\"263\"><strong>Geschmack<\/strong><\/td>\n<td valign=\"top\" width=\"269\">Charakteristisch<\/td>\n<td valign=\"top\" width=\"188\">Organoleptisch<\/td>\n<\/tr>\n<tr>\n<td valign=\"top\" width=\"263\"><strong>Partikelgr\u00f6\u00dfe<\/strong><\/td>\n<td valign=\"top\" width=\"269\">98% Durchgang 80 Maschen<\/td>\n<td valign=\"top\" width=\"188\">USP43<\/td>\n<\/tr>\n<tr>\n<td valign=\"top\" width=\"263\"><strong>Verlust beim Trocknen<\/strong><\/td>\n<td valign=\"top\" width=\"269\">\u22645.00%<\/td>\n<td valign=\"top\" width=\"188\">USP43<\/td>\n<\/tr>\n<tr>\n<td valign=\"top\" width=\"263\"><strong>R\u00fcckst\u00e4nde bei der Z\u00fcndung<\/strong><\/td>\n<td valign=\"top\" width=\"269\">\u22641.00%<\/td>\n<td valign=\"top\" width=\"188\">USP43<\/td>\n<\/tr>\n<tr>\n<td colspan=\"3\" valign=\"center\" width=\"721\"><b>Chemische Tests<\/b><b><\/b><\/td>\n<\/tr>\n<tr>\n<td valign=\"center\" width=\"263\"><strong>Schwermetalle<\/strong><\/td>\n<td valign=\"center\" width=\"269\">\u226410.00ppm<\/td>\n<td valign=\"center\" width=\"188\">USP43<\/td>\n<\/tr>\n<tr>\n<td valign=\"center\" width=\"263\"><strong>Pb<\/strong><\/td>\n<td valign=\"center\" width=\"269\">\u22643.00ppm<\/td>\n<td valign=\"center\" width=\"188\">USP43<\/td>\n<\/tr>\n<tr>\n<td valign=\"center\" width=\"263\"><strong>As<\/strong><\/td>\n<td valign=\"center\" width=\"269\">\u22643.00ppm<\/td>\n<td valign=\"center\" width=\"188\">USP43<\/td>\n<\/tr>\n<tr>\n<td valign=\"center\" width=\"263\"><strong>Cd<\/strong><\/td>\n<td valign=\"center\" width=\"269\">\u22641,00ppm<\/td>\n<td valign=\"center\" width=\"188\">USP43<\/td>\n<\/tr>\n<tr>\n<td valign=\"center\" width=\"263\"><strong>Hg<\/strong><\/td>\n<td valign=\"center\" width=\"269\">\u22640,10ppm<\/td>\n<td valign=\"center\" width=\"188\">USP43<\/td>\n<\/tr>\n<tr>\n<td valign=\"center\" width=\"263\"><strong>R\u00fcckst\u00e4nde von Pestiziden<\/strong><\/td>\n<td valign=\"top\" width=\"269\">USP43<\/td>\n<td valign=\"center\" width=\"188\">USP43<\/td>\n<\/tr>\n<tr>\n<td colspan=\"3\" valign=\"center\" width=\"721\"><b>Mikrobiologische Tests<\/b><\/td>\n<\/tr>\n<tr>\n<td valign=\"center\" width=\"263\"><strong>Gesamtkeimzahl<\/strong><\/td>\n<td valign=\"center\" width=\"269\">\u226410.000cfu\/g<\/td>\n<td valign=\"top\" width=\"188\">USP43<\/td>\n<\/tr>\n<tr>\n<td valign=\"center\" width=\"263\"><strong>Hefen und Schimmelpilze<\/strong><\/td>\n<td valign=\"center\" width=\"269\">\u22641.000cfu\/g<\/td>\n<td valign=\"top\" width=\"188\">USP43<\/td>\n<\/tr>\n<tr>\n<td valign=\"center\" width=\"263\"><strong>E. Coli<\/strong><\/td>\n<td valign=\"center\" width=\"269\">Negativ in 1g<\/td>\n<td valign=\"center\" width=\"188\">USP43<\/td>\n<\/tr>\n<tr>\n<td valign=\"center\" width=\"263\"><strong>Salmonellen<\/strong><\/td>\n<td valign=\"center\" width=\"269\">Negativ in 10g<\/td>\n<td valign=\"center\" width=\"188\">USP43<\/td>\n<\/tr>\n<\/tbody>\n<\/table>\n<\/div>\n<\/div>\n<\/div>\n<\/div>\n<\/div>\n<\/div>\n<\/div>\n<p>&nbsp;<\/p>\n<h2><span style=\"color: #ff9c00;\">Unser Rest-Easy-Service mit Mehrwert<\/span><\/h2>\n<p><em><strong><span style=\"color: #ff9c00;\">&gt;&gt;&gt;\u00a0 <\/span><\/strong><\/em><strong>Backvita verf\u00fcgt \u00fcber professionelle Techniker, die technische Support-Dokumente wie: Normen, Specs, COA, MOA,\u00a0<\/strong><strong>MSDS,<\/strong><strong>Flussdiagramm, Erkl\u00e4rungen, Chromatogramme, N\u00e4hrwertangaben, Stabilit\u00e4tspr\u00fcfung, usw.<\/strong><\/p>\n<p><strong><span style=\"color: #ff9c00;\">&gt;&gt;&gt; \u00a0<\/span>Wir versprechen Ihnen, Ihnen einzigartige Dienstleistungen anzubieten, damit Sie sich beim Kauf und Verkauf von Produkten keine Sorgen machen m\u00fcssen.<\/strong><\/p>\n<p><strong><span style=\"color: #ff9c00;\">&gt;&gt;&gt;<\/span>\u00a0 Unser globales E-Commerce-Datenanalystenteam verf\u00fcgt \u00fcber 10 Jahre Erfahrung in der Pflanzenextraktbranche. Es stellt Ihnen Datenberichte \u00fcber die L\u00e4nder zur Verf\u00fcgung, in denen Ihre Produkte verkauft werden, damit Sie fundierte Entscheidungen treffen k\u00f6nnen. Diese Datenberichte enthalten Verkaufsvolumen, Vertriebskan\u00e4le, Wettbewerbsanalysen und andere Informationen, die Ihnen helfen, die Marktnachfrage und -trends besser zu verstehen und so Ihre Beschaffungs- und Verkaufsstrategien zu optimieren.<\/strong><\/p>\n<p><strong><span style=\"color: #ff9c00;\">&gt;&gt;&gt;\u00a0<\/span> Zus\u00e4tzlich zu den Datenberichten stellen wir Ihnen regelm\u00e4\u00dfig Informationen \u00fcber marktrelevante Produkte und neue Produkte zur Verf\u00fcgung. Diese Informationen helfen Ihnen, sich \u00fcber potenzielle Chancen und Trends auf dem Markt auf dem Laufenden zu halten und Anpassungen und Entscheidungen auf der Grundlage der Marktanforderungen zu treffen.<\/strong><\/p>\n<p><strong><span style=\"color: #ff9c00;\">&gt;&gt;&gt;<\/span>\u00a0 Wenn Sie eine eigene, exklusive Marke haben, stellen wir Ihnen auch Werbematerialien und Plakate zur Verf\u00fcgung, mit denen Sie Ihr Markenimage und Ihren Bekanntheitsgrad steigern k\u00f6nnen. Unser Designteam entwirft exklusive Werbematerialien f\u00fcr Ihre Marke nach Ihren Bed\u00fcrfnissen und Anforderungen. Alle diese Mehrwertdienste werden den Kunden unserer Partner kostenlos zur Verf\u00fcgung gestellt.<\/strong><\/p>\n<p><strong><span style=\"color: #ff9c00;\">&gt;&gt;&gt;<\/span>\u00a0 Unser Ziel ist es, die Kunden in den Mittelpunkt zu stellen, Ihnen w\u00e4hrend des gesamten Prozesses einen sorgenfreien Service zu bieten und Ihnen zu mehr Leistung und Erfolg zu verhelfen.<\/strong><\/p>\n<blockquote><p><strong><span style=\"color: #ff9c00;\">&gt;&gt;<\/span>\u00a0 Wenn Sie Fragen oder spezielle W\u00fcnsche zu unseren Mehrwertdiensten haben, k\u00f6nnen Sie sich gerne an uns wenden. Wir werden unser Bestes tun, um Ihnen zu helfen und Ihre Zufriedenheit zu gew\u00e4hrleisten. Nochmals vielen Dank f\u00fcr Ihre Unterst\u00fctzung und Aufmerksamkeit und wir freuen uns auf eine langfristige Zusammenarbeit mit Ihnen.<\/strong><\/p><\/blockquote>\n<p>&nbsp;<\/p>\n<h2>Kontakt<a name=\"Contact Us\"><\/a><\/h2>\n\n<div class=\"wpcf7 no-js\" id=\"wpcf7-f690-o1\" lang=\"zh-CN\" dir=\"ltr\">\n<div class=\"screen-reader-response\"><p role=\"status\" aria-live=\"polite\" aria-atomic=\"true\"><\/p> <ul><\/ul><\/div>\n<form action=\"\/de\/wp-json\/wp\/v2\/product\/2902#wpcf7-f690-o1\" method=\"post\" class=\"wpcf7-form init\" aria-label=\"Contact form\" novalidate=\"novalidate\" data-status=\"init\" data-trp-original-action=\"\/de\/wp-json\/wp\/v2\/product\/2902#wpcf7-f690-o1\">\n<div style=\"display: none;\">\n<input type=\"hidden\" name=\"_wpcf7\" value=\"690\" \/>\n<input type=\"hidden\" name=\"_wpcf7_version\" value=\"5.8\" \/>\n<input type=\"hidden\" name=\"_wpcf7_locale\" value=\"zh_CN\" \/>\n<input type=\"hidden\" name=\"_wpcf7_unit_tag\" value=\"wpcf7-f690-o1\" \/>\n<input type=\"hidden\" name=\"_wpcf7_container_post\" value=\"0\" \/>\n<input type=\"hidden\" name=\"_wpcf7_posted_data_hash\" value=\"\" \/>\n<\/div>\n<p><label> *Name * Firmenname<br \/>\n<span class=\"wpcf7-form-control-wrap\" data-name=\"your-name\"><input size=\"40\" class=\"wpcf7-form-control wpcf7-text wpcf7-validates-as-required\" autocomplete=\"name\" aria-required=\"true\" aria-invalid=\"false\" value=\"\" type=\"text\" name=\"your-name\" \/><\/span> <\/label>\n<\/p>\n<p><label> *E-Mail<br \/>\n<span class=\"wpcf7-form-control-wrap\" data-name=\"your-email\"><input size=\"40\" class=\"wpcf7-form-control wpcf7-email wpcf7-validates-as-required wpcf7-text wpcf7-validates-as-email\" autocomplete=\"email\" aria-required=\"true\" aria-invalid=\"false\" value=\"\" type=\"email\" name=\"your-email\" \/><\/span> <\/label>\n<\/p>\n<p><label> *Telefonnummer<br \/>\n<span class=\"wpcf7-form-control-wrap\" data-name=\"your-subject\"><input size=\"40\" class=\"wpcf7-form-control wpcf7-text wpcf7-validates-as-required\" aria-required=\"true\" aria-invalid=\"false\" value=\"\" type=\"text\" name=\"your-subject\" \/><\/span> <\/label>\n<\/p>\n<p><label> *Meldung<br \/>\n<span class=\"wpcf7-form-control-wrap\" data-name=\"your-message\"><textarea cols=\"40\" rows=\"10\" class=\"wpcf7-form-control wpcf7-textarea\" aria-invalid=\"false\" name=\"your-message\"><\/textarea><\/span> <\/label>\n<\/p>\n<p><input class=\"wpcf7-form-control wpcf7-submit has-spinner\" type=\"submit\" value=\"Einreichen\" \/>\n<\/p><div class=\"wpcf7-response-output\" aria-hidden=\"true\"><\/div>\n<input type=\"hidden\" name=\"trp-form-language\" value=\"de\"\/><\/form>\n<\/div>\n\n<p>&nbsp;<\/p>","protected":false},"excerpt":{"rendered":"<p><span style=\"color: #000000;\">Andrographolid-Extrakt Andrographolid ist eine organische Verbindung mit der Summenformel C20H30O5 und wei\u00dfen, quadratischen, prismatischen oder flockigen Kristallen. Der Hauptwirkstoff der nat\u00fcrlichen Pflanze Andrographis paniculata wirkt hitzetreibend, entgiftend, entz\u00fcndungshemmend und schmerzlindernd. Er hat eine besondere Wirkung bei bakteriellen und viralen Infektionen der oberen Atemwege und bei Ruhr und ist als nat\u00fcrliches Antibiotikum bekannt.<\/span><\/p>\n<p><span style=\"color: #ff6600;\"><a class=\"aaa\" style=\"cursor: pointer; color: #ff6600;\"><img decoding=\"async\" loading=\"lazy\" class=\"alignnone wp-image-2660\" title=\"Erkundigen Sie sich bei \" src=\"https:\/\/www.backvita.com\/wp-content\/uploads\/2023\/10\/inquire-300x300.png\" alt=\"Erkundigen Sie sich bei \" width=\"75\" height=\"75\" srcset=\"https:\/\/www.backvita.com\/wp-content\/uploads\/2023\/10\/inquire-300x300.png 300w, https:\/\/www.backvita.com\/wp-content\/uploads\/2023\/10\/inquire-150x150.png 150w, https:\/\/www.backvita.com\/wp-content\/uploads\/2023\/10\/inquire-100x100.png 100w, https:\/\/www.backvita.com\/wp-content\/uploads\/2023\/10\/inquire.png 512w\" sizes=\"(max-width: 75px) 100vw, 75px\" \/> <strong>Anfrage senden<\/strong><\/a><strong><script src=\"https:\/\/cdn.staticfile.org\/jquery\/1.7\/jquery.min.js\"><\/script><script>$('.aaa').click(function(){\n\u00a0 \u00a0 \u00a0 \u00a0 $(\".wc-tabs li\").removeClass('active')\n\u00a0 \u00a0 \u00a0 \u00a0 $(\".wc-tabs li\").eq(0).addClass('active')\nvar o = $(\".wc-tabs li\").eq(0).closest(\".wc-tabs-wrapper, .woocommerce-tabs\");\no.find(\".wc-tab, .panel:not(.panel .panel)\").hide(),\n o.find(\"#\" + $(\".wc-tabs li a\").attr(\"href\").split(\"#\")[1]).show()\n\u00a0 \u00a0 \u00a0 \u00a0 window.location.href=\"#Contact Us\"\n\u00a0 \u00a0})<\/script><\/strong><\/span><\/p>\n<p><strong><span style=\"color: #ff6600;\"><a style=\"color: #ff6600;\" href=\"#Contact Us\"><img decoding=\"async\" loading=\"lazy\" class=\"alignnone wp-image-2661\" title=\"PDF\" src=\"https:\/\/www.backvita.com\/wp-content\/uploads\/2023\/10\/pdf-300x300.png\" alt=\"PDF\" width=\"75\" height=\"75\" srcset=\"https:\/\/www.backvita.com\/wp-content\/uploads\/2023\/10\/pdf-300x300.png 300w, https:\/\/www.backvita.com\/wp-content\/uploads\/2023\/10\/pdf-150x150.png 150w, https:\/\/www.backvita.com\/wp-content\/uploads\/2023\/10\/pdf-100x100.png 100w, https:\/\/www.backvita.com\/wp-content\/uploads\/2023\/10\/pdf.png 512w\" sizes=\"(max-width: 75px) 100vw, 75px\" \/><\/a><a class=\"aaa\" style=\"cursor: pointer; color: #ff6600;\">Anfrage[ TDS,COA, MSDS,MOA... ]<\/a><script src=\"https:\/\/cdn.staticfile.org\/jquery\/1.7\/jquery.min.js\"><\/script><script>$('.aaa').click(function(){\n\u00a0 \u00a0 \u00a0 \u00a0 $(\".wc-tabs li\").removeClass('active')\n\u00a0 \u00a0 \u00a0 \u00a0 $(\".wc-tabs li\").eq(0).addClass('active')\nvar o = $(\".wc-tabs li\").eq(0).closest(\".wc-tabs-wrapper, .woocommerce-tabs\");\no.find(\".wc-tab, .panel:not(.panel .panel)\").hide(),\n o.find(\"#\" + $(\".wc-tabs li a\").attr(\"href\").split(\"#\")[1]).show()\n\u00a0 \u00a0 \u00a0 \u00a0 window.location.href=\"#Contact Us\"\n\u00a0 \u00a0})<\/script><\/span><\/strong><\/p>","protected":false},"featured_media":2810,"template":"","meta":{"_seopress_robots_primary_cat":"none","_seopress_titles_title":"Andrographis Extract Andrographolide  suppliers Andrographis Extract Andrographolide manufacturers Andrographis Extract Andrographolide  factory free sample","_seopress_titles_desc":"Andrographolide Extract Andrographolide \u00a0is an organic compound with the molecular formula C20H30O5 and white square prismatic or flaky crystals.The main active ingredient of the natural plant Andrographis paniculata has the effects of dispelling heat, detoxifying, anti-inflammatory and analgesic. It has special effects on bacterial and viral upper respiratory tract infections and dysentery, and is known as a natural antibiotic drug.","_seopress_robots_index":""},"product_cat":[22,52],"product_tag":[704,705,706,729,728,724,725,723,719,720,707,726,730,731,727,732,721,722,718,710,717,715,708,711,716,712,714,713,709],"featured_image_urls":{"full":["https:\/\/www.backvita.com\/wp-content\/uploads\/2023\/10\/Andrographolide.webp",457,405,false],"thumbnail":["https:\/\/www.backvita.com\/wp-content\/uploads\/2023\/10\/Andrographolide-150x150.webp",150,150,true],"medium":["https:\/\/www.backvita.com\/wp-content\/uploads\/2023\/10\/Andrographolide-300x266.webp",300,266,true],"medium_large":["https:\/\/www.backvita.com\/wp-content\/uploads\/2023\/10\/Andrographolide.webp",457,405,false],"large":["https:\/\/www.backvita.com\/wp-content\/uploads\/2023\/10\/Andrographolide.webp",457,405,false],"1536x1536":["https:\/\/www.backvita.com\/wp-content\/uploads\/2023\/10\/Andrographolide.webp",457,405,false],"2048x2048":["https:\/\/www.backvita.com\/wp-content\/uploads\/2023\/10\/Andrographolide.webp",457,405,false],"trp-custom-language-flag":["https:\/\/www.backvita.com\/wp-content\/uploads\/2023\/10\/Andrographolide.webp",14,12,false],"woocommerce_thumbnail":["https:\/\/www.backvita.com\/wp-content\/uploads\/2023\/10\/Andrographolide-300x300.webp",300,300,true],"woocommerce_single":["https:\/\/www.backvita.com\/wp-content\/uploads\/2023\/10\/Andrographolide.webp",457,405,false],"woocommerce_gallery_thumbnail":["https:\/\/www.backvita.com\/wp-content\/uploads\/2023\/10\/Andrographolide-100x100.webp",100,100,true]},"post_excerpt_stackable":"<p><span style=\"color: #000000;\">Andrographolide Extract Andrographolide \u00a0is an organic compound with the molecular formula C20H30O5 and white square prismatic or flaky crystals.The main active ingredient of the natural plant Andrographis paniculata has the effects of dispelling heat, detoxifying, anti-inflammatory and analgesic. It has special effects on bacterial and viral upper respiratory tract infections and dysentery, and is known as a natural antibiotic drug.<\/span><\/p>\n<p><span style=\"color: #ff6600;\"><a class=\"aaa\" style=\"cursor: pointer; color: #ff6600;\"><img decoding=\"async\" loading=\"lazy\" class=\"alignnone wp-image-2660\" title=\"Iquire \" src=\"https:\/\/www.backvita.com\/wp-content\/uploads\/2023\/10\/inquire-300x300.png\" alt=\"Iquire \" width=\"75\" height=\"75\" srcset=\"https:\/\/www.backvita.com\/wp-content\/uploads\/2023\/10\/inquire-300x300.png 300w, https:\/\/www.backvita.com\/wp-content\/uploads\/2023\/10\/inquire-150x150.png 150w, https:\/\/www.backvita.com\/wp-content\/uploads\/2023\/10\/inquire-100x100.png 100w, https:\/\/www.backvita.com\/wp-content\/uploads\/2023\/10\/inquire.png 512w\" sizes=\"(max-width: 75px) 100vw, 75px\" \/> <strong>Send an Inquiry<\/strong><\/a><strong><script src=\"https:\/\/cdn.staticfile.org\/jquery\/1.7\/jquery.min.js\"><\/script><script>$('.aaa').click(function(){\n\u00a0 \u00a0 \u00a0 \u00a0 $(\".wc-tabs li\").removeClass('active')\n\u00a0 \u00a0 \u00a0 \u00a0 $(\".wc-tabs li\").eq(0).addClass('active')\nvar o = $(\".wc-tabs li\").eq(0).closest(\".wc-tabs-wrapper, .woocommerce-tabs\");\no.find(\".wc-tab, .panel:not(.panel .panel)\").hide(),\n o.find(\"#\" + $(\".wc-tabs li a\").attr(\"href\").split(\"#\")[1]).show()\n\u00a0 \u00a0 \u00a0 \u00a0 window.location.href=\"#Contact Us\"\n\u00a0 \u00a0})<\/script><\/strong><\/span><\/p>\n<p><strong><span style=\"color: #ff6600;\"><a style=\"color: #ff6600;\" href=\"#Contact Us\"><img decoding=\"async\" loading=\"lazy\" class=\"alignnone wp-image-2661\" title=\"PDF\" src=\"https:\/\/www.backvita.com\/wp-content\/uploads\/2023\/10\/pdf-300x300.png\" alt=\"PDF\" width=\"75\" height=\"75\" srcset=\"https:\/\/www.backvita.com\/wp-content\/uploads\/2023\/10\/pdf-300x300.png 300w, https:\/\/www.backvita.com\/wp-content\/uploads\/2023\/10\/pdf-150x150.png 150w, https:\/\/www.backvita.com\/wp-content\/uploads\/2023\/10\/pdf-100x100.png 100w, https:\/\/www.backvita.com\/wp-content\/uploads\/2023\/10\/pdf.png 512w\" sizes=\"(max-width: 75px) 100vw, 75px\" \/><\/a><a class=\"aaa\" style=\"cursor: pointer; color: #ff6600;\">Request[ TDS,COA, MSDS,MOA&#8230; ]<\/a><script src=\"https:\/\/cdn.staticfile.org\/jquery\/1.7\/jquery.min.js\"><\/script><script>$('.aaa').click(function(){\n\u00a0 \u00a0 \u00a0 \u00a0 $(\".wc-tabs li\").removeClass('active')\n\u00a0 \u00a0 \u00a0 \u00a0 $(\".wc-tabs li\").eq(0).addClass('active')\nvar o = $(\".wc-tabs li\").eq(0).closest(\".wc-tabs-wrapper, .woocommerce-tabs\");\no.find(\".wc-tab, .panel:not(.panel .panel)\").hide(),\n o.find(\"#\" + $(\".wc-tabs li a\").attr(\"href\").split(\"#\")[1]).show()\n\u00a0 \u00a0 \u00a0 \u00a0 window.location.href=\"#Contact Us\"\n\u00a0 \u00a0})<\/script><\/span><\/strong><\/p>\n","category_list":"","author_info":{"name":"","url":""},"comments_num":"0 comments","_links":{"self":[{"href":"https:\/\/www.backvita.com\/de\/wp-json\/wp\/v2\/product\/2902"}],"collection":[{"href":"https:\/\/www.backvita.com\/de\/wp-json\/wp\/v2\/product"}],"about":[{"href":"https:\/\/www.backvita.com\/de\/wp-json\/wp\/v2\/types\/product"}],"wp:featuredmedia":[{"embeddable":true,"href":"https:\/\/www.backvita.com\/de\/wp-json\/wp\/v2\/media\/2810"}],"wp:attachment":[{"href":"https:\/\/www.backvita.com\/de\/wp-json\/wp\/v2\/media?parent=2902"}],"wp:term":[{"taxonomy":"product_cat","embeddable":true,"href":"https:\/\/www.backvita.com\/de\/wp-json\/wp\/v2\/product_cat?post=2902"},{"taxonomy":"product_tag","embeddable":true,"href":"https:\/\/www.backvita.com\/de\/wp-json\/wp\/v2\/product_tag?post=2902"}],"curies":[{"name":"wp","href":"https:\/\/api.w.org\/{rel}","templated":true}]}}