{"id":2909,"date":"2023-11-04T14:38:42","date_gmt":"2023-11-04T06:38:42","guid":{"rendered":"https:\/\/www.backvita.com\/?post_type=product&#038;p=2909"},"modified":"2024-05-11T08:57:03","modified_gmt":"2024-05-11T00:57:03","slug":"sunflower-phosphatidylserine-suppliers-sunflower-phosphatidylserine-manufacturers-sunflower-phosphatidylserine-factory-free-sample","status":"publish","type":"product","link":"https:\/\/www.backvita.com\/de\/product\/sonnenblumen-phosphatidylserin-lieferanten-sonnenblumen-phosphatidylserin-hersteller-sonnenblumen-phosphatidylserin-fabrik-kostenloses-muster\/","title":{"rendered":"Sonnenblumen Phosphatidylserin Lieferanten Sonnenblumen Phosphatidylserin Hersteller Sonnenblumen Phosphatidylserin Fabrik kostenlose Probe"},"content":{"rendered":"<h2>Was ist Sonnenblumen-Phosphatidylserin?<\/h2>\n<p>Ein Mangel an Neurotransmittern, wie z. B. Acetylcholin, kann zu Ged\u00e4chtnisverlust und Konzentrationsschwierigkeiten f\u00fchren.<\/p>\n<p>&nbsp;<\/p>\n<p>Wenn PS jedoch vom D\u00fcnndarm absorbiert wird, kann es Cholin hydrolysieren und dann methyliert werden, um Phosphatidylcholin zu erzeugen, das schlie\u00dflich mit dem Blut in Acetylcholin umgewandelt wird und ins Gehirn gelangt. Wenn die Acetylcholinmenge im Gehirn steigt, erh\u00f6ht sich die Geschwindigkeit der Informations\u00fcbertragung zwischen den Nervenzellen im Gehirn.<\/p>\n<p>&nbsp;<\/p>\n<p>Daher kann die Zufuhr von PS nicht nur die Fluidit\u00e4t der Nervenzellmembran ver\u00e4ndern, sondern auch die Freisetzung von Nervenleitstoffen wiederherstellen und reparieren.<\/p>\n<p>Phosphatidylserin (PS) ist ein Phospholipid, das ein wichtiger N\u00e4hrstoff f\u00fcr Zellmembranen ist und in Gehirnzellen besonders reichlich vorkommt. PS wurde erstmals 1948 von Folch anhand von Lipidextrakten aus dem gesamten Gehirn identifiziert.<br \/>\nPS ist an einer Reihe von funktionellen Aktivit\u00e4ten im Gehirn beteiligt und reguliert diese, darunter die Signal\u00fcbertragung in den Zellen, das \u00dcberleben und die Apoptose von Zellen sowie neuroinflammatorische Reaktionen.<br \/>\nPS wird h\u00e4ufig als Hilfsmittel bei einer Reihe von Erkrankungen des zentralen Nervensystems wie Depressionen, Parkinson-Krankheit, Demenz, Autismus und ADHS eingesetzt. Es spielt eine Rolle beim Schutz der Nerven und bei der Verbesserung der kognitiven Funktion des Gehirns.<\/p>\n<table style=\"height: 202px;\" width=\"1299\">\n<tbody>\n<tr>\n<td width=\"219\"><strong>Produktname<\/strong><\/td>\n<td width=\"466\">Phosphatidylserin aus Sonnenblumen<\/td>\n<\/tr>\n<tr>\n<td><strong>CAS-Nr.<\/strong><\/td>\n<td>51446-62-9<\/td>\n<\/tr>\n<tr>\n<td><strong>Lateinischer Name<\/strong><\/td>\n<td>Helianthus annuus L.<\/td>\n<\/tr>\n<tr>\n<td><strong>Erscheinungsbild<\/strong><\/td>\n<td>Braun-gelbes Pulver<\/td>\n<\/tr>\n<tr>\n<td><strong>Spezifikationen<\/strong><\/td>\n<td>50%<\/td>\n<\/tr>\n<tr>\n<td><strong>Pakete<\/strong><\/td>\n<td>1kg\/Sack, 25kg\/Fass<\/td>\n<\/tr>\n<tr>\n<td><strong>Lagerung<\/strong><\/td>\n<td>Feuchtigkeitsschutz und lichtgesch\u00fctzte, geschlossene Lagerung vermeiden.<\/td>\n<\/tr>\n<tr>\n<td><strong>Pr\u00fcfverfahren<\/strong><\/td>\n<td>HPLC<\/td>\n<\/tr>\n<\/tbody>\n<\/table>\n<h2><\/h2>\n<h2>Was bewirkt Sonnenblumen-Phosphatidylserin?<\/h2>\n<p>Zu den Funktionen von endogenem Phosphatidylserin geh\u00f6ren die Beteiligung an der Neurotransmission, die Funktion als Protein-Andockstelle an der Zellmembran und die Beteiligung an der Aktivierung zahlreicher Signalwege, der Zusammenhang mit der durch Gliazellen vermittelten synaptischen Ausd\u00fcnnung und die Funktion als Marker f\u00fcr Apoptose usw. .<\/p>\n<p>Die Funktion von exogenem Phosphatidylserin besteht haupts\u00e4chlich darin, die kognitive Funktion des Gehirns zu verbessern und neuroinflammatorische Reaktionen zu hemmen.<\/p>\n<p>Die m\u00f6glichen Mechanismen, durch die PS die kognitiven Funktionen des Gehirns verbessert, sind:<br \/>\nPS kann die Gehirnfunktion durch Proteinkinase C (PKC) verbessern.<br \/>\nPS kann die kognitive Funktion des Gehirns verbessern, indem es den Glukosestoffwechsel anregt.<br \/>\nPS kann die kognitiven Funktionen verbessern, indem es die Aktivit\u00e4t der N-Methyl-D-Aspartat (NMDA)-Rezeptoren normalisiert.<br \/>\nExogenes PS kann die synaptische Wirksamkeit verbessern und NMDA-Rezeptor\/synaptische Komplexe aktivieren, was ebenfalls ein Schl\u00fcsselmechanismus f\u00fcr die langfristige Verbesserung der kognitiven Funktion ist.<br \/>\nExogenes PS erh\u00f6ht den Stoffwechselspiegel von Dopamin (DA) und 5-Hydroxytryptamin (5-HT) und steigert auch die Freisetzung von Cholin, die wichtige Neurotransmitter f\u00fcr die kognitive Funktion des Gehirns sind.<\/p>\n<p>Das Nutrition Journal erw\u00e4hnte im Artikel \"Phosphatidylserin und das menschliche Gehirn\" von 2015: Eine exogene PS-Supplementierung von 300-800 mg pro Tag kann effektiv durch die Blut-Hirn-Schranke absorbiert werden und die biochemischen Ver\u00e4nderungen und den strukturellen Verfall der Nervenzellen sicher verlangsamen oder umkehren. PS wirkt sich positiv auf die kognitiven Funktionen des Menschen aus, einschlie\u00dflich der Bildung des Kurzzeitged\u00e4chtnisses und der Konsolidierung des Langzeitged\u00e4chtnisses sowie der F\u00e4higkeit, Informationen zu speichern, zu lernen und abzurufen, der Konzentrationsf\u00e4higkeit, des logischen Denkens und der F\u00e4higkeit, Probleme zu l\u00f6sen, des sprachlichen Ausdrucks und der Kommunikationsf\u00e4higkeit, und es verbessert die motorischen Funktionen, insbesondere die Reaktionsschnelligkeit.<\/p>\n<p><img decoding=\"async\" loading=\"lazy\" class=\"aligncenter wp-image-2867 size-full\" title=\"Phosphatidylserin aus Sonnenblumen \" src=\"https:\/\/www.backvita.com\/wp-content\/uploads\/2023\/10\/Sunflower-Phosphatidylserine-Journal.webp\" alt=\"Phosphatidylserin aus Sonnenblumen \" width=\"554\" height=\"215\" srcset=\"https:\/\/www.backvita.com\/wp-content\/uploads\/2023\/10\/Sunflower-Phosphatidylserine-Journal.webp 554w, https:\/\/www.backvita.com\/wp-content\/uploads\/2023\/10\/Sunflower-Phosphatidylserine-Journal-300x116.webp 300w\" sizes=\"(max-width: 554px) 100vw, 554px\" \/><\/p>\n<p>&nbsp;<\/p>\n<p>&nbsp;<\/p>\n<h2><span style=\"color: #ff9c00;\">Unser Rest-Easy-Service mit Mehrwert<\/span><\/h2>\n<p><em><strong><span style=\"color: #ff9c00;\">&gt;&gt;&gt;\u00a0 <\/span><\/strong><\/em><strong>Backvita verf\u00fcgt \u00fcber professionelle Techniker, die technische Support-Dokumente wie: Normen, Specs, COA, MOA,\u00a0<\/strong><strong>MSDS,<\/strong><strong>Flussdiagramm, Erkl\u00e4rungen, Chromatogramme, N\u00e4hrwertangaben, Stabilit\u00e4tspr\u00fcfung, usw.<\/strong><\/p>\n<p><strong><span style=\"color: #ff9c00;\">&gt;&gt;&gt; \u00a0<\/span>Wir versprechen Ihnen, Ihnen einzigartige Dienstleistungen anzubieten, damit Sie sich beim Kauf und Verkauf von Produkten keine Sorgen machen m\u00fcssen.<\/strong><\/p>\n<p><strong><span style=\"color: #ff9c00;\">&gt;&gt;&gt;<\/span>\u00a0 Unser globales E-Commerce-Datenanalystenteam verf\u00fcgt \u00fcber 10 Jahre Erfahrung in der Pflanzenextraktbranche. Es stellt Ihnen Datenberichte \u00fcber die L\u00e4nder zur Verf\u00fcgung, in denen Ihre Produkte verkauft werden, damit Sie fundierte Entscheidungen treffen k\u00f6nnen. Diese Datenberichte enthalten Verkaufsvolumen, Vertriebskan\u00e4le, Wettbewerbsanalysen und andere Informationen, die Ihnen helfen, die Marktnachfrage und -trends besser zu verstehen und so Ihre Beschaffungs- und Verkaufsstrategien zu optimieren.<\/strong><\/p>\n<p><strong><span style=\"color: #ff9c00;\">&gt;&gt;&gt;\u00a0<\/span> Zus\u00e4tzlich zu den Datenberichten stellen wir Ihnen regelm\u00e4\u00dfig Informationen \u00fcber marktrelevante Produkte und neue Produkte zur Verf\u00fcgung. Diese Informationen helfen Ihnen, sich \u00fcber potenzielle Chancen und Trends auf dem Markt auf dem Laufenden zu halten und Anpassungen und Entscheidungen auf der Grundlage der Marktanforderungen zu treffen.<\/strong><\/p>\n<p><strong><span style=\"color: #ff9c00;\">&gt;&gt;&gt;<\/span>\u00a0 Wenn Sie eine eigene, exklusive Marke haben, stellen wir Ihnen auch Werbematerialien und Plakate zur Verf\u00fcgung, mit denen Sie Ihr Markenimage und Ihren Bekanntheitsgrad steigern k\u00f6nnen. Unser Designteam entwirft exklusive Werbematerialien f\u00fcr Ihre Marke nach Ihren Bed\u00fcrfnissen und Anforderungen. Alle diese Mehrwertdienste werden den Kunden unserer Partner kostenlos zur Verf\u00fcgung gestellt.<\/strong><\/p>\n<p><strong><span style=\"color: #ff9c00;\">&gt;&gt;&gt;<\/span>\u00a0 Unser Ziel ist es, die Kunden in den Mittelpunkt zu stellen, Ihnen w\u00e4hrend des gesamten Prozesses einen sorgenfreien Service zu bieten und Ihnen zu mehr Leistung und Erfolg zu verhelfen.<\/strong><\/p>\n<p><strong><span style=\"color: #ff9c00;\">&gt;&gt;&gt;<\/span>\u00a0 Wenn Sie Fragen oder spezielle W\u00fcnsche zu unseren Mehrwertdiensten haben, k\u00f6nnen Sie sich gerne an uns wenden. Wir werden unser Bestes tun, um Ihnen zu helfen und Ihre Zufriedenheit zu gew\u00e4hrleisten. Nochmals vielen Dank f\u00fcr Ihre Unterst\u00fctzung und Aufmerksamkeit und wir freuen uns auf eine langfristige Zusammenarbeit mit Ihnen.<\/strong><\/p>\n<p>&nbsp;<\/p>\n<h2>Kontakt<a name=\"Contact Us\"><\/a><\/h2>\n\n<div class=\"wpcf7 no-js\" id=\"wpcf7-f690-o1\" lang=\"zh-CN\" dir=\"ltr\">\n<div class=\"screen-reader-response\"><p role=\"status\" aria-live=\"polite\" aria-atomic=\"true\"><\/p> <ul><\/ul><\/div>\n<form action=\"\/de\/wp-json\/wp\/v2\/product\/2909#wpcf7-f690-o1\" method=\"post\" class=\"wpcf7-form init\" aria-label=\"Contact form\" novalidate=\"novalidate\" data-status=\"init\" data-trp-original-action=\"\/de\/wp-json\/wp\/v2\/product\/2909#wpcf7-f690-o1\">\n<div style=\"display: none;\">\n<input type=\"hidden\" name=\"_wpcf7\" value=\"690\" \/>\n<input type=\"hidden\" name=\"_wpcf7_version\" value=\"5.8\" \/>\n<input type=\"hidden\" name=\"_wpcf7_locale\" value=\"zh_CN\" \/>\n<input type=\"hidden\" name=\"_wpcf7_unit_tag\" value=\"wpcf7-f690-o1\" \/>\n<input type=\"hidden\" name=\"_wpcf7_container_post\" value=\"0\" \/>\n<input type=\"hidden\" name=\"_wpcf7_posted_data_hash\" value=\"\" \/>\n<\/div>\n<p><label> *Name * Firmenname<br \/>\n<span class=\"wpcf7-form-control-wrap\" data-name=\"your-name\"><input size=\"40\" class=\"wpcf7-form-control wpcf7-text wpcf7-validates-as-required\" autocomplete=\"name\" aria-required=\"true\" aria-invalid=\"false\" value=\"\" type=\"text\" name=\"your-name\" \/><\/span> <\/label>\n<\/p>\n<p><label> *E-Mail<br \/>\n<span class=\"wpcf7-form-control-wrap\" data-name=\"your-email\"><input size=\"40\" class=\"wpcf7-form-control wpcf7-email wpcf7-validates-as-required wpcf7-text wpcf7-validates-as-email\" autocomplete=\"email\" aria-required=\"true\" aria-invalid=\"false\" value=\"\" type=\"email\" name=\"your-email\" \/><\/span> <\/label>\n<\/p>\n<p><label> *Telefonnummer<br \/>\n<span class=\"wpcf7-form-control-wrap\" data-name=\"your-subject\"><input size=\"40\" class=\"wpcf7-form-control wpcf7-text wpcf7-validates-as-required\" aria-required=\"true\" aria-invalid=\"false\" value=\"\" type=\"text\" name=\"your-subject\" \/><\/span> <\/label>\n<\/p>\n<p><label> *Meldung<br \/>\n<span class=\"wpcf7-form-control-wrap\" data-name=\"your-message\"><textarea cols=\"40\" rows=\"10\" class=\"wpcf7-form-control wpcf7-textarea\" aria-invalid=\"false\" name=\"your-message\"><\/textarea><\/span> <\/label>\n<\/p>\n<p><input class=\"wpcf7-form-control wpcf7-submit has-spinner\" type=\"submit\" value=\"Einreichen\" \/>\n<\/p><div class=\"wpcf7-response-output\" aria-hidden=\"true\"><\/div>\n<input type=\"hidden\" name=\"trp-form-language\" value=\"de\"\/><\/form>\n<\/div>\n\n<p>&nbsp;<\/p>","protected":false},"excerpt":{"rendered":"<p><span style=\"color: #000000;\">Sonnenblumen-Phosphatidylserin ,Die Trockenmasse des menschlichen Gehirns besteht neben Wasser haupts\u00e4chlich aus Lipiden, die 60% ausmachen. Der Hauptbestandteil der Hirnlipide sind Phospholipide. Phosphatidylserin (PS) ist ein sehr wichtiges Phospholipid, das eine wichtige Rolle bei der Kommunikation zwischen den Zellmembranen und den Neurotransmittern spielt. Die Freisetzung und die Signal\u00fcbertragung spielen alle eine sehr wichtige Rolle.<\/span><\/p>\n<p><span style=\"color: #ff6600;\"><a class=\"aaa\" style=\"cursor: pointer; color: #ff6600;\"><img decoding=\"async\" loading=\"lazy\" class=\"alignnone wp-image-2660\" title=\"Erkundigen Sie sich bei\" src=\"https:\/\/www.backvita.com\/wp-content\/uploads\/2023\/10\/inquire-300x300.png\" alt=\"Erkundigen Sie sich bei\" width=\"75\" height=\"75\" srcset=\"https:\/\/www.backvita.com\/wp-content\/uploads\/2023\/10\/inquire-300x300.png 300w, https:\/\/www.backvita.com\/wp-content\/uploads\/2023\/10\/inquire-150x150.png 150w, https:\/\/www.backvita.com\/wp-content\/uploads\/2023\/10\/inquire-100x100.png 100w, https:\/\/www.backvita.com\/wp-content\/uploads\/2023\/10\/inquire.png 512w\" sizes=\"(max-width: 75px) 100vw, 75px\" \/> <strong>Anfrage senden<\/strong><\/a><strong><script src=\"https:\/\/cdn.staticfile.org\/jquery\/1.7\/jquery.min.js\"><\/script><script>$('.aaa').click(function(){\n\u00a0 \u00a0 \u00a0 \u00a0 $(\".wc-tabs li\").removeClass('active')\n\u00a0 \u00a0 \u00a0 \u00a0 $(\".wc-tabs li\").eq(0).addClass('active')\nvar o = $(\".wc-tabs li\").eq(0).closest(\".wc-tabs-wrapper, .woocommerce-tabs\");\no.find(\".wc-tab, .panel:not(.panel .panel)\").hide(),\n o.find(\"#\" + $(\".wc-tabs li a\").attr(\"href\").split(\"#\")[1]).show()\n\u00a0 \u00a0 \u00a0 \u00a0 window.location.href=\"#Contact Us\"\n\u00a0 \u00a0})<\/script><\/strong><\/span><\/p>\n<p><strong><span style=\"color: #ff6600;\"><a style=\"color: #ff6600;\" href=\"#Contact Us\"><img decoding=\"async\" loading=\"lazy\" class=\"alignnone wp-image-2661\" title=\"PDF\" src=\"https:\/\/www.backvita.com\/wp-content\/uploads\/2023\/10\/pdf-300x300.png\" alt=\"PDF\" width=\"75\" height=\"75\" srcset=\"https:\/\/www.backvita.com\/wp-content\/uploads\/2023\/10\/pdf-300x300.png 300w, https:\/\/www.backvita.com\/wp-content\/uploads\/2023\/10\/pdf-150x150.png 150w, https:\/\/www.backvita.com\/wp-content\/uploads\/2023\/10\/pdf-100x100.png 100w, https:\/\/www.backvita.com\/wp-content\/uploads\/2023\/10\/pdf.png 512w\" sizes=\"(max-width: 75px) 100vw, 75px\" \/><\/a><a class=\"aaa\" style=\"cursor: pointer; color: #ff6600;\">Anfrage[ TDS,COA, MSDS,MOA... ]<\/a><script src=\"https:\/\/cdn.staticfile.org\/jquery\/1.7\/jquery.min.js\"><\/script><script>$('.aaa').click(function(){\n\u00a0 \u00a0 \u00a0 \u00a0 $(\".wc-tabs li\").removeClass('active')\n\u00a0 \u00a0 \u00a0 \u00a0 $(\".wc-tabs li\").eq(0).addClass('active')\nvar o = $(\".wc-tabs li\").eq(0).closest(\".wc-tabs-wrapper, .woocommerce-tabs\");\no.find(\".wc-tab, .panel:not(.panel .panel)\").hide(),\n o.find(\"#\" + $(\".wc-tabs li a\").attr(\"href\").split(\"#\")[1]).show()\n\u00a0 \u00a0 \u00a0 \u00a0 window.location.href=\"#Contact Us\"\n\u00a0 \u00a0})<\/script><\/span><\/strong><\/p>","protected":false},"featured_media":2814,"template":"","meta":{"_seopress_robots_primary_cat":"none","_seopress_titles_title":"Sunflower Phosphatidylserine  suppliers Sunflower Phosphatidylserine manufacturers Sunflower Phosphatidylserine factory free sample","_seopress_titles_desc":"Sunflower Phosphatidylserine ,The dry matter of the human brain other than water is mainly lipids, accounting for 60%. The main component of brain lipids is phospholipids. Phosphatidylserine (PS) is a very important phospholipid, which plays an important role in inter-cell membrane communication and neurotransmitters. The release and signal transmission all play a very important role.","_seopress_robots_index":""},"product_cat":[22,50],"product_tag":[841,833,840,838,831,834,839,835,837,836,829,853,852,848,849,847,846,842,843,830,850,854,855,851,856,844,845,832],"featured_image_urls":{"full":["https:\/\/www.backvita.com\/wp-content\/uploads\/2023\/10\/Sunflower-Phosphatidylserine.webp",455,454,false],"thumbnail":["https:\/\/www.backvita.com\/wp-content\/uploads\/2023\/10\/Sunflower-Phosphatidylserine-150x150.webp",150,150,true],"medium":["https:\/\/www.backvita.com\/wp-content\/uploads\/2023\/10\/Sunflower-Phosphatidylserine-300x300.webp",300,300,true],"medium_large":["https:\/\/www.backvita.com\/wp-content\/uploads\/2023\/10\/Sunflower-Phosphatidylserine.webp",455,454,false],"large":["https:\/\/www.backvita.com\/wp-content\/uploads\/2023\/10\/Sunflower-Phosphatidylserine.webp",455,454,false],"1536x1536":["https:\/\/www.backvita.com\/wp-content\/uploads\/2023\/10\/Sunflower-Phosphatidylserine.webp",455,454,false],"2048x2048":["https:\/\/www.backvita.com\/wp-content\/uploads\/2023\/10\/Sunflower-Phosphatidylserine.webp",455,454,false],"trp-custom-language-flag":["https:\/\/www.backvita.com\/wp-content\/uploads\/2023\/10\/Sunflower-Phosphatidylserine.webp",12,12,false],"woocommerce_thumbnail":["https:\/\/www.backvita.com\/wp-content\/uploads\/2023\/10\/Sunflower-Phosphatidylserine-300x300.webp",300,300,true],"woocommerce_single":["https:\/\/www.backvita.com\/wp-content\/uploads\/2023\/10\/Sunflower-Phosphatidylserine.webp",455,454,false],"woocommerce_gallery_thumbnail":["https:\/\/www.backvita.com\/wp-content\/uploads\/2023\/10\/Sunflower-Phosphatidylserine-100x100.webp",100,100,true]},"post_excerpt_stackable":"<p><span style=\"color: #000000;\">Sunflower Phosphatidylserine ,The dry matter of the human brain other than water is mainly lipids, accounting for 60%. The main component of brain lipids is phospholipids. Phosphatidylserine (PS) is a very important phospholipid, which plays an important role in inter-cell membrane communication and neurotransmitters. The release and signal transmission all play a very important role.<\/span><\/p>\n<p><span style=\"color: #ff6600;\"><a class=\"aaa\" style=\"cursor: pointer; color: #ff6600;\"><img decoding=\"async\" loading=\"lazy\" class=\"alignnone wp-image-2660\" title=\"Iquire\" src=\"https:\/\/www.backvita.com\/wp-content\/uploads\/2023\/10\/inquire-300x300.png\" alt=\"Iquire\" width=\"75\" height=\"75\" srcset=\"https:\/\/www.backvita.com\/wp-content\/uploads\/2023\/10\/inquire-300x300.png 300w, https:\/\/www.backvita.com\/wp-content\/uploads\/2023\/10\/inquire-150x150.png 150w, https:\/\/www.backvita.com\/wp-content\/uploads\/2023\/10\/inquire-100x100.png 100w, https:\/\/www.backvita.com\/wp-content\/uploads\/2023\/10\/inquire.png 512w\" sizes=\"(max-width: 75px) 100vw, 75px\" \/> <strong>Send an Inquiry<\/strong><\/a><strong><script src=\"https:\/\/cdn.staticfile.org\/jquery\/1.7\/jquery.min.js\"><\/script><script>$('.aaa').click(function(){\n\u00a0 \u00a0 \u00a0 \u00a0 $(\".wc-tabs li\").removeClass('active')\n\u00a0 \u00a0 \u00a0 \u00a0 $(\".wc-tabs li\").eq(0).addClass('active')\nvar o = $(\".wc-tabs li\").eq(0).closest(\".wc-tabs-wrapper, .woocommerce-tabs\");\no.find(\".wc-tab, .panel:not(.panel .panel)\").hide(),\n o.find(\"#\" + $(\".wc-tabs li a\").attr(\"href\").split(\"#\")[1]).show()\n\u00a0 \u00a0 \u00a0 \u00a0 window.location.href=\"#Contact Us\"\n\u00a0 \u00a0})<\/script><\/strong><\/span><\/p>\n<p><strong><span style=\"color: #ff6600;\"><a style=\"color: #ff6600;\" href=\"#Contact Us\"><img decoding=\"async\" loading=\"lazy\" class=\"alignnone wp-image-2661\" title=\"PDF\" src=\"https:\/\/www.backvita.com\/wp-content\/uploads\/2023\/10\/pdf-300x300.png\" alt=\"PDF\" width=\"75\" height=\"75\" srcset=\"https:\/\/www.backvita.com\/wp-content\/uploads\/2023\/10\/pdf-300x300.png 300w, https:\/\/www.backvita.com\/wp-content\/uploads\/2023\/10\/pdf-150x150.png 150w, https:\/\/www.backvita.com\/wp-content\/uploads\/2023\/10\/pdf-100x100.png 100w, https:\/\/www.backvita.com\/wp-content\/uploads\/2023\/10\/pdf.png 512w\" sizes=\"(max-width: 75px) 100vw, 75px\" \/><\/a><a class=\"aaa\" style=\"cursor: pointer; color: #ff6600;\">Request[ TDS,COA, MSDS,MOA&#8230; ]<\/a><script src=\"https:\/\/cdn.staticfile.org\/jquery\/1.7\/jquery.min.js\"><\/script><script>$('.aaa').click(function(){\n\u00a0 \u00a0 \u00a0 \u00a0 $(\".wc-tabs li\").removeClass('active')\n\u00a0 \u00a0 \u00a0 \u00a0 $(\".wc-tabs li\").eq(0).addClass('active')\nvar o = $(\".wc-tabs li\").eq(0).closest(\".wc-tabs-wrapper, .woocommerce-tabs\");\no.find(\".wc-tab, .panel:not(.panel .panel)\").hide(),\n o.find(\"#\" + $(\".wc-tabs li a\").attr(\"href\").split(\"#\")[1]).show()\n\u00a0 \u00a0 \u00a0 \u00a0 window.location.href=\"#Contact Us\"\n\u00a0 \u00a0})<\/script><\/span><\/strong><\/p>\n","category_list":"","author_info":{"name":"","url":""},"comments_num":"0 comments","_links":{"self":[{"href":"https:\/\/www.backvita.com\/de\/wp-json\/wp\/v2\/product\/2909"}],"collection":[{"href":"https:\/\/www.backvita.com\/de\/wp-json\/wp\/v2\/product"}],"about":[{"href":"https:\/\/www.backvita.com\/de\/wp-json\/wp\/v2\/types\/product"}],"wp:featuredmedia":[{"embeddable":true,"href":"https:\/\/www.backvita.com\/de\/wp-json\/wp\/v2\/media\/2814"}],"wp:attachment":[{"href":"https:\/\/www.backvita.com\/de\/wp-json\/wp\/v2\/media?parent=2909"}],"wp:term":[{"taxonomy":"product_cat","embeddable":true,"href":"https:\/\/www.backvita.com\/de\/wp-json\/wp\/v2\/product_cat?post=2909"},{"taxonomy":"product_tag","embeddable":true,"href":"https:\/\/www.backvita.com\/de\/wp-json\/wp\/v2\/product_tag?post=2909"}],"curies":[{"name":"wp","href":"https:\/\/api.w.org\/{rel}","templated":true}]}}