{"id":2910,"date":"2023-11-04T14:39:24","date_gmt":"2023-11-04T06:39:24","guid":{"rendered":"https:\/\/www.backvita.com\/?post_type=product&#038;p=2910"},"modified":"2024-02-07T11:54:11","modified_gmt":"2024-02-07T03:54:11","slug":"smoke-tree-extract-fisetin-suppliers-smoke-tree-extract-fisetin-manufacturers-smoke-tree-extract-fisetin-factory-free-sample","status":"publish","type":"product","link":"https:\/\/www.backvita.com\/de\/product\/rauchbaumextrakt-fisetin-lieferanten-rauchbaumextrakt-fisetin-hersteller-rauchbaumextrakt-fisetin-fabrik-kostenlose-probe\/","title":{"rendered":"R\u00e4ucherbaumextrakt Fisetin Lieferanten R\u00e4ucherbaumextrakt Fisetin Hersteller R\u00e4ucherbaumextrakt Fisetin Fabrik kostenlose Probe"},"content":{"rendered":"<div class=\"fl-col-group fl-node-636c9389eca16\" data-node=\"636c9389eca16\">\n<div class=\"fl-col fl-node-636c9389eca55\" data-node=\"636c9389eca55\">\n<div class=\"fl-col-content fl-node-content\">\n<div class=\"fl-module fl-module-rich-text fl-node-636c9389eca93\" data-node=\"636c9389eca93\" data-animation-delay=\"0.0\">\n<div class=\"fl-module-content fl-node-content\">\n<div class=\"fl-rich-text\">\n<div class=\"content_box\">\n<h2>Rauchbaumextrakt Fisetin Einf\u00fchrung<\/h2>\n<\/div>\n<p><strong>Fisetin<\/strong>\u00a0(Smoke Tree Extract)- wird aus dem Stamm von Cotinus coggygria Scop unter Verwendung geeigneter L\u00f6sungsmittel wie Wasser und Alkohol oder Mischungen dieser L\u00f6sungsmittel hergestellt. Das Verh\u00e4ltnis von pflanzlichem Ausgangsmaterial zu Extrakt betr\u00e4gt etwa 400:1. Er enth\u00e4lt NLT 98,0% der angegebenen Menge an Fisetin, berechnet auf Trockenbasis.<\/p>\n<p>Fisetin (FIS, 3,3\u2032,4\u2032,7-Tetrahydroxyflavon), auch bekannt als Fisetin, ist eine nat\u00fcrliche Flavonoidverbindung, die aus Pflanzen wie der Anacardiaceae-Pflanze Fisetin gewonnen wird. Flavine haben pharmakologische Eigenschaften wie antioxidative und entz\u00fcndungshemmende Eigenschaften.<\/p>\n<table style=\"height: 244px;\" width=\"1321\">\n<tbody>\n<tr>\n<td width=\"219\"><strong>Produktname<\/strong><\/td>\n<td width=\"466\">Rauchbaumextrakt Fisetin<\/td>\n<\/tr>\n<tr>\n<td><strong>CAS-Nr.<\/strong><\/td>\n<td>528-48-3<\/td>\n<\/tr>\n<tr>\n<td><strong>Lateinischer Name<\/strong><\/td>\n<td>Cotinus coggygria Scop.var.cinerea Engl.<\/td>\n<\/tr>\n<tr>\n<td><strong>Erscheinungsbild<\/strong><\/td>\n<td>gelbes Nadelkristallpulver<\/td>\n<\/tr>\n<tr>\n<td><strong>Spezifikationen<\/strong><\/td>\n<td>10%,30%,50%,80%,98%<\/td>\n<\/tr>\n<tr>\n<td><strong>Pakete<\/strong><\/td>\n<td>1kg\/Sack, 25kg\/Fass<\/td>\n<\/tr>\n<tr>\n<td><strong>Lagerung<\/strong><\/td>\n<td>Feuchtigkeitsschutz und lichtgesch\u00fctzte, geschlossene Lagerung vermeiden.<\/td>\n<\/tr>\n<tr>\n<td><strong>Pr\u00fcfverfahren<\/strong><\/td>\n<td>HPLC<\/td>\n<\/tr>\n<\/tbody>\n<\/table>\n<div><\/div>\n<div id=\"gtx-trans\">\n<h2><strong>Die Funktion des R\u00e4ucherbaumextrakts Fisetin<\/strong><\/h2>\n<h3><strong>Anti-Oxidation<\/strong><\/h3>\n<p>Fisetin ist ein bioflavonoides Antioxidans, das bei oxidativem Stress zur Aufrechterhaltung des Glutathionspiegels und der Mitochondrienfunktion beitragen kann. Es hat das Potenzial, die Blut-Hirn-Schranke zu \u00fcberwinden, was zur Aufrechterhaltung der neuronalen Funktion beitragen kann.<br \/>\nFisetin kann das antioxidative Arsenal des Organismus durch eine direkte F\u00e4ngeraktivit\u00e4t f\u00fcr freie Radikale und eine Erh\u00f6hung des Glutathionspiegels unterst\u00fctzen. In-vitro-Studien zeigen, dass das Fisetin das Glutathion, ein sehr aktives, nat\u00fcrlich im Organismus vorkommendes Antioxidans, unterst\u00fctzen kann, indem es den Zellen Cystein (ein Baustein des Glutathions) zur Verf\u00fcgung stellt oder die Glutathionsynthese f\u00f6rdert. thion. Fisetin kann dazu beitragen, die Produktion zahlreicher Proteine zu regulieren, die am Schutz des K\u00f6rpers vor oxidativem Stress und an der Aufrechterhaltung der Redox-Hom\u00f6ostase beteiligt sind (das Gleichgewicht zwischen der Produktionsrate freier Radikale und der Abfangrate der verschiedenen Antioxidantien).<\/p>\n<h3><strong>Antitumor<\/strong><\/h3>\n<p>In den letzten Jahren hat die Anti-Tumor-Wirkung von Fisetin die Aufmerksamkeit der Menschen auf sich gezogen. Studien haben gezeigt, dass Fisetin Anti-Tumor-Effekte aus\u00fcben kann, indem es die Apoptose von Tumorzellen ausl\u00f6st, die Signaltransduktionswege von Tumorzellen beeinflusst, die Proliferation von Tumorzellen hemmt und die Migration und Invasion von Tumorzellen hemmt.<br \/>\nFisetin induziert haupts\u00e4chlich die Apoptose von Tumorzellen durch die Aktivierung von Caspase, die Herunterregulierung von BIRC8 und Bcl2L2 und die Hemmung von COX-2.<br \/>\nDas Naturprodukt Fisetin kann das Wachstum und die Ausbreitung von Tumorzellen \u00fcber mehrere Wege hemmen. Gleichzeitig hat Fisetin die Eigenschaften, dass es in der Natur weit verbreitet ist, wenig toxische Wirkungen und Nebenwirkungen hat und auf vielf\u00e4ltige Weise wirkt. Es wird davon ausgegangen, dass mit der kontinuierlichen Vertiefung der Forschung \u00fcber den Anti-Tumor-Mechanismus von Fisetin eine wissenschaftlichere und rationellere Anwendung in der klinischen Praxis zu erwarten ist, die eine Grundlage f\u00fcr Human Health Career Services darstellt.<\/p>\n<h3><strong>Anti-Krebs-Wirkung<\/strong><\/h3>\n<p>Die Forscher mischten Arzneimitteltr\u00e4ger mit Rhus-Extrakt, der Fisetin, Xanthophyllin, Sulfaterin und Rhodinin enth\u00e4lt, um eine Zusammensetzung mit krebshemmender Wirkung zu erhalten. Die Aktivit\u00e4tsexperimente zeigten, dass der Rhus-Extrakt krebshemmende Eigenschaften bei Menschen hat. Sein Hauptmechanismus besteht darin, die Organdifferenzierung von Krebszellen in normale Zellen durch die Transformation von Krebszellengenen zu bewirken.<br \/>\nFisetin ist der typischste Wirkstoff unter den Rhus-Flavonoiden, der die Proliferation von Prostatakrebszellen wirksam hemmen und ihre Apoptose ausl\u00f6sen kann. In menschlichen Lungenkrebszellen kann Fisetin die Produktion von MMPs durch Hemmung der MAP-Kinase- und NF-\u03baB-Wege reduzieren. Es f\u00f6rdert auch die Proliferation und Apoptose von Brustkrebs, Geb\u00e4rmutterhalskrebs, Blutkrebs und anderen Zellen. Fisetin gilt daher als Krebsmittel mit Entwicklungspotenzial.<\/p>\n<p>&nbsp;<\/p>\n<\/div>\n<\/div>\n<\/div>\n<\/div>\n<\/div>\n<\/div>\n<\/div>\n<div class=\"fl-col-group fl-node-636c9389ecad1 fl-col-group-equal-height fl-col-group-align-center\" data-node=\"636c9389ecad1\">\n<div class=\"fl-col fl-node-636c9389ecb1d\" data-node=\"636c9389ecb1d\">\n<div class=\"fl-col-content fl-node-content\">\n<div class=\"fl-module fl-module-rich-text fl-node-636c9389ecba9\" data-node=\"636c9389ecba9\" data-animation-delay=\"0.0\">\n<div class=\"fl-module-content fl-node-content\">\n<div class=\"fl-rich-text\">\n<div class=\"content_box\">\n<h2>Wichtigste Spezifikationen von Fisetin<\/h2>\n<\/div>\n<p>Fisetin-Pulver 10% HPLC<br \/>\nFisetin-Pulver 30% HPLC<br \/>\nFisetin-Pulver 50% HPLC<br \/>\nFisetin-Pulver 80% HPLC<br \/>\nFisetin-Pulver 98% HPLC<\/p>\n<p>&nbsp;<\/p>\n<\/div>\n<\/div>\n<\/div>\n<\/div>\n<\/div>\n<\/div>\n<div class=\"fl-col-group fl-node-636c9389ecc26\" data-node=\"636c9389ecc26\">\n<div class=\"fl-col fl-node-636c9389ecc63\" data-node=\"636c9389ecc63\">\n<div class=\"fl-col-content fl-node-content\">\n<div class=\"fl-module fl-module-rich-text fl-node-636c9389ecca5\" data-node=\"636c9389ecca5\" data-animation-delay=\"0.0\">\n<div class=\"fl-module-content fl-node-content\">\n<div class=\"fl-rich-text\">\n<div class=\"content_box\">\n<h2>Vorteile von Fisetin<\/h2>\n<\/div>\n<p>Fisetin ist ein hervorragendes Antioxidans und Entz\u00fcndungshemmer, der das Wachstum von Staphylococcus aureus wirksam hemmt.<br \/>\nFisetin hat eine gro\u00dfe Antitumorfunktion, verhindert das Eindringen von Tumorzellen ins Blut und hemmt die Metastasierung von Tumorzellen.<br \/>\nFisetin hat die F\u00e4higkeit, seneszente Zellen zu entfernen und ist ein starker Anti-Aging-Wirkstoff.<\/p>\n<p>&nbsp;<\/p>\n<div class=\"content_box\">\n<h2 style=\"text-align: left;\">Typisches Spezifikationsblatt von Fisetin 98%<\/h2>\n<\/div>\n<div class=\"table_wrap\">\n<table style=\"height: 705px;\" border=\"0\" width=\"1351\" cellspacing=\"0\">\n<tbody>\n<tr>\n<td colspan=\"2\"><strong>Analyse-Elemente<\/strong><\/td>\n<td><strong>Spezifikationen<\/strong><\/td>\n<td><strong>Methoden<\/strong><\/td>\n<\/tr>\n<tr>\n<td colspan=\"4\"><strong>Kennzeichnungen<\/strong><\/td>\n<\/tr>\n<tr>\n<td><strong>HPTLC<\/strong><\/td>\n<td colspan=\"3\">Die Probe weist Hauptbanden auf, die in Position und Farbe der Standardl\u00f6sung \u00e4hneln.<\/td>\n<\/tr>\n<tr>\n<td><strong>HPLC<\/strong><\/td>\n<td colspan=\"3\">Die Retentionszeit der Probe stimmt mit der des Standards im HPLC-Reinheitstest \u00fcberein.<\/td>\n<\/tr>\n<tr>\n<td colspan=\"4\"><strong>Wirkstofftests<\/strong><\/td>\n<\/tr>\n<tr>\n<td colspan=\"2\"><strong>Fisetin<\/strong><\/td>\n<td>\u226598.00%<\/td>\n<td>HPLC<\/td>\n<\/tr>\n<tr>\n<td colspan=\"4\"><strong>Physikalische Tests<\/strong><\/td>\n<\/tr>\n<tr>\n<td colspan=\"2\"><strong>Erscheinungsbild<\/strong><\/td>\n<td>Hellgelbes feines Pulver<\/td>\n<td>Visuell<\/td>\n<\/tr>\n<tr>\n<td colspan=\"2\"><strong>Geruch und Geschmack<\/strong><\/td>\n<td>Charakteristisch<\/td>\n<td>Organoleptisch<\/td>\n<\/tr>\n<tr>\n<td colspan=\"2\"><strong>Partikelgr\u00f6\u00dfe<\/strong><\/td>\n<td>98% Durchgang 80mesh<\/td>\n<td>Ch.P 2020 IV<\/td>\n<\/tr>\n<tr>\n<td colspan=\"2\"><strong>Wasser<\/strong><\/td>\n<td>\u22645.00%<\/td>\n<td>GB 5009.3<\/td>\n<\/tr>\n<tr>\n<td colspan=\"2\"><strong>R\u00fcckst\u00e4nde bei der Z\u00fcndung<\/strong><\/td>\n<td>\u22645.00%<\/td>\n<td>GB 5009.4<\/td>\n<\/tr>\n<tr>\n<td colspan=\"4\"><strong>Chemische Tests<\/strong><\/td>\n<\/tr>\n<tr>\n<td colspan=\"2\"><strong>Schwermetalle<\/strong><\/td>\n<td>\u226410.00ppm<\/td>\n<td>GB 5009.74<\/td>\n<\/tr>\n<tr>\n<td colspan=\"2\"><strong>Pb<\/strong><\/td>\n<td>\u22642,00ppm<\/td>\n<td>GB 5009.12<\/td>\n<\/tr>\n<tr>\n<td colspan=\"2\"><strong>As<\/strong><\/td>\n<td>\u22642,00ppm<\/td>\n<td>GB 5009.11<\/td>\n<\/tr>\n<tr>\n<td colspan=\"2\"><strong>Cd<\/strong><\/td>\n<td>\u22641,00ppm<\/td>\n<td>GB 5009.15<\/td>\n<\/tr>\n<tr>\n<td colspan=\"2\"><strong>Hg<\/strong><\/td>\n<td>\u22640,10ppm<\/td>\n<td>GB 5009.17<\/td>\n<\/tr>\n<tr>\n<td colspan=\"2\"><strong>R\u00fcckst\u00e4nde von L\u00f6sungsmitteln<\/strong><\/td>\n<td>GB 5009.262<\/td>\n<td>GB 5009.262<\/td>\n<\/tr>\n<tr>\n<td colspan=\"2\"><strong>R\u00fcckst\u00e4nde von Pestiziden<\/strong><\/td>\n<td>GB 23200.113<\/td>\n<td>GB 23200.113<\/td>\n<\/tr>\n<tr>\n<td colspan=\"4\"><strong>Mikrobiologische Tests<\/strong><\/td>\n<\/tr>\n<tr>\n<td colspan=\"2\"><strong>Gesamtkeimzahl<\/strong><\/td>\n<td>\u22641.000cfu\/g<\/td>\n<td>GB 4789.2<\/td>\n<\/tr>\n<tr>\n<td colspan=\"2\"><strong>Hefen und Schimmelpilze<\/strong><\/td>\n<td>\u2264100cfu\/g<\/td>\n<td>GB 4789.15<\/td>\n<\/tr>\n<tr>\n<td colspan=\"2\"><strong>E. Coli<\/strong><\/td>\n<td>Negativ in 1g<\/td>\n<td>GB 4789.38<\/td>\n<\/tr>\n<tr>\n<td colspan=\"2\"><strong>Salmonellen<\/strong><\/td>\n<td>Negativ in 10g<\/td>\n<td>GB 4789.4<\/td>\n<\/tr>\n<\/tbody>\n<\/table>\n<\/div>\n<\/div>\n<\/div>\n<\/div>\n<\/div>\n<\/div>\n<\/div>\n<p>&nbsp;<\/p>\n<h2><span style=\"color: #ff9c00;\">Unser Rest-Easy-Service mit Mehrwert<\/span><\/h2>\n<p><em><strong><span style=\"color: #ff9c00;\">&gt;&gt;&gt;\u00a0 <\/span><\/strong><\/em><strong>Backvita verf\u00fcgt \u00fcber professionelle Techniker, die technische Support-Dokumente wie: Normen, Specs, COA, MOA,\u00a0<\/strong><strong>MSDS,<\/strong><strong>Flussdiagramm, Erkl\u00e4rungen, Chromatogramme, N\u00e4hrwertangaben, Stabilit\u00e4tspr\u00fcfung, usw.<\/strong><\/p>\n<p><strong><span style=\"color: #ff9c00;\">&gt;&gt;&gt; \u00a0<\/span>Wir versprechen Ihnen, Ihnen einzigartige Dienstleistungen anzubieten, damit Sie sich beim Kauf und Verkauf von Produkten keine Sorgen machen m\u00fcssen.<\/strong><\/p>\n<p><strong><span style=\"color: #ff9c00;\">&gt;&gt;&gt;<\/span>\u00a0 Unser globales E-Commerce-Datenanalystenteam verf\u00fcgt \u00fcber 10 Jahre Erfahrung in der Pflanzenextraktbranche. Es stellt Ihnen Datenberichte \u00fcber die L\u00e4nder zur Verf\u00fcgung, in denen Ihre Produkte verkauft werden, damit Sie fundierte Entscheidungen treffen k\u00f6nnen. Diese Datenberichte enthalten Verkaufsvolumen, Vertriebskan\u00e4le, Wettbewerbsanalysen und andere Informationen, die Ihnen helfen, die Marktnachfrage und -trends besser zu verstehen und so Ihre Beschaffungs- und Verkaufsstrategien zu optimieren.<\/strong><\/p>\n<p><strong><span style=\"color: #ff9c00;\">&gt;&gt;&gt;\u00a0<\/span> Zus\u00e4tzlich zu den Datenberichten stellen wir Ihnen regelm\u00e4\u00dfig Informationen \u00fcber marktrelevante Produkte und neue Produkte zur Verf\u00fcgung. Diese Informationen helfen Ihnen, sich \u00fcber potenzielle Chancen und Trends auf dem Markt auf dem Laufenden zu halten und Anpassungen und Entscheidungen auf der Grundlage der Marktanforderungen zu treffen.<\/strong><\/p>\n<p><strong><span style=\"color: #ff9c00;\">&gt;&gt;&gt;<\/span>\u00a0 Wenn Sie eine eigene, exklusive Marke haben, stellen wir Ihnen auch Werbematerialien und Plakate zur Verf\u00fcgung, mit denen Sie Ihr Markenimage und Ihren Bekanntheitsgrad steigern k\u00f6nnen. Unser Designteam entwirft exklusive Werbematerialien f\u00fcr Ihre Marke nach Ihren Bed\u00fcrfnissen und Anforderungen. Alle diese Mehrwertdienste werden den Kunden unserer Partner kostenlos zur Verf\u00fcgung gestellt.<\/strong><\/p>\n<p><strong><span style=\"color: #ff9c00;\">&gt;&gt;&gt;<\/span>\u00a0 Unser Ziel ist es, die Kunden in den Mittelpunkt zu stellen, Ihnen w\u00e4hrend des gesamten Prozesses einen sorgenfreien Service zu bieten und Ihnen zu mehr Leistung und Erfolg zu verhelfen.<\/strong><\/p>\n<p><strong><span style=\"color: #ff9c00;\">&gt;&gt;&gt;<\/span>\u00a0 Wenn Sie Fragen oder spezielle W\u00fcnsche zu unseren Mehrwertdiensten haben, k\u00f6nnen Sie sich gerne an uns wenden. Wir werden unser Bestes tun, um Ihnen zu helfen und Ihre Zufriedenheit zu gew\u00e4hrleisten. Nochmals vielen Dank f\u00fcr Ihre Unterst\u00fctzung und Aufmerksamkeit und wir freuen uns auf eine langfristige Zusammenarbeit mit Ihnen.<\/strong><\/p>\n<p>&nbsp;<\/p>\n<h2>Kontakt<a name=\"Contact Us\"><\/a><\/h2>\n\n<div class=\"wpcf7 no-js\" id=\"wpcf7-f690-o1\" lang=\"zh-CN\" dir=\"ltr\">\n<div class=\"screen-reader-response\"><p role=\"status\" aria-live=\"polite\" aria-atomic=\"true\"><\/p> <ul><\/ul><\/div>\n<form action=\"\/de\/wp-json\/wp\/v2\/product\/2910#wpcf7-f690-o1\" method=\"post\" class=\"wpcf7-form init\" aria-label=\"Contact form\" novalidate=\"novalidate\" data-status=\"init\" data-trp-original-action=\"\/de\/wp-json\/wp\/v2\/product\/2910#wpcf7-f690-o1\">\n<div style=\"display: none;\">\n<input type=\"hidden\" name=\"_wpcf7\" value=\"690\" \/>\n<input type=\"hidden\" name=\"_wpcf7_version\" value=\"5.8\" \/>\n<input type=\"hidden\" name=\"_wpcf7_locale\" value=\"zh_CN\" \/>\n<input type=\"hidden\" name=\"_wpcf7_unit_tag\" value=\"wpcf7-f690-o1\" \/>\n<input type=\"hidden\" name=\"_wpcf7_container_post\" value=\"0\" \/>\n<input type=\"hidden\" name=\"_wpcf7_posted_data_hash\" value=\"\" \/>\n<\/div>\n<p><label> *Name * Firmenname<br \/>\n<span class=\"wpcf7-form-control-wrap\" data-name=\"your-name\"><input size=\"40\" class=\"wpcf7-form-control wpcf7-text wpcf7-validates-as-required\" autocomplete=\"name\" aria-required=\"true\" aria-invalid=\"false\" value=\"\" type=\"text\" name=\"your-name\" \/><\/span> <\/label>\n<\/p>\n<p><label> *E-Mail<br \/>\n<span class=\"wpcf7-form-control-wrap\" data-name=\"your-email\"><input size=\"40\" class=\"wpcf7-form-control wpcf7-email wpcf7-validates-as-required wpcf7-text wpcf7-validates-as-email\" autocomplete=\"email\" aria-required=\"true\" aria-invalid=\"false\" value=\"\" type=\"email\" name=\"your-email\" \/><\/span> <\/label>\n<\/p>\n<p><label> *Telefonnummer<br \/>\n<span class=\"wpcf7-form-control-wrap\" data-name=\"your-subject\"><input size=\"40\" class=\"wpcf7-form-control wpcf7-text wpcf7-validates-as-required\" aria-required=\"true\" aria-invalid=\"false\" value=\"\" type=\"text\" name=\"your-subject\" \/><\/span> <\/label>\n<\/p>\n<p><label> *Meldung<br \/>\n<span class=\"wpcf7-form-control-wrap\" data-name=\"your-message\"><textarea cols=\"40\" rows=\"10\" class=\"wpcf7-form-control wpcf7-textarea\" aria-invalid=\"false\" name=\"your-message\"><\/textarea><\/span> <\/label>\n<\/p>\n<p><input class=\"wpcf7-form-control wpcf7-submit has-spinner\" type=\"submit\" value=\"Einreichen\" \/>\n<\/p><div class=\"wpcf7-response-output\" aria-hidden=\"true\"><\/div>\n<input type=\"hidden\" name=\"trp-form-language\" value=\"de\"\/><\/form>\n<\/div>\n\n<p>&nbsp;<\/p>","protected":false},"excerpt":{"rendered":"<p><span style=\"color: #000000;\">Rauchbaumextrakt Fisetin (FIS, 3,3\u2032,4\u2032,7-Tetrahydroxyflavon), auch bekannt als Fisetin, ist eine nat\u00fcrliche Flavonoidverbindung, die aus Pflanzen wie der Anacardiaceae-Pflanze Fisetin gewonnen wird. Flavine haben pharmakologische Eigenschaften wie antioxidative und entz\u00fcndungshemmende Eigenschaften.<\/span><\/p>\n<p><span style=\"color: #ff6600;\"><a class=\"aaa\" style=\"cursor: pointer; color: #ff6600;\"><img decoding=\"async\" loading=\"lazy\" class=\"alignnone wp-image-2660\" title=\"Erkundigen Sie sich bei\" src=\"https:\/\/www.backvita.com\/wp-content\/uploads\/2023\/10\/inquire-300x300.png\" alt=\"Erkundigen Sie sich bei\" width=\"75\" height=\"75\" srcset=\"https:\/\/www.backvita.com\/wp-content\/uploads\/2023\/10\/inquire-300x300.png 300w, https:\/\/www.backvita.com\/wp-content\/uploads\/2023\/10\/inquire-150x150.png 150w, https:\/\/www.backvita.com\/wp-content\/uploads\/2023\/10\/inquire-100x100.png 100w, https:\/\/www.backvita.com\/wp-content\/uploads\/2023\/10\/inquire.png 512w\" sizes=\"(max-width: 75px) 100vw, 75px\" \/> <strong>Anfrage senden<\/strong><\/a><strong><script src=\"https:\/\/cdn.staticfile.org\/jquery\/1.7\/jquery.min.js\"><\/script><script>$('.aaa').click(function(){\n\u00a0 \u00a0 \u00a0 \u00a0 $(\".wc-tabs li\").removeClass('active')\n\u00a0 \u00a0 \u00a0 \u00a0 $(\".wc-tabs li\").eq(0).addClass('active')\nvar o = $(\".wc-tabs li\").eq(0).closest(\".wc-tabs-wrapper, .woocommerce-tabs\");\no.find(\".wc-tab, .panel:not(.panel .panel)\").hide(),\n o.find(\"#\" + $(\".wc-tabs li a\").attr(\"href\").split(\"#\")[1]).show()\n\u00a0 \u00a0 \u00a0 \u00a0 window.location.href=\"#Contact Us\"\n\u00a0 \u00a0})<\/script><\/strong><\/span><\/p>\n<p><strong><span style=\"color: #ff6600;\"><a style=\"color: #ff6600;\" href=\"#Contact Us\"><img decoding=\"async\" loading=\"lazy\" class=\"alignnone wp-image-2661\" title=\"PDF\" src=\"https:\/\/www.backvita.com\/wp-content\/uploads\/2023\/10\/pdf-300x300.png\" alt=\"PDF\" width=\"75\" height=\"75\" srcset=\"https:\/\/www.backvita.com\/wp-content\/uploads\/2023\/10\/pdf-300x300.png 300w, https:\/\/www.backvita.com\/wp-content\/uploads\/2023\/10\/pdf-150x150.png 150w, https:\/\/www.backvita.com\/wp-content\/uploads\/2023\/10\/pdf-100x100.png 100w, https:\/\/www.backvita.com\/wp-content\/uploads\/2023\/10\/pdf.png 512w\" sizes=\"(max-width: 75px) 100vw, 75px\" \/><\/a><a class=\"aaa\" style=\"cursor: pointer; color: #ff6600;\">Anfrage[ TDS,COA, MSDS,MOA... ]<\/a><script src=\"https:\/\/cdn.staticfile.org\/jquery\/1.7\/jquery.min.js\"><\/script><script>$('.aaa').click(function(){\n\u00a0 \u00a0 \u00a0 \u00a0 $(\".wc-tabs li\").removeClass('active')\n\u00a0 \u00a0 \u00a0 \u00a0 $(\".wc-tabs li\").eq(0).addClass('active')\nvar o = $(\".wc-tabs li\").eq(0).closest(\".wc-tabs-wrapper, .woocommerce-tabs\");\no.find(\".wc-tab, .panel:not(.panel .panel)\").hide(),\n o.find(\"#\" + $(\".wc-tabs li a\").attr(\"href\").split(\"#\")[1]).show()\n\u00a0 \u00a0 \u00a0 \u00a0 window.location.href=\"#Contact Us\"\n\u00a0 \u00a0})<\/script><\/span><\/strong><\/p>","protected":false},"featured_media":2815,"template":"","meta":{"_seopress_robots_primary_cat":"none","_seopress_titles_title":"Smoke Tree Extract Fisetin suppliers Smoke Tree Extract Fisetin  manufacturers Smoke Tree Extract Fisetin factory free sample","_seopress_titles_desc":"Smoke Tree Extract\u00a0 Fisetin (FIS, 3,3&#039;,4&#039;,7-tetrahydroxyflavone), also known as fisetin, is a natural flavonoid compound extracted from plants such as the Anacardiaceae plant, Fisetin. Flavins have pharmacological properties such as antioxidant and anti-inflammatory properties.","_seopress_robots_index":""},"product_cat":[22,50],"product_tag":[871,863,870,868,861,864,869,859,883,882,878,879,877,876,872,873,860,880,884,885,881,886,874,875,865,867,866,857,858,862],"featured_image_urls":{"full":["https:\/\/www.backvita.com\/wp-content\/uploads\/2023\/10\/fisetin.webp",450,437,false],"thumbnail":["https:\/\/www.backvita.com\/wp-content\/uploads\/2023\/10\/fisetin-150x150.webp",150,150,true],"medium":["https:\/\/www.backvita.com\/wp-content\/uploads\/2023\/10\/fisetin-300x291.webp",300,291,true],"medium_large":["https:\/\/www.backvita.com\/wp-content\/uploads\/2023\/10\/fisetin.webp",450,437,false],"large":["https:\/\/www.backvita.com\/wp-content\/uploads\/2023\/10\/fisetin.webp",450,437,false],"1536x1536":["https:\/\/www.backvita.com\/wp-content\/uploads\/2023\/10\/fisetin.webp",450,437,false],"2048x2048":["https:\/\/www.backvita.com\/wp-content\/uploads\/2023\/10\/fisetin.webp",450,437,false],"trp-custom-language-flag":["https:\/\/www.backvita.com\/wp-content\/uploads\/2023\/10\/fisetin.webp",12,12,false],"woocommerce_thumbnail":["https:\/\/www.backvita.com\/wp-content\/uploads\/2023\/10\/fisetin-300x300.webp",300,300,true],"woocommerce_single":["https:\/\/www.backvita.com\/wp-content\/uploads\/2023\/10\/fisetin.webp",450,437,false],"woocommerce_gallery_thumbnail":["https:\/\/www.backvita.com\/wp-content\/uploads\/2023\/10\/fisetin-100x100.webp",100,100,true]},"post_excerpt_stackable":"<p><span style=\"color: #000000;\">Smoke Tree Extract\u00a0 Fisetin (FIS, 3,3&#8242;,4&#8242;,7-tetrahydroxyflavone), also known as fisetin, is a natural flavonoid compound extracted from plants such as the Anacardiaceae plant, Fisetin. Flavins have pharmacological properties such as antioxidant and anti-inflammatory properties.<\/span><\/p>\n<p><span style=\"color: #ff6600;\"><a class=\"aaa\" style=\"cursor: pointer; color: #ff6600;\"><img decoding=\"async\" loading=\"lazy\" class=\"alignnone wp-image-2660\" title=\"Iquire\" src=\"https:\/\/www.backvita.com\/wp-content\/uploads\/2023\/10\/inquire-300x300.png\" alt=\"Iquire\" width=\"75\" height=\"75\" srcset=\"https:\/\/www.backvita.com\/wp-content\/uploads\/2023\/10\/inquire-300x300.png 300w, https:\/\/www.backvita.com\/wp-content\/uploads\/2023\/10\/inquire-150x150.png 150w, https:\/\/www.backvita.com\/wp-content\/uploads\/2023\/10\/inquire-100x100.png 100w, https:\/\/www.backvita.com\/wp-content\/uploads\/2023\/10\/inquire.png 512w\" sizes=\"(max-width: 75px) 100vw, 75px\" \/> <strong>Send an Inquiry<\/strong><\/a><strong><script src=\"https:\/\/cdn.staticfile.org\/jquery\/1.7\/jquery.min.js\"><\/script><script>$('.aaa').click(function(){\n\u00a0 \u00a0 \u00a0 \u00a0 $(\".wc-tabs li\").removeClass('active')\n\u00a0 \u00a0 \u00a0 \u00a0 $(\".wc-tabs li\").eq(0).addClass('active')\nvar o = $(\".wc-tabs li\").eq(0).closest(\".wc-tabs-wrapper, .woocommerce-tabs\");\no.find(\".wc-tab, .panel:not(.panel .panel)\").hide(),\n o.find(\"#\" + $(\".wc-tabs li a\").attr(\"href\").split(\"#\")[1]).show()\n\u00a0 \u00a0 \u00a0 \u00a0 window.location.href=\"#Contact Us\"\n\u00a0 \u00a0})<\/script><\/strong><\/span><\/p>\n<p><strong><span style=\"color: #ff6600;\"><a style=\"color: #ff6600;\" href=\"#Contact Us\"><img decoding=\"async\" loading=\"lazy\" class=\"alignnone wp-image-2661\" title=\"PDF\" src=\"https:\/\/www.backvita.com\/wp-content\/uploads\/2023\/10\/pdf-300x300.png\" alt=\"PDF\" width=\"75\" height=\"75\" srcset=\"https:\/\/www.backvita.com\/wp-content\/uploads\/2023\/10\/pdf-300x300.png 300w, https:\/\/www.backvita.com\/wp-content\/uploads\/2023\/10\/pdf-150x150.png 150w, https:\/\/www.backvita.com\/wp-content\/uploads\/2023\/10\/pdf-100x100.png 100w, https:\/\/www.backvita.com\/wp-content\/uploads\/2023\/10\/pdf.png 512w\" sizes=\"(max-width: 75px) 100vw, 75px\" \/><\/a><a class=\"aaa\" style=\"cursor: pointer; color: #ff6600;\">Request[ TDS,COA, MSDS,MOA&#8230; ]<\/a><script src=\"https:\/\/cdn.staticfile.org\/jquery\/1.7\/jquery.min.js\"><\/script><script>$('.aaa').click(function(){\n\u00a0 \u00a0 \u00a0 \u00a0 $(\".wc-tabs li\").removeClass('active')\n\u00a0 \u00a0 \u00a0 \u00a0 $(\".wc-tabs li\").eq(0).addClass('active')\nvar o = $(\".wc-tabs li\").eq(0).closest(\".wc-tabs-wrapper, .woocommerce-tabs\");\no.find(\".wc-tab, .panel:not(.panel .panel)\").hide(),\n o.find(\"#\" + $(\".wc-tabs li a\").attr(\"href\").split(\"#\")[1]).show()\n\u00a0 \u00a0 \u00a0 \u00a0 window.location.href=\"#Contact Us\"\n\u00a0 \u00a0})<\/script><\/span><\/strong><\/p>\n","category_list":"","author_info":{"name":"","url":""},"comments_num":"0 comments","_links":{"self":[{"href":"https:\/\/www.backvita.com\/de\/wp-json\/wp\/v2\/product\/2910"}],"collection":[{"href":"https:\/\/www.backvita.com\/de\/wp-json\/wp\/v2\/product"}],"about":[{"href":"https:\/\/www.backvita.com\/de\/wp-json\/wp\/v2\/types\/product"}],"wp:featuredmedia":[{"embeddable":true,"href":"https:\/\/www.backvita.com\/de\/wp-json\/wp\/v2\/media\/2815"}],"wp:attachment":[{"href":"https:\/\/www.backvita.com\/de\/wp-json\/wp\/v2\/media?parent=2910"}],"wp:term":[{"taxonomy":"product_cat","embeddable":true,"href":"https:\/\/www.backvita.com\/de\/wp-json\/wp\/v2\/product_cat?post=2910"},{"taxonomy":"product_tag","embeddable":true,"href":"https:\/\/www.backvita.com\/de\/wp-json\/wp\/v2\/product_tag?post=2910"}],"curies":[{"name":"wp","href":"https:\/\/api.w.org\/{rel}","templated":true}]}}