{"id":2911,"date":"2023-11-04T14:42:43","date_gmt":"2023-11-04T06:42:43","guid":{"rendered":"https:\/\/www.backvita.com\/?post_type=product&#038;p=2911"},"modified":"2024-02-07T11:52:34","modified_gmt":"2024-02-07T03:52:34","slug":"polygonum-extract-resveratrol-suppliers-polygonum-extract-resveratrol-manufacturers-polygonum-extract-resveratrol-factory-free-sample","status":"publish","type":"product","link":"https:\/\/www.backvita.com\/de\/product\/polygonum-extrakt-resveratrol-lieferanten-polygonum-extrakt-resveratrol-hersteller-polygonum-extrakt-resveratrol-fabrik-kostenlose-probe\/","title":{"rendered":"Polygonum Extrakt Resveratrol Lieferanten Polygonum Extrakt Resveratrol Hersteller Polygonum Extrakt Resveratrol Fabrik kostenlose Probe"},"content":{"rendered":"<div class=\"fl-col-group fl-node-636dbf7118c6b\" data-node=\"636dbf7118c6b\">\n<div class=\"fl-col fl-node-636dbf7118cae\" data-node=\"636dbf7118cae\">\n<div class=\"fl-col-content fl-node-content\">\n<div class=\"fl-module fl-module-rich-text fl-node-636dbf7118ced\" data-node=\"636dbf7118ced\" data-animation-delay=\"0.0\">\n<div class=\"fl-module-content fl-node-content\">\n<div class=\"fl-rich-text\">\n<div class=\"content_box\">\n<h2>Polygonum Cuspidatum Extrakt Resveratrol Einf\u00fchrung<\/h2>\n<\/div>\n<p><strong>Resveratrol-\u00a0<\/strong>(Polygonum cuspidatum extract)-wurde aus der getrockneten Wurzel und dem Stamm von Polygonum cuspidatum Sieb. et Zucc. extrahiert. Um den Rohextrakt Resveratrol50% zu erhalten, wurde er in Ethanol und Wasser aufgel\u00f6st und gereinigt und durch Harz umkristallisiert, um das oben genannte trans-Resveratrol 98% auf getrockneter Basis zu erhalten.<\/p>\n<table style=\"height: 217px;\" width=\"1291\">\n<tbody>\n<tr>\n<td width=\"219\"><strong>Produktname<\/strong><\/td>\n<td width=\"466\">Polygonum-Extrakt Resveratrol<\/td>\n<\/tr>\n<tr>\n<td><strong>CAS-Nr.<\/strong><\/td>\n<td>501-36-0<\/td>\n<\/tr>\n<tr>\n<td><strong>Lateinischer Name<\/strong><\/td>\n<td>Reynoutria japonica Houtt<\/td>\n<\/tr>\n<tr>\n<td><strong>Erscheinungsbild<\/strong><\/td>\n<td>wei\u00dfes Pulver<\/td>\n<\/tr>\n<tr>\n<td><strong>Spezifikationen<\/strong><\/td>\n<td>Resveratrol-Pulver50%, Resveratrol-Pulver98%, Trans-Resveratrol 98%<\/td>\n<\/tr>\n<tr>\n<td><strong>Pakete<\/strong><\/td>\n<td>1kg\/Sack, 25kg\/Fass<\/td>\n<\/tr>\n<tr>\n<td><strong>Lagerung<\/strong><\/td>\n<td>Feuchtigkeitsschutz und lichtgesch\u00fctzte, geschlossene Lagerung vermeiden.<\/td>\n<\/tr>\n<tr>\n<td><strong>Pr\u00fcfverfahren<\/strong><\/td>\n<td>HPLC<\/td>\n<\/tr>\n<\/tbody>\n<\/table>\n<p>&nbsp;<\/p>\n<\/div>\n<\/div>\n<\/div>\n<\/div>\n<\/div>\n<\/div>\n<div class=\"fl-col-group fl-node-636dbf7118d4e fl-col-group-equal-height fl-col-group-align-center\" data-node=\"636dbf7118d4e\">\n<div class=\"fl-col fl-node-636dbf7118d90\" data-node=\"636dbf7118d90\">\n<div class=\"fl-col-content fl-node-content\">\n<div class=\"fl-module fl-module-rich-text fl-node-636dbf7118e0f\" data-node=\"636dbf7118e0f\" data-animation-delay=\"0.0\">\n<div class=\"fl-module-content fl-node-content\">\n<div class=\"fl-rich-text\">\n<div class=\"content_box\">\n<h2>Wichtigste Spezifikationen von Polygonum Cuspidatum-Extrakt Resveratrol<\/h2>\n<\/div>\n<p>Resveratrol-Pulver 50% HPLC<br \/>\nResveratrol-Pulver 98% HPLC<br \/>\nTrans-Resveratrol 98% HPLC<\/p>\n<p>&nbsp;<\/p>\n<h2 id=\"gtx-trans\">Vorteile von Polygonum Cuspidatum-Extrakt Resveratrol<\/h2>\n<\/div>\n<\/div>\n<\/div>\n<\/div>\n<\/div>\n<\/div>\n<div class=\"fl-col-group fl-node-636dbf7118e8c\" data-node=\"636dbf7118e8c\">\n<div class=\"fl-col fl-node-636dbf7118ed7\" data-node=\"636dbf7118ed7\">\n<div class=\"fl-col-content fl-node-content\">\n<div class=\"fl-module fl-module-rich-text fl-node-636dbf7118f3a\" data-node=\"636dbf7118f3a\" data-animation-delay=\"0.0\">\n<div class=\"fl-module-content fl-node-content\">\n<div class=\"fl-rich-text\">\n<p>Resveratrol kann Acetylase aktivieren, Anti-Aging und das Leben verl\u00e4ngern.<br \/>\nPr\u00e4vention und Behandlung von Herz-Kreislauf-Erkrankungen, Kontrolle und Verringerung des Risikos von Herz-Kreislauf-Erkrankungen.<br \/>\nResveratrol hat auch antibakterielle, antioxidative, immunmodulatorische, antiasthmatische und andere biologische Aktivit\u00e4ten.<br \/>\nResveratrol hat eine signifikante hemmende Wirkung auf Melanomzellen, eine Anti-Krebs- und Anti-Tumor-Aktivit\u00e4t.<\/p>\n<p>&nbsp;<\/p>\n<\/div>\n<\/div>\n<\/div>\n<\/div>\n<\/div>\n<\/div>\n<h2><\/h2>\n<h2 style=\"text-align: left;\"><strong>Spezifikation (TDS) von Polygonum-Extrakt Resveratrol 98%<\/strong><\/h2>\n<table style=\"height: 1657px;\" width=\"1357\">\n<tbody>\n<tr>\n<td colspan=\"2\" width=\"263\"><strong>Analyse-Elemente<\/strong><\/td>\n<td width=\"269\"><strong>Spezifikationen<\/strong><\/td>\n<td width=\"189\"><strong>Methoden<\/strong><\/td>\n<\/tr>\n<tr>\n<td colspan=\"4\" width=\"721\"><strong>Kennzeichnungen<\/strong><\/td>\n<\/tr>\n<tr>\n<td width=\"259\"><strong>A. HPTLC<\/strong><\/td>\n<td colspan=\"3\" width=\"462\">Die Probe weist Hauptbanden auf, die in Position und Farbe der Standardl\u00f6sung \u00e4hneln.<\/td>\n<\/tr>\n<tr>\n<td width=\"259\"><strong>B. HPLC<\/strong><\/td>\n<td colspan=\"3\" width=\"462\">Die Retentionszeit der Probe stimmt mit der des Standards im HPLC-Reinheitstest \u00fcberein.<\/td>\n<\/tr>\n<tr>\n<td colspan=\"4\" width=\"721\"><strong>Wirkstofftests<\/strong><\/td>\n<\/tr>\n<tr>\n<td colspan=\"2\" width=\"263\"><strong>Resveratrol<\/strong><\/td>\n<td width=\"269\">\u226598.00%<\/td>\n<td width=\"189\">HPLC<\/td>\n<\/tr>\n<tr>\n<td colspan=\"4\" width=\"721\"><strong>Physikalische Tests<\/strong><\/td>\n<\/tr>\n<tr>\n<td colspan=\"2\" width=\"263\"><strong>Erscheinungsbild<\/strong><\/td>\n<td width=\"269\">Off-wei\u00dfes bis wei\u00dfes feines Pulver<\/td>\n<td width=\"189\">Visuell<\/td>\n<\/tr>\n<tr>\n<td colspan=\"2\" width=\"263\"><strong>Geruch<\/strong><\/td>\n<td width=\"269\">Charakteristisch<\/td>\n<td width=\"189\">Organoleptisch<\/td>\n<\/tr>\n<tr>\n<td colspan=\"2\" width=\"263\"><strong>Geschmack<\/strong><\/td>\n<td width=\"269\">Charakteristisch<\/td>\n<td width=\"189\">Organoleptisch<\/td>\n<\/tr>\n<tr>\n<td colspan=\"2\" width=\"263\"><strong>Partikelgr\u00f6\u00dfe<\/strong><\/td>\n<td width=\"269\">95% Durchgang 80mesh<\/td>\n<td width=\"189\">CP2020 IV<\/td>\n<\/tr>\n<tr>\n<td colspan=\"2\" width=\"263\"><strong>Dichte der Sch\u00fcttgutentnahme<\/strong><\/td>\n<td width=\"269\">0,4-0,6 g\/ml<\/td>\n<td width=\"189\">CP2020 IV<\/td>\n<\/tr>\n<tr>\n<td colspan=\"2\" width=\"263\"><strong>Wassergehalt<\/strong><\/td>\n<td width=\"269\">\u22640,5%<\/td>\n<td width=\"189\">CP2020 IV<\/td>\n<\/tr>\n<tr>\n<td colspan=\"2\" width=\"263\"><strong>Aschegehalt<\/strong><\/td>\n<td width=\"269\">\u22640,5%<\/td>\n<td width=\"189\">CP2020 IV<\/td>\n<\/tr>\n<tr>\n<td colspan=\"4\" width=\"721\"><strong>Chemische Tests<\/strong><\/td>\n<\/tr>\n<tr>\n<td colspan=\"2\" width=\"263\"><strong>Schwermetalle<\/strong><\/td>\n<td width=\"269\">\u226410.00ppm<\/td>\n<td width=\"189\">CP2020 IV<\/td>\n<\/tr>\n<tr>\n<td colspan=\"2\" width=\"263\"><strong>Pb<\/strong><\/td>\n<td width=\"269\">\u22642,00ppm<\/td>\n<td width=\"189\">CP2020 IV<\/td>\n<\/tr>\n<tr>\n<td colspan=\"2\" width=\"263\"><strong>As<\/strong><\/td>\n<td width=\"269\">\u22642,00ppm<\/td>\n<td width=\"189\">CP2020 IV<\/td>\n<\/tr>\n<tr>\n<td colspan=\"2\" width=\"263\"><strong>Cd<\/strong><\/td>\n<td width=\"269\">\u22641,00ppm<\/td>\n<td width=\"189\">CP2020 IV<\/td>\n<\/tr>\n<tr>\n<td colspan=\"2\" width=\"263\"><strong>Hg<\/strong><\/td>\n<td width=\"269\">\u22640,10ppm<\/td>\n<td width=\"189\">CP2020 IV<\/td>\n<\/tr>\n<tr>\n<td colspan=\"2\" width=\"263\"><strong>Methanol-R\u00fcckst\u00e4nde<\/strong><\/td>\n<td width=\"269\">\u2264500ppm<\/td>\n<td width=\"189\">CP2020 IV<\/td>\n<\/tr>\n<tr>\n<td colspan=\"2\" width=\"263\"><strong>Ethanol-R\u00fcckst\u00e4nde<\/strong><\/td>\n<td width=\"269\">\u22641500ppm<\/td>\n<td width=\"189\">CP2020IV<\/td>\n<\/tr>\n<tr>\n<td colspan=\"4\" width=\"721\"><strong>Mikrobiologische Tests<\/strong><\/td>\n<\/tr>\n<tr>\n<td colspan=\"2\" width=\"263\"><strong>Gesamtbakterienzahl<\/strong><\/td>\n<td width=\"269\">\u22641.000cfu\/g<\/td>\n<td width=\"189\">GB\/T4789.2<\/td>\n<\/tr>\n<tr>\n<td colspan=\"2\" width=\"263\"><strong>Hefen und Schimmelpilze<\/strong><\/td>\n<td width=\"269\">\u2264100cfu\/g<\/td>\n<td width=\"189\">GB\/T4789.15<\/td>\n<\/tr>\n<tr>\n<td colspan=\"2\" width=\"263\"><strong>E. Coli<\/strong><\/td>\n<td width=\"269\">Negativ<\/td>\n<td width=\"189\">GB\/T4789.38<\/td>\n<\/tr>\n<tr>\n<td colspan=\"2\" width=\"263\"><strong>Salmonellen<\/strong><\/td>\n<td width=\"269\">Negativ<\/td>\n<td width=\"189\">GB\/T4789.4<\/td>\n<\/tr>\n<\/tbody>\n<\/table>\n<p>&nbsp;<\/p>\n<h2><span style=\"color: #ff9c00;\">Unser Rest-Easy-Service mit Mehrwert<\/span><\/h2>\n<p><em><strong><span style=\"color: #ff9c00;\">&gt;&gt;&gt;\u00a0 <\/span><\/strong><\/em><strong>Backvita verf\u00fcgt \u00fcber professionelle Techniker, die technische Support-Dokumente wie: Normen, Specs, COA, MOA,\u00a0<\/strong><strong>MSDS,<\/strong><strong>Flussdiagramm, Erkl\u00e4rungen, Chromatogramme, N\u00e4hrwertangaben, Stabilit\u00e4tspr\u00fcfung, usw.<\/strong><\/p>\n<p><strong><span style=\"color: #ff9c00;\">&gt;&gt;&gt; \u00a0<\/span>Wir versprechen Ihnen, Ihnen einzigartige Dienstleistungen anzubieten, damit Sie sich beim Kauf und Verkauf von Produkten keine Sorgen machen m\u00fcssen.<\/strong><\/p>\n<p><strong><span style=\"color: #ff9c00;\">&gt;&gt;&gt;<\/span>\u00a0 Unser globales E-Commerce-Datenanalystenteam verf\u00fcgt \u00fcber 10 Jahre Erfahrung in der Pflanzenextraktbranche. Es stellt Ihnen Datenberichte \u00fcber die L\u00e4nder zur Verf\u00fcgung, in denen Ihre Produkte verkauft werden, damit Sie fundierte Entscheidungen treffen k\u00f6nnen. Diese Datenberichte enthalten Verkaufsvolumen, Vertriebskan\u00e4le, Wettbewerbsanalysen und andere Informationen, die Ihnen helfen, die Marktnachfrage und -trends besser zu verstehen und so Ihre Beschaffungs- und Verkaufsstrategien zu optimieren.<\/strong><\/p>\n<p><strong><span style=\"color: #ff9c00;\">&gt;&gt;&gt;\u00a0<\/span> Zus\u00e4tzlich zu den Datenberichten stellen wir Ihnen regelm\u00e4\u00dfig Informationen \u00fcber marktrelevante Produkte und neue Produkte zur Verf\u00fcgung. Diese Informationen helfen Ihnen, sich \u00fcber potenzielle Chancen und Trends auf dem Markt auf dem Laufenden zu halten und Anpassungen und Entscheidungen auf der Grundlage der Marktanforderungen zu treffen.<\/strong><\/p>\n<p><strong><span style=\"color: #ff9c00;\">&gt;&gt;&gt;<\/span>\u00a0 Wenn Sie eine eigene, exklusive Marke haben, stellen wir Ihnen auch Werbematerialien und Plakate zur Verf\u00fcgung, mit denen Sie Ihr Markenimage und Ihren Bekanntheitsgrad steigern k\u00f6nnen. Unser Designteam entwirft exklusive Werbematerialien f\u00fcr Ihre Marke nach Ihren Bed\u00fcrfnissen und Anforderungen. Alle diese Mehrwertdienste werden den Kunden unserer Partner kostenlos zur Verf\u00fcgung gestellt.<\/strong><\/p>\n<p><strong><span style=\"color: #ff9c00;\">&gt;&gt;&gt;<\/span>\u00a0 Unser Ziel ist es, die Kunden in den Mittelpunkt zu stellen, Ihnen w\u00e4hrend des gesamten Prozesses einen sorgenfreien Service zu bieten und Ihnen zu mehr Leistung und Erfolg zu verhelfen.<\/strong><\/p>\n<p><strong><span style=\"color: #ff9c00;\">&gt;&gt;&gt;<\/span>\u00a0 Wenn Sie Fragen oder spezielle W\u00fcnsche zu unseren Mehrwertdiensten haben, k\u00f6nnen Sie sich gerne an uns wenden. Wir werden unser Bestes tun, um Ihnen zu helfen und Ihre Zufriedenheit zu gew\u00e4hrleisten. Nochmals vielen Dank f\u00fcr Ihre Unterst\u00fctzung und Aufmerksamkeit und wir freuen uns auf eine langfristige Zusammenarbeit mit Ihnen.<\/strong><\/p>\n<p>&nbsp;<\/p>\n<h2>Kontakt<a name=\"Contact Us\"><\/a><\/h2>\n\n<div class=\"wpcf7 no-js\" id=\"wpcf7-f690-o1\" lang=\"zh-CN\" dir=\"ltr\">\n<div class=\"screen-reader-response\"><p role=\"status\" aria-live=\"polite\" aria-atomic=\"true\"><\/p> <ul><\/ul><\/div>\n<form action=\"\/de\/wp-json\/wp\/v2\/product\/2911#wpcf7-f690-o1\" method=\"post\" class=\"wpcf7-form init\" aria-label=\"Contact form\" novalidate=\"novalidate\" data-status=\"init\" data-trp-original-action=\"\/de\/wp-json\/wp\/v2\/product\/2911#wpcf7-f690-o1\">\n<div style=\"display: none;\">\n<input type=\"hidden\" name=\"_wpcf7\" value=\"690\" \/>\n<input type=\"hidden\" name=\"_wpcf7_version\" value=\"5.8\" \/>\n<input type=\"hidden\" name=\"_wpcf7_locale\" value=\"zh_CN\" \/>\n<input type=\"hidden\" name=\"_wpcf7_unit_tag\" value=\"wpcf7-f690-o1\" \/>\n<input type=\"hidden\" name=\"_wpcf7_container_post\" value=\"0\" \/>\n<input type=\"hidden\" name=\"_wpcf7_posted_data_hash\" value=\"\" \/>\n<\/div>\n<p><label> *Name * Firmenname<br \/>\n<span class=\"wpcf7-form-control-wrap\" data-name=\"your-name\"><input size=\"40\" class=\"wpcf7-form-control wpcf7-text wpcf7-validates-as-required\" autocomplete=\"name\" aria-required=\"true\" aria-invalid=\"false\" value=\"\" type=\"text\" name=\"your-name\" \/><\/span> <\/label>\n<\/p>\n<p><label> *E-Mail<br \/>\n<span class=\"wpcf7-form-control-wrap\" data-name=\"your-email\"><input size=\"40\" class=\"wpcf7-form-control wpcf7-email wpcf7-validates-as-required wpcf7-text wpcf7-validates-as-email\" autocomplete=\"email\" aria-required=\"true\" aria-invalid=\"false\" value=\"\" type=\"email\" name=\"your-email\" \/><\/span> <\/label>\n<\/p>\n<p><label> *Telefonnummer<br \/>\n<span class=\"wpcf7-form-control-wrap\" data-name=\"your-subject\"><input size=\"40\" class=\"wpcf7-form-control wpcf7-text wpcf7-validates-as-required\" aria-required=\"true\" aria-invalid=\"false\" value=\"\" type=\"text\" name=\"your-subject\" \/><\/span> <\/label>\n<\/p>\n<p><label> *Meldung<br \/>\n<span class=\"wpcf7-form-control-wrap\" data-name=\"your-message\"><textarea cols=\"40\" rows=\"10\" class=\"wpcf7-form-control wpcf7-textarea\" aria-invalid=\"false\" name=\"your-message\"><\/textarea><\/span> <\/label>\n<\/p>\n<p><input class=\"wpcf7-form-control wpcf7-submit has-spinner\" type=\"submit\" value=\"Einreichen\" \/>\n<\/p><div class=\"wpcf7-response-output\" aria-hidden=\"true\"><\/div>\n<input type=\"hidden\" name=\"trp-form-language\" value=\"de\"\/><\/form>\n<\/div>\n\n<p>&nbsp;<\/p>","protected":false},"excerpt":{"rendered":"<p><span style=\"color: #000000;\">Polygonum-Extrakt Resveratrol ist ein nat\u00fcrliches Polyphenol mit starken biologischen Eigenschaften, das auch als Stilben-Triol bekannt ist. Es ist ein chemopr\u00e4ventives Mittel gegen Tumore. Es ist auch wirksam bei der Verringerung der Thrombozytenaggregation, der Vorbeugung und Behandlung von Arteriosklerose und Herzerkrankungen. Chemopr\u00e4ventive Mittel f\u00fcr zerebrovaskul\u00e4re Erkrankungen.<\/span><\/p>\n<p><span style=\"color: #ff6600;\"><a class=\"aaa\" style=\"cursor: pointer; color: #ff6600;\"><img decoding=\"async\" loading=\"lazy\" class=\"alignnone wp-image-2660\" title=\"Erkundigen Sie sich bei\" src=\"https:\/\/www.backvita.com\/wp-content\/uploads\/2023\/10\/inquire-300x300.png\" alt=\"Erkundigen Sie sich bei\" width=\"75\" height=\"75\" srcset=\"https:\/\/www.backvita.com\/wp-content\/uploads\/2023\/10\/inquire-300x300.png 300w, https:\/\/www.backvita.com\/wp-content\/uploads\/2023\/10\/inquire-150x150.png 150w, https:\/\/www.backvita.com\/wp-content\/uploads\/2023\/10\/inquire-100x100.png 100w, https:\/\/www.backvita.com\/wp-content\/uploads\/2023\/10\/inquire.png 512w\" sizes=\"(max-width: 75px) 100vw, 75px\" \/> <strong>Anfrage senden<\/strong><\/a><strong><script src=\"https:\/\/cdn.staticfile.org\/jquery\/1.7\/jquery.min.js\"><\/script><script>$('.aaa').click(function(){\n\u00a0 \u00a0 \u00a0 \u00a0 $(\".wc-tabs li\").removeClass('active')\n\u00a0 \u00a0 \u00a0 \u00a0 $(\".wc-tabs li\").eq(0).addClass('active')\nvar o = $(\".wc-tabs li\").eq(0).closest(\".wc-tabs-wrapper, .woocommerce-tabs\");\no.find(\".wc-tab, .panel:not(.panel .panel)\").hide(),\n o.find(\"#\" + $(\".wc-tabs li a\").attr(\"href\").split(\"#\")[1]).show()\n\u00a0 \u00a0 \u00a0 \u00a0 window.location.href=\"#Contact Us\"\n\u00a0 \u00a0})<\/script><\/strong><\/span><\/p>\n<p><strong><span style=\"color: #ff6600;\"><a style=\"color: #ff6600;\" href=\"#Contact Us\"><img decoding=\"async\" loading=\"lazy\" class=\"alignnone wp-image-2661\" title=\"PDF\" src=\"https:\/\/www.backvita.com\/wp-content\/uploads\/2023\/10\/pdf-300x300.png\" alt=\"PDF\" width=\"74\" height=\"74\" srcset=\"https:\/\/www.backvita.com\/wp-content\/uploads\/2023\/10\/pdf-300x300.png 300w, https:\/\/www.backvita.com\/wp-content\/uploads\/2023\/10\/pdf-150x150.png 150w, https:\/\/www.backvita.com\/wp-content\/uploads\/2023\/10\/pdf-100x100.png 100w, https:\/\/www.backvita.com\/wp-content\/uploads\/2023\/10\/pdf.png 512w\" sizes=\"(max-width: 74px) 100vw, 74px\" \/><\/a><a class=\"aaa\" style=\"cursor: pointer; color: #ff6600;\">Anfrage[ TDS,COA, MSDS,MOA... ]<\/a><script src=\"https:\/\/cdn.staticfile.org\/jquery\/1.7\/jquery.min.js\"><\/script><script>$('.aaa').click(function(){\n\u00a0 \u00a0 \u00a0 \u00a0 $(\".wc-tabs li\").removeClass('active')\n\u00a0 \u00a0 \u00a0 \u00a0 $(\".wc-tabs li\").eq(0).addClass('active')\nvar o = $(\".wc-tabs li\").eq(0).closest(\".wc-tabs-wrapper, .woocommerce-tabs\");\no.find(\".wc-tab, .panel:not(.panel .panel)\").hide(),\n o.find(\"#\" + $(\".wc-tabs li a\").attr(\"href\").split(\"#\")[1]).show()\n\u00a0 \u00a0 \u00a0 \u00a0 window.location.href=\"#Contact Us\"\n\u00a0 \u00a0})<\/script><\/span><\/strong><\/p>","protected":false},"featured_media":2931,"template":"","meta":{"_seopress_robots_primary_cat":"none","_seopress_titles_title":"Polygonum Extract Resveratrol  suppliers Polygonum Extract Resveratrol  manufacturers Polygonum Extract Resveratrol  factory free sample","_seopress_titles_desc":"Polygonum Extract Resveratrol is a natural polyphenol with strong biological properties, also known as stilbene triol. It is a chemopreventive agent for tumors. It is also effective in reducing platelet aggregation, preventing and treating atherosclerosis and heart disease. Chemopreventive agents for cerebrovascular disease.","_seopress_robots_index":""},"product_cat":[22,50],"product_tag":[901,893,900,898,891,894,899,908,895,896,897,887,888,889,913,912,909,907,906,902,903,890,910,914,915,911,916,904,905,892],"featured_image_urls":{"full":["https:\/\/www.backvita.com\/wp-content\/uploads\/2023\/11\/Resveratrol-1.webp",456,442,false],"thumbnail":["https:\/\/www.backvita.com\/wp-content\/uploads\/2023\/11\/Resveratrol-1-150x150.webp",150,150,true],"medium":["https:\/\/www.backvita.com\/wp-content\/uploads\/2023\/11\/Resveratrol-1-300x291.webp",300,291,true],"medium_large":["https:\/\/www.backvita.com\/wp-content\/uploads\/2023\/11\/Resveratrol-1.webp",456,442,false],"large":["https:\/\/www.backvita.com\/wp-content\/uploads\/2023\/11\/Resveratrol-1.webp",456,442,false],"1536x1536":["https:\/\/www.backvita.com\/wp-content\/uploads\/2023\/11\/Resveratrol-1.webp",456,442,false],"2048x2048":["https:\/\/www.backvita.com\/wp-content\/uploads\/2023\/11\/Resveratrol-1.webp",456,442,false],"trp-custom-language-flag":["https:\/\/www.backvita.com\/wp-content\/uploads\/2023\/11\/Resveratrol-1.webp",12,12,false],"woocommerce_thumbnail":["https:\/\/www.backvita.com\/wp-content\/uploads\/2023\/11\/Resveratrol-1-300x300.webp",300,300,true],"woocommerce_single":["https:\/\/www.backvita.com\/wp-content\/uploads\/2023\/11\/Resveratrol-1.webp",456,442,false],"woocommerce_gallery_thumbnail":["https:\/\/www.backvita.com\/wp-content\/uploads\/2023\/11\/Resveratrol-1-100x100.webp",100,100,true]},"post_excerpt_stackable":"<p><span style=\"color: #000000;\">Polygonum Extract Resveratrol is a natural polyphenol with strong biological properties, also known as stilbene triol. It is a chemopreventive agent for tumors. It is also effective in reducing platelet aggregation, preventing and treating atherosclerosis and heart disease. Chemopreventive agents for cerebrovascular disease.<\/span><\/p>\n<p><span style=\"color: #ff6600;\"><a class=\"aaa\" style=\"cursor: pointer; color: #ff6600;\"><img decoding=\"async\" loading=\"lazy\" class=\"alignnone wp-image-2660\" title=\"Iquire\" src=\"https:\/\/www.backvita.com\/wp-content\/uploads\/2023\/10\/inquire-300x300.png\" alt=\"Iquire\" width=\"75\" height=\"75\" srcset=\"https:\/\/www.backvita.com\/wp-content\/uploads\/2023\/10\/inquire-300x300.png 300w, https:\/\/www.backvita.com\/wp-content\/uploads\/2023\/10\/inquire-150x150.png 150w, https:\/\/www.backvita.com\/wp-content\/uploads\/2023\/10\/inquire-100x100.png 100w, https:\/\/www.backvita.com\/wp-content\/uploads\/2023\/10\/inquire.png 512w\" sizes=\"(max-width: 75px) 100vw, 75px\" \/> <strong>Send an Inquiry<\/strong><\/a><strong><script src=\"https:\/\/cdn.staticfile.org\/jquery\/1.7\/jquery.min.js\"><\/script><script>$('.aaa').click(function(){\n\u00a0 \u00a0 \u00a0 \u00a0 $(\".wc-tabs li\").removeClass('active')\n\u00a0 \u00a0 \u00a0 \u00a0 $(\".wc-tabs li\").eq(0).addClass('active')\nvar o = $(\".wc-tabs li\").eq(0).closest(\".wc-tabs-wrapper, .woocommerce-tabs\");\no.find(\".wc-tab, .panel:not(.panel .panel)\").hide(),\n o.find(\"#\" + $(\".wc-tabs li a\").attr(\"href\").split(\"#\")[1]).show()\n\u00a0 \u00a0 \u00a0 \u00a0 window.location.href=\"#Contact Us\"\n\u00a0 \u00a0})<\/script><\/strong><\/span><\/p>\n<p><strong><span style=\"color: #ff6600;\"><a style=\"color: #ff6600;\" href=\"#Contact Us\"><img decoding=\"async\" loading=\"lazy\" class=\"alignnone wp-image-2661\" title=\"PDF\" src=\"https:\/\/www.backvita.com\/wp-content\/uploads\/2023\/10\/pdf-300x300.png\" alt=\"PDF\" width=\"74\" height=\"74\" srcset=\"https:\/\/www.backvita.com\/wp-content\/uploads\/2023\/10\/pdf-300x300.png 300w, https:\/\/www.backvita.com\/wp-content\/uploads\/2023\/10\/pdf-150x150.png 150w, https:\/\/www.backvita.com\/wp-content\/uploads\/2023\/10\/pdf-100x100.png 100w, https:\/\/www.backvita.com\/wp-content\/uploads\/2023\/10\/pdf.png 512w\" sizes=\"(max-width: 74px) 100vw, 74px\" \/><\/a><a class=\"aaa\" style=\"cursor: pointer; color: #ff6600;\">Request[ TDS,COA, MSDS,MOA&#8230; ]<\/a><script src=\"https:\/\/cdn.staticfile.org\/jquery\/1.7\/jquery.min.js\"><\/script><script>$('.aaa').click(function(){\n\u00a0 \u00a0 \u00a0 \u00a0 $(\".wc-tabs li\").removeClass('active')\n\u00a0 \u00a0 \u00a0 \u00a0 $(\".wc-tabs li\").eq(0).addClass('active')\nvar o = $(\".wc-tabs li\").eq(0).closest(\".wc-tabs-wrapper, .woocommerce-tabs\");\no.find(\".wc-tab, .panel:not(.panel .panel)\").hide(),\n o.find(\"#\" + $(\".wc-tabs li a\").attr(\"href\").split(\"#\")[1]).show()\n\u00a0 \u00a0 \u00a0 \u00a0 window.location.href=\"#Contact Us\"\n\u00a0 \u00a0})<\/script><\/span><\/strong><\/p>\n","category_list":"","author_info":{"name":"","url":""},"comments_num":"0 comments","_links":{"self":[{"href":"https:\/\/www.backvita.com\/de\/wp-json\/wp\/v2\/product\/2911"}],"collection":[{"href":"https:\/\/www.backvita.com\/de\/wp-json\/wp\/v2\/product"}],"about":[{"href":"https:\/\/www.backvita.com\/de\/wp-json\/wp\/v2\/types\/product"}],"wp:featuredmedia":[{"embeddable":true,"href":"https:\/\/www.backvita.com\/de\/wp-json\/wp\/v2\/media\/2931"}],"wp:attachment":[{"href":"https:\/\/www.backvita.com\/de\/wp-json\/wp\/v2\/media?parent=2911"}],"wp:term":[{"taxonomy":"product_cat","embeddable":true,"href":"https:\/\/www.backvita.com\/de\/wp-json\/wp\/v2\/product_cat?post=2911"},{"taxonomy":"product_tag","embeddable":true,"href":"https:\/\/www.backvita.com\/de\/wp-json\/wp\/v2\/product_tag?post=2911"}],"curies":[{"name":"wp","href":"https:\/\/api.w.org\/{rel}","templated":true}]}}