{"id":2913,"date":"2023-11-04T14:44:56","date_gmt":"2023-11-04T06:44:56","guid":{"rendered":"https:\/\/www.backvita.com\/?post_type=product&#038;p=2913"},"modified":"2024-02-07T11:49:18","modified_gmt":"2024-02-07T03:49:18","slug":"acer-truncatum-extract-nervonic-acid-suppliers-acer-truncatum-extract-nervonic-acid-manufacturers-acer-truncatum-extract-nervonic-acid-factory-free-sample","status":"publish","type":"product","link":"https:\/\/www.backvita.com\/de\/product\/acer-truncatum-extrakt-nervensaure-lieferanten-acer-truncatum-extrakt-nervensaure-hersteller-acer-truncatum-extrakt-nervensaure-fabrik-kostenlose-probe\/","title":{"rendered":"Acer Truncatum Extrakt Nervens\u00e4ure Lieferanten Acer Truncatum Extrakt Nervens\u00e4ure Hersteller Acer Truncatum Extrakt Nervens\u00e4ure Fabrik kostenlose Probe"},"content":{"rendered":"<h2>Beschreibung von Acer Truncatum Extract Nervous Acid<\/h2>\n<p>Acer Truncatum Extract Nervons\u00e4ure wird von Wissenschaftlern aus verschiedenen L\u00e4ndern als weltweit erste und einzige Doppeleffekt-Wundersubstanz anerkannt, die besch\u00e4digte Nervenbahnen im Gehirn - Nervenfasern - reparieren und freigeben kann und die Regeneration von Nervenzellen f\u00f6rdert.<\/p>\n<p>Der englische Name von Nervons\u00e4ure: Nervonic Acid, der wissenschaftliche Name ist Cis-15-Tatracosanic Acid, und ihr Alias: Salacholaic Acid, ist eine einfach unges\u00e4ttigte Fetts\u00e4ure. Da sie schon fr\u00fch im Nervengewebe von S\u00e4ugetieren entdeckt wurde, wurde sie Nervons\u00e4ure genannt.<\/p>\n<table style=\"height: 251px;\" width=\"1307\">\n<tbody>\n<tr>\n<td width=\"219\"><strong>Produktname<\/strong><\/td>\n<td width=\"466\">Acer Truncatum Extrakt Nervons\u00e4ure<\/td>\n<\/tr>\n<tr>\n<td><strong>CAS-Nr.<\/strong><\/td>\n<td>506-37-6<\/td>\n<\/tr>\n<tr>\n<td><strong>Lateinischer Name<\/strong><\/td>\n<td><em class=\"t55VCb\">Acer truncatum<\/em>\u00a0Bunge<\/td>\n<\/tr>\n<tr>\n<td><strong>Erscheinungsbild<\/strong><\/td>\n<td>wei\u00dfes Pulver<\/td>\n<\/tr>\n<tr>\n<td><strong>Spezifikationen<\/strong><\/td>\n<td>98%<\/td>\n<\/tr>\n<tr>\n<td><strong>Pakete<\/strong><\/td>\n<td>1kg\/Sack, 25kg\/Fass<\/td>\n<\/tr>\n<tr>\n<td><strong>Lagerung<\/strong><\/td>\n<td>Feuchtigkeitsschutz und lichtgesch\u00fctzte, geschlossene Lagerung vermeiden.<\/td>\n<\/tr>\n<tr>\n<td><strong>Pr\u00fcfverfahren<\/strong><\/td>\n<td>HPLC<\/td>\n<\/tr>\n<\/tbody>\n<\/table>\n<h2><\/h2>\n<h2>Vorteile von Acer Truncatum-Extrakt Nervens\u00e4ure<\/h2>\n<p>Acer Truncatum-Extrakt Nervons\u00e4ure kann die Blutfette deutlich senken, die Blutviskosit\u00e4t verringern, den Zusammenhalt der Blutpl\u00e4ttchen hemmen und das High-Density-Lipoprotein erh\u00f6hen. Nervons\u00e4ure ist ein zentraler nat\u00fcrlicher Bestandteil von Nervenfasern und Nervenzellen im Gehirn. Ein Mangel an Nervons\u00e4ure f\u00fchrt zu Hirnerkrankungen wie Schlaganfallfolgen, Alzheimer, Zerebralparese, Hirnatrophie, Ged\u00e4chtnisverlust, Schlaflosigkeit und Vergesslichkeit.<\/p>\n<p>Acer Truncatum Extrakt Nervens\u00e4ure kann vollst\u00e4ndig die Blut-Hirn-Schranke durchdringen, direkt auf die Nervenfasern einwirken, um sie zu reparieren und zu entblockieren; regenerieren Sie besch\u00e4digte und abgetrennte Schutzh\u00fcllen, l\u00f6sen Sie nekrotisches Gewebe auf, das die Kan\u00e4le blockiert, induzieren Sie das Selbstwachstum und die Teilung der Nervenfasern; machen Nervenzellen Die erzeugten Informationen und externen Informationen k\u00f6nnen reibungslos durch Nervenfasern \u00fcbertragen werden; ungehinderte Anweisungen zu erreichen, aktivieren besch\u00e4digte, kranke und schlafende Nervenzellen, das neuronale Netz neu zu gestalten; Wiederherstellung der Sprache des Patienten, Ged\u00e4chtnis, Gef\u00fchl, Gliedma\u00dfen, etc. Teilweise oder vollst\u00e4ndige Funktion, um eine vollst\u00e4ndige Genesung von der Enzephalopathie zu erreichen.<\/p>\n<p>&nbsp;<\/p>\n<h2>Die Wirkung von Acer Truncatum Extract Nervons\u00e4ure<\/h2>\n<h3><strong>F\u00f6rderung der Gehirnentwicklung und Verbesserung des Ged\u00e4chtnisses<\/strong><\/h3>\n<p>Acer Truncatum Extract Nervons\u00e4ure ist ein essentieller N\u00e4hrstoff f\u00fcr die Entwicklung und Aufrechterhaltung der Gehirnfunktion. Sie spielt eine gro\u00dfe Rolle bei der Steigerung der Aktivit\u00e4t der Hirnnerven und der Vorbeugung der Alterung der Hirnnerven. Die Nervenzellen des Gehirns spielen eine sehr wichtige Rolle bei der Informations\u00fcbertragung und der Informationsverarbeitung. Nervons\u00e4ure ist einer der wichtigsten Bestandteile der Nervenzellmembran des Gehirns. Durch die t\u00e4gliche Einnahme einer kleinen Menge Nervons\u00e4ure wird die Funktion der Hirnzellmembran verbessert und die Informationsverarbeitung im Gehirn erh\u00f6ht. Die Verbindung, die \u00dcbertragung und die Verarbeitung von Informationen werden verbessert, die Ged\u00e4chtnisfunktion des K\u00f6rpers wird gest\u00e4rkt und die Erholung bei Erm\u00fcdung des Gehirns gef\u00f6rdert.<\/p>\n<h3><strong>Verz\u00f6gerung der Alterung<\/strong><\/h3>\n<p>Die Alterung des Menschen beginnt oft mit der Alterung des Gehirns, was zum R\u00fcckgang anderer Funktionen f\u00fchrt. Wenn \u00e4ltere Menschen Nervens\u00e4ure zu sich nehmen, wird die wei\u00dfe Substanz des Gehirns rechtzeitig aufgef\u00fcllt, was die Vitalit\u00e4t der Gehirnzellen verbessert und dazu beitr\u00e4gt, die Vitalit\u00e4t des menschlichen K\u00f6rpers zu steigern. Um den Zweck der Verz\u00f6gerung des Alterns des menschlichen K\u00f6rpers zu erreichen.<\/p>\n<h3><strong>Senkung von Blutzucker und Lipiden<\/strong><\/h3>\n<p>Als langkettige Fetts\u00e4ure wirkt Nervons\u00e4ure synergistisch, indem sie den normalen Stoffwechsel der \u221e-3- und \u221e-6-Reihe essentieller Fetts\u00e4uren im menschlichen K\u00f6rper f\u00f6rdert. Sie kann das Low-Density-Lipoprotein im Blut schnell reduzieren, das High-Density-Lipoprotein erh\u00f6hen, den Gesamtcholesteringehalt im Serum reduzieren, die Blutviskosit\u00e4t verringern und die Thrombozytenaggregation hemmen; sie kann die Insulinsekretion der Betazellen in den Pankreasinseln f\u00f6rdern und Diabetes vorbeugen; Die Forschung zeigt, dass Nervons\u00e4ure die Mikrozirkulation des Blutes verbessern kann, deutliche Auswirkungen auf Hyperlipid\u00e4mie, Bluthochdruck, Hyperglyk\u00e4mie, Atherosklerose und andere Krankheiten hat und das Auftreten von kardiovaskul\u00e4ren und zerebrovaskul\u00e4ren Krankheiten, Diabetes, Alzheimer und anderen Krankheiten wirksam verhindern kann.<\/p>\n<p>Da die Nervens\u00e4ure die einzige Substanz ist, die die Myelinscheiden reparieren kann, k\u00f6nnen nach neuesten Erkenntnissen viele Wirkungen, die durch Medikamente nicht erreicht werden k\u00f6nnen, durch die Nervens\u00e4ure kompensiert und repariert werden, wie Schlaflosigkeit, Vergesslichkeit usw. Probleme wie Konzentrationsschwierigkeiten h\u00e4ngen oft mit dem Abbau von Nervenmyelin zusammen, und Nervons\u00e4ure kann diese reparieren.<\/p>\n<p>&nbsp;<\/p>\n<h2><span style=\"color: #ff9c00;\">Unser Rest-Easy-Service mit Mehrwert<\/span><\/h2>\n<p><em><strong><span style=\"color: #ff9c00;\">&gt;&gt;&gt;\u00a0 <\/span><\/strong><\/em><strong>Backvita verf\u00fcgt \u00fcber professionelle Techniker, die technische Support-Dokumente wie: Normen, Specs, COA, MOA,\u00a0<\/strong><strong>MSDS,<\/strong><strong>Flussdiagramm, Erkl\u00e4rungen, Chromatogramme, N\u00e4hrwertangaben, Stabilit\u00e4tspr\u00fcfung, usw.<\/strong><\/p>\n<p><strong><span style=\"color: #ff9c00;\">&gt;&gt;&gt; \u00a0<\/span>Wir versprechen Ihnen, Ihnen einzigartige Dienstleistungen anzubieten, damit Sie sich beim Kauf und Verkauf von Produkten keine Sorgen machen m\u00fcssen.<\/strong><\/p>\n<p><strong><span style=\"color: #ff9c00;\">&gt;&gt;&gt;<\/span>\u00a0 Unser globales E-Commerce-Datenanalystenteam verf\u00fcgt \u00fcber 10 Jahre Erfahrung in der Pflanzenextraktbranche. Es stellt Ihnen Datenberichte \u00fcber die L\u00e4nder zur Verf\u00fcgung, in denen Ihre Produkte verkauft werden, damit Sie fundierte Entscheidungen treffen k\u00f6nnen. Diese Datenberichte enthalten Verkaufsvolumen, Vertriebskan\u00e4le, Wettbewerbsanalysen und andere Informationen, die Ihnen helfen, die Marktnachfrage und -trends besser zu verstehen und so Ihre Beschaffungs- und Verkaufsstrategien zu optimieren.<\/strong><\/p>\n<p><strong><span style=\"color: #ff9c00;\">&gt;&gt;&gt;\u00a0<\/span> Zus\u00e4tzlich zu den Datenberichten stellen wir Ihnen regelm\u00e4\u00dfig Informationen \u00fcber marktrelevante Produkte und neue Produkte zur Verf\u00fcgung. Diese Informationen helfen Ihnen, sich \u00fcber potenzielle Chancen und Trends auf dem Markt auf dem Laufenden zu halten und Anpassungen und Entscheidungen auf der Grundlage der Marktanforderungen zu treffen.<\/strong><\/p>\n<p><strong><span style=\"color: #ff9c00;\">&gt;&gt;&gt;<\/span>\u00a0 Wenn Sie eine eigene, exklusive Marke haben, stellen wir Ihnen auch Werbematerialien und Plakate zur Verf\u00fcgung, mit denen Sie Ihr Markenimage und Ihren Bekanntheitsgrad steigern k\u00f6nnen. Unser Designteam entwirft exklusive Werbematerialien f\u00fcr Ihre Marke nach Ihren Bed\u00fcrfnissen und Anforderungen. Alle diese Mehrwertdienste werden den Kunden unserer Partner kostenlos zur Verf\u00fcgung gestellt.<\/strong><\/p>\n<p><strong><span style=\"color: #ff9c00;\">&gt;&gt;&gt;<\/span>\u00a0 Unser Ziel ist es, die Kunden in den Mittelpunkt zu stellen, Ihnen w\u00e4hrend des gesamten Prozesses einen sorgenfreien Service zu bieten und Ihnen zu mehr Leistung und Erfolg zu verhelfen.<\/strong><\/p>\n<p><strong><span style=\"color: #ff9c00;\">&gt;&gt;&gt;<\/span>\u00a0 Wenn Sie Fragen oder spezielle W\u00fcnsche zu unseren Mehrwertdiensten haben, k\u00f6nnen Sie sich gerne an uns wenden. Wir werden unser Bestes tun, um Ihnen zu helfen und Ihre Zufriedenheit zu gew\u00e4hrleisten. Nochmals vielen Dank f\u00fcr Ihre Unterst\u00fctzung und Aufmerksamkeit und wir freuen uns auf eine langfristige Zusammenarbeit mit Ihnen.<\/strong><\/p>\n<p>&nbsp;<\/p>\n<h2>Kontakt<a name=\"Contact Us\"><\/a><\/h2>\n\n<div class=\"wpcf7 no-js\" id=\"wpcf7-f690-o1\" lang=\"zh-CN\" dir=\"ltr\">\n<div class=\"screen-reader-response\"><p role=\"status\" aria-live=\"polite\" aria-atomic=\"true\"><\/p> <ul><\/ul><\/div>\n<form action=\"\/de\/wp-json\/wp\/v2\/product\/2913#wpcf7-f690-o1\" method=\"post\" class=\"wpcf7-form init\" aria-label=\"Contact form\" novalidate=\"novalidate\" data-status=\"init\" data-trp-original-action=\"\/de\/wp-json\/wp\/v2\/product\/2913#wpcf7-f690-o1\">\n<div style=\"display: none;\">\n<input type=\"hidden\" name=\"_wpcf7\" value=\"690\" \/>\n<input type=\"hidden\" name=\"_wpcf7_version\" value=\"5.8\" \/>\n<input type=\"hidden\" name=\"_wpcf7_locale\" value=\"zh_CN\" \/>\n<input type=\"hidden\" name=\"_wpcf7_unit_tag\" value=\"wpcf7-f690-o1\" \/>\n<input type=\"hidden\" name=\"_wpcf7_container_post\" value=\"0\" \/>\n<input type=\"hidden\" name=\"_wpcf7_posted_data_hash\" value=\"\" \/>\n<\/div>\n<p><label> *Name * Firmenname<br \/>\n<span class=\"wpcf7-form-control-wrap\" data-name=\"your-name\"><input size=\"40\" class=\"wpcf7-form-control wpcf7-text wpcf7-validates-as-required\" autocomplete=\"name\" aria-required=\"true\" aria-invalid=\"false\" value=\"\" type=\"text\" name=\"your-name\" \/><\/span> <\/label>\n<\/p>\n<p><label> *E-Mail<br \/>\n<span class=\"wpcf7-form-control-wrap\" data-name=\"your-email\"><input size=\"40\" class=\"wpcf7-form-control wpcf7-email wpcf7-validates-as-required wpcf7-text wpcf7-validates-as-email\" autocomplete=\"email\" aria-required=\"true\" aria-invalid=\"false\" value=\"\" type=\"email\" name=\"your-email\" \/><\/span> <\/label>\n<\/p>\n<p><label> *Telefonnummer<br \/>\n<span class=\"wpcf7-form-control-wrap\" data-name=\"your-subject\"><input size=\"40\" class=\"wpcf7-form-control wpcf7-text wpcf7-validates-as-required\" aria-required=\"true\" aria-invalid=\"false\" value=\"\" type=\"text\" name=\"your-subject\" \/><\/span> <\/label>\n<\/p>\n<p><label> *Meldung<br \/>\n<span class=\"wpcf7-form-control-wrap\" data-name=\"your-message\"><textarea cols=\"40\" rows=\"10\" class=\"wpcf7-form-control wpcf7-textarea\" aria-invalid=\"false\" name=\"your-message\"><\/textarea><\/span> <\/label>\n<\/p>\n<p><input class=\"wpcf7-form-control wpcf7-submit has-spinner\" type=\"submit\" value=\"Einreichen\" \/>\n<\/p><div class=\"wpcf7-response-output\" aria-hidden=\"true\"><\/div>\n<input type=\"hidden\" name=\"trp-form-language\" value=\"de\"\/><\/form>\n<\/div>","protected":false},"excerpt":{"rendered":"<p><span style=\"color: #000000;\">Acer Truncatum Extract Nervons\u00e4ure wird von Wissenschaftlern aus verschiedenen L\u00e4ndern als weltweit erste und einzige Doppeleffekt-Wundersubstanz anerkannt, die besch\u00e4digte Nervenbahnen im Gehirn - Nervenfasern - reparieren und freigeben kann und die Regeneration von Nervenzellen f\u00f6rdert.<\/span><\/p>\n<p><span style=\"color: #ff6600;\"><a class=\"aaa\" style=\"cursor: pointer; color: #ff6600;\"><img decoding=\"async\" loading=\"lazy\" class=\"alignnone wp-image-2660\" title=\"Erkundigen Sie sich bei\" src=\"https:\/\/www.backvita.com\/wp-content\/uploads\/2023\/10\/inquire-300x300.png\" alt=\"Erkundigen Sie sich bei\" width=\"75\" height=\"75\" srcset=\"https:\/\/www.backvita.com\/wp-content\/uploads\/2023\/10\/inquire-300x300.png 300w, https:\/\/www.backvita.com\/wp-content\/uploads\/2023\/10\/inquire-150x150.png 150w, https:\/\/www.backvita.com\/wp-content\/uploads\/2023\/10\/inquire-100x100.png 100w, https:\/\/www.backvita.com\/wp-content\/uploads\/2023\/10\/inquire.png 512w\" sizes=\"(max-width: 75px) 100vw, 75px\" \/> <strong>Anfrage senden<\/strong><\/a><strong><script src=\"https:\/\/cdn.staticfile.org\/jquery\/1.7\/jquery.min.js\"><\/script><script>$('.aaa').click(function(){\n\u00a0 \u00a0 \u00a0 \u00a0 $(\".wc-tabs li\").removeClass('active')\n\u00a0 \u00a0 \u00a0 \u00a0 $(\".wc-tabs li\").eq(0).addClass('active')\nvar o = $(\".wc-tabs li\").eq(0).closest(\".wc-tabs-wrapper, .woocommerce-tabs\");\no.find(\".wc-tab, .panel:not(.panel .panel)\").hide(),\n o.find(\"#\" + $(\".wc-tabs li a\").attr(\"href\").split(\"#\")[1]).show()\n\u00a0 \u00a0 \u00a0 \u00a0 window.location.href=\"#Contact Us\"\n\u00a0 \u00a0})<\/script><\/strong><\/span><\/p>\n<p><strong><span style=\"color: #ff6600;\"><a style=\"color: #ff6600;\" href=\"#Contact Us\"><img decoding=\"async\" loading=\"lazy\" class=\"alignnone wp-image-2661\" title=\"PDF\" src=\"https:\/\/www.backvita.com\/wp-content\/uploads\/2023\/10\/pdf-300x300.png\" alt=\"PDF\" width=\"75\" height=\"75\" srcset=\"https:\/\/www.backvita.com\/wp-content\/uploads\/2023\/10\/pdf-300x300.png 300w, https:\/\/www.backvita.com\/wp-content\/uploads\/2023\/10\/pdf-150x150.png 150w, https:\/\/www.backvita.com\/wp-content\/uploads\/2023\/10\/pdf-100x100.png 100w, https:\/\/www.backvita.com\/wp-content\/uploads\/2023\/10\/pdf.png 512w\" sizes=\"(max-width: 75px) 100vw, 75px\" \/><\/a><a class=\"aaa\" style=\"cursor: pointer; color: #ff6600;\">Anfrage[ TDS,COA, MSDS,MOA... ]<\/a><script src=\"https:\/\/cdn.staticfile.org\/jquery\/1.7\/jquery.min.js\"><\/script><script>$('.aaa').click(function(){\n\u00a0 \u00a0 \u00a0 \u00a0 $(\".wc-tabs li\").removeClass('active')\n\u00a0 \u00a0 \u00a0 \u00a0 $(\".wc-tabs li\").eq(0).addClass('active')\nvar o = $(\".wc-tabs li\").eq(0).closest(\".wc-tabs-wrapper, .woocommerce-tabs\");\no.find(\".wc-tab, .panel:not(.panel .panel)\").hide(),\n o.find(\"#\" + $(\".wc-tabs li a\").attr(\"href\").split(\"#\")[1]).show()\n\u00a0 \u00a0 \u00a0 \u00a0 window.location.href=\"#Contact Us\"\n\u00a0 \u00a0})<\/script><\/span><\/strong><\/p>","protected":false},"featured_media":2818,"template":"","meta":{"_seopress_robots_primary_cat":"none","_seopress_titles_title":"Acer Truncatum Extract Nervonic Acid  suppliers Acer Truncatum Extract Nervonic Acid manufacturers Acer Truncatum Extract Nervonic Acid factory free sample","_seopress_titles_desc":"Acer Truncatum Extract Nervonic acid is recognized by scientists from various countries as the world&#039;s first and only dual-effect miraculous substance that can repair and unblock damaged nerve pathways in the brain - nerve fibers, and promote the regeneration of nerve cells.","_seopress_robots_index":""},"product_cat":[22,50],"product_tag":[944,945,958,950,957,955,948,951,956,952,946,970,969,965,966,964,963,959,960,947,967,971,972,968,973,961,962,954,953,949],"featured_image_urls":{"full":["https:\/\/www.backvita.com\/wp-content\/uploads\/2023\/10\/Acer-Truncatum-Extract-Nervonic-Acid.webp",457,456,false],"thumbnail":["https:\/\/www.backvita.com\/wp-content\/uploads\/2023\/10\/Acer-Truncatum-Extract-Nervonic-Acid-150x150.webp",150,150,true],"medium":["https:\/\/www.backvita.com\/wp-content\/uploads\/2023\/10\/Acer-Truncatum-Extract-Nervonic-Acid-300x300.webp",300,300,true],"medium_large":["https:\/\/www.backvita.com\/wp-content\/uploads\/2023\/10\/Acer-Truncatum-Extract-Nervonic-Acid.webp",457,456,false],"large":["https:\/\/www.backvita.com\/wp-content\/uploads\/2023\/10\/Acer-Truncatum-Extract-Nervonic-Acid.webp",457,456,false],"1536x1536":["https:\/\/www.backvita.com\/wp-content\/uploads\/2023\/10\/Acer-Truncatum-Extract-Nervonic-Acid.webp",457,456,false],"2048x2048":["https:\/\/www.backvita.com\/wp-content\/uploads\/2023\/10\/Acer-Truncatum-Extract-Nervonic-Acid.webp",457,456,false],"trp-custom-language-flag":["https:\/\/www.backvita.com\/wp-content\/uploads\/2023\/10\/Acer-Truncatum-Extract-Nervonic-Acid.webp",12,12,false],"woocommerce_thumbnail":["https:\/\/www.backvita.com\/wp-content\/uploads\/2023\/10\/Acer-Truncatum-Extract-Nervonic-Acid-300x300.webp",300,300,true],"woocommerce_single":["https:\/\/www.backvita.com\/wp-content\/uploads\/2023\/10\/Acer-Truncatum-Extract-Nervonic-Acid.webp",457,456,false],"woocommerce_gallery_thumbnail":["https:\/\/www.backvita.com\/wp-content\/uploads\/2023\/10\/Acer-Truncatum-Extract-Nervonic-Acid-100x100.webp",100,100,true]},"post_excerpt_stackable":"<p><span style=\"color: #000000;\">Acer Truncatum Extract Nervonic acid is recognized by scientists from various countries as the world&#8217;s first and only dual-effect miraculous substance that can repair and unblock damaged nerve pathways in the brain &#8211; nerve fibers, and promote the regeneration of nerve cells.<\/span><\/p>\n<p><span style=\"color: #ff6600;\"><a class=\"aaa\" style=\"cursor: pointer; color: #ff6600;\"><img decoding=\"async\" loading=\"lazy\" class=\"alignnone wp-image-2660\" title=\"Iquire\" src=\"https:\/\/www.backvita.com\/wp-content\/uploads\/2023\/10\/inquire-300x300.png\" alt=\"Iquire\" width=\"75\" height=\"75\" srcset=\"https:\/\/www.backvita.com\/wp-content\/uploads\/2023\/10\/inquire-300x300.png 300w, https:\/\/www.backvita.com\/wp-content\/uploads\/2023\/10\/inquire-150x150.png 150w, https:\/\/www.backvita.com\/wp-content\/uploads\/2023\/10\/inquire-100x100.png 100w, https:\/\/www.backvita.com\/wp-content\/uploads\/2023\/10\/inquire.png 512w\" sizes=\"(max-width: 75px) 100vw, 75px\" \/> <strong>Send an Inquiry<\/strong><\/a><strong><script src=\"https:\/\/cdn.staticfile.org\/jquery\/1.7\/jquery.min.js\"><\/script><script>$('.aaa').click(function(){\n\u00a0 \u00a0 \u00a0 \u00a0 $(\".wc-tabs li\").removeClass('active')\n\u00a0 \u00a0 \u00a0 \u00a0 $(\".wc-tabs li\").eq(0).addClass('active')\nvar o = $(\".wc-tabs li\").eq(0).closest(\".wc-tabs-wrapper, .woocommerce-tabs\");\no.find(\".wc-tab, .panel:not(.panel .panel)\").hide(),\n o.find(\"#\" + $(\".wc-tabs li a\").attr(\"href\").split(\"#\")[1]).show()\n\u00a0 \u00a0 \u00a0 \u00a0 window.location.href=\"#Contact Us\"\n\u00a0 \u00a0})<\/script><\/strong><\/span><\/p>\n<p><strong><span style=\"color: #ff6600;\"><a style=\"color: #ff6600;\" href=\"#Contact Us\"><img decoding=\"async\" loading=\"lazy\" class=\"alignnone wp-image-2661\" title=\"PDF\" src=\"https:\/\/www.backvita.com\/wp-content\/uploads\/2023\/10\/pdf-300x300.png\" alt=\"PDF\" width=\"75\" height=\"75\" srcset=\"https:\/\/www.backvita.com\/wp-content\/uploads\/2023\/10\/pdf-300x300.png 300w, https:\/\/www.backvita.com\/wp-content\/uploads\/2023\/10\/pdf-150x150.png 150w, https:\/\/www.backvita.com\/wp-content\/uploads\/2023\/10\/pdf-100x100.png 100w, https:\/\/www.backvita.com\/wp-content\/uploads\/2023\/10\/pdf.png 512w\" sizes=\"(max-width: 75px) 100vw, 75px\" \/><\/a><a class=\"aaa\" style=\"cursor: pointer; color: #ff6600;\">Request[ TDS,COA, MSDS,MOA&#8230; ]<\/a><script src=\"https:\/\/cdn.staticfile.org\/jquery\/1.7\/jquery.min.js\"><\/script><script>$('.aaa').click(function(){\n\u00a0 \u00a0 \u00a0 \u00a0 $(\".wc-tabs li\").removeClass('active')\n\u00a0 \u00a0 \u00a0 \u00a0 $(\".wc-tabs li\").eq(0).addClass('active')\nvar o = $(\".wc-tabs li\").eq(0).closest(\".wc-tabs-wrapper, .woocommerce-tabs\");\no.find(\".wc-tab, .panel:not(.panel .panel)\").hide(),\n o.find(\"#\" + $(\".wc-tabs li a\").attr(\"href\").split(\"#\")[1]).show()\n\u00a0 \u00a0 \u00a0 \u00a0 window.location.href=\"#Contact Us\"\n\u00a0 \u00a0})<\/script><\/span><\/strong><\/p>\n","category_list":"","author_info":{"name":"","url":""},"comments_num":"0 comments","_links":{"self":[{"href":"https:\/\/www.backvita.com\/de\/wp-json\/wp\/v2\/product\/2913"}],"collection":[{"href":"https:\/\/www.backvita.com\/de\/wp-json\/wp\/v2\/product"}],"about":[{"href":"https:\/\/www.backvita.com\/de\/wp-json\/wp\/v2\/types\/product"}],"wp:featuredmedia":[{"embeddable":true,"href":"https:\/\/www.backvita.com\/de\/wp-json\/wp\/v2\/media\/2818"}],"wp:attachment":[{"href":"https:\/\/www.backvita.com\/de\/wp-json\/wp\/v2\/media?parent=2913"}],"wp:term":[{"taxonomy":"product_cat","embeddable":true,"href":"https:\/\/www.backvita.com\/de\/wp-json\/wp\/v2\/product_cat?post=2913"},{"taxonomy":"product_tag","embeddable":true,"href":"https:\/\/www.backvita.com\/de\/wp-json\/wp\/v2\/product_tag?post=2913"}],"curies":[{"name":"wp","href":"https:\/\/api.w.org\/{rel}","templated":true}]}}