{"id":2917,"date":"2023-11-04T14:50:28","date_gmt":"2023-11-04T06:50:28","guid":{"rendered":"https:\/\/www.backvita.com\/?post_type=product&#038;p=2917"},"modified":"2024-03-06T16:48:56","modified_gmt":"2024-03-06T08:48:56","slug":"curcumin-supplier-turmeric-root-p-e-100-natural-curcuminoids-c14","status":"publish","type":"product","link":"https:\/\/www.backvita.com\/de\/product\/curcumin-lieferant-kurkuma-wurzel-p-e-100-naturliche-curcuminoide-c14\/","title":{"rendered":"Curcumin Lieferant Kurkuma Wurzel P.E. 100% Nat\u00fcrliche Curcuminoide C14"},"content":{"rendered":"<div class=\"fl-col-group fl-node-636b050ee8059\" data-node=\"636b050ee8059\">\n<div class=\"fl-col fl-node-636b050ee8098\" data-node=\"636b050ee8098\">\n<div class=\"fl-col-content fl-node-content\">\n<div class=\"fl-module fl-module-rich-text fl-node-636b050ee80d6\" data-node=\"636b050ee80d6\" data-animation-delay=\"0.0\">\n<div class=\"fl-module-content fl-node-content\">\n<div class=\"fl-rich-text\">\n<div class=\"content_box\">\n<h2>Kurkuma-Wurzel-Extrakt Curcumin Lieferanten Kurkuma-Wurzel-Extrakt Curcumin Hersteller Kurkuma-Wurzel-Extrakt Curcumin Fabrik kostenlose Probe<\/h2>\n<\/div>\n<p>Kurkuma wird seit mehr als 4.000 Jahren von den Menschen verwendet. Es geh\u00f6rt zur Familie der Ingwergew\u00e4chse und ist die Quelle der gelben Farbe, die man in Currys findet. Kurkuma wurde in der alten indischen und chinesischen Medizin zur Behandlung von Entz\u00fcndungskrankheiten, zum Schutz der Leber, bei Hautkrankheiten und Wunden verwendet und war bei den Einheimischen als pflanzliches Aspirin bekannt. Kurkuma-Extrakt, auch bekannt als Curcuma Longa Extrakt, ist ein Extraktpulver aus der trockenen Kr\u00e4uterwurzel Curcuma longa L. mit Ethanol-Extraktion, Konzentration, Reinigung, Trennung und anderen Prozessen, es enth\u00e4lt NLT 95% Curcuminoide als die Summe von Curcumin, Desmethoxycurcumin und Bisdesmethoxycurcumin. Es enth\u00e4lt NLT 70,0% und NMT 80,0% Curcumin, NLT 15,0% und NMT 25,0% Desmethoxycurcumin und NLT 2,5% und NMT 6,5% Bisdesmethoxycurcumin, basierend auf dem USP Standard. Es handelt sich um ein orangefarbenes kristallines Pulver mit leicht bitterem Geschmack. Unl\u00f6slich in Wasser. Es ist ein regelm\u00e4\u00dfiger Lebensmittelzusatzstoff als nat\u00fcrlicher Farbstoff in der Lebensmittelanwendung und ein guter entz\u00fcndungshemmender Inhaltsstoff in der Anwendung von Gesundheitsprodukten.<\/p>\n<\/div>\n<h2>Unser Curcumin 95 ist auf Kohlenstoff-14 getestet.<\/h2>\n<div class=\"fl-rich-text\">\n<table style=\"height: 211px;\" width=\"1292\">\n<tbody>\n<tr>\n<td width=\"219\"><strong>Produktname<\/strong><\/td>\n<td width=\"466\">Kurkuma-Wurzel-Extrakt Curcumin<\/td>\n<\/tr>\n<tr>\n<td><strong>CAS-Nr.<\/strong><\/td>\n<td>458-37-7<\/td>\n<\/tr>\n<tr>\n<td><strong>Lateinischer Name<\/strong><\/td>\n<td>Curcuma longa L.<\/td>\n<\/tr>\n<tr>\n<td><strong>Erscheinungsbild<\/strong><\/td>\n<td>gelbes Pulver<\/td>\n<\/tr>\n<tr>\n<td><strong>Spezifikationen<\/strong><\/td>\n<td>Kurkumin 95% HPLC<br \/>\nCurcuminoide 95% HPLC<br \/>\nWasserl\u00f6sliches Curcumin 10% HPLC<br \/>\nCurcumin-Oleoresin<br \/>\nCurcumin in Futtermittelqualit\u00e4t 10% HPLC<\/td>\n<\/tr>\n<tr>\n<td><strong>Pakete<\/strong><\/td>\n<td>1kg\/Sack, 25kg\/Fass<\/td>\n<\/tr>\n<tr>\n<td><strong>Lagerung<\/strong><\/td>\n<td>Feuchtigkeitsschutz und lichtgesch\u00fctzte, geschlossene Lagerung vermeiden.<\/td>\n<\/tr>\n<tr>\n<td><strong>Pr\u00fcfverfahren<\/strong><\/td>\n<td>HPLC<\/td>\n<\/tr>\n<\/tbody>\n<\/table>\n<p>&nbsp;<\/p>\n<\/div>\n<\/div>\n<\/div>\n<\/div>\n<\/div>\n<\/div>\n<div class=\"fl-col-group fl-node-636b050ee8113 fl-col-group-equal-height fl-col-group-align-center\" data-node=\"636b050ee8113\">\n<div class=\"fl-col fl-node-636b050ee8151\" data-node=\"636b050ee8151\">\n<div class=\"fl-col-content fl-node-content\">\n<div class=\"fl-module fl-module-rich-text fl-node-636b050ee81d4\" data-node=\"636b050ee81d4\" data-animation-delay=\"0.0\">\n<div class=\"fl-module-content fl-node-content\">\n<div class=\"fl-rich-text\">\n<div class=\"content_box\">\n<h2>Kurkuma-Extrakt Curcumin Haupts\u00e4chlich Spezifikationen<\/h2>\n<\/div>\n<p>Kurkumawurzel-Pulver<br \/>\nKurkumin 95% HPLC<br \/>\nCurcuminoide 95% HPLC<br \/>\nWasserl\u00f6sliches Curcumin 10% HPLC<br \/>\nCurcumin-Oleoresin<br \/>\nCurcumin in Futtermittelqualit\u00e4t 10% HPLC<\/p>\n<p>&nbsp;<\/p>\n<\/div>\n<\/div>\n<\/div>\n<\/div>\n<\/div>\n<\/div>\n<div class=\"fl-col-group fl-node-636b050ee8251\" data-node=\"636b050ee8251\">\n<div class=\"fl-col fl-node-636b050ee828f\" data-node=\"636b050ee828f\">\n<div class=\"fl-col-content fl-node-content\">\n<div class=\"fl-module fl-module-rich-text fl-node-636b050ee82cd\" data-node=\"636b050ee82cd\" data-animation-delay=\"0.0\">\n<div class=\"fl-module-content fl-node-content\">\n<div class=\"fl-rich-text\">\n<div class=\"content_box\">\n<h2>Vorteile von Kurkuma-Extrakt Curcumin<\/h2>\n<\/div>\n<p>Kurkumaextrakt Curcumin ist ein starkes Antioxidans, dessen Kapazit\u00e4t nachweislich mit der von Vitamin E und Vitamin C vergleichbar ist.<br \/>\nKurkumaextrakt Curcumin besitzt entz\u00fcndungshemmende Eigenschaften, indem es entz\u00fcndungsf\u00f6rdernde Faktoren hemmt.<br \/>\nKurkuma-Extrakt Curcuminoide wurden als nat\u00fcrliche Lebensmittelzusatzstoffe f\u00fcr gelbe Farbpigmente verwendet.<br \/>\nDer entz\u00fcndungsf\u00f6rdernde Faktor in Curcumin sch\u00fctzt die Leber und die Galle vor Sch\u00e4den, wie z. B. vor Kater.<\/p>\n<p>&nbsp;<\/p>\n<\/div>\n<\/div>\n<\/div>\n<\/div>\n<\/div>\n<\/div>\n<h2 style=\"text-align: left;\"><strong>Spezifikation (TDS) von Kurkumawurzelextrakt Curcumin<\/strong><\/h2>\n<table style=\"height: 1826px;\" width=\"1361\">\n<tbody>\n<tr>\n<td width=\"212\"><strong>Analyse-Elemente<\/strong><\/td>\n<td width=\"320\"><strong>Spezifikationen<\/strong><\/td>\n<td width=\"189\"><strong>Methoden<\/strong><\/td>\n<\/tr>\n<tr>\n<td colspan=\"3\" width=\"721\"><strong>Kennzeichnungen<\/strong><\/td>\n<\/tr>\n<tr>\n<td width=\"212\"><strong>A. TLC<\/strong><\/td>\n<td colspan=\"2\" width=\"509\">Die Probenl\u00f6sung weist gr\u00f6\u00dfere Banden auf, die in Position und Farbe der Standardl\u00f6sung \u00e4hneln.<\/td>\n<\/tr>\n<tr>\n<td width=\"212\"><strong>B. HPLC<\/strong><\/td>\n<td colspan=\"2\" width=\"509\">Die Retentionszeit der Probe stimmt mit der des Standards im HPLC-Reinheitstest \u00fcberein.<\/td>\n<\/tr>\n<tr>\n<td colspan=\"3\" width=\"721\"><strong>Wirkstofftests<\/strong><\/td>\n<\/tr>\n<tr>\n<td width=\"212\"><strong>Curcuminoide (HPLC)<\/strong><\/td>\n<td width=\"320\">\u226595.00%<\/td>\n<td width=\"189\">USP43<\/td>\n<\/tr>\n<tr>\n<td width=\"212\"><strong>Curcumin (HPLC)<\/strong><\/td>\n<td width=\"320\">70%-80%<\/td>\n<td width=\"189\">USP43<\/td>\n<\/tr>\n<tr>\n<td width=\"212\"><strong>Desmethoxycurcumin (HPLC)<\/strong><\/td>\n<td width=\"320\">15%-25%<\/td>\n<td width=\"189\">USP43<\/td>\n<\/tr>\n<tr>\n<td width=\"212\"><strong>Bisdesmethoxycurcumin (HPLC)<\/strong><\/td>\n<td width=\"320\">2.5%-6.5%<\/td>\n<td width=\"189\">USP43<\/td>\n<\/tr>\n<tr>\n<td colspan=\"3\" width=\"721\"><strong>Physikalische Tests<\/strong><\/td>\n<\/tr>\n<tr>\n<td width=\"212\"><strong>Erscheinungsbild<\/strong><\/td>\n<td width=\"320\">Gelbes bis orangefarbenes feines Pulver<\/td>\n<td width=\"189\">Visuell<\/td>\n<\/tr>\n<tr>\n<td width=\"212\"><strong>Geruch<\/strong><\/td>\n<td width=\"320\">Charakteristisch<\/td>\n<td width=\"189\">Organoleptisch<\/td>\n<\/tr>\n<tr>\n<td width=\"212\"><strong>Geschmack<\/strong><\/td>\n<td width=\"320\">Charakteristisch<\/td>\n<td width=\"189\">Organoleptisch<\/td>\n<\/tr>\n<tr>\n<td width=\"212\"><strong>Partikelgr\u00f6\u00dfe<\/strong><\/td>\n<td width=\"320\">98% Durchgang 80mesh<\/td>\n<td width=\"189\">USP43<\/td>\n<\/tr>\n<tr>\n<td width=\"212\"><strong>Verlust beim Trocknen<\/strong><\/td>\n<td width=\"320\">\u22642.00%<\/td>\n<td width=\"189\">USP43<\/td>\n<\/tr>\n<tr>\n<td width=\"212\"><strong>R\u00fcckst\u00e4nde bei der Z\u00fcndung<\/strong><\/td>\n<td width=\"320\">\u22641.00%<\/td>\n<td width=\"189\">USP43<\/td>\n<\/tr>\n<tr>\n<td colspan=\"3\" width=\"721\"><strong>Chemische Tests<\/strong><\/td>\n<\/tr>\n<tr>\n<td width=\"212\"><strong>Schwermetalle<\/strong><\/td>\n<td width=\"320\">\u226410.00ppm<\/td>\n<td width=\"189\">USP43<\/td>\n<\/tr>\n<tr>\n<td width=\"212\"><strong>Pb<\/strong><\/td>\n<td width=\"320\">\u22643.00ppm<\/td>\n<td width=\"189\">USP43<\/td>\n<\/tr>\n<tr>\n<td width=\"212\"><strong>As<\/strong><\/td>\n<td width=\"320\">\u22642,00ppm<\/td>\n<td width=\"189\">USP43<\/td>\n<\/tr>\n<tr>\n<td width=\"212\"><strong>Cd<\/strong><\/td>\n<td width=\"320\">\u22641,00ppm<\/td>\n<td width=\"189\">USP43<\/td>\n<\/tr>\n<tr>\n<td width=\"212\"><strong>Hg<\/strong><\/td>\n<td width=\"320\">\u22640,10ppm<\/td>\n<td width=\"189\">USP43<\/td>\n<\/tr>\n<tr>\n<td width=\"212\"><strong>R\u00fcckst\u00e4nde von L\u00f6sungsmitteln<\/strong><\/td>\n<td width=\"320\">USP<\/td>\n<td width=\"189\">USP43<\/td>\n<\/tr>\n<tr>\n<td width=\"212\"><strong>R\u00fcckst\u00e4nde von Pestiziden<\/strong><\/td>\n<td width=\"320\">USP<\/td>\n<td width=\"189\">USP43<\/td>\n<\/tr>\n<tr>\n<td colspan=\"3\" width=\"721\"><strong>Mikrobiologische Tests<\/strong><\/td>\n<\/tr>\n<tr>\n<td width=\"212\"><strong>Gesamtkeimzahl<\/strong><\/td>\n<td width=\"320\">\u226410.000cfu\/g<\/td>\n<td width=\"189\">USP43<\/td>\n<\/tr>\n<tr>\n<td width=\"212\"><strong>Hefen und Schimmelpilze<\/strong><\/td>\n<td width=\"320\">\u22641.000cfu\/g<\/td>\n<td width=\"189\">USP43<\/td>\n<\/tr>\n<tr>\n<td width=\"212\"><strong>E. Coli<\/strong><\/td>\n<td width=\"320\">Negativ in 1g<\/td>\n<td width=\"189\">USP43<\/td>\n<\/tr>\n<tr>\n<td width=\"212\"><strong>Salmonellen<\/strong><\/td>\n<td width=\"320\">Negativ in 10g<\/td>\n<td width=\"189\">USP43<\/td>\n<\/tr>\n<\/tbody>\n<\/table>\n<p>&nbsp;<\/p>\n<h2><span style=\"color: #ff9c00;\">Unser Rest-Easy-Service mit Mehrwert<\/span><\/h2>\n<p><em><strong><span style=\"color: #ff9c00;\">&gt;&gt;&gt;\u00a0 <\/span><\/strong><\/em><strong>Backvita verf\u00fcgt \u00fcber professionelle Techniker, die technische Support-Dokumente wie: Normen, Specs, COA, MOA,\u00a0<\/strong><strong>MSDS,<\/strong><strong>Flussdiagramm, Erkl\u00e4rungen, Chromatogramme, N\u00e4hrwertangaben, Stabilit\u00e4tspr\u00fcfung, usw.<\/strong><\/p>\n<p><strong><span style=\"color: #ff9c00;\">&gt;&gt;&gt; \u00a0<\/span>Wir versprechen Ihnen, Ihnen einzigartige Dienstleistungen anzubieten, damit Sie sich beim Kauf und Verkauf von Produkten keine Sorgen machen m\u00fcssen.<\/strong><\/p>\n<p><strong><span style=\"color: #ff9c00;\">&gt;&gt;&gt;<\/span>\u00a0 Unser globales E-Commerce-Datenanalystenteam verf\u00fcgt \u00fcber 10 Jahre Erfahrung in der Pflanzenextraktbranche. Es stellt Ihnen Datenberichte \u00fcber die L\u00e4nder zur Verf\u00fcgung, in denen Ihre Produkte verkauft werden, damit Sie fundierte Entscheidungen treffen k\u00f6nnen. Diese Datenberichte enthalten Verkaufsvolumen, Vertriebskan\u00e4le, Wettbewerbsanalysen und andere Informationen, die Ihnen helfen, die Marktnachfrage und -trends besser zu verstehen und so Ihre Beschaffungs- und Verkaufsstrategien zu optimieren.<\/strong><\/p>\n<p><strong><span style=\"color: #ff9c00;\">&gt;&gt;&gt;\u00a0<\/span> Zus\u00e4tzlich zu den Datenberichten stellen wir Ihnen regelm\u00e4\u00dfig Informationen \u00fcber marktrelevante Produkte und neue Produkte zur Verf\u00fcgung. Diese Informationen helfen Ihnen, sich \u00fcber potenzielle Chancen und Trends auf dem Markt auf dem Laufenden zu halten und Anpassungen und Entscheidungen auf der Grundlage der Marktanforderungen zu treffen.<\/strong><\/p>\n<p><strong><span style=\"color: #ff9c00;\">&gt;&gt;&gt;<\/span>\u00a0 Wenn Sie eine eigene, exklusive Marke haben, stellen wir Ihnen auch Werbematerialien und Plakate zur Verf\u00fcgung, mit denen Sie Ihr Markenimage und Ihren Bekanntheitsgrad steigern k\u00f6nnen. Unser Designteam entwirft exklusive Werbematerialien f\u00fcr Ihre Marke nach Ihren Bed\u00fcrfnissen und Anforderungen. Alle diese Mehrwertdienste werden den Kunden unserer Partner kostenlos zur Verf\u00fcgung gestellt.<\/strong><\/p>\n<p><strong><span style=\"color: #ff9c00;\">&gt;&gt;&gt;<\/span>\u00a0 Unser Ziel ist es, die Kunden in den Mittelpunkt zu stellen, Ihnen w\u00e4hrend des gesamten Prozesses einen sorgenfreien Service zu bieten und Ihnen zu mehr Leistung und Erfolg zu verhelfen.<\/strong><\/p>\n<p><strong><span style=\"color: #ff9c00;\">&gt;&gt;&gt;<\/span>\u00a0 Wenn Sie Fragen oder spezielle W\u00fcnsche zu unseren Mehrwertdiensten haben, k\u00f6nnen Sie sich gerne an uns wenden. Wir werden unser Bestes tun, um Ihnen zu helfen und Ihre Zufriedenheit zu gew\u00e4hrleisten. Nochmals vielen Dank f\u00fcr Ihre Unterst\u00fctzung und Aufmerksamkeit und wir freuen uns auf eine langfristige Zusammenarbeit mit Ihnen.<\/strong><\/p>\n<p>&nbsp;<\/p>\n<h2>Kontakt<a name=\"Contact Us\"><\/a><\/h2>\n\n<div class=\"wpcf7 no-js\" id=\"wpcf7-f690-o1\" lang=\"zh-CN\" dir=\"ltr\">\n<div class=\"screen-reader-response\"><p role=\"status\" aria-live=\"polite\" aria-atomic=\"true\"><\/p> <ul><\/ul><\/div>\n<form action=\"\/de\/wp-json\/wp\/v2\/product\/2917#wpcf7-f690-o1\" method=\"post\" class=\"wpcf7-form init\" aria-label=\"Contact form\" novalidate=\"novalidate\" data-status=\"init\" data-trp-original-action=\"\/de\/wp-json\/wp\/v2\/product\/2917#wpcf7-f690-o1\">\n<div style=\"display: none;\">\n<input type=\"hidden\" name=\"_wpcf7\" value=\"690\" \/>\n<input type=\"hidden\" name=\"_wpcf7_version\" value=\"5.8\" \/>\n<input type=\"hidden\" name=\"_wpcf7_locale\" value=\"zh_CN\" \/>\n<input type=\"hidden\" name=\"_wpcf7_unit_tag\" value=\"wpcf7-f690-o1\" \/>\n<input type=\"hidden\" name=\"_wpcf7_container_post\" value=\"0\" \/>\n<input type=\"hidden\" name=\"_wpcf7_posted_data_hash\" value=\"\" \/>\n<\/div>\n<p><label> *Name * Firmenname<br \/>\n<span class=\"wpcf7-form-control-wrap\" data-name=\"your-name\"><input size=\"40\" class=\"wpcf7-form-control wpcf7-text wpcf7-validates-as-required\" autocomplete=\"name\" aria-required=\"true\" aria-invalid=\"false\" value=\"\" type=\"text\" name=\"your-name\" \/><\/span> <\/label>\n<\/p>\n<p><label> *E-Mail<br \/>\n<span class=\"wpcf7-form-control-wrap\" data-name=\"your-email\"><input size=\"40\" class=\"wpcf7-form-control wpcf7-email wpcf7-validates-as-required wpcf7-text wpcf7-validates-as-email\" autocomplete=\"email\" aria-required=\"true\" aria-invalid=\"false\" value=\"\" type=\"email\" name=\"your-email\" \/><\/span> <\/label>\n<\/p>\n<p><label> *Telefonnummer<br \/>\n<span class=\"wpcf7-form-control-wrap\" data-name=\"your-subject\"><input size=\"40\" class=\"wpcf7-form-control wpcf7-text wpcf7-validates-as-required\" aria-required=\"true\" aria-invalid=\"false\" value=\"\" type=\"text\" name=\"your-subject\" \/><\/span> <\/label>\n<\/p>\n<p><label> *Meldung<br \/>\n<span class=\"wpcf7-form-control-wrap\" data-name=\"your-message\"><textarea cols=\"40\" rows=\"10\" class=\"wpcf7-form-control wpcf7-textarea\" aria-invalid=\"false\" name=\"your-message\"><\/textarea><\/span> <\/label>\n<\/p>\n<p><input class=\"wpcf7-form-control wpcf7-submit has-spinner\" type=\"submit\" value=\"Einreichen\" \/>\n<\/p><div class=\"wpcf7-response-output\" aria-hidden=\"true\"><\/div>\n<input type=\"hidden\" name=\"trp-form-language\" value=\"de\"\/><\/form>\n<\/div>\n\n<p>&nbsp;<\/p>","protected":false},"excerpt":{"rendered":"<p><span style=\"color: #000000;\">Kurkumawurzelextrakt Curcumin ist ein Polyphenol, das von Wissenschaftlern aus Kurkuma extrahiert wurde und ein wirksames Antioxidans mit zwei Hauptfunktionen ist: entz\u00fcndungshemmend und antioxidativ.<\/span><\/p>\n<p><span style=\"color: #ff6600;\"><a class=\"aaa\" style=\"cursor: pointer; color: #ff6600;\"><img decoding=\"async\" loading=\"lazy\" class=\"alignnone wp-image-2660\" title=\"Erkundigen Sie sich bei\" src=\"https:\/\/www.backvita.com\/wp-content\/uploads\/2023\/10\/inquire-300x300.png\" alt=\"Erkundigen Sie sich bei\" width=\"75\" height=\"75\" srcset=\"https:\/\/www.backvita.com\/wp-content\/uploads\/2023\/10\/inquire-300x300.png 300w, https:\/\/www.backvita.com\/wp-content\/uploads\/2023\/10\/inquire-150x150.png 150w, https:\/\/www.backvita.com\/wp-content\/uploads\/2023\/10\/inquire-100x100.png 100w, https:\/\/www.backvita.com\/wp-content\/uploads\/2023\/10\/inquire.png 512w\" sizes=\"(max-width: 75px) 100vw, 75px\" \/> <span style=\"color: #ff6600;\"><strong>Anfrage senden<\/strong><\/span><\/a><strong><script src=\"https:\/\/cdn.staticfile.org\/jquery\/1.7\/jquery.min.js\"><\/script><script>$('.aaa').click(function(){\n\u00a0 \u00a0 \u00a0 \u00a0 $(\".wc-tabs li\").removeClass('active')\n\u00a0 \u00a0 \u00a0 \u00a0 $(\".wc-tabs li\").eq(0).addClass('active')\nvar o = $(\".wc-tabs li\").eq(0).closest(\".wc-tabs-wrapper, .woocommerce-tabs\");\no.find(\".wc-tab, .panel:not(.panel .panel)\").hide(),\n o.find(\"#\" + $(\".wc-tabs li a\").attr(\"href\").split(\"#\")[1]).show()\n\u00a0 \u00a0 \u00a0 \u00a0 window.location.href=\"#Contact Us\"\n\u00a0 \u00a0})<\/script><\/strong><\/span><\/p>\n<p><span style=\"color: #ff6600;\"><strong><a style=\"color: #ff6600;\" href=\"#Contact Us\"><img decoding=\"async\" loading=\"lazy\" class=\"alignnone wp-image-2661\" title=\"PDF\" src=\"https:\/\/www.backvita.com\/wp-content\/uploads\/2023\/10\/pdf-300x300.png\" alt=\"PDF\" width=\"75\" height=\"75\" srcset=\"https:\/\/www.backvita.com\/wp-content\/uploads\/2023\/10\/pdf-300x300.png 300w, https:\/\/www.backvita.com\/wp-content\/uploads\/2023\/10\/pdf-150x150.png 150w, https:\/\/www.backvita.com\/wp-content\/uploads\/2023\/10\/pdf-100x100.png 100w, https:\/\/www.backvita.com\/wp-content\/uploads\/2023\/10\/pdf.png 512w\" sizes=\"(max-width: 75px) 100vw, 75px\" \/><\/a><a class=\"aaa\" style=\"cursor: pointer; color: #ff6600;\">Anfrage[ TDS,COA, MSDS,MOA... ]<\/a><script src=\"https:\/\/cdn.staticfile.org\/jquery\/1.7\/jquery.min.js\"><\/script><script>$('.aaa').click(function(){\n\u00a0 \u00a0 \u00a0 \u00a0 $(\".wc-tabs li\").removeClass('active')\n\u00a0 \u00a0 \u00a0 \u00a0 $(\".wc-tabs li\").eq(0).addClass('active')\nvar o = $(\".wc-tabs li\").eq(0).closest(\".wc-tabs-wrapper, .woocommerce-tabs\");\no.find(\".wc-tab, .panel:not(.panel .panel)\").hide(),\n o.find(\"#\" + $(\".wc-tabs li a\").attr(\"href\").split(\"#\")[1]).show()\n\u00a0 \u00a0 \u00a0 \u00a0 window.location.href=\"#Contact Us\"\n\u00a0 \u00a0})<\/script><\/strong><\/span><\/p>","protected":false},"featured_media":2836,"template":"","meta":{"_seopress_robots_primary_cat":"none","_seopress_titles_title":"Turmeric Root Extract Curcumin  suppliers Turmeric Root Extract Curcumin manufacturers Turmeric Root Extract Curcumin factory free sample","_seopress_titles_desc":"Turmeric Root Extract  Curcumin is a polyphenol extracted by scientists from turmeric.It is an effective antioxidant with two major functions: anti-inflammatory and antioxidant.","_seopress_robots_index":""},"product_cat":[32,49],"product_tag":[1316,1308,1315,1313,1306,1304,1328,1327,1323,1324,1322,1321,1317,1318,1305,1325,1329,1330,1326,1331,1319,1320,1309,1314,1310,1312,1311,1302,1303,1307],"featured_image_urls":{"full":["https:\/\/www.backvita.com\/wp-content\/uploads\/2023\/10\/Turmeric-Extract-Curcumin.webp",445,366,false],"thumbnail":["https:\/\/www.backvita.com\/wp-content\/uploads\/2023\/10\/Turmeric-Extract-Curcumin-150x150.webp",150,150,true],"medium":["https:\/\/www.backvita.com\/wp-content\/uploads\/2023\/10\/Turmeric-Extract-Curcumin-300x247.webp",300,247,true],"medium_large":["https:\/\/www.backvita.com\/wp-content\/uploads\/2023\/10\/Turmeric-Extract-Curcumin.webp",445,366,false],"large":["https:\/\/www.backvita.com\/wp-content\/uploads\/2023\/10\/Turmeric-Extract-Curcumin.webp",445,366,false],"1536x1536":["https:\/\/www.backvita.com\/wp-content\/uploads\/2023\/10\/Turmeric-Extract-Curcumin.webp",445,366,false],"2048x2048":["https:\/\/www.backvita.com\/wp-content\/uploads\/2023\/10\/Turmeric-Extract-Curcumin.webp",445,366,false],"trp-custom-language-flag":["https:\/\/www.backvita.com\/wp-content\/uploads\/2023\/10\/Turmeric-Extract-Curcumin.webp",15,12,false],"woocommerce_thumbnail":["https:\/\/www.backvita.com\/wp-content\/uploads\/2023\/10\/Turmeric-Extract-Curcumin-300x300.webp",300,300,true],"woocommerce_single":["https:\/\/www.backvita.com\/wp-content\/uploads\/2023\/10\/Turmeric-Extract-Curcumin.webp",445,366,false],"woocommerce_gallery_thumbnail":["https:\/\/www.backvita.com\/wp-content\/uploads\/2023\/10\/Turmeric-Extract-Curcumin-100x100.webp",100,100,true]},"post_excerpt_stackable":"<p><span style=\"color: #000000;\">Turmeric Root Extract Curcumin is a polyphenol extracted by scientists from turmeric.It is an effective antioxidant with two major functions: anti-inflammatory and antioxidant.<\/span><\/p>\n<p><span style=\"color: #ff6600;\"><a class=\"aaa\" style=\"cursor: pointer; color: #ff6600;\"><img decoding=\"async\" loading=\"lazy\" class=\"alignnone wp-image-2660\" title=\"Iquire\" src=\"https:\/\/www.backvita.com\/wp-content\/uploads\/2023\/10\/inquire-300x300.png\" alt=\"Iquire\" width=\"75\" height=\"75\" srcset=\"https:\/\/www.backvita.com\/wp-content\/uploads\/2023\/10\/inquire-300x300.png 300w, https:\/\/www.backvita.com\/wp-content\/uploads\/2023\/10\/inquire-150x150.png 150w, https:\/\/www.backvita.com\/wp-content\/uploads\/2023\/10\/inquire-100x100.png 100w, https:\/\/www.backvita.com\/wp-content\/uploads\/2023\/10\/inquire.png 512w\" sizes=\"(max-width: 75px) 100vw, 75px\" \/> <span style=\"color: #ff6600;\"><strong>Send an Inquiry<\/strong><\/span><\/a><strong><script src=\"https:\/\/cdn.staticfile.org\/jquery\/1.7\/jquery.min.js\"><\/script><script>$('.aaa').click(function(){\n\u00a0 \u00a0 \u00a0 \u00a0 $(\".wc-tabs li\").removeClass('active')\n\u00a0 \u00a0 \u00a0 \u00a0 $(\".wc-tabs li\").eq(0).addClass('active')\nvar o = $(\".wc-tabs li\").eq(0).closest(\".wc-tabs-wrapper, .woocommerce-tabs\");\no.find(\".wc-tab, .panel:not(.panel .panel)\").hide(),\n o.find(\"#\" + $(\".wc-tabs li a\").attr(\"href\").split(\"#\")[1]).show()\n\u00a0 \u00a0 \u00a0 \u00a0 window.location.href=\"#Contact Us\"\n\u00a0 \u00a0})<\/script><\/strong><\/span><\/p>\n<p><span style=\"color: #ff6600;\"><strong><a style=\"color: #ff6600;\" href=\"#Contact Us\"><img decoding=\"async\" loading=\"lazy\" class=\"alignnone wp-image-2661\" title=\"PDF\" src=\"https:\/\/www.backvita.com\/wp-content\/uploads\/2023\/10\/pdf-300x300.png\" alt=\"PDF\" width=\"75\" height=\"75\" srcset=\"https:\/\/www.backvita.com\/wp-content\/uploads\/2023\/10\/pdf-300x300.png 300w, https:\/\/www.backvita.com\/wp-content\/uploads\/2023\/10\/pdf-150x150.png 150w, https:\/\/www.backvita.com\/wp-content\/uploads\/2023\/10\/pdf-100x100.png 100w, https:\/\/www.backvita.com\/wp-content\/uploads\/2023\/10\/pdf.png 512w\" sizes=\"(max-width: 75px) 100vw, 75px\" \/><\/a><a class=\"aaa\" style=\"cursor: pointer; color: #ff6600;\">Request[ TDS,COA, MSDS,MOA&#8230; ]<\/a><script src=\"https:\/\/cdn.staticfile.org\/jquery\/1.7\/jquery.min.js\"><\/script><script>$('.aaa').click(function(){\n\u00a0 \u00a0 \u00a0 \u00a0 $(\".wc-tabs li\").removeClass('active')\n\u00a0 \u00a0 \u00a0 \u00a0 $(\".wc-tabs li\").eq(0).addClass('active')\nvar o = $(\".wc-tabs li\").eq(0).closest(\".wc-tabs-wrapper, .woocommerce-tabs\");\no.find(\".wc-tab, .panel:not(.panel .panel)\").hide(),\n o.find(\"#\" + $(\".wc-tabs li a\").attr(\"href\").split(\"#\")[1]).show()\n\u00a0 \u00a0 \u00a0 \u00a0 window.location.href=\"#Contact Us\"\n\u00a0 \u00a0})<\/script><\/strong><\/span><\/p>\n","category_list":"","author_info":{"name":"","url":""},"comments_num":"0 comments","_links":{"self":[{"href":"https:\/\/www.backvita.com\/de\/wp-json\/wp\/v2\/product\/2917"}],"collection":[{"href":"https:\/\/www.backvita.com\/de\/wp-json\/wp\/v2\/product"}],"about":[{"href":"https:\/\/www.backvita.com\/de\/wp-json\/wp\/v2\/types\/product"}],"wp:featuredmedia":[{"embeddable":true,"href":"https:\/\/www.backvita.com\/de\/wp-json\/wp\/v2\/media\/2836"}],"wp:attachment":[{"href":"https:\/\/www.backvita.com\/de\/wp-json\/wp\/v2\/media?parent=2917"}],"wp:term":[{"taxonomy":"product_cat","embeddable":true,"href":"https:\/\/www.backvita.com\/de\/wp-json\/wp\/v2\/product_cat?post=2917"},{"taxonomy":"product_tag","embeddable":true,"href":"https:\/\/www.backvita.com\/de\/wp-json\/wp\/v2\/product_tag?post=2917"}],"curies":[{"name":"wp","href":"https:\/\/api.w.org\/{rel}","templated":true}]}}