{"id":2918,"date":"2023-11-04T14:50:53","date_gmt":"2023-11-04T06:50:53","guid":{"rendered":"https:\/\/www.backvita.com\/?post_type=product&#038;p=2918"},"modified":"2024-02-07T11:33:24","modified_gmt":"2024-02-07T03:33:24","slug":"spirulina-extract-phycocyanin-suppliers-spirulina-extract-phycocyanin-manufacturers-spirulina-extract-phycocyanin-factory-free-sample","status":"publish","type":"product","link":"https:\/\/www.backvita.com\/de\/product\/spirulina-extrakt-phycocyanin-lieferanten-spirulina-extrakt-phycocyanin-hersteller-spirulina-extrakt-phycocyanin-fabrik-kostenlose-probe\/","title":{"rendered":"Spirulina Extrakt Phycocyanin Lieferanten Spirulina Extrakt Phycocyanin Hersteller Spirulina Extrakt Phycocyanin Fabrik kostenlose Probe"},"content":{"rendered":"<h2>Spirulina-Extrakt Phycocyanin Einf\u00fchrung<\/h2>\n<p><strong>Spirulina-Extrakt (Phycocyanin)<\/strong>hergestellt aus wilden oder menschlich kultivierten Spirulina platensis oder Spirulina maxima durch Extraktion, Trennung, Reinigung und anderen Prozess erhalten dann eine nat\u00fcrliche Spirulina blaues Pigment enthalten NLT 25% Phycocyanin vor allem f\u00fcr Protein-Verst\u00e4rker und nat\u00fcrliche blaue Farbstoff und der Farbwert Bereich von E6~E40.and enth\u00e4lt Phycocyanin als die principalcoloring Komponenten der Spirulina-Extrakt.<\/p>\n<table style=\"height: 216px;\" width=\"1311\">\n<tbody>\n<tr>\n<td width=\"219\"><strong>Produktname<\/strong><\/td>\n<td width=\"466\">Spirulina-Extrakt Phycocyanin<\/td>\n<\/tr>\n<tr>\n<td><strong>CAS-Nr.<\/strong><\/td>\n<td>11016-15-2<\/td>\n<\/tr>\n<tr>\n<td><strong>Lateinischer Name<\/strong><\/td>\n<td>Arthrospira pla tensis<\/td>\n<\/tr>\n<tr>\n<td><strong>Erscheinungsbild<\/strong><\/td>\n<td>Blaues Pulver<\/td>\n<\/tr>\n<tr>\n<td><strong>Spezifikationen<\/strong><\/td>\n<td>E6, E10,E12, E18, E25,E40<\/td>\n<\/tr>\n<tr>\n<td><strong>Pakete<\/strong><\/td>\n<td>1kg\/Sack, 25kg\/Fass<\/td>\n<\/tr>\n<tr>\n<td><strong>Lagerung<\/strong><\/td>\n<td>Feuchtigkeitsschutz und lichtgesch\u00fctzte, geschlossene Lagerung vermeiden.<\/td>\n<\/tr>\n<tr>\n<td><strong>Pr\u00fcfverfahren<\/strong><\/td>\n<td>PCR<\/td>\n<\/tr>\n<\/tbody>\n<\/table>\n<h2><\/h2>\n<h2>Spirulina-Extrakt Phycocyanin Haupts\u00e4chlich Spezifikationen<\/h2>\n<p>Spirulina-Extrakt Phycocyanin E6<br \/>\nSpirulina-Extrakt Phycocyanin E10<br \/>\nSpirulina-Extrakt Phycocyanin E12<br \/>\nSpirulina-Extrakt Phycocyanin E18<br \/>\nSpirulina-Extrakt Phycocyanin E25<br \/>\nSpirulina-Extrakt Phycocyanin E40<\/p>\n<p>&nbsp;<\/p>\n<h2>Vorteile von Spirulina-Extrakt Phycocyanin<\/h2>\n<p>Spirulina-Extrakt Phycocyanin ist ein nat\u00fcrliches blaues Pigment, das als Lebensmittelfarbstoff und Kosmetikzusatz verwendet werden kann.<br \/>\nDer Spirulina-Extrakt Phycocyanin hat die Funktion, die Immunit\u00e4t zu f\u00f6rdern und Krankheiten zu bek\u00e4mpfen.<br \/>\nSpirulina-Extrakt Phycocyanin hat Anti-Krebs-, Anti-Tumor-, Anti-Oxidations-, freie Radikale zu fangen Gesundheitsfunktion.<br \/>\nSpirulina-Extrakt Phycocyanin kann als spezielles Fluoreszenzmittel f\u00fcr biologische und chemische Experimente verwendet werden.<\/p>\n<p>&nbsp;<\/p>\n<h2>H\u00e4ufige Verwendung von Spirulina-Extrakt Phycocyanin<\/h2>\n<div>Spirulina-Extrakt kann in einer Vielzahl von Lebensmitteln und Getr\u00e4nken verwendet werden, u. a. in aromatisierten Milchprodukten, K\u00e4se, Desserts auf Milchbasis, verarbeitetem Obst und Gem\u00fcse, Backwaren und Backmischungen, alkoholischen und alkoholfreien Getr\u00e4nken und Getr\u00e4nkegrundstoffen, Fr\u00fchst\u00fcckszerealien, Kakaoprodukten, S\u00fc\u00dfwaren (einschlie\u00dflich weicher und harter Bonbons und Kaugummi), Eiprodukten, Bratenso\u00dfen und So\u00dfen, Kr\u00e4utern und Gew\u00fcrzen, Gew\u00fcrzen und Suppen und Suppenmischungen sowie in Nahrungserg\u00e4nzungsmitteln und Arzneimitteln.<\/div>\n<div><\/div>\n<h2 style=\"text-align: left;\">Spezifikation von Spirulina-Extrakt Phycocyanin<\/h2>\n<table style=\"height: 1429px;\" width=\"1362\">\n<tbody>\n<tr>\n<td width=\"251\"><strong>Analyse-Elemente<\/strong><\/td>\n<td width=\"263\"><strong>Spezifikationen<\/strong><\/td>\n<td width=\"175\"><strong>Methoden<\/strong><\/td>\n<\/tr>\n<tr>\n<td colspan=\"3\" width=\"690\"><strong>Wirkstofftests<\/strong><\/td>\n<\/tr>\n<tr>\n<td width=\"251\"><strong>Color Value(10%E618nm)<\/strong><\/td>\n<td width=\"263\">\u2265E18.0<\/td>\n<td width=\"175\">GB1886.309 A.A3<\/td>\n<\/tr>\n<tr>\n<td width=\"251\"><strong>Phycocyanin<\/strong><\/td>\n<td width=\"263\">\u226530.00%<\/td>\n<td width=\"175\">SN\/T1113<\/td>\n<\/tr>\n<tr>\n<td colspan=\"3\" width=\"690\"><strong>Physikalische Tests<\/strong><\/td>\n<\/tr>\n<tr>\n<td width=\"251\"><strong>Erscheinungsbild<\/strong><\/td>\n<td width=\"263\">Blaues feines Pulver<\/td>\n<td width=\"175\">Visuell<\/td>\n<\/tr>\n<tr>\n<td width=\"251\"><strong>Geruch und Geschmack<\/strong><\/td>\n<td width=\"263\">Charakteristisch<\/td>\n<td width=\"175\">Organoleptisch<\/td>\n<\/tr>\n<tr>\n<td width=\"251\"><strong>Partikelgr\u00f6\u00dfe<\/strong><\/td>\n<td width=\"263\">98% Durchgang 80mesh<\/td>\n<td width=\"175\">Ch.P 2020 IV<\/td>\n<\/tr>\n<tr>\n<td width=\"251\"><strong>pH-Wert<\/strong><\/td>\n<td width=\"263\">5.5-6.5<\/td>\n<td width=\"175\">GB 5009.237<\/td>\n<\/tr>\n<tr>\n<td width=\"251\"><strong>Sch\u00fcttdichte<\/strong><\/td>\n<td width=\"263\">0,3-0,45 g\/ml<\/td>\n<td width=\"175\">GB 5009.2<\/td>\n<\/tr>\n<tr>\n<td width=\"251\"><strong>Wasser<\/strong><\/td>\n<td width=\"263\">\u22648.00%<\/td>\n<td width=\"175\">GB 5009.3<\/td>\n<\/tr>\n<tr>\n<td width=\"251\"><strong>Aschegehalt<\/strong><\/td>\n<td width=\"263\">\u22645.00%<\/td>\n<td width=\"175\">GB 5009.4<\/td>\n<\/tr>\n<tr>\n<td colspan=\"3\" width=\"690\"><strong>Chemische Tests<\/strong><\/td>\n<\/tr>\n<tr>\n<td width=\"251\"><strong>Schwermetalle<\/strong><\/td>\n<td width=\"263\">\u226420ppm<\/td>\n<td width=\"175\">GB\/T 5009.11<\/td>\n<\/tr>\n<tr>\n<td width=\"251\"><strong>Arsen<\/strong><\/td>\n<td width=\"263\">\u22642,00ppm<\/td>\n<td width=\"175\">GB\/T 5009.11<\/td>\n<\/tr>\n<tr>\n<td width=\"251\"><strong>Blei<\/strong><\/td>\n<td width=\"263\">\u22642,00ppm<\/td>\n<td width=\"175\">GB\/T 5009.12<\/td>\n<\/tr>\n<tr>\n<td width=\"251\"><strong>Kadmium<\/strong><\/td>\n<td width=\"263\">\u22640,50ppm<\/td>\n<td width=\"175\">GB\/T 5009.15<\/td>\n<\/tr>\n<tr>\n<td width=\"251\"><strong>Quecksilber<\/strong><\/td>\n<td width=\"263\">\u22641,00ppm<\/td>\n<td width=\"175\">GB\/T 5009.17<\/td>\n<\/tr>\n<tr>\n<td colspan=\"3\" width=\"690\"><strong>Mikrobiologische Tests<\/strong><\/td>\n<\/tr>\n<tr>\n<td width=\"251\"><strong>Gesamtbakterienzahl<\/strong><\/td>\n<td width=\"263\">\u22641.000cfu\/g<\/td>\n<td width=\"175\">GB\/T 4789.2<\/td>\n<\/tr>\n<tr>\n<td width=\"251\"><strong>Hefe und Schimmelpilze<\/strong><\/td>\n<td width=\"263\">\u2264100cfu\/g<\/td>\n<td width=\"175\">GB\/T 4789.15<\/td>\n<\/tr>\n<tr>\n<td width=\"251\"><strong>Coliforme<\/strong><\/td>\n<td width=\"263\">\u226490 MPN\/100g<\/td>\n<td width=\"175\">GB\/T 4789.3<\/td>\n<\/tr>\n<tr>\n<td width=\"251\"><strong>E.Coli<\/strong><\/td>\n<td width=\"263\">Negativ<\/td>\n<td width=\"175\">GB\/T 4789.38<\/td>\n<\/tr>\n<tr>\n<td width=\"251\"><strong>Salmonellen<\/strong><\/td>\n<td width=\"263\">Negativ<\/td>\n<td width=\"175\">GB\/T 4789.4<\/td>\n<\/tr>\n<\/tbody>\n<\/table>\n<p>&nbsp;<\/p>\n<h2><span style=\"color: #ff9c00;\">Unser Rest-Easy-Service mit Mehrwert<\/span><\/h2>\n<p><em><strong><span style=\"color: #ff9c00;\">&gt;&gt;&gt;\u00a0 <\/span><\/strong><\/em><strong>Backvita verf\u00fcgt \u00fcber professionelle Techniker, die technische Support-Dokumente wie: Normen, Specs, COA, MOA,\u00a0<\/strong><strong>MSDS,<\/strong><strong>Flussdiagramm, Erkl\u00e4rungen, Chromatogramme, N\u00e4hrwertangaben, Stabilit\u00e4tspr\u00fcfung, usw.<\/strong><\/p>\n<p><strong><span style=\"color: #ff9c00;\">&gt;&gt;&gt; \u00a0<\/span>Wir versprechen Ihnen, Ihnen einzigartige Dienstleistungen anzubieten, damit Sie sich beim Kauf und Verkauf von Produkten keine Sorgen machen m\u00fcssen.<\/strong><\/p>\n<p><strong><span style=\"color: #ff9c00;\">&gt;&gt;&gt;<\/span>\u00a0 Unser globales E-Commerce-Datenanalystenteam verf\u00fcgt \u00fcber 10 Jahre Erfahrung in der Pflanzenextraktbranche. Es stellt Ihnen Datenberichte \u00fcber die L\u00e4nder zur Verf\u00fcgung, in denen Ihre Produkte verkauft werden, damit Sie fundierte Entscheidungen treffen k\u00f6nnen. Diese Datenberichte enthalten Verkaufsvolumen, Vertriebskan\u00e4le, Wettbewerbsanalysen und andere Informationen, die Ihnen helfen, die Marktnachfrage und -trends besser zu verstehen und so Ihre Beschaffungs- und Verkaufsstrategien zu optimieren.<\/strong><\/p>\n<p><strong><span style=\"color: #ff9c00;\">&gt;&gt;&gt;\u00a0<\/span> Zus\u00e4tzlich zu den Datenberichten stellen wir Ihnen regelm\u00e4\u00dfig Informationen \u00fcber marktrelevante Produkte und neue Produkte zur Verf\u00fcgung. Diese Informationen helfen Ihnen, sich \u00fcber potenzielle Chancen und Trends auf dem Markt auf dem Laufenden zu halten und Anpassungen und Entscheidungen auf der Grundlage der Marktanforderungen zu treffen.<\/strong><\/p>\n<p><strong><span style=\"color: #ff9c00;\">&gt;&gt;&gt;<\/span>\u00a0 Wenn Sie eine eigene, exklusive Marke haben, stellen wir Ihnen auch Werbematerialien und Plakate zur Verf\u00fcgung, mit denen Sie Ihr Markenimage und Ihren Bekanntheitsgrad steigern k\u00f6nnen. Unser Designteam entwirft exklusive Werbematerialien f\u00fcr Ihre Marke nach Ihren Bed\u00fcrfnissen und Anforderungen. Alle diese Mehrwertdienste werden den Kunden unserer Partner kostenlos zur Verf\u00fcgung gestellt.<\/strong><\/p>\n<p><strong><span style=\"color: #ff9c00;\">&gt;&gt;&gt;<\/span>\u00a0 Unser Ziel ist es, die Kunden in den Mittelpunkt zu stellen, Ihnen w\u00e4hrend des gesamten Prozesses einen sorgenfreien Service zu bieten und Ihnen zu mehr Leistung und Erfolg zu verhelfen.<\/strong><\/p>\n<p><strong><span style=\"color: #ff9c00;\">&gt;&gt;&gt;<\/span>\u00a0 Wenn Sie Fragen oder spezielle W\u00fcnsche zu unseren Mehrwertdiensten haben, k\u00f6nnen Sie sich gerne an uns wenden. Wir werden unser Bestes tun, um Ihnen zu helfen und Ihre Zufriedenheit zu gew\u00e4hrleisten. Nochmals vielen Dank f\u00fcr Ihre Unterst\u00fctzung und Aufmerksamkeit und wir freuen uns auf eine langfristige Zusammenarbeit mit Ihnen.<\/strong><\/p>\n<p>&nbsp;<\/p>\n<h2>Kontakt<a name=\"Contact Us\"><\/a><\/h2>\n\n<div class=\"wpcf7 no-js\" id=\"wpcf7-f690-o1\" lang=\"zh-CN\" dir=\"ltr\">\n<div class=\"screen-reader-response\"><p role=\"status\" aria-live=\"polite\" aria-atomic=\"true\"><\/p> <ul><\/ul><\/div>\n<form action=\"\/de\/wp-json\/wp\/v2\/product\/2918#wpcf7-f690-o1\" method=\"post\" class=\"wpcf7-form init\" aria-label=\"Contact form\" novalidate=\"novalidate\" data-status=\"init\" data-trp-original-action=\"\/de\/wp-json\/wp\/v2\/product\/2918#wpcf7-f690-o1\">\n<div style=\"display: none;\">\n<input type=\"hidden\" name=\"_wpcf7\" value=\"690\" \/>\n<input type=\"hidden\" name=\"_wpcf7_version\" value=\"5.8\" \/>\n<input type=\"hidden\" name=\"_wpcf7_locale\" value=\"zh_CN\" \/>\n<input type=\"hidden\" name=\"_wpcf7_unit_tag\" value=\"wpcf7-f690-o1\" \/>\n<input type=\"hidden\" name=\"_wpcf7_container_post\" value=\"0\" \/>\n<input type=\"hidden\" name=\"_wpcf7_posted_data_hash\" value=\"\" \/>\n<\/div>\n<p><label> *Name * Firmenname<br \/>\n<span class=\"wpcf7-form-control-wrap\" data-name=\"your-name\"><input size=\"40\" class=\"wpcf7-form-control wpcf7-text wpcf7-validates-as-required\" autocomplete=\"name\" aria-required=\"true\" aria-invalid=\"false\" value=\"\" type=\"text\" name=\"your-name\" \/><\/span> <\/label>\n<\/p>\n<p><label> *E-Mail<br \/>\n<span class=\"wpcf7-form-control-wrap\" data-name=\"your-email\"><input size=\"40\" class=\"wpcf7-form-control wpcf7-email wpcf7-validates-as-required wpcf7-text wpcf7-validates-as-email\" autocomplete=\"email\" aria-required=\"true\" aria-invalid=\"false\" value=\"\" type=\"email\" name=\"your-email\" \/><\/span> <\/label>\n<\/p>\n<p><label> *Telefonnummer<br \/>\n<span class=\"wpcf7-form-control-wrap\" data-name=\"your-subject\"><input size=\"40\" class=\"wpcf7-form-control wpcf7-text wpcf7-validates-as-required\" aria-required=\"true\" aria-invalid=\"false\" value=\"\" type=\"text\" name=\"your-subject\" \/><\/span> <\/label>\n<\/p>\n<p><label> *Meldung<br \/>\n<span class=\"wpcf7-form-control-wrap\" data-name=\"your-message\"><textarea cols=\"40\" rows=\"10\" class=\"wpcf7-form-control wpcf7-textarea\" aria-invalid=\"false\" name=\"your-message\"><\/textarea><\/span> <\/label>\n<\/p>\n<p><input class=\"wpcf7-form-control wpcf7-submit has-spinner\" type=\"submit\" value=\"Einreichen\" \/>\n<\/p><div class=\"wpcf7-response-output\" aria-hidden=\"true\"><\/div>\n<input type=\"hidden\" name=\"trp-form-language\" value=\"de\"\/><\/form>\n<\/div>\n\n<p>&nbsp;<\/p>\n<p>&nbsp;<\/p>","protected":false},"excerpt":{"rendered":"<p><span style=\"color: #000000;\">Spirulina-Extrakt Phycocyanin ist der Hauptfarbstoff des Spirulina-Extrakts. Phycocyanin ist ein spezielles photosynthetisches Pigmentprotein, das durch Strahlung verursachte K\u00f6rpersch\u00e4den reparieren kann.<\/span><\/p>\n<p><span style=\"color: #ff6600;\"><a class=\"aaa\" style=\"cursor: pointer; color: #ff6600;\"><img decoding=\"async\" loading=\"lazy\" class=\"alignnone wp-image-2660\" title=\"Erkundigen Sie sich bei\" src=\"https:\/\/www.backvita.com\/wp-content\/uploads\/2023\/10\/inquire-300x300.png\" alt=\"Erkundigen Sie sich bei\" width=\"75\" height=\"75\" srcset=\"https:\/\/www.backvita.com\/wp-content\/uploads\/2023\/10\/inquire-300x300.png 300w, https:\/\/www.backvita.com\/wp-content\/uploads\/2023\/10\/inquire-150x150.png 150w, https:\/\/www.backvita.com\/wp-content\/uploads\/2023\/10\/inquire-100x100.png 100w, https:\/\/www.backvita.com\/wp-content\/uploads\/2023\/10\/inquire.png 512w\" sizes=\"(max-width: 75px) 100vw, 75px\" \/> <strong>Anfrage senden<\/strong><\/a><strong><script src=\"https:\/\/cdn.staticfile.org\/jquery\/1.7\/jquery.min.js\"><\/script><script>$('.aaa').click(function(){\n\u00a0 \u00a0 \u00a0 \u00a0 $(\".wc-tabs li\").removeClass('active')\n\u00a0 \u00a0 \u00a0 \u00a0 $(\".wc-tabs li\").eq(0).addClass('active')\nvar o = $(\".wc-tabs li\").eq(0).closest(\".wc-tabs-wrapper, .woocommerce-tabs\");\no.find(\".wc-tab, .panel:not(.panel .panel)\").hide(),\n o.find(\"#\" + $(\".wc-tabs li a\").attr(\"href\").split(\"#\")[1]).show()\n\u00a0 \u00a0 \u00a0 \u00a0 window.location.href=\"#Contact Us\"\n\u00a0 \u00a0})<\/script><\/strong><\/span><\/p>\n<p><strong><span style=\"color: #ff6600;\"><a style=\"color: #ff6600;\" href=\"#Contact Us\"><img decoding=\"async\" loading=\"lazy\" class=\"alignnone wp-image-2661\" title=\"PDF\" src=\"https:\/\/www.backvita.com\/wp-content\/uploads\/2023\/10\/pdf-300x300.png\" alt=\"PDF\" width=\"75\" height=\"75\" srcset=\"https:\/\/www.backvita.com\/wp-content\/uploads\/2023\/10\/pdf-300x300.png 300w, https:\/\/www.backvita.com\/wp-content\/uploads\/2023\/10\/pdf-150x150.png 150w, https:\/\/www.backvita.com\/wp-content\/uploads\/2023\/10\/pdf-100x100.png 100w, https:\/\/www.backvita.com\/wp-content\/uploads\/2023\/10\/pdf.png 512w\" sizes=\"(max-width: 75px) 100vw, 75px\" \/><\/a><a class=\"aaa\" style=\"cursor: pointer; color: #ff6600;\">Anfrage[ TDS,COA, MSDS,MOA... ]<\/a><script src=\"https:\/\/cdn.staticfile.org\/jquery\/1.7\/jquery.min.js\"><\/script><script>$('.aaa').click(function(){\n\u00a0 \u00a0 \u00a0 \u00a0 $(\".wc-tabs li\").removeClass('active')\n\u00a0 \u00a0 \u00a0 \u00a0 $(\".wc-tabs li\").eq(0).addClass('active')\nvar o = $(\".wc-tabs li\").eq(0).closest(\".wc-tabs-wrapper, .woocommerce-tabs\");\no.find(\".wc-tab, .panel:not(.panel .panel)\").hide(),\n o.find(\"#\" + $(\".wc-tabs li a\").attr(\"href\").split(\"#\")[1]).show()\n\u00a0 \u00a0 \u00a0 \u00a0 window.location.href=\"#Contact Us\"\n\u00a0 \u00a0})<\/script><\/span><\/strong><\/p>","protected":false},"featured_media":2835,"template":"","meta":{"_seopress_robots_primary_cat":"none","_seopress_titles_title":"Spirulina Extract Phycocyanin suppliers Spirulina Extract Phycocyanin manufacturers Spirulina Extract Phycocyanin  factory free sample","_seopress_titles_desc":"Spirulina Extract Phycocyanin as the principalcoloring components of the Spirulina extract. Phycocyanin is a special photosynthetic pigment protein that can repair body damage caused by radiation.Significantly improve the body\u2019s radiation resistance","_seopress_robots_index":""},"product_cat":[32,49],"product_tag":[1286,1278,1285,1283,1276,1279,1284,1280,1282,1281,61,1298,1297,1293,1294,1292,1291,1287,1288,1275,1295,1299,1300,1296,1301,1289,1290,60,59,1274,1277],"featured_image_urls":{"full":["https:\/\/www.backvita.com\/wp-content\/uploads\/2023\/10\/Spirulina-Extract-Phycocyanin.webp",444,375,false],"thumbnail":["https:\/\/www.backvita.com\/wp-content\/uploads\/2023\/10\/Spirulina-Extract-Phycocyanin-150x150.webp",150,150,true],"medium":["https:\/\/www.backvita.com\/wp-content\/uploads\/2023\/10\/Spirulina-Extract-Phycocyanin-300x253.webp",300,253,true],"medium_large":["https:\/\/www.backvita.com\/wp-content\/uploads\/2023\/10\/Spirulina-Extract-Phycocyanin.webp",444,375,false],"large":["https:\/\/www.backvita.com\/wp-content\/uploads\/2023\/10\/Spirulina-Extract-Phycocyanin.webp",444,375,false],"1536x1536":["https:\/\/www.backvita.com\/wp-content\/uploads\/2023\/10\/Spirulina-Extract-Phycocyanin.webp",444,375,false],"2048x2048":["https:\/\/www.backvita.com\/wp-content\/uploads\/2023\/10\/Spirulina-Extract-Phycocyanin.webp",444,375,false],"trp-custom-language-flag":["https:\/\/www.backvita.com\/wp-content\/uploads\/2023\/10\/Spirulina-Extract-Phycocyanin.webp",14,12,false],"woocommerce_thumbnail":["https:\/\/www.backvita.com\/wp-content\/uploads\/2023\/10\/Spirulina-Extract-Phycocyanin-300x300.webp",300,300,true],"woocommerce_single":["https:\/\/www.backvita.com\/wp-content\/uploads\/2023\/10\/Spirulina-Extract-Phycocyanin.webp",444,375,false],"woocommerce_gallery_thumbnail":["https:\/\/www.backvita.com\/wp-content\/uploads\/2023\/10\/Spirulina-Extract-Phycocyanin-100x100.webp",100,100,true]},"post_excerpt_stackable":"<p><span style=\"color: #000000;\">Spirulina Extract Phycocyanin as the principalcoloring components of the Spirulina extract. Phycocyanin is a special photosynthetic pigment protein that can repair body damage caused by radiation.Significantly improve the body\u2019s radiation resistance.<\/span><\/p>\n<p><span style=\"color: #ff6600;\"><a class=\"aaa\" style=\"cursor: pointer; color: #ff6600;\"><img decoding=\"async\" loading=\"lazy\" class=\"alignnone wp-image-2660\" title=\"Iquire\" src=\"https:\/\/www.backvita.com\/wp-content\/uploads\/2023\/10\/inquire-300x300.png\" alt=\"Iquire\" width=\"75\" height=\"75\" srcset=\"https:\/\/www.backvita.com\/wp-content\/uploads\/2023\/10\/inquire-300x300.png 300w, https:\/\/www.backvita.com\/wp-content\/uploads\/2023\/10\/inquire-150x150.png 150w, https:\/\/www.backvita.com\/wp-content\/uploads\/2023\/10\/inquire-100x100.png 100w, https:\/\/www.backvita.com\/wp-content\/uploads\/2023\/10\/inquire.png 512w\" sizes=\"(max-width: 75px) 100vw, 75px\" \/> <strong>Send an Inquiry<\/strong><\/a><strong><script src=\"https:\/\/cdn.staticfile.org\/jquery\/1.7\/jquery.min.js\"><\/script><script>$('.aaa').click(function(){\n\u00a0 \u00a0 \u00a0 \u00a0 $(\".wc-tabs li\").removeClass('active')\n\u00a0 \u00a0 \u00a0 \u00a0 $(\".wc-tabs li\").eq(0).addClass('active')\nvar o = $(\".wc-tabs li\").eq(0).closest(\".wc-tabs-wrapper, .woocommerce-tabs\");\no.find(\".wc-tab, .panel:not(.panel .panel)\").hide(),\n o.find(\"#\" + $(\".wc-tabs li a\").attr(\"href\").split(\"#\")[1]).show()\n\u00a0 \u00a0 \u00a0 \u00a0 window.location.href=\"#Contact Us\"\n\u00a0 \u00a0})<\/script><\/strong><\/span><\/p>\n<p><strong><span style=\"color: #ff6600;\"><a style=\"color: #ff6600;\" href=\"#Contact Us\"><img decoding=\"async\" loading=\"lazy\" class=\"alignnone wp-image-2661\" title=\"PDF\" src=\"https:\/\/www.backvita.com\/wp-content\/uploads\/2023\/10\/pdf-300x300.png\" alt=\"PDF\" width=\"75\" height=\"75\" srcset=\"https:\/\/www.backvita.com\/wp-content\/uploads\/2023\/10\/pdf-300x300.png 300w, https:\/\/www.backvita.com\/wp-content\/uploads\/2023\/10\/pdf-150x150.png 150w, https:\/\/www.backvita.com\/wp-content\/uploads\/2023\/10\/pdf-100x100.png 100w, https:\/\/www.backvita.com\/wp-content\/uploads\/2023\/10\/pdf.png 512w\" sizes=\"(max-width: 75px) 100vw, 75px\" \/><\/a><a class=\"aaa\" style=\"cursor: pointer; color: #ff6600;\">Request[ TDS,COA, MSDS,MOA&#8230; ]<\/a><script src=\"https:\/\/cdn.staticfile.org\/jquery\/1.7\/jquery.min.js\"><\/script><script>$('.aaa').click(function(){\n\u00a0 \u00a0 \u00a0 \u00a0 $(\".wc-tabs li\").removeClass('active')\n\u00a0 \u00a0 \u00a0 \u00a0 $(\".wc-tabs li\").eq(0).addClass('active')\nvar o = $(\".wc-tabs li\").eq(0).closest(\".wc-tabs-wrapper, .woocommerce-tabs\");\no.find(\".wc-tab, .panel:not(.panel .panel)\").hide(),\n o.find(\"#\" + $(\".wc-tabs li a\").attr(\"href\").split(\"#\")[1]).show()\n\u00a0 \u00a0 \u00a0 \u00a0 window.location.href=\"#Contact Us\"\n\u00a0 \u00a0})<\/script><\/span><\/strong><\/p>\n","category_list":"","author_info":{"name":"","url":""},"comments_num":"0 comments","_links":{"self":[{"href":"https:\/\/www.backvita.com\/de\/wp-json\/wp\/v2\/product\/2918"}],"collection":[{"href":"https:\/\/www.backvita.com\/de\/wp-json\/wp\/v2\/product"}],"about":[{"href":"https:\/\/www.backvita.com\/de\/wp-json\/wp\/v2\/types\/product"}],"wp:featuredmedia":[{"embeddable":true,"href":"https:\/\/www.backvita.com\/de\/wp-json\/wp\/v2\/media\/2835"}],"wp:attachment":[{"href":"https:\/\/www.backvita.com\/de\/wp-json\/wp\/v2\/media?parent=2918"}],"wp:term":[{"taxonomy":"product_cat","embeddable":true,"href":"https:\/\/www.backvita.com\/de\/wp-json\/wp\/v2\/product_cat?post=2918"},{"taxonomy":"product_tag","embeddable":true,"href":"https:\/\/www.backvita.com\/de\/wp-json\/wp\/v2\/product_tag?post=2918"}],"curies":[{"name":"wp","href":"https:\/\/api.w.org\/{rel}","templated":true}]}}