{"id":2919,"date":"2023-11-04T14:51:52","date_gmt":"2023-11-04T06:51:52","guid":{"rendered":"https:\/\/www.backvita.com\/?post_type=product&#038;p=2919"},"modified":"2024-02-07T11:28:47","modified_gmt":"2024-02-07T03:28:47","slug":"black-rice-extract-anthocyanins-suppliersblack-rice-extract-anthocyanins-manufacturers-black-rice-extract-anthocyanins-factory-free-sample","status":"publish","type":"product","link":"https:\/\/www.backvita.com\/de\/product\/schwarzer-reis-extrakt-anthocyane-lieferantenschwarzer-reis-extrakt-anthocyane-herstellerschwarzer-reis-extrakt-anthocyane-fabrik-kostenlose-probe\/","title":{"rendered":"Schwarzer Reis Extrakt Anthocyane LieferantenSchwarzer Reis Extrakt Anthocyane Hersteller Schwarzer Reis Extrakt Anthocyane Fabrik kostenlose Probe"},"content":{"rendered":"<h2>Was sind Anthocyane?<\/h2>\n<p>Anthocyane, auch Anthocyanine genannt, sind Flavonoide und geh\u00f6ren zu den wasserl\u00f6slichen nat\u00fcrlichen Pigmenten, die in Pflanzen weit verbreitet sind. Sie sind weit verbreitet in schwarzem Reis, Heidelbeeren, schwarzen Wolfsbeeren und anderen Pflanzen. Sie sind eine Art von Flavonoiden mit bestimmten ern\u00e4hrungsphysiologischen und pharmakologischen Eigenschaften. Die reinen nat\u00fcrlichen Pflanzenpigmente k\u00f6nnen verschiedenen Krankheiten widerstehen, die durch freie Radikale im menschlichen K\u00f6rper verursacht werden.<\/p>\n<table style=\"height: 217px;\" width=\"1308\">\n<tbody>\n<tr>\n<td width=\"219\"><strong>Produktname<\/strong><\/td>\n<td width=\"466\">Schwarzer-Reis-Extrakt Anthocyane<\/td>\n<\/tr>\n<tr>\n<td><strong>CAS-Nr.<\/strong><\/td>\n<td>7542-45-2<\/td>\n<\/tr>\n<tr>\n<td><strong>Lateinischer Name<\/strong><\/td>\n<td>Oryza sativa<\/td>\n<\/tr>\n<tr>\n<td><strong>Erscheinungsbild<\/strong><\/td>\n<td>Purpurrot<\/td>\n<\/tr>\n<tr>\n<td><strong>Spezifikationen<\/strong><\/td>\n<td>25%<\/td>\n<\/tr>\n<tr>\n<td><strong>Pakete<\/strong><\/td>\n<td>1kg\/Sack, 25kg\/Fass<\/td>\n<\/tr>\n<tr>\n<td><strong>Lagerung<\/strong><\/td>\n<td>Feuchtigkeitsschutz und lichtgesch\u00fctzte, geschlossene Lagerung vermeiden.<\/td>\n<\/tr>\n<tr>\n<td><strong>Pr\u00fcfverfahren<\/strong><\/td>\n<td>HPLC<\/td>\n<\/tr>\n<\/tbody>\n<\/table>\n<h2><\/h2>\n<h2>Vorteile von Anthocyanen aus schwarzem Reis<\/h2>\n<p>Vorteile des Rohmaterials: Schwarzer Reis wird im \"Goldenen Reisg\u00fcrtel der Welt\" angebaut, mit einer Wachstumszeit von 140 Tagen, einer langen Pflanz- und Reifezeit und 2.629 Sonnenstunden pro Jahr, was schwarzen Reis wertvoll und selten macht, daher der Name \"Schwarze Perle des Reises\". Als Nahrungspflanze ist schwarzer Reis leicht zu f\u00f6rdern und anzubauen, hat einen niedrigen Preis, eine gute Vielfalt, einen hohen Gehalt und ist sicherer.<\/p>\n<p>Vorteile des Inhaltsstoffs: Unter den gemeinsamen Strukturen der Anthocyane hat Cyanidin die st\u00e4rksten antioxidativen Eigenschaften. Der Cyanidingehalt in schwarzen Reisanthocyanen betr\u00e4gt bis zu 90,56%, der Cyanidingehalt in violetten S\u00fc\u00dfkartoffelanthocyanen 17,47% und der Cyanidingehalt in Heidelbeeranthocyanen nur 12,27%. Daher haben die Anthocyane aus schwarzem Reis eine st\u00e4rkere physiologische Aktivit\u00e4t und eine h\u00f6here Bioverf\u00fcgbarkeit.<\/p>\n<p>Kulturelle Vorteile: Das \"Compendium of Materia Medica\" berichtet: Schwarzer Reis hat die Wirkung, das Yin und die Nieren zu n\u00e4hren, die Milz zu st\u00e4rken und die Leber zu erw\u00e4rmen, das Sehverm\u00f6gen zu verbessern und den Blutkreislauf zu aktivieren. Er wird als Medizin verwendet und hat eine ausgezeichnete Wirkung bei Schwindel, An\u00e4mie, wei\u00dfem Haar, Augenkrankheiten usw. Der Volksmund nennt ihn \"Feenreis\", \"blutstabilisierender Reis\", \"medizinischer Reis\" und \"Langlebigkeitsreis\". Durch den Einsatz moderner Technologien zur Extraktion und Konzentration der Anthocyane aus schwarzem Reis wird die Wirkung von schwarzem Reis auf die Nieren und die St\u00e4rkung des K\u00f6rpers voll ausgesch\u00f6pft.<\/p>\n<p>&nbsp;<\/p>\n<h2>Merkmale von Anthocyanen<\/h2>\n<p>Schnell und umfassend: Es kann 20 Minuten nach dem Verzehr im Blut nachgewiesen werden und bleibt bis zu 27 Stunden im menschlichen K\u00f6rper. Es kann 100% vom menschlichen K\u00f6rper aufgenommen werden, um \u00fcbersch\u00fcssige freie Radikale schnell und umfassend aus dem menschlichen K\u00f6rper zu entfernen. (Das sogenannte freie Radikal bezieht sich auf eine \u00e4u\u00dfere Schicht mit einem ungepaarten Atom, Molek\u00fcl oder einer Gruppe. Es hat stark oxidierende Eigenschaften und greift Zellen und Gewebe an, indem es Kettenoxidationsreaktionen verursacht. Insbesondere nicht-virale und nicht-bakterielle Krankheiten und degenerative Erkrankungen).<\/p>\n<p>Starke Verst\u00e4rkung von Drogen: Anthocyane wurden Arzneimitteln als Hilfsstoffe f\u00fcr viele neue Medikamente mit besonderer Wirkung zugesetzt. Wenn Patienten sie w\u00e4hrend der Behandlung einnehmen, k\u00f6nnen sie die Wirksamkeit anderer Medikamente verst\u00e4rken.<\/p>\n<p>Hohe Sicherheit: Die Forschung zeigt, dass Anthocyane ungiftig, nicht mutagen, nicht krebserregend, nicht teratogen und nicht allergen sind. Es wurde keine direkte oder indirekte Toxizit\u00e4t festgestellt, Anthocyane sind also sicher. von.<\/p>\n<p>Bemerkenswerte Wirkung: Anthocyane sind die einzigen bisher von Wissenschaftlern entdeckten Antioxidantien, die durch die Blut-Hirn-Schranke in das Nervenzentrum eindringen k\u00f6nnen, und bestimmte Wirkungen k\u00f6nnen 24 Stunden nach dem Verzehr beobachtet werden.<\/p>\n<p>&nbsp;<\/p>\n<h2><strong>Mechanismus von Krankheiten, die direkt durch freie Radikale verursacht werden<\/strong><\/h2>\n<p>Vorzeitige Alterung: Freie Radikale greifen Proteine an und zerst\u00f6ren Enzyme im K\u00f6rper.<\/p>\n<p>Herz-Kreislauf- und zerebrovaskul\u00e4re Erkrankungen: Freie Radikale zerst\u00f6ren Fett und verursachen Lipidperoxidation, was zu Atherosklerose f\u00fchrt.<\/p>\n<p>Grauer Star (Katarakt): Freie Radikale verursachen Sch\u00e4den am Linsengewebe.<\/p>\n<p>An\u00e4mie: Freie Radikale greifen das H\u00e4moglobin an, wodurch es ausf\u00e4llt und sich an die Membran bindet, wodurch die Br\u00fcchigkeit der roten Blutk\u00f6rperchen zunimmt.<\/p>\n<p>Diabetes: Freie Radikale f\u00f6rdern die Produktion von Alloxan und greifen die Betazellen der Bauchspeicheldr\u00fcse an, die Insulin produzieren, was zu Diabetes f\u00fchrt.<\/p>\n<p>Geringe Immunit\u00e4t: Freie Radikale oxidieren Ribose, zerst\u00f6ren die Polysaccharidstruktur der Zellmembran und beeintr\u00e4chtigen die Immunfunktion der Zellen.<\/p>\n<p>Alzheimer-Krankheit: Freie Radikale sch\u00e4digen die Gehirnzellen und das Nervensystem und verursachen eine Atrophie der Gro\u00dfhirnrinde.<\/p>\n<p>Arthritis: Freie Radikale zerst\u00f6ren Kohlenhydrate und bauen Hyalurons\u00e4ure im K\u00f6rper ab.<\/p>\n<p>&nbsp;<\/p>\n<h2><span style=\"color: #ff9c00;\">Unser Rest-Easy-Service mit Mehrwert<\/span><\/h2>\n<p><em><strong><span style=\"color: #ff9c00;\">&gt;&gt;&gt;\u00a0 <\/span><\/strong><\/em><strong>Backvita verf\u00fcgt \u00fcber professionelle Techniker, die technische Support-Dokumente wie: Normen, Specs, COA, MOA,\u00a0<\/strong><strong>MSDS,<\/strong><strong>Flussdiagramm, Erkl\u00e4rungen, Chromatogramme, N\u00e4hrwertangaben, Stabilit\u00e4tspr\u00fcfung, usw.<\/strong><\/p>\n<p><strong><span style=\"color: #ff9c00;\">&gt;&gt;&gt; \u00a0<\/span>Wir versprechen Ihnen, Ihnen einzigartige Dienstleistungen anzubieten, damit Sie sich beim Kauf und Verkauf von Produkten keine Sorgen machen m\u00fcssen.<\/strong><\/p>\n<p><strong><span style=\"color: #ff9c00;\">&gt;&gt;&gt;<\/span>\u00a0 Unser globales E-Commerce-Datenanalystenteam verf\u00fcgt \u00fcber 10 Jahre Erfahrung in der Pflanzenextraktbranche. Es stellt Ihnen Datenberichte \u00fcber die L\u00e4nder zur Verf\u00fcgung, in denen Ihre Produkte verkauft werden, damit Sie fundierte Entscheidungen treffen k\u00f6nnen. Diese Datenberichte enthalten Verkaufsvolumen, Vertriebskan\u00e4le, Wettbewerbsanalysen und andere Informationen, die Ihnen helfen, die Marktnachfrage und -trends besser zu verstehen und so Ihre Beschaffungs- und Verkaufsstrategien zu optimieren.<\/strong><\/p>\n<p><strong><span style=\"color: #ff9c00;\">&gt;&gt;&gt;\u00a0<\/span> Zus\u00e4tzlich zu den Datenberichten stellen wir Ihnen regelm\u00e4\u00dfig Informationen \u00fcber marktrelevante Produkte und neue Produkte zur Verf\u00fcgung. Diese Informationen helfen Ihnen, sich \u00fcber potenzielle Chancen und Trends auf dem Markt auf dem Laufenden zu halten und Anpassungen und Entscheidungen auf der Grundlage der Marktanforderungen zu treffen.<\/strong><\/p>\n<p><strong><span style=\"color: #ff9c00;\">&gt;&gt;&gt;<\/span>\u00a0 Wenn Sie eine eigene, exklusive Marke haben, stellen wir Ihnen auch Werbematerialien und Plakate zur Verf\u00fcgung, mit denen Sie Ihr Markenimage und Ihren Bekanntheitsgrad steigern k\u00f6nnen. Unser Designteam entwirft exklusive Werbematerialien f\u00fcr Ihre Marke nach Ihren Bed\u00fcrfnissen und Anforderungen. Alle diese Mehrwertdienste werden den Kunden unserer Partner kostenlos zur Verf\u00fcgung gestellt.<\/strong><\/p>\n<p><strong><span style=\"color: #ff9c00;\">&gt;&gt;&gt;<\/span>\u00a0 Unser Ziel ist es, die Kunden in den Mittelpunkt zu stellen, Ihnen w\u00e4hrend des gesamten Prozesses einen sorgenfreien Service zu bieten und Ihnen zu mehr Leistung und Erfolg zu verhelfen.<\/strong><\/p>\n<p><strong><span style=\"color: #ff9c00;\">&gt;&gt;&gt;<\/span>\u00a0 Wenn Sie Fragen oder spezielle W\u00fcnsche zu unseren Mehrwertdiensten haben, k\u00f6nnen Sie sich gerne an uns wenden. Wir werden unser Bestes tun, um Ihnen zu helfen und Ihre Zufriedenheit zu gew\u00e4hrleisten. Nochmals vielen Dank f\u00fcr Ihre Unterst\u00fctzung und Aufmerksamkeit und wir freuen uns auf eine langfristige Zusammenarbeit mit Ihnen.<\/strong><\/p>\n<p>&nbsp;<\/p>\n<h2>Kontakt<a name=\"Contact Us\"><\/a><\/h2>\n\n<div class=\"wpcf7 no-js\" id=\"wpcf7-f690-o1\" lang=\"zh-CN\" dir=\"ltr\">\n<div class=\"screen-reader-response\"><p role=\"status\" aria-live=\"polite\" aria-atomic=\"true\"><\/p> <ul><\/ul><\/div>\n<form action=\"\/de\/wp-json\/wp\/v2\/product\/2919#wpcf7-f690-o1\" method=\"post\" class=\"wpcf7-form init\" aria-label=\"Contact form\" novalidate=\"novalidate\" data-status=\"init\" data-trp-original-action=\"\/de\/wp-json\/wp\/v2\/product\/2919#wpcf7-f690-o1\">\n<div style=\"display: none;\">\n<input type=\"hidden\" name=\"_wpcf7\" value=\"690\" \/>\n<input type=\"hidden\" name=\"_wpcf7_version\" value=\"5.8\" \/>\n<input type=\"hidden\" name=\"_wpcf7_locale\" value=\"zh_CN\" \/>\n<input type=\"hidden\" name=\"_wpcf7_unit_tag\" value=\"wpcf7-f690-o1\" \/>\n<input type=\"hidden\" name=\"_wpcf7_container_post\" value=\"0\" \/>\n<input type=\"hidden\" name=\"_wpcf7_posted_data_hash\" value=\"\" \/>\n<\/div>\n<p><label> *Name * Firmenname<br \/>\n<span class=\"wpcf7-form-control-wrap\" data-name=\"your-name\"><input size=\"40\" class=\"wpcf7-form-control wpcf7-text wpcf7-validates-as-required\" autocomplete=\"name\" aria-required=\"true\" aria-invalid=\"false\" value=\"\" type=\"text\" name=\"your-name\" \/><\/span> <\/label>\n<\/p>\n<p><label> *E-Mail<br \/>\n<span class=\"wpcf7-form-control-wrap\" data-name=\"your-email\"><input size=\"40\" class=\"wpcf7-form-control wpcf7-email wpcf7-validates-as-required wpcf7-text wpcf7-validates-as-email\" autocomplete=\"email\" aria-required=\"true\" aria-invalid=\"false\" value=\"\" type=\"email\" name=\"your-email\" \/><\/span> <\/label>\n<\/p>\n<p><label> *Telefonnummer<br \/>\n<span class=\"wpcf7-form-control-wrap\" data-name=\"your-subject\"><input size=\"40\" class=\"wpcf7-form-control wpcf7-text wpcf7-validates-as-required\" aria-required=\"true\" aria-invalid=\"false\" value=\"\" type=\"text\" name=\"your-subject\" \/><\/span> <\/label>\n<\/p>\n<p><label> *Meldung<br \/>\n<span class=\"wpcf7-form-control-wrap\" data-name=\"your-message\"><textarea cols=\"40\" rows=\"10\" class=\"wpcf7-form-control wpcf7-textarea\" aria-invalid=\"false\" name=\"your-message\"><\/textarea><\/span> <\/label>\n<\/p>\n<p><input class=\"wpcf7-form-control wpcf7-submit has-spinner\" type=\"submit\" value=\"Einreichen\" \/>\n<\/p><div class=\"wpcf7-response-output\" aria-hidden=\"true\"><\/div>\n<input type=\"hidden\" name=\"trp-form-language\" value=\"de\"\/><\/form>\n<\/div>\n\n<p>&nbsp;<\/p>","protected":false},"excerpt":{"rendered":"<p><span style=\"color: #000000;\">Das \"Kompendium der Materia Medica\" berichtet: Schwarzer Reis hat die Wirkung, das Yin und die Nieren zu n\u00e4hren, die Milz zu st\u00e4rken und die Leber zu erw\u00e4rmen, das Sehverm\u00f6gen zu verbessern und den Blutkreislauf zu aktivieren. Er wird als Medizin verwendet und hat eine ausgezeichnete Wirkung bei Schwindel, An\u00e4mie, wei\u00dfem Haar, Augenkrankheiten usw. Der Volksmund nennt ihn \"Feenreis\", \"blutstabilisierender Reis\", \"medizinischer Reis\" und \"Langlebigkeitsreis\". Durch den Einsatz moderner Technologien zur Extraktion und Konzentration der Anthocyane aus schwarzem Reis wird die Wirkung von schwarzem Reis auf die Nieren und die St\u00e4rkung des K\u00f6rpers voll ausgesch\u00f6pft.<\/span><\/p>\n<p><span style=\"color: #ff6600;\"><a class=\"aaa\" style=\"cursor: pointer; color: #ff6600;\"><img decoding=\"async\" loading=\"lazy\" class=\"alignnone wp-image-2660\" title=\"Erkundigen Sie sich bei\" src=\"https:\/\/www.backvita.com\/wp-content\/uploads\/2023\/10\/inquire-300x300.png\" alt=\"Erkundigen Sie sich bei\" width=\"75\" height=\"75\" srcset=\"https:\/\/www.backvita.com\/wp-content\/uploads\/2023\/10\/inquire-300x300.png 300w, https:\/\/www.backvita.com\/wp-content\/uploads\/2023\/10\/inquire-150x150.png 150w, https:\/\/www.backvita.com\/wp-content\/uploads\/2023\/10\/inquire-100x100.png 100w, https:\/\/www.backvita.com\/wp-content\/uploads\/2023\/10\/inquire.png 512w\" sizes=\"(max-width: 75px) 100vw, 75px\" \/> <strong>Anfrage senden<\/strong><\/a><strong><script src=\"https:\/\/cdn.staticfile.org\/jquery\/1.7\/jquery.min.js\"><\/script><script>$('.aaa').click(function(){\n\u00a0 \u00a0 \u00a0 \u00a0 $(\".wc-tabs li\").removeClass('active')\n\u00a0 \u00a0 \u00a0 \u00a0 $(\".wc-tabs li\").eq(0).addClass('active')\nvar o = $(\".wc-tabs li\").eq(0).closest(\".wc-tabs-wrapper, .woocommerce-tabs\");\no.find(\".wc-tab, .panel:not(.panel .panel)\").hide(),\n o.find(\"#\" + $(\".wc-tabs li a\").attr(\"href\").split(\"#\")[1]).show()\n\u00a0 \u00a0 \u00a0 \u00a0 window.location.href=\"#Contact Us\"\n\u00a0 \u00a0})<\/script><\/strong><\/span><\/p>\n<p><strong><span style=\"color: #ff6600;\"><a style=\"color: #ff6600;\" href=\"#Contact Us\"><img decoding=\"async\" loading=\"lazy\" class=\"alignnone wp-image-2661\" title=\"PDF\" src=\"https:\/\/www.backvita.com\/wp-content\/uploads\/2023\/10\/pdf-300x300.png\" alt=\"PDF\" width=\"75\" height=\"75\" srcset=\"https:\/\/www.backvita.com\/wp-content\/uploads\/2023\/10\/pdf-300x300.png 300w, https:\/\/www.backvita.com\/wp-content\/uploads\/2023\/10\/pdf-150x150.png 150w, https:\/\/www.backvita.com\/wp-content\/uploads\/2023\/10\/pdf-100x100.png 100w, https:\/\/www.backvita.com\/wp-content\/uploads\/2023\/10\/pdf.png 512w\" sizes=\"(max-width: 75px) 100vw, 75px\" \/><\/a><a class=\"aaa\" style=\"cursor: pointer; color: #ff6600;\">Anfrage[ TDS,COA, MSDS,MOA... ]<\/a><script src=\"https:\/\/cdn.staticfile.org\/jquery\/1.7\/jquery.min.js\"><\/script><script>$('.aaa').click(function(){\n\u00a0 \u00a0 \u00a0 \u00a0 $(\".wc-tabs li\").removeClass('active')\n\u00a0 \u00a0 \u00a0 \u00a0 $(\".wc-tabs li\").eq(0).addClass('active')\nvar o = $(\".wc-tabs li\").eq(0).closest(\".wc-tabs-wrapper, .woocommerce-tabs\");\no.find(\".wc-tab, .panel:not(.panel .panel)\").hide(),\n o.find(\"#\" + $(\".wc-tabs li a\").attr(\"href\").split(\"#\")[1]).show()\n\u00a0 \u00a0 \u00a0 \u00a0 window.location.href=\"#Contact Us\"\n\u00a0 \u00a0})<\/script><\/span><\/strong><\/p>","protected":false},"featured_media":2828,"template":"","meta":{"_seopress_robots_primary_cat":"none","_seopress_titles_title":"Black Rice Extract Anthocyanins suppliersBlack Rice Extract Anthocyanins  manufacturers Black Rice Extract Anthocyanins  factory free sample","_seopress_titles_desc":"black rice anthocyanins have stronger physiological activity and higher bioavailability.","_seopress_robots_index":""},"product_cat":[32,48],"product_tag":[1147,1171,1170,1166,1167,1165,1164,1160,1161,1148,1168,1172,1173,1169,1174,1162,1163,1159,1151,1175,1176,1158,1156,1149,1152,1157,1153,1155,1154,1150],"featured_image_urls":{"full":["https:\/\/www.backvita.com\/wp-content\/uploads\/2023\/10\/Black-Rice-Extract-anthocyanins.webp",442,398,false],"thumbnail":["https:\/\/www.backvita.com\/wp-content\/uploads\/2023\/10\/Black-Rice-Extract-anthocyanins-150x150.webp",150,150,true],"medium":["https:\/\/www.backvita.com\/wp-content\/uploads\/2023\/10\/Black-Rice-Extract-anthocyanins-300x270.webp",300,270,true],"medium_large":["https:\/\/www.backvita.com\/wp-content\/uploads\/2023\/10\/Black-Rice-Extract-anthocyanins.webp",442,398,false],"large":["https:\/\/www.backvita.com\/wp-content\/uploads\/2023\/10\/Black-Rice-Extract-anthocyanins.webp",442,398,false],"1536x1536":["https:\/\/www.backvita.com\/wp-content\/uploads\/2023\/10\/Black-Rice-Extract-anthocyanins.webp",442,398,false],"2048x2048":["https:\/\/www.backvita.com\/wp-content\/uploads\/2023\/10\/Black-Rice-Extract-anthocyanins.webp",442,398,false],"trp-custom-language-flag":["https:\/\/www.backvita.com\/wp-content\/uploads\/2023\/10\/Black-Rice-Extract-anthocyanins.webp",13,12,false],"woocommerce_thumbnail":["https:\/\/www.backvita.com\/wp-content\/uploads\/2023\/10\/Black-Rice-Extract-anthocyanins-300x300.webp",300,300,true],"woocommerce_single":["https:\/\/www.backvita.com\/wp-content\/uploads\/2023\/10\/Black-Rice-Extract-anthocyanins.webp",442,398,false],"woocommerce_gallery_thumbnail":["https:\/\/www.backvita.com\/wp-content\/uploads\/2023\/10\/Black-Rice-Extract-anthocyanins-100x100.webp",100,100,true]},"post_excerpt_stackable":"<p><span style=\"color: #000000;\">&#8220;Compendium of Materia Medica&#8221; records: Black rice has the effects of nourishing yin and nourishing the kidneys, strengthening the spleen and warming the liver, improving eyesight and activating blood circulation. It is used as medicine and has excellent effects on dizziness, anemia, white hair, eye diseases, etc. Folks call it &#8220;fairy rice&#8221;, &#8220;blood-tonifying rice&#8221;, &#8220;medicinal rice&#8221; and &#8220;longevity rice&#8221;. Using modern technology to extract and concentrate the anthocyanins from black rice, the effect of black rice on nourishing the kidneys and strengthening the body is fully exerted.<\/span><\/p>\n<p><span style=\"color: #ff6600;\"><a class=\"aaa\" style=\"cursor: pointer; color: #ff6600;\"><img decoding=\"async\" loading=\"lazy\" class=\"alignnone wp-image-2660\" title=\"Iquire\" src=\"https:\/\/www.backvita.com\/wp-content\/uploads\/2023\/10\/inquire-300x300.png\" alt=\"Iquire\" width=\"75\" height=\"75\" srcset=\"https:\/\/www.backvita.com\/wp-content\/uploads\/2023\/10\/inquire-300x300.png 300w, https:\/\/www.backvita.com\/wp-content\/uploads\/2023\/10\/inquire-150x150.png 150w, https:\/\/www.backvita.com\/wp-content\/uploads\/2023\/10\/inquire-100x100.png 100w, https:\/\/www.backvita.com\/wp-content\/uploads\/2023\/10\/inquire.png 512w\" sizes=\"(max-width: 75px) 100vw, 75px\" \/> <strong>Send an Inquiry<\/strong><\/a><strong><script src=\"https:\/\/cdn.staticfile.org\/jquery\/1.7\/jquery.min.js\"><\/script><script>$('.aaa').click(function(){\n\u00a0 \u00a0 \u00a0 \u00a0 $(\".wc-tabs li\").removeClass('active')\n\u00a0 \u00a0 \u00a0 \u00a0 $(\".wc-tabs li\").eq(0).addClass('active')\nvar o = $(\".wc-tabs li\").eq(0).closest(\".wc-tabs-wrapper, .woocommerce-tabs\");\no.find(\".wc-tab, .panel:not(.panel .panel)\").hide(),\n o.find(\"#\" + $(\".wc-tabs li a\").attr(\"href\").split(\"#\")[1]).show()\n\u00a0 \u00a0 \u00a0 \u00a0 window.location.href=\"#Contact Us\"\n\u00a0 \u00a0})<\/script><\/strong><\/span><\/p>\n<p><strong><span style=\"color: #ff6600;\"><a style=\"color: #ff6600;\" href=\"#Contact Us\"><img decoding=\"async\" loading=\"lazy\" class=\"alignnone wp-image-2661\" title=\"PDF\" src=\"https:\/\/www.backvita.com\/wp-content\/uploads\/2023\/10\/pdf-300x300.png\" alt=\"PDF\" width=\"75\" height=\"75\" srcset=\"https:\/\/www.backvita.com\/wp-content\/uploads\/2023\/10\/pdf-300x300.png 300w, https:\/\/www.backvita.com\/wp-content\/uploads\/2023\/10\/pdf-150x150.png 150w, https:\/\/www.backvita.com\/wp-content\/uploads\/2023\/10\/pdf-100x100.png 100w, https:\/\/www.backvita.com\/wp-content\/uploads\/2023\/10\/pdf.png 512w\" sizes=\"(max-width: 75px) 100vw, 75px\" \/><\/a><a class=\"aaa\" style=\"cursor: pointer; color: #ff6600;\">Request[ TDS,COA, MSDS,MOA&#8230; ]<\/a><script src=\"https:\/\/cdn.staticfile.org\/jquery\/1.7\/jquery.min.js\"><\/script><script>$('.aaa').click(function(){\n\u00a0 \u00a0 \u00a0 \u00a0 $(\".wc-tabs li\").removeClass('active')\n\u00a0 \u00a0 \u00a0 \u00a0 $(\".wc-tabs li\").eq(0).addClass('active')\nvar o = $(\".wc-tabs li\").eq(0).closest(\".wc-tabs-wrapper, .woocommerce-tabs\");\no.find(\".wc-tab, .panel:not(.panel .panel)\").hide(),\n o.find(\"#\" + $(\".wc-tabs li a\").attr(\"href\").split(\"#\")[1]).show()\n\u00a0 \u00a0 \u00a0 \u00a0 window.location.href=\"#Contact Us\"\n\u00a0 \u00a0})<\/script><\/span><\/strong><\/p>\n","category_list":"","author_info":{"name":"","url":""},"comments_num":"0 comments","_links":{"self":[{"href":"https:\/\/www.backvita.com\/de\/wp-json\/wp\/v2\/product\/2919"}],"collection":[{"href":"https:\/\/www.backvita.com\/de\/wp-json\/wp\/v2\/product"}],"about":[{"href":"https:\/\/www.backvita.com\/de\/wp-json\/wp\/v2\/types\/product"}],"wp:featuredmedia":[{"embeddable":true,"href":"https:\/\/www.backvita.com\/de\/wp-json\/wp\/v2\/media\/2828"}],"wp:attachment":[{"href":"https:\/\/www.backvita.com\/de\/wp-json\/wp\/v2\/media?parent=2919"}],"wp:term":[{"taxonomy":"product_cat","embeddable":true,"href":"https:\/\/www.backvita.com\/de\/wp-json\/wp\/v2\/product_cat?post=2919"},{"taxonomy":"product_tag","embeddable":true,"href":"https:\/\/www.backvita.com\/de\/wp-json\/wp\/v2\/product_tag?post=2919"}],"curies":[{"name":"wp","href":"https:\/\/api.w.org\/{rel}","templated":true}]}}