{"id":2920,"date":"2023-11-04T14:52:37","date_gmt":"2023-11-04T06:52:37","guid":{"rendered":"https:\/\/www.backvita.com\/?post_type=product&#038;p=2920"},"modified":"2024-02-07T11:27:49","modified_gmt":"2024-02-07T03:27:49","slug":"mulberry-extract-anthocyanins-suppliers-mulberry-extract-anthocyanins-manufacturers-mulberry-extract-anthocyanins-factory-free-sample","status":"publish","type":"product","link":"https:\/\/www.backvita.com\/de\/product\/maulbeere-extrakt-anthocyane-lieferanten-maulbeere-extrakt-anthocyane-hersteller-maulbeere-extrakt-anthocyane-fabrik-kostenlose-probe\/","title":{"rendered":"Maulbeerextrakt Anthocyane Lieferanten Maulbeerextrakt Anthocyane Hersteller Maulbeerextrakt Anthocyane Fabrik kostenlose Probe"},"content":{"rendered":"<h2>Beschreibung von Maulbeerextrakt Anthocyanen<\/h2>\n<p>Anthocyane bieten eine Vielzahl von Vorteilen f\u00fcr den menschlichen K\u00f6rper. Grunds\u00e4tzlich sind Anthocyane starke Antioxidantien, die den K\u00f6rper vor Sch\u00e4den durch sch\u00e4dliche Substanzen, sogenannte freie Radikale, sch\u00fctzen. Die F\u00e4higkeit der Anthocyane, freie Radikale zu fangen, ist 50-mal h\u00f6her als die von Vitamin E und 20-mal h\u00f6her als die von Vitamin C. Anthocyane k\u00f6nnen vom menschlichen K\u00f6rper 100% aufgenommen werden. Sie sind bereits 20 Minuten nach der Einnahme im Blut nachweisbar und verbleiben lange Zeit im K\u00f6rper. Bis zu 27 Stunden. Im Gegensatz zu anderen Antioxidantien haben Anthocyane die F\u00e4higkeit, die Blut-Hirn-Schranke zu \u00fcberwinden und das zentrale Nervensystem des Gehirns direkt zu sch\u00fctzen. Anthocyane k\u00f6nnen auch die Elastizit\u00e4t der Blutgef\u00e4\u00dfe erh\u00f6hen, das Kreislaufsystem und die Hautgl\u00e4tte verbessern, Entz\u00fcndungen und Allergien hemmen und die Gelenkbeweglichkeit verbessern.<\/p>\n<p>Anthocyane sind Anthocyane ohne Zuckergruppen. Die wichtigsten bioaktiven Komponenten in Maulbeeren sind Anthocyane, einschlie\u00dflich Anthocyane.<\/p>\n<table style=\"height: 252px;\" width=\"1333\">\n<tbody>\n<tr>\n<td width=\"219\"><strong>Produktname<\/strong><\/td>\n<td width=\"466\">Maulbeerextrakt<\/td>\n<\/tr>\n<tr>\n<td><strong>CAS-Nr.<\/strong><\/td>\n<td>84082-34-8<\/td>\n<\/tr>\n<tr>\n<td><strong>Lateinischer Name<\/strong><\/td>\n<td>Morus alba L<\/td>\n<\/tr>\n<tr>\n<td><strong>Erscheinungsbild<\/strong><\/td>\n<td>Violettes Schwarzpulver<\/td>\n<\/tr>\n<tr>\n<td><strong>Spezifikationen<\/strong><\/td>\n<td>25% UV<\/td>\n<\/tr>\n<tr>\n<td><strong>Pakete<\/strong><\/td>\n<td>1kg\/Sack, 25kg\/Fass<\/td>\n<\/tr>\n<tr>\n<td><strong>Lagerung<\/strong><\/td>\n<td>Feuchtigkeitsschutz und lichtgesch\u00fctzte, geschlossene Lagerung vermeiden.<\/td>\n<\/tr>\n<tr>\n<td><strong>Pr\u00fcfverfahren<\/strong><\/td>\n<td>\u00a0UV<\/td>\n<\/tr>\n<\/tbody>\n<\/table>\n<h2><\/h2>\n<h2>Wirkungen von Maulbeerextrakt Anthocyanen<\/h2>\n<p>Hilft bei der Vorbeugung einer Vielzahl von Krankheiten, die durch freie Radikale verursacht werden, wie Krebs, Herzkrankheiten, vorzeitige Alterung und Arthritis;<\/p>\n<p>Verringern Sie das Auftreten von Herzerkrankungen und Schlaganf\u00e4llen, indem Sie die durch das Rauchen verursachte Stressreaktion und Thrombozytenaggregation verhindern;<\/p>\n<p>Die F\u00e4higkeit des Immunsystems, sich gegen Karzinogene zu wehren, wird gest\u00e4rkt;<\/p>\n<p>Reduzieren Sie die H\u00e4ufigkeit und Dauer von Erk\u00e4ltungen;<\/p>\n<p>Es hat eine Antimutationsfunktion und reduziert die Bildung von Karzinogenen;<\/p>\n<p>Hat entz\u00fcndungshemmende Eigenschaften und beugt so Entz\u00fcndungen wie Arthritis und Schwellungen vor;<\/p>\n<p>Linderung von Heuschnupfen und anderen Allergien;<\/p>\n<p>Verbessert die Elastizit\u00e4t der Arterien, Venen und Kapillaren;<\/p>\n<p>Sie sch\u00fctzen die Innenwand der Arterien;<\/p>\n<p>Erhaltung der normalen Flexibilit\u00e4t der Blutzellen, damit die roten Blutk\u00f6rperchen die kleinen Kapillaren passieren k\u00f6nnen, wodurch die Blutzirkulation im ganzen K\u00f6rper verbessert wird, was den Organen und Systemen in allen Teilen des K\u00f6rpers direkt zugute kommt und die Vitalit\u00e4t der Zellen erh\u00f6ht;<\/p>\n<p>Entspannt die Blutgef\u00e4\u00dfe, f\u00f6rdert den Blutfluss und beugt Bluthochdruck vor (blutdrucksenkende Wirkung);<\/p>\n<p>Sie verhindern den Anstieg des Blutdrucks, der durch das von den Nieren freigesetzte Angiotensin-konvertierende Enzym verursacht wird (eine weitere blutdrucksenkende Wirkung);<\/p>\n<p>Wirkt als Barriere zum Schutz der Gehirnzellen, verhindert die Bildung von Amyloid-Beta-Protein, Glutamat-Toxizit\u00e4t und den Angriff freier Radikale und beugt so der Alzheimer-Krankheit vor;<\/p>\n<p>Durch die Hemmung von Elastase und Kollagenase wird die Haut glatt und elastisch und beugt Hautsch\u00e4den vor, die durch \u00fcberm\u00e4\u00dfige Sonneneinstrahlung von innen und au\u00dfen verursacht werden.<\/p>\n<p>&nbsp;<\/p>\n<h2><span style=\"color: #ff9c00;\">Unser Rest-Easy-Service mit Mehrwert<\/span><\/h2>\n<p><em><strong><span style=\"color: #ff9c00;\">&gt;&gt;&gt;\u00a0 <\/span><\/strong><\/em><strong>Backvita verf\u00fcgt \u00fcber professionelle Techniker, die technische Support-Dokumente wie: Normen, Specs, COA, MOA,\u00a0<\/strong><strong>MSDS,<\/strong><strong>Flussdiagramm, Erkl\u00e4rungen, Chromatogramme, N\u00e4hrwertangaben, Stabilit\u00e4tspr\u00fcfung, usw.<\/strong><\/p>\n<p><strong><span style=\"color: #ff9c00;\">&gt;&gt;&gt; \u00a0<\/span>Wir versprechen Ihnen, Ihnen einzigartige Dienstleistungen anzubieten, damit Sie sich beim Kauf und Verkauf von Produkten keine Sorgen machen m\u00fcssen.<\/strong><\/p>\n<p><strong><span style=\"color: #ff9c00;\">&gt;&gt;&gt;<\/span>\u00a0 Unser globales E-Commerce-Datenanalystenteam verf\u00fcgt \u00fcber 10 Jahre Erfahrung in der Pflanzenextraktbranche. Es stellt Ihnen Datenberichte \u00fcber die L\u00e4nder zur Verf\u00fcgung, in denen Ihre Produkte verkauft werden, damit Sie fundierte Entscheidungen treffen k\u00f6nnen. Diese Datenberichte enthalten Verkaufsvolumen, Vertriebskan\u00e4le, Wettbewerbsanalysen und andere Informationen, die Ihnen helfen, die Marktnachfrage und -trends besser zu verstehen und so Ihre Beschaffungs- und Verkaufsstrategien zu optimieren.<\/strong><\/p>\n<p><strong><span style=\"color: #ff9c00;\">&gt;&gt;&gt;\u00a0<\/span> Zus\u00e4tzlich zu den Datenberichten stellen wir Ihnen regelm\u00e4\u00dfig Informationen \u00fcber marktrelevante Produkte und neue Produkte zur Verf\u00fcgung. Diese Informationen helfen Ihnen, sich \u00fcber potenzielle Chancen und Trends auf dem Markt auf dem Laufenden zu halten und Anpassungen und Entscheidungen auf der Grundlage der Marktanforderungen zu treffen.<\/strong><\/p>\n<p><strong><span style=\"color: #ff9c00;\">&gt;&gt;&gt;<\/span>\u00a0 Wenn Sie eine eigene, exklusive Marke haben, stellen wir Ihnen auch Werbematerialien und Plakate zur Verf\u00fcgung, mit denen Sie Ihr Markenimage und Ihren Bekanntheitsgrad steigern k\u00f6nnen. Unser Designteam entwirft exklusive Werbematerialien f\u00fcr Ihre Marke nach Ihren Bed\u00fcrfnissen und Anforderungen. Alle diese Mehrwertdienste werden den Kunden unserer Partner kostenlos zur Verf\u00fcgung gestellt.<\/strong><\/p>\n<p><strong><span style=\"color: #ff9c00;\">&gt;&gt;&gt;<\/span>\u00a0 Unser Ziel ist es, die Kunden in den Mittelpunkt zu stellen, Ihnen w\u00e4hrend des gesamten Prozesses einen sorgenfreien Service zu bieten und Ihnen zu mehr Leistung und Erfolg zu verhelfen.<\/strong><\/p>\n<p><strong><span style=\"color: #ff9c00;\">&gt;&gt;&gt;<\/span>\u00a0 Wenn Sie Fragen oder spezielle W\u00fcnsche zu unseren Mehrwertdiensten haben, k\u00f6nnen Sie sich gerne an uns wenden. Wir werden unser Bestes tun, um Ihnen zu helfen und Ihre Zufriedenheit zu gew\u00e4hrleisten. Nochmals vielen Dank f\u00fcr Ihre Unterst\u00fctzung und Aufmerksamkeit und wir freuen uns auf eine langfristige Zusammenarbeit mit Ihnen.<\/strong><\/p>\n<p>&nbsp;<\/p>\n<h2>Kontakt<a name=\"Contact Us\"><\/a><\/h2>\n\n<div class=\"wpcf7 no-js\" id=\"wpcf7-f690-o1\" lang=\"zh-CN\" dir=\"ltr\">\n<div class=\"screen-reader-response\"><p role=\"status\" aria-live=\"polite\" aria-atomic=\"true\"><\/p> <ul><\/ul><\/div>\n<form action=\"\/de\/wp-json\/wp\/v2\/product\/2920#wpcf7-f690-o1\" method=\"post\" class=\"wpcf7-form init\" aria-label=\"Contact form\" novalidate=\"novalidate\" data-status=\"init\" data-trp-original-action=\"\/de\/wp-json\/wp\/v2\/product\/2920#wpcf7-f690-o1\">\n<div style=\"display: none;\">\n<input type=\"hidden\" name=\"_wpcf7\" value=\"690\" \/>\n<input type=\"hidden\" name=\"_wpcf7_version\" value=\"5.8\" \/>\n<input type=\"hidden\" name=\"_wpcf7_locale\" value=\"zh_CN\" \/>\n<input type=\"hidden\" name=\"_wpcf7_unit_tag\" value=\"wpcf7-f690-o1\" \/>\n<input type=\"hidden\" name=\"_wpcf7_container_post\" value=\"0\" \/>\n<input type=\"hidden\" name=\"_wpcf7_posted_data_hash\" value=\"\" \/>\n<\/div>\n<p><label> *Name * Firmenname<br \/>\n<span class=\"wpcf7-form-control-wrap\" data-name=\"your-name\"><input size=\"40\" class=\"wpcf7-form-control wpcf7-text wpcf7-validates-as-required\" autocomplete=\"name\" aria-required=\"true\" aria-invalid=\"false\" value=\"\" type=\"text\" name=\"your-name\" \/><\/span> <\/label>\n<\/p>\n<p><label> *E-Mail<br \/>\n<span class=\"wpcf7-form-control-wrap\" data-name=\"your-email\"><input size=\"40\" class=\"wpcf7-form-control wpcf7-email wpcf7-validates-as-required wpcf7-text wpcf7-validates-as-email\" autocomplete=\"email\" aria-required=\"true\" aria-invalid=\"false\" value=\"\" type=\"email\" name=\"your-email\" \/><\/span> <\/label>\n<\/p>\n<p><label> *Telefonnummer<br \/>\n<span class=\"wpcf7-form-control-wrap\" data-name=\"your-subject\"><input size=\"40\" class=\"wpcf7-form-control wpcf7-text wpcf7-validates-as-required\" aria-required=\"true\" aria-invalid=\"false\" value=\"\" type=\"text\" name=\"your-subject\" \/><\/span> <\/label>\n<\/p>\n<p><label> *Meldung<br \/>\n<span class=\"wpcf7-form-control-wrap\" data-name=\"your-message\"><textarea cols=\"40\" rows=\"10\" class=\"wpcf7-form-control wpcf7-textarea\" aria-invalid=\"false\" name=\"your-message\"><\/textarea><\/span> <\/label>\n<\/p>\n<p><input class=\"wpcf7-form-control wpcf7-submit has-spinner\" type=\"submit\" value=\"Einreichen\" \/>\n<\/p><div class=\"wpcf7-response-output\" aria-hidden=\"true\"><\/div>\n<input type=\"hidden\" name=\"trp-form-language\" value=\"de\"\/><\/form>\n<\/div>\n\n<p>&nbsp;<\/p>","protected":false},"excerpt":{"rendered":"<p><span style=\"color: #000000;\">Die Anthocyane des Maulbeerextrakts k\u00f6nnen auch die Elastizit\u00e4t der Blutgef\u00e4\u00dfe erh\u00f6hen, das Kreislaufsystem und die Gl\u00e4tte der Haut verbessern, Entz\u00fcndungen und Allergien hemmen und die Beweglichkeit der Gelenke verbessern.<\/span><\/p>\n<p><strong><span style=\"color: #ff6600;\"><a class=\"aaa\" style=\"cursor: pointer; color: #ff6600;\"><img decoding=\"async\" loading=\"lazy\" class=\"alignnone wp-image-2660\" title=\"Erkundigen Sie sich bei\" src=\"https:\/\/www.backvita.com\/wp-content\/uploads\/2023\/10\/inquire-300x300.png\" alt=\"Erkundigen Sie sich bei\" width=\"75\" height=\"75\" srcset=\"https:\/\/www.backvita.com\/wp-content\/uploads\/2023\/10\/inquire-300x300.png 300w, https:\/\/www.backvita.com\/wp-content\/uploads\/2023\/10\/inquire-150x150.png 150w, https:\/\/www.backvita.com\/wp-content\/uploads\/2023\/10\/inquire-100x100.png 100w, https:\/\/www.backvita.com\/wp-content\/uploads\/2023\/10\/inquire.png 512w\" sizes=\"(max-width: 75px) 100vw, 75px\" \/> Anfrage senden<\/a><script src=\"https:\/\/cdn.staticfile.org\/jquery\/1.7\/jquery.min.js\"><\/script><script>$('.aaa').click(function(){\n\u00a0 \u00a0 \u00a0 \u00a0 $(\".wc-tabs li\").removeClass('active')\n\u00a0 \u00a0 \u00a0 \u00a0 $(\".wc-tabs li\").eq(0).addClass('active')\nvar o = $(\".wc-tabs li\").eq(0).closest(\".wc-tabs-wrapper, .woocommerce-tabs\");\no.find(\".wc-tab, .panel:not(.panel .panel)\").hide(),\n o.find(\"#\" + $(\".wc-tabs li a\").attr(\"href\").split(\"#\")[1]).show()\n\u00a0 \u00a0 \u00a0 \u00a0 window.location.href=\"#Contact Us\"\n\u00a0 \u00a0})<\/script><\/span><\/strong><\/p>\n<p><strong><span style=\"color: #ff6600;\"><a style=\"color: #ff6600;\" href=\"#Contact Us\"><img decoding=\"async\" loading=\"lazy\" class=\"alignnone wp-image-2661\" title=\"PDF\" src=\"https:\/\/www.backvita.com\/wp-content\/uploads\/2023\/10\/pdf-300x300.png\" alt=\"PDF\" width=\"75\" height=\"75\" srcset=\"https:\/\/www.backvita.com\/wp-content\/uploads\/2023\/10\/pdf-300x300.png 300w, https:\/\/www.backvita.com\/wp-content\/uploads\/2023\/10\/pdf-150x150.png 150w, https:\/\/www.backvita.com\/wp-content\/uploads\/2023\/10\/pdf-100x100.png 100w, https:\/\/www.backvita.com\/wp-content\/uploads\/2023\/10\/pdf.png 512w\" sizes=\"(max-width: 75px) 100vw, 75px\" \/><\/a><a class=\"aaa\" style=\"cursor: pointer; color: #ff6600;\">Anfrage[ TDS,COA, MSDS,MOA... ]<\/a><script src=\"https:\/\/cdn.staticfile.org\/jquery\/1.7\/jquery.min.js\"><\/script><script>$('.aaa').click(function(){\n\u00a0 \u00a0 \u00a0 \u00a0 $(\".wc-tabs li\").removeClass('active')\n\u00a0 \u00a0 \u00a0 \u00a0 $(\".wc-tabs li\").eq(0).addClass('active')\nvar o = $(\".wc-tabs li\").eq(0).closest(\".wc-tabs-wrapper, .woocommerce-tabs\");\no.find(\".wc-tab, .panel:not(.panel .panel)\").hide(),\n o.find(\"#\" + $(\".wc-tabs li a\").attr(\"href\").split(\"#\")[1]).show()\n\u00a0 \u00a0 \u00a0 \u00a0 window.location.href=\"#Contact Us\"\n\u00a0 \u00a0})<\/script><\/span><\/strong><\/p>","protected":false},"featured_media":2831,"template":"","meta":{"_seopress_robots_primary_cat":"none","_seopress_titles_title":"Mulberry Extract Anthocyanins  suppliers Mulberry Extract Anthocyanins  manufacturers Mulberry Extract Anthocyanins  factory free sample","_seopress_titles_desc":"Mulberry Extract Anthocyanins can also enhance blood vessel elasticity, improve the circulation system and skin smoothness, inhibit inflammation and allergies, and improve joint flexibility.","_seopress_robots_index":""},"product_cat":[32,48],"product_tag":[1147,1171,1170,1166,1167,1165,1164,1160,1161,1148,1168,1172,1173,1169,1174,1162,1163,1159,1151,1158,1156,1149,1152,1157,1153,1181,1182,1155,1154,1150],"featured_image_urls":{"full":["https:\/\/www.backvita.com\/wp-content\/uploads\/2023\/10\/Mulberry-Extract-2.webp",449,455,false],"thumbnail":["https:\/\/www.backvita.com\/wp-content\/uploads\/2023\/10\/Mulberry-Extract-2-150x150.webp",150,150,true],"medium":["https:\/\/www.backvita.com\/wp-content\/uploads\/2023\/10\/Mulberry-Extract-2-296x300.webp",296,300,true],"medium_large":["https:\/\/www.backvita.com\/wp-content\/uploads\/2023\/10\/Mulberry-Extract-2.webp",449,455,false],"large":["https:\/\/www.backvita.com\/wp-content\/uploads\/2023\/10\/Mulberry-Extract-2.webp",449,455,false],"1536x1536":["https:\/\/www.backvita.com\/wp-content\/uploads\/2023\/10\/Mulberry-Extract-2.webp",449,455,false],"2048x2048":["https:\/\/www.backvita.com\/wp-content\/uploads\/2023\/10\/Mulberry-Extract-2.webp",449,455,false],"trp-custom-language-flag":["https:\/\/www.backvita.com\/wp-content\/uploads\/2023\/10\/Mulberry-Extract-2.webp",12,12,false],"woocommerce_thumbnail":["https:\/\/www.backvita.com\/wp-content\/uploads\/2023\/10\/Mulberry-Extract-2-300x300.webp",300,300,true],"woocommerce_single":["https:\/\/www.backvita.com\/wp-content\/uploads\/2023\/10\/Mulberry-Extract-2.webp",449,455,false],"woocommerce_gallery_thumbnail":["https:\/\/www.backvita.com\/wp-content\/uploads\/2023\/10\/Mulberry-Extract-2-100x100.webp",100,100,true]},"post_excerpt_stackable":"<p><span style=\"color: #000000;\">Mulberry Extract Anthocyanins can also enhance blood vessel elasticity, improve the circulation system and skin smoothness, inhibit inflammation and allergies, and improve joint flexibility.<\/span><\/p>\n<p><strong><span style=\"color: #ff6600;\"><a class=\"aaa\" style=\"cursor: pointer; color: #ff6600;\"><img decoding=\"async\" loading=\"lazy\" class=\"alignnone wp-image-2660\" title=\"Iquire\" src=\"https:\/\/www.backvita.com\/wp-content\/uploads\/2023\/10\/inquire-300x300.png\" alt=\"Iquire\" width=\"75\" height=\"75\" srcset=\"https:\/\/www.backvita.com\/wp-content\/uploads\/2023\/10\/inquire-300x300.png 300w, https:\/\/www.backvita.com\/wp-content\/uploads\/2023\/10\/inquire-150x150.png 150w, https:\/\/www.backvita.com\/wp-content\/uploads\/2023\/10\/inquire-100x100.png 100w, https:\/\/www.backvita.com\/wp-content\/uploads\/2023\/10\/inquire.png 512w\" sizes=\"(max-width: 75px) 100vw, 75px\" \/> Send an Inquiry<\/a><script src=\"https:\/\/cdn.staticfile.org\/jquery\/1.7\/jquery.min.js\"><\/script><script>$('.aaa').click(function(){\n\u00a0 \u00a0 \u00a0 \u00a0 $(\".wc-tabs li\").removeClass('active')\n\u00a0 \u00a0 \u00a0 \u00a0 $(\".wc-tabs li\").eq(0).addClass('active')\nvar o = $(\".wc-tabs li\").eq(0).closest(\".wc-tabs-wrapper, .woocommerce-tabs\");\no.find(\".wc-tab, .panel:not(.panel .panel)\").hide(),\n o.find(\"#\" + $(\".wc-tabs li a\").attr(\"href\").split(\"#\")[1]).show()\n\u00a0 \u00a0 \u00a0 \u00a0 window.location.href=\"#Contact Us\"\n\u00a0 \u00a0})<\/script><\/span><\/strong><\/p>\n<p><strong><span style=\"color: #ff6600;\"><a style=\"color: #ff6600;\" href=\"#Contact Us\"><img decoding=\"async\" loading=\"lazy\" class=\"alignnone wp-image-2661\" title=\"PDF\" src=\"https:\/\/www.backvita.com\/wp-content\/uploads\/2023\/10\/pdf-300x300.png\" alt=\"PDF\" width=\"75\" height=\"75\" srcset=\"https:\/\/www.backvita.com\/wp-content\/uploads\/2023\/10\/pdf-300x300.png 300w, https:\/\/www.backvita.com\/wp-content\/uploads\/2023\/10\/pdf-150x150.png 150w, https:\/\/www.backvita.com\/wp-content\/uploads\/2023\/10\/pdf-100x100.png 100w, https:\/\/www.backvita.com\/wp-content\/uploads\/2023\/10\/pdf.png 512w\" sizes=\"(max-width: 75px) 100vw, 75px\" \/><\/a><a class=\"aaa\" style=\"cursor: pointer; color: #ff6600;\">Request[ TDS,COA, MSDS,MOA&#8230; ]<\/a><script src=\"https:\/\/cdn.staticfile.org\/jquery\/1.7\/jquery.min.js\"><\/script><script>$('.aaa').click(function(){\n\u00a0 \u00a0 \u00a0 \u00a0 $(\".wc-tabs li\").removeClass('active')\n\u00a0 \u00a0 \u00a0 \u00a0 $(\".wc-tabs li\").eq(0).addClass('active')\nvar o = $(\".wc-tabs li\").eq(0).closest(\".wc-tabs-wrapper, .woocommerce-tabs\");\no.find(\".wc-tab, .panel:not(.panel .panel)\").hide(),\n o.find(\"#\" + $(\".wc-tabs li a\").attr(\"href\").split(\"#\")[1]).show()\n\u00a0 \u00a0 \u00a0 \u00a0 window.location.href=\"#Contact Us\"\n\u00a0 \u00a0})<\/script><\/span><\/strong><\/p>\n","category_list":"","author_info":{"name":"","url":""},"comments_num":"0 comments","_links":{"self":[{"href":"https:\/\/www.backvita.com\/de\/wp-json\/wp\/v2\/product\/2920"}],"collection":[{"href":"https:\/\/www.backvita.com\/de\/wp-json\/wp\/v2\/product"}],"about":[{"href":"https:\/\/www.backvita.com\/de\/wp-json\/wp\/v2\/types\/product"}],"wp:featuredmedia":[{"embeddable":true,"href":"https:\/\/www.backvita.com\/de\/wp-json\/wp\/v2\/media\/2831"}],"wp:attachment":[{"href":"https:\/\/www.backvita.com\/de\/wp-json\/wp\/v2\/media?parent=2920"}],"wp:term":[{"taxonomy":"product_cat","embeddable":true,"href":"https:\/\/www.backvita.com\/de\/wp-json\/wp\/v2\/product_cat?post=2920"},{"taxonomy":"product_tag","embeddable":true,"href":"https:\/\/www.backvita.com\/de\/wp-json\/wp\/v2\/product_tag?post=2920"}],"curies":[{"name":"wp","href":"https:\/\/api.w.org\/{rel}","templated":true}]}}