{"id":2927,"date":"2023-11-04T14:56:18","date_gmt":"2023-11-04T06:56:18","guid":{"rendered":"https:\/\/www.backvita.com\/?post_type=product&#038;p=2927"},"modified":"2024-03-02T10:05:58","modified_gmt":"2024-03-02T02:05:58","slug":"marigold-flower-extract-lutein-esters-suppliers-marigold-flower-extract-lutein-esters-manufacturers-marigold-flower-extract-lutein-esters-factory-free-sample","status":"publish","type":"product","link":"https:\/\/www.backvita.com\/de\/product\/ringelblumenblutenextrakt-lutein-ester-lieferanten-ringelblumenblutenextrakt-lutein-ester-hersteller-ringelblumenblutenextrakt-lutein-ester-fabrik-kostenlose-probe\/","title":{"rendered":"Ringelblumenbl\u00fctenextrakt Lutein Ester Lieferanten Ringelblumenbl\u00fctenextrakt Lutein Ester Hersteller Ringelblumenbl\u00fctenextrakt Lutein Ester Fabrik kostenlose Probe"},"content":{"rendered":"<h2>Ringelblumenbl\u00fcten-Extrakt Lutein-Ester <span class=\"fl-heading-text\">Beschreibung<\/span><\/h2>\n<p>Luteinester ist ein Carotinoid-Fetts\u00e4ureester, der chemische Name ist Lutein-Dipalmitat, l\u00f6slich in organischen L\u00f6sungsmitteln, weit verbreitet in Mais, Kohl, Ringelblumen und anderen Pflanzen, von denen die meisten in Ringelblumen vorkommen.<\/p>\n<table style=\"height: 187px;\" width=\"1292\">\n<tbody>\n<tr>\n<td width=\"219\"><strong>Produktname<\/strong><\/td>\n<td width=\"466\">Ringelblumenbl\u00fcten-Extrakt Lutein-Ester<\/td>\n<\/tr>\n<tr>\n<td><strong>CAS-Nr.<\/strong><\/td>\n<td>547-17-1<\/td>\n<\/tr>\n<tr>\n<td><strong>Lateinischer Name<\/strong><\/td>\n<td>Tagetes erecta Linn<\/td>\n<\/tr>\n<tr>\n<td><strong>Erscheinungsbild<\/strong><\/td>\n<td>R\u00f6tlich-braunes feines Pulver<\/td>\n<\/tr>\n<tr>\n<td><strong>Spezifikationen<\/strong><\/td>\n<td>\n<p data-block-key=\"2sryl\">Luteinester-Pulver: HPLC \/ UV 5% -60% , Luteinester-CWS-Pulver: HPLC 5%<\/p>\n<\/td>\n<\/tr>\n<tr>\n<td><strong>Pakete<\/strong><\/td>\n<td>1kg\/Sack, 25kg\/Fass<\/td>\n<\/tr>\n<tr>\n<td><strong>Lagerung<\/strong><\/td>\n<td>Feuchtigkeitsschutz und lichtgesch\u00fctzte, geschlossene Lagerung vermeiden.<\/td>\n<\/tr>\n<tr>\n<td><strong>Pr\u00fcfverfahren<\/strong><\/td>\n<td>HPLC, UV<\/td>\n<\/tr>\n<\/tbody>\n<\/table>\n<h2><\/h2>\n<p><img decoding=\"async\" loading=\"lazy\" class=\"alignnone size-full wp-image-5230\" src=\"https:\/\/www.backvita.com\/wp-content\/uploads\/2023\/11\/lutein-1.webp\" alt=\"Lutein\" width=\"1547\" height=\"819\" srcset=\"https:\/\/www.backvita.com\/wp-content\/uploads\/2023\/11\/lutein-1.webp 1547w, https:\/\/www.backvita.com\/wp-content\/uploads\/2023\/11\/lutein-1-300x159.webp 300w, https:\/\/www.backvita.com\/wp-content\/uploads\/2023\/11\/lutein-1-1024x542.webp 1024w, https:\/\/www.backvita.com\/wp-content\/uploads\/2023\/11\/lutein-1-768x407.webp 768w, https:\/\/www.backvita.com\/wp-content\/uploads\/2023\/11\/lutein-1-1536x813.webp 1536w, https:\/\/www.backvita.com\/wp-content\/uploads\/2023\/11\/lutein-1-18x10.webp 18w, https:\/\/www.backvita.com\/wp-content\/uploads\/2023\/11\/lutein-1-600x318.webp 600w\" sizes=\"(max-width: 1547px) 100vw, 1547px\" \/><\/p>\n<h2><\/h2>\n<h2>Ringelblumenbl\u00fctenextrakt Lutein Ester Spezifikation<\/h2>\n<p data-block-key=\"2sryl\">Lutein-Ester-Pulver: HPLC \/ UV 5% -60%<br \/>\nLutein Ester CWS Pulver: HPLC 5%<\/p>\n<h2>Hauptfunktionen des Ringelblumenbl\u00fctenextrakts Lutein-Ester<\/h2>\n<h3><strong>Retina Health Guard<\/strong><\/h3>\n<p>Die Filterung von blauem Licht und die antioxidativen Eigenschaften sind wichtige N\u00e4hrstoffe, die die Entwicklung der Augen f\u00f6rdern.<\/p>\n<h3><strong>Erg\u00e4nzung Pigment<\/strong><\/h3>\n<p>Luteinester wird nach der Aufnahme durch den menschlichen K\u00f6rper in freies Lutein zerlegt und hat die grundlegende Funktion von kristallisiertem Lutein zur Erg\u00e4nzung des Luteinverlustes im K\u00f6rper (die zus\u00e4tzliche Aufnahme sollte \u226412 mg\/Tag betragen).<br \/>\n(1) Erg\u00e4nzung der Makulapigmentdichte im Makulabereich der menschlichen Netzhaut, Schutz der Makula und F\u00f6rderung der Makulaentwicklung.<br \/>\n(2) Schutz der Augen vor Lichtsch\u00e4den, Verz\u00f6gerung der Augenalterung und Verhinderung von Augenkrankheiten.<br \/>\n(3) Antioxidans, hilft bei der Vorbeugung von kardiovaskul\u00e4rer Sklerose, koronarer Herzkrankheit und Tumorerkrankungen, die durch die Alterung des K\u00f6rpers verursacht werden.<br \/>\n(4) Schutz der Sehkraft und Linderung der Symptome von Seherm\u00fcdung (verschwommenes Sehen, trockene Augen, Augenschwellung, Augenschmerzen, Photophobie usw.)<br \/>\n(5) Vorbeugung von Makuladegeneration und Retinitis pigmentosa und Verringerung des Auftretens von Drusen.<\/p>\n<h3><strong>Einf\u00e4rbung<\/strong><\/h3>\n<p>Nat\u00fcrlicher Luteinester ist ein wichtiger Carotinoid-Fetts\u00e4ureester, der eine pr\u00e4chtige goldene Farbe aufweist. Lutein-Ester ist ein sehr stabiler Lebensmittelfarbstoff. Er ist sehr licht-, w\u00e4rme- und luftbest\u00e4ndig und findet breite Verwendung in Lebensmitteln, Getr\u00e4nken, Kosmetika und anderen Anwendungsbereichen. Nach der Emulgierung kann es zu wasserl\u00f6slichen Farbstoffen verarbeitet werden. Nat\u00fcrliche Luteinester werden chemisch synthetisierte Lebensmittelfarbstoffe ersetzen und die Gesundheit der Menschen verbessern.<\/p>\n<h3><strong>Pr\u00e4vention von AMD (altersbedingte Makuladegeneration)<\/strong><\/h3>\n<p>Eine wichtige biologische Funktion von Lutein ist der Schutz der Netzhaut vor Sch\u00e4den durch blaues Licht mit Wellenl\u00e4ngen nahe dem ultravioletten Bereich. Die weltweit entdeckte altersbedingte Makuladegeneration (AMD) ist die h\u00e4ufigste erblindende Augenkrankheit bei Menschen \u00fcber 65 Jahren.<br \/>\nNachdem nat\u00fcrliche Lutein- und Zeaxanthinester in den menschlichen K\u00f6rper aufgenommen wurden, werden sie unter der Einwirkung der menschlichen Lipase zu freiem Lutein und Zeaxanthin hydrolysiert. Sie lagern sich in hohen Konzentrationen in der Makula des menschlichen Auges ab und k\u00f6nnen als Absorber f\u00fcr blaues Licht im nahen Ultraviolettbereich dienen. Sie \u00fcben eine sch\u00fctzende Funktion aus, indem sie freie Radikale abfangen und die durch Oxidation und freie Radikale verursachten Sch\u00e4den an der Netzhaut verhindern oder verringern, was das Auftreten von AMD wirksam reduzieren kann. .<\/p>\n<p>Eine Reihe von Studien hat gezeigt, dass Luteinester den Blutspiegel nach der Einnahme erh\u00f6hen, was best\u00e4tigt, dass Luteinester im K\u00f6rper leicht in freies Lutein umgewandelt werden k\u00f6nnen. In weiteren Experimenten wurde die Wirkung einer Supplementierung von Luteinestern auf die Erh\u00f6hung der Makulapigmentdichte untersucht.<\/p>\n<p>In diesen Studien wurde eine deutliche Zunahme der Makulapigmentdichte nach der Einnahme von Luteinestern festgestellt. Dieses Ph\u00e4nomen tritt sowohl bei gesunden Menschen als auch bei Patienten mit AMD im Fr\u00fchstadium auf. Dies zeigt, dass auch die kranke Makula durch Luteinester stabiles Lutein erhalten kann, und selbst Patienten, bei denen eine AMD diagnostiziert wurde, k\u00f6nnen von Luteinester-Erg\u00e4nzungen profitieren. Die Tatsache, dass Patienten mit AMD von einer Lutein-Supplementierung profitieren k\u00f6nnen, wurde durch den Lutein Antioxidant Supplementation Trial best\u00e4tigt. Dabei handelt es sich um eine 12-monatige, placebokontrollierte Interventionsstudie an \u00e4lteren m\u00e4nnlichen Patienten mit AMD. Die Probanden erhielten Lutein oder Luteinester in Kombination mit Antioxidantien. Die Versuchsergebnisse zeigten, dass die Makulapigmentdichte der Probanden um 50% zunahm und sich auch ihre Augenfunktion deutlich verbesserte.<\/p>\n<h3><strong>Verbesserung der Immunit\u00e4t<\/strong><\/h3>\n<p>J\u00fcngste Forschungen haben ergeben, dass die Zufuhr von Lutein in den K\u00f6rper von Tieren insgesamt die durch Antigene stimulierte Lymphozytenproliferation f\u00f6rdern und die funktionelle Expression von Zelloberfl\u00e4chenmolek\u00fclen beeinflussen kann. Die regulierende Wirkung von Lutein auf die zellul\u00e4re Immunit\u00e4t zeigt sich vor allem in seiner Beziehung zur Zellapoptose und zur Genregulation.<\/p>\n<p>&nbsp;<\/p>\n<section>\n<h2>Der Unterschied zwischen Ringelblumenextrakt Luteinester und Lutein<\/h2>\n<h3><strong>Unterschiedliche Strukturen, \u00e4hnliche Funktionen<\/strong><\/h3>\n<p>Lutein hat in der Natur zwei Quellen. Die eine ist die urspr\u00fcngliche Form von Lutein, die allgemein als \"freies Lutein\" bezeichnet wird. Eine andere Quelle ist Lutein in Verbindung mit langkettigen Fetts\u00e4uren, die als \"Luteinester\" bezeichnet werden.<\/p>\n<h3><strong>Lebensmittel sind gr\u00f6\u00dftenteils freies Lutein<\/strong><\/h3>\n<p>Luteinester und Lutein kommen zwar in der Natur vor, aber die meisten von ihnen in Lebensmitteln sind freies Lutein, und Luteinester finden sich haupts\u00e4chlich in Blumen. Von den \u00fcblichen Lebensmitteln, die der Mensch verzehrt, enthalten 93% der Lebensmittel nicht verestertes Lutein und Zeaxanthin, w\u00e4hrend nur 7% der Lebensmittel verestertes Lutein und Zeaxanthin enthalten. Es sei darauf hingewiesen, dass Lutein und Zeaxanthin vom menschlichen K\u00f6rper nicht synthetisiert werden k\u00f6nnen und zur Deckung des Tagesbedarfs \u00fcber die Nahrung zugef\u00fchrt werden m\u00fcssen. Wird Luteinester mit der Nahrung aufgenommen, so wird er nach dem Eintritt in den menschlichen K\u00f6rper zu Lutein hydrolysiert, das die gleiche Augenschutzfunktion wie Lutein hat.<\/p>\n<p>W\u00e4hrend der Lagerung und des Verzehrs wird die Verwertungsrate von Lutein aufgrund von Ver\u00e4nderungen des Lichts, der Hitze, des pH-Werts usw. stark verringert, was gro\u00dfe Einschr\u00e4nkungen mit sich bringt. Aufgrund seiner molekularen Konfiguration ist Luteinester jedoch bei Lagerung und Verzehr stabiler. Die Bioverf\u00fcgbarkeit ist um 61,6% h\u00f6her als die von monomerem Lutein.<\/p>\n<p>&nbsp;<\/p>\n<\/section>\n<p>&nbsp;<\/p>\n<h2>Die Wirksamkeit von Ringelblumenextrakt und Lutein-Estern<\/h2>\n<p>Luteinester ist ein wichtiger Carotinoid-Fetts\u00e4ureester, der in Ringelblumenbl\u00fcten, K\u00fcrbissen, Kohl und anderen Pflanzen weit verbreitet ist. Der Gehalt in Ringelblumenbl\u00fcten ist mit 30% bis 40% am reichhaltigsten.<\/p>\n<p>Der Luteinester wird nach der Aufnahme in den menschlichen K\u00f6rper in freies Lutein zerlegt. Lutein ist das Hauptpigment, das den Makulabereich des menschlichen Auges bildet. Lutein hat nicht nur eine starke antioxidative Wirkung, sondern kann auch die Bildung von freien Radikalen hemmen und die durch oxidativen Stress verursachten Augensch\u00e4den verringern. Lutein ist auch als \"Blaulichtfilter\" bekannt und hat die Funktion, blaues Licht zu filtern.<\/p>\n<p>Blaues Licht ist ein energiereiches Licht, das direkt die Linse durchdringen und die Netzhaut des Auges erreichen kann. Das im menschlichen Auge enthaltene Lutein kann das blaue Licht herausfiltern und so die Augen vor Sch\u00e4den durch blaues Licht sch\u00fctzen.<\/p>\n<p>Computer, Mobiltelefone und andere elektronische Produkte, die wir t\u00e4glich benutzen, strahlen eine gro\u00dfe Menge blauen Lichts aus, so dass es notwendig ist, Luteinester sinnvoll zu erg\u00e4nzen.<\/p>\n<p>In Kombination mit Heidelbeerextrakt und nat\u00fcrlichem Betacarotin, zwei augensch\u00fctzenden Substanzen, kann Luteinester sogar eine bessere augensch\u00fctzende Wirkung erzielen.<\/p>\n<p>Auswirkungen von Heidelbeerextrakt und nat\u00fcrlichem Beta-Carotin auf die Augen<\/p>\n<p>Heidelbeerextrakt ist ein N\u00e4hrstoff, der aus Heidelbeeren gewonnen wird. Heidelbeeren sind reich an Anthocyanen. Anthocyane k\u00f6nnen die Mikrozirkulation um die Augen herum f\u00f6rdern, die Durchblutung der Augen verbessern, Erm\u00fcdungserscheinungen des Auges lindern und die Regeneration von Rhodopsin f\u00f6rdern, was sich positiv auf die Gesundheit der Augen auswirkt. Die N\u00e4hrstoffkombination aus Heidelbeerextrakt und Lutein kann einen besseren Schutz der Augen bieten als die alleinige Einnahme von Lutein.<\/p>\n<p>Nat\u00fcrliches Betacarotin kann in Vitamin A umgewandelt werden, nachdem es in den menschlichen K\u00f6rper gelangt ist, was dazu beitragen kann, trockene Augen zu lindern und die Sehkraft der menschlichen Augen bei dunklem Licht zu verbessern.<\/p>\n<p>&nbsp;<\/p>\n<h2><span style=\"color: #ff9c00;\">Unser Rest-Easy-Service mit Mehrwert<\/span><\/h2>\n<p><em><strong><span style=\"color: #ff9c00;\">&gt;&gt;&gt;\u00a0 <\/span><\/strong><\/em><strong>Backvita verf\u00fcgt \u00fcber professionelle Techniker, die technische Support-Dokumente wie: Normen, Specs, COA, MOA,\u00a0<\/strong><strong>MSDS,<\/strong><strong>Flussdiagramm, Erkl\u00e4rungen, Chromatogramme, N\u00e4hrwertangaben, Stabilit\u00e4tspr\u00fcfung, usw.<\/strong><\/p>\n<p><strong><span style=\"color: #ff9c00;\">&gt;&gt;&gt; \u00a0<\/span>Wir versprechen Ihnen, Ihnen einzigartige Dienstleistungen anzubieten, damit Sie sich beim Kauf und Verkauf von Produkten keine Sorgen machen m\u00fcssen.<\/strong><\/p>\n<p><strong><span style=\"color: #ff9c00;\">&gt;&gt;&gt;<\/span>\u00a0 Unser globales E-Commerce-Datenanalystenteam verf\u00fcgt \u00fcber 10 Jahre Erfahrung in der Pflanzenextraktbranche. Es stellt Ihnen Datenberichte \u00fcber die L\u00e4nder zur Verf\u00fcgung, in denen Ihre Produkte verkauft werden, damit Sie fundierte Entscheidungen treffen k\u00f6nnen. Diese Datenberichte enthalten Verkaufsvolumen, Vertriebskan\u00e4le, Wettbewerbsanalysen und andere Informationen, die Ihnen helfen, die Marktnachfrage und -trends besser zu verstehen und so Ihre Beschaffungs- und Verkaufsstrategien zu optimieren.<\/strong><\/p>\n<p><strong><span style=\"color: #ff9c00;\">&gt;&gt;&gt;\u00a0<\/span> Zus\u00e4tzlich zu den Datenberichten stellen wir Ihnen regelm\u00e4\u00dfig Informationen \u00fcber marktrelevante Produkte und neue Produkte zur Verf\u00fcgung. Diese Informationen helfen Ihnen, sich \u00fcber potenzielle Chancen und Trends auf dem Markt auf dem Laufenden zu halten und Anpassungen und Entscheidungen auf der Grundlage der Marktanforderungen zu treffen.<\/strong><\/p>\n<p><strong><span style=\"color: #ff9c00;\">&gt;&gt;&gt;<\/span>\u00a0 Wenn Sie eine eigene, exklusive Marke haben, stellen wir Ihnen auch Werbematerialien und Plakate zur Verf\u00fcgung, mit denen Sie Ihr Markenimage und Ihren Bekanntheitsgrad steigern k\u00f6nnen. Unser Designteam entwirft exklusive Werbematerialien f\u00fcr Ihre Marke nach Ihren Bed\u00fcrfnissen und Anforderungen. Alle diese Mehrwertdienste werden den Kunden unserer Partner kostenlos zur Verf\u00fcgung gestellt.<\/strong><\/p>\n<p><strong><span style=\"color: #ff9c00;\">&gt;&gt;&gt;<\/span>\u00a0 Unser Ziel ist es, die Kunden in den Mittelpunkt zu stellen, Ihnen w\u00e4hrend des gesamten Prozesses einen sorgenfreien Service zu bieten und Ihnen zu mehr Leistung und Erfolg zu verhelfen.<\/strong><\/p>\n<p><strong><span style=\"color: #ff9c00;\">&gt;&gt;&gt;<\/span>\u00a0 Wenn Sie Fragen oder spezielle W\u00fcnsche zu unseren Mehrwertdiensten haben, k\u00f6nnen Sie sich gerne an uns wenden. Wir werden unser Bestes tun, um Ihnen zu helfen und Ihre Zufriedenheit zu gew\u00e4hrleisten. Nochmals vielen Dank f\u00fcr Ihre Unterst\u00fctzung und Aufmerksamkeit und wir freuen uns auf eine langfristige Zusammenarbeit mit Ihnen.<\/strong><\/p>\n<p>&nbsp;<\/p>\n<h2>Kontakt<a name=\"Contact Us\"><\/a><\/h2>\n\n<div class=\"wpcf7 no-js\" id=\"wpcf7-f690-o1\" lang=\"zh-CN\" dir=\"ltr\">\n<div class=\"screen-reader-response\"><p role=\"status\" aria-live=\"polite\" aria-atomic=\"true\"><\/p> <ul><\/ul><\/div>\n<form action=\"\/de\/wp-json\/wp\/v2\/product\/2927#wpcf7-f690-o1\" method=\"post\" class=\"wpcf7-form init\" aria-label=\"Contact form\" novalidate=\"novalidate\" data-status=\"init\" data-trp-original-action=\"\/de\/wp-json\/wp\/v2\/product\/2927#wpcf7-f690-o1\">\n<div style=\"display: none;\">\n<input type=\"hidden\" name=\"_wpcf7\" value=\"690\" \/>\n<input type=\"hidden\" name=\"_wpcf7_version\" value=\"5.8\" \/>\n<input type=\"hidden\" name=\"_wpcf7_locale\" value=\"zh_CN\" \/>\n<input type=\"hidden\" name=\"_wpcf7_unit_tag\" value=\"wpcf7-f690-o1\" \/>\n<input type=\"hidden\" name=\"_wpcf7_container_post\" value=\"0\" \/>\n<input type=\"hidden\" name=\"_wpcf7_posted_data_hash\" value=\"\" \/>\n<\/div>\n<p><label> *Name * Firmenname<br \/>\n<span class=\"wpcf7-form-control-wrap\" data-name=\"your-name\"><input size=\"40\" class=\"wpcf7-form-control wpcf7-text wpcf7-validates-as-required\" autocomplete=\"name\" aria-required=\"true\" aria-invalid=\"false\" value=\"\" type=\"text\" name=\"your-name\" \/><\/span> <\/label>\n<\/p>\n<p><label> *E-Mail<br \/>\n<span class=\"wpcf7-form-control-wrap\" data-name=\"your-email\"><input size=\"40\" class=\"wpcf7-form-control wpcf7-email wpcf7-validates-as-required wpcf7-text wpcf7-validates-as-email\" autocomplete=\"email\" aria-required=\"true\" aria-invalid=\"false\" value=\"\" type=\"email\" name=\"your-email\" \/><\/span> <\/label>\n<\/p>\n<p><label> *Telefonnummer<br \/>\n<span class=\"wpcf7-form-control-wrap\" data-name=\"your-subject\"><input size=\"40\" class=\"wpcf7-form-control wpcf7-text wpcf7-validates-as-required\" aria-required=\"true\" aria-invalid=\"false\" value=\"\" type=\"text\" name=\"your-subject\" \/><\/span> <\/label>\n<\/p>\n<p><label> *Meldung<br \/>\n<span class=\"wpcf7-form-control-wrap\" data-name=\"your-message\"><textarea cols=\"40\" rows=\"10\" class=\"wpcf7-form-control wpcf7-textarea\" aria-invalid=\"false\" name=\"your-message\"><\/textarea><\/span> <\/label>\n<\/p>\n<p><input class=\"wpcf7-form-control wpcf7-submit has-spinner\" type=\"submit\" value=\"Einreichen\" \/>\n<\/p><div class=\"wpcf7-response-output\" aria-hidden=\"true\"><\/div>\n<input type=\"hidden\" name=\"trp-form-language\" value=\"de\"\/><\/form>\n<\/div>\n\n<p>&nbsp;<\/p>","protected":false},"excerpt":{"rendered":"<p><span style=\"color: #000000;\">Wenn Luteinester in den menschlichen K\u00f6rper gelangt, wird er zun\u00e4chst zersetzt, dann in Lutein umgewandelt und anschlie\u00dfend vom K\u00f6rper aufgenommen. Luteinester kann im menschlichen K\u00f6rper nicht nur auf nat\u00fcrliche Weise zu freiem Lutein hydrolysiert werden, sondern er kann auch die Bioverf\u00fcgbarkeit von Luteinkristallen verbessern.<\/span><\/p>\n<p><span style=\"color: #ff6600;\"><a class=\"aaa\" style=\"cursor: pointer; color: #ff6600;\"><img decoding=\"async\" loading=\"lazy\" class=\"alignnone wp-image-2660\" title=\"Erkundigen Sie sich bei \" src=\"https:\/\/www.backvita.com\/wp-content\/uploads\/2023\/10\/inquire-300x300.png\" alt=\"Erkundigen Sie sich bei \" width=\"74\" height=\"74\" srcset=\"https:\/\/www.backvita.com\/wp-content\/uploads\/2023\/10\/inquire-300x300.png 300w, https:\/\/www.backvita.com\/wp-content\/uploads\/2023\/10\/inquire-150x150.png 150w, https:\/\/www.backvita.com\/wp-content\/uploads\/2023\/10\/inquire-100x100.png 100w, https:\/\/www.backvita.com\/wp-content\/uploads\/2023\/10\/inquire.png 512w\" sizes=\"(max-width: 74px) 100vw, 74px\" \/> <strong>Anfrage senden<\/strong><\/a><strong><script src=\"https:\/\/cdn.staticfile.org\/jquery\/1.7\/jquery.min.js\"><\/script><script>$('.aaa').click(function(){\n\u00a0 \u00a0 \u00a0 \u00a0 $(\".wc-tabs li\").removeClass('active')\n\u00a0 \u00a0 \u00a0 \u00a0 $(\".wc-tabs li\").eq(0).addClass('active')\nvar o = $(\".wc-tabs li\").eq(0).closest(\".wc-tabs-wrapper, .woocommerce-tabs\");\no.find(\".wc-tab, .panel:not(.panel .panel)\").hide(),\n o.find(\"#\" + $(\".wc-tabs li a\").attr(\"href\").split(\"#\")[1]).show()\n\u00a0 \u00a0 \u00a0 \u00a0 window.location.href=\"#Contact Us\"\n\u00a0 \u00a0})<\/script><\/strong><\/span><\/p>\n<p><strong><span style=\"color: #ff6600;\"><a style=\"color: #ff6600;\" href=\"#Contact Us\"><img decoding=\"async\" loading=\"lazy\" class=\"alignnone wp-image-2661\" title=\"PDF\" src=\"https:\/\/www.backvita.com\/wp-content\/uploads\/2023\/10\/pdf-300x300.png\" alt=\"PDF\" width=\"76\" height=\"76\" srcset=\"https:\/\/www.backvita.com\/wp-content\/uploads\/2023\/10\/pdf-300x300.png 300w, https:\/\/www.backvita.com\/wp-content\/uploads\/2023\/10\/pdf-150x150.png 150w, https:\/\/www.backvita.com\/wp-content\/uploads\/2023\/10\/pdf-100x100.png 100w, https:\/\/www.backvita.com\/wp-content\/uploads\/2023\/10\/pdf.png 512w\" sizes=\"(max-width: 76px) 100vw, 76px\" \/><\/a><a class=\"aaa\" style=\"cursor: pointer; color: #ff6600;\">Anfrage[ TDS,COA, MSDS,MOA... ]<\/a><script src=\"https:\/\/cdn.staticfile.org\/jquery\/1.7\/jquery.min.js\"><\/script><script>$('.aaa').click(function(){\n\u00a0 \u00a0 \u00a0 \u00a0 $(\".wc-tabs li\").removeClass('active')\n\u00a0 \u00a0 \u00a0 \u00a0 $(\".wc-tabs li\").eq(0).addClass('active')\nvar o = $(\".wc-tabs li\").eq(0).closest(\".wc-tabs-wrapper, .woocommerce-tabs\");\no.find(\".wc-tab, .panel:not(.panel .panel)\").hide(),\n o.find(\"#\" + $(\".wc-tabs li a\").attr(\"href\").split(\"#\")[1]).show()\n\u00a0 \u00a0 \u00a0 \u00a0 window.location.href=\"#Contact Us\"\n\u00a0 \u00a0})<\/script><\/span><\/strong><\/p>","protected":false},"featured_media":2822,"template":"","meta":{"_seopress_robots_primary_cat":"none","_seopress_titles_title":"Marigold Flower Extract Lutein Esters  suppliers Marigold Flower Extract Lutein Esters manufacturers Marigold Flower Extract Lutein Esters factory free sample","_seopress_titles_desc":"When lutein ester enters the human body, it is first decomposed and then converted into lutein and then absorbed by the body. Not only can lutein ester be naturally hydrolyzed into free lutein in the human body, but it can also improve the bioavailability of lutein crystals.","_seopress_robots_index":""},"product_cat":[32,47],"product_tag":[1046,1038,1045,1043,1036,1039,1044,1040,1034,1057,1056,1052,1053,1051,1050,1047,1035,1054,1058,1059,1055,1060,1048,1049,1032,1033,1042,1041,1037],"featured_image_urls":{"full":["https:\/\/www.backvita.com\/wp-content\/uploads\/2023\/10\/Lutein-Esters.webp",446,459,false],"thumbnail":["https:\/\/www.backvita.com\/wp-content\/uploads\/2023\/10\/Lutein-Esters-150x150.webp",150,150,true],"medium":["https:\/\/www.backvita.com\/wp-content\/uploads\/2023\/10\/Lutein-Esters-292x300.webp",292,300,true],"medium_large":["https:\/\/www.backvita.com\/wp-content\/uploads\/2023\/10\/Lutein-Esters.webp",446,459,false],"large":["https:\/\/www.backvita.com\/wp-content\/uploads\/2023\/10\/Lutein-Esters.webp",446,459,false],"1536x1536":["https:\/\/www.backvita.com\/wp-content\/uploads\/2023\/10\/Lutein-Esters.webp",446,459,false],"2048x2048":["https:\/\/www.backvita.com\/wp-content\/uploads\/2023\/10\/Lutein-Esters.webp",446,459,false],"trp-custom-language-flag":["https:\/\/www.backvita.com\/wp-content\/uploads\/2023\/10\/Lutein-Esters.webp",12,12,false],"woocommerce_thumbnail":["https:\/\/www.backvita.com\/wp-content\/uploads\/2023\/10\/Lutein-Esters-300x300.webp",300,300,true],"woocommerce_single":["https:\/\/www.backvita.com\/wp-content\/uploads\/2023\/10\/Lutein-Esters.webp",446,459,false],"woocommerce_gallery_thumbnail":["https:\/\/www.backvita.com\/wp-content\/uploads\/2023\/10\/Lutein-Esters-100x100.webp",100,100,true]},"post_excerpt_stackable":"<p><span style=\"color: #000000;\">When lutein ester enters the human body, it is first decomposed and then converted into lutein and then absorbed by the body. Not only can lutein ester be naturally hydrolyzed into free lutein in the human body, but it can also improve the bioavailability of lutein crystals.<\/span><\/p>\n<p><span style=\"color: #ff6600;\"><a class=\"aaa\" style=\"cursor: pointer; color: #ff6600;\"><img decoding=\"async\" loading=\"lazy\" class=\"alignnone wp-image-2660\" title=\"Iquire \" src=\"https:\/\/www.backvita.com\/wp-content\/uploads\/2023\/10\/inquire-300x300.png\" alt=\"Iquire \" width=\"74\" height=\"74\" srcset=\"https:\/\/www.backvita.com\/wp-content\/uploads\/2023\/10\/inquire-300x300.png 300w, https:\/\/www.backvita.com\/wp-content\/uploads\/2023\/10\/inquire-150x150.png 150w, https:\/\/www.backvita.com\/wp-content\/uploads\/2023\/10\/inquire-100x100.png 100w, https:\/\/www.backvita.com\/wp-content\/uploads\/2023\/10\/inquire.png 512w\" sizes=\"(max-width: 74px) 100vw, 74px\" \/> <strong>Send an Inquiry<\/strong><\/a><strong><script src=\"https:\/\/cdn.staticfile.org\/jquery\/1.7\/jquery.min.js\"><\/script><script>$('.aaa').click(function(){\n\u00a0 \u00a0 \u00a0 \u00a0 $(\".wc-tabs li\").removeClass('active')\n\u00a0 \u00a0 \u00a0 \u00a0 $(\".wc-tabs li\").eq(0).addClass('active')\nvar o = $(\".wc-tabs li\").eq(0).closest(\".wc-tabs-wrapper, .woocommerce-tabs\");\no.find(\".wc-tab, .panel:not(.panel .panel)\").hide(),\n o.find(\"#\" + $(\".wc-tabs li a\").attr(\"href\").split(\"#\")[1]).show()\n\u00a0 \u00a0 \u00a0 \u00a0 window.location.href=\"#Contact Us\"\n\u00a0 \u00a0})<\/script><\/strong><\/span><\/p>\n<p><strong><span style=\"color: #ff6600;\"><a style=\"color: #ff6600;\" href=\"#Contact Us\"><img decoding=\"async\" loading=\"lazy\" class=\"alignnone wp-image-2661\" title=\"PDF\" src=\"https:\/\/www.backvita.com\/wp-content\/uploads\/2023\/10\/pdf-300x300.png\" alt=\"PDF\" width=\"76\" height=\"76\" srcset=\"https:\/\/www.backvita.com\/wp-content\/uploads\/2023\/10\/pdf-300x300.png 300w, https:\/\/www.backvita.com\/wp-content\/uploads\/2023\/10\/pdf-150x150.png 150w, https:\/\/www.backvita.com\/wp-content\/uploads\/2023\/10\/pdf-100x100.png 100w, https:\/\/www.backvita.com\/wp-content\/uploads\/2023\/10\/pdf.png 512w\" sizes=\"(max-width: 76px) 100vw, 76px\" \/><\/a><a class=\"aaa\" style=\"cursor: pointer; color: #ff6600;\">Request[ TDS,COA, MSDS,MOA&#8230; ]<\/a><script src=\"https:\/\/cdn.staticfile.org\/jquery\/1.7\/jquery.min.js\"><\/script><script>$('.aaa').click(function(){\n\u00a0 \u00a0 \u00a0 \u00a0 $(\".wc-tabs li\").removeClass('active')\n\u00a0 \u00a0 \u00a0 \u00a0 $(\".wc-tabs li\").eq(0).addClass('active')\nvar o = $(\".wc-tabs li\").eq(0).closest(\".wc-tabs-wrapper, .woocommerce-tabs\");\no.find(\".wc-tab, .panel:not(.panel .panel)\").hide(),\n o.find(\"#\" + $(\".wc-tabs li a\").attr(\"href\").split(\"#\")[1]).show()\n\u00a0 \u00a0 \u00a0 \u00a0 window.location.href=\"#Contact Us\"\n\u00a0 \u00a0})<\/script><\/span><\/strong><\/p>\n","category_list":"","author_info":{"name":"","url":""},"comments_num":"0 comments","_links":{"self":[{"href":"https:\/\/www.backvita.com\/de\/wp-json\/wp\/v2\/product\/2927"}],"collection":[{"href":"https:\/\/www.backvita.com\/de\/wp-json\/wp\/v2\/product"}],"about":[{"href":"https:\/\/www.backvita.com\/de\/wp-json\/wp\/v2\/types\/product"}],"wp:featuredmedia":[{"embeddable":true,"href":"https:\/\/www.backvita.com\/de\/wp-json\/wp\/v2\/media\/2822"}],"wp:attachment":[{"href":"https:\/\/www.backvita.com\/de\/wp-json\/wp\/v2\/media?parent=2927"}],"wp:term":[{"taxonomy":"product_cat","embeddable":true,"href":"https:\/\/www.backvita.com\/de\/wp-json\/wp\/v2\/product_cat?post=2927"},{"taxonomy":"product_tag","embeddable":true,"href":"https:\/\/www.backvita.com\/de\/wp-json\/wp\/v2\/product_tag?post=2927"}],"curies":[{"name":"wp","href":"https:\/\/api.w.org\/{rel}","templated":true}]}}