{"id":2928,"date":"2023-11-04T14:56:35","date_gmt":"2023-11-04T06:56:35","guid":{"rendered":"https:\/\/www.backvita.com\/?post_type=product&#038;p=2928"},"modified":"2024-03-02T10:04:42","modified_gmt":"2024-03-02T02:04:42","slug":"marigold-flower-extract-zeaxanthin-suppliers-marigold-flower-extract-zeaxanthin-manufacturers-marigold-flower-extract-zeaxanthin-factory-free-sample","status":"publish","type":"product","link":"https:\/\/www.backvita.com\/de\/product\/ringelblumenextrakt-zeaxanthin-lieferanten-ringelblumenextrakt-zeaxanthin-hersteller-ringelblumenextrakt-zeaxanthin-fabrik-kostenlose-probe\/","title":{"rendered":"Ringelblumenbl\u00fctenextrakt Zeaxanthin Lieferanten Ringelblumenbl\u00fctenextrakt Zeaxanthin Hersteller Ringelblumenbl\u00fctenextrakt Zeaxanthin Fabrik kostenlose Probe"},"content":{"rendered":"<div class=\"content_box\">\n<h2><b>Ringelblumenextrakt Zeaxanthin Einf\u00fchrung<\/b><\/h2>\n<\/div>\n<p><b><i>Ringelblumen-Extrakt\u00a0<\/i><\/b><b><i>(<\/i><\/b><b><i>Zeaxanthin<\/i><\/b><b><i>)<\/i><\/b><b><i>\u00a0<\/i><\/b>ist die gereinigte Fraktion, die aus der Verseifung des Oleoresins von Tagetes erecta L. gewonnen wird, auch Meso-Zeaxanthin genannt, und besteht haupts\u00e4chlich aus dem 3R,3'S-Isomer von Zeaxanthin. Sie enth\u00e4lt NLT 20,0% der gesamten Carotinoide, berechnet als Zeaxanthin (C40H56O2).<\/p>\n<table style=\"height: 240px;\" width=\"1315\">\n<tbody>\n<tr>\n<td width=\"219\"><strong>Produktname<\/strong><\/td>\n<td width=\"466\">Ringelblumenbl\u00fctenextrakt Zeaxanthin<\/td>\n<\/tr>\n<tr>\n<td><strong>CAS-Nr.<\/strong><\/td>\n<td>144-68-3<\/td>\n<\/tr>\n<tr>\n<td><strong>Lateinischer Name<\/strong><\/td>\n<td>Tagetes erecta Linn<\/td>\n<\/tr>\n<tr>\n<td><strong>Erscheinungsbild<\/strong><\/td>\n<td>Orangegelbes bis orangerotes Pulver<\/td>\n<\/tr>\n<tr>\n<td><strong>Spezifikationen<\/strong><\/td>\n<td>Zeaxanthin-Pulver 2%-60%, Zeaxanthin-Kristall 70%, Zeaxanthin-\u00d6l 10%,20%, Zeaxanthin-K\u00fcgelchen 5% 10%<\/td>\n<\/tr>\n<tr>\n<td><strong>Pakete<\/strong><\/td>\n<td>1kg\/Sack, 25kg\/Fass<\/td>\n<\/tr>\n<tr>\n<td><strong>Lagerung<\/strong><\/td>\n<td>Feuchtigkeitsschutz und lichtgesch\u00fctzte, geschlossene Lagerung vermeiden.<\/td>\n<\/tr>\n<tr>\n<td><strong>Pr\u00fcfverfahren<\/strong><\/td>\n<td>HPLC<\/td>\n<\/tr>\n<\/tbody>\n<\/table>\n<div data-node=\"63ad4f942d2e9\"><\/div>\n<div data-node=\"63ad4f942d2e9\"><\/div>\n<div data-node=\"63ad4f942d2e9\"><img decoding=\"async\" loading=\"lazy\" class=\"alignnone size-full wp-image-5230\" src=\"https:\/\/www.backvita.com\/wp-content\/uploads\/2023\/11\/lutein-1.webp\" alt=\"Lutein\" width=\"1547\" height=\"819\" srcset=\"https:\/\/www.backvita.com\/wp-content\/uploads\/2023\/11\/lutein-1.webp 1547w, https:\/\/www.backvita.com\/wp-content\/uploads\/2023\/11\/lutein-1-300x159.webp 300w, https:\/\/www.backvita.com\/wp-content\/uploads\/2023\/11\/lutein-1-1024x542.webp 1024w, https:\/\/www.backvita.com\/wp-content\/uploads\/2023\/11\/lutein-1-768x407.webp 768w, https:\/\/www.backvita.com\/wp-content\/uploads\/2023\/11\/lutein-1-1536x813.webp 1536w, https:\/\/www.backvita.com\/wp-content\/uploads\/2023\/11\/lutein-1-18x10.webp 18w, https:\/\/www.backvita.com\/wp-content\/uploads\/2023\/11\/lutein-1-600x318.webp 600w\" sizes=\"(max-width: 1547px) 100vw, 1547px\" \/><\/div>\n<div class=\"fl-col-group fl-node-63ad4f942d2e9 fl-col-group-equal-height fl-col-group-align-center\" data-node=\"63ad4f942d2e9\">\n<div class=\"fl-col fl-node-63ad4f942d328\" data-node=\"63ad4f942d328\">\n<div class=\"fl-col-content fl-node-content\">\n<div class=\"fl-module fl-module-rich-text fl-node-63ad4f942d3a8\" data-node=\"63ad4f942d3a8\" data-animation-delay=\"0.0\">\n<div class=\"fl-module-content fl-node-content\">\n<div class=\"fl-rich-text\">\n<div class=\"content_box\">\n<h2><\/h2>\n<h2><b>Ringelblumenextrakt Zeaxanthin<\/b><b> M<\/b><b>ainly Spezifikationen<\/b><\/h2>\n<\/div>\n<p>Ringelblumenextrakt Zeaxanthin-Pulver 2%-60% HPLC<br \/>\nRingelblumenextrakt Zeaxanthin-Kristall 70% HPLC<br \/>\nRingelblumenextrakt Zeaxanthin\u00f6l 10%,20% HPLC<br \/>\nRingelblumenextrakt Zeaxanthin CWS 5% 10% HPLC<br \/>\nRingelblumenextrakt Zeaxanthin Beadlets 5% 10% HPLC<\/p>\n<p>&nbsp;<\/p>\n<h2><b>Vorteile von\u00a0<\/b><b>Ringelblumenextrakt Zeaxanthin<\/b><\/h2>\n<\/div>\n<\/div>\n<\/div>\n<\/div>\n<\/div>\n<\/div>\n<div class=\"fl-col-group fl-node-63ad4f942d427\" data-node=\"63ad4f942d427\">\n<div class=\"fl-col fl-node-63ad4f942d466\" data-node=\"63ad4f942d466\">\n<div class=\"fl-col-content fl-node-content\">\n<div class=\"fl-module fl-module-rich-text fl-node-63ad4f942d4a5\" data-node=\"63ad4f942d4a5\" data-animation-delay=\"0.0\">\n<div class=\"fl-module-content fl-node-content\">\n<div class=\"fl-rich-text\">\n<p>Ringelblumenextrakt Zeaxanthin kann als nat\u00fcrlicher Farbstoff f\u00fcr Lebensmittel verwendet werden.<br \/>\nRingelblumenextrakt Zeaxanthin ist ein wichtiger Wirkstoff f\u00fcr die Netzhaut und die Gesundheit der Augen.<br \/>\nRingelblumenextrakt Zeaxanthin ist ein nat\u00fcrliches Carotinoid-Antioxidans.<br \/>\nRingelblumenextrakt Zeaxanthin kann als Zusatzstoff in der Aquakultur verwendet werden.<\/p>\n<p>&nbsp;<\/p>\n<\/div>\n<h2>Die Auswirkungen und Folgen von <b>Ringelblumenextrakt Z<\/b>Eaxanthin<\/h2>\n<h3><strong>Zeaxanthin ist ein wichtiger Bestandteil des Makulapigments in den Augen<\/strong><\/h3>\n<p>Zeaxanthin (Z) und Lutein (L) sind Isomere und sind wichtige Carotinoide in der Ern\u00e4hrung. Nach der Aufnahme durch den menschlichen K\u00f6rper verteilen sie sich in verschiedenen Geweben und Organen und selektiv in der Netzhaut des Auges. Es lagert sich in hohem Ma\u00dfe im Makulabereich ab und bildet zusammen mit dem racemischen Zeaxanthin (MZ) das Makulapigment im Makulabereich der Netzhaut. Das Makulapigment spielt eine wichtige Rolle beim Filtern von sch\u00e4dlichem blauem Licht, beim Abfangen freier Radikale und bei der Unterbrechung der Lipidperoxidation und kann die durch die genannten Faktoren verursachten Augensch\u00e4den verringern. Daher besteht eine der Funktionen von Zeaxanthin darin, die normale und vollst\u00e4ndige Struktur des Makulapigments aufrechtzuerhalten, was eine gesunde Sehfunktion aufrechterhalten und das Risiko altersbedingter Augenkrankheiten verringern kann.<\/p>\n<h3><strong>Zeaxanthin und Lutein erg\u00e4nzen sich gegenseitig und absorbieren blaues Licht umfassender<\/strong><\/h3>\n<p>Mit der Verbreitung von Smartphones nehmen H\u00e4ufigkeit und Ausma\u00df der Exposition der Augen gegen\u00fcber blauem Licht zu. Studien haben gezeigt, dass Carotinoide mit konjugierten Polyenketten sichtbares Licht absorbieren k\u00f6nnen, w\u00e4hrend Makulapigmente, deren Hauptbestandteile Zeaxanthin und Lutein sind, 40-90% des blauen Lichts absorbieren k\u00f6nnen. Der maximale Absorptionspeak von Zeaxanthin in Ethanoll\u00f6sung liegt bei 451 nm, der maximale Absorptionspeak von Lutein in Ethanoll\u00f6sung bei 445 nm. Man sieht, dass die zweite Wirkung von Zeaxanthin darin besteht, blaues Licht mit l\u00e4ngerer Wellenl\u00e4nge zu absorbieren, w\u00e4hrend Lutein l\u00e4ngere Wellenl\u00e4ngen absorbieren kann. Kurzes blaues Licht, die Kombination der beiden kann blaues Licht besser absorbieren.<\/p>\n<h3><strong>Kann Singulett-Sauerstoff besser unterdr\u00fccken<\/strong><\/h3>\n<p>Die dritte Funktion von Zeaxanthin ist die eines Antioxidans. Die Molekularstruktur von Zeaxanthin verleiht ihm eine starke antioxidative Wirkung. Bei der Bewertung mehrerer im Makulapigment enthaltener Carotinoide stellten die Forscher fest, dass Zeaxanthin besser in der Lage ist, Singulett-Sauerstoff zu l\u00f6schen.<\/p>\n<h3><strong>Schutz der Sehzellen und Aufrechterhaltung normaler Sehfunktionen<\/strong><\/h3>\n<p>Bei der visuellen Gesundheit geht es nicht nur darum, Objekte klar zu sehen, sondern auch darum, verschiedene Farben klar zu erkennen. Auf der Netzhaut gibt es Zapfen und St\u00e4bchen. Die Zapfen sind f\u00fcr das photopische Sehen und das Farbensehen verantwortlich. Sie sind haupts\u00e4chlich im Makulabereich verteilt. Es gibt nur Zapfen in der konkaven Mitte der Makula. Wenn es ein Problem mit den Zapfen gibt, k\u00f6nnen wir Farben m\u00f6glicherweise nicht normal erkennen. Forschungsdaten zeigen, dass die Konzentration von Zeaxanthin in der Fovea der Makula 500-1000 Mal h\u00f6her ist als die Konzentration im Plasma. Es zeigt sich, dass Zeaxanthin nicht nur einer der Bestandteile des Makulapigments ist, sondern dass sich seine Wirkung auch auf den Sehschutz der Augen auswirkt.<\/p>\n<p>&nbsp;<\/p>\n<\/div>\n<h2 style=\"text-align: left;\"><strong>Spezifikation (TDS) von Ringelblumenextrakt Zeaxanthin\u00a0<\/strong><\/h2>\n<div class=\"fl-module-content fl-node-content\">\n<table style=\"height: 1734px;\" width=\"1334\">\n<tbody>\n<tr>\n<td width=\"212\"><strong>Analyse-Elemente<\/strong><\/td>\n<td width=\"320\"><strong>Spezifikationen<\/strong><\/td>\n<td width=\"189\"><strong>Methoden<\/strong><\/td>\n<\/tr>\n<tr>\n<td colspan=\"3\" width=\"721\"><strong>Kennzeichnungen<\/strong><\/td>\n<\/tr>\n<tr>\n<td width=\"212\"><strong>A. UV<\/strong><\/td>\n<td colspan=\"2\" width=\"509\">Das Absorptionsverh\u00e4ltnis A427\/A453 bei etwa 480 nm.<\/td>\n<\/tr>\n<tr>\n<td width=\"212\"><strong>B. HPLC<\/strong><\/td>\n<td colspan=\"2\" width=\"509\">Die Retentionszeit der Probe stimmt mit der des Standards im HPLC-Reinheitstest \u00fcberein.<\/td>\n<\/tr>\n<tr>\n<td colspan=\"3\" width=\"721\"><strong>Wirkstofftests<\/strong><\/td>\n<\/tr>\n<tr>\n<td width=\"212\"><strong>Zeaxanthin (HPLC)<\/strong><\/td>\n<td width=\"320\">\u226520.00%<\/td>\n<td width=\"189\">USP43<\/td>\n<\/tr>\n<tr>\n<td width=\"212\"><strong>Carotinoide (UV)<\/strong><\/td>\n<td width=\"320\">\u226520.00%<\/td>\n<td width=\"189\">USP40<\/td>\n<\/tr>\n<tr>\n<td colspan=\"3\" width=\"721\"><strong>Physikalische Tests<\/strong><\/td>\n<\/tr>\n<tr>\n<td width=\"212\"><strong>Erscheinungsbild<\/strong><\/td>\n<td width=\"320\">Orangegelbes feines Pulver<\/td>\n<td width=\"189\">Visuell<\/td>\n<\/tr>\n<tr>\n<td width=\"212\"><strong>Geruch<\/strong><\/td>\n<td width=\"320\">Charakteristisch<\/td>\n<td width=\"189\">Organoleptisch<\/td>\n<\/tr>\n<tr>\n<td width=\"212\"><strong>Geschmack<\/strong><\/td>\n<td width=\"320\">Charakteristisch<\/td>\n<td width=\"189\">Organoleptisch<\/td>\n<\/tr>\n<tr>\n<td width=\"212\"><strong>Partikelgr\u00f6\u00dfe<\/strong><\/td>\n<td width=\"320\">90% Durchgang 80mesh<\/td>\n<td width=\"189\">USP40<\/td>\n<\/tr>\n<tr>\n<td width=\"212\"><strong>Wasser<\/strong><\/td>\n<td width=\"320\">\u22645.00%<\/td>\n<td width=\"189\">USP40<\/td>\n<\/tr>\n<tr>\n<td width=\"212\"><strong>R\u00fcckst\u00e4nde bei der Z\u00fcndung<\/strong><\/td>\n<td width=\"320\">\u22645.00%<\/td>\n<td width=\"189\">USP40<\/td>\n<\/tr>\n<tr>\n<td colspan=\"3\" width=\"721\"><strong>Chemische Tests<\/strong><\/td>\n<\/tr>\n<tr>\n<td width=\"212\"><strong>Schwermetalle<\/strong><\/td>\n<td width=\"320\">\u226410.00ppm<\/td>\n<td width=\"189\">USP43<\/td>\n<\/tr>\n<tr>\n<td width=\"212\"><strong>Pb<\/strong><\/td>\n<td width=\"320\">\u22641,00ppm<\/td>\n<td width=\"189\">USP43<\/td>\n<\/tr>\n<tr>\n<td width=\"212\"><strong>As<\/strong><\/td>\n<td width=\"320\">\u22641,00ppm<\/td>\n<td width=\"189\">USP43<\/td>\n<\/tr>\n<tr>\n<td width=\"212\"><strong>Cd<\/strong><\/td>\n<td width=\"320\">\u22641,00ppm<\/td>\n<td width=\"189\">USP43<\/td>\n<\/tr>\n<tr>\n<td width=\"212\"><strong>Hg<\/strong><\/td>\n<td width=\"320\">\u22640,10ppm<\/td>\n<td width=\"189\">USP43<\/td>\n<\/tr>\n<tr>\n<td width=\"212\"><strong>R\u00fcckst\u00e4nde von L\u00f6sungsmitteln<\/strong><\/td>\n<td width=\"320\">USP<\/td>\n<td width=\"189\">USP43<\/td>\n<\/tr>\n<tr>\n<td width=\"212\"><strong>R\u00fcckst\u00e4nde von Pestiziden<\/strong><\/td>\n<td width=\"320\">USP<\/td>\n<td width=\"189\">USP43<\/td>\n<\/tr>\n<tr>\n<td width=\"212\"><strong>Ethoxyquin<\/strong><\/td>\n<td width=\"320\">Negativ<\/td>\n<td width=\"189\">HPLC-MS\/MS<\/td>\n<\/tr>\n<tr>\n<td colspan=\"3\" width=\"721\"><strong>Mikrobiologische Tests<\/strong><\/td>\n<\/tr>\n<tr>\n<td width=\"212\"><strong>Gesamtkeimzahl<\/strong><\/td>\n<td width=\"320\">\u22641.000cfu\/g<\/td>\n<td width=\"189\">USP43<\/td>\n<\/tr>\n<tr>\n<td width=\"212\"><strong>Hefen und Schimmelpilze<\/strong><\/td>\n<td width=\"320\">\u2264100cfu\/g<\/td>\n<td width=\"189\">USP43<\/td>\n<\/tr>\n<tr>\n<td width=\"212\"><strong>E. Coli<\/strong><\/td>\n<td width=\"320\">Negativ in 1g<\/td>\n<td width=\"189\">USP43<\/td>\n<\/tr>\n<tr>\n<td width=\"212\"><strong>Salmonellen<\/strong><\/td>\n<td width=\"320\">Negativ in 10g<\/td>\n<td width=\"189\">USP43<\/td>\n<\/tr>\n<\/tbody>\n<\/table>\n<\/div>\n<\/div>\n<\/div>\n<\/div>\n<\/div>\n<p>&nbsp;<\/p>\n<h2><span style=\"color: #ff9c00;\">Unser Rest-Easy-Service mit Mehrwert<\/span><\/h2>\n<p><em><strong><span style=\"color: #ff9c00;\">&gt;&gt;&gt;\u00a0 <\/span><\/strong><\/em><strong>Backvita verf\u00fcgt \u00fcber professionelle Techniker, die technische Support-Dokumente wie: Normen, Specs, COA, MOA,\u00a0<\/strong><strong>MSDS,<\/strong><strong>Flussdiagramm, Erkl\u00e4rungen, Chromatogramme, N\u00e4hrwertangaben, Stabilit\u00e4tspr\u00fcfung, usw.<\/strong><\/p>\n<p><strong><span style=\"color: #ff9c00;\">&gt;&gt;&gt; \u00a0<\/span>Wir versprechen Ihnen, Ihnen einzigartige Dienstleistungen anzubieten, damit Sie sich beim Kauf und Verkauf von Produkten keine Sorgen machen m\u00fcssen.<\/strong><\/p>\n<p><strong><span style=\"color: #ff9c00;\">&gt;&gt;&gt;<\/span>\u00a0 Unser globales E-Commerce-Datenanalystenteam verf\u00fcgt \u00fcber 10 Jahre Erfahrung in der Pflanzenextraktbranche. Es stellt Ihnen Datenberichte \u00fcber die L\u00e4nder zur Verf\u00fcgung, in denen Ihre Produkte verkauft werden, damit Sie fundierte Entscheidungen treffen k\u00f6nnen. Diese Datenberichte enthalten Verkaufsvolumen, Vertriebskan\u00e4le, Wettbewerbsanalysen und andere Informationen, die Ihnen helfen, die Marktnachfrage und -trends besser zu verstehen und so Ihre Beschaffungs- und Verkaufsstrategien zu optimieren.<\/strong><\/p>\n<p><strong><span style=\"color: #ff9c00;\">&gt;&gt;&gt;\u00a0<\/span> Zus\u00e4tzlich zu den Datenberichten stellen wir Ihnen regelm\u00e4\u00dfig Informationen \u00fcber marktrelevante Produkte und neue Produkte zur Verf\u00fcgung. Diese Informationen helfen Ihnen, sich \u00fcber potenzielle Chancen und Trends auf dem Markt auf dem Laufenden zu halten und Anpassungen und Entscheidungen auf der Grundlage der Marktanforderungen zu treffen.<\/strong><\/p>\n<p><strong><span style=\"color: #ff9c00;\">&gt;&gt;&gt;<\/span>\u00a0 Wenn Sie eine eigene, exklusive Marke haben, stellen wir Ihnen auch Werbematerialien und Plakate zur Verf\u00fcgung, mit denen Sie Ihr Markenimage und Ihren Bekanntheitsgrad steigern k\u00f6nnen. Unser Designteam entwirft exklusive Werbematerialien f\u00fcr Ihre Marke nach Ihren Bed\u00fcrfnissen und Anforderungen. Alle diese Mehrwertdienste werden den Kunden unserer Partner kostenlos zur Verf\u00fcgung gestellt.<\/strong><\/p>\n<p><strong><span style=\"color: #ff9c00;\">&gt;&gt;&gt;<\/span>\u00a0 Unser Ziel ist es, die Kunden in den Mittelpunkt zu stellen, Ihnen w\u00e4hrend des gesamten Prozesses einen sorgenfreien Service zu bieten und Ihnen zu mehr Leistung und Erfolg zu verhelfen.<\/strong><\/p>\n<p><strong><span style=\"color: #ff9c00;\">&gt;&gt;&gt;<\/span>\u00a0 Wenn Sie Fragen oder spezielle W\u00fcnsche zu unseren Mehrwertdiensten haben, k\u00f6nnen Sie sich gerne an uns wenden. Wir werden unser Bestes tun, um Ihnen zu helfen und Ihre Zufriedenheit zu gew\u00e4hrleisten. Nochmals vielen Dank f\u00fcr Ihre Unterst\u00fctzung und Aufmerksamkeit und wir freuen uns auf eine langfristige Zusammenarbeit mit Ihnen.<\/strong><\/p>\n<p>&nbsp;<\/p>\n<h2>Kontakt<a name=\"Contact Us\"><\/a><\/h2>\n\n<div class=\"wpcf7 no-js\" id=\"wpcf7-f690-o1\" lang=\"zh-CN\" dir=\"ltr\">\n<div class=\"screen-reader-response\"><p role=\"status\" aria-live=\"polite\" aria-atomic=\"true\"><\/p> <ul><\/ul><\/div>\n<form action=\"\/de\/wp-json\/wp\/v2\/product\/2928#wpcf7-f690-o1\" method=\"post\" class=\"wpcf7-form init\" aria-label=\"Contact form\" novalidate=\"novalidate\" data-status=\"init\" data-trp-original-action=\"\/de\/wp-json\/wp\/v2\/product\/2928#wpcf7-f690-o1\">\n<div style=\"display: none;\">\n<input type=\"hidden\" name=\"_wpcf7\" value=\"690\" \/>\n<input type=\"hidden\" name=\"_wpcf7_version\" value=\"5.8\" \/>\n<input type=\"hidden\" name=\"_wpcf7_locale\" value=\"zh_CN\" \/>\n<input type=\"hidden\" name=\"_wpcf7_unit_tag\" value=\"wpcf7-f690-o1\" \/>\n<input type=\"hidden\" name=\"_wpcf7_container_post\" value=\"0\" \/>\n<input type=\"hidden\" name=\"_wpcf7_posted_data_hash\" value=\"\" \/>\n<\/div>\n<p><label> *Name * Firmenname<br \/>\n<span class=\"wpcf7-form-control-wrap\" data-name=\"your-name\"><input size=\"40\" class=\"wpcf7-form-control wpcf7-text wpcf7-validates-as-required\" autocomplete=\"name\" aria-required=\"true\" aria-invalid=\"false\" value=\"\" type=\"text\" name=\"your-name\" \/><\/span> <\/label>\n<\/p>\n<p><label> *E-Mail<br \/>\n<span class=\"wpcf7-form-control-wrap\" data-name=\"your-email\"><input size=\"40\" class=\"wpcf7-form-control wpcf7-email wpcf7-validates-as-required wpcf7-text wpcf7-validates-as-email\" autocomplete=\"email\" aria-required=\"true\" aria-invalid=\"false\" value=\"\" type=\"email\" name=\"your-email\" \/><\/span> <\/label>\n<\/p>\n<p><label> *Telefonnummer<br \/>\n<span class=\"wpcf7-form-control-wrap\" data-name=\"your-subject\"><input size=\"40\" class=\"wpcf7-form-control wpcf7-text wpcf7-validates-as-required\" aria-required=\"true\" aria-invalid=\"false\" value=\"\" type=\"text\" name=\"your-subject\" \/><\/span> <\/label>\n<\/p>\n<p><label> *Meldung<br \/>\n<span class=\"wpcf7-form-control-wrap\" data-name=\"your-message\"><textarea cols=\"40\" rows=\"10\" class=\"wpcf7-form-control wpcf7-textarea\" aria-invalid=\"false\" name=\"your-message\"><\/textarea><\/span> <\/label>\n<\/p>\n<p><input class=\"wpcf7-form-control wpcf7-submit has-spinner\" type=\"submit\" value=\"Einreichen\" \/>\n<\/p><div class=\"wpcf7-response-output\" aria-hidden=\"true\"><\/div>\n<input type=\"hidden\" name=\"trp-form-language\" value=\"de\"\/><\/form>\n<\/div>\n\n<p>&nbsp;<\/p>","protected":false},"excerpt":{"rendered":"<p><span style=\"color: #000000;\">Ringelblumenextrakt Zeaxanthin ist eines der h\u00e4ufigsten Carotinoide in der Natur. Es ist in der menschlichen Haut, dem Gehirn und anderen Geweben weit verbreitet. Daten aus der amerikanischen Ern\u00e4hrungsstudie zeigen, dass die Konzentration von Zeaxanthin im fovealen Bereich der Netzhaut extrem hoch ist und sich im fovealen Bereich konzentriert, so dass das Auge auch der Ort ist, an dem Zeaxanthin am reichlichsten vorkommt.<\/span><\/p>\n<p><span style=\"color: #ff6600;\"><a class=\"aaa\" style=\"cursor: pointer; color: #ff6600;\"><img decoding=\"async\" loading=\"lazy\" class=\"alignnone wp-image-2660\" title=\"Erkundigen Sie sich bei \" src=\"https:\/\/www.backvita.com\/wp-content\/uploads\/2023\/10\/inquire-300x300.png\" alt=\"Erkundigen Sie sich bei \" width=\"75\" height=\"75\" srcset=\"https:\/\/www.backvita.com\/wp-content\/uploads\/2023\/10\/inquire-300x300.png 300w, https:\/\/www.backvita.com\/wp-content\/uploads\/2023\/10\/inquire-150x150.png 150w, https:\/\/www.backvita.com\/wp-content\/uploads\/2023\/10\/inquire-100x100.png 100w, https:\/\/www.backvita.com\/wp-content\/uploads\/2023\/10\/inquire.png 512w\" sizes=\"(max-width: 75px) 100vw, 75px\" \/> <strong>Anfrage senden<\/strong><\/a><strong><script src=\"https:\/\/cdn.staticfile.org\/jquery\/1.7\/jquery.min.js\"><\/script><script>$('.aaa').click(function(){\n\u00a0 \u00a0 \u00a0 \u00a0 $(\".wc-tabs li\").removeClass('active')\n\u00a0 \u00a0 \u00a0 \u00a0 $(\".wc-tabs li\").eq(0).addClass('active')\nvar o = $(\".wc-tabs li\").eq(0).closest(\".wc-tabs-wrapper, .woocommerce-tabs\");\no.find(\".wc-tab, .panel:not(.panel .panel)\").hide(),\n o.find(\"#\" + $(\".wc-tabs li a\").attr(\"href\").split(\"#\")[1]).show()\n\u00a0 \u00a0 \u00a0 \u00a0 window.location.href=\"#Contact Us\"\n\u00a0 \u00a0})<\/script><\/strong><\/span><\/p>\n<p><strong><span style=\"color: #ff6600;\"><a style=\"color: #ff6600;\" href=\"#Contact Us\"><img decoding=\"async\" loading=\"lazy\" class=\"alignnone wp-image-2661\" title=\"PDF\" src=\"https:\/\/www.backvita.com\/wp-content\/uploads\/2023\/10\/pdf-300x300.png\" alt=\"PDF\" width=\"75\" height=\"75\" srcset=\"https:\/\/www.backvita.com\/wp-content\/uploads\/2023\/10\/pdf-300x300.png 300w, https:\/\/www.backvita.com\/wp-content\/uploads\/2023\/10\/pdf-150x150.png 150w, https:\/\/www.backvita.com\/wp-content\/uploads\/2023\/10\/pdf-100x100.png 100w, https:\/\/www.backvita.com\/wp-content\/uploads\/2023\/10\/pdf.png 512w\" sizes=\"(max-width: 75px) 100vw, 75px\" \/><\/a><a class=\"aaa\" style=\"cursor: pointer; color: #ff6600;\">Anfrage[ TDS,COA, MSDS,MOA... ]<\/a><script src=\"https:\/\/cdn.staticfile.org\/jquery\/1.7\/jquery.min.js\"><\/script><script>$('.aaa').click(function(){\n\u00a0 \u00a0 \u00a0 \u00a0 $(\".wc-tabs li\").removeClass('active')\n\u00a0 \u00a0 \u00a0 \u00a0 $(\".wc-tabs li\").eq(0).addClass('active')\nvar o = $(\".wc-tabs li\").eq(0).closest(\".wc-tabs-wrapper, .woocommerce-tabs\");\no.find(\".wc-tab, .panel:not(.panel .panel)\").hide(),\n o.find(\"#\" + $(\".wc-tabs li a\").attr(\"href\").split(\"#\")[1]).show()\n\u00a0 \u00a0 \u00a0 \u00a0 window.location.href=\"#Contact Us\"\n\u00a0 \u00a0})<\/script><\/span><\/strong><\/p>","protected":false},"featured_media":2821,"template":"","meta":{"_seopress_robots_primary_cat":"none","_seopress_titles_title":"Marigold Flower Extract Zeaxanthin  suppliers Marigold Flower Extract Zeaxanthin manufacturers Marigold Flower Extract Zeaxanthin factory free sample","_seopress_titles_desc":"Marigold Flower Extract Zeaxanthin \u00a0is one of the common carotenoids in nature. It is widely found in human skin, brain and other tissues. Data from the American Nutrition Survey shows that the concentration of zeaxanthin is extremely high in the foveal area of \u200b\u200bthe retina, and is concentrated in the foveal area, so the eye is also the site where zeaxanthin is most abundant.","_seopress_robots_index":""},"product_cat":[32,47],"product_tag":[1017,1009,1016,1014,1007,1010,1015,1011,1003,1004,1013,1012,1008,1005,1028,1027,1023,1024,1022,1021,1018,1019,1006,1025,1029,1030,1026,1031,1020],"featured_image_urls":{"full":["https:\/\/www.backvita.com\/wp-content\/uploads\/2023\/10\/Zeaxanthin-1.webp",456,457,false],"thumbnail":["https:\/\/www.backvita.com\/wp-content\/uploads\/2023\/10\/Zeaxanthin-1-150x150.webp",150,150,true],"medium":["https:\/\/www.backvita.com\/wp-content\/uploads\/2023\/10\/Zeaxanthin-1-300x300.webp",300,300,true],"medium_large":["https:\/\/www.backvita.com\/wp-content\/uploads\/2023\/10\/Zeaxanthin-1.webp",456,457,false],"large":["https:\/\/www.backvita.com\/wp-content\/uploads\/2023\/10\/Zeaxanthin-1.webp",456,457,false],"1536x1536":["https:\/\/www.backvita.com\/wp-content\/uploads\/2023\/10\/Zeaxanthin-1.webp",456,457,false],"2048x2048":["https:\/\/www.backvita.com\/wp-content\/uploads\/2023\/10\/Zeaxanthin-1.webp",456,457,false],"trp-custom-language-flag":["https:\/\/www.backvita.com\/wp-content\/uploads\/2023\/10\/Zeaxanthin-1.webp",12,12,false],"woocommerce_thumbnail":["https:\/\/www.backvita.com\/wp-content\/uploads\/2023\/10\/Zeaxanthin-1-300x300.webp",300,300,true],"woocommerce_single":["https:\/\/www.backvita.com\/wp-content\/uploads\/2023\/10\/Zeaxanthin-1.webp",456,457,false],"woocommerce_gallery_thumbnail":["https:\/\/www.backvita.com\/wp-content\/uploads\/2023\/10\/Zeaxanthin-1-100x100.webp",100,100,true]},"post_excerpt_stackable":"<p><span style=\"color: #000000;\">Marigold Flower Extract Zeaxanthin \u00a0is one of the common carotenoids in nature. It is widely found in human skin, brain and other tissues. Data from the American Nutrition Survey shows that the concentration of zeaxanthin is extremely high in the foveal area of \u200b\u200bthe retina, and is concentrated in the foveal area, so the eye is also the site where zeaxanthin is most abundant.<\/span><\/p>\n<p><span style=\"color: #ff6600;\"><a class=\"aaa\" style=\"cursor: pointer; color: #ff6600;\"><img decoding=\"async\" loading=\"lazy\" class=\"alignnone wp-image-2660\" title=\"Iquire \" src=\"https:\/\/www.backvita.com\/wp-content\/uploads\/2023\/10\/inquire-300x300.png\" alt=\"Iquire \" width=\"75\" height=\"75\" srcset=\"https:\/\/www.backvita.com\/wp-content\/uploads\/2023\/10\/inquire-300x300.png 300w, https:\/\/www.backvita.com\/wp-content\/uploads\/2023\/10\/inquire-150x150.png 150w, https:\/\/www.backvita.com\/wp-content\/uploads\/2023\/10\/inquire-100x100.png 100w, https:\/\/www.backvita.com\/wp-content\/uploads\/2023\/10\/inquire.png 512w\" sizes=\"(max-width: 75px) 100vw, 75px\" \/> <strong>Send an Inquiry<\/strong><\/a><strong><script src=\"https:\/\/cdn.staticfile.org\/jquery\/1.7\/jquery.min.js\"><\/script><script>$('.aaa').click(function(){\n\u00a0 \u00a0 \u00a0 \u00a0 $(\".wc-tabs li\").removeClass('active')\n\u00a0 \u00a0 \u00a0 \u00a0 $(\".wc-tabs li\").eq(0).addClass('active')\nvar o = $(\".wc-tabs li\").eq(0).closest(\".wc-tabs-wrapper, .woocommerce-tabs\");\no.find(\".wc-tab, .panel:not(.panel .panel)\").hide(),\n o.find(\"#\" + $(\".wc-tabs li a\").attr(\"href\").split(\"#\")[1]).show()\n\u00a0 \u00a0 \u00a0 \u00a0 window.location.href=\"#Contact Us\"\n\u00a0 \u00a0})<\/script><\/strong><\/span><\/p>\n<p><strong><span style=\"color: #ff6600;\"><a style=\"color: #ff6600;\" href=\"#Contact Us\"><img decoding=\"async\" loading=\"lazy\" class=\"alignnone wp-image-2661\" title=\"PDF\" src=\"https:\/\/www.backvita.com\/wp-content\/uploads\/2023\/10\/pdf-300x300.png\" alt=\"PDF\" width=\"75\" height=\"75\" srcset=\"https:\/\/www.backvita.com\/wp-content\/uploads\/2023\/10\/pdf-300x300.png 300w, https:\/\/www.backvita.com\/wp-content\/uploads\/2023\/10\/pdf-150x150.png 150w, https:\/\/www.backvita.com\/wp-content\/uploads\/2023\/10\/pdf-100x100.png 100w, https:\/\/www.backvita.com\/wp-content\/uploads\/2023\/10\/pdf.png 512w\" sizes=\"(max-width: 75px) 100vw, 75px\" \/><\/a><a class=\"aaa\" style=\"cursor: pointer; color: #ff6600;\">Request[ TDS,COA, MSDS,MOA&#8230; ]<\/a><script src=\"https:\/\/cdn.staticfile.org\/jquery\/1.7\/jquery.min.js\"><\/script><script>$('.aaa').click(function(){\n\u00a0 \u00a0 \u00a0 \u00a0 $(\".wc-tabs li\").removeClass('active')\n\u00a0 \u00a0 \u00a0 \u00a0 $(\".wc-tabs li\").eq(0).addClass('active')\nvar o = $(\".wc-tabs li\").eq(0).closest(\".wc-tabs-wrapper, .woocommerce-tabs\");\no.find(\".wc-tab, .panel:not(.panel .panel)\").hide(),\n o.find(\"#\" + $(\".wc-tabs li a\").attr(\"href\").split(\"#\")[1]).show()\n\u00a0 \u00a0 \u00a0 \u00a0 window.location.href=\"#Contact Us\"\n\u00a0 \u00a0})<\/script><\/span><\/strong><\/p>\n","category_list":"","author_info":{"name":"","url":""},"comments_num":"0 comments","_links":{"self":[{"href":"https:\/\/www.backvita.com\/de\/wp-json\/wp\/v2\/product\/2928"}],"collection":[{"href":"https:\/\/www.backvita.com\/de\/wp-json\/wp\/v2\/product"}],"about":[{"href":"https:\/\/www.backvita.com\/de\/wp-json\/wp\/v2\/types\/product"}],"wp:featuredmedia":[{"embeddable":true,"href":"https:\/\/www.backvita.com\/de\/wp-json\/wp\/v2\/media\/2821"}],"wp:attachment":[{"href":"https:\/\/www.backvita.com\/de\/wp-json\/wp\/v2\/media?parent=2928"}],"wp:term":[{"taxonomy":"product_cat","embeddable":true,"href":"https:\/\/www.backvita.com\/de\/wp-json\/wp\/v2\/product_cat?post=2928"},{"taxonomy":"product_tag","embeddable":true,"href":"https:\/\/www.backvita.com\/de\/wp-json\/wp\/v2\/product_tag?post=2928"}],"curies":[{"name":"wp","href":"https:\/\/api.w.org\/{rel}","templated":true}]}}