{"id":2970,"date":"2023-11-06T10:20:28","date_gmt":"2023-11-06T02:20:28","guid":{"rendered":"https:\/\/www.backvita.com\/?post_type=product&#038;p=2970"},"modified":"2024-02-07T10:59:34","modified_gmt":"2024-02-07T02:59:34","slug":"centella-asiatica-extract-t-e-c-a-suppliers-centella-asiatica-extract-t-e-c-a-manufacturers-centella-asiatica-extract-t-e-c-a-factory-free-sample","status":"publish","type":"product","link":"https:\/\/www.backvita.com\/de\/product\/centella-asiatica-extrakt-t-e-c-a-lieferanten-centella-asiatica-extrakt-t-e-c-a-hersteller-centella-asiatica-extrakt-t-e-c-a-fabrik-kostenlose-probe\/","title":{"rendered":"Centella Asiatica Extrakt T.E.C.A. Lieferanten Centella Asiatica Extrakt T.E.C.A. Hersteller Centella Asiatica Extrakt T.E.C.A. Fabrik kostenlose Probe"},"content":{"rendered":"<h2>Centella Asiatica Extrakt T.E.C.A.Einf\u00fchrung<\/h2>\n<p>TECA ist ein hochreines Gemisch aus drei Terpenoiden (Asiaticosid, Madecasins\u00e4ure und Madecasins\u00e4ure) des Centella asiatica-Extrakts, das durch extreme Reinigungsschritte hergestellt und in einer bestimmten Konzentration gemischt wird.<br \/>\nAls hochkonzentrierter Centella asiatica-Extrakt wirkt TECA auch entz\u00fcndungshemmend, straffend, faltenreduzierend und f\u00f6rdert die Kollagenregeneration.<\/p>\n<table style=\"height: 208px;\" width=\"1336\">\n<tbody>\n<tr>\n<td width=\"219\"><strong>Produktname<\/strong><\/td>\n<td width=\"466\">Centella Asiatica Extrakt T.E.C.A.<\/td>\n<\/tr>\n<tr>\n<td><strong>CAS-Nr.<\/strong><\/td>\n<td>84696-21-9<\/td>\n<\/tr>\n<tr>\n<td><strong>Lateinischer Name<\/strong><\/td>\n<td>Centella asiatica L.<\/td>\n<\/tr>\n<tr>\n<td><strong>Erscheinungsbild<\/strong><\/td>\n<td>Wei\u00dfes kristallines Pulver<\/td>\n<\/tr>\n<tr>\n<td><strong>Spezifikationen<\/strong><\/td>\n<td>95%<\/td>\n<\/tr>\n<tr>\n<td><strong>Pakete<\/strong><\/td>\n<td>1kg\/Sack, 25kg\/Fass<\/td>\n<\/tr>\n<tr>\n<td><strong>Lagerung<\/strong><\/td>\n<td>Feuchtigkeitsschutz und lichtgesch\u00fctzte, geschlossene Lagerung vermeiden.<\/td>\n<\/tr>\n<tr>\n<td><strong>Pr\u00fcfverfahren<\/strong><\/td>\n<td>HPLC<\/td>\n<\/tr>\n<\/tbody>\n<\/table>\n<h2><\/h2>\n<h2>Centella Asiatica Extrakt T.E.C.A.-Anwendung Klassifizierung<\/h2>\n<div>\n<h3><strong>Entz\u00fcndungshemmend, antiallergisch<\/strong><\/h3>\n<p>TECA kann die durch LPS ausgel\u00f6ste Entz\u00fcndungsreaktion hemmen, entz\u00fcndliche Zytokine wirksam freisetzen, die Aktivierung von Mastzellen ausl\u00f6sen und eine Vielzahl allergischer Mediatoren wie Zytokine, Histamin usw. freisetzen. Die Forschung zeigt, dass TECA Makrophagen in der Haut inaktivieren kann, wodurch Hautentz\u00fcndungen und Atopie verringert werden. Daher kann TECA in Kosmetika als entz\u00fcndungshemmender und antiallergischer nat\u00fcrlicher Inhaltsstoff verwendet werden, um Akne, R\u00f6tungen, Allergien und andere Symptome im Gesicht zu lindern.<\/p>\n<h3><strong>Straffung und Anti-Falten-Wirkung<\/strong><\/h3>\n<p>Centella asiatica TECA kann den durch UVA induzierten Anstieg der p53-Expression verhindern, den durch UVA-Bestrahlung induzierten oxidativen Stress und den Anstieg der MMP-2-Expression signifikant reduzieren, UVA-induzierte Lichtalterung verhindern, Straffung und Anti-Falten-Wirkung erzielen und die Hautalterung verz\u00f6gern.<\/p>\n<p>Ultraviolette Strahlung ist die Hauptursache f\u00fcr die Hautalterung, und die Verwendung von Antioxidantien ist ein wirksames Mittel, um die durch ultraviolette Strahlen verursachten Symptome der Hautalterung zu verhindern. Zebrafische haben ein dem Menschen \u00e4hnliches oxidatives und antioxidatives System, und reaktive Sauerstoffspezies im K\u00f6rper k\u00f6nnen in vivo gef\u00e4rbt werden. Daher ist der Zebrafisch gut geeignet, um die Wirksamkeit von Antioxidantien zu testen.<\/p>\n<h3><strong>F\u00f6rderung der Kollagenregeneration<\/strong><\/h3>\n<p>Centella asiatica TECA kann die Produktion von Kollagen wirksam beschleunigen und die Vitalit\u00e4t von Narbenfibroblasten f\u00f6rdern, wodurch die Synthese und Sekretion von Kollagenfasern und Matrixkomponenten erh\u00f6ht wird, Granulationsgewebe zusammen mit neuen Kapillaren gebildet wird, Wundgewebedefekte aufgef\u00fcllt werden und Epidermiszellen bereitgestellt werden. Die Abdeckung schafft Bedingungen, die die Reparatur gesch\u00e4digter Haut unterst\u00fctzen.<\/p>\n<\/div>\n<div><\/div>\n<h2>Centella Asiatica Extrakt - Spezifikationen und Anwendungen in der Kosmetik<\/h2>\n<table style=\"height: 456px;\" width=\"1316\">\n<tbody>\n<tr>\n<td width=\"135\"><strong>Spezifikationen<\/strong><\/td>\n<td width=\"172\"><strong>Inhalt\u00a0<\/strong><\/td>\n<td width=\"172\"><strong>Charakteristisch<\/strong><\/td>\n<td width=\"334\"><strong>Funktionen<\/strong><\/td>\n<td width=\"306\"><strong>Anwendungen<\/strong><\/td>\n<\/tr>\n<tr>\n<td width=\"135\"><strong>Triterpene insgesamt (Asiaticosid+<\/strong><\/p>\n<p><strong>Madecassosid+Asiaticosid B)<\/strong><\/td>\n<td width=\"172\">70%-80%<\/td>\n<td width=\"172\">Hellgelbes Pulver<\/td>\n<td width=\"334\">Narbenentfernung, Akneentfernung, Akne, Wundheilung...<\/td>\n<td width=\"306\">Maske, Creme, Lotion, Lotion, Gel, etc.<\/td>\n<\/tr>\n<tr>\n<td width=\"135\"><strong>Asiaticosid<\/strong><\/td>\n<td width=\"172\">40%-95%<\/td>\n<td width=\"172\">40%-hellgelb<\/p>\n<p>70%-95% wei\u00df<\/td>\n<td width=\"334\">Entz\u00fcndungshemmung, Reorganisation der Haut, Anti-Aging<\/td>\n<td width=\"306\">Gesichtsmasken, Cremes, Lotionen, Gele, Lotionen gegen Haarausfall, usw.<\/td>\n<\/tr>\n<tr>\n<td width=\"135\"><strong>Madecassosid<\/strong><\/td>\n<td width=\"172\">50%-95%<\/td>\n<td width=\"172\">Wei\u00dfes Pulver<\/td>\n<td width=\"334\">Entz\u00fcndungshemmung, Umstrukturierung der Haut, Regulierung des Keratins<\/td>\n<td width=\"306\">Maske, Creme, Lotion, Lotion, Gel, etc.<\/td>\n<\/tr>\n<tr>\n<td width=\"135\"><strong>Madecassins\u00e4ure<\/strong><\/td>\n<td width=\"172\">80%<\/td>\n<td width=\"172\">Wei\u00dfes Pulver<\/td>\n<td width=\"334\">Aufhellung, Straffung, Umstrukturierung der Haut<\/td>\n<td width=\"306\">Creme, Lotion, Essenz, Gel, usw.<\/td>\n<\/tr>\n<tr>\n<td width=\"135\"><strong>Asiatische S\u00e4ure<\/strong><\/td>\n<td width=\"172\">90%<\/td>\n<td width=\"172\">Wei\u00dfes Pulver<\/td>\n<td width=\"334\">Aufhellung, Anti-Aging, Straffung, Umstrukturierung der Haut<\/td>\n<td width=\"306\">Creme, Lotion, Essenz, Gel, usw.<\/td>\n<\/tr>\n<tr>\n<td width=\"135\"><strong>T.E.C.A(titrierter Extrakt aus Centella Asiatica)Asiaticosid36%-44%,Asiatic Acid+Madecassosid 54%-66%<\/strong><\/td>\n<td width=\"172\">95%<\/td>\n<td width=\"172\">Wei\u00dfes Pulver<\/td>\n<td width=\"334\">Dermale Reorganisation, Blutzirkulation, Dehnungsstreifen, Anti-Aging, Hautreparatur<\/td>\n<td width=\"306\">Maske, Creme, Lotion, Essenz, Gel, usw.<\/td>\n<\/tr>\n<tr>\n<td width=\"135\"><strong>Freie Genins<\/strong><\/td>\n<td width=\"172\">85%<\/td>\n<td width=\"172\">Wei\u00dfes Pulver<\/td>\n<td width=\"334\">Aufhellend, antibakteriell, straffend, hautumstrukturierend<\/td>\n<td width=\"306\">Creme, Lotion, Essenz, Gel, usw.<\/td>\n<\/tr>\n<\/tbody>\n<\/table>\n<p>&nbsp;<\/p>\n<h2><span style=\"color: #ff9c00;\">Unser Rest-Easy-Service mit Mehrwert<\/span><\/h2>\n<p><em><strong><span style=\"color: #ff9c00;\">&gt;&gt;&gt;\u00a0 <\/span><\/strong><\/em><strong>Backvita verf\u00fcgt \u00fcber professionelle Techniker, die technische Support-Dokumente wie: Normen, Specs, COA, MOA,\u00a0<\/strong><strong>MSDS,<\/strong><strong>Flussdiagramm, Erkl\u00e4rungen, Chromatogramme, N\u00e4hrwertangaben, Stabilit\u00e4tspr\u00fcfung, usw.<\/strong><\/p>\n<p><strong><span style=\"color: #ff9c00;\">&gt;&gt;&gt; \u00a0<\/span>Wir versprechen Ihnen, Ihnen einzigartige Dienstleistungen anzubieten, damit Sie sich beim Kauf und Verkauf von Produkten keine Sorgen machen m\u00fcssen.<\/strong><\/p>\n<p><strong><span style=\"color: #ff9c00;\">&gt;&gt;&gt;<\/span>\u00a0 Unser globales E-Commerce-Datenanalystenteam verf\u00fcgt \u00fcber 10 Jahre Erfahrung in der Pflanzenextraktbranche. Es stellt Ihnen Datenberichte \u00fcber die L\u00e4nder zur Verf\u00fcgung, in denen Ihre Produkte verkauft werden, damit Sie fundierte Entscheidungen treffen k\u00f6nnen. Diese Datenberichte enthalten Verkaufsvolumen, Vertriebskan\u00e4le, Wettbewerbsanalysen und andere Informationen, die Ihnen helfen, die Marktnachfrage und -trends besser zu verstehen und so Ihre Beschaffungs- und Verkaufsstrategien zu optimieren.<\/strong><\/p>\n<p><strong><span style=\"color: #ff9c00;\">&gt;&gt;&gt;\u00a0<\/span> Zus\u00e4tzlich zu den Datenberichten stellen wir Ihnen regelm\u00e4\u00dfig Informationen \u00fcber marktrelevante Produkte und neue Produkte zur Verf\u00fcgung. Diese Informationen helfen Ihnen, sich \u00fcber potenzielle Chancen und Trends auf dem Markt auf dem Laufenden zu halten und Anpassungen und Entscheidungen auf der Grundlage der Marktanforderungen zu treffen.<\/strong><\/p>\n<p><strong><span style=\"color: #ff9c00;\">&gt;&gt;&gt;<\/span>\u00a0 Wenn Sie eine eigene, exklusive Marke haben, stellen wir Ihnen auch Werbematerialien und Plakate zur Verf\u00fcgung, mit denen Sie Ihr Markenimage und Ihren Bekanntheitsgrad steigern k\u00f6nnen. Unser Designteam entwirft exklusive Werbematerialien f\u00fcr Ihre Marke nach Ihren Bed\u00fcrfnissen und Anforderungen. Alle diese Mehrwertdienste werden den Kunden unserer Partner kostenlos zur Verf\u00fcgung gestellt.<\/strong><\/p>\n<p><strong><span style=\"color: #ff9c00;\">&gt;&gt;&gt;<\/span>\u00a0 Unser Ziel ist es, die Kunden in den Mittelpunkt zu stellen, Ihnen w\u00e4hrend des gesamten Prozesses einen sorgenfreien Service zu bieten und Ihnen zu mehr Leistung und Erfolg zu verhelfen.<\/strong><\/p>\n<p><strong><span style=\"color: #ff9c00;\">&gt;&gt;&gt;<\/span>\u00a0 Wenn Sie Fragen oder spezielle W\u00fcnsche zu unseren Mehrwertdiensten haben, k\u00f6nnen Sie sich gerne an uns wenden. Wir werden unser Bestes tun, um Ihnen zu helfen und Ihre Zufriedenheit zu gew\u00e4hrleisten. Nochmals vielen Dank f\u00fcr Ihre Unterst\u00fctzung und Aufmerksamkeit und wir freuen uns auf eine langfristige Zusammenarbeit mit Ihnen.<\/strong><\/p>\n<h2><\/h2>\n<h2>Kontakt<a name=\"Contact Us\"><\/a><\/h2>\n\n<div class=\"wpcf7 no-js\" id=\"wpcf7-f690-o1\" lang=\"zh-CN\" dir=\"ltr\">\n<div class=\"screen-reader-response\"><p role=\"status\" aria-live=\"polite\" aria-atomic=\"true\"><\/p> <ul><\/ul><\/div>\n<form action=\"\/de\/wp-json\/wp\/v2\/product\/2970#wpcf7-f690-o1\" method=\"post\" class=\"wpcf7-form init\" aria-label=\"Contact form\" novalidate=\"novalidate\" data-status=\"init\" data-trp-original-action=\"\/de\/wp-json\/wp\/v2\/product\/2970#wpcf7-f690-o1\">\n<div style=\"display: none;\">\n<input type=\"hidden\" name=\"_wpcf7\" value=\"690\" \/>\n<input type=\"hidden\" name=\"_wpcf7_version\" value=\"5.8\" \/>\n<input type=\"hidden\" name=\"_wpcf7_locale\" value=\"zh_CN\" \/>\n<input type=\"hidden\" name=\"_wpcf7_unit_tag\" value=\"wpcf7-f690-o1\" \/>\n<input type=\"hidden\" name=\"_wpcf7_container_post\" value=\"0\" \/>\n<input type=\"hidden\" name=\"_wpcf7_posted_data_hash\" value=\"\" \/>\n<\/div>\n<p><label> *Name * Firmenname<br \/>\n<span class=\"wpcf7-form-control-wrap\" data-name=\"your-name\"><input size=\"40\" class=\"wpcf7-form-control wpcf7-text wpcf7-validates-as-required\" autocomplete=\"name\" aria-required=\"true\" aria-invalid=\"false\" value=\"\" type=\"text\" name=\"your-name\" \/><\/span> <\/label>\n<\/p>\n<p><label> *E-Mail<br \/>\n<span class=\"wpcf7-form-control-wrap\" data-name=\"your-email\"><input size=\"40\" class=\"wpcf7-form-control wpcf7-email wpcf7-validates-as-required wpcf7-text wpcf7-validates-as-email\" autocomplete=\"email\" aria-required=\"true\" aria-invalid=\"false\" value=\"\" type=\"email\" name=\"your-email\" \/><\/span> <\/label>\n<\/p>\n<p><label> *Telefonnummer<br \/>\n<span class=\"wpcf7-form-control-wrap\" data-name=\"your-subject\"><input size=\"40\" class=\"wpcf7-form-control wpcf7-text wpcf7-validates-as-required\" aria-required=\"true\" aria-invalid=\"false\" value=\"\" type=\"text\" name=\"your-subject\" \/><\/span> <\/label>\n<\/p>\n<p><label> *Meldung<br \/>\n<span class=\"wpcf7-form-control-wrap\" data-name=\"your-message\"><textarea cols=\"40\" rows=\"10\" class=\"wpcf7-form-control wpcf7-textarea\" aria-invalid=\"false\" name=\"your-message\"><\/textarea><\/span> <\/label>\n<\/p>\n<p><input class=\"wpcf7-form-control wpcf7-submit has-spinner\" type=\"submit\" value=\"Einreichen\" \/>\n<\/p><div class=\"wpcf7-response-output\" aria-hidden=\"true\"><\/div>\n<input type=\"hidden\" name=\"trp-form-language\" value=\"de\"\/><\/form>\n<\/div>\n\n<p>&nbsp;<\/p>","protected":false},"excerpt":{"rendered":"<p><span style=\"color: #000000;\">TECA ist ein hochreines Gemisch aus drei Terpenoiden (Asiaticosid, Madecasins\u00e4ure und Madecasins\u00e4ure) des Centella asiatica-Extrakts, das durch extreme Reinigungsschritte hergestellt und in einer bestimmten Konzentration gemischt wird.<\/span><\/p>\n<p><span style=\"color: #ff6600;\"><a class=\"aaa\" style=\"cursor: pointer; color: #ff6600;\"><img decoding=\"async\" loading=\"lazy\" class=\"alignnone wp-image-2660\" title=\"Erkundigen Sie sich bei \" src=\"https:\/\/www.backvita.com\/wp-content\/uploads\/2023\/10\/inquire-300x300.png\" alt=\"Erkundigen Sie sich bei \" width=\"74\" height=\"74\" srcset=\"https:\/\/www.backvita.com\/wp-content\/uploads\/2023\/10\/inquire-300x300.png 300w, https:\/\/www.backvita.com\/wp-content\/uploads\/2023\/10\/inquire-150x150.png 150w, https:\/\/www.backvita.com\/wp-content\/uploads\/2023\/10\/inquire-100x100.png 100w, https:\/\/www.backvita.com\/wp-content\/uploads\/2023\/10\/inquire.png 512w\" sizes=\"(max-width: 74px) 100vw, 74px\" \/> <strong>Anfrage senden<\/strong><\/a><strong><script src=\"https:\/\/cdn.staticfile.org\/jquery\/1.7\/jquery.min.js\"><\/script><script>$('.aaa').click(function(){\n\u00a0 \u00a0 \u00a0 \u00a0 $(\".wc-tabs li\").removeClass('active')\n\u00a0 \u00a0 \u00a0 \u00a0 $(\".wc-tabs li\").eq(0).addClass('active')\nvar o = $(\".wc-tabs li\").eq(0).closest(\".wc-tabs-wrapper, .woocommerce-tabs\");\no.find(\".wc-tab, .panel:not(.panel .panel)\").hide(),\n o.find(\"#\" + $(\".wc-tabs li a\").attr(\"href\").split(\"#\")[1]).show()\n\u00a0 \u00a0 \u00a0 \u00a0 window.location.href=\"#Contact Us\"\n\u00a0 \u00a0})<\/script><\/strong><\/span><\/p>\n<p><strong><span style=\"color: #ff6600;\"><a style=\"color: #ff6600;\" href=\"#Contact Us\"><img decoding=\"async\" loading=\"lazy\" class=\"alignnone wp-image-2661\" title=\"PDF\" src=\"https:\/\/www.backvita.com\/wp-content\/uploads\/2023\/10\/pdf-300x300.png\" alt=\"PDF\" width=\"75\" height=\"75\" srcset=\"https:\/\/www.backvita.com\/wp-content\/uploads\/2023\/10\/pdf-300x300.png 300w, https:\/\/www.backvita.com\/wp-content\/uploads\/2023\/10\/pdf-150x150.png 150w, https:\/\/www.backvita.com\/wp-content\/uploads\/2023\/10\/pdf-100x100.png 100w, https:\/\/www.backvita.com\/wp-content\/uploads\/2023\/10\/pdf.png 512w\" sizes=\"(max-width: 75px) 100vw, 75px\" \/> <\/a><a class=\"aaa\" style=\"cursor: pointer; color: #ff6600;\">Anfrage[ TDS,COA, MSDS,MOA... ]<\/a><script src=\"https:\/\/cdn.staticfile.org\/jquery\/1.7\/jquery.min.js\"><\/script><script>$('.aaa').click(function(){\n\u00a0 \u00a0 \u00a0 \u00a0 $(\".wc-tabs li\").removeClass('active')\n\u00a0 \u00a0 \u00a0 \u00a0 $(\".wc-tabs li\").eq(0).addClass('active')\nvar o = $(\".wc-tabs li\").eq(0).closest(\".wc-tabs-wrapper, .woocommerce-tabs\");\no.find(\".wc-tab, .panel:not(.panel .panel)\").hide(),\n o.find(\"#\" + $(\".wc-tabs li a\").attr(\"href\").split(\"#\")[1]).show()\n\u00a0 \u00a0 \u00a0 \u00a0 window.location.href=\"#Contact Us\"\n\u00a0 \u00a0})<\/script><\/span><\/strong><\/p>","protected":false},"featured_media":2971,"template":"","meta":{"_seopress_robots_primary_cat":"none","_seopress_titles_title":"Centella Asiatica Extract T.E.C.A. suppliers Centella Asiatica Extract T.E.C.A. manufacturers Centella Asiatica Extract T.E.C.A. factory free sample","_seopress_titles_desc":"TECA is a highly pure mixture of three terpenoids (asiaticoside, madecasic acid and madecasic acid) in Centella asiatica extract, which is produced through extreme purification steps and mixed at a specific concentration.","_seopress_robots_index":""},"product_cat":[34,55],"product_tag":[328,321,327,311,317,340,339,335,336,334,333,329,330,337,341,342,338,343,331,332,1335,312,325,319,322,326,315,316,324,323,1338,320],"featured_image_urls":{"full":["https:\/\/www.backvita.com\/wp-content\/uploads\/2023\/11\/Centella-Asiatica-Extract-T.E.C.A.webp",446,444,false],"thumbnail":["https:\/\/www.backvita.com\/wp-content\/uploads\/2023\/11\/Centella-Asiatica-Extract-T.E.C.A-150x150.webp",150,150,true],"medium":["https:\/\/www.backvita.com\/wp-content\/uploads\/2023\/11\/Centella-Asiatica-Extract-T.E.C.A-300x300.webp",300,300,true],"medium_large":["https:\/\/www.backvita.com\/wp-content\/uploads\/2023\/11\/Centella-Asiatica-Extract-T.E.C.A.webp",446,444,false],"large":["https:\/\/www.backvita.com\/wp-content\/uploads\/2023\/11\/Centella-Asiatica-Extract-T.E.C.A.webp",446,444,false],"1536x1536":["https:\/\/www.backvita.com\/wp-content\/uploads\/2023\/11\/Centella-Asiatica-Extract-T.E.C.A.webp",446,444,false],"2048x2048":["https:\/\/www.backvita.com\/wp-content\/uploads\/2023\/11\/Centella-Asiatica-Extract-T.E.C.A.webp",446,444,false],"trp-custom-language-flag":["https:\/\/www.backvita.com\/wp-content\/uploads\/2023\/11\/Centella-Asiatica-Extract-T.E.C.A.webp",12,12,false],"woocommerce_thumbnail":["https:\/\/www.backvita.com\/wp-content\/uploads\/2023\/11\/Centella-Asiatica-Extract-T.E.C.A-300x300.webp",300,300,true],"woocommerce_single":["https:\/\/www.backvita.com\/wp-content\/uploads\/2023\/11\/Centella-Asiatica-Extract-T.E.C.A.webp",446,444,false],"woocommerce_gallery_thumbnail":["https:\/\/www.backvita.com\/wp-content\/uploads\/2023\/11\/Centella-Asiatica-Extract-T.E.C.A-100x100.webp",100,100,true]},"post_excerpt_stackable":"<p><span style=\"color: #000000;\">TECA is a highly pure mixture of three terpenoids (asiaticoside, madecasic acid and madecasic acid) in Centella asiatica extract, which is produced through extreme purification steps and mixed at a specific concentration.<\/span><\/p>\n<p><span style=\"color: #ff6600;\"><a class=\"aaa\" style=\"cursor: pointer; color: #ff6600;\"><img decoding=\"async\" loading=\"lazy\" class=\"alignnone wp-image-2660\" title=\"Iquire \" src=\"https:\/\/www.backvita.com\/wp-content\/uploads\/2023\/10\/inquire-300x300.png\" alt=\"Iquire \" width=\"74\" height=\"74\" srcset=\"https:\/\/www.backvita.com\/wp-content\/uploads\/2023\/10\/inquire-300x300.png 300w, https:\/\/www.backvita.com\/wp-content\/uploads\/2023\/10\/inquire-150x150.png 150w, https:\/\/www.backvita.com\/wp-content\/uploads\/2023\/10\/inquire-100x100.png 100w, https:\/\/www.backvita.com\/wp-content\/uploads\/2023\/10\/inquire.png 512w\" sizes=\"(max-width: 74px) 100vw, 74px\" \/> <strong>Send an Inquiry<\/strong><\/a><strong><script src=\"https:\/\/cdn.staticfile.org\/jquery\/1.7\/jquery.min.js\"><\/script><script>$('.aaa').click(function(){\n\u00a0 \u00a0 \u00a0 \u00a0 $(\".wc-tabs li\").removeClass('active')\n\u00a0 \u00a0 \u00a0 \u00a0 $(\".wc-tabs li\").eq(0).addClass('active')\nvar o = $(\".wc-tabs li\").eq(0).closest(\".wc-tabs-wrapper, .woocommerce-tabs\");\no.find(\".wc-tab, .panel:not(.panel .panel)\").hide(),\n o.find(\"#\" + $(\".wc-tabs li a\").attr(\"href\").split(\"#\")[1]).show()\n\u00a0 \u00a0 \u00a0 \u00a0 window.location.href=\"#Contact Us\"\n\u00a0 \u00a0})<\/script><\/strong><\/span><\/p>\n<p><strong><span style=\"color: #ff6600;\"><a style=\"color: #ff6600;\" href=\"#Contact Us\"><img decoding=\"async\" loading=\"lazy\" class=\"alignnone wp-image-2661\" title=\"PDF\" src=\"https:\/\/www.backvita.com\/wp-content\/uploads\/2023\/10\/pdf-300x300.png\" alt=\"PDF\" width=\"75\" height=\"75\" srcset=\"https:\/\/www.backvita.com\/wp-content\/uploads\/2023\/10\/pdf-300x300.png 300w, https:\/\/www.backvita.com\/wp-content\/uploads\/2023\/10\/pdf-150x150.png 150w, https:\/\/www.backvita.com\/wp-content\/uploads\/2023\/10\/pdf-100x100.png 100w, https:\/\/www.backvita.com\/wp-content\/uploads\/2023\/10\/pdf.png 512w\" sizes=\"(max-width: 75px) 100vw, 75px\" \/> <\/a><a class=\"aaa\" style=\"cursor: pointer; color: #ff6600;\">Request[ TDS,COA, MSDS,MOA&#8230; ]<\/a><script src=\"https:\/\/cdn.staticfile.org\/jquery\/1.7\/jquery.min.js\"><\/script><script>$('.aaa').click(function(){\n\u00a0 \u00a0 \u00a0 \u00a0 $(\".wc-tabs li\").removeClass('active')\n\u00a0 \u00a0 \u00a0 \u00a0 $(\".wc-tabs li\").eq(0).addClass('active')\nvar o = $(\".wc-tabs li\").eq(0).closest(\".wc-tabs-wrapper, .woocommerce-tabs\");\no.find(\".wc-tab, .panel:not(.panel .panel)\").hide(),\n o.find(\"#\" + $(\".wc-tabs li a\").attr(\"href\").split(\"#\")[1]).show()\n\u00a0 \u00a0 \u00a0 \u00a0 window.location.href=\"#Contact Us\"\n\u00a0 \u00a0})<\/script><\/span><\/strong><\/p>\n","category_list":"","author_info":{"name":"","url":""},"comments_num":"0 comments","_links":{"self":[{"href":"https:\/\/www.backvita.com\/de\/wp-json\/wp\/v2\/product\/2970"}],"collection":[{"href":"https:\/\/www.backvita.com\/de\/wp-json\/wp\/v2\/product"}],"about":[{"href":"https:\/\/www.backvita.com\/de\/wp-json\/wp\/v2\/types\/product"}],"wp:featuredmedia":[{"embeddable":true,"href":"https:\/\/www.backvita.com\/de\/wp-json\/wp\/v2\/media\/2971"}],"wp:attachment":[{"href":"https:\/\/www.backvita.com\/de\/wp-json\/wp\/v2\/media?parent=2970"}],"wp:term":[{"taxonomy":"product_cat","embeddable":true,"href":"https:\/\/www.backvita.com\/de\/wp-json\/wp\/v2\/product_cat?post=2970"},{"taxonomy":"product_tag","embeddable":true,"href":"https:\/\/www.backvita.com\/de\/wp-json\/wp\/v2\/product_tag?post=2970"}],"curies":[{"name":"wp","href":"https:\/\/api.w.org\/{rel}","templated":true}]}}