{"id":3503,"date":"2023-11-27T12:23:18","date_gmt":"2023-11-27T04:23:18","guid":{"rendered":"https:\/\/www.backvita.com\/?post_type=product&#038;p=3503"},"modified":"2024-02-07T10:09:58","modified_gmt":"2024-02-07T02:09:58","slug":"coenzyme-q10-suppliers-coenzyme-q10-manufacturers-coenzyme-q10-factory-free-sample","status":"publish","type":"product","link":"https:\/\/www.backvita.com\/de\/product\/coenzym-q10-lieferanten-coenzym-q10-hersteller-coenzym-q10-fabrik-kostenlose-probe\/","title":{"rendered":"Coenzym Q10 Lieferanten Coenzym Q10 Hersteller Coenzym Q10 Fabrik kostenlose Probe"},"content":{"rendered":"<h2>Beschreibung von Coenzym Q10<\/h2>\n<p>Coenzym Q10, auch bekannt als Ubichinon, ist in Tieren und den meisten Bakterien allgegenw\u00e4rtig und geh\u00f6rt zur Familie der Coenzyme.<\/p>\n<p>Coenzym Q10 ist ein fettl\u00f6sliches Antioxidans, das menschliche Zellen und Zellenergien\u00e4hrstoffe aktivieren kann. Es hat die Funktion, die menschliche Immunit\u00e4t zu verbessern, die Antioxidantien zu st\u00e4rken, das Altern zu verz\u00f6gern und die menschliche Vitalit\u00e4t zu steigern. In der Medizin wird es h\u00e4ufig zur Behandlung von Herz-Kreislauf-Erkrankungen eingesetzt. Im Inland wird es h\u00e4ufig in Nahrungserg\u00e4nzungsmitteln und Lebensmittelzusatzstoffen verwendet.<\/p>\n<p>Organe mit hohem Energiebedarf im K\u00f6rper, wie Herz, Leber, Nieren und Bauchspeicheldr\u00fcse, weisen ebenfalls relativ hohe Konzentrationen und Gehalte an Coenzym Q10 auf. Coenzym Q10 ist am meisten in den Mitochondrien (45%-50%) und am wenigsten im Zytoplasma (5%-10%) verteilt.<\/p>\n<table style=\"height: 149px;\" width=\"1332\">\n<tbody>\n<tr>\n<td width=\"219\"><strong>Produktname<\/strong><\/td>\n<td width=\"466\">Coenzym Q10<\/td>\n<\/tr>\n<tr>\n<td><strong>CAS-Nr.<\/strong><\/td>\n<td>303-98-0<\/td>\n<\/tr>\n<tr>\n<td><strong>Erscheinungsbild<\/strong><\/td>\n<td>Gelbes bis orangefarbenes Pulver<\/td>\n<\/tr>\n<tr>\n<td><strong>Spezifikationen<\/strong><\/td>\n<td>98%<\/td>\n<\/tr>\n<tr>\n<td><strong>Pakete<\/strong><\/td>\n<td>1kg\/Sack, 25kg\/Fass<\/td>\n<\/tr>\n<tr>\n<td><strong>Lagerung<\/strong><\/td>\n<td>Feuchtigkeitsschutz und lichtgesch\u00fctzte, geschlossene Lagerung vermeiden.<\/td>\n<\/tr>\n<tr>\n<td><strong>Pr\u00fcfverfahren<\/strong><\/td>\n<td>HPLC<\/td>\n<\/tr>\n<\/tbody>\n<\/table>\n<h2><\/h2>\n<h2>Vorteile von\u00a0<strong>Coenzym Q10<\/strong><\/h2>\n<h3><strong>Coenzym Q10 - aktiviert die zellul\u00e4re Energie<\/strong><\/h3>\n<p>Coenzym Q10 ist eine wesentliche Substanz im Energiestoffwechsel der menschlichen Zellen und beteiligt sich am Umwandlungsprozess der Zellenergie. Ein guter Coenzym Q10-Spiegel im K\u00f6rper ist der Schl\u00fcssel zu voller Energie, ausreichender k\u00f6rperlicher Kraft und einem flexiblen Geist.<\/p>\n<p>&nbsp;<\/p>\n<h3><strong>Coenzym Q10 - verz\u00f6gert die Alterung und sch\u00fctzt das Herz-Kreislauf-System<\/strong><\/h3>\n<p>Der herausragende Beitrag des Coenzyms Q10 ist der Schutz des Herzens und die Verz\u00f6gerung des Alterungsprozesses.<\/p>\n<p>Der Gehalt an Coenzym Q10 ist in den Herzmuskelzellen sehr hoch. Das Herz schl\u00e4gt 24 Stunden am Tag und versorgt den gesamten K\u00f6rper mit Blut, was eine gro\u00dfe Menge an Energiezufuhr erfordert. Die Forschung hat festgestellt, dass Coenzym Q10 die Gesundheit des Herzens sch\u00fctzen kann und eine wahre \"Quelle der Herzvitalit\u00e4t\" ist.<\/p>\n<p>So wie bei der Stromerzeugung in einem Kraftwerk \"schwarzer Rauch\" entsteht, werden auch beim Energiestoffwechsel des menschlichen K\u00f6rpers sch\u00e4dliche Abfallprodukte - freie Radikale - produziert. Freie Radikale k\u00f6nnen die Alterung von Haut und Blutgef\u00e4\u00dfen verursachen und zu Problemen wie Arteriosklerose f\u00fchren. Coenzym Q10 kann freie Radikale im K\u00f6rper beseitigen.<\/p>\n<p>&nbsp;<\/p>\n<h3><strong>Coenzym Q10 - ein guter Helfer f\u00fcr die Immunit\u00e4t<\/strong><\/h3>\n<p>Das Niveau der Immunit\u00e4t ist eng mit der Zellenergie und der antioxidativen Kapazit\u00e4t des K\u00f6rpers verbunden. Coenzym Q10 hat eine gute antioxidative Kapazit\u00e4t, kann die Zellenergie verj\u00fcngen und die Immunit\u00e4t verbessern.<\/p>\n<p>&nbsp;<\/p>\n<h2><strong>Spezifikation (TDS) von Coenzym Q10 USP43<\/strong><\/h2>\n<table style=\"height: 1851px;\" width=\"1343\">\n<tbody>\n<tr>\n<td width=\"251\"><strong>Analyse-Elemente<\/strong><\/td>\n<td width=\"263\"><strong>Spezifikationen<\/strong><\/td>\n<td width=\"175\"><strong>Methoden<\/strong><\/td>\n<\/tr>\n<tr>\n<td colspan=\"3\" width=\"690\"><strong>Kennzeichnungen<\/strong><\/td>\n<\/tr>\n<tr>\n<td width=\"251\"><strong>A. IR<\/strong><\/td>\n<td colspan=\"2\" width=\"439\">Das IR-Spektrum stimmt mit dem Spektrum von Coenzym Q10 RS \u00fcberein.<\/td>\n<\/tr>\n<tr>\n<td width=\"251\"><strong>B. Chemische Reaktion<\/strong><\/td>\n<td colspan=\"2\" width=\"439\">Es erscheint eine blaue Farbe.<\/td>\n<\/tr>\n<tr>\n<td colspan=\"3\" width=\"690\"><strong>Physikalische Tests<\/strong><\/td>\n<\/tr>\n<tr>\n<td width=\"251\"><strong>Erscheinungsbild<\/strong><\/td>\n<td width=\"263\">Gelbes bis orangefarbenes Pulver<\/td>\n<td width=\"175\">Visuell<\/td>\n<\/tr>\n<tr>\n<td width=\"251\"><strong>Wasser<\/strong><\/td>\n<td width=\"263\">\u22640.20%<\/td>\n<td width=\"175\">USP43<\/td>\n<\/tr>\n<tr>\n<td width=\"251\"><strong>R\u00fcckst\u00e4nde bei der Z\u00fcndung<\/strong><\/td>\n<td width=\"263\">\u22640,10%<\/td>\n<td width=\"175\">USP43<\/td>\n<\/tr>\n<tr>\n<td colspan=\"3\" width=\"690\"><strong>Wirkstofftests<\/strong><\/td>\n<\/tr>\n<tr>\n<td width=\"251\"><strong>Coenzym Q10 (HPLC)<\/strong><\/td>\n<td width=\"263\">98.00%-101.00%<\/td>\n<td width=\"175\">USP43<\/td>\n<\/tr>\n<tr>\n<td width=\"251\"><strong>Verunreinigungen insgesamt<\/strong><\/td>\n<td width=\"263\">\u22641.50%<\/td>\n<td width=\"175\">USP43<\/td>\n<\/tr>\n<tr>\n<td width=\"251\"><strong>Einzelne Verunreinigung<\/strong><\/td>\n<td width=\"263\">\u22640,50%<\/td>\n<td width=\"175\">USP43<\/td>\n<\/tr>\n<tr>\n<td width=\"251\"><strong>Coenzyme Q7, Q8, Q9, Q11 und verwandte<\/strong><\/td>\n<td width=\"263\">\u22641.00%<\/td>\n<td width=\"175\">USP43<\/td>\n<\/tr>\n<tr>\n<td width=\"251\"><strong>Z2-Isomer und verwandte Verunreinigungen<\/strong><\/td>\n<td width=\"263\">\u22641.00%<\/td>\n<td width=\"175\">USP43<\/td>\n<\/tr>\n<tr>\n<td colspan=\"3\" width=\"690\"><strong>Chemische Tests<\/strong><\/td>\n<\/tr>\n<tr>\n<td width=\"251\"><strong>Schwermetalle<\/strong><\/td>\n<td width=\"263\">\u226410.00ppm<\/td>\n<td width=\"175\">USP43<\/td>\n<\/tr>\n<tr>\n<td width=\"251\"><strong>Pb<\/strong><\/td>\n<td width=\"263\">\u22641,00ppm<\/td>\n<td width=\"175\">USP43<\/td>\n<\/tr>\n<tr>\n<td width=\"251\"><strong>Als<\/strong><\/td>\n<td width=\"263\">\u22643.00ppm<\/td>\n<td width=\"175\">USP43<\/td>\n<\/tr>\n<tr>\n<td width=\"251\"><strong>Cd<\/strong><\/td>\n<td width=\"263\">\u22641,00ppm<\/td>\n<td width=\"175\">USP43<\/td>\n<\/tr>\n<tr>\n<td width=\"251\"><strong>Hg<\/strong><\/td>\n<td width=\"263\">\u22643.00ppm<\/td>\n<td width=\"175\">USP43<\/td>\n<\/tr>\n<tr>\n<td width=\"251\"><strong>R\u00fcckstand von Ethanol<\/strong><\/td>\n<td width=\"263\">\u22641.000ppm<\/td>\n<td width=\"175\">USP43<\/td>\n<\/tr>\n<tr>\n<td width=\"251\"><strong>R\u00fcckstand von Ethylacetat<\/strong><\/td>\n<td width=\"263\">\u2264100ppm<\/td>\n<td width=\"175\">USP43<\/td>\n<\/tr>\n<tr>\n<td width=\"251\"><strong>R\u00fcckstand von N-Hexan<\/strong><\/td>\n<td width=\"263\">\u226420.00ppm<\/td>\n<td width=\"175\">USP43<\/td>\n<\/tr>\n<tr>\n<td colspan=\"3\" width=\"690\"><strong>Mikrobiologische Tests<\/strong><\/td>\n<\/tr>\n<tr>\n<td width=\"251\"><strong>Gesamtkeimzahl<\/strong><\/td>\n<td width=\"263\">\u22641.000cfu\/g<\/td>\n<td width=\"175\">USP43<\/td>\n<\/tr>\n<tr>\n<td width=\"251\"><strong>Hefen und Schimmelpilze<\/strong><\/td>\n<td width=\"263\">\u2264100cfu\/g<\/td>\n<td width=\"175\">USP43<\/td>\n<\/tr>\n<tr>\n<td width=\"251\"><strong>E. Coli<\/strong><\/td>\n<td width=\"263\">Negativ in 1g<\/td>\n<td width=\"175\">USP43<\/td>\n<\/tr>\n<tr>\n<td width=\"251\"><strong>Salmonellen<\/strong><\/td>\n<td width=\"263\">Negativ in 10g<\/td>\n<td width=\"175\">USP43<\/td>\n<\/tr>\n<tr>\n<td width=\"251\"><strong>Staphylococcus aureus<\/strong><\/td>\n<td width=\"263\">Negativ in 1g<\/td>\n<td width=\"175\">USP43<\/td>\n<\/tr>\n<\/tbody>\n<\/table>\n<p>&nbsp;<\/p>\n<p>&nbsp;<\/p>\n<h2><span style=\"color: #ff9c00;\">Unser Rest-Easy-Service mit Mehrwert<\/span><\/h2>\n<p><em><strong><span style=\"color: #ff9c00;\">&gt;&gt;&gt;\u00a0 <\/span><\/strong><\/em><strong>Backvita verf\u00fcgt \u00fcber professionelle Techniker, die technische Support-Dokumente wie: Normen, Specs, COA, MOA,\u00a0<\/strong><strong>MSDS,<\/strong><strong>Flussdiagramm, Erkl\u00e4rungen, Chromatogramme, N\u00e4hrwertangaben, Stabilit\u00e4tspr\u00fcfung, usw.<\/strong><\/p>\n<p><strong><span style=\"color: #ff9c00;\">&gt;&gt;&gt; \u00a0<\/span>Wir versprechen Ihnen, Ihnen einzigartige Dienstleistungen anzubieten, damit Sie sich beim Kauf und Verkauf von Produkten keine Sorgen machen m\u00fcssen.<\/strong><\/p>\n<p><strong><span style=\"color: #ff9c00;\">&gt;&gt;&gt;<\/span>\u00a0 Unser globales E-Commerce-Datenanalystenteam verf\u00fcgt \u00fcber 10 Jahre Erfahrung in der Pflanzenextraktbranche. Es stellt Ihnen Datenberichte \u00fcber die L\u00e4nder zur Verf\u00fcgung, in denen Ihre Produkte verkauft werden, damit Sie fundierte Entscheidungen treffen k\u00f6nnen. Diese Datenberichte enthalten Verkaufsvolumen, Vertriebskan\u00e4le, Wettbewerbsanalysen und andere Informationen, die Ihnen helfen, die Marktnachfrage und -trends besser zu verstehen und so Ihre Beschaffungs- und Verkaufsstrategien zu optimieren.<\/strong><\/p>\n<p><strong><span style=\"color: #ff9c00;\">&gt;&gt;&gt;\u00a0<\/span> Zus\u00e4tzlich zu den Datenberichten stellen wir Ihnen regelm\u00e4\u00dfig Informationen \u00fcber marktrelevante Produkte und neue Produkte zur Verf\u00fcgung. Diese Informationen helfen Ihnen, sich \u00fcber potenzielle Chancen und Trends auf dem Markt auf dem Laufenden zu halten und Anpassungen und Entscheidungen auf der Grundlage der Marktanforderungen zu treffen.<\/strong><\/p>\n<p><strong><span style=\"color: #ff9c00;\">&gt;&gt;&gt;<\/span>\u00a0 Wenn Sie eine eigene, exklusive Marke haben, stellen wir Ihnen auch Werbematerialien und Plakate zur Verf\u00fcgung, mit denen Sie Ihr Markenimage und Ihren Bekanntheitsgrad steigern k\u00f6nnen. Unser Designteam entwirft exklusive Werbematerialien f\u00fcr Ihre Marke nach Ihren Bed\u00fcrfnissen und Anforderungen. Alle diese Mehrwertdienste werden den Kunden unserer Partner kostenlos zur Verf\u00fcgung gestellt.<\/strong><\/p>\n<p><strong><span style=\"color: #ff9c00;\">&gt;&gt;&gt;<\/span>\u00a0 Unser Ziel ist es, die Kunden in den Mittelpunkt zu stellen, Ihnen w\u00e4hrend des gesamten Prozesses einen sorgenfreien Service zu bieten und Ihnen zu mehr Leistung und Erfolg zu verhelfen.<\/strong><\/p>\n<p><strong><span style=\"color: #ff9c00;\">&gt;&gt;&gt;<\/span>\u00a0 Wenn Sie Fragen oder spezielle W\u00fcnsche zu unseren Mehrwertdiensten haben, k\u00f6nnen Sie sich gerne an uns wenden. Wir werden unser Bestes tun, um Ihnen zu helfen und Ihre Zufriedenheit zu gew\u00e4hrleisten. Nochmals vielen Dank f\u00fcr Ihre Unterst\u00fctzung und Aufmerksamkeit und wir freuen uns auf eine langfristige Zusammenarbeit mit Ihnen.<\/strong><\/p>\n<p>&nbsp;<\/p>\n<h2>Kontakt<a name=\"Contact Us\"><\/a><\/h2>\n\n<div class=\"wpcf7 no-js\" id=\"wpcf7-f690-o1\" lang=\"zh-CN\" dir=\"ltr\">\n<div class=\"screen-reader-response\"><p role=\"status\" aria-live=\"polite\" aria-atomic=\"true\"><\/p> <ul><\/ul><\/div>\n<form action=\"\/de\/wp-json\/wp\/v2\/product\/3503#wpcf7-f690-o1\" method=\"post\" class=\"wpcf7-form init\" aria-label=\"Contact form\" novalidate=\"novalidate\" data-status=\"init\" data-trp-original-action=\"\/de\/wp-json\/wp\/v2\/product\/3503#wpcf7-f690-o1\">\n<div style=\"display: none;\">\n<input type=\"hidden\" name=\"_wpcf7\" value=\"690\" \/>\n<input type=\"hidden\" name=\"_wpcf7_version\" value=\"5.8\" \/>\n<input type=\"hidden\" name=\"_wpcf7_locale\" value=\"zh_CN\" \/>\n<input type=\"hidden\" name=\"_wpcf7_unit_tag\" value=\"wpcf7-f690-o1\" \/>\n<input type=\"hidden\" name=\"_wpcf7_container_post\" value=\"0\" \/>\n<input type=\"hidden\" name=\"_wpcf7_posted_data_hash\" value=\"\" \/>\n<\/div>\n<p><label> *Name * Firmenname<br \/>\n<span class=\"wpcf7-form-control-wrap\" data-name=\"your-name\"><input size=\"40\" class=\"wpcf7-form-control wpcf7-text wpcf7-validates-as-required\" autocomplete=\"name\" aria-required=\"true\" aria-invalid=\"false\" value=\"\" type=\"text\" name=\"your-name\" \/><\/span> <\/label>\n<\/p>\n<p><label> *E-Mail<br \/>\n<span class=\"wpcf7-form-control-wrap\" data-name=\"your-email\"><input size=\"40\" class=\"wpcf7-form-control wpcf7-email wpcf7-validates-as-required wpcf7-text wpcf7-validates-as-email\" autocomplete=\"email\" aria-required=\"true\" aria-invalid=\"false\" value=\"\" type=\"email\" name=\"your-email\" \/><\/span> <\/label>\n<\/p>\n<p><label> *Telefonnummer<br \/>\n<span class=\"wpcf7-form-control-wrap\" data-name=\"your-subject\"><input size=\"40\" class=\"wpcf7-form-control wpcf7-text wpcf7-validates-as-required\" aria-required=\"true\" aria-invalid=\"false\" value=\"\" type=\"text\" name=\"your-subject\" \/><\/span> <\/label>\n<\/p>\n<p><label> *Meldung<br \/>\n<span class=\"wpcf7-form-control-wrap\" data-name=\"your-message\"><textarea cols=\"40\" rows=\"10\" class=\"wpcf7-form-control wpcf7-textarea\" aria-invalid=\"false\" name=\"your-message\"><\/textarea><\/span> <\/label>\n<\/p>\n<p><input class=\"wpcf7-form-control wpcf7-submit has-spinner\" type=\"submit\" value=\"Einreichen\" \/>\n<\/p><div class=\"wpcf7-response-output\" aria-hidden=\"true\"><\/div>\n<input type=\"hidden\" name=\"trp-form-language\" value=\"de\"\/><\/form>\n<\/div>\n\n<p>&nbsp;<\/p>","protected":false},"excerpt":{"rendered":"<p><span style=\"color: #000000;\">Coenzym Q10 hat eine doppelte Funktion als Zusatzstoff in Arzneimitteln und Gesundheitsprodukten und ist in den letzten Jahren sehr popul\u00e4r geworden. bei der F\u00f6rderung von Gesundheitsprodukten hat Coenzym Q10 viele Funktionen wie Herzschutz, Blutdruck- und Lipidsenkung, Anti-Aging, Anti-Krebs und Verbesserung der menschlichen Immunit\u00e4t.<\/span><\/p>\n<p><strong><span style=\"color: #ff6600;\"><a class=\"aaa\" style=\"cursor: pointer; color: #ff6600;\"><img decoding=\"async\" loading=\"lazy\" class=\"alignnone wp-image-2660\" title=\"Erkundigen Sie sich bei\" src=\"https:\/\/www.backvita.com\/wp-content\/uploads\/2023\/10\/inquire-300x300.png\" alt=\"Erkundigen Sie sich bei\" width=\"76\" height=\"76\" srcset=\"https:\/\/www.backvita.com\/wp-content\/uploads\/2023\/10\/inquire-300x300.png 300w, https:\/\/www.backvita.com\/wp-content\/uploads\/2023\/10\/inquire-150x150.png 150w, https:\/\/www.backvita.com\/wp-content\/uploads\/2023\/10\/inquire-100x100.png 100w, https:\/\/www.backvita.com\/wp-content\/uploads\/2023\/10\/inquire.png 512w\" sizes=\"(max-width: 76px) 100vw, 76px\" \/> Anfrage senden<\/a><script src=\"https:\/\/cdn.staticfile.org\/jquery\/1.7\/jquery.min.js\"><\/script><script>$('.aaa').click(function(){\n\u00a0 \u00a0 \u00a0 \u00a0 $(\".wc-tabs li\").removeClass('active')\n\u00a0 \u00a0 \u00a0 \u00a0 $(\".wc-tabs li\").eq(0).addClass('active')\nvar o = $(\".wc-tabs li\").eq(0).closest(\".wc-tabs-wrapper, .woocommerce-tabs\");\no.find(\".wc-tab, .panel:not(.panel .panel)\").hide(),\n o.find(\"#\" + $(\".wc-tabs li a\").attr(\"href\").split(\"#\")[1]).show()\n\u00a0 \u00a0 \u00a0 \u00a0 window.location.href=\"#Contact Us\"\n\u00a0 \u00a0})<\/script><\/span><\/strong><\/p>\n<p><strong><span style=\"color: #ff6600;\"><a style=\"color: #ff6600;\" href=\"#Contact Us\"><img decoding=\"async\" loading=\"lazy\" class=\"alignnone wp-image-2661\" title=\"Erkundigen Sie sich bei\" src=\"https:\/\/www.backvita.com\/wp-content\/uploads\/2023\/10\/pdf-300x300.png\" alt=\"Erkundigen Sie sich bei\" width=\"77\" height=\"77\" srcset=\"https:\/\/www.backvita.com\/wp-content\/uploads\/2023\/10\/pdf-300x300.png 300w, https:\/\/www.backvita.com\/wp-content\/uploads\/2023\/10\/pdf-150x150.png 150w, https:\/\/www.backvita.com\/wp-content\/uploads\/2023\/10\/pdf-100x100.png 100w, https:\/\/www.backvita.com\/wp-content\/uploads\/2023\/10\/pdf.png 512w\" sizes=\"(max-width: 77px) 100vw, 77px\" \/><\/a><a class=\"aaa\" style=\"cursor: pointer; color: #ff6600;\">Anfrage[ TDS,COA, MSDS,MOA... ]<\/a><script src=\"https:\/\/cdn.staticfile.org\/jquery\/1.7\/jquery.min.js\"><\/script><script>$('.aaa').click(function(){\n\u00a0 \u00a0 \u00a0 \u00a0 $(\".wc-tabs li\").removeClass('active')\n\u00a0 \u00a0 \u00a0 \u00a0 $(\".wc-tabs li\").eq(0).addClass('active')\nvar o = $(\".wc-tabs li\").eq(0).closest(\".wc-tabs-wrapper, .woocommerce-tabs\");\no.find(\".wc-tab, .panel:not(.panel .panel)\").hide(),\n o.find(\"#\" + $(\".wc-tabs li a\").attr(\"href\").split(\"#\")[1]).show()\n\u00a0 \u00a0 \u00a0 \u00a0 window.location.href=\"#Contact Us\"\n\u00a0 \u00a0})<\/script><\/span><\/strong><\/p>","protected":false},"featured_media":3504,"template":"","meta":{"_seopress_robots_primary_cat":"none","_seopress_titles_title":"Coenzyme Q10  suppliers Coenzyme Q10  manufacturers Coenzyme Q10  factory free sample","_seopress_titles_desc":"Coenzyme Q10: widely used for heart health; antioxidant, immunity enhancement, etc. (microbial fermentation process)","_seopress_robots_index":""},"product_cat":[46],"product_tag":[1436,1435,1434],"featured_image_urls":{"full":["https:\/\/www.backvita.com\/wp-content\/uploads\/2023\/11\/Coenzyme-Q10-2.webp",454,408,false],"thumbnail":["https:\/\/www.backvita.com\/wp-content\/uploads\/2023\/11\/Coenzyme-Q10-2-150x150.webp",150,150,true],"medium":["https:\/\/www.backvita.com\/wp-content\/uploads\/2023\/11\/Coenzyme-Q10-2-300x270.webp",300,270,true],"medium_large":["https:\/\/www.backvita.com\/wp-content\/uploads\/2023\/11\/Coenzyme-Q10-2.webp",454,408,false],"large":["https:\/\/www.backvita.com\/wp-content\/uploads\/2023\/11\/Coenzyme-Q10-2.webp",454,408,false],"1536x1536":["https:\/\/www.backvita.com\/wp-content\/uploads\/2023\/11\/Coenzyme-Q10-2.webp",454,408,false],"2048x2048":["https:\/\/www.backvita.com\/wp-content\/uploads\/2023\/11\/Coenzyme-Q10-2.webp",454,408,false],"trp-custom-language-flag":["https:\/\/www.backvita.com\/wp-content\/uploads\/2023\/11\/Coenzyme-Q10-2.webp",13,12,false],"woocommerce_thumbnail":["https:\/\/www.backvita.com\/wp-content\/uploads\/2023\/11\/Coenzyme-Q10-2-300x300.webp",300,300,true],"woocommerce_single":["https:\/\/www.backvita.com\/wp-content\/uploads\/2023\/11\/Coenzyme-Q10-2.webp",454,408,false],"woocommerce_gallery_thumbnail":["https:\/\/www.backvita.com\/wp-content\/uploads\/2023\/11\/Coenzyme-Q10-2-100x100.webp",100,100,true]},"post_excerpt_stackable":"<p><span style=\"color: #000000;\">Coenzyme Q10 has dual roles as an additive in medicines and health care products, and has become very popular in recent years.In the promotion of health products, Coenzyme Q10 has many functions such as heart protection, blood pressure and lipid lowering, anti-aging, anti-cancer, and improving human immunity.<\/span><\/p>\n<p><strong><span style=\"color: #ff6600;\"><a class=\"aaa\" style=\"cursor: pointer; color: #ff6600;\"><img decoding=\"async\" loading=\"lazy\" class=\"alignnone wp-image-2660\" title=\"Iquire\" src=\"https:\/\/www.backvita.com\/wp-content\/uploads\/2023\/10\/inquire-300x300.png\" alt=\"Iquire\" width=\"76\" height=\"76\" srcset=\"https:\/\/www.backvita.com\/wp-content\/uploads\/2023\/10\/inquire-300x300.png 300w, https:\/\/www.backvita.com\/wp-content\/uploads\/2023\/10\/inquire-150x150.png 150w, https:\/\/www.backvita.com\/wp-content\/uploads\/2023\/10\/inquire-100x100.png 100w, https:\/\/www.backvita.com\/wp-content\/uploads\/2023\/10\/inquire.png 512w\" sizes=\"(max-width: 76px) 100vw, 76px\" \/> Send an Inquiry<\/a><script src=\"https:\/\/cdn.staticfile.org\/jquery\/1.7\/jquery.min.js\"><\/script><script>$('.aaa').click(function(){\n\u00a0 \u00a0 \u00a0 \u00a0 $(\".wc-tabs li\").removeClass('active')\n\u00a0 \u00a0 \u00a0 \u00a0 $(\".wc-tabs li\").eq(0).addClass('active')\nvar o = $(\".wc-tabs li\").eq(0).closest(\".wc-tabs-wrapper, .woocommerce-tabs\");\no.find(\".wc-tab, .panel:not(.panel .panel)\").hide(),\n o.find(\"#\" + $(\".wc-tabs li a\").attr(\"href\").split(\"#\")[1]).show()\n\u00a0 \u00a0 \u00a0 \u00a0 window.location.href=\"#Contact Us\"\n\u00a0 \u00a0})<\/script><\/span><\/strong><\/p>\n<p><strong><span style=\"color: #ff6600;\"><a style=\"color: #ff6600;\" href=\"#Contact Us\"><img decoding=\"async\" loading=\"lazy\" class=\"alignnone wp-image-2661\" title=\"Iquire\" src=\"https:\/\/www.backvita.com\/wp-content\/uploads\/2023\/10\/pdf-300x300.png\" alt=\"Iquire\" width=\"77\" height=\"77\" srcset=\"https:\/\/www.backvita.com\/wp-content\/uploads\/2023\/10\/pdf-300x300.png 300w, https:\/\/www.backvita.com\/wp-content\/uploads\/2023\/10\/pdf-150x150.png 150w, https:\/\/www.backvita.com\/wp-content\/uploads\/2023\/10\/pdf-100x100.png 100w, https:\/\/www.backvita.com\/wp-content\/uploads\/2023\/10\/pdf.png 512w\" sizes=\"(max-width: 77px) 100vw, 77px\" \/><\/a><a class=\"aaa\" style=\"cursor: pointer; color: #ff6600;\">Request[ TDS,COA, MSDS,MOA&#8230; ]<\/a><script src=\"https:\/\/cdn.staticfile.org\/jquery\/1.7\/jquery.min.js\"><\/script><script>$('.aaa').click(function(){\n\u00a0 \u00a0 \u00a0 \u00a0 $(\".wc-tabs li\").removeClass('active')\n\u00a0 \u00a0 \u00a0 \u00a0 $(\".wc-tabs li\").eq(0).addClass('active')\nvar o = $(\".wc-tabs li\").eq(0).closest(\".wc-tabs-wrapper, .woocommerce-tabs\");\no.find(\".wc-tab, .panel:not(.panel .panel)\").hide(),\n o.find(\"#\" + $(\".wc-tabs li a\").attr(\"href\").split(\"#\")[1]).show()\n\u00a0 \u00a0 \u00a0 \u00a0 window.location.href=\"#Contact Us\"\n\u00a0 \u00a0})<\/script><\/span><\/strong><\/p>\n","category_list":"","author_info":{"name":"","url":""},"comments_num":"0 comments","_links":{"self":[{"href":"https:\/\/www.backvita.com\/de\/wp-json\/wp\/v2\/product\/3503"}],"collection":[{"href":"https:\/\/www.backvita.com\/de\/wp-json\/wp\/v2\/product"}],"about":[{"href":"https:\/\/www.backvita.com\/de\/wp-json\/wp\/v2\/types\/product"}],"wp:featuredmedia":[{"embeddable":true,"href":"https:\/\/www.backvita.com\/de\/wp-json\/wp\/v2\/media\/3504"}],"wp:attachment":[{"href":"https:\/\/www.backvita.com\/de\/wp-json\/wp\/v2\/media?parent=3503"}],"wp:term":[{"taxonomy":"product_cat","embeddable":true,"href":"https:\/\/www.backvita.com\/de\/wp-json\/wp\/v2\/product_cat?post=3503"},{"taxonomy":"product_tag","embeddable":true,"href":"https:\/\/www.backvita.com\/de\/wp-json\/wp\/v2\/product_tag?post=3503"}],"curies":[{"name":"wp","href":"https:\/\/api.w.org\/{rel}","templated":true}]}}