{"id":3592,"date":"2023-11-29T15:03:04","date_gmt":"2023-11-29T07:03:04","guid":{"rendered":"https:\/\/www.backvita.com\/?post_type=product&#038;p=3592"},"modified":"2024-02-07T10:03:37","modified_gmt":"2024-02-07T02:03:37","slug":"tudca-suppliers-tudca-manufacturers-tudca-factory-free-sample","status":"publish","type":"product","link":"https:\/\/www.backvita.com\/de\/product\/tudca-lieferanten-tudca-hersteller-tudca-fabrik-kostenlose-probe\/","title":{"rendered":"TUDCA Lieferanten TUDCA Hersteller TUDCA Fabrik kostenlose Probe"},"content":{"rendered":"<h2>Was ist TUDCA?<\/h2>\n<p>Taurin-Desoxychols\u00e4ure ist eine nat\u00fcrlich vorkommende wasserl\u00f6sliche Gallens\u00e4ure. Die Bakterien im Dickdarm bauen die Gallensalze ab und wandeln sie in Ursodeoxychols\u00e4ure (UDCA) um. Diese verbindet sich dann mit Taurinmolek\u00fclen und bildet TUDCA.<\/p>\n<p>TUDCA wird seit Tausenden von Jahren in der traditionellen chinesischen Medizin als Nahrungserg\u00e4nzungsmittel verwendet. Es wird urspr\u00fcnglich aus B\u00e4rengalle gewonnen und besteht aus 50% TUDCA. Heute ist diese gesundheitsf\u00f6rdernde Erg\u00e4nzung synthetisch.<\/p>\n<table style=\"height: 149px;\" width=\"1332\">\n<tbody>\n<tr>\n<td width=\"219\"><strong>Produktname<\/strong><\/td>\n<td width=\"466\">TUDCA<\/td>\n<\/tr>\n<tr>\n<td><strong>CAS-Nr.<\/strong><\/td>\n<td>14605-22-2<\/td>\n<\/tr>\n<tr>\n<td><strong>Erscheinungsbild<\/strong><\/td>\n<td>wei\u00dfes Pulver<\/td>\n<\/tr>\n<tr>\n<td><strong>Spezifikationen<\/strong><\/td>\n<td>99%<\/td>\n<\/tr>\n<tr>\n<td><strong>Pakete<\/strong><\/td>\n<td>1kg\/Sack, 25kg\/Fass<\/td>\n<\/tr>\n<tr>\n<td><strong>Lagerung<\/strong><\/td>\n<td>Feuchtigkeitsschutz und lichtgesch\u00fctzte, geschlossene Lagerung vermeiden.<\/td>\n<\/tr>\n<tr>\n<td><strong>Pr\u00fcfverfahren<\/strong><\/td>\n<td>HPLC<\/td>\n<\/tr>\n<\/tbody>\n<\/table>\n<h2><\/h2>\n<h2>Vorteile von TUDCA<\/h2>\n<p>Es hat sich gezeigt, dass TUDCA-Erg\u00e4nzungen viele gesundheitliche Vorteile f\u00fcr die Leber und das Magen-Darm-System bieten, aber \u00fcberraschenderweise hat TUDCA Dutzende von anderen Vorteilen, die weit \u00fcber das Verdauungssystem hinausgehen.<\/p>\n<p>Pr\u00e4klinische Studien zeigen, dass TUDCA neuroprotektiv, entz\u00fcndungshemmend, antidiabetisch und mit vielen weiteren gesundheitsf\u00f6rdernden Eigenschaften ausgestattet ist.<\/p>\n<p>&nbsp;<\/p>\n<h3><strong>Reduzierung des Gallenschlamms (Cholestase)<\/strong><\/h3>\n<p>In klinischen Studien wurde festgestellt, dass TUDCA eine starke Wirkung als Gallens\u00e4ure hat und die Cholestase durch die Verringerung des Gallenschlamms verbessert. Zu den Symptomen der Cholestase k\u00f6nnen dunkler Urin, heller Stuhl und starker Juckreiz geh\u00f6ren.<\/p>\n<p>&nbsp;<\/p>\n<h3><strong>Verbesserung der Verdauung<\/strong><\/h3>\n<p>TUDCA tr\u00e4gt dazu bei, den Gallenfluss zu verbessern, was eine gesunde Verdauung und Aufnahme von Nahrungsfetten f\u00f6rdert. Die Forschung zeigt, dass TUDCA nicht nur den Gallenfluss erh\u00f6ht, sondern auch die chemische Zusammensetzung der Galle verbessert, so dass sie mehr Verbindungen enth\u00e4lt, die die Verdauung f\u00f6rdern.<\/p>\n<p>S\u00e4urereflux sch\u00e4digt mit der Zeit die Magenschleimhaut, da die Magens\u00e4ure sehr s\u00e4urehaltig ist. TUDCA verbessert die durch den Gallenr\u00fcckfluss verursachte Sch\u00e4digung der Magenschleimhaut. Dr. Berg empfiehlt au\u00dferdem, w\u00e4hrend der ketogenen Di\u00e4t t\u00e4glich Apfelessig (ACV) zu trinken.<\/p>\n<p>&nbsp;<\/p>\n<h3><strong>F\u00f6rderung der Darmgesundheit<\/strong><\/h3>\n<p>TUDCA unterst\u00fctzt eine gesunde Darmschleimhaut und verhindert und verbessert das Leaky-Gut-Syndrom. Das Leaky-Gut-Syndrom ist eine h\u00e4ufige Verdauungsst\u00f6rung, die mit einer Sch\u00e4digung der Darmschleimhaut einhergeht. Langfristige Sch\u00e4den durch einen undichten Darm k\u00f6nnen zu einer Durchl\u00e4ssigkeit des Darms f\u00fchren. Dies bedeutet, dass Stoffe, die im Verdauungstrakt verbleiben sollten, entweichen oder austreten k\u00f6nnen.<\/p>\n<p>H\u00e4ufige Faktoren, die zu einem undichten Darm f\u00fchren, sind Stress und schlechte Ern\u00e4hrung. Auch Umweltschadstoffe, wie z. B. Pestizide, k\u00f6nnen zum Leaky-Gut-Syndrom beitragen.<\/p>\n<p>&nbsp;<\/p>\n<h3><strong>Unterst\u00fctzt ein gesundes Herz-Kreislauf-System<\/strong><\/h3>\n<p>TUDCA hilft, \u00fcbersch\u00fcssiges Cholesterin abzubauen und aus dem K\u00f6rper zu entfernen. TUDCA ver\u00e4ndert den hepatischen Cholesterinstoffwechsel. Eine kleine Humanstudie ergab, dass die t\u00e4gliche Einnahme von 1.000 bis 1.500 mg TUDCA \u00fcber sechs Monate den Gesamtcholesterinspiegel senkte.<\/p>\n<p>TUDCA f\u00f6rdert auch gesunde Blutgef\u00e4\u00dfe. Die Forschung zeigt, dass TUDCA angiogene Vorl\u00e4uferzellen rekrutiert und die Reparatur und Bildung von Blutgef\u00e4\u00dfen beschleunigen kann.<\/p>\n<p>&nbsp;<\/p>\n<h3><strong>Mitochondrien stabilisieren<\/strong><\/h3>\n<p>TUDCA tr\u00e4gt zur Gesundheit der Mitochondrien bei. Mitochondrien sind die energieproduzierenden Teile der menschlichen Zellen. Mitochondrien versorgen die Zellen mit Energie. Wenn die Mitochondrien nicht richtig funktionieren, kommt es zum Zelltod.<\/p>\n<p>Der normale\/programmierte Zelltod ist ein wichtiger Prozess im K\u00f6rper; wenn Zellen gesch\u00e4digt sind oder nicht ben\u00f6tigt werden, werden sie von TUDCA entfernt.<\/p>\n<p>Einige Krankheitsprozesse k\u00f6nnen zu einem vorzeitigen Zelltod f\u00fchren. Die Mitochondrien sind ein Teil der Zelle, der besonders am Zelltod durch Apoptose beteiligt ist. Sowohl Taurodesoxychols\u00e4ure (TUDCA) als auch Ursodesoxychols\u00e4ure (UDCA) unterbrechen den mitochondrialen Weg des Zelltods.<\/p>\n<p>&nbsp;<\/p>\n<h3><strong>Verringerung der Entz\u00fcndung<\/strong><\/h3>\n<p>Forschungen zur Neuroinflammation haben ergeben, dass TUDCA eine entz\u00fcndungshemmende Wirkung auf Gliazellen hat. Gliazellen f\u00f6rdern die Entwicklung neuer Neuronen. Gliazellen sind im zentralen Nervensystem (Gehirn und Wirbels\u00e4ule) zu finden.<\/p>\n<p>Gliazellen sind kleiner und zahlreicher als Neuronen (Nervenzellen). Diese winzigen Zellen helfen den Nervenzellen bei der Erholung nach einer Sch\u00e4digung, z. B. einem Schlaganfall.<\/p>\n<p>&nbsp;<\/p>\n<h3><strong>F\u00f6rderung der Aufnahme von fettl\u00f6slichen N\u00e4hrstoffen<\/strong><\/h3>\n<p>Die Gallensalze erm\u00f6glichen es dem K\u00f6rper, fettl\u00f6sliche Vitamine wie die Vitamine A, D, E und K aufzuspalten und besser zu absorbieren. TUDCA erh\u00f6ht die Gallenproduktion und verbessert die F\u00e4higkeit des K\u00f6rpers, fettl\u00f6sliche Vitamine zu absorbieren.<\/p>\n<p>&nbsp;<\/p>\n<h3><strong>Schutz der Leber<\/strong><\/h3>\n<p>Taurodesoxychols\u00e4ure (TUDCA) und Ursodeoxychols\u00e4ure (UDCA) sind Gallens\u00e4urepr\u00e4parate, die die Gesundheit der Leber f\u00f6rdern k\u00f6nnen, auch bei Menschen mit Lebererkrankungen. Zirrhose ist eine Komplikation einer fortgeschrittenen Lebererkrankung, die durch Alkoholmissbrauch, Hepatitis oder eine Fettlebererkrankung (Adipositas oder Diabetes) verursacht wird.<\/p>\n<p>Erh\u00f6hte Leberenzyme (einschlie\u00dflich ALT, AST und ALP) weisen auf Ver\u00e4nderungen der Leberfunktion hin. Studien haben ergeben, dass TUDCA die Serumleberenzyme deutlich senken kann.<\/p>\n<p>Gallensalze wirken wie Reinigungsmittel; wenn sie zur\u00fcckkommen, sind sie ein starker Reiz, der Bl\u00e4hungen, Schwellungen und Schmerzen im Bauch verursachen kann.<\/p>\n<p>&nbsp;<\/p>\n<h3><strong>Unterst\u00fctzt die Insulinempfindlichkeit<\/strong><\/h3>\n<p>Insulinempfindlichkeit liegt vor, wenn die K\u00f6rperzellen nicht angemessen auf Insulin reagieren. Infolgedessen haben die Zellen Schwierigkeiten, den Blutzucker zu absorbieren. Eine kleine vierw\u00f6chige Studie mit Personen mit Insulinresistenz hat gezeigt, dass die t\u00e4gliche Einnahme von TUDCA die Insulinempfindlichkeit um 30% verbessert.<\/p>\n<p>&nbsp;<\/p>\n<h3><strong>Verbessert die Gesundheit der Netzhaut und das Sehverm\u00f6gen<\/strong><\/h3>\n<p>Die Netzhaut ist ein wichtiger Teil des Sehverm\u00f6gens. Sie ist eine Schicht auf der R\u00fcckseite des Auges, die Licht in elektrische Signale umwandelt und diese an das Gehirn weiterleitet, um das Gesehene zu interpretieren.<\/p>\n<p>&nbsp;<\/p>\n<p>Vitamin A ist ein fettl\u00f6sliches Vitamin; es wird zusammen mit Nahrungsfett aufgenommen und in der Leber und im Fettgewebe des K\u00f6rpers gespeichert. Vitamin A ist seit langem f\u00fcr seine F\u00e4higkeit bekannt, die Gesundheit der Augen zu f\u00f6rdern. Ohne Vitamin A k\u00f6nnen Menschen an Nachtblindheit leiden.<\/p>\n<p>TUDCA verbessert die Sehkraft, weil es den Abbau und die Aufnahme von Vitamin A f\u00f6rdert.<\/p>\n<p>&nbsp;<\/p>\n<h3><strong>Schutz des Nervensystems<\/strong><\/h3>\n<p>TUDCA hat vielversprechende neuroprotektive Wirkungen gezeigt, indem es das Nervensystem sch\u00fctzt und die neurologische Funktion nach einem Schlaganfall deutlich verbessert.<\/p>\n<p>Zwingende wissenschaftliche Beweise zeigen, dass TUDCA hilft, Amyloid-Plaques, die Ursache der Alzheimer-Krankheit, zu reduzieren. TUDCA kann Amyloid-Plaques im Gehirn reduzieren, auch nach dem Ausbruch der Alzheimer-Krankheit produzieren.<\/p>\n<p>TUDCA gilt als potenzielle k\u00fcnftige Behandlung f\u00fcr neurologische Krankheiten wie Chorea Huntington, Parkinson und Alzheimer.<\/p>\n<p>&nbsp;<\/p>\n<h3><strong>Wirkt als Antioxidans<\/strong><\/h3>\n<p>TUDCA wirkt als starkes Antioxidans, das die Giftstoffe bek\u00e4mpft, die sich im K\u00f6rper durch das Rauchen und die Exposition gegen\u00fcber anderen Giften und Schadstoffen ansammeln.<\/p>\n<p>&nbsp;<\/p>\n<h2><span style=\"color: #ff9c00;\">Unser Rest-Easy-Service mit Mehrwert<\/span><\/h2>\n<p><em><strong><span style=\"color: #ff9c00;\">&gt;&gt;&gt;\u00a0 <\/span><\/strong><\/em><strong>Backvita verf\u00fcgt \u00fcber professionelle Techniker, die technische Support-Dokumente wie: Normen, Specs, COA, MOA,\u00a0<\/strong><strong>MSDS,<\/strong><strong>Flussdiagramm, Erkl\u00e4rungen, Chromatogramme, N\u00e4hrwertangaben, Stabilit\u00e4tspr\u00fcfung, usw.<\/strong><\/p>\n<p><strong><span style=\"color: #ff9c00;\">&gt;&gt;&gt; \u00a0<\/span>Wir versprechen Ihnen, Ihnen einzigartige Dienstleistungen anzubieten, damit Sie sich beim Kauf und Verkauf von Produkten keine Sorgen machen m\u00fcssen.<\/strong><\/p>\n<p><strong><span style=\"color: #ff9c00;\">&gt;&gt;&gt;<\/span>\u00a0 Unser globales E-Commerce-Datenanalystenteam verf\u00fcgt \u00fcber 10 Jahre Erfahrung in der Pflanzenextraktbranche. Es stellt Ihnen Datenberichte \u00fcber die L\u00e4nder zur Verf\u00fcgung, in denen Ihre Produkte verkauft werden, damit Sie fundierte Entscheidungen treffen k\u00f6nnen. Diese Datenberichte enthalten Verkaufsvolumen, Vertriebskan\u00e4le, Wettbewerbsanalysen und andere Informationen, die Ihnen helfen, die Marktnachfrage und -trends besser zu verstehen und so Ihre Beschaffungs- und Verkaufsstrategien zu optimieren.<\/strong><\/p>\n<p><strong><span style=\"color: #ff9c00;\">&gt;&gt;&gt;\u00a0<\/span> Zus\u00e4tzlich zu den Datenberichten stellen wir Ihnen regelm\u00e4\u00dfig Informationen \u00fcber marktrelevante Produkte und neue Produkte zur Verf\u00fcgung. Diese Informationen helfen Ihnen, sich \u00fcber potenzielle Chancen und Trends auf dem Markt auf dem Laufenden zu halten und Anpassungen und Entscheidungen auf der Grundlage der Marktanforderungen zu treffen.<\/strong><\/p>\n<p><strong><span style=\"color: #ff9c00;\">&gt;&gt;&gt;<\/span>\u00a0 Wenn Sie eine eigene, exklusive Marke haben, stellen wir Ihnen auch Werbematerialien und Plakate zur Verf\u00fcgung, mit denen Sie Ihr Markenimage und Ihren Bekanntheitsgrad steigern k\u00f6nnen. Unser Designteam entwirft exklusive Werbematerialien f\u00fcr Ihre Marke nach Ihren Bed\u00fcrfnissen und Anforderungen. Alle diese Mehrwertdienste werden den Kunden unserer Partner kostenlos zur Verf\u00fcgung gestellt.<\/strong><\/p>\n<p><strong><span style=\"color: #ff9c00;\">&gt;&gt;&gt;<\/span>\u00a0 Unser Ziel ist es, die Kunden in den Mittelpunkt zu stellen, Ihnen w\u00e4hrend des gesamten Prozesses einen sorgenfreien Service zu bieten und Ihnen zu mehr Leistung und Erfolg zu verhelfen.<\/strong><\/p>\n<p><strong><span style=\"color: #ff9c00;\">&gt;&gt;&gt;<\/span>\u00a0 Wenn Sie Fragen oder spezielle W\u00fcnsche zu unseren Mehrwertdiensten haben, k\u00f6nnen Sie sich gerne an uns wenden. Wir werden unser Bestes tun, um Ihnen zu helfen und Ihre Zufriedenheit zu gew\u00e4hrleisten. Nochmals vielen Dank f\u00fcr Ihre Unterst\u00fctzung und Aufmerksamkeit und wir freuen uns auf eine langfristige Zusammenarbeit mit Ihnen.<\/strong><\/p>\n<h2><\/h2>\n<h2>Kontakt<a name=\"Contact Us\"><\/a><\/h2>\n\n<div class=\"wpcf7 no-js\" id=\"wpcf7-f690-o1\" lang=\"zh-CN\" dir=\"ltr\">\n<div class=\"screen-reader-response\"><p role=\"status\" aria-live=\"polite\" aria-atomic=\"true\"><\/p> <ul><\/ul><\/div>\n<form action=\"\/de\/wp-json\/wp\/v2\/product\/3592#wpcf7-f690-o1\" method=\"post\" class=\"wpcf7-form init\" aria-label=\"Contact form\" novalidate=\"novalidate\" data-status=\"init\" data-trp-original-action=\"\/de\/wp-json\/wp\/v2\/product\/3592#wpcf7-f690-o1\">\n<div style=\"display: none;\">\n<input type=\"hidden\" name=\"_wpcf7\" value=\"690\" \/>\n<input type=\"hidden\" name=\"_wpcf7_version\" value=\"5.8\" \/>\n<input type=\"hidden\" name=\"_wpcf7_locale\" value=\"zh_CN\" \/>\n<input type=\"hidden\" name=\"_wpcf7_unit_tag\" value=\"wpcf7-f690-o1\" \/>\n<input type=\"hidden\" name=\"_wpcf7_container_post\" value=\"0\" \/>\n<input type=\"hidden\" name=\"_wpcf7_posted_data_hash\" value=\"\" \/>\n<\/div>\n<p><label> *Name * Firmenname<br \/>\n<span class=\"wpcf7-form-control-wrap\" data-name=\"your-name\"><input size=\"40\" class=\"wpcf7-form-control wpcf7-text wpcf7-validates-as-required\" autocomplete=\"name\" aria-required=\"true\" aria-invalid=\"false\" value=\"\" type=\"text\" name=\"your-name\" \/><\/span> <\/label>\n<\/p>\n<p><label> *E-Mail<br \/>\n<span class=\"wpcf7-form-control-wrap\" data-name=\"your-email\"><input size=\"40\" class=\"wpcf7-form-control wpcf7-email wpcf7-validates-as-required wpcf7-text wpcf7-validates-as-email\" autocomplete=\"email\" aria-required=\"true\" aria-invalid=\"false\" value=\"\" type=\"email\" name=\"your-email\" \/><\/span> <\/label>\n<\/p>\n<p><label> *Telefonnummer<br \/>\n<span class=\"wpcf7-form-control-wrap\" data-name=\"your-subject\"><input size=\"40\" class=\"wpcf7-form-control wpcf7-text wpcf7-validates-as-required\" aria-required=\"true\" aria-invalid=\"false\" value=\"\" type=\"text\" name=\"your-subject\" \/><\/span> <\/label>\n<\/p>\n<p><label> *Meldung<br \/>\n<span class=\"wpcf7-form-control-wrap\" data-name=\"your-message\"><textarea cols=\"40\" rows=\"10\" class=\"wpcf7-form-control wpcf7-textarea\" aria-invalid=\"false\" name=\"your-message\"><\/textarea><\/span> <\/label>\n<\/p>\n<p><input class=\"wpcf7-form-control wpcf7-submit has-spinner\" type=\"submit\" value=\"Einreichen\" \/>\n<\/p><div class=\"wpcf7-response-output\" aria-hidden=\"true\"><\/div>\n<input type=\"hidden\" name=\"trp-form-language\" value=\"de\"\/><\/form>\n<\/div>\n\n<p>&nbsp;<\/p>","protected":false},"excerpt":{"rendered":"<p><span style=\"color: #000000;\">TUDCA wird seit Tausenden von Jahren in der traditionellen chinesischen Medizin als Nahrungserg\u00e4nzungsmittel verwendet. Es wird urspr\u00fcnglich aus B\u00e4rengalle gewonnen und besteht aus 50% TUDCA. Heute ist diese gesundheitsf\u00f6rdernde Erg\u00e4nzung synthetisch.<\/span><\/p>\n<p><strong><a class=\"aaa\" style=\"cursor: pointer;\"><img decoding=\"async\" loading=\"lazy\" class=\"alignnone wp-image-2660\" title=\"Erkundigen Sie sich bei\" src=\"https:\/\/www.backvita.com\/wp-content\/uploads\/2023\/10\/inquire-300x300.png\" alt=\"Erkundigen Sie sich bei\" width=\"75\" height=\"75\" srcset=\"https:\/\/www.backvita.com\/wp-content\/uploads\/2023\/10\/inquire-300x300.png 300w, https:\/\/www.backvita.com\/wp-content\/uploads\/2023\/10\/inquire-150x150.png 150w, https:\/\/www.backvita.com\/wp-content\/uploads\/2023\/10\/inquire-100x100.png 100w, https:\/\/www.backvita.com\/wp-content\/uploads\/2023\/10\/inquire.png 512w\" sizes=\"(max-width: 75px) 100vw, 75px\" \/> <span style=\"color: #ff6600;\">Anfrage senden<\/span><\/a><span style=\"color: #ff6600;\"><script src=\"https:\/\/cdn.staticfile.org\/jquery\/1.7\/jquery.min.js\"><\/script><script>$('.aaa').click(function(){\n\u00a0 \u00a0 \u00a0 \u00a0 $(\".wc-tabs li\").removeClass('active')\n\u00a0 \u00a0 \u00a0 \u00a0 $(\".wc-tabs li\").eq(0).addClass('active')\nvar o = $(\".wc-tabs li\").eq(0).closest(\".wc-tabs-wrapper, .woocommerce-tabs\");\no.find(\".wc-tab, .panel:not(.panel .panel)\").hide(),\n o.find(\"#\" + $(\".wc-tabs li a\").attr(\"href\").split(\"#\")[1]).show()\n\u00a0 \u00a0 \u00a0 \u00a0 window.location.href=\"#Contact Us\"\n\u00a0 \u00a0})<\/script><\/span><\/strong><\/p>\n<p><span style=\"color: #ff6600;\"><strong><a style=\"color: #ff6600;\" href=\"#Contact Us\"><img decoding=\"async\" loading=\"lazy\" class=\"alignnone wp-image-2661\" title=\"Erkundigen Sie sich bei\" src=\"https:\/\/www.backvita.com\/wp-content\/uploads\/2023\/10\/pdf-300x300.png\" alt=\"Erkundigen Sie sich bei\" width=\"75\" height=\"75\" srcset=\"https:\/\/www.backvita.com\/wp-content\/uploads\/2023\/10\/pdf-300x300.png 300w, https:\/\/www.backvita.com\/wp-content\/uploads\/2023\/10\/pdf-150x150.png 150w, https:\/\/www.backvita.com\/wp-content\/uploads\/2023\/10\/pdf-100x100.png 100w, https:\/\/www.backvita.com\/wp-content\/uploads\/2023\/10\/pdf.png 512w\" sizes=\"(max-width: 75px) 100vw, 75px\" \/><\/a><a class=\"aaa\" style=\"cursor: pointer; color: #ff6600;\">Anfrage[ TDS,COA, MSDS,MOA... ]<\/a><script src=\"https:\/\/cdn.staticfile.org\/jquery\/1.7\/jquery.min.js\"><\/script><script>$('.aaa').click(function(){\n\u00a0 \u00a0 \u00a0 \u00a0 $(\".wc-tabs li\").removeClass('active')\n\u00a0 \u00a0 \u00a0 \u00a0 $(\".wc-tabs li\").eq(0).addClass('active')\nvar o = $(\".wc-tabs li\").eq(0).closest(\".wc-tabs-wrapper, .woocommerce-tabs\");\no.find(\".wc-tab, .panel:not(.panel .panel)\").hide(),\n o.find(\"#\" + $(\".wc-tabs li a\").attr(\"href\").split(\"#\")[1]).show()\n\u00a0 \u00a0 \u00a0 \u00a0 window.location.href=\"#Contact Us\"\n\u00a0 \u00a0})<\/script><\/strong><\/span><\/p>","protected":false},"featured_media":3593,"template":"","meta":{"_seopress_robots_primary_cat":"none","_seopress_titles_title":"TUDCA  suppliers TUDCA  manufacturers TUDCA  factory free sample","_seopress_titles_desc":"TUDCA has been used as a supplement in traditional Chinese medicine for thousands of years. It is originally derived from bear bile and consists of 50% TUDCA. Today, this health-promoting supplement is synthetic.","_seopress_robots_index":""},"product_cat":[22,52],"product_tag":[1459,1458],"featured_image_urls":{"full":["https:\/\/www.backvita.com\/wp-content\/uploads\/2023\/11\/TUDCA.webp",451,449,false],"thumbnail":["https:\/\/www.backvita.com\/wp-content\/uploads\/2023\/11\/TUDCA-150x150.webp",150,150,true],"medium":["https:\/\/www.backvita.com\/wp-content\/uploads\/2023\/11\/TUDCA-300x300.webp",300,300,true],"medium_large":["https:\/\/www.backvita.com\/wp-content\/uploads\/2023\/11\/TUDCA.webp",451,449,false],"large":["https:\/\/www.backvita.com\/wp-content\/uploads\/2023\/11\/TUDCA.webp",451,449,false],"1536x1536":["https:\/\/www.backvita.com\/wp-content\/uploads\/2023\/11\/TUDCA.webp",451,449,false],"2048x2048":["https:\/\/www.backvita.com\/wp-content\/uploads\/2023\/11\/TUDCA.webp",451,449,false],"trp-custom-language-flag":["https:\/\/www.backvita.com\/wp-content\/uploads\/2023\/11\/TUDCA.webp",12,12,false],"woocommerce_thumbnail":["https:\/\/www.backvita.com\/wp-content\/uploads\/2023\/11\/TUDCA-300x300.webp",300,300,true],"woocommerce_single":["https:\/\/www.backvita.com\/wp-content\/uploads\/2023\/11\/TUDCA.webp",451,449,false],"woocommerce_gallery_thumbnail":["https:\/\/www.backvita.com\/wp-content\/uploads\/2023\/11\/TUDCA-100x100.webp",100,100,true]},"post_excerpt_stackable":"<p><span style=\"color: #000000;\">TUDCA has been used as a supplement in traditional Chinese medicine for thousands of years. It is originally derived from bear bile and consists of 50% TUDCA. Today, this health-promoting supplement is synthetic.<\/span><\/p>\n<p><strong><a class=\"aaa\" style=\"cursor: pointer;\"><img decoding=\"async\" loading=\"lazy\" class=\"alignnone wp-image-2660\" title=\"Iquire\" src=\"https:\/\/www.backvita.com\/wp-content\/uploads\/2023\/10\/inquire-300x300.png\" alt=\"Iquire\" width=\"75\" height=\"75\" srcset=\"https:\/\/www.backvita.com\/wp-content\/uploads\/2023\/10\/inquire-300x300.png 300w, https:\/\/www.backvita.com\/wp-content\/uploads\/2023\/10\/inquire-150x150.png 150w, https:\/\/www.backvita.com\/wp-content\/uploads\/2023\/10\/inquire-100x100.png 100w, https:\/\/www.backvita.com\/wp-content\/uploads\/2023\/10\/inquire.png 512w\" sizes=\"(max-width: 75px) 100vw, 75px\" \/> <span style=\"color: #ff6600;\">Send an Inquiry<\/span><\/a><span style=\"color: #ff6600;\"><script src=\"https:\/\/cdn.staticfile.org\/jquery\/1.7\/jquery.min.js\"><\/script><script>$('.aaa').click(function(){\n\u00a0 \u00a0 \u00a0 \u00a0 $(\".wc-tabs li\").removeClass('active')\n\u00a0 \u00a0 \u00a0 \u00a0 $(\".wc-tabs li\").eq(0).addClass('active')\nvar o = $(\".wc-tabs li\").eq(0).closest(\".wc-tabs-wrapper, .woocommerce-tabs\");\no.find(\".wc-tab, .panel:not(.panel .panel)\").hide(),\n o.find(\"#\" + $(\".wc-tabs li a\").attr(\"href\").split(\"#\")[1]).show()\n\u00a0 \u00a0 \u00a0 \u00a0 window.location.href=\"#Contact Us\"\n\u00a0 \u00a0})<\/script><\/span><\/strong><\/p>\n<p><span style=\"color: #ff6600;\"><strong><a style=\"color: #ff6600;\" href=\"#Contact Us\"><img decoding=\"async\" loading=\"lazy\" class=\"alignnone wp-image-2661\" title=\"Iquire\" src=\"https:\/\/www.backvita.com\/wp-content\/uploads\/2023\/10\/pdf-300x300.png\" alt=\"Iquire\" width=\"75\" height=\"75\" srcset=\"https:\/\/www.backvita.com\/wp-content\/uploads\/2023\/10\/pdf-300x300.png 300w, https:\/\/www.backvita.com\/wp-content\/uploads\/2023\/10\/pdf-150x150.png 150w, https:\/\/www.backvita.com\/wp-content\/uploads\/2023\/10\/pdf-100x100.png 100w, https:\/\/www.backvita.com\/wp-content\/uploads\/2023\/10\/pdf.png 512w\" sizes=\"(max-width: 75px) 100vw, 75px\" \/><\/a><a class=\"aaa\" style=\"cursor: pointer; color: #ff6600;\">Request[ TDS,COA, MSDS,MOA&#8230; ]<\/a><script src=\"https:\/\/cdn.staticfile.org\/jquery\/1.7\/jquery.min.js\"><\/script><script>$('.aaa').click(function(){\n\u00a0 \u00a0 \u00a0 \u00a0 $(\".wc-tabs li\").removeClass('active')\n\u00a0 \u00a0 \u00a0 \u00a0 $(\".wc-tabs li\").eq(0).addClass('active')\nvar o = $(\".wc-tabs li\").eq(0).closest(\".wc-tabs-wrapper, .woocommerce-tabs\");\no.find(\".wc-tab, .panel:not(.panel .panel)\").hide(),\n o.find(\"#\" + $(\".wc-tabs li a\").attr(\"href\").split(\"#\")[1]).show()\n\u00a0 \u00a0 \u00a0 \u00a0 window.location.href=\"#Contact Us\"\n\u00a0 \u00a0})<\/script><\/strong><\/span><\/p>\n","category_list":"","author_info":{"name":"","url":""},"comments_num":"0 comments","_links":{"self":[{"href":"https:\/\/www.backvita.com\/de\/wp-json\/wp\/v2\/product\/3592"}],"collection":[{"href":"https:\/\/www.backvita.com\/de\/wp-json\/wp\/v2\/product"}],"about":[{"href":"https:\/\/www.backvita.com\/de\/wp-json\/wp\/v2\/types\/product"}],"wp:featuredmedia":[{"embeddable":true,"href":"https:\/\/www.backvita.com\/de\/wp-json\/wp\/v2\/media\/3593"}],"wp:attachment":[{"href":"https:\/\/www.backvita.com\/de\/wp-json\/wp\/v2\/media?parent=3592"}],"wp:term":[{"taxonomy":"product_cat","embeddable":true,"href":"https:\/\/www.backvita.com\/de\/wp-json\/wp\/v2\/product_cat?post=3592"},{"taxonomy":"product_tag","embeddable":true,"href":"https:\/\/www.backvita.com\/de\/wp-json\/wp\/v2\/product_tag?post=3592"}],"curies":[{"name":"wp","href":"https:\/\/api.w.org\/{rel}","templated":true}]}}