{"id":4856,"date":"2024-01-31T17:29:49","date_gmt":"2024-01-31T09:29:49","guid":{"rendered":"https:\/\/www.backvita.com\/?post_type=product&#038;p=4856"},"modified":"2024-02-07T09:16:53","modified_gmt":"2024-02-07T01:16:53","slug":"tranexamic-acid-manufacturer-tranexamic-acid-supplier-tranexamic-acid-factory-free-sample","status":"publish","type":"product","link":"https:\/\/www.backvita.com\/de\/product\/tranexamsaure-hersteller-tranexamsaure-lieferant-tranexamsaure-fabrik-kostenlose-probe\/","title":{"rendered":"Tranexams\u00e4ure Hersteller Tranexams\u00e4ure Lieferant Tranexams\u00e4ure Fabrik kostenlose Probe"},"content":{"rendered":"<h2>Tranexams\u00e4ure Einf\u00fchrung<\/h2>\n<p>Tranexams\u00e4ure (auch bekannt als Tranexams\u00e4ure) ist eine synthetische, wasserl\u00f6sliche Aminos\u00e4ure, die zu den Proteasehemmern geh\u00f6rt. Andere Bezeichnungen sind H\u00e4mostase, h\u00e4mostatische zyklische S\u00e4ure, Thrombins\u00e4ure usw., die zu der Kategorie der fibrinolytischen Hemmung geh\u00f6ren. Durch die reversible Blockierung der Lysin-Bindungsstelle am Fibrinogenmolek\u00fcl kann das Plasminogen nicht in fibrinolytisches Enzym umgewandelt werden, wodurch die Fibrinolyse wirksam gehemmt wird. Es kann die Aktivierung von Melanozyten direkt verhindern, den aktiven Zustand der aktiven Faktorgruppe von dunklen Flecken verbessern, die Hautpigmentierung verhindern und verbessern.<\/p>\n<p>&nbsp;<\/p>\n<p>&nbsp;<\/p>\n<h2>Wirkprinzip von Tranexams\u00e4ure<\/h2>\n<div>\n<p>Durch die Hemmung der Aktivit\u00e4t von Rosinase wurden die Synthese und die Ausf\u00e4llung von Melanin verringert. Melanin ist das Pigment der Haut, und Tyrosinase ist ein wichtiges Enzym bei der Synthese von Melanin. Durch die Hemmung der Tyrosinaseaktivit\u00e4t kann Tranexams\u00e4ure die Melaninproduktion verringern und so die Pigmentierung der Haut und die Bildung von Flecken reduzieren. Gleichzeitig kann Tranexams\u00e4ure auch die Zellerneuerung f\u00f6rdern, die Barrierefunktion der Haut verbessern, die F\u00e4higkeit der Haut, Feuchtigkeit zu spenden, und die F\u00e4higkeit der Haut, sich selbst zu reparieren, verbessern, so dass eine Aufhellung der Haut, das Verblassen von Flecken, eine Aufhellung des Hauttons und eine Verbesserung der Elastizit\u00e4t und des Glanzes der Haut erreicht werden.<\/p>\n<p>&nbsp;<\/p>\n<\/div>\n<div>\n<h2>Vorteile von Tranexams\u00e4ure<\/h2>\n<\/div>\n<p>Gute Stabilit\u00e4t: Chuanming-S\u00e4ure hat eine hohe Stabilit\u00e4t, S\u00e4ure- und Laugenbest\u00e4ndigkeit und wird nicht leicht durch die Temperaturumgebung beeintr\u00e4chtigt. Keine Notwendigkeit f\u00fcr Tr\u00e4gerschutz, nicht durch das \u00dcbertragungssystem Schaden, keine Stimulation Eigenschaften betroffen.<\/p>\n<p>Leichte Absorption durch das Hautsystem: Tranexams\u00e4ure kann die Aktivierung der Melanozyten direkt hemmen und den aktiven Zustand des Melanins verbessern. Seine milde, nicht reizende Natur ist besonders geeignet f\u00fcr die Aufhellung von Flecken, die Aufhellung und den Ausgleich der gesamten Hautfarbe. Neben dem Verblassen von Flecken kann Tranexams\u00e4ure auch die Transparenz des gesamten Hauttons und die Stumpfheit lokaler Hautstellen verbessern, so dass die Haut einen \"wei\u00dfen im roten\" Aufhellungseffekt hat.<\/p>\n<p>Verblassen von dunklen Flecken, gelben Sommersprossen, Akneflecken usw.: Tranexams\u00e4ure hat eine ausgezeichnete Wirkung bei der Hemmung der Melaninbildung und beugt dunklen Flecken, Sommersprossen und Leberflecken vor.<\/p>\n<p>Sicherheit: keine Reizung der Haut, Tranexams\u00e4ure ist ein aufhellender Inhaltsstoff, der f\u00fcr die Pflegeprodukte patentiert wurde. Viele Jahre der klinischen Studien haben bewiesen, dass Tranexams\u00e4ure kann schnell aufhellen und verblassen Flecken, so dass die Haut mit einer perfekten Hautqualit\u00e4t von wei\u00df, weich, hell und durchscheinend.<\/p>\n<p>&nbsp;<\/p>\n<div>\n<h2>Die hautpflegende Wirkung von Tranexams\u00e4ure<\/h2>\n<h3>Aufhellende Flecken<\/h3>\n<p>Der Aufhellungsmechanismus von Tranexams\u00e4ure besteht darin, dass sie direkt in das Stratum corneum eindringen, die Aktivit\u00e4t der Melanozyten hemmen und die Melaninansammlung verhindern kann. Dar\u00fcber hinaus kann Tranexams\u00e4ure auch das Immunsystem im K\u00f6rper stimulieren, die Produktion wei\u00dfer Blutk\u00f6rperchen f\u00f6rdern und die menschliche Immunit\u00e4t verbessern. In der klinischen Praxis kann Tranexams\u00e4ure als Hilfsmittel bei der Behandlung von Melasma, Sommersprossen und anderen Krankheiten eingesetzt werden.<\/p>\n<h3>Antioxidationsmittel<\/h3>\n<p>Tranexams\u00e4ure hat antioxidative Eigenschaften, die freie Radikale abfangen und die Hautalterung verlangsamen k\u00f6nnen. Freie Radikale sind eine der Hauptursachen f\u00fcr die Hautalterung. Tranexams\u00e4ure kann freie Radikale binden, sie inaktiv machen und so den Hautalterungsprozess verlangsamen.<\/p>\n<\/div>\n<h3>Feuchthalteeffekt<\/h3>\n<p>Tranexams\u00e4ure hat auch eine feuchtigkeitsspendende Wirkung, die den Feuchtigkeitsgehalt der Haut erh\u00f6ht und die Haut weicher und glatter macht. Gleichzeitig kann die Feuchtigkeitsspendung auch die Aufnahme anderer N\u00e4hrstoffe in der Haut f\u00f6rdern und so die allgemeine Gesundheit der Haut verbessern.<\/p>\n<h3>Gesch\u00e4digte Haut reparieren<\/h3>\n<p>Tranexams\u00e4ure kann die Regeneration und Reparatur von Hautzellen f\u00f6rdern und hat eine gute Reparaturwirkung auf gesch\u00e4digte Haut. Bei Hautsch\u00e4den, die durch ultraviolettes Licht, Umweltverschmutzung und andere Faktoren verursacht werden, kann Tranexams\u00e4ure den Reparaturprozess der Haut beschleunigen und die Gesundheit der Haut wiederherstellen.<\/p>\n<p>&nbsp;<\/p>\n<h2><span style=\"color: #ff9c00;\">Unser Rest-Easy-Service mit Mehrwert<\/span><\/h2>\n<p><em><strong><span style=\"color: #ff9c00;\">&gt;&gt;&gt;\u00a0 <\/span><\/strong><\/em><strong>Backvita verf\u00fcgt \u00fcber professionelle Techniker, die technische Support-Dokumente wie: Normen, Specs, COA, MOA,\u00a0<\/strong><strong>MSDS,<\/strong><strong>Flussdiagramm, Erkl\u00e4rungen, Chromatogramme, N\u00e4hrwertangaben, Stabilit\u00e4tspr\u00fcfung, usw.<\/strong><\/p>\n<p><strong><span style=\"color: #ff9c00;\">&gt;&gt;&gt; \u00a0<\/span>Wir versprechen Ihnen, Ihnen einzigartige Dienstleistungen anzubieten, damit Sie sich beim Kauf und Verkauf von Produkten keine Sorgen machen m\u00fcssen.<\/strong><\/p>\n<p><strong><span style=\"color: #ff9c00;\">&gt;&gt;&gt;<\/span>\u00a0 Unser globales E-Commerce-Datenanalystenteam verf\u00fcgt \u00fcber 10 Jahre Erfahrung in der Pflanzenextraktbranche. Es stellt Ihnen Datenberichte \u00fcber die L\u00e4nder zur Verf\u00fcgung, in denen Ihre Produkte verkauft werden, damit Sie fundierte Entscheidungen treffen k\u00f6nnen. Diese Datenberichte enthalten Verkaufsvolumen, Vertriebskan\u00e4le, Wettbewerbsanalysen und andere Informationen, die Ihnen helfen, die Marktnachfrage und -trends besser zu verstehen und so Ihre Beschaffungs- und Verkaufsstrategien zu optimieren.<\/strong><\/p>\n<p><strong><span style=\"color: #ff9c00;\">&gt;&gt;&gt;\u00a0<\/span> Zus\u00e4tzlich zu den Datenberichten stellen wir Ihnen regelm\u00e4\u00dfig Informationen \u00fcber marktrelevante Produkte und neue Produkte zur Verf\u00fcgung. Diese Informationen helfen Ihnen, sich \u00fcber potenzielle Chancen und Trends auf dem Markt auf dem Laufenden zu halten und Anpassungen und Entscheidungen auf der Grundlage der Marktanforderungen zu treffen.<\/strong><\/p>\n<p><strong><span style=\"color: #ff9c00;\">&gt;&gt;&gt;<\/span>\u00a0 Wenn Sie eine eigene, exklusive Marke haben, stellen wir Ihnen auch Werbematerialien und Plakate zur Verf\u00fcgung, mit denen Sie Ihr Markenimage und Ihren Bekanntheitsgrad steigern k\u00f6nnen. Unser Designteam entwirft exklusive Werbematerialien f\u00fcr Ihre Marke nach Ihren Bed\u00fcrfnissen und Anforderungen. Alle diese Mehrwertdienste werden den Kunden unserer Partner kostenlos zur Verf\u00fcgung gestellt.<\/strong><\/p>\n<p><strong><span style=\"color: #ff9c00;\">&gt;&gt;&gt;<\/span>\u00a0 Unser Ziel ist es, die Kunden in den Mittelpunkt zu stellen, Ihnen w\u00e4hrend des gesamten Prozesses einen sorgenfreien Service zu bieten und Ihnen zu mehr Leistung und Erfolg zu verhelfen.<\/strong><\/p>\n<p><strong><span style=\"color: #ff9c00;\">&gt;&gt;&gt;<\/span>\u00a0 Wenn Sie Fragen oder spezielle W\u00fcnsche zu unseren Mehrwertdiensten haben, k\u00f6nnen Sie sich gerne an uns wenden. Wir werden unser Bestes tun, um Ihnen zu helfen und Ihre Zufriedenheit zu gew\u00e4hrleisten. Nochmals vielen Dank f\u00fcr Ihre Unterst\u00fctzung und Aufmerksamkeit und wir freuen uns auf eine langfristige Zusammenarbeit mit Ihnen.<\/strong><\/p>\n<p>&nbsp;<\/p>\n<h2>Kontakt<a name=\"Contact Us\"><\/a><\/h2>\n\n<div class=\"wpcf7 no-js\" id=\"wpcf7-f690-o1\" lang=\"zh-CN\" dir=\"ltr\">\n<div class=\"screen-reader-response\"><p role=\"status\" aria-live=\"polite\" aria-atomic=\"true\"><\/p> <ul><\/ul><\/div>\n<form action=\"\/de\/wp-json\/wp\/v2\/product\/4856#wpcf7-f690-o1\" method=\"post\" class=\"wpcf7-form init\" aria-label=\"Contact form\" novalidate=\"novalidate\" data-status=\"init\" data-trp-original-action=\"\/de\/wp-json\/wp\/v2\/product\/4856#wpcf7-f690-o1\">\n<div style=\"display: none;\">\n<input type=\"hidden\" name=\"_wpcf7\" value=\"690\" \/>\n<input type=\"hidden\" name=\"_wpcf7_version\" value=\"5.8\" \/>\n<input type=\"hidden\" name=\"_wpcf7_locale\" value=\"zh_CN\" \/>\n<input type=\"hidden\" name=\"_wpcf7_unit_tag\" value=\"wpcf7-f690-o1\" \/>\n<input type=\"hidden\" name=\"_wpcf7_container_post\" value=\"0\" \/>\n<input type=\"hidden\" name=\"_wpcf7_posted_data_hash\" value=\"\" \/>\n<\/div>\n<p><label> *Name * Firmenname<br \/>\n<span class=\"wpcf7-form-control-wrap\" data-name=\"your-name\"><input size=\"40\" class=\"wpcf7-form-control wpcf7-text wpcf7-validates-as-required\" autocomplete=\"name\" aria-required=\"true\" aria-invalid=\"false\" value=\"\" type=\"text\" name=\"your-name\" \/><\/span> <\/label>\n<\/p>\n<p><label> *E-Mail<br \/>\n<span class=\"wpcf7-form-control-wrap\" data-name=\"your-email\"><input size=\"40\" class=\"wpcf7-form-control wpcf7-email wpcf7-validates-as-required wpcf7-text wpcf7-validates-as-email\" autocomplete=\"email\" aria-required=\"true\" aria-invalid=\"false\" value=\"\" type=\"email\" name=\"your-email\" \/><\/span> <\/label>\n<\/p>\n<p><label> *Telefonnummer<br \/>\n<span class=\"wpcf7-form-control-wrap\" data-name=\"your-subject\"><input size=\"40\" class=\"wpcf7-form-control wpcf7-text wpcf7-validates-as-required\" aria-required=\"true\" aria-invalid=\"false\" value=\"\" type=\"text\" name=\"your-subject\" \/><\/span> <\/label>\n<\/p>\n<p><label> *Meldung<br \/>\n<span class=\"wpcf7-form-control-wrap\" data-name=\"your-message\"><textarea cols=\"40\" rows=\"10\" class=\"wpcf7-form-control wpcf7-textarea\" aria-invalid=\"false\" name=\"your-message\"><\/textarea><\/span> <\/label>\n<\/p>\n<p><input class=\"wpcf7-form-control wpcf7-submit has-spinner\" type=\"submit\" value=\"Einreichen\" \/>\n<\/p><div class=\"wpcf7-response-output\" aria-hidden=\"true\"><\/div>\n<input type=\"hidden\" name=\"trp-form-language\" value=\"de\"\/><\/form>\n<\/div>\n\n<p>&nbsp;<\/p>","protected":false},"excerpt":{"rendered":"<p>Der Aufhellungsmechanismus von Tranexams\u00e4ure besteht darin, dass sie direkt in das Stratum corneum eindringen, die Aktivit\u00e4t der Melanozyten hemmen und die Melaninansammlung verhindern kann. Dar\u00fcber hinaus kann Tranexams\u00e4ure auch das Immunsystem im K\u00f6rper stimulieren, die Produktion wei\u00dfer Blutk\u00f6rperchen f\u00f6rdern und die menschliche Immunit\u00e4t verbessern. In der klinischen Praxis kann Tranexams\u00e4ure als Hilfsmittel bei der Behandlung von Melasma, Sommersprossen und anderen Krankheiten eingesetzt werden.<\/p>\n<p><span style=\"color: #ff6600;\"><strong><a class=\"aaa\" style=\"cursor: pointer; color: #ff6600;\"><img decoding=\"async\" loading=\"lazy\" class=\"alignnone wp-image-2660\" title=\"Erkundigen Sie sich bei\" src=\"https:\/\/www.backvita.com\/wp-content\/uploads\/2023\/10\/inquire-300x300.png\" alt=\"Erkundigen Sie sich bei\" width=\"75\" height=\"75\" srcset=\"https:\/\/www.backvita.com\/wp-content\/uploads\/2023\/10\/inquire-300x300.png 300w, https:\/\/www.backvita.com\/wp-content\/uploads\/2023\/10\/inquire-150x150.png 150w, https:\/\/www.backvita.com\/wp-content\/uploads\/2023\/10\/inquire-100x100.png 100w, https:\/\/www.backvita.com\/wp-content\/uploads\/2023\/10\/inquire.png 512w\" sizes=\"(max-width: 75px) 100vw, 75px\" \/> Anfrage senden<\/a><script src=\"https:\/\/cdn.staticfile.org\/jquery\/1.7\/jquery.min.js\"><\/script><script>$('.aaa').click(function(){\n\u00a0 \u00a0 \u00a0 \u00a0 $(\".wc-tabs li\").removeClass('active')\n\u00a0 \u00a0 \u00a0 \u00a0 $(\".wc-tabs li\").eq(0).addClass('active')\nvar o = $(\".wc-tabs li\").eq(0).closest(\".wc-tabs-wrapper, .woocommerce-tabs\");\no.find(\".wc-tab, .panel:not(.panel .panel)\").hide(),\n o.find(\"#\" + $(\".wc-tabs li a\").attr(\"href\").split(\"#\")[1]).show()\n\u00a0 \u00a0 \u00a0 \u00a0 window.location.href=\"#Contact Us\"\n\u00a0 \u00a0})<\/script><\/strong><\/span><\/p>\n<p><span style=\"color: #ff6600;\"><strong><a style=\"color: #ff6600;\" href=\"#Contact Us\"><img decoding=\"async\" loading=\"lazy\" class=\"alignnone wp-image-2661\" title=\"Erkundigen Sie sich bei\" src=\"https:\/\/www.backvita.com\/wp-content\/uploads\/2023\/10\/pdf-300x300.png\" alt=\"Erkundigen Sie sich bei\" width=\"74\" height=\"74\" srcset=\"https:\/\/www.backvita.com\/wp-content\/uploads\/2023\/10\/pdf-300x300.png 300w, https:\/\/www.backvita.com\/wp-content\/uploads\/2023\/10\/pdf-150x150.png 150w, https:\/\/www.backvita.com\/wp-content\/uploads\/2023\/10\/pdf-100x100.png 100w, https:\/\/www.backvita.com\/wp-content\/uploads\/2023\/10\/pdf.png 512w\" sizes=\"(max-width: 74px) 100vw, 74px\" \/><\/a><a class=\"aaa\" style=\"cursor: pointer; color: #ff6600;\">Anfrage[ TDS,COA, MSDS,MOA... ]<\/a><script src=\"https:\/\/cdn.staticfile.org\/jquery\/1.7\/jquery.min.js\"><\/script><script>$('.aaa').click(function(){\n\u00a0 \u00a0 \u00a0 \u00a0 $(\".wc-tabs li\").removeClass('active')\n\u00a0 \u00a0 \u00a0 \u00a0 $(\".wc-tabs li\").eq(0).addClass('active')\nvar o = $(\".wc-tabs li\").eq(0).closest(\".wc-tabs-wrapper, .woocommerce-tabs\");\no.find(\".wc-tab, .panel:not(.panel .panel)\").hide(),\n o.find(\"#\" + $(\".wc-tabs li a\").attr(\"href\").split(\"#\")[1]).show()\n\u00a0 \u00a0 \u00a0 \u00a0 window.location.href=\"#Contact Us\"\n\u00a0 \u00a0})<\/script><\/strong><\/span><\/p>","protected":false},"featured_media":4857,"template":"","meta":{"_seopress_robots_primary_cat":"none","_seopress_titles_title":"Tranexamic acid Manufacturer Tranexamic acid supplier Tranexamic acid factory free sample","_seopress_titles_desc":"The whitening mechanism of Tranexamic acid is that it can directly penetrate the stratum corneum, inhibit the activity of melanocytes, and prevent melanin accumulation. In addition, Tranexamic acid can also stimulate the immune system in the body, promote the production of white blood cells, and improve human immunity. In clinical practice, Tranexamic acid can be used as an auxiliary drug for the treatment of melasma, freckles and other diseases.","_seopress_robots_index":""},"product_cat":[34,54],"product_tag":[1753,1756,1754,1755],"featured_image_urls":{"full":["https:\/\/www.backvita.com\/wp-content\/uploads\/2024\/01\/Tranexamic-acid-1.webp",776,433,false],"thumbnail":["https:\/\/www.backvita.com\/wp-content\/uploads\/2024\/01\/Tranexamic-acid-1-150x150.webp",150,150,true],"medium":["https:\/\/www.backvita.com\/wp-content\/uploads\/2024\/01\/Tranexamic-acid-1-300x167.webp",300,167,true],"medium_large":["https:\/\/www.backvita.com\/wp-content\/uploads\/2024\/01\/Tranexamic-acid-1-768x429.webp",768,429,true],"large":["https:\/\/www.backvita.com\/wp-content\/uploads\/2024\/01\/Tranexamic-acid-1.webp",776,433,false],"1536x1536":["https:\/\/www.backvita.com\/wp-content\/uploads\/2024\/01\/Tranexamic-acid-1.webp",776,433,false],"2048x2048":["https:\/\/www.backvita.com\/wp-content\/uploads\/2024\/01\/Tranexamic-acid-1.webp",776,433,false],"trp-custom-language-flag":["https:\/\/www.backvita.com\/wp-content\/uploads\/2024\/01\/Tranexamic-acid-1-18x10.webp",18,10,true],"woocommerce_thumbnail":["https:\/\/www.backvita.com\/wp-content\/uploads\/2024\/01\/Tranexamic-acid-1-300x300.webp",300,300,true],"woocommerce_single":["https:\/\/www.backvita.com\/wp-content\/uploads\/2024\/01\/Tranexamic-acid-1-600x335.webp",600,335,true],"woocommerce_gallery_thumbnail":["https:\/\/www.backvita.com\/wp-content\/uploads\/2024\/01\/Tranexamic-acid-1-100x100.webp",100,100,true]},"post_excerpt_stackable":"<p>The whitening mechanism of Tranexamic acid is that it can directly penetrate the stratum corneum, inhibit the activity of melanocytes, and prevent melanin accumulation. In addition, Tranexamic acid can also stimulate the immune system in the body, promote the production of white blood cells, and improve human immunity. In clinical practice, Tranexamic acid can be used as an auxiliary drug for the treatment of melasma, freckles and other diseases.<\/p>\n<p><span style=\"color: #ff6600;\"><strong><a class=\"aaa\" style=\"cursor: pointer; color: #ff6600;\"><img decoding=\"async\" loading=\"lazy\" class=\"alignnone wp-image-2660\" title=\"Iquire\" src=\"https:\/\/www.backvita.com\/wp-content\/uploads\/2023\/10\/inquire-300x300.png\" alt=\"Iquire\" width=\"75\" height=\"75\" srcset=\"https:\/\/www.backvita.com\/wp-content\/uploads\/2023\/10\/inquire-300x300.png 300w, https:\/\/www.backvita.com\/wp-content\/uploads\/2023\/10\/inquire-150x150.png 150w, https:\/\/www.backvita.com\/wp-content\/uploads\/2023\/10\/inquire-100x100.png 100w, https:\/\/www.backvita.com\/wp-content\/uploads\/2023\/10\/inquire.png 512w\" sizes=\"(max-width: 75px) 100vw, 75px\" \/> Send an Inquiry<\/a><script src=\"https:\/\/cdn.staticfile.org\/jquery\/1.7\/jquery.min.js\"><\/script><script>$('.aaa').click(function(){\n\u00a0 \u00a0 \u00a0 \u00a0 $(\".wc-tabs li\").removeClass('active')\n\u00a0 \u00a0 \u00a0 \u00a0 $(\".wc-tabs li\").eq(0).addClass('active')\nvar o = $(\".wc-tabs li\").eq(0).closest(\".wc-tabs-wrapper, .woocommerce-tabs\");\no.find(\".wc-tab, .panel:not(.panel .panel)\").hide(),\n o.find(\"#\" + $(\".wc-tabs li a\").attr(\"href\").split(\"#\")[1]).show()\n\u00a0 \u00a0 \u00a0 \u00a0 window.location.href=\"#Contact Us\"\n\u00a0 \u00a0})<\/script><\/strong><\/span><\/p>\n<p><span style=\"color: #ff6600;\"><strong><a style=\"color: #ff6600;\" href=\"#Contact Us\"><img decoding=\"async\" loading=\"lazy\" class=\"alignnone wp-image-2661\" title=\"Iquire\" src=\"https:\/\/www.backvita.com\/wp-content\/uploads\/2023\/10\/pdf-300x300.png\" alt=\"Iquire\" width=\"74\" height=\"74\" srcset=\"https:\/\/www.backvita.com\/wp-content\/uploads\/2023\/10\/pdf-300x300.png 300w, https:\/\/www.backvita.com\/wp-content\/uploads\/2023\/10\/pdf-150x150.png 150w, https:\/\/www.backvita.com\/wp-content\/uploads\/2023\/10\/pdf-100x100.png 100w, https:\/\/www.backvita.com\/wp-content\/uploads\/2023\/10\/pdf.png 512w\" sizes=\"(max-width: 74px) 100vw, 74px\" \/><\/a><a class=\"aaa\" style=\"cursor: pointer; color: #ff6600;\">Request[ TDS,COA, MSDS,MOA&#8230; ]<\/a><script src=\"https:\/\/cdn.staticfile.org\/jquery\/1.7\/jquery.min.js\"><\/script><script>$('.aaa').click(function(){\n\u00a0 \u00a0 \u00a0 \u00a0 $(\".wc-tabs li\").removeClass('active')\n\u00a0 \u00a0 \u00a0 \u00a0 $(\".wc-tabs li\").eq(0).addClass('active')\nvar o = $(\".wc-tabs li\").eq(0).closest(\".wc-tabs-wrapper, .woocommerce-tabs\");\no.find(\".wc-tab, .panel:not(.panel .panel)\").hide(),\n o.find(\"#\" + $(\".wc-tabs li a\").attr(\"href\").split(\"#\")[1]).show()\n\u00a0 \u00a0 \u00a0 \u00a0 window.location.href=\"#Contact Us\"\n\u00a0 \u00a0})<\/script><\/strong><\/span><\/p>\n","category_list":"","author_info":{"name":"","url":""},"comments_num":"0 comments","_links":{"self":[{"href":"https:\/\/www.backvita.com\/de\/wp-json\/wp\/v2\/product\/4856"}],"collection":[{"href":"https:\/\/www.backvita.com\/de\/wp-json\/wp\/v2\/product"}],"about":[{"href":"https:\/\/www.backvita.com\/de\/wp-json\/wp\/v2\/types\/product"}],"wp:featuredmedia":[{"embeddable":true,"href":"https:\/\/www.backvita.com\/de\/wp-json\/wp\/v2\/media\/4857"}],"wp:attachment":[{"href":"https:\/\/www.backvita.com\/de\/wp-json\/wp\/v2\/media?parent=4856"}],"wp:term":[{"taxonomy":"product_cat","embeddable":true,"href":"https:\/\/www.backvita.com\/de\/wp-json\/wp\/v2\/product_cat?post=4856"},{"taxonomy":"product_tag","embeddable":true,"href":"https:\/\/www.backvita.com\/de\/wp-json\/wp\/v2\/product_tag?post=4856"}],"curies":[{"name":"wp","href":"https:\/\/api.w.org\/{rel}","templated":true}]}}