{"id":7159,"date":"2024-06-25T10:41:56","date_gmt":"2024-06-25T02:41:56","guid":{"rendered":"https:\/\/www.backvita.com\/?post_type=product&#038;p=7159"},"modified":"2024-06-25T10:44:36","modified_gmt":"2024-06-25T02:44:36","slug":"ashwaganda-extract-withanolides-suppliers-ashwaganda-extract-withanolides-manufacturers-ashwaganda-extract-withanolides-factory-free-sample","status":"publish","type":"product","link":"https:\/\/www.backvita.com\/de\/product\/ashwaganda-extract-withanolides-lieferanten-ashwaganda-extract-withanolides-hersteller-ashwaganda-extract-withanolides-fabrik-kostenlose-probe\/","title":{"rendered":"Ashwaganda Extrakt Withanolides Lieferanten Ashwaganda Extrakt Withanolides Hersteller Ashwaganda Extrakt Withanolides Fabrik kostenlose Probe"},"content":{"rendered":"<h2 style=\"text-align: left;\"><b>Ashwaganda Extrakt Withanolides Pulver Einf\u00fchrung<\/b><\/h2>\n<p>Ashwagandha (Ashwagandha) ist ein immergr\u00fcner Strauch, der in Asien und Afrika w\u00e4chst. Er geh\u00f6rt zur Familie der Nachtschattengew\u00e4chse (Solanaceae). Seine Wurzeln und Beeren werden in Indien seit 6.000 Jahren als traditionelle Medizin verwendet. Er ist als K\u00f6nig der ayurvedischen Kr\u00e4uter bekannt. Sie ist auch als Withania somnifera, indischer Ginseng und Winterkirsche bekannt und wird wegen ihrer beruhigenden, hypnotischen und stress- und angstl\u00f6senden Eigenschaften eingesetzt. Es wird auch als Nahrungserg\u00e4nzungsmittel verwendet, um die k\u00f6rperliche Funktion zu verbessern, den Testosteronspiegel zu erh\u00f6hen und die reproduktive Gesundheit zu verbessern.<\/p>\n<p><strong>Ashwagandha-Extrakt<\/strong>-wird aus der getrockneten reifen Wurzel und dem oberirdischen Teil von Withania somnifera (L.) Dunal (Fam. Solanaceae) unter Verwendung von Methanol, Alkohol, Wasser oder Mischungen dieser L\u00f6sungsmittel hergestellt. Es enth\u00e4lt NLT 2,5% Withanolide, berechnet auf Trockenbasis als Summe von Withanolid-Aglykonen, berechnet als Withanolid A, und Withanolid-Glykosiden, berechnet als Withanosid IV. Es kann geeignete Zusatzstoffe enthalten.<\/p>\n<table style=\"height: 245px;\" width=\"1286\">\n<tbody>\n<tr>\n<td width=\"219\"><strong>Produktname<\/strong><\/td>\n<td width=\"466\">Ashwaganda-Extrakt Withanolide<\/td>\n<\/tr>\n<tr>\n<td><strong>CAS-Nr.<\/strong><\/td>\n<td>90147-43-6<\/td>\n<\/tr>\n<tr>\n<td><strong>Lateinischer Name<\/strong><\/td>\n<td>Withania somnifera<\/td>\n<\/tr>\n<tr>\n<td><strong>Erscheinungsbild<\/strong><\/td>\n<td>Braunes Pulver<\/td>\n<\/tr>\n<tr>\n<td><strong>Spezifikationen<\/strong><\/td>\n<td>Withanolide 2.50%<\/td>\n<\/tr>\n<tr>\n<td><strong>Pakete<\/strong><\/td>\n<td>1kg\/Sack, 25kg\/Fass<\/td>\n<\/tr>\n<tr>\n<td><strong>Lagerung<\/strong><\/td>\n<td>Feuchtigkeitsschutz und lichtgesch\u00fctzte, geschlossene Lagerung vermeiden.<\/td>\n<\/tr>\n<tr>\n<td><strong>Pr\u00fcfverfahren<\/strong><\/td>\n<td>HPLC\u3001LC-MS<\/td>\n<\/tr>\n<\/tbody>\n<\/table>\n<h2><\/h2>\n<h2 style=\"text-align: left;\"><b>Ashwaganda-Extrakt\u00a0<\/b><b>Withanolide <\/b><b><\/b>Gesundheitliche Vorteile<\/h2>\n<p>Ashwagandha enth\u00e4lt hohe Konzentrationen an Withanolid und anderen Wirkstoffen wie Cholin, Scopolamin, Chlorogens\u00e4ure, Gerbstoffe und Flavonoide. Seine gesundheitlichen Vorteile umfassen:<\/p>\n<p>Ashwagandha wird wie Baldrian als \"Schlafgras\" bezeichnet. Sein Extrakt enth\u00e4lt Triethylenglykol, das den Eintritt in die Schlafphase ohne rasche Augenbewegungen f\u00f6rdern und Schlaflosigkeit behandeln kann. Es hat auch die F\u00e4higkeit, die Signalisierung des Gamma-Aminobutters\u00e4ure-Rezeptors Typ A (GABA A) zu verbessern, was die Gesamtschlafzeit und die Schlafqualit\u00e4t verbessern kann.<\/p>\n<p>&nbsp;<\/p>\n<p>Anti-\u00c4ngstlichkeit und Stressabbau. Es wirkt auf die Hypothalamus-Hypophysen-Nebennieren-Achse, senkt den Cortisolspiegel (eines der wichtigsten Stresshormone des K\u00f6rpers), reduziert Stressreaktionen und verbessert Depressionen und Angstzust\u00e4nde.<\/p>\n<p>Erh\u00f6ht den Gehalt an antioxidativen Enzymen, die eine antioxidative und entz\u00fcndungshemmende Wirkung haben und Krebszellen widerstehen.<\/p>\n<p>Wie Ginseng hat es die Wirkung, die unspezifischen Abwehrkr\u00e4fte zu erh\u00f6hen und die Widerstandskraft des K\u00f6rpers zu verbessern.<\/p>\n<p>Durch die Erh\u00f6hung des H\u00e4moglobinspiegels, die Steigerung der maximalen Sauerstoffaufnahme, die Verbesserung der Ausdauer und der k\u00f6rperlichen Fitness hat dies das Interesse der Sportler an Ashwagandha geweckt.<\/p>\n<p>Es wirkt sich positiv auf die reproduktive Gesundheit aus und erh\u00f6ht den Testosteronspiegel. Diese Wirkung ist bei M\u00e4nnern mit Unfruchtbarkeit und niedrigem Testosteronspiegel besonders ausgepr\u00e4gt. Es kann die Spermienzahl und -aktivit\u00e4t erh\u00f6hen und die m\u00e4nnliche Fruchtbarkeit verbessern.<\/p>\n<p>Schilddr\u00fcsenhormone ausgleichen.<\/p>\n<p>&nbsp;<\/p>\n<h2 style=\"text-align: left;\"><b>Ashwaganda-Extrakt Withanolide <\/b>Vorteile<\/h2>\n<p>Die chemische Struktur von Withanolid ist ein pentacyclisches Benzopyronon, das zu den konjugierten Alkohol-Keton-Systemen geh\u00f6rt. Es hat verschiedene biologische Aktivit\u00e4ten wie antioxidative, entz\u00fcndungshemmende, antitumorale und schlaff\u00f6rdernde Wirkung.<\/p>\n<p>Die chemische Struktur von Withanolid ist ein pentacyclisches Benzopyranon, das zu den konjugierten Alkohol-Keton-Systemen geh\u00f6rt. Es hat verschiedene biologische Aktivit\u00e4ten wie antioxidative, entz\u00fcndungshemmende, antitumorale und schlaff\u00f6rdernde Wirkung;<\/p>\n<p>Withanolid zeigt auch entz\u00fcndungshemmende Wirkungen. Es kann die Freisetzung von Entz\u00fcndungsmediatoren und Entz\u00fcndungszellen bei Entz\u00fcndungsreaktionen hemmen und das Ausma\u00df der Entz\u00fcndungsreaktionen verringern. Dies macht es potenziell n\u00fctzlich bei der Behandlung von Entz\u00fcndungskrankheiten wie rheumatoider Arthritis und entz\u00fcndlichen Darmerkrankungen;<\/p>\n<p>Withanolid hat auch eine antitumorale Wirkung. Es kann die Proliferation und Migration von Tumorzellen hemmen und die Apoptose von Tumorzellen f\u00f6rdern. Dies macht es potenziell n\u00fctzlich in der Tumorbehandlung.<\/p>\n<p>Den Withanoliden wird auch eine schlaff\u00f6rdernde Wirkung zugeschrieben. Die Forschung zeigt, dass sie den Spiegel von Neurotransmittern wie Dopamin und Serotonin im Gehirn regulieren und so den Schlaf f\u00f6rdern k\u00f6nnen. Dies macht es potenziell wirksam bei der Behandlung von Schlaflosigkeit und der Verbesserung der Schlafqualit\u00e4t.<\/p>\n<h2><\/h2>\n<h2 style=\"text-align: left;\"><strong>Spezifikation (TDS) von Ashwagandha-Extrakt Withanolide 2.50%<\/strong><\/h2>\n<table style=\"height: 1686px;\" width=\"1362\">\n<tbody>\n<tr>\n<td width=\"263\"><strong>Analyse-Elemente<\/strong><\/td>\n<td width=\"269\"><strong>Spezifikationen<\/strong><\/td>\n<td width=\"189\"><strong>Methoden<\/strong><\/td>\n<\/tr>\n<tr>\n<td colspan=\"3\" width=\"721\"><strong>Kennzeichnungen<\/strong><\/td>\n<\/tr>\n<tr>\n<td style=\"text-align: left;\" width=\"263\"><strong>A. HPTLC<\/strong><\/td>\n<td colspan=\"2\" width=\"458\">Die Probenl\u00f6sung zeigt Hauptbanden, die in Position und Farbe der RS-L\u00f6sung \u00e4hnlich sind.<\/td>\n<\/tr>\n<tr>\n<td width=\"263\"><strong>B. HPLC<\/strong><\/td>\n<td colspan=\"2\" width=\"458\">Die Retentionszeit der Probe stimmt mit der des Standards im HPLC-Reinheitstest \u00fcberein.<\/td>\n<\/tr>\n<tr>\n<td colspan=\"3\" width=\"721\"><strong>Wirkstofftests<\/strong><\/td>\n<\/tr>\n<tr>\n<td width=\"263\"><strong>Withanolide (HPLC)<\/strong><\/td>\n<td width=\"269\">\u22652,50 %<\/td>\n<td width=\"189\">USP43<\/td>\n<\/tr>\n<tr>\n<td colspan=\"3\" width=\"721\"><strong>Physikalische Tests<\/strong><\/td>\n<\/tr>\n<tr>\n<td width=\"263\"><strong>Erscheinungsbild<\/strong><\/td>\n<td width=\"269\">Gelbbraunes Pulver<\/td>\n<td width=\"189\">Visuell<\/td>\n<\/tr>\n<tr>\n<td width=\"263\"><strong>Geruch und Geschmack<\/strong><\/td>\n<td width=\"269\">Charakteristisch<\/td>\n<td width=\"189\">Organoleptisch<\/td>\n<\/tr>\n<tr>\n<td width=\"263\"><strong>Partikelgr\u00f6\u00dfe<\/strong><\/td>\n<td width=\"269\">98% Durchgang 80 Maschen<\/td>\n<td width=\"189\">USP43<\/td>\n<\/tr>\n<tr>\n<td width=\"263\"><strong>Sch\u00fcttdichte<\/strong><\/td>\n<td width=\"269\">0,35~0,55g\/ml<\/td>\n<td width=\"189\">USP43<\/td>\n<\/tr>\n<tr>\n<td width=\"263\"><strong>Verlust beim Trocknen<\/strong><\/td>\n<td width=\"269\">\u22646.00%<\/td>\n<td width=\"189\">USP43<\/td>\n<\/tr>\n<tr>\n<td width=\"263\"><strong>S\u00e4ureunl\u00f6sliche Asche<\/strong><\/td>\n<td width=\"269\">\u22645.00%<\/td>\n<td width=\"189\">USP43<\/td>\n<\/tr>\n<tr>\n<td colspan=\"3\" width=\"721\"><strong>Chemische Tests<\/strong><\/td>\n<\/tr>\n<tr>\n<td width=\"263\"><strong>Schwermetalle<\/strong><\/td>\n<td width=\"269\">\u226410.00ppm<\/td>\n<td width=\"189\">USP43<\/td>\n<\/tr>\n<tr>\n<td width=\"263\"><strong>Pb<\/strong><\/td>\n<td width=\"269\">\u22643.00ppm<\/td>\n<td width=\"189\">USP43<\/td>\n<\/tr>\n<tr>\n<td width=\"263\"><strong>As<\/strong><\/td>\n<td width=\"269\">\u22643.00ppm<\/td>\n<td width=\"189\">USP43<\/td>\n<\/tr>\n<tr>\n<td width=\"263\"><strong>Cd<\/strong><\/td>\n<td width=\"269\">\u22641,00ppm<\/td>\n<td width=\"189\">USP43<\/td>\n<\/tr>\n<tr>\n<td width=\"263\"><strong>Hg<\/strong><\/td>\n<td width=\"269\">\u22640,10ppm<\/td>\n<td width=\"189\">USP43<\/td>\n<\/tr>\n<tr>\n<td width=\"263\"><strong>L\u00f6sungsmittelr\u00fcckst\u00e4nde<\/strong><\/td>\n<td width=\"269\">\u22643000ppm<\/td>\n<td width=\"189\">USP43<\/td>\n<\/tr>\n<tr>\n<td width=\"263\"><strong>R\u00fcckst\u00e4nde von Pestiziden<\/strong><\/td>\n<td width=\"269\">USP43<\/td>\n<td width=\"189\">USP43<\/td>\n<\/tr>\n<tr>\n<td colspan=\"3\" width=\"721\"><strong>Mikrobiologische Tests<\/strong><\/td>\n<\/tr>\n<tr>\n<td width=\"263\"><strong>Gesamtkeimzahl<\/strong><\/td>\n<td width=\"269\">\u226410.000cfu\/g<\/td>\n<td width=\"189\">USP43<\/td>\n<\/tr>\n<tr>\n<td width=\"263\"><strong>Hefen und Schimmelpilze<\/strong><\/td>\n<td width=\"269\">\u22641.000cfu\/g<\/td>\n<td width=\"189\">USP43<\/td>\n<\/tr>\n<tr>\n<td width=\"263\"><strong>E. Coli<\/strong><\/td>\n<td width=\"269\">Negativ in 1g<\/td>\n<td width=\"189\">USP43<\/td>\n<\/tr>\n<tr>\n<td width=\"263\"><strong>Salmonellen<\/strong><\/td>\n<td width=\"269\">Negativ in 10g<\/td>\n<td width=\"189\">USP43<\/td>\n<\/tr>\n<\/tbody>\n<\/table>\n<p>&nbsp;<\/p>\n<h2><span style=\"color: #ff9c00;\">Unser Rest-Easy-Service mit Mehrwert<\/span><\/h2>\n<p><em><strong><span style=\"color: #ff9c00;\">&gt;&gt;&gt;\u00a0 <\/span><\/strong><\/em><strong>Backvita verf\u00fcgt \u00fcber professionelle Techniker, die technische Support-Dokumente wie: Normen, Specs, COA, MOA,\u00a0<\/strong><strong>MSDS,<\/strong><strong>Flussdiagramm, Erkl\u00e4rungen, Chromatogramme, N\u00e4hrwertangaben, Stabilit\u00e4tspr\u00fcfung, usw.<\/strong><\/p>\n<p><strong><span style=\"color: #ff9c00;\">&gt;&gt;&gt; \u00a0<\/span>Wir versprechen Ihnen, Ihnen einzigartige Dienstleistungen anzubieten, damit Sie sich beim Kauf und Verkauf von Produkten keine Sorgen machen m\u00fcssen.<\/strong><\/p>\n<p><strong><span style=\"color: #ff9c00;\">&gt;&gt;&gt;<\/span>\u00a0 Unser globales E-Commerce-Datenanalystenteam verf\u00fcgt \u00fcber 10 Jahre Erfahrung in der Pflanzenextraktbranche. Es stellt Ihnen Datenberichte \u00fcber die L\u00e4nder zur Verf\u00fcgung, in denen Ihre Produkte verkauft werden, damit Sie fundierte Entscheidungen treffen k\u00f6nnen. Diese Datenberichte enthalten Verkaufsvolumen, Vertriebskan\u00e4le, Wettbewerbsanalysen und andere Informationen, die Ihnen helfen, die Marktnachfrage und -trends besser zu verstehen und so Ihre Beschaffungs- und Verkaufsstrategien zu optimieren.<\/strong><\/p>\n<p><strong><span style=\"color: #ff9c00;\">&gt;&gt;&gt;\u00a0<\/span> Zus\u00e4tzlich zu den Datenberichten stellen wir Ihnen regelm\u00e4\u00dfig Informationen \u00fcber marktrelevante Produkte und neue Produkte zur Verf\u00fcgung. Diese Informationen helfen Ihnen, sich \u00fcber potenzielle Chancen und Trends auf dem Markt auf dem Laufenden zu halten und Anpassungen und Entscheidungen auf der Grundlage der Marktanforderungen zu treffen.<\/strong><\/p>\n<p><strong><span style=\"color: #ff9c00;\">&gt;&gt;&gt;<\/span>\u00a0 Wenn Sie eine eigene, exklusive Marke haben, stellen wir Ihnen auch Werbematerialien und Plakate zur Verf\u00fcgung, mit denen Sie Ihr Markenimage und Ihren Bekanntheitsgrad steigern k\u00f6nnen. Unser Designteam entwirft exklusive Werbematerialien f\u00fcr Ihre Marke nach Ihren Bed\u00fcrfnissen und Anforderungen. Alle diese Mehrwertdienste werden den Kunden unserer Partner kostenlos zur Verf\u00fcgung gestellt.<\/strong><\/p>\n<p><strong><span style=\"color: #ff9c00;\">&gt;&gt;&gt;<\/span>\u00a0 Unser Ziel ist es, die Kunden in den Mittelpunkt zu stellen, Ihnen w\u00e4hrend des gesamten Prozesses einen sorgenfreien Service zu bieten und Ihnen zu mehr Leistung und Erfolg zu verhelfen.<\/strong><\/p>\n<p><strong><span style=\"color: #ff9c00;\">&gt;&gt;&gt;<\/span>\u00a0 Wenn Sie Fragen oder spezielle W\u00fcnsche zu unseren Mehrwertdiensten haben, k\u00f6nnen Sie sich gerne an uns wenden. Wir werden unser Bestes tun, um Ihnen zu helfen und Ihre Zufriedenheit zu gew\u00e4hrleisten. Nochmals vielen Dank f\u00fcr Ihre Unterst\u00fctzung und Aufmerksamkeit und wir freuen uns auf eine langfristige Zusammenarbeit mit Ihnen.<\/strong><\/p>\n<p>&nbsp;<\/p>\n<h2>Kontakt<a name=\"Contact Us\"><\/a><\/h2>\n\n<div class=\"wpcf7 no-js\" id=\"wpcf7-f690-o1\" lang=\"zh-CN\" dir=\"ltr\">\n<div class=\"screen-reader-response\"><p role=\"status\" aria-live=\"polite\" aria-atomic=\"true\"><\/p> <ul><\/ul><\/div>\n<form action=\"\/de\/wp-json\/wp\/v2\/product\/7159#wpcf7-f690-o1\" method=\"post\" class=\"wpcf7-form init\" aria-label=\"Contact form\" novalidate=\"novalidate\" data-status=\"init\" data-trp-original-action=\"\/de\/wp-json\/wp\/v2\/product\/7159#wpcf7-f690-o1\">\n<div style=\"display: none;\">\n<input type=\"hidden\" name=\"_wpcf7\" value=\"690\" \/>\n<input type=\"hidden\" name=\"_wpcf7_version\" value=\"5.8\" \/>\n<input type=\"hidden\" name=\"_wpcf7_locale\" value=\"zh_CN\" \/>\n<input type=\"hidden\" name=\"_wpcf7_unit_tag\" value=\"wpcf7-f690-o1\" \/>\n<input type=\"hidden\" name=\"_wpcf7_container_post\" value=\"0\" \/>\n<input type=\"hidden\" name=\"_wpcf7_posted_data_hash\" value=\"\" \/>\n<\/div>\n<p><label> *Name * Firmenname<br \/>\n<span class=\"wpcf7-form-control-wrap\" data-name=\"your-name\"><input size=\"40\" class=\"wpcf7-form-control wpcf7-text wpcf7-validates-as-required\" autocomplete=\"name\" aria-required=\"true\" aria-invalid=\"false\" value=\"\" type=\"text\" name=\"your-name\" \/><\/span> <\/label>\n<\/p>\n<p><label> *E-Mail<br \/>\n<span class=\"wpcf7-form-control-wrap\" data-name=\"your-email\"><input size=\"40\" class=\"wpcf7-form-control wpcf7-email wpcf7-validates-as-required wpcf7-text wpcf7-validates-as-email\" autocomplete=\"email\" aria-required=\"true\" aria-invalid=\"false\" value=\"\" type=\"email\" name=\"your-email\" \/><\/span> <\/label>\n<\/p>\n<p><label> *Telefonnummer<br \/>\n<span class=\"wpcf7-form-control-wrap\" data-name=\"your-subject\"><input size=\"40\" class=\"wpcf7-form-control wpcf7-text wpcf7-validates-as-required\" aria-required=\"true\" aria-invalid=\"false\" value=\"\" type=\"text\" name=\"your-subject\" \/><\/span> <\/label>\n<\/p>\n<p><label> *Meldung<br \/>\n<span class=\"wpcf7-form-control-wrap\" data-name=\"your-message\"><textarea cols=\"40\" rows=\"10\" class=\"wpcf7-form-control wpcf7-textarea\" aria-invalid=\"false\" name=\"your-message\"><\/textarea><\/span> <\/label>\n<\/p>\n<p><input class=\"wpcf7-form-control wpcf7-submit has-spinner\" type=\"submit\" value=\"Einreichen\" \/>\n<\/p><div class=\"wpcf7-response-output\" aria-hidden=\"true\"><\/div>\n<input type=\"hidden\" name=\"trp-form-language\" value=\"de\"\/><\/form>\n<\/div>\n\n<p>&nbsp;<\/p>","protected":false},"excerpt":{"rendered":"<p style=\"text-align: left;\"><span style=\"color: #000000;\">Ashwaganda-Extrakt Withanolide, Die chemische Struktur von Withanolide ist pentacyclische Benzopyronone, die ein Mitglied der Alkohol-Keton konjugiert System ist. Es hat verschiedene biologische Aktivit\u00e4ten wie Antioxidans, entz\u00fcndungshemmend, Anti-Tumor und F\u00f6rderung des Schlafes.<\/span><\/p>\n<p><span style=\"color: #ff6600;\"><a class=\"aaa\" style=\"cursor: pointer; color: #ff6600;\"><img decoding=\"async\" loading=\"lazy\" class=\"alignnone wp-image-2660\" title=\"Erkundigen Sie sich bei\" src=\"https:\/\/www.backvita.com\/wp-content\/uploads\/2023\/10\/inquire-300x300.png\" alt=\"Erkundigen Sie sich bei\" width=\"75\" height=\"75\" srcset=\"https:\/\/www.backvita.com\/wp-content\/uploads\/2023\/10\/inquire-300x300.png 300w, https:\/\/www.backvita.com\/wp-content\/uploads\/2023\/10\/inquire-150x150.png 150w, https:\/\/www.backvita.com\/wp-content\/uploads\/2023\/10\/inquire-100x100.png 100w, https:\/\/www.backvita.com\/wp-content\/uploads\/2023\/10\/inquire.png 512w\" sizes=\"(max-width: 75px) 100vw, 75px\" \/> <strong>Anfrage senden<\/strong><\/a><strong><script src=\"https:\/\/cdn.staticfile.org\/jquery\/1.7\/jquery.min.js\"><\/script><script>$('.aaa').click(function(){\n\u00a0 \u00a0 \u00a0 \u00a0 $(\".wc-tabs li\").removeClass('active')\n\u00a0 \u00a0 \u00a0 \u00a0 $(\".wc-tabs li\").eq(0).addClass('active')\nvar o = $(\".wc-tabs li\").eq(0).closest(\".wc-tabs-wrapper, .woocommerce-tabs\");\no.find(\".wc-tab, .panel:not(.panel .panel)\").hide(),\n o.find(\"#\" + $(\".wc-tabs li a\").attr(\"href\").split(\"#\")[1]).show()\n\u00a0 \u00a0 \u00a0 \u00a0 window.location.href=\"#Contact Us\"\n\u00a0 \u00a0})<\/script><\/strong><\/span><\/p>\n<p><strong><span style=\"color: #ff6600;\"><a style=\"color: #ff6600;\" href=\"#Contact Us\"><img decoding=\"async\" loading=\"lazy\" class=\"alignnone wp-image-2661\" title=\"PDF\" src=\"https:\/\/www.backvita.com\/wp-content\/uploads\/2023\/10\/pdf-300x300.png\" alt=\"PDF\" width=\"75\" height=\"75\" srcset=\"https:\/\/www.backvita.com\/wp-content\/uploads\/2023\/10\/pdf-300x300.png 300w, https:\/\/www.backvita.com\/wp-content\/uploads\/2023\/10\/pdf-150x150.png 150w, https:\/\/www.backvita.com\/wp-content\/uploads\/2023\/10\/pdf-100x100.png 100w, https:\/\/www.backvita.com\/wp-content\/uploads\/2023\/10\/pdf.png 512w\" sizes=\"(max-width: 75px) 100vw, 75px\" \/><\/a><a class=\"aaa\" style=\"cursor: pointer; color: #ff6600;\">Anfrage[ TDS,COA, MSDS,MOA... ]<\/a><script src=\"https:\/\/cdn.staticfile.org\/jquery\/1.7\/jquery.min.js\"><\/script><script>$('.aaa').click(function(){\n\u00a0 \u00a0 \u00a0 \u00a0 $(\".wc-tabs li\").removeClass('active')\n\u00a0 \u00a0 \u00a0 \u00a0 $(\".wc-tabs li\").eq(0).addClass('active')\nvar o = $(\".wc-tabs li\").eq(0).closest(\".wc-tabs-wrapper, .woocommerce-tabs\");\no.find(\".wc-tab, .panel:not(.panel .panel)\").hide(),\n o.find(\"#\" + $(\".wc-tabs li a\").attr(\"href\").split(\"#\")[1]).show()\n\u00a0 \u00a0 \u00a0 \u00a0 window.location.href=\"#Contact Us\"\n\u00a0 \u00a0})<\/script><\/span><\/strong><\/p>","protected":false},"featured_media":2813,"template":"","meta":{"_seopress_robots_primary_cat":"none","_seopress_titles_title":"Ashwaganda Extract Withanolides suppliers Ashwaganda Extract Withanolides manufacturers Ashwaganda Extract Withanolides factory free sample","_seopress_titles_desc":"Ashwaganda Extract Withanolides \uff0cThe chemical structure of withanolide is pentacyclic benzopyronone, which is a member of the alcohol-ketone conjugated system. It has various biological activities such as antioxidant, anti-inflammatory, anti-tumor and promoting sleep.","_seopress_robots_index":""},"product_cat":[51],"product_tag":[799,800,813,805,812,810,803,806,811,807,809,808,804,801,825,824,820,821,819,818,814,815,802,822,826,827,823,828,816,817],"featured_image_urls":{"full":["https:\/\/www.backvita.com\/wp-content\/uploads\/2023\/10\/Withanolide.webp",456,416,false],"thumbnail":["https:\/\/www.backvita.com\/wp-content\/uploads\/2023\/10\/Withanolide-150x150.webp",150,150,true],"medium":["https:\/\/www.backvita.com\/wp-content\/uploads\/2023\/10\/Withanolide-300x274.webp",300,274,true],"medium_large":["https:\/\/www.backvita.com\/wp-content\/uploads\/2023\/10\/Withanolide.webp",456,416,false],"large":["https:\/\/www.backvita.com\/wp-content\/uploads\/2023\/10\/Withanolide.webp",456,416,false],"1536x1536":["https:\/\/www.backvita.com\/wp-content\/uploads\/2023\/10\/Withanolide.webp",456,416,false],"2048x2048":["https:\/\/www.backvita.com\/wp-content\/uploads\/2023\/10\/Withanolide.webp",456,416,false],"trp-custom-language-flag":["https:\/\/www.backvita.com\/wp-content\/uploads\/2023\/10\/Withanolide.webp",13,12,false],"woocommerce_thumbnail":["https:\/\/www.backvita.com\/wp-content\/uploads\/2023\/10\/Withanolide-300x300.webp",300,300,true],"woocommerce_single":["https:\/\/www.backvita.com\/wp-content\/uploads\/2023\/10\/Withanolide.webp",456,416,false],"woocommerce_gallery_thumbnail":["https:\/\/www.backvita.com\/wp-content\/uploads\/2023\/10\/Withanolide-100x100.webp",100,100,true]},"post_excerpt_stackable":"<p style=\"text-align: left;\"><span style=\"color: #000000;\">Ashwaganda Extract Withanolides ,The chemical structure of withanolide is pentacyclic benzopyronone, which is a member of the alcohol-ketone conjugated system. It has various biological activities such as antioxidant, anti-inflammatory, anti-tumor and promoting sleep.<\/span><\/p>\n<p><span style=\"color: #ff6600;\"><a class=\"aaa\" style=\"cursor: pointer; color: #ff6600;\"><img decoding=\"async\" loading=\"lazy\" class=\"alignnone wp-image-2660\" title=\"Iquire\" src=\"https:\/\/www.backvita.com\/wp-content\/uploads\/2023\/10\/inquire-300x300.png\" alt=\"Iquire\" width=\"75\" height=\"75\" srcset=\"https:\/\/www.backvita.com\/wp-content\/uploads\/2023\/10\/inquire-300x300.png 300w, https:\/\/www.backvita.com\/wp-content\/uploads\/2023\/10\/inquire-150x150.png 150w, https:\/\/www.backvita.com\/wp-content\/uploads\/2023\/10\/inquire-100x100.png 100w, https:\/\/www.backvita.com\/wp-content\/uploads\/2023\/10\/inquire.png 512w\" sizes=\"(max-width: 75px) 100vw, 75px\" \/> <strong>Send an Inquiry<\/strong><\/a><strong><script src=\"https:\/\/cdn.staticfile.org\/jquery\/1.7\/jquery.min.js\"><\/script><script>$('.aaa').click(function(){\n\u00a0 \u00a0 \u00a0 \u00a0 $(\".wc-tabs li\").removeClass('active')\n\u00a0 \u00a0 \u00a0 \u00a0 $(\".wc-tabs li\").eq(0).addClass('active')\nvar o = $(\".wc-tabs li\").eq(0).closest(\".wc-tabs-wrapper, .woocommerce-tabs\");\no.find(\".wc-tab, .panel:not(.panel .panel)\").hide(),\n o.find(\"#\" + $(\".wc-tabs li a\").attr(\"href\").split(\"#\")[1]).show()\n\u00a0 \u00a0 \u00a0 \u00a0 window.location.href=\"#Contact Us\"\n\u00a0 \u00a0})<\/script><\/strong><\/span><\/p>\n<p><strong><span style=\"color: #ff6600;\"><a style=\"color: #ff6600;\" href=\"#Contact Us\"><img decoding=\"async\" loading=\"lazy\" class=\"alignnone wp-image-2661\" title=\"PDF\" src=\"https:\/\/www.backvita.com\/wp-content\/uploads\/2023\/10\/pdf-300x300.png\" alt=\"PDF\" width=\"75\" height=\"75\" srcset=\"https:\/\/www.backvita.com\/wp-content\/uploads\/2023\/10\/pdf-300x300.png 300w, https:\/\/www.backvita.com\/wp-content\/uploads\/2023\/10\/pdf-150x150.png 150w, https:\/\/www.backvita.com\/wp-content\/uploads\/2023\/10\/pdf-100x100.png 100w, https:\/\/www.backvita.com\/wp-content\/uploads\/2023\/10\/pdf.png 512w\" sizes=\"(max-width: 75px) 100vw, 75px\" \/><\/a><a class=\"aaa\" style=\"cursor: pointer; color: #ff6600;\">Request[ TDS,COA, MSDS,MOA&#8230; ]<\/a><script src=\"https:\/\/cdn.staticfile.org\/jquery\/1.7\/jquery.min.js\"><\/script><script>$('.aaa').click(function(){\n\u00a0 \u00a0 \u00a0 \u00a0 $(\".wc-tabs li\").removeClass('active')\n\u00a0 \u00a0 \u00a0 \u00a0 $(\".wc-tabs li\").eq(0).addClass('active')\nvar o = $(\".wc-tabs li\").eq(0).closest(\".wc-tabs-wrapper, .woocommerce-tabs\");\no.find(\".wc-tab, .panel:not(.panel .panel)\").hide(),\n o.find(\"#\" + $(\".wc-tabs li a\").attr(\"href\").split(\"#\")[1]).show()\n\u00a0 \u00a0 \u00a0 \u00a0 window.location.href=\"#Contact Us\"\n\u00a0 \u00a0})<\/script><\/span><\/strong><\/p>\n","category_list":"","author_info":{"name":"","url":""},"comments_num":"0 comments","_links":{"self":[{"href":"https:\/\/www.backvita.com\/de\/wp-json\/wp\/v2\/product\/7159"}],"collection":[{"href":"https:\/\/www.backvita.com\/de\/wp-json\/wp\/v2\/product"}],"about":[{"href":"https:\/\/www.backvita.com\/de\/wp-json\/wp\/v2\/types\/product"}],"wp:featuredmedia":[{"embeddable":true,"href":"https:\/\/www.backvita.com\/de\/wp-json\/wp\/v2\/media\/2813"}],"wp:attachment":[{"href":"https:\/\/www.backvita.com\/de\/wp-json\/wp\/v2\/media?parent=7159"}],"wp:term":[{"taxonomy":"product_cat","embeddable":true,"href":"https:\/\/www.backvita.com\/de\/wp-json\/wp\/v2\/product_cat?post=7159"},{"taxonomy":"product_tag","embeddable":true,"href":"https:\/\/www.backvita.com\/de\/wp-json\/wp\/v2\/product_tag?post=7159"}],"curies":[{"name":"wp","href":"https:\/\/api.w.org\/{rel}","templated":true}]}}