{"id":7172,"date":"2024-06-26T09:40:40","date_gmt":"2024-06-26T01:40:40","guid":{"rendered":"https:\/\/www.backvita.com\/?post_type=product&#038;p=7172"},"modified":"2024-06-26T09:42:02","modified_gmt":"2024-06-26T01:42:02","slug":"centella-asiatica-extract-suppliers-centella-asiatica-extract-manufacturers-centella-asiatica-extract-factory-free-sample","status":"publish","type":"product","link":"https:\/\/www.backvita.com\/de\/product\/centella-asiatica-extract-lieferanten-centella-asiatica-extract-hersteller-centella-asiatica-extract-fabrik-kostenlose-probe\/","title":{"rendered":"Centella Asiatica Extrakt Lieferanten Centella Asiatica Extrakt Hersteller Centella Asiatica Extrakt Fabrik kostenlose Probe"},"content":{"rendered":"<h2>Centella Asiatica Extrakt Centella Asiatica Pulver Einf\u00fchrung<\/h2>\n<p>Centella Asiatica Extract ist ein Inhaltsstoff, der f\u00fcr antibakterielle und antimykotische Wirkungen, den Wiederaufbau der Haut, die Regulierung von Keratin, Anti-Aging und Hautreparatur in Gesichtsmasken, Serum, Creme, Gel und wasserbasierten Dosierungen verwendet werden kann.<\/p>\n<table style=\"height: 208px;\" width=\"1336\">\n<tbody>\n<tr>\n<td width=\"219\"><strong>Produktname<\/strong><\/td>\n<td width=\"466\">Centella Asiatica-Extrakt<\/td>\n<\/tr>\n<tr>\n<td><strong>CAS-Nr.<\/strong><\/td>\n<td>34540-22-2<\/td>\n<\/tr>\n<tr>\n<td><strong>Lateinischer Name<\/strong><\/td>\n<td>Centella asiatica L.<\/td>\n<\/tr>\n<tr>\n<td><strong>Erscheinungsbild<\/strong><\/td>\n<td>Wei\u00dfes kristallines Pulver<\/td>\n<\/tr>\n<tr>\n<td><strong>Spezifikationen<\/strong><\/td>\n<td>50%-95%<\/td>\n<\/tr>\n<tr>\n<td><strong>Pakete<\/strong><\/td>\n<td>1kg\/Sack, 25kg\/Fass<\/td>\n<\/tr>\n<tr>\n<td><strong>Lagerung<\/strong><\/td>\n<td>Feuchtigkeitsschutz und lichtgesch\u00fctzte, geschlossene Lagerung vermeiden.<\/td>\n<\/tr>\n<tr>\n<td><strong>Pr\u00fcfverfahren<\/strong><\/td>\n<td>HPLC<\/td>\n<\/tr>\n<\/tbody>\n<\/table>\n<h2><\/h2>\n<h2>Centella Asiatica Extrakt Anwendung Klassifizierung<\/h2>\n<div class=\"org-text\">\n<h3 id=\"item_ai_id_1267\" class=\"translate_ask\"><strong>Hautreparatur\u00a0<\/strong><\/h3>\n<\/div>\n<div class=\"org-text\">\n<div class=\"translate_ask\">Centella asiatica-Extrakt ist reich an Triterpensaponinen und Flavonoiden, die entz\u00fcndungshemmende, antioxidative und wundheilende Wirkungen haben. Diese Produkte werden h\u00e4ufig zur Behandlung von Hautproblemen wie Verbrennungen, Wunden, Narben und Ekzemen eingesetzt und helfen auch, trockene und empfindliche Haut zu lindern.<\/div>\n<div><\/div>\n<\/div>\n<div class=\"org-text\">\n<h3 class=\"translate_ask\"><strong>Vaso-aktivierend\u00a0<\/strong><\/h3>\n<div class=\"translate_ask\">Den Triterpensaponinen im Centella asiatica-Extrakt wird eine gef\u00e4\u00dfaktivierende Wirkung zugeschrieben, die die Blutzirkulation f\u00f6rdern und die Elastizit\u00e4t und Stabilit\u00e4t der Kapillaren verbessern kann. Diese Art von Produkt wird h\u00e4ufig zur Verbesserung von Beschwerden in den Beinen verwendet, die durch Krampfadern, Stauungen und M\u00fcdigkeit verursacht werden, und kann helfen, Muskelkater und Schweregef\u00fchl zu lindern.<\/div>\n<div><\/div>\n<\/div>\n<div class=\"org-text\">\n<h3 class=\"translate_ask\"><strong>Anti-Aging\u00a0<\/strong><\/h3>\n<div class=\"translate_ask\">\u00a0Centella-Asiatica-Extrakt ist reich an Flavonoiden und wirkt antioxidativ, was die Sch\u00e4digung der Haut durch freie Radikale verringern und die Hautalterung verhindern kann. Diese Produkte werden h\u00e4ufig in Hautpflegeprodukten verwendet, um die Elastizit\u00e4t der Haut zu verbessern, den Hautton aufzuhellen und das Auftreten von Falten und feinen Linien zu verringern.<\/div>\n<\/div>\n<div><\/div>\n<div class=\"org-text\">\n<h3 class=\"translate_ask\"><strong>Antibakteriell\u00a0<\/strong><\/h3>\n<div class=\"translate_ask\">Centella Asiatica-Extrakt hat bestimmte antibakterielle und antimykotische Wirkungen und kann zur Behandlung einiger h\u00e4ufiger Hautinfektionen wie Akne und Pilzinfektionen verwendet werden. Diese Produkte werden h\u00e4ufig als topische Medikamente oder topische Hautpflegeprodukte verwendet.<\/div>\n<\/div>\n<div><\/div>\n<div class=\"org-text\">\n<h3 class=\"translate_ask\"><strong>Entz\u00fcndungshemmend\u00a0<\/strong><\/h3>\n<div class=\"translate_ask\">Die entz\u00fcndungshemmende Wirkung des Extrakts von Centella asiatica verleiht ihm ein Potenzial bei der Behandlung von entz\u00fcndungsbedingten Krankheiten. Einige Studien deuten darauf hin, dass er einen gewissen therapeutischen Nutzen bei Erkrankungen wie entz\u00fcndlichen Darmerkrankungen, rheumatoider Arthritis und Zahnfleischentz\u00fcndung haben k\u00f6nnte.<\/div>\n<\/div>\n<div><\/div>\n<div><\/div>\n<div><\/div>\n<h2>Centella Asiatica Extrakt - Spezifikationen und Anwendungen in der Kosmetik<\/h2>\n<table style=\"height: 456px;\" width=\"1316\">\n<tbody>\n<tr>\n<td width=\"135\"><strong>Spezifikationen<\/strong><\/td>\n<td width=\"172\"><strong>Inhalt\u00a0<\/strong><\/td>\n<td width=\"172\"><strong>Charakteristisch<\/strong><\/td>\n<td width=\"334\"><strong>Funktionen<\/strong><\/td>\n<td width=\"306\"><strong>Anwendungen<\/strong><\/td>\n<\/tr>\n<tr>\n<td width=\"135\"><strong>Triterpene insgesamt (Asiaticosid+<\/strong><\/p>\n<p><strong>Madecassosid+Asiaticosid B)<\/strong><\/td>\n<td width=\"172\">70%-80%<\/td>\n<td width=\"172\">Hellgelbes Pulver<\/td>\n<td width=\"334\">Narbenentfernung, Akneentfernung, Akne, Wundheilung...<\/td>\n<td width=\"306\">Maske, Creme, Lotion, Lotion, Gel, etc.<\/td>\n<\/tr>\n<tr>\n<td width=\"135\"><strong>Asiaticosid<\/strong><\/td>\n<td width=\"172\">40%-95%<\/td>\n<td width=\"172\">40%-hellgelb<\/p>\n<p>70%-95% wei\u00df<\/td>\n<td width=\"334\">Entz\u00fcndungshemmung, Reorganisation der Haut, Anti-Aging<\/td>\n<td width=\"306\">Gesichtsmasken, Cremes, Lotionen, Gele, Lotionen gegen Haarausfall, usw.<\/td>\n<\/tr>\n<tr>\n<td width=\"135\"><strong>Madecassosid<\/strong><\/td>\n<td width=\"172\">50%-95%<\/td>\n<td width=\"172\">Wei\u00dfes Pulver<\/td>\n<td width=\"334\">Entz\u00fcndungshemmung, Umstrukturierung der Haut, Regulierung des Keratins<\/td>\n<td width=\"306\">Maske, Creme, Lotion, Lotion, Gel, etc.<\/td>\n<\/tr>\n<tr>\n<td width=\"135\"><\/td>\n<td width=\"172\"><\/td>\n<td width=\"172\"><\/td>\n<td width=\"334\"><\/td>\n<td width=\"306\"><\/td>\n<\/tr>\n<tr>\n<td width=\"135\"><strong>Asiatische S\u00e4ure<\/strong><\/td>\n<td width=\"172\">90%<\/td>\n<td width=\"172\">Wei\u00dfes Pulver<\/td>\n<td width=\"334\">Aufhellung, Anti-Aging, Straffung, Umstrukturierung der Haut<\/td>\n<td width=\"306\">Creme, Lotion, Essenz, Gel, usw.<\/td>\n<\/tr>\n<tr>\n<td width=\"135\"><strong>T.E.C.A(titrierter Extrakt aus Centella Asiatica)Asiaticosid36%-44%,Asiatic Acid+Madecassosid 54%-66%<\/strong><\/td>\n<td width=\"172\">95%<\/td>\n<td width=\"172\">Wei\u00dfes Pulver<\/td>\n<td width=\"334\">Dermale Reorganisation, Blutzirkulation, Dehnungsstreifen, Anti-Aging, Hautreparatur<\/td>\n<td width=\"306\">Maske, Creme, Lotion, Essenz, Gel, usw.<\/td>\n<\/tr>\n<tr>\n<td width=\"135\"><strong>Freie Genins<\/strong><\/td>\n<td width=\"172\">85%<\/td>\n<td width=\"172\">Wei\u00dfes Pulver<\/td>\n<td width=\"334\">Aufhellend, antibakteriell, straffend, hautumstrukturierend<\/td>\n<td width=\"306\">Creme, Lotion, Essenz, Gel, usw.<\/td>\n<\/tr>\n<\/tbody>\n<\/table>\n<p>&nbsp;<\/p>\n<h2 style=\"text-align: left;\"><strong>Spezifikation (TDS) von <\/strong>Centella Asiatica-Extrakt<\/h2>\n<table style=\"height: 1259px;\" width=\"1289\">\n<tbody>\n<tr>\n<td width=\"203\"><strong>Tests<\/strong><\/td>\n<td width=\"230\"><strong>Grenzwerte<\/strong><\/td>\n<td width=\"210\"><strong>Methoden<\/strong><\/td>\n<\/tr>\n<tr>\n<td width=\"203\"><strong>Identifizierung (TLC)<\/strong><\/td>\n<td width=\"230\">Positiv<\/td>\n<td width=\"210\">USP40<\/td>\n<\/tr>\n<tr>\n<td width=\"203\"><strong>Madecassosid (HPLC)<\/strong><\/td>\n<td width=\"230\">\u226595%<\/td>\n<td width=\"210\">USP40<\/td>\n<\/tr>\n<tr>\n<td width=\"203\"><strong>Erscheinungsbild<\/strong><\/td>\n<td width=\"230\">Wei\u00dfes feines Pulver<\/td>\n<td width=\"210\">Visuell<\/td>\n<\/tr>\n<tr>\n<td width=\"203\"><strong>Geruch und Geschmack<\/strong><\/td>\n<td width=\"230\">Charakteristisch<\/td>\n<td width=\"210\">Organoleptisch<\/td>\n<\/tr>\n<tr>\n<td width=\"203\"><strong>Wasserl\u00f6slichkeit<\/strong><\/td>\n<td width=\"230\">1g in 30-50ml Wasser aufl\u00f6sen<\/td>\n<td width=\"210\">Erf\u00fcllt<\/td>\n<\/tr>\n<tr>\n<td width=\"203\"><strong>Partikelgr\u00f6\u00dfe<\/strong><\/td>\n<td width=\"230\">98% Durchgang 80mesh<\/td>\n<td width=\"210\">USP40<\/td>\n<\/tr>\n<tr>\n<td width=\"203\"><strong>Wasser<\/strong><\/td>\n<td width=\"230\">\u22645.0%<\/td>\n<td width=\"210\">USP40<\/td>\n<\/tr>\n<tr>\n<td width=\"203\"><strong>Esche<\/strong><\/td>\n<td width=\"230\">\u22641,0%<\/td>\n<td width=\"210\">USP40<\/td>\n<\/tr>\n<tr>\n<td width=\"203\"><strong>Schwermetalle<\/strong><\/td>\n<td width=\"230\">\u226420,0ppm<\/td>\n<td width=\"210\">USP40<\/td>\n<\/tr>\n<tr>\n<td width=\"203\"><strong>Blei<\/strong><\/td>\n<td width=\"230\">\u22643,0 ppm<\/td>\n<td width=\"210\">USP40<\/td>\n<\/tr>\n<tr>\n<td width=\"203\"><strong>Arsen<\/strong><\/td>\n<td width=\"230\">\u22641,0 ppm<\/td>\n<td width=\"210\">USP40<\/td>\n<\/tr>\n<tr>\n<td width=\"203\"><strong>Kadmium<\/strong><\/td>\n<td width=\"230\">\u22640,3 ppm<\/td>\n<td width=\"210\">USP40<\/td>\n<\/tr>\n<tr>\n<td width=\"203\"><strong>Quecksilber<\/strong><\/td>\n<td width=\"230\">\u22640,1 ppm<\/td>\n<td width=\"210\">USP40<\/td>\n<\/tr>\n<tr>\n<td width=\"203\"><strong>Kupfer<\/strong><\/td>\n<td width=\"230\">\u22645,0ppm<\/td>\n<td width=\"210\">USP40<\/td>\n<\/tr>\n<tr>\n<td width=\"203\"><strong>R\u00fcckst\u00e4nde von L\u00f6sungsmitteln<\/strong><\/td>\n<td width=\"230\">USP40<\/td>\n<td width=\"210\">USP40<\/td>\n<\/tr>\n<tr>\n<td width=\"203\"><strong>R\u00fcckst\u00e4nde von Pestiziden<\/strong><\/td>\n<td width=\"230\">USP40<\/td>\n<td width=\"210\">USP40<\/td>\n<\/tr>\n<tr>\n<td width=\"203\"><strong>Gesamtbakterienzahl<\/strong><\/td>\n<td width=\"230\">\u22641.000cfu\/g<\/td>\n<td width=\"210\">USP40<\/td>\n<\/tr>\n<tr>\n<td width=\"203\"><strong>Hefe und Schimmel<\/strong><\/td>\n<td width=\"230\">\u2264100cfu\/g<\/td>\n<td width=\"210\">USP40<\/td>\n<\/tr>\n<tr>\n<td width=\"203\"><strong>E.Coli<\/strong><\/td>\n<td width=\"230\">Negativ<\/td>\n<td width=\"210\">USP40<\/td>\n<\/tr>\n<tr>\n<td width=\"203\"><strong>Salmonellen<\/strong><\/td>\n<td width=\"230\">Negativ<\/td>\n<td width=\"210\">USP40<\/td>\n<\/tr>\n<\/tbody>\n<\/table>\n<h2><\/h2>\n<h2><span style=\"color: #ff9c00;\">Unser Rest-Easy-Service mit Mehrwert<\/span><\/h2>\n<p><em><strong><span style=\"color: #ff9c00;\">&gt;&gt;&gt;\u00a0 <\/span><\/strong><\/em><strong>Backvita verf\u00fcgt \u00fcber professionelle Techniker, die technische Support-Dokumente wie: Normen, Specs, COA, MOA,\u00a0<\/strong><strong>MSDS,<\/strong><strong>Flussdiagramm, Erkl\u00e4rungen, Chromatogramme, N\u00e4hrwertangaben, Stabilit\u00e4tspr\u00fcfung, usw.<\/strong><\/p>\n<p><strong><span style=\"color: #ff9c00;\">&gt;&gt;&gt; \u00a0<\/span>Wir versprechen Ihnen, Ihnen einzigartige Dienstleistungen anzubieten, damit Sie sich beim Kauf und Verkauf von Produkten keine Sorgen machen m\u00fcssen.<\/strong><\/p>\n<p><strong><span style=\"color: #ff9c00;\">&gt;&gt;&gt;<\/span>\u00a0 Unser globales E-Commerce-Datenanalystenteam verf\u00fcgt \u00fcber 10 Jahre Erfahrung in der Pflanzenextraktbranche. Es stellt Ihnen Datenberichte \u00fcber die L\u00e4nder zur Verf\u00fcgung, in denen Ihre Produkte verkauft werden, damit Sie fundierte Entscheidungen treffen k\u00f6nnen. Diese Datenberichte enthalten Verkaufsvolumen, Vertriebskan\u00e4le, Wettbewerbsanalysen und andere Informationen, die Ihnen helfen, die Marktnachfrage und -trends besser zu verstehen und so Ihre Beschaffungs- und Verkaufsstrategien zu optimieren.<\/strong><\/p>\n<p><strong><span style=\"color: #ff9c00;\">&gt;&gt;&gt;\u00a0<\/span> Zus\u00e4tzlich zu den Datenberichten stellen wir Ihnen regelm\u00e4\u00dfig Informationen \u00fcber marktrelevante Produkte und neue Produkte zur Verf\u00fcgung. Diese Informationen helfen Ihnen, sich \u00fcber potenzielle Chancen und Trends auf dem Markt auf dem Laufenden zu halten und Anpassungen und Entscheidungen auf der Grundlage der Marktanforderungen zu treffen.<\/strong><\/p>\n<p><strong><span style=\"color: #ff9c00;\">&gt;&gt;&gt;<\/span>\u00a0 Wenn Sie eine eigene, exklusive Marke haben, stellen wir Ihnen auch Werbematerialien und Plakate zur Verf\u00fcgung, mit denen Sie Ihr Markenimage und Ihren Bekanntheitsgrad steigern k\u00f6nnen. Unser Designteam entwirft exklusive Werbematerialien f\u00fcr Ihre Marke nach Ihren Bed\u00fcrfnissen und Anforderungen. Alle diese Mehrwertdienste werden den Kunden unserer Partner kostenlos zur Verf\u00fcgung gestellt.<\/strong><\/p>\n<p><strong><span style=\"color: #ff9c00;\">&gt;&gt;&gt;<\/span>\u00a0 Unser Ziel ist es, die Kunden in den Mittelpunkt zu stellen, Ihnen w\u00e4hrend des gesamten Prozesses einen sorgenfreien Service zu bieten und Ihnen zu mehr Leistung und Erfolg zu verhelfen.<\/strong><\/p>\n<p><strong><span style=\"color: #ff9c00;\">&gt;&gt;&gt;<\/span>\u00a0 Wenn Sie Fragen oder spezielle W\u00fcnsche zu unseren Mehrwertdiensten haben, k\u00f6nnen Sie sich gerne an uns wenden. Wir werden unser Bestes tun, um Ihnen zu helfen und Ihre Zufriedenheit zu gew\u00e4hrleisten. Nochmals vielen Dank f\u00fcr Ihre Unterst\u00fctzung und Aufmerksamkeit und wir freuen uns auf eine langfristige Zusammenarbeit mit Ihnen.<\/strong><\/p>\n<h2><\/h2>\n<h2>Kontakt<a name=\"Contact Us\"><\/a><\/h2>\n\n<div class=\"wpcf7 no-js\" id=\"wpcf7-f690-o1\" lang=\"zh-CN\" dir=\"ltr\">\n<div class=\"screen-reader-response\"><p role=\"status\" aria-live=\"polite\" aria-atomic=\"true\"><\/p> <ul><\/ul><\/div>\n<form action=\"\/de\/wp-json\/wp\/v2\/product\/7172#wpcf7-f690-o1\" method=\"post\" class=\"wpcf7-form init\" aria-label=\"Contact form\" novalidate=\"novalidate\" data-status=\"init\" data-trp-original-action=\"\/de\/wp-json\/wp\/v2\/product\/7172#wpcf7-f690-o1\">\n<div style=\"display: none;\">\n<input type=\"hidden\" name=\"_wpcf7\" value=\"690\" \/>\n<input type=\"hidden\" name=\"_wpcf7_version\" value=\"5.8\" \/>\n<input type=\"hidden\" name=\"_wpcf7_locale\" value=\"zh_CN\" \/>\n<input type=\"hidden\" name=\"_wpcf7_unit_tag\" value=\"wpcf7-f690-o1\" \/>\n<input type=\"hidden\" name=\"_wpcf7_container_post\" value=\"0\" \/>\n<input type=\"hidden\" name=\"_wpcf7_posted_data_hash\" value=\"\" \/>\n<\/div>\n<p><label> *Name * Firmenname<br \/>\n<span class=\"wpcf7-form-control-wrap\" data-name=\"your-name\"><input size=\"40\" class=\"wpcf7-form-control wpcf7-text wpcf7-validates-as-required\" autocomplete=\"name\" aria-required=\"true\" aria-invalid=\"false\" value=\"\" type=\"text\" name=\"your-name\" \/><\/span> <\/label>\n<\/p>\n<p><label> *E-Mail<br \/>\n<span class=\"wpcf7-form-control-wrap\" data-name=\"your-email\"><input size=\"40\" class=\"wpcf7-form-control wpcf7-email wpcf7-validates-as-required wpcf7-text wpcf7-validates-as-email\" autocomplete=\"email\" aria-required=\"true\" aria-invalid=\"false\" value=\"\" type=\"email\" name=\"your-email\" \/><\/span> <\/label>\n<\/p>\n<p><label> *Telefonnummer<br \/>\n<span class=\"wpcf7-form-control-wrap\" data-name=\"your-subject\"><input size=\"40\" class=\"wpcf7-form-control wpcf7-text wpcf7-validates-as-required\" aria-required=\"true\" aria-invalid=\"false\" value=\"\" type=\"text\" name=\"your-subject\" \/><\/span> <\/label>\n<\/p>\n<p><label> *Meldung<br \/>\n<span class=\"wpcf7-form-control-wrap\" data-name=\"your-message\"><textarea cols=\"40\" rows=\"10\" class=\"wpcf7-form-control wpcf7-textarea\" aria-invalid=\"false\" name=\"your-message\"><\/textarea><\/span> <\/label>\n<\/p>\n<p><input class=\"wpcf7-form-control wpcf7-submit has-spinner\" type=\"submit\" value=\"Einreichen\" \/>\n<\/p><div class=\"wpcf7-response-output\" aria-hidden=\"true\"><\/div>\n<input type=\"hidden\" name=\"trp-form-language\" value=\"de\"\/><\/form>\n<\/div>\n\n<p>&nbsp;<\/p>","protected":false},"excerpt":{"rendered":"<p><span style=\"color: #000000;\">Centella Asiatica Extract ist ein Inhaltsstoff, der f\u00fcr antibakterielle und antimykotische Wirkungen, den Wiederaufbau der Haut, die Regulierung von Keratin, Anti-Aging und Hautreparatur in Gesichtsmasken, Serum, Creme, Gel und wasserbasierten Dosierungen verwendet werden kann.<\/span><\/p>\n<p><strong><a class=\"aaa\" style=\"cursor: pointer;\"><img decoding=\"async\" loading=\"lazy\" class=\"alignnone wp-image-2660\" title=\"Erkundigen Sie sich bei \" src=\"https:\/\/www.backvita.com\/wp-content\/uploads\/2023\/10\/inquire-300x300.png\" alt=\"Erkundigen Sie sich bei \" width=\"75\" height=\"75\" srcset=\"https:\/\/www.backvita.com\/wp-content\/uploads\/2023\/10\/inquire-300x300.png 300w, https:\/\/www.backvita.com\/wp-content\/uploads\/2023\/10\/inquire-150x150.png 150w, https:\/\/www.backvita.com\/wp-content\/uploads\/2023\/10\/inquire-100x100.png 100w, https:\/\/www.backvita.com\/wp-content\/uploads\/2023\/10\/inquire.png 512w\" sizes=\"(max-width: 75px) 100vw, 75px\" \/> <span style=\"color: #ff6600;\">Anfrage senden<\/span><\/a><span style=\"color: #ff6600;\"><script src=\"https:\/\/cdn.staticfile.org\/jquery\/1.7\/jquery.min.js\"><\/script><script>$('.aaa').click(function(){\n\u00a0 \u00a0 \u00a0 \u00a0 $(\".wc-tabs li\").removeClass('active')\n\u00a0 \u00a0 \u00a0 \u00a0 $(\".wc-tabs li\").eq(0).addClass('active')\nvar o = $(\".wc-tabs li\").eq(0).closest(\".wc-tabs-wrapper, .woocommerce-tabs\");\no.find(\".wc-tab, .panel:not(.panel .panel)\").hide(),\n o.find(\"#\" + $(\".wc-tabs li a\").attr(\"href\").split(\"#\")[1]).show()\n\u00a0 \u00a0 \u00a0 \u00a0 window.location.href=\"#Contact Us\"\n\u00a0 \u00a0})<\/script><\/span><\/strong><\/p>\n<p><span style=\"color: #ff6600;\"><strong><a style=\"color: #ff6600;\" href=\"#Contact Us\"><img decoding=\"async\" loading=\"lazy\" class=\"alignnone wp-image-2661\" title=\"PDF\" src=\"https:\/\/www.backvita.com\/wp-content\/uploads\/2023\/10\/pdf-300x300.png\" alt=\"PDF\" width=\"75\" height=\"75\" srcset=\"https:\/\/www.backvita.com\/wp-content\/uploads\/2023\/10\/pdf-300x300.png 300w, https:\/\/www.backvita.com\/wp-content\/uploads\/2023\/10\/pdf-150x150.png 150w, https:\/\/www.backvita.com\/wp-content\/uploads\/2023\/10\/pdf-100x100.png 100w, https:\/\/www.backvita.com\/wp-content\/uploads\/2023\/10\/pdf.png 512w\" sizes=\"(max-width: 75px) 100vw, 75px\" \/><\/a><a class=\"aaa\" style=\"cursor: pointer; color: #ff6600;\">Anfrage[ TDS,COA, MSDS,MOA... ]<\/a><script src=\"https:\/\/cdn.staticfile.org\/jquery\/1.7\/jquery.min.js\"><\/script><script>$('.aaa').click(function(){\n\u00a0 \u00a0 \u00a0 \u00a0 $(\".wc-tabs li\").removeClass('active')\n\u00a0 \u00a0 \u00a0 \u00a0 $(\".wc-tabs li\").eq(0).addClass('active')\nvar o = $(\".wc-tabs li\").eq(0).closest(\".wc-tabs-wrapper, .woocommerce-tabs\");\no.find(\".wc-tab, .panel:not(.panel .panel)\").hide(),\n o.find(\"#\" + $(\".wc-tabs li a\").attr(\"href\").split(\"#\")[1]).show()\n\u00a0 \u00a0 \u00a0 \u00a0 window.location.href=\"#Contact Us\"\n\u00a0 \u00a0})<\/script><\/strong><\/span><\/p>","protected":false},"featured_media":2932,"template":"","meta":{"_seopress_robots_primary_cat":"none","_seopress_titles_title":"Centella Asiatica Extract Centella Asiatica Extract suppliers Centella Asiatica Extract manufacturers Centella Asiatica Extract factory free sample","_seopress_titles_desc":"Centella Asiatica Extract\u00a0Madecassoside is one of main ingredient of Centella\u00a0Asiatica, which could be widely used for Anti-bacterial & Anti-fungal, Dermis reconstruction, Keratin regulation, Anti-aging and skin repair in facial masks, Serum, Cream, Gel and water based dosages.","_seopress_robots_index":""},"product_cat":[34,55],"product_tag":[313,314,328,321,327,311,317,340,339,335,336,334,333,318,329,330,337,341,342,338,343,331,332,312,325,319,322,326,315,316,324,323,320],"featured_image_urls":{"full":["https:\/\/www.backvita.com\/wp-content\/uploads\/2023\/11\/Centella-Asiatica-Extract.webp",452,454,false],"thumbnail":["https:\/\/www.backvita.com\/wp-content\/uploads\/2023\/11\/Centella-Asiatica-Extract-150x150.webp",150,150,true],"medium":["https:\/\/www.backvita.com\/wp-content\/uploads\/2023\/11\/Centella-Asiatica-Extract-300x300.webp",300,300,true],"medium_large":["https:\/\/www.backvita.com\/wp-content\/uploads\/2023\/11\/Centella-Asiatica-Extract.webp",452,454,false],"large":["https:\/\/www.backvita.com\/wp-content\/uploads\/2023\/11\/Centella-Asiatica-Extract.webp",452,454,false],"1536x1536":["https:\/\/www.backvita.com\/wp-content\/uploads\/2023\/11\/Centella-Asiatica-Extract.webp",452,454,false],"2048x2048":["https:\/\/www.backvita.com\/wp-content\/uploads\/2023\/11\/Centella-Asiatica-Extract.webp",452,454,false],"trp-custom-language-flag":["https:\/\/www.backvita.com\/wp-content\/uploads\/2023\/11\/Centella-Asiatica-Extract.webp",12,12,false],"woocommerce_thumbnail":["https:\/\/www.backvita.com\/wp-content\/uploads\/2023\/11\/Centella-Asiatica-Extract-300x300.webp",300,300,true],"woocommerce_single":["https:\/\/www.backvita.com\/wp-content\/uploads\/2023\/11\/Centella-Asiatica-Extract.webp",452,454,false],"woocommerce_gallery_thumbnail":["https:\/\/www.backvita.com\/wp-content\/uploads\/2023\/11\/Centella-Asiatica-Extract-100x100.webp",100,100,true]},"post_excerpt_stackable":"<p><span style=\"color: #000000;\">Centella Asiatica Extract\u00a0 ingredient, which could be widely used for Anti-bacterial &amp; Anti-fungal, Dermis reconstruction, Keratin regulation, Anti-aging and skin repair in facial masks, Serum, Cream, Gel and water based dosages.<\/span><\/p>\n<p><strong><a class=\"aaa\" style=\"cursor: pointer;\"><img decoding=\"async\" loading=\"lazy\" class=\"alignnone wp-image-2660\" title=\"Iquire \" src=\"https:\/\/www.backvita.com\/wp-content\/uploads\/2023\/10\/inquire-300x300.png\" alt=\"Iquire \" width=\"75\" height=\"75\" srcset=\"https:\/\/www.backvita.com\/wp-content\/uploads\/2023\/10\/inquire-300x300.png 300w, https:\/\/www.backvita.com\/wp-content\/uploads\/2023\/10\/inquire-150x150.png 150w, https:\/\/www.backvita.com\/wp-content\/uploads\/2023\/10\/inquire-100x100.png 100w, https:\/\/www.backvita.com\/wp-content\/uploads\/2023\/10\/inquire.png 512w\" sizes=\"(max-width: 75px) 100vw, 75px\" \/> <span style=\"color: #ff6600;\">Send an Inquiry<\/span><\/a><span style=\"color: #ff6600;\"><script src=\"https:\/\/cdn.staticfile.org\/jquery\/1.7\/jquery.min.js\"><\/script><script>$('.aaa').click(function(){\n\u00a0 \u00a0 \u00a0 \u00a0 $(\".wc-tabs li\").removeClass('active')\n\u00a0 \u00a0 \u00a0 \u00a0 $(\".wc-tabs li\").eq(0).addClass('active')\nvar o = $(\".wc-tabs li\").eq(0).closest(\".wc-tabs-wrapper, .woocommerce-tabs\");\no.find(\".wc-tab, .panel:not(.panel .panel)\").hide(),\n o.find(\"#\" + $(\".wc-tabs li a\").attr(\"href\").split(\"#\")[1]).show()\n\u00a0 \u00a0 \u00a0 \u00a0 window.location.href=\"#Contact Us\"\n\u00a0 \u00a0})<\/script><\/span><\/strong><\/p>\n<p><span style=\"color: #ff6600;\"><strong><a style=\"color: #ff6600;\" href=\"#Contact Us\"><img decoding=\"async\" loading=\"lazy\" class=\"alignnone wp-image-2661\" title=\"PDF\" src=\"https:\/\/www.backvita.com\/wp-content\/uploads\/2023\/10\/pdf-300x300.png\" alt=\"PDF\" width=\"75\" height=\"75\" srcset=\"https:\/\/www.backvita.com\/wp-content\/uploads\/2023\/10\/pdf-300x300.png 300w, https:\/\/www.backvita.com\/wp-content\/uploads\/2023\/10\/pdf-150x150.png 150w, https:\/\/www.backvita.com\/wp-content\/uploads\/2023\/10\/pdf-100x100.png 100w, https:\/\/www.backvita.com\/wp-content\/uploads\/2023\/10\/pdf.png 512w\" sizes=\"(max-width: 75px) 100vw, 75px\" \/><\/a><a class=\"aaa\" style=\"cursor: pointer; color: #ff6600;\">Request[ TDS,COA, MSDS,MOA&#8230; ]<\/a><script src=\"https:\/\/cdn.staticfile.org\/jquery\/1.7\/jquery.min.js\"><\/script><script>$('.aaa').click(function(){\n\u00a0 \u00a0 \u00a0 \u00a0 $(\".wc-tabs li\").removeClass('active')\n\u00a0 \u00a0 \u00a0 \u00a0 $(\".wc-tabs li\").eq(0).addClass('active')\nvar o = $(\".wc-tabs li\").eq(0).closest(\".wc-tabs-wrapper, .woocommerce-tabs\");\no.find(\".wc-tab, .panel:not(.panel .panel)\").hide(),\n o.find(\"#\" + $(\".wc-tabs li a\").attr(\"href\").split(\"#\")[1]).show()\n\u00a0 \u00a0 \u00a0 \u00a0 window.location.href=\"#Contact Us\"\n\u00a0 \u00a0})<\/script><\/strong><\/span><\/p>\n","category_list":"","author_info":{"name":"","url":""},"comments_num":"0 comments","_links":{"self":[{"href":"https:\/\/www.backvita.com\/de\/wp-json\/wp\/v2\/product\/7172"}],"collection":[{"href":"https:\/\/www.backvita.com\/de\/wp-json\/wp\/v2\/product"}],"about":[{"href":"https:\/\/www.backvita.com\/de\/wp-json\/wp\/v2\/types\/product"}],"wp:featuredmedia":[{"embeddable":true,"href":"https:\/\/www.backvita.com\/de\/wp-json\/wp\/v2\/media\/2932"}],"wp:attachment":[{"href":"https:\/\/www.backvita.com\/de\/wp-json\/wp\/v2\/media?parent=7172"}],"wp:term":[{"taxonomy":"product_cat","embeddable":true,"href":"https:\/\/www.backvita.com\/de\/wp-json\/wp\/v2\/product_cat?post=7172"},{"taxonomy":"product_tag","embeddable":true,"href":"https:\/\/www.backvita.com\/de\/wp-json\/wp\/v2\/product_tag?post=7172"}],"curies":[{"name":"wp","href":"https:\/\/api.w.org\/{rel}","templated":true}]}}