{"id":7338,"date":"2024-07-03T12:32:43","date_gmt":"2024-07-03T04:32:43","guid":{"rendered":"https:\/\/www.backvita.com\/?post_type=product&#038;p=7338"},"modified":"2024-07-03T12:33:42","modified_gmt":"2024-07-03T04:33:42","slug":"sophora-japonica-extract-quercetin-suppliers-sophora-japonica-extract-quercetin-manufacturers-sophora-japonica-extract-quercetin-factory-free-sample","status":"publish","type":"product","link":"https:\/\/www.backvita.com\/de\/product\/sophora-japonica-extrakt-quercetin-lieferanten-sophora-japonica-extrakt-quercetin-hersteller-sophora-japonica-extrakt-quercetin-fabrik-kostenloses-muster\/","title":{"rendered":"Sophora Japonica Extract Quercetin Lieferanten Sophora Japonica Extract Quercetin Hersteller Sophora Japonica Extract Quercetin Fabrik kostenlose Probe"},"content":{"rendered":"<div class=\"fl-col-group fl-node-636dc13ada935\" data-node=\"636dc13ada935\">\n<div class=\"fl-col fl-node-636dc13ada9ab\" data-node=\"636dc13ada9ab\">\n<div class=\"fl-col-content fl-node-content\">\n<div class=\"fl-module fl-module-rich-text fl-node-636dc13ade991\" data-node=\"636dc13ade991\" data-animation-delay=\"0.0\">\n<div class=\"fl-module-content fl-node-content\">\n<div class=\"fl-rich-text\">\n<div class=\"content_box\">\n<h2 style=\"text-align: left;\">Sophora Japonica Extrakt Quercetin Einf\u00fchrung<\/h2>\n<\/div>\n<p><strong>Quercetin<\/strong>- (Sophora japonica-Extrakt) - war ein Hydrolyseprodukt von Rutin, das aus getrockneten Bl\u00fctenknospen von Sophora japonica L. durch Alkaliextraktion, S\u00e4ureausf\u00e4llung und Reinigungsprozess extrahiert wurde, es NLT 98,0% und NMT 102,0% von Quercetin, berechnet auf wasserfreier Basis.<\/p>\n<p>Quercetin ist eine Flavonolverbindung, die im Pflanzenreich weit verbreitet ist und eine Vielzahl von biologischen Aktivit\u00e4ten aufweist. Quercetin kann freie Radikale bek\u00e4mpfen, freie Radikale komplexieren oder einfangen, um die Lipidperoxidation im K\u00f6rper zu verhindern; es kann direkt Tumore hemmen und wirksam gegen Krebs und Krebserkrankungen wirken; es ist auch wirksam gegen Bakterien, Entz\u00fcndungen und Allergien und verhindert diabetische Komplikationen. Starke biologische Aktivit\u00e4t. Dar\u00fcber hinaus kann Quercetin auch den Blutdruck senken, den Kapillarwiderstand erh\u00f6hen, die Kapillarzerbrechlichkeit verringern, die Blutfette senken, die Koronararterien erweitern, den koronaren Blutfluss erh\u00f6hen, usw. Es hat auch eine zus\u00e4tzliche therapeutische Wirkung auf Patienten mit koronarer Herzkrankheit und Bluthochdruck.<\/p>\n<table style=\"height: 242px;\" width=\"1339\">\n<tbody>\n<tr>\n<td width=\"219\"><strong>Produktname<\/strong><\/td>\n<td width=\"466\">Sophora Japonica-Extrakt Quercetin<\/td>\n<\/tr>\n<tr>\n<td><strong>CAS-Nr.<\/strong><\/td>\n<td>117-39-5<\/td>\n<\/tr>\n<tr>\n<td><strong>Lateinischer Name<\/strong><\/td>\n<td>Sophora japonica L.<\/td>\n<\/tr>\n<tr>\n<td><strong>Erscheinungsbild<\/strong><\/td>\n<td>Gelbes, nadelartiges, kristallines Pulver<\/td>\n<\/tr>\n<tr>\n<td><strong>Spezifikationen<\/strong><\/td>\n<td>95%,98%<\/td>\n<\/tr>\n<tr>\n<td><strong>Pakete<\/strong><\/td>\n<td>1kg\/Sack, 25kg\/Fass<\/td>\n<\/tr>\n<tr>\n<td><strong>Lagerung<\/strong><\/td>\n<td>Feuchtigkeitsschutz und lichtgesch\u00fctzte, geschlossene Lagerung vermeiden.<\/td>\n<\/tr>\n<tr>\n<td><strong>Pr\u00fcfverfahren<\/strong><\/td>\n<td>HPLC, UV<\/td>\n<\/tr>\n<\/tbody>\n<\/table>\n<h2><\/h2>\n<h2 style=\"text-align: left;\">Sophora Japonica-Extrakt Quercetin Physikalische und chemische Eigenschaften<\/h2>\n<p>Sophora japonica Extrakt Quercetin, gelbes Pulver (Methanol), sein Dihydrat ist gelbes Nadelkristall. Es wird wasserfrei bei 95~97\u2103, mit einem Schmelzpunkt von 313~314\u2103 (Zersetzung). L\u00f6slich in hei\u00dfem Ethanol (1:23), kaltem Ethanol (1:300), l\u00f6slich in Methanol, Ethylacetat, Eisessig, Pyridin usw., unl\u00f6slich in Petrolether, Benzol, Ether, Chloroform und fast unl\u00f6slich in Wasser. Seine w\u00e4ssrige Alkalil\u00f6sung ist gelb, seine Ethanoll\u00f6sung hat einen sehr bitteren Geschmack. Unter UV-Licht erscheint eine blaue Fluoreszenz, die bei Zugabe von AlCl3-Ethanoll\u00f6sung in eine gelb-gr\u00fcne Fluoreszenz \u00fcbergeht, und die Salzs\u00e4ure-Magnesiumpulver-Reaktion erscheint rot.<\/p>\n<p>Quercetin ist eine Flavonolverbindung. Flavonoide liegen meist in Form von Glykosiden vor. Aufgrund der unterschiedlichen Arten und Positionen der gebundenen Zucker wird eine Vielzahl von Flavonoidglykosiden gebildet. Die Zucker, aus denen Flavonoidglykoside bestehen, sind zumeist Monosaccharide, und Flavonole sind schlecht wasserl\u00f6slich, w\u00e4hrend ihre Glykoside besser wasserl\u00f6slich sind.<\/p>\n<p>&nbsp;<\/p>\n<\/div>\n<\/div>\n<\/div>\n<\/div>\n<\/div>\n<\/div>\n<div class=\"fl-col-group fl-node-636dc13ae09fc fl-col-group-equal-height fl-col-group-align-center\" data-node=\"636dc13ae09fc\">\n<div class=\"fl-col fl-node-636dc13ae0a64\" data-node=\"636dc13ae0a64\">\n<div class=\"fl-col-content fl-node-content\">\n<div class=\"fl-module fl-module-rich-text fl-node-636dc13ae0bf5\" data-node=\"636dc13ae0bf5\" data-animation-delay=\"0.0\">\n<div class=\"fl-module-content fl-node-content\">\n<div class=\"fl-rich-text\">\n<div class=\"content_box\">\n<h2 style=\"text-align: left;\">Wichtigste Spezifikationen von Sophora Japonica-Extrakt Quercetin<\/h2>\n<\/div>\n<p>Quercetin-Pulver 95% HPLC<br \/>\nQuercetin-Pulver 98% UV<br \/>\nQuercetin Granulat 95% HPLC<br \/>\nQuercetin-Dihydrat 95% HPLC<\/p>\n<p>&nbsp;<\/p>\n<div id=\"gtx-trans\"><\/div>\n<\/div>\n<\/div>\n<\/div>\n<\/div>\n<\/div>\n<\/div>\n<div class=\"fl-col-group fl-node-636dc13ae0d39\" data-node=\"636dc13ae0d39\">\n<div class=\"fl-col fl-node-636dc13ae0de1\" data-node=\"636dc13ae0de1\">\n<div class=\"fl-col-content fl-node-content\">\n<div class=\"fl-module fl-module-rich-text fl-node-636dc13ae3a9c\" data-node=\"636dc13ae3a9c\" data-animation-delay=\"0.0\">\n<div class=\"fl-module-content fl-node-content\">\n<div class=\"fl-rich-text\">\n<div class=\"content_box\">\n<h2 style=\"text-align: left;\">Vorteile von Sophora Japonica-Extrakt Quercetin<\/h2>\n<\/div>\n<p>Quercetin ist eine Art nat\u00fcrliches Vitamin P, das die F\u00e4higkeit hat, die Kapillardurchl\u00e4ssigkeit zu verringern, und ein Antioxidans ist.<br \/>\nQuercetin ist ein entz\u00fcndungshemmendes und antivirales Mittel, das eine starke Hemmwirkung auf Staphylococcus aureus und E. coli hat.<br \/>\nQuercetin hat eine starke Antitumoraktivit\u00e4t, die die Proliferationsaktivit\u00e4t von Tumorzellen verringern kann.<br \/>\nQuercetin hat Auswirkungen auf das zentrale Nervensystem, wirkt schmerzlindernd, antidepressiv und verbessert das Ged\u00e4chtnis.<\/p>\n<p>&nbsp;<\/p>\n<div class=\"content_box\">\n<h2 style=\"text-align: left;\">Typisches Spezifikationsblatt von Quercetin 95%<\/h2>\n<\/div>\n<div class=\"table_wrap\">\n<table style=\"height: 757px;\" border=\"0\" width=\"1351\" cellspacing=\"0\">\n<tbody>\n<tr>\n<td><strong>Analyse-Elemente<\/strong><\/td>\n<td><strong>Spezifikationen<\/strong><\/td>\n<td><strong>Methoden<\/strong><\/td>\n<\/tr>\n<tr>\n<td colspan=\"3\"><strong>Kennzeichnungen<\/strong><\/td>\n<\/tr>\n<tr>\n<td><strong>A. IR<\/strong><\/td>\n<td colspan=\"2\">Das IR-Spektrum stimmt mit dem Spektrum von Quercetin RS  \u00fcberein.<\/td>\n<\/tr>\n<tr>\n<td><strong>B. UV<\/strong><\/td>\n<td colspan=\"2\">Das Absorptionsverm\u00f6gen bei einem Maximum von 371 nm betr\u00e4gt 75,5-80,0 .<\/td>\n<\/tr>\n<tr>\n<td><strong>C. HPLC<\/strong><\/td>\n<td colspan=\"2\">Die Retentionszeit der Probe stimmt mit der des Standards im HPLC-Reinheitstest \u00fcberein.<\/td>\n<\/tr>\n<tr>\n<td colspan=\"3\"><strong>Wirkstofftests<\/strong><\/td>\n<\/tr>\n<tr>\n<td><strong>Quercetin-Dihydrat (HPLC)<\/strong><\/td>\n<td>\u226595.00 %<\/td>\n<td>USP43<\/td>\n<\/tr>\n<tr>\n<td><strong>Kaempferol<\/strong><\/td>\n<td>\u22640,50%<\/td>\n<td>USP43<\/td>\n<\/tr>\n<tr>\n<td><strong>Einzelne Verunreinigungen<\/strong><\/td>\n<td>\u22640,10%<\/td>\n<td>USP43<\/td>\n<\/tr>\n<tr>\n<td><strong>Verunreinigungen insgesamt<\/strong><\/td>\n<td>\u22642.00%<\/td>\n<td>USP43<\/td>\n<\/tr>\n<tr>\n<td colspan=\"3\"><strong>Physikalische Tests<\/strong><\/td>\n<\/tr>\n<tr>\n<td><strong>Erscheinungsbild<\/strong><\/td>\n<td>Gelbes kristallines Pulver<\/td>\n<td>Visuell<\/td>\n<\/tr>\n<tr>\n<td><strong>Partikelgr\u00f6\u00dfe<\/strong><\/td>\n<td>98% Durchgang 80 Maschen<\/td>\n<td>Ch.P 2020 IV<\/td>\n<\/tr>\n<tr>\n<td><strong>Wasser<\/strong><\/td>\n<td>\u226412.00%<\/td>\n<td>USP43<\/td>\n<\/tr>\n<tr>\n<td><strong>R\u00fcckst\u00e4nde bei der Z\u00fcndung<\/strong><\/td>\n<td>\u22640,10%<\/td>\n<td>USP43<\/td>\n<\/tr>\n<tr>\n<td colspan=\"3\"><strong>Chemische Tests<\/strong><\/td>\n<\/tr>\n<tr>\n<td><strong>Schwermetalle<\/strong><\/td>\n<td>\u226410.00ppm<\/td>\n<td>USP43<\/td>\n<\/tr>\n<tr>\n<td><strong>Pb<\/strong><\/td>\n<td>\u22643.00ppm<\/td>\n<td>USP43<\/td>\n<\/tr>\n<tr>\n<td><strong>As<\/strong><\/td>\n<td>\u22641,00ppm<\/td>\n<td>USP43<\/td>\n<\/tr>\n<tr>\n<td><strong>Cd<\/strong><\/td>\n<td>\u22641,00ppm<\/td>\n<td>USP43<\/td>\n<\/tr>\n<tr>\n<td><strong>Hg<\/strong><\/td>\n<td>\u22640,10ppm<\/td>\n<td>USP43<\/td>\n<\/tr>\n<tr>\n<td><strong>Sulfat<\/strong><\/td>\n<td>\u22641.000ppm<\/td>\n<td>Ch.P 2020 IV<\/td>\n<\/tr>\n<tr>\n<td colspan=\"3\"><strong>Mikrobiologische Tests<\/strong><\/td>\n<\/tr>\n<tr>\n<td><strong>Gesamtkeimzahl<\/strong><\/td>\n<td>\u22641.000cfu\/g<\/td>\n<td>USP43<\/td>\n<\/tr>\n<tr>\n<td><strong>Hefen und Schimmelpilze<\/strong><\/td>\n<td>\u2264100cfu\/g<\/td>\n<td>USP43<\/td>\n<\/tr>\n<tr>\n<td><strong>E. Coli<\/strong><\/td>\n<td>Negativ in 1g<\/td>\n<td>USP43<\/td>\n<\/tr>\n<tr>\n<td><strong>Salmonellen<\/strong><\/td>\n<td>Negativ in 10g<\/td>\n<td>USP43<\/td>\n<\/tr>\n<\/tbody>\n<\/table>\n<\/div>\n<\/div>\n<\/div>\n<\/div>\n<\/div>\n<\/div>\n<\/div>\n<p>&nbsp;<\/p>\n<h2><span style=\"color: #ff9c00;\">Unser Rest-Easy-Service mit Mehrwert<\/span><\/h2>\n<p><em><strong><span style=\"color: #ff9c00;\">&gt;&gt;&gt;\u00a0 <\/span><\/strong><\/em><strong>Backvita verf\u00fcgt \u00fcber professionelle Techniker, die technische Support-Dokumente wie: Normen, Specs, COA, MOA,\u00a0<\/strong><strong>MSDS,<\/strong><strong>Flussdiagramm, Erkl\u00e4rungen, Chromatogramme, N\u00e4hrwertangaben, Stabilit\u00e4tspr\u00fcfung, usw.<\/strong><\/p>\n<p><strong><span style=\"color: #ff9c00;\">&gt;&gt;&gt; \u00a0<\/span>Wir versprechen Ihnen, Ihnen einzigartige Dienstleistungen anzubieten, damit Sie sich beim Kauf und Verkauf von Produkten keine Sorgen machen m\u00fcssen.<\/strong><\/p>\n<p><strong><span style=\"color: #ff9c00;\">&gt;&gt;&gt;<\/span>\u00a0 Unser globales E-Commerce-Datenanalystenteam verf\u00fcgt \u00fcber 10 Jahre Erfahrung in der Pflanzenextraktbranche. Es stellt Ihnen Datenberichte \u00fcber die L\u00e4nder zur Verf\u00fcgung, in denen Ihre Produkte verkauft werden, damit Sie fundierte Entscheidungen treffen k\u00f6nnen. Diese Datenberichte enthalten Verkaufsvolumen, Vertriebskan\u00e4le, Wettbewerbsanalysen und andere Informationen, die Ihnen helfen, die Marktnachfrage und -trends besser zu verstehen und so Ihre Beschaffungs- und Verkaufsstrategien zu optimieren.<\/strong><\/p>\n<p><strong><span style=\"color: #ff9c00;\">&gt;&gt;&gt;\u00a0<\/span> Zus\u00e4tzlich zu den Datenberichten stellen wir Ihnen regelm\u00e4\u00dfig Informationen \u00fcber marktrelevante Produkte und neue Produkte zur Verf\u00fcgung. Diese Informationen helfen Ihnen, sich \u00fcber potenzielle Chancen und Trends auf dem Markt auf dem Laufenden zu halten und Anpassungen und Entscheidungen auf der Grundlage der Marktanforderungen zu treffen.<\/strong><\/p>\n<p><strong><span style=\"color: #ff9c00;\">&gt;&gt;&gt;<\/span>\u00a0 Wenn Sie eine eigene, exklusive Marke haben, stellen wir Ihnen auch Werbematerialien und Plakate zur Verf\u00fcgung, mit denen Sie Ihr Markenimage und Ihren Bekanntheitsgrad steigern k\u00f6nnen. Unser Designteam entwirft exklusive Werbematerialien f\u00fcr Ihre Marke nach Ihren Bed\u00fcrfnissen und Anforderungen. Alle diese Mehrwertdienste werden den Kunden unserer Partner kostenlos zur Verf\u00fcgung gestellt.<\/strong><\/p>\n<p><strong><span style=\"color: #ff9c00;\">&gt;&gt;&gt;<\/span>\u00a0 Unser Ziel ist es, die Kunden in den Mittelpunkt zu stellen, Ihnen w\u00e4hrend des gesamten Prozesses einen sorgenfreien Service zu bieten und Ihnen zu mehr Leistung und Erfolg zu verhelfen.<\/strong><\/p>\n<p><strong><span style=\"color: #ff9c00;\">&gt;&gt;&gt;<\/span>\u00a0 Wenn Sie Fragen oder spezielle W\u00fcnsche zu unseren Mehrwertdiensten haben, k\u00f6nnen Sie sich gerne an uns wenden. Wir werden unser Bestes tun, um Ihnen zu helfen und Ihre Zufriedenheit zu gew\u00e4hrleisten. Nochmals vielen Dank f\u00fcr Ihre Unterst\u00fctzung und Aufmerksamkeit und wir freuen uns auf eine langfristige Zusammenarbeit mit Ihnen.<\/strong><\/p>\n<p>&nbsp;<\/p>\n<h2>Kontakt<a name=\"Contact Us\"><\/a><\/h2>\n\n<div class=\"wpcf7 no-js\" id=\"wpcf7-f690-o1\" lang=\"zh-CN\" dir=\"ltr\">\n<div class=\"screen-reader-response\"><p role=\"status\" aria-live=\"polite\" aria-atomic=\"true\"><\/p> <ul><\/ul><\/div>\n<form action=\"\/de\/wp-json\/wp\/v2\/product\/7338#wpcf7-f690-o1\" method=\"post\" class=\"wpcf7-form init\" aria-label=\"Contact form\" novalidate=\"novalidate\" data-status=\"init\" data-trp-original-action=\"\/de\/wp-json\/wp\/v2\/product\/7338#wpcf7-f690-o1\">\n<div style=\"display: none;\">\n<input type=\"hidden\" name=\"_wpcf7\" value=\"690\" \/>\n<input type=\"hidden\" name=\"_wpcf7_version\" value=\"5.8\" \/>\n<input type=\"hidden\" name=\"_wpcf7_locale\" value=\"zh_CN\" \/>\n<input type=\"hidden\" name=\"_wpcf7_unit_tag\" value=\"wpcf7-f690-o1\" \/>\n<input type=\"hidden\" name=\"_wpcf7_container_post\" value=\"0\" \/>\n<input type=\"hidden\" name=\"_wpcf7_posted_data_hash\" value=\"\" \/>\n<\/div>\n<p><label> *Name * Firmenname<br \/>\n<span class=\"wpcf7-form-control-wrap\" data-name=\"your-name\"><input size=\"40\" class=\"wpcf7-form-control wpcf7-text wpcf7-validates-as-required\" autocomplete=\"name\" aria-required=\"true\" aria-invalid=\"false\" value=\"\" type=\"text\" name=\"your-name\" \/><\/span> <\/label>\n<\/p>\n<p><label> *E-Mail<br \/>\n<span class=\"wpcf7-form-control-wrap\" data-name=\"your-email\"><input size=\"40\" class=\"wpcf7-form-control wpcf7-email wpcf7-validates-as-required wpcf7-text wpcf7-validates-as-email\" autocomplete=\"email\" aria-required=\"true\" aria-invalid=\"false\" value=\"\" type=\"email\" name=\"your-email\" \/><\/span> <\/label>\n<\/p>\n<p><label> *Telefonnummer<br \/>\n<span class=\"wpcf7-form-control-wrap\" data-name=\"your-subject\"><input size=\"40\" class=\"wpcf7-form-control wpcf7-text wpcf7-validates-as-required\" aria-required=\"true\" aria-invalid=\"false\" value=\"\" type=\"text\" name=\"your-subject\" \/><\/span> <\/label>\n<\/p>\n<p><label> *Meldung<br \/>\n<span class=\"wpcf7-form-control-wrap\" data-name=\"your-message\"><textarea cols=\"40\" rows=\"10\" class=\"wpcf7-form-control wpcf7-textarea\" aria-invalid=\"false\" name=\"your-message\"><\/textarea><\/span> <\/label>\n<\/p>\n<p><input class=\"wpcf7-form-control wpcf7-submit has-spinner\" type=\"submit\" value=\"Einreichen\" \/>\n<\/p><div class=\"wpcf7-response-output\" aria-hidden=\"true\"><\/div>\n<input type=\"hidden\" name=\"trp-form-language\" value=\"de\"\/><\/form>\n<\/div>\n\n<p>&nbsp;<\/p>","protected":false},"excerpt":{"rendered":"<p><span style=\"color: #000000;\">Sophora Japonica Extract Quercetin ,Als nat\u00fcrliche Flavonoidverbindung, die in der Natur weit verbreitet ist, wurde Cortin ausgiebig untersucht und es wurde festgestellt, dass es mehrere biologische Aktivit\u00e4ten hat, wie zum Beispiel antioxidative, antivirale und entz\u00fcndungshemmende Wirkungen.<\/span><\/p>\n<p><span style=\"color: #ff6600;\"><a class=\"aaa\" style=\"cursor: pointer; color: #ff6600;\"><img decoding=\"async\" loading=\"lazy\" class=\"alignnone wp-image-2660\" title=\"Erkundigen Sie sich bei\" src=\"https:\/\/www.backvita.com\/wp-content\/uploads\/2023\/10\/inquire-300x300.png\" alt=\"Erkundigen Sie sich bei\" width=\"75\" height=\"75\" srcset=\"https:\/\/www.backvita.com\/wp-content\/uploads\/2023\/10\/inquire-300x300.png 300w, https:\/\/www.backvita.com\/wp-content\/uploads\/2023\/10\/inquire-150x150.png 150w, https:\/\/www.backvita.com\/wp-content\/uploads\/2023\/10\/inquire-100x100.png 100w, https:\/\/www.backvita.com\/wp-content\/uploads\/2023\/10\/inquire.png 512w\" sizes=\"(max-width: 75px) 100vw, 75px\" \/> <strong>Anfrage senden<\/strong><\/a><strong><script src=\"https:\/\/cdn.staticfile.org\/jquery\/1.7\/jquery.min.js\"><\/script><script>$('.aaa').click(function(){\n\u00a0 \u00a0 \u00a0 \u00a0 $(\".wc-tabs li\").removeClass('active')\n\u00a0 \u00a0 \u00a0 \u00a0 $(\".wc-tabs li\").eq(0).addClass('active')\nvar o = $(\".wc-tabs li\").eq(0).closest(\".wc-tabs-wrapper, .woocommerce-tabs\");\no.find(\".wc-tab, .panel:not(.panel .panel)\").hide(),\n o.find(\"#\" + $(\".wc-tabs li a\").attr(\"href\").split(\"#\")[1]).show()\n\u00a0 \u00a0 \u00a0 \u00a0 window.location.href=\"#Contact Us\"\n\u00a0 \u00a0})<\/script><\/strong><\/span><\/p>\n<p><strong><span style=\"color: #ff6600;\"><a style=\"color: #ff6600;\" href=\"#Contact Us\"><img decoding=\"async\" loading=\"lazy\" class=\"alignnone wp-image-2661\" title=\"PDF\" src=\"https:\/\/www.backvita.com\/wp-content\/uploads\/2023\/10\/pdf-300x300.png\" alt=\"PDF\" width=\"75\" height=\"75\" srcset=\"https:\/\/www.backvita.com\/wp-content\/uploads\/2023\/10\/pdf-300x300.png 300w, https:\/\/www.backvita.com\/wp-content\/uploads\/2023\/10\/pdf-150x150.png 150w, https:\/\/www.backvita.com\/wp-content\/uploads\/2023\/10\/pdf-100x100.png 100w, https:\/\/www.backvita.com\/wp-content\/uploads\/2023\/10\/pdf.png 512w\" sizes=\"(max-width: 75px) 100vw, 75px\" \/><\/a><a class=\"aaa\" style=\"cursor: pointer; color: #ff6600;\">Anfrage[ TDS,COA, MSDS,MOA... ]<\/a><script src=\"https:\/\/cdn.staticfile.org\/jquery\/1.7\/jquery.min.js\"><\/script><script>$('.aaa').click(function(){\n\u00a0 \u00a0 \u00a0 \u00a0 $(\".wc-tabs li\").removeClass('active')\n\u00a0 \u00a0 \u00a0 \u00a0 $(\".wc-tabs li\").eq(0).addClass('active')\nvar o = $(\".wc-tabs li\").eq(0).closest(\".wc-tabs-wrapper, .woocommerce-tabs\");\no.find(\".wc-tab, .panel:not(.panel .panel)\").hide(),\n o.find(\"#\" + $(\".wc-tabs li a\").attr(\"href\").split(\"#\")[1]).show()\n\u00a0 \u00a0 \u00a0 \u00a0 window.location.href=\"#Contact Us\"\n\u00a0 \u00a0})<\/script><\/span><\/strong><\/p>","protected":false},"featured_media":2805,"template":"","meta":{"_seopress_robots_primary_cat":"none","_seopress_titles_title":"Sophora Japonica Extract Quercetin suppliers Sophora Japonica Extract Quercetin manufacturers Sophora Japonica Extract Quercetin factory free sample","_seopress_titles_desc":"Sophora Japonica Extract Quercetin ,As a natural flavonoid compound widely found in nature, cortin has been extensively studied and has been found to have multiple biological activities, such as antioxidant, antiviral, and anti-inflammatory effects.","_seopress_robots_index":""},"product_cat":[22,52],"product_tag":[630,621,629,627,619,622,628,623,624,626,625,617,636,642,641,637,638,635,631,632,618,639,643,644,640,645,633,634,615,616,620],"featured_image_urls":{"full":["https:\/\/www.backvita.com\/wp-content\/uploads\/2023\/10\/Quercetin.webp",436,437,false],"thumbnail":["https:\/\/www.backvita.com\/wp-content\/uploads\/2023\/10\/Quercetin-150x150.webp",150,150,true],"medium":["https:\/\/www.backvita.com\/wp-content\/uploads\/2023\/10\/Quercetin-300x300.webp",300,300,true],"medium_large":["https:\/\/www.backvita.com\/wp-content\/uploads\/2023\/10\/Quercetin.webp",436,437,false],"large":["https:\/\/www.backvita.com\/wp-content\/uploads\/2023\/10\/Quercetin.webp",436,437,false],"1536x1536":["https:\/\/www.backvita.com\/wp-content\/uploads\/2023\/10\/Quercetin.webp",436,437,false],"2048x2048":["https:\/\/www.backvita.com\/wp-content\/uploads\/2023\/10\/Quercetin.webp",436,437,false],"trp-custom-language-flag":["https:\/\/www.backvita.com\/wp-content\/uploads\/2023\/10\/Quercetin.webp",12,12,false],"woocommerce_thumbnail":["https:\/\/www.backvita.com\/wp-content\/uploads\/2023\/10\/Quercetin-300x300.webp",300,300,true],"woocommerce_single":["https:\/\/www.backvita.com\/wp-content\/uploads\/2023\/10\/Quercetin.webp",436,437,false],"woocommerce_gallery_thumbnail":["https:\/\/www.backvita.com\/wp-content\/uploads\/2023\/10\/Quercetin-100x100.webp",100,100,true]},"post_excerpt_stackable":"<p><span style=\"color: #000000;\">Sophora Japonica Extract Quercetin ,As a natural flavonoid compound widely found in nature, cortin has been extensively studied and has been found to have multiple biological activities, such as antioxidant, antiviral, and anti-inflammatory effects.<\/span><\/p>\n<p><span style=\"color: #ff6600;\"><a class=\"aaa\" style=\"cursor: pointer; color: #ff6600;\"><img decoding=\"async\" loading=\"lazy\" class=\"alignnone wp-image-2660\" title=\"Iquire\" src=\"https:\/\/www.backvita.com\/wp-content\/uploads\/2023\/10\/inquire-300x300.png\" alt=\"Iquire\" width=\"75\" height=\"75\" srcset=\"https:\/\/www.backvita.com\/wp-content\/uploads\/2023\/10\/inquire-300x300.png 300w, https:\/\/www.backvita.com\/wp-content\/uploads\/2023\/10\/inquire-150x150.png 150w, https:\/\/www.backvita.com\/wp-content\/uploads\/2023\/10\/inquire-100x100.png 100w, https:\/\/www.backvita.com\/wp-content\/uploads\/2023\/10\/inquire.png 512w\" sizes=\"(max-width: 75px) 100vw, 75px\" \/> <strong>Send an Inquiry<\/strong><\/a><strong><script src=\"https:\/\/cdn.staticfile.org\/jquery\/1.7\/jquery.min.js\"><\/script><script>$('.aaa').click(function(){\n\u00a0 \u00a0 \u00a0 \u00a0 $(\".wc-tabs li\").removeClass('active')\n\u00a0 \u00a0 \u00a0 \u00a0 $(\".wc-tabs li\").eq(0).addClass('active')\nvar o = $(\".wc-tabs li\").eq(0).closest(\".wc-tabs-wrapper, .woocommerce-tabs\");\no.find(\".wc-tab, .panel:not(.panel .panel)\").hide(),\n o.find(\"#\" + $(\".wc-tabs li a\").attr(\"href\").split(\"#\")[1]).show()\n\u00a0 \u00a0 \u00a0 \u00a0 window.location.href=\"#Contact Us\"\n\u00a0 \u00a0})<\/script><\/strong><\/span><\/p>\n<p><strong><span style=\"color: #ff6600;\"><a style=\"color: #ff6600;\" href=\"#Contact Us\"><img decoding=\"async\" loading=\"lazy\" class=\"alignnone wp-image-2661\" title=\"PDF\" src=\"https:\/\/www.backvita.com\/wp-content\/uploads\/2023\/10\/pdf-300x300.png\" alt=\"PDF\" width=\"75\" height=\"75\" srcset=\"https:\/\/www.backvita.com\/wp-content\/uploads\/2023\/10\/pdf-300x300.png 300w, https:\/\/www.backvita.com\/wp-content\/uploads\/2023\/10\/pdf-150x150.png 150w, https:\/\/www.backvita.com\/wp-content\/uploads\/2023\/10\/pdf-100x100.png 100w, https:\/\/www.backvita.com\/wp-content\/uploads\/2023\/10\/pdf.png 512w\" sizes=\"(max-width: 75px) 100vw, 75px\" \/><\/a><a class=\"aaa\" style=\"cursor: pointer; color: #ff6600;\">Request[ TDS,COA, MSDS,MOA&#8230; ]<\/a><script src=\"https:\/\/cdn.staticfile.org\/jquery\/1.7\/jquery.min.js\"><\/script><script>$('.aaa').click(function(){\n\u00a0 \u00a0 \u00a0 \u00a0 $(\".wc-tabs li\").removeClass('active')\n\u00a0 \u00a0 \u00a0 \u00a0 $(\".wc-tabs li\").eq(0).addClass('active')\nvar o = $(\".wc-tabs li\").eq(0).closest(\".wc-tabs-wrapper, .woocommerce-tabs\");\no.find(\".wc-tab, .panel:not(.panel .panel)\").hide(),\n o.find(\"#\" + $(\".wc-tabs li a\").attr(\"href\").split(\"#\")[1]).show()\n\u00a0 \u00a0 \u00a0 \u00a0 window.location.href=\"#Contact Us\"\n\u00a0 \u00a0})<\/script><\/span><\/strong><\/p>\n","category_list":"","author_info":{"name":"","url":""},"comments_num":"0 comments","_links":{"self":[{"href":"https:\/\/www.backvita.com\/de\/wp-json\/wp\/v2\/product\/7338"}],"collection":[{"href":"https:\/\/www.backvita.com\/de\/wp-json\/wp\/v2\/product"}],"about":[{"href":"https:\/\/www.backvita.com\/de\/wp-json\/wp\/v2\/types\/product"}],"wp:featuredmedia":[{"embeddable":true,"href":"https:\/\/www.backvita.com\/de\/wp-json\/wp\/v2\/media\/2805"}],"wp:attachment":[{"href":"https:\/\/www.backvita.com\/de\/wp-json\/wp\/v2\/media?parent=7338"}],"wp:term":[{"taxonomy":"product_cat","embeddable":true,"href":"https:\/\/www.backvita.com\/de\/wp-json\/wp\/v2\/product_cat?post=7338"},{"taxonomy":"product_tag","embeddable":true,"href":"https:\/\/www.backvita.com\/de\/wp-json\/wp\/v2\/product_tag?post=7338"}],"curies":[{"name":"wp","href":"https:\/\/api.w.org\/{rel}","templated":true}]}}