{"id":7397,"date":"2024-07-10T12:47:43","date_gmt":"2024-07-10T04:47:43","guid":{"rendered":"https:\/\/www.backvita.com\/?post_type=product&#038;p=7397"},"modified":"2024-07-10T12:48:52","modified_gmt":"2024-07-10T04:48:52","slug":"ethyl-ascorbic-acid-suppliers-ethyl-ascorbic-acid-manufacturers-ethyl-ascorbic-acid-factory-free-sample","status":"publish","type":"product","link":"https:\/\/www.backvita.com\/de\/product\/ethylascorbinsaure-lieferanten-ethylascorbinsaure-hersteller-ethylascorbinsaure-fabrik-kostenlose-probe\/","title":{"rendered":"Ethyl-Ascorbins\u00e4ure Lieferanten Ethyl-Ascorbins\u00e4ure Hersteller Ethyl-Ascorbins\u00e4ure Fabrik kostenlose Probe"},"content":{"rendered":"<h2>Ethyl-Ascorbins\u00e4ure Merkmale<\/h2>\n<p>Es hemmt die Tyrosinase-Aktivit\u00e4t, hemmt die Bildung von Melanin, reduziert Melanin zu farblos, entfernt wirksam Sommersprossen und hellt die Haut auf.<\/p>\n<p>Es hat eine ausgezeichnete antioxidative Wirkung in Hautpflegeprodukten, die die Nutzung von VC gew\u00e4hrleistet. Verglichen mit VC ist VC-Ethylether sehr stabil und \u00e4ndert nicht die Farbe. wirklich erreichen die Wirkung der Aufhellung und Entfernung von Sommersprossen<\/p>\n<p>Es hat eine lipophile und hydrophile Struktur, wird leicht von der Haut absorbiert und kann direkt in die Dermis gelangen. Nach dem Eindringen in die Dermis beteiligt sich VC-Ethylether direkt an der Kollagensynthese, repariert die Aktivit\u00e4t der Hautzellen, erh\u00f6ht die Kollagenmenge und macht die Haut prall und reichhaltig. Elastizit\u00e4t, macht die Haut zart und glatt<\/p>\n<p>Es hat eine starke antibakterielle und entz\u00fcndungshemmende Wirkung und widersteht Entz\u00fcndungen, die durch Sonnenlicht verursacht werden, und ist stabil, licht-, hitze-, s\u00e4ure-, alkali- und salzbest\u00e4ndig sowie best\u00e4ndig gegen Luftoxidation.<\/p>\n<table style=\"height: 198px;\" width=\"1313\">\n<tbody>\n<tr>\n<td width=\"219\"><strong>Produktname<\/strong><\/td>\n<td width=\"466\">Ethyl-Ascorbins\u00e4ure<\/td>\n<\/tr>\n<tr>\n<td><strong>CAS-Nr.<\/strong><\/td>\n<td>86404-04-8<\/td>\n<\/tr>\n<tr>\n<td><strong>Erscheinungsbild<\/strong><\/td>\n<td>Wei\u00dfes Pulver oder Kristall<\/td>\n<\/tr>\n<tr>\n<td><strong>Spezifikationen<\/strong><\/td>\n<td>99%<\/td>\n<\/tr>\n<tr>\n<td><strong>Pakete<\/strong><\/td>\n<td>1kg\/Sack, 25kg\/Fass<\/td>\n<\/tr>\n<tr>\n<td><strong>Lagerung<\/strong><\/td>\n<td>Feuchtigkeitsschutz und lichtgesch\u00fctzte, geschlossene Lagerung vermeiden.<\/td>\n<\/tr>\n<tr>\n<td><strong>Pr\u00fcfverfahren<\/strong><\/td>\n<td>IR<\/td>\n<\/tr>\n<\/tbody>\n<\/table>\n<h2><\/h2>\n<h2>Was ist die Funktion von Ethyl-Ascorbins\u00e4ure?<\/h2>\n<h3><strong>Aufhellung, Aufhellung von Flecken<\/strong><\/h3>\n<p>Ethyl-Ascorbins\u00e4ure kann die Tyrosinase-Aktivit\u00e4t um bis zu 97% hemmen, wodurch die Melaninbildung gehemmt wird und die Haut effektiv aufgehellt und Flecken verblassen.<\/p>\n<h3><strong>Anti-Aging, Antioxidans<\/strong><\/h3>\n<p>Ethyl-Ascorbins\u00e4ure kann direkt in die Dermis eindringen und sich an der Kollagensynthese beteiligen, um die Aktivit\u00e4t der Hautzellen wiederherzustellen, das Kollagen zu erh\u00f6hen und die Haut prall und elastisch zu machen.<\/p>\n<h3><strong>Antibakteriell Entz\u00fcndungshemmend<\/strong><\/h3>\n<p>Ethyl-Ascorbins\u00e4ure hat eine lipophile und hydrophile Struktur, die leicht von der Haut absorbiert wird und direkt in die Dermisschicht eindringen kann. Sie hat eine starke antibakterielle und entz\u00fcndungshemmende Wirkung. Gleichzeitig kann sie den Kollagengehalt erh\u00f6hen, den Sonnenschutz und die antioxidativen F\u00e4higkeiten der Haut verbessern und Entz\u00fcndungen, die durch ultraviolette Strahlen und Sonnenlicht verursacht werden, entgegenwirken.<\/p>\n<p>&nbsp;<\/p>\n<h2>Anwendung von 3-0-Ethyl-Ascorbins\u00e4ure<\/h2>\n<p>3-0-Ethylascorbins\u00e4ure hat eine ausgezeichnete antioxidative Wirkung, die freie Radikale hemmen, Melanin reduzieren und fahle Haut verbessern kann.<\/p>\n<p>Daher spielt es in Hautpflegeprodukten vor allem die Rolle eines Antioxidans, das aufhellt und Sommersprossen entfernt, und ist relativ sicher. Zu seinen Produktformen geh\u00f6ren Creme, Essenz, Sonnenschutzlotion usw.<\/p>\n<p>&nbsp;<\/p>\n<h2><span style=\"color: #ff9c00;\">Unser Rest-Easy-Service mit Mehrwert<\/span><\/h2>\n<p><em><strong><span style=\"color: #ff9c00;\">&gt;&gt;&gt;\u00a0 <\/span><\/strong><\/em><strong>Backvita verf\u00fcgt \u00fcber professionelle Techniker, die technische Support-Dokumente wie: Normen, Specs, COA, MOA,\u00a0<\/strong><strong>MSDS,<\/strong><strong>Flussdiagramm, Erkl\u00e4rungen, Chromatogramme, N\u00e4hrwertangaben, Stabilit\u00e4tspr\u00fcfung, usw.<\/strong><\/p>\n<p><strong><span style=\"color: #ff9c00;\">&gt;&gt;&gt; \u00a0<\/span>Wir versprechen Ihnen, Ihnen einzigartige Dienstleistungen anzubieten, damit Sie sich beim Kauf und Verkauf von Produkten keine Sorgen machen m\u00fcssen.<\/strong><\/p>\n<p><strong><span style=\"color: #ff9c00;\">&gt;&gt;&gt;<\/span>\u00a0 Unser globales E-Commerce-Datenanalystenteam verf\u00fcgt \u00fcber 10 Jahre Erfahrung in der Pflanzenextraktbranche. Es stellt Ihnen Datenberichte \u00fcber die L\u00e4nder zur Verf\u00fcgung, in denen Ihre Produkte verkauft werden, damit Sie fundierte Entscheidungen treffen k\u00f6nnen. Diese Datenberichte enthalten Verkaufsvolumen, Vertriebskan\u00e4le, Wettbewerbsanalysen und andere Informationen, die Ihnen helfen, die Marktnachfrage und -trends besser zu verstehen und so Ihre Beschaffungs- und Verkaufsstrategien zu optimieren.<\/strong><\/p>\n<p><strong><span style=\"color: #ff9c00;\">&gt;&gt;&gt;\u00a0<\/span> Zus\u00e4tzlich zu den Datenberichten stellen wir Ihnen regelm\u00e4\u00dfig Informationen \u00fcber marktrelevante Produkte und neue Produkte zur Verf\u00fcgung. Diese Informationen helfen Ihnen, sich \u00fcber potenzielle Chancen und Trends auf dem Markt auf dem Laufenden zu halten und Anpassungen und Entscheidungen auf der Grundlage der Marktanforderungen zu treffen.<\/strong><\/p>\n<p><strong><span style=\"color: #ff9c00;\">&gt;&gt;&gt;<\/span>\u00a0 Wenn Sie eine eigene, exklusive Marke haben, stellen wir Ihnen auch Werbematerialien und Plakate zur Verf\u00fcgung, mit denen Sie Ihr Markenimage und Ihren Bekanntheitsgrad steigern k\u00f6nnen. Unser Designteam entwirft exklusive Werbematerialien f\u00fcr Ihre Marke nach Ihren Bed\u00fcrfnissen und Anforderungen. Alle diese Mehrwertdienste werden den Kunden unserer Partner kostenlos zur Verf\u00fcgung gestellt.<\/strong><\/p>\n<p><strong><span style=\"color: #ff9c00;\">&gt;&gt;&gt;<\/span>\u00a0 Unser Ziel ist es, die Kunden in den Mittelpunkt zu stellen, Ihnen w\u00e4hrend des gesamten Prozesses einen sorgenfreien Service zu bieten und Ihnen zu mehr Leistung und Erfolg zu verhelfen.<\/strong><\/p>\n<p><strong><span style=\"color: #ff9c00;\">&gt;&gt;&gt;<\/span>\u00a0 Wenn Sie Fragen oder spezielle W\u00fcnsche zu unseren Mehrwertdiensten haben, k\u00f6nnen Sie sich gerne an uns wenden. Wir werden unser Bestes tun, um Ihnen zu helfen und Ihre Zufriedenheit zu gew\u00e4hrleisten. Nochmals vielen Dank f\u00fcr Ihre Unterst\u00fctzung und Aufmerksamkeit und wir freuen uns auf eine langfristige Zusammenarbeit mit Ihnen.<\/strong><\/p>\n<p>&nbsp;<\/p>\n<h2>Kontakt<a name=\"Contact Us\"><\/a><\/h2>\n\n<div class=\"wpcf7 no-js\" id=\"wpcf7-f690-o1\" lang=\"zh-CN\" dir=\"ltr\">\n<div class=\"screen-reader-response\"><p role=\"status\" aria-live=\"polite\" aria-atomic=\"true\"><\/p> <ul><\/ul><\/div>\n<form action=\"\/de\/wp-json\/wp\/v2\/product\/7397#wpcf7-f690-o1\" method=\"post\" class=\"wpcf7-form init\" aria-label=\"Contact form\" novalidate=\"novalidate\" data-status=\"init\" data-trp-original-action=\"\/de\/wp-json\/wp\/v2\/product\/7397#wpcf7-f690-o1\">\n<div style=\"display: none;\">\n<input type=\"hidden\" name=\"_wpcf7\" value=\"690\" \/>\n<input type=\"hidden\" name=\"_wpcf7_version\" value=\"5.8\" \/>\n<input type=\"hidden\" name=\"_wpcf7_locale\" value=\"zh_CN\" \/>\n<input type=\"hidden\" name=\"_wpcf7_unit_tag\" value=\"wpcf7-f690-o1\" \/>\n<input type=\"hidden\" name=\"_wpcf7_container_post\" value=\"0\" \/>\n<input type=\"hidden\" name=\"_wpcf7_posted_data_hash\" value=\"\" \/>\n<\/div>\n<p><label> *Name * Firmenname<br \/>\n<span class=\"wpcf7-form-control-wrap\" data-name=\"your-name\"><input size=\"40\" class=\"wpcf7-form-control wpcf7-text wpcf7-validates-as-required\" autocomplete=\"name\" aria-required=\"true\" aria-invalid=\"false\" value=\"\" type=\"text\" name=\"your-name\" \/><\/span> <\/label>\n<\/p>\n<p><label> *E-Mail<br \/>\n<span class=\"wpcf7-form-control-wrap\" data-name=\"your-email\"><input size=\"40\" class=\"wpcf7-form-control wpcf7-email wpcf7-validates-as-required wpcf7-text wpcf7-validates-as-email\" autocomplete=\"email\" aria-required=\"true\" aria-invalid=\"false\" value=\"\" type=\"email\" name=\"your-email\" \/><\/span> <\/label>\n<\/p>\n<p><label> *Telefonnummer<br \/>\n<span class=\"wpcf7-form-control-wrap\" data-name=\"your-subject\"><input size=\"40\" class=\"wpcf7-form-control wpcf7-text wpcf7-validates-as-required\" aria-required=\"true\" aria-invalid=\"false\" value=\"\" type=\"text\" name=\"your-subject\" \/><\/span> <\/label>\n<\/p>\n<p><label> *Meldung<br \/>\n<span class=\"wpcf7-form-control-wrap\" data-name=\"your-message\"><textarea cols=\"40\" rows=\"10\" class=\"wpcf7-form-control wpcf7-textarea\" aria-invalid=\"false\" name=\"your-message\"><\/textarea><\/span> <\/label>\n<\/p>\n<p><input class=\"wpcf7-form-control wpcf7-submit has-spinner\" type=\"submit\" value=\"Einreichen\" \/>\n<\/p><div class=\"wpcf7-response-output\" aria-hidden=\"true\"><\/div>\n<input type=\"hidden\" name=\"trp-form-language\" value=\"de\"\/><\/form>\n<\/div>\n\n<p>&nbsp;<\/p>","protected":false},"excerpt":{"rendered":"<p><span style=\"color: #000000;\">Ethyl-Ascorbins\u00e4ure ist ein sehr stabiles Derivat von VC. Es hat eine lipophile und hydrophile Struktur und kann leicht von der Haut aufgenommen werden. Sie kann direkt die Dermisschicht erreichen. Sie wird durch biologische Enzyme abgebaut und spielt die Rolle von VC, wodurch die Wirksamkeit von VC verbessert wird. Verwendung.<\/span><\/p>\n<p><span style=\"color: #ff6600;\"><a class=\"aaa\" style=\"cursor: pointer; color: #ff6600;\"><img decoding=\"async\" loading=\"lazy\" class=\"alignnone wp-image-2660\" title=\"Erkundigen Sie sich bei \" src=\"https:\/\/www.backvita.com\/wp-content\/uploads\/2023\/10\/inquire-300x300.png\" alt=\"Erkundigen Sie sich bei \" width=\"75\" height=\"75\" srcset=\"https:\/\/www.backvita.com\/wp-content\/uploads\/2023\/10\/inquire-300x300.png 300w, https:\/\/www.backvita.com\/wp-content\/uploads\/2023\/10\/inquire-150x150.png 150w, https:\/\/www.backvita.com\/wp-content\/uploads\/2023\/10\/inquire-100x100.png 100w, https:\/\/www.backvita.com\/wp-content\/uploads\/2023\/10\/inquire.png 512w\" sizes=\"(max-width: 75px) 100vw, 75px\" \/> <strong>Anfrage senden<\/strong><\/a><strong><script src=\"https:\/\/cdn.staticfile.org\/jquery\/1.7\/jquery.min.js\"><\/script><script>$('.aaa').click(function(){\n\u00a0 \u00a0 \u00a0 \u00a0 $(\".wc-tabs li\").removeClass('active')\n\u00a0 \u00a0 \u00a0 \u00a0 $(\".wc-tabs li\").eq(0).addClass('active')\nvar o = $(\".wc-tabs li\").eq(0).closest(\".wc-tabs-wrapper, .woocommerce-tabs\");\no.find(\".wc-tab, .panel:not(.panel .panel)\").hide(),\n o.find(\"#\" + $(\".wc-tabs li a\").attr(\"href\").split(\"#\")[1]).show()\n\u00a0 \u00a0 \u00a0 \u00a0 window.location.href=\"#Contact Us\"\n\u00a0 \u00a0})<\/script><\/strong><\/span><\/p>\n<p><strong><span style=\"color: #ff6600;\"><a style=\"color: #ff6600;\" href=\"#Contact Us\"><img decoding=\"async\" loading=\"lazy\" class=\"alignnone wp-image-2661\" title=\"PDF\" src=\"https:\/\/www.backvita.com\/wp-content\/uploads\/2023\/10\/pdf-300x300.png\" alt=\"PDF\" width=\"74\" height=\"74\" srcset=\"https:\/\/www.backvita.com\/wp-content\/uploads\/2023\/10\/pdf-300x300.png 300w, https:\/\/www.backvita.com\/wp-content\/uploads\/2023\/10\/pdf-150x150.png 150w, https:\/\/www.backvita.com\/wp-content\/uploads\/2023\/10\/pdf-100x100.png 100w, https:\/\/www.backvita.com\/wp-content\/uploads\/2023\/10\/pdf.png 512w\" sizes=\"(max-width: 74px) 100vw, 74px\" \/><\/a><a class=\"aaa\" style=\"cursor: pointer; color: #ff6600;\">Anfrage[ TDS,COA, MSDS,MOA... ]<\/a><script src=\"https:\/\/cdn.staticfile.org\/jquery\/1.7\/jquery.min.js\"><\/script><script>$('.aaa').click(function(){\n\u00a0 \u00a0 \u00a0 \u00a0 $(\".wc-tabs li\").removeClass('active')\n\u00a0 \u00a0 \u00a0 \u00a0 $(\".wc-tabs li\").eq(0).addClass('active')\nvar o = $(\".wc-tabs li\").eq(0).closest(\".wc-tabs-wrapper, .woocommerce-tabs\");\no.find(\".wc-tab, .panel:not(.panel .panel)\").hide(),\n o.find(\"#\" + $(\".wc-tabs li a\").attr(\"href\").split(\"#\")[1]).show()\n\u00a0 \u00a0 \u00a0 \u00a0 window.location.href=\"#Contact Us\"\n\u00a0 \u00a0})<\/script><\/span><\/strong><\/p>","protected":false},"featured_media":2856,"template":"","meta":{"_seopress_robots_primary_cat":"none","_seopress_titles_title":"Ethyl Ascorbic Acid suppliers Ethyl Ascorbic Acid manufacturers Ethyl Ascorbic Acid factory free sample","_seopress_titles_desc":"Ethyl Ascorbic Acid \u00a0is a highly stable derivative of VC. It has a lipophilic and hydrophilic structure and is easy to be absorbed by the skin. It can directly reach the dermis layer. It is decomposed by biological enzymes and plays the role of VC, thereby improving the effectiveness of VC. Utilization","_seopress_robots_index":""},"product_cat":[46,57],"product_tag":[183,175,182,180,173,176,181,171,195,194,190,191,189,188,184,185,172,192,196,197,193,198,186,187,177,179,178,174],"featured_image_urls":{"full":["https:\/\/www.backvita.com\/wp-content\/uploads\/2023\/10\/Ethyl-Ascorbic-Acid.webp",421,428,false],"thumbnail":["https:\/\/www.backvita.com\/wp-content\/uploads\/2023\/10\/Ethyl-Ascorbic-Acid-150x150.webp",150,150,true],"medium":["https:\/\/www.backvita.com\/wp-content\/uploads\/2023\/10\/Ethyl-Ascorbic-Acid-295x300.webp",295,300,true],"medium_large":["https:\/\/www.backvita.com\/wp-content\/uploads\/2023\/10\/Ethyl-Ascorbic-Acid.webp",421,428,false],"large":["https:\/\/www.backvita.com\/wp-content\/uploads\/2023\/10\/Ethyl-Ascorbic-Acid.webp",421,428,false],"1536x1536":["https:\/\/www.backvita.com\/wp-content\/uploads\/2023\/10\/Ethyl-Ascorbic-Acid.webp",421,428,false],"2048x2048":["https:\/\/www.backvita.com\/wp-content\/uploads\/2023\/10\/Ethyl-Ascorbic-Acid.webp",421,428,false],"trp-custom-language-flag":["https:\/\/www.backvita.com\/wp-content\/uploads\/2023\/10\/Ethyl-Ascorbic-Acid.webp",12,12,false],"woocommerce_thumbnail":["https:\/\/www.backvita.com\/wp-content\/uploads\/2023\/10\/Ethyl-Ascorbic-Acid-300x300.webp",300,300,true],"woocommerce_single":["https:\/\/www.backvita.com\/wp-content\/uploads\/2023\/10\/Ethyl-Ascorbic-Acid.webp",421,428,false],"woocommerce_gallery_thumbnail":["https:\/\/www.backvita.com\/wp-content\/uploads\/2023\/10\/Ethyl-Ascorbic-Acid-100x100.webp",100,100,true]},"post_excerpt_stackable":"<p><span style=\"color: #000000;\">Ethyl Ascorbic Acid \u00a0is a highly stable derivative of VC. It has a lipophilic and hydrophilic structure and is easy to be absorbed by the skin. It can directly reach the dermis layer. It is decomposed by biological enzymes and plays the role of VC, thereby improving the effectiveness of VC. Utilization.<\/span><\/p>\n<p><span style=\"color: #ff6600;\"><a class=\"aaa\" style=\"cursor: pointer; color: #ff6600;\"><img decoding=\"async\" loading=\"lazy\" class=\"alignnone wp-image-2660\" title=\"Iquire \" src=\"https:\/\/www.backvita.com\/wp-content\/uploads\/2023\/10\/inquire-300x300.png\" alt=\"Iquire \" width=\"75\" height=\"75\" srcset=\"https:\/\/www.backvita.com\/wp-content\/uploads\/2023\/10\/inquire-300x300.png 300w, https:\/\/www.backvita.com\/wp-content\/uploads\/2023\/10\/inquire-150x150.png 150w, https:\/\/www.backvita.com\/wp-content\/uploads\/2023\/10\/inquire-100x100.png 100w, https:\/\/www.backvita.com\/wp-content\/uploads\/2023\/10\/inquire.png 512w\" sizes=\"(max-width: 75px) 100vw, 75px\" \/> <strong>Send an Inquiry<\/strong><\/a><strong><script src=\"https:\/\/cdn.staticfile.org\/jquery\/1.7\/jquery.min.js\"><\/script><script>$('.aaa').click(function(){\n\u00a0 \u00a0 \u00a0 \u00a0 $(\".wc-tabs li\").removeClass('active')\n\u00a0 \u00a0 \u00a0 \u00a0 $(\".wc-tabs li\").eq(0).addClass('active')\nvar o = $(\".wc-tabs li\").eq(0).closest(\".wc-tabs-wrapper, .woocommerce-tabs\");\no.find(\".wc-tab, .panel:not(.panel .panel)\").hide(),\n o.find(\"#\" + $(\".wc-tabs li a\").attr(\"href\").split(\"#\")[1]).show()\n\u00a0 \u00a0 \u00a0 \u00a0 window.location.href=\"#Contact Us\"\n\u00a0 \u00a0})<\/script><\/strong><\/span><\/p>\n<p><strong><span style=\"color: #ff6600;\"><a style=\"color: #ff6600;\" href=\"#Contact Us\"><img decoding=\"async\" loading=\"lazy\" class=\"alignnone wp-image-2661\" title=\"PDF\" src=\"https:\/\/www.backvita.com\/wp-content\/uploads\/2023\/10\/pdf-300x300.png\" alt=\"PDF\" width=\"74\" height=\"74\" srcset=\"https:\/\/www.backvita.com\/wp-content\/uploads\/2023\/10\/pdf-300x300.png 300w, https:\/\/www.backvita.com\/wp-content\/uploads\/2023\/10\/pdf-150x150.png 150w, https:\/\/www.backvita.com\/wp-content\/uploads\/2023\/10\/pdf-100x100.png 100w, https:\/\/www.backvita.com\/wp-content\/uploads\/2023\/10\/pdf.png 512w\" sizes=\"(max-width: 74px) 100vw, 74px\" \/><\/a><a class=\"aaa\" style=\"cursor: pointer; color: #ff6600;\">Request[ TDS,COA, MSDS,MOA&#8230; ]<\/a><script src=\"https:\/\/cdn.staticfile.org\/jquery\/1.7\/jquery.min.js\"><\/script><script>$('.aaa').click(function(){\n\u00a0 \u00a0 \u00a0 \u00a0 $(\".wc-tabs li\").removeClass('active')\n\u00a0 \u00a0 \u00a0 \u00a0 $(\".wc-tabs li\").eq(0).addClass('active')\nvar o = $(\".wc-tabs li\").eq(0).closest(\".wc-tabs-wrapper, .woocommerce-tabs\");\no.find(\".wc-tab, .panel:not(.panel .panel)\").hide(),\n o.find(\"#\" + $(\".wc-tabs li a\").attr(\"href\").split(\"#\")[1]).show()\n\u00a0 \u00a0 \u00a0 \u00a0 window.location.href=\"#Contact Us\"\n\u00a0 \u00a0})<\/script><\/span><\/strong><\/p>\n","category_list":"","author_info":{"name":"","url":""},"comments_num":"0 comments","_links":{"self":[{"href":"https:\/\/www.backvita.com\/de\/wp-json\/wp\/v2\/product\/7397"}],"collection":[{"href":"https:\/\/www.backvita.com\/de\/wp-json\/wp\/v2\/product"}],"about":[{"href":"https:\/\/www.backvita.com\/de\/wp-json\/wp\/v2\/types\/product"}],"wp:featuredmedia":[{"embeddable":true,"href":"https:\/\/www.backvita.com\/de\/wp-json\/wp\/v2\/media\/2856"}],"wp:attachment":[{"href":"https:\/\/www.backvita.com\/de\/wp-json\/wp\/v2\/media?parent=7397"}],"wp:term":[{"taxonomy":"product_cat","embeddable":true,"href":"https:\/\/www.backvita.com\/de\/wp-json\/wp\/v2\/product_cat?post=7397"},{"taxonomy":"product_tag","embeddable":true,"href":"https:\/\/www.backvita.com\/de\/wp-json\/wp\/v2\/product_tag?post=7397"}],"curies":[{"name":"wp","href":"https:\/\/api.w.org\/{rel}","templated":true}]}}