{"id":7479,"date":"2024-07-18T08:59:36","date_gmt":"2024-07-18T00:59:36","guid":{"rendered":"https:\/\/www.backvita.com\/?post_type=product&#038;p=7479"},"modified":"2024-07-18T09:00:41","modified_gmt":"2024-07-18T01:00:41","slug":"bilberry-extract-anthocyanins-suppliers-bilberry-extract-anthocyanins-manufacturers-bilberry-extract-anthocyanins-factory-free-sample","status":"publish","type":"product","link":"https:\/\/www.backvita.com\/de\/product\/heidelbeere-extrakt-anthocyane-lieferanten-heidelbeere-extrakt-anthocyane-hersteller-heidelbeere-extrakt-anthocyane-fabrik-kostenlose-probe\/","title":{"rendered":"Heidelbeerextrakt Anthocyane Lieferanten Heidelbeerextrakt Anthocyane Hersteller Heidelbeerextrakt Anthocyane Fabrik kostenlose Probe"},"content":{"rendered":"<h2 style=\"text-align: left;\">Heidelbeerextrakt Anthocyane Beschreibung<\/h2>\n<p>Anthocyane sind eine Art nat\u00fcrlicher Pflanzenpigmente, die zu den Flavonoidverbindungen geh\u00f6ren. Sie kommen in vielen Fr\u00fcchten, Gem\u00fcsesorten, Getreide und Blumen vor und verleihen ihnen oft tiefviolette, blaue und rote Farben. Anthocyane sind eine Schutzsubstanz f\u00fcr Pflanzen gegen \u00e4u\u00dfere Einfl\u00fcsse und sind auch wichtige N\u00e4hrstoffe in der menschlichen Ern\u00e4hrung. Anthocyane haben starke antioxidative Eigenschaften, die freie Radikale abfangen, oxidativen Stress und Entz\u00fcndungsreaktionen verringern, die k\u00f6rperliche Gesundheit erhalten und den Alterungsprozess verlangsamen k\u00f6nnen. Die Forschung hat au\u00dferdem herausgefunden, dass Anthocyane krebshemmend, entz\u00fcndungshemmend, kardiovaskul\u00e4r und neurodegenerativ wirken. Zu den gebr\u00e4uchlichen Anthocyanen geh\u00f6ren Anthocyane, Anthocyanin, Anthocyanin-Glycoside usw., die unterschiedliche chemische Strukturen und biologische Aktivit\u00e4ten aufweisen. So k\u00f6nnen beispielsweise die Anthocyane in violetten Weintrauben die Herz-Kreislauf-Funktion verbessern, die Anthocyane in Heidelbeeren das Ged\u00e4chtnis st\u00e4rken und die Anthocyane in Heidelbeeren den Blutzuckerspiegel deutlich senken.<\/p>\n<table style=\"height: 257px;\" width=\"1310\">\n<tbody>\n<tr>\n<td width=\"219\"><strong>Produktname<\/strong><\/td>\n<td width=\"466\">Heidelbeerextrakt Anthocyane<\/td>\n<\/tr>\n<tr>\n<td><strong>CAS-NR.<\/strong><\/td>\n<td>84082-34-8<\/td>\n<\/tr>\n<tr>\n<td><strong>Lateinischer Name<\/strong><\/td>\n<td>Vaccinium vitis-idaea L<\/td>\n<\/tr>\n<tr>\n<td><strong>Erscheinungsbild<\/strong><\/td>\n<td>Purpurrotes Pulver<\/td>\n<\/tr>\n<tr>\n<td><strong>Spezifikationen<\/strong><\/td>\n<td>Anthocyane 25%<\/td>\n<\/tr>\n<tr>\n<td><strong>Pakete<\/strong><\/td>\n<td>1kg\/Sack, 25kg\/Fass<\/td>\n<\/tr>\n<tr>\n<td><strong>Lagerung<\/strong><\/td>\n<td>Feuchtigkeitsschutz und lichtgesch\u00fctzte, geschlossene Lagerung vermeiden.<\/td>\n<\/tr>\n<tr>\n<td><strong>Pr\u00fcfverfahren<\/strong><\/td>\n<td>UV\/HPLC<\/td>\n<\/tr>\n<\/tbody>\n<\/table>\n<h2><\/h2>\n<h2 style=\"text-align: left;\">Wirksamkeit von Heidelbeerextrakt Anthocyanen<\/h2>\n<p>Die rote Farbe der Himbeeren stammt von ihren Anthocyanen und Anthocyanen. Bei den in Himbeeren vorkommenden Anthocyanen handelt es sich haupts\u00e4chlich um Pelargonidin und Cyanidin. Ihre Strukturen und die entsprechenden Strukturen von Anthocyanen sind in der folgenden Abbildung dargestellt.<\/p>\n<p>&nbsp;<\/p>\n<p><img decoding=\"async\" loading=\"lazy\" class=\"aligncenter wp-image-2845 size-full\" title=\"Anthocyanstrukturen\" src=\"https:\/\/www.backvita.com\/wp-content\/uploads\/2023\/10\/anthocyanin-structures.webp\" alt=\"Anthocyanstrukturen\" width=\"673\" height=\"208\" srcset=\"https:\/\/www.backvita.com\/wp-content\/uploads\/2023\/10\/anthocyanin-structures.webp 673w, https:\/\/www.backvita.com\/wp-content\/uploads\/2023\/10\/anthocyanin-structures-300x93.webp 300w, https:\/\/www.backvita.com\/wp-content\/uploads\/2023\/10\/anthocyanin-structures-600x185.webp 600w\" sizes=\"(max-width: 673px) 100vw, 673px\" \/><\/p>\n<p style=\"text-align: center;\">Abbildung: Anthocyane in Himbeeren und ihre entsprechenden Anthocyanstrukturen<\/p>\n<p>&nbsp;<\/p>\n<p>Unter den Fr\u00fcchten der Familie der Rosengew\u00e4chse (Rosaceae) kommen Pelargonide offenbar nur in Erdbeeren und Himbeeren vor, und obwohl Cyanidin sehr h\u00e4ufig in Anthocyanen vorkommt, wird Sophorosid nur in Himbeeren gefunden. (Sophorosid) Einheit von Cyanidin .<\/p>\n<p>Diese Anthocyane bilden die Grundlage f\u00fcr die positiven Auswirkungen der Himbeeren auf die Diabeteskontrolle.<\/p>\n<h3><strong>Reduzieren Sie den Zuckerkonsum<\/strong><\/h3>\n<p>In-vitro-Versuche zeigen, dass der Himbeeranthocyan-Extrakt eine st\u00e4rkere hemmende Wirkung auf die \u03b1-Amylase hat als der Rohextrakt, was darauf hindeutet, dass Anthocyane die Zuckeraufnahme durch Hemmung der Amylase-Aktivit\u00e4t verringern k\u00f6nnen. zur Kontrolle von Diabetes.<\/p>\n<h3><strong>Kontrolle von Typ-1-Diabetes<\/strong><\/h3>\n<p>In-vitro-Zellexperimente haben gezeigt, dass Anthocyane und Anthocyane in Himbeeren potenziell die glukosebedingte Insulinaussch\u00fcttung in den Betazellen der Bauchspeicheldr\u00fcse stimulieren und die durch unzureichende Insulinsekretion verursachte Hyperglyk\u00e4mie (Typ-1-Diabetes) durch eine erh\u00f6hte Insulinaussch\u00fcttung kontrollieren k\u00f6nnen. .<\/p>\n<h3><strong>Kontrolle von Typ-2-Diabetes<\/strong><\/h3>\n<p>Bei Typ-2-Diabetes haben In-vitro-Studien an Zellen ergeben, dass Anthocyane in Himbeeren den Fettgehalt erh\u00f6hen k\u00f6nnen, indem sie die Adiponektin-Expression in Adipozyten hochregulieren, entz\u00fcndliche Zytokine herunterregulieren und die AMP-abh\u00e4ngige Proteinkinase phosphorylieren. Die Zellen reagieren empfindlich auf Insulin und nutzen \u00fcbersch\u00fcssigen Blutzucker \u00fcber den Fetts\u00e4uresyntheseweg, um den Blutzucker zu kontrollieren.<\/p>\n<p>&nbsp;<\/p>\n<h2><span style=\"color: #ff9c00;\">Unser Rest-Easy-Service mit Mehrwert<\/span><\/h2>\n<p><em><strong><span style=\"color: #ff9c00;\">&gt;&gt;&gt;\u00a0 <\/span><\/strong><\/em><strong>Backvita verf\u00fcgt \u00fcber professionelle Techniker, die technische Support-Dokumente wie: Normen, Specs, COA, MOA,\u00a0<\/strong><strong>MSDS,<\/strong><strong>Flussdiagramm, Erkl\u00e4rungen, Chromatogramme, N\u00e4hrwertangaben, Stabilit\u00e4tspr\u00fcfung, usw.<\/strong><\/p>\n<p><strong><span style=\"color: #ff9c00;\">&gt;&gt;&gt; \u00a0<\/span>Wir versprechen Ihnen, Ihnen einzigartige Dienstleistungen anzubieten, damit Sie sich beim Kauf und Verkauf von Produkten keine Sorgen machen m\u00fcssen.<\/strong><\/p>\n<p><strong><span style=\"color: #ff9c00;\">&gt;&gt;&gt;<\/span>\u00a0 Unser globales E-Commerce-Datenanalystenteam verf\u00fcgt \u00fcber 10 Jahre Erfahrung in der Pflanzenextraktbranche. Es stellt Ihnen Datenberichte \u00fcber die L\u00e4nder zur Verf\u00fcgung, in denen Ihre Produkte verkauft werden, damit Sie fundierte Entscheidungen treffen k\u00f6nnen. Diese Datenberichte enthalten Verkaufsvolumen, Vertriebskan\u00e4le, Wettbewerbsanalysen und andere Informationen, die Ihnen helfen, die Marktnachfrage und -trends besser zu verstehen und so Ihre Beschaffungs- und Verkaufsstrategien zu optimieren.<\/strong><\/p>\n<p><strong><span style=\"color: #ff9c00;\">&gt;&gt;&gt;\u00a0<\/span> Zus\u00e4tzlich zu den Datenberichten stellen wir Ihnen regelm\u00e4\u00dfig Informationen \u00fcber marktrelevante Produkte und neue Produkte zur Verf\u00fcgung. Diese Informationen helfen Ihnen, sich \u00fcber potenzielle Chancen und Trends auf dem Markt auf dem Laufenden zu halten und Anpassungen und Entscheidungen auf der Grundlage der Marktanforderungen zu treffen.<\/strong><\/p>\n<p><strong><span style=\"color: #ff9c00;\">&gt;&gt;&gt;<\/span>\u00a0 Wenn Sie eine eigene, exklusive Marke haben, stellen wir Ihnen auch Werbematerialien und Plakate zur Verf\u00fcgung, mit denen Sie Ihr Markenimage und Ihren Bekanntheitsgrad steigern k\u00f6nnen. Unser Designteam entwirft exklusive Werbematerialien f\u00fcr Ihre Marke nach Ihren Bed\u00fcrfnissen und Anforderungen. Alle diese Mehrwertdienste werden den Kunden unserer Partner kostenlos zur Verf\u00fcgung gestellt.<\/strong><\/p>\n<p><strong><span style=\"color: #ff9c00;\">&gt;&gt;&gt;<\/span>\u00a0 Unser Ziel ist es, die Kunden in den Mittelpunkt zu stellen, Ihnen w\u00e4hrend des gesamten Prozesses einen sorgenfreien Service zu bieten und Ihnen zu mehr Leistung und Erfolg zu verhelfen.<\/strong><\/p>\n<p><strong><span style=\"color: #ff9c00;\">&gt;&gt;&gt;<\/span>\u00a0 Wenn Sie Fragen oder spezielle W\u00fcnsche zu unseren Mehrwertdiensten haben, k\u00f6nnen Sie sich gerne an uns wenden. Wir werden unser Bestes tun, um Ihnen zu helfen und Ihre Zufriedenheit zu gew\u00e4hrleisten. Nochmals vielen Dank f\u00fcr Ihre Unterst\u00fctzung und Aufmerksamkeit und wir freuen uns auf eine langfristige Zusammenarbeit mit Ihnen.<\/strong><\/p>\n<p>&nbsp;<\/p>\n<h2>Kontakt<a name=\"Contact Us\"><\/a><\/h2>\n\n<div class=\"wpcf7 no-js\" id=\"wpcf7-f690-o1\" lang=\"zh-CN\" dir=\"ltr\">\n<div class=\"screen-reader-response\"><p role=\"status\" aria-live=\"polite\" aria-atomic=\"true\"><\/p> <ul><\/ul><\/div>\n<form action=\"\/de\/wp-json\/wp\/v2\/product\/7479#wpcf7-f690-o1\" method=\"post\" class=\"wpcf7-form init\" aria-label=\"Contact form\" novalidate=\"novalidate\" data-status=\"init\" data-trp-original-action=\"\/de\/wp-json\/wp\/v2\/product\/7479#wpcf7-f690-o1\">\n<div style=\"display: none;\">\n<input type=\"hidden\" name=\"_wpcf7\" value=\"690\" \/>\n<input type=\"hidden\" name=\"_wpcf7_version\" value=\"5.8\" \/>\n<input type=\"hidden\" name=\"_wpcf7_locale\" value=\"zh_CN\" \/>\n<input type=\"hidden\" name=\"_wpcf7_unit_tag\" value=\"wpcf7-f690-o1\" \/>\n<input type=\"hidden\" name=\"_wpcf7_container_post\" value=\"0\" \/>\n<input type=\"hidden\" name=\"_wpcf7_posted_data_hash\" value=\"\" \/>\n<\/div>\n<p><label> *Name * Firmenname<br \/>\n<span class=\"wpcf7-form-control-wrap\" data-name=\"your-name\"><input size=\"40\" class=\"wpcf7-form-control wpcf7-text wpcf7-validates-as-required\" autocomplete=\"name\" aria-required=\"true\" aria-invalid=\"false\" value=\"\" type=\"text\" name=\"your-name\" \/><\/span> <\/label>\n<\/p>\n<p><label> *E-Mail<br \/>\n<span class=\"wpcf7-form-control-wrap\" data-name=\"your-email\"><input size=\"40\" class=\"wpcf7-form-control wpcf7-email wpcf7-validates-as-required wpcf7-text wpcf7-validates-as-email\" autocomplete=\"email\" aria-required=\"true\" aria-invalid=\"false\" value=\"\" type=\"email\" name=\"your-email\" \/><\/span> <\/label>\n<\/p>\n<p><label> *Telefonnummer<br \/>\n<span class=\"wpcf7-form-control-wrap\" data-name=\"your-subject\"><input size=\"40\" class=\"wpcf7-form-control wpcf7-text wpcf7-validates-as-required\" aria-required=\"true\" aria-invalid=\"false\" value=\"\" type=\"text\" name=\"your-subject\" \/><\/span> <\/label>\n<\/p>\n<p><label> *Meldung<br \/>\n<span class=\"wpcf7-form-control-wrap\" data-name=\"your-message\"><textarea cols=\"40\" rows=\"10\" class=\"wpcf7-form-control wpcf7-textarea\" aria-invalid=\"false\" name=\"your-message\"><\/textarea><\/span> <\/label>\n<\/p>\n<p><input class=\"wpcf7-form-control wpcf7-submit has-spinner\" type=\"submit\" value=\"Einreichen\" \/>\n<\/p><div class=\"wpcf7-response-output\" aria-hidden=\"true\"><\/div>\n<input type=\"hidden\" name=\"trp-form-language\" value=\"de\"\/><\/form>\n<\/div>\n\n<p>&nbsp;<\/p>","protected":false},"excerpt":{"rendered":"<p><span style=\"color: #000000;\">Heidelbeerextrakt Anthocyane sind eine Schutzsubstanz f\u00fcr Pflanzen gegen \u00e4u\u00dfere Widrigkeiten und sind auch wichtige N\u00e4hrstoffe in der menschlichen Ern\u00e4hrung. Anthocyane haben starke antioxidative Eigenschaften, die freie Radikale abfangen, oxidativen Stress und Entz\u00fcndungsreaktionen verringern und zur Erhaltung der k\u00f6rperlichen Gesundheit und zur Verlangsamung des Alterungsprozesses beitragen k\u00f6nnen.<\/span><\/p>\n<p><strong><a class=\"aaa\" style=\"cursor: pointer;\"><img decoding=\"async\" loading=\"lazy\" class=\"alignnone wp-image-2660\" title=\"Erkundigen Sie sich bei \" src=\"https:\/\/www.backvita.com\/wp-content\/uploads\/2023\/10\/inquire-300x300.png\" alt=\"Erkundigen Sie sich bei \" width=\"75\" height=\"75\" srcset=\"https:\/\/www.backvita.com\/wp-content\/uploads\/2023\/10\/inquire-300x300.png 300w, https:\/\/www.backvita.com\/wp-content\/uploads\/2023\/10\/inquire-150x150.png 150w, https:\/\/www.backvita.com\/wp-content\/uploads\/2023\/10\/inquire-100x100.png 100w, https:\/\/www.backvita.com\/wp-content\/uploads\/2023\/10\/inquire.png 512w\" sizes=\"(max-width: 75px) 100vw, 75px\" \/><\/a><\/strong><strong><a class=\"aaa\" style=\"cursor: pointer;\">\u00a0<span style=\"color: #ff6600;\">Anfrage senden<\/span><\/a><span style=\"color: #ff6600;\"><script src=\"https:\/\/cdn.staticfile.org\/jquery\/1.7\/jquery.min.js\"><\/script><script>$('.aaa').click(function(){\n\u00a0 \u00a0 \u00a0 \u00a0 $(\".wc-tabs li\").removeClass('active')\n\u00a0 \u00a0 \u00a0 \u00a0 $(\".wc-tabs li\").eq(0).addClass('active')\nvar o = $(\".wc-tabs li\").eq(0).closest(\".wc-tabs-wrapper, .woocommerce-tabs\");\no.find(\".wc-tab, .panel:not(.panel .panel)\").hide(),\n o.find(\"#\" + $(\".wc-tabs li a\").attr(\"href\").split(\"#\")[1]).show()\n\u00a0 \u00a0 \u00a0 \u00a0 window.location.href=\"#Contact Us\"\n\u00a0 \u00a0})<\/script><\/span><\/strong><\/p>\n<p><span style=\"color: #ff6600;\"><strong><a style=\"color: #ff6600;\" href=\"#Contact Us\"><img decoding=\"async\" loading=\"lazy\" class=\"alignnone wp-image-2661\" title=\"PDF\" src=\"https:\/\/www.backvita.com\/wp-content\/uploads\/2023\/10\/pdf-300x300.png\" alt=\"PDF\" width=\"75\" height=\"75\" srcset=\"https:\/\/www.backvita.com\/wp-content\/uploads\/2023\/10\/pdf-300x300.png 300w, https:\/\/www.backvita.com\/wp-content\/uploads\/2023\/10\/pdf-150x150.png 150w, https:\/\/www.backvita.com\/wp-content\/uploads\/2023\/10\/pdf-100x100.png 100w, https:\/\/www.backvita.com\/wp-content\/uploads\/2023\/10\/pdf.png 512w\" sizes=\"(max-width: 75px) 100vw, 75px\" \/><\/a><a class=\"aaa\" style=\"cursor: pointer; color: #ff6600;\">Anfrage[ TDS,COA, MSDS,MOA... ]<\/a><script src=\"https:\/\/cdn.staticfile.org\/jquery\/1.7\/jquery.min.js\"><\/script><script>$('.aaa').click(function(){\n\u00a0 \u00a0 \u00a0 \u00a0 $(\".wc-tabs li\").removeClass('active')\n\u00a0 \u00a0 \u00a0 \u00a0 $(\".wc-tabs li\").eq(0).addClass('active')\nvar o = $(\".wc-tabs li\").eq(0).closest(\".wc-tabs-wrapper, .woocommerce-tabs\");\no.find(\".wc-tab, .panel:not(.panel .panel)\").hide(),\n o.find(\"#\" + $(\".wc-tabs li a\").attr(\"href\").split(\"#\")[1]).show()\n\u00a0 \u00a0 \u00a0 \u00a0 window.location.href=\"#Contact Us\"\n\u00a0 \u00a0})<\/script><\/strong><\/span><\/p>","protected":false},"featured_media":2880,"template":"","meta":{"_seopress_robots_primary_cat":"none","_seopress_titles_title":"Bilberry Extract Anthocyanins suppliers Bilberry Extract Anthocyanins manufacturers Bilberry Extract Anthocyanins factory free sample","_seopress_titles_desc":"Bilberry Extract Anthocyanins are a protective substance for plants against external adversities and are also important nutrients in human diet. Anthocyanins have powerful antioxidant properties that can scavenge free radicals, reduce oxidative stress and inflammatory reactions, and help maintain physical health and slow down aging.","_seopress_robots_index":""},"product_cat":[32,48],"product_tag":[1147,1171,1170,1166,1167,1165,1164,1160,1161,1148,1168,1172,1173,1169,1174,1162,1163,1159,1151,1145,1146,1158,1156,1149,1152,1157,1153,1155,1154,1150],"featured_image_urls":{"full":["https:\/\/www.backvita.com\/wp-content\/uploads\/2023\/10\/Bilberry-Extract-1.webp",459,421,false],"thumbnail":["https:\/\/www.backvita.com\/wp-content\/uploads\/2023\/10\/Bilberry-Extract-1-150x150.webp",150,150,true],"medium":["https:\/\/www.backvita.com\/wp-content\/uploads\/2023\/10\/Bilberry-Extract-1-300x275.webp",300,275,true],"medium_large":["https:\/\/www.backvita.com\/wp-content\/uploads\/2023\/10\/Bilberry-Extract-1.webp",459,421,false],"large":["https:\/\/www.backvita.com\/wp-content\/uploads\/2023\/10\/Bilberry-Extract-1.webp",459,421,false],"1536x1536":["https:\/\/www.backvita.com\/wp-content\/uploads\/2023\/10\/Bilberry-Extract-1.webp",459,421,false],"2048x2048":["https:\/\/www.backvita.com\/wp-content\/uploads\/2023\/10\/Bilberry-Extract-1.webp",459,421,false],"trp-custom-language-flag":["https:\/\/www.backvita.com\/wp-content\/uploads\/2023\/10\/Bilberry-Extract-1.webp",13,12,false],"woocommerce_thumbnail":["https:\/\/www.backvita.com\/wp-content\/uploads\/2023\/10\/Bilberry-Extract-1-300x300.webp",300,300,true],"woocommerce_single":["https:\/\/www.backvita.com\/wp-content\/uploads\/2023\/10\/Bilberry-Extract-1.webp",459,421,false],"woocommerce_gallery_thumbnail":["https:\/\/www.backvita.com\/wp-content\/uploads\/2023\/10\/Bilberry-Extract-1-100x100.webp",100,100,true]},"post_excerpt_stackable":"<p><span style=\"color: #000000;\">Bilberry Extract Anthocyanins are a protective substance for plants against external adversities and are also important nutrients in human diet. Anthocyanins have powerful antioxidant properties that can scavenge free radicals, reduce oxidative stress and inflammatory reactions, and help maintain physical health and slow down aging.<\/span><\/p>\n<p><strong><a class=\"aaa\" style=\"cursor: pointer;\"><img decoding=\"async\" loading=\"lazy\" class=\"alignnone wp-image-2660\" title=\"Iquire \" src=\"https:\/\/www.backvita.com\/wp-content\/uploads\/2023\/10\/inquire-300x300.png\" alt=\"Iquire \" width=\"75\" height=\"75\" srcset=\"https:\/\/www.backvita.com\/wp-content\/uploads\/2023\/10\/inquire-300x300.png 300w, https:\/\/www.backvita.com\/wp-content\/uploads\/2023\/10\/inquire-150x150.png 150w, https:\/\/www.backvita.com\/wp-content\/uploads\/2023\/10\/inquire-100x100.png 100w, https:\/\/www.backvita.com\/wp-content\/uploads\/2023\/10\/inquire.png 512w\" sizes=\"(max-width: 75px) 100vw, 75px\" \/><\/a><\/strong><strong><a class=\"aaa\" style=\"cursor: pointer;\">\u00a0<span style=\"color: #ff6600;\">Send an Inquiry<\/span><\/a><span style=\"color: #ff6600;\"><script src=\"https:\/\/cdn.staticfile.org\/jquery\/1.7\/jquery.min.js\"><\/script><script>$('.aaa').click(function(){\n\u00a0 \u00a0 \u00a0 \u00a0 $(\".wc-tabs li\").removeClass('active')\n\u00a0 \u00a0 \u00a0 \u00a0 $(\".wc-tabs li\").eq(0).addClass('active')\nvar o = $(\".wc-tabs li\").eq(0).closest(\".wc-tabs-wrapper, .woocommerce-tabs\");\no.find(\".wc-tab, .panel:not(.panel .panel)\").hide(),\n o.find(\"#\" + $(\".wc-tabs li a\").attr(\"href\").split(\"#\")[1]).show()\n\u00a0 \u00a0 \u00a0 \u00a0 window.location.href=\"#Contact Us\"\n\u00a0 \u00a0})<\/script><\/span><\/strong><\/p>\n<p><span style=\"color: #ff6600;\"><strong><a style=\"color: #ff6600;\" href=\"#Contact Us\"><img decoding=\"async\" loading=\"lazy\" class=\"alignnone wp-image-2661\" title=\"PDF\" src=\"https:\/\/www.backvita.com\/wp-content\/uploads\/2023\/10\/pdf-300x300.png\" alt=\"PDF\" width=\"75\" height=\"75\" srcset=\"https:\/\/www.backvita.com\/wp-content\/uploads\/2023\/10\/pdf-300x300.png 300w, https:\/\/www.backvita.com\/wp-content\/uploads\/2023\/10\/pdf-150x150.png 150w, https:\/\/www.backvita.com\/wp-content\/uploads\/2023\/10\/pdf-100x100.png 100w, https:\/\/www.backvita.com\/wp-content\/uploads\/2023\/10\/pdf.png 512w\" sizes=\"(max-width: 75px) 100vw, 75px\" \/><\/a><a class=\"aaa\" style=\"cursor: pointer; color: #ff6600;\">Request[ TDS,COA, MSDS,MOA&#8230; ]<\/a><script src=\"https:\/\/cdn.staticfile.org\/jquery\/1.7\/jquery.min.js\"><\/script><script>$('.aaa').click(function(){\n\u00a0 \u00a0 \u00a0 \u00a0 $(\".wc-tabs li\").removeClass('active')\n\u00a0 \u00a0 \u00a0 \u00a0 $(\".wc-tabs li\").eq(0).addClass('active')\nvar o = $(\".wc-tabs li\").eq(0).closest(\".wc-tabs-wrapper, .woocommerce-tabs\");\no.find(\".wc-tab, .panel:not(.panel .panel)\").hide(),\n o.find(\"#\" + $(\".wc-tabs li a\").attr(\"href\").split(\"#\")[1]).show()\n\u00a0 \u00a0 \u00a0 \u00a0 window.location.href=\"#Contact Us\"\n\u00a0 \u00a0})<\/script><\/strong><\/span><\/p>\n","category_list":"","author_info":{"name":"","url":""},"comments_num":"0 comments","_links":{"self":[{"href":"https:\/\/www.backvita.com\/de\/wp-json\/wp\/v2\/product\/7479"}],"collection":[{"href":"https:\/\/www.backvita.com\/de\/wp-json\/wp\/v2\/product"}],"about":[{"href":"https:\/\/www.backvita.com\/de\/wp-json\/wp\/v2\/types\/product"}],"wp:featuredmedia":[{"embeddable":true,"href":"https:\/\/www.backvita.com\/de\/wp-json\/wp\/v2\/media\/2880"}],"wp:attachment":[{"href":"https:\/\/www.backvita.com\/de\/wp-json\/wp\/v2\/media?parent=7479"}],"wp:term":[{"taxonomy":"product_cat","embeddable":true,"href":"https:\/\/www.backvita.com\/de\/wp-json\/wp\/v2\/product_cat?post=7479"},{"taxonomy":"product_tag","embeddable":true,"href":"https:\/\/www.backvita.com\/de\/wp-json\/wp\/v2\/product_tag?post=7479"}],"curies":[{"name":"wp","href":"https:\/\/api.w.org\/{rel}","templated":true}]}}