{"id":7647,"date":"2024-07-31T09:12:56","date_gmt":"2024-07-31T01:12:56","guid":{"rendered":"https:\/\/www.backvita.com\/?post_type=product&#038;p=7647"},"modified":"2024-07-31T09:14:44","modified_gmt":"2024-07-31T01:14:44","slug":"mulberry-leaf-extract-chlorophyll-suppliers-mulberry-leaf-extract-chlorophyll-manufacturers-mulberry-leaf-extract-chlorophyll-factory-free-sample","status":"publish","type":"product","link":"https:\/\/www.backvita.com\/de\/product\/maulbeerblatt-extrakt-chlorophyll-lieferanten-maulbeerblatt-extrakt-chlorophyll-hersteller-maulbeerblatt-extrakt-chlorophyll-fabrik-kostenlose-probe\/","title":{"rendered":"Mulberry Leaf Extract Chlorophyll Lieferanten Mulberry Leaf Extract Chlorophyll Hersteller Mulberry Leaf Extract Chlorophyll Fabrik kostenlose Probe"},"content":{"rendered":"<h2>Maulbeerblatt-Extrakt Chlorophyll<\/h2>\n<p>Chlorophyll ist ein Stoff, der in gr\u00fcnen Pflanzen vorkommt. Es ist reich an einer Vielzahl von nat\u00fcrlichen Mineralien, Antioxidantien, Vitaminen, Proteinen und anderen f\u00fcr den K\u00f6rper wichtigen N\u00e4hrstoffen.<br \/>\nStrukturell \u00e4hnlich wie H\u00e4moglobin (Heme) regt Chlorophyll H\u00e4moglobin den Aufbau des Proteins Globin an, das ein Bestandteil der roten Blutk\u00f6rperchen ist.<br \/>\nAls Radikalf\u00e4nger wirkt es indirekt auf Mutagene oder aktive Gruppen, die durch Mutagene verursachte Ver\u00e4nderungen verhindern.<\/p>\n<table style=\"height: 239px;\" width=\"1307\">\n<tbody>\n<tr>\n<td width=\"219\"><strong>Produktname<\/strong><\/td>\n<td width=\"466\">Maulbeerblatt-Extrakt Chlorophyll<\/td>\n<\/tr>\n<tr>\n<td><strong>CAS-Nr.<\/strong><\/td>\n<td>11006-34-1<\/td>\n<\/tr>\n<tr>\n<td><strong>Lateinischer Name<\/strong><\/td>\n<td>Folium Mori<\/td>\n<\/tr>\n<tr>\n<td><strong>Erscheinungsbild<\/strong><\/td>\n<td>gr\u00fcnes Pulver<\/td>\n<\/tr>\n<tr>\n<td><strong>Spezifikationen<\/strong><\/td>\n<td>95%<\/td>\n<\/tr>\n<tr>\n<td><strong>Pakete<\/strong><\/td>\n<td>1kg\/Sack, 25kg\/Fass<\/td>\n<\/tr>\n<tr>\n<td><strong>Lagerung<\/strong><\/td>\n<td>Feuchtigkeitsschutz und lichtgesch\u00fctzte, geschlossene Lagerung vermeiden.<\/td>\n<\/tr>\n<tr>\n<td><strong>Pr\u00fcfverfahren<\/strong><\/td>\n<td>HPLC\/ELSD<\/td>\n<\/tr>\n<\/tbody>\n<\/table>\n<section><\/section>\n<section><\/section>\n<section><\/section>\n<section><\/section>\n<section><\/section>\n<section><\/section>\n<section><\/section>\n<section><\/section>\n<section><\/section>\n<section><\/section>\n<section><\/section>\n<section>\n<section>\n<h2>Maulbeerblatt-Extrakt Chlorophyll Vorteile<\/h2>\n<h3><strong>Gr\u00fcnes Blut<\/strong><\/h3>\n<p>Chlorophyll ist als \"gr\u00fcnes Blut\" bekannt und kann die Qualit\u00e4t und Quantit\u00e4t der roten Blutk\u00f6rperchen im menschlichen K\u00f6rper erh\u00f6hen.<br \/>\nDer Grund daf\u00fcr ist, dass die Molekularstruktur des Chlorophylls der des H\u00e4ms im menschlichen K\u00f6rper \u00e4hnelt. Der einzige Unterschied ist das Atom in der Mitte. Das Chlorophyll hat ein Magnesium-Ion und das H\u00e4m ein Eisen-Ion. Die Bildung der bikonkaven, scheibenf\u00f6rmigen roten Blutk\u00f6rperchen, die Sauerstoff transportieren, erfordert die Beteiligung von H\u00e4m. Durch den Verzehr von Lebensmitteln, die reich an Chlorophyll und Eisen sind, wird das \"Magnesium\" im Zentrum des Chlorophyll-Atoms durch \"Eisen\" ersetzt, so dass Chlorophyll im K\u00f6rper leichter in H\u00e4moglobin umgewandelt werden kann als andere N\u00e4hrstoffe und gleichzeitig die Sauerstoffaufnahmekapazit\u00e4t erh\u00f6ht wird.<\/p>\n<\/section>\n<h3><strong>Interner Aasfresser<\/strong><\/h3>\n<p>Chlorophyll kann toxische Schwermetalle wie Quecksilber binden und aus dem K\u00f6rper ausscheiden, den K\u00f6rper bei der Bek\u00e4mpfung von Bakterien unterst\u00fctzen und die Bildung neuer Bakterien hemmen. In der Literatur wird auch erw\u00e4hnt, dass Chlorophyll dem Darm helfen kann, die Funktion des Verdauungstrakts aufrechtzuerhalten, die bakterielle \u00d6kologie zu ver\u00e4ndern und den Stuhlgang zu erleichtern.<\/p>\n<p>Die heimische medizinische Forschung zeigt, dass Chlorophyll im K\u00f6rper angesammelte Giftstoffe wie Konservierungs-, Zusatz- und Aromastoffe, die in verschiedenen Junkfoods enthalten sind, neutralisieren, Giftstoffe aus Pestiziden und Medikamentenr\u00fcckst\u00e4nden entfernen und sich mit radioaktiven Stoffen verbinden kann, um das Blut zu reinigen und aus dem K\u00f6rper ausgeschieden zu werden.<\/p>\n<h3><strong>Assistentin f\u00fcr Krebsvorsorge<\/strong><\/h3>\n<p>Chlorophyll kann krebserregende Molek\u00fcle binden, z. B. polyzyklische aromatische Kohlenwasserstoffe, die bei der unvollst\u00e4ndigen Verbrennung von Farbstoffen entstehen, heterozyklische Amine, die in gegrillten Lebensmitteln enthalten sind, und Aflatoxine, die in verschimmelten Lebensmitteln entstehen. Chlorophyll kann sich mit diesen krebserregenden Stoffen zu Substanzen verbinden, die vom menschlichen K\u00f6rper nur schwer aufgenommen werden k\u00f6nnen und mit dem Kot ausgeschieden werden, so dass es eine gewisse pr\u00e4ventive Rolle bei Krebs spielen kann.<\/p>\n<p>&nbsp;<\/p>\n<\/section>\n<h2><span style=\"color: #ff9c00;\">Unser Rest-Easy-Service mit Mehrwert<\/span><\/h2>\n<p><em><strong><span style=\"color: #ff9c00;\">&gt;&gt;&gt;\u00a0 <\/span><\/strong><\/em><strong>Backvita verf\u00fcgt \u00fcber professionelle Techniker, die technische Support-Dokumente wie: Normen, Specs, COA, MOA,\u00a0<\/strong><strong>MSDS,<\/strong><strong>Flussdiagramm, Erkl\u00e4rungen, Chromatogramme, N\u00e4hrwertangaben, Stabilit\u00e4tspr\u00fcfung, usw.<\/strong><\/p>\n<p><strong><span style=\"color: #ff9c00;\">&gt;&gt;&gt; \u00a0<\/span>Wir versprechen Ihnen, Ihnen einzigartige Dienstleistungen anzubieten, damit Sie sich beim Kauf und Verkauf von Produkten keine Sorgen machen m\u00fcssen.<\/strong><\/p>\n<p><strong><span style=\"color: #ff9c00;\">&gt;&gt;&gt;<\/span>\u00a0 Unser globales E-Commerce-Datenanalystenteam verf\u00fcgt \u00fcber 10 Jahre Erfahrung in der Pflanzenextraktbranche. Es stellt Ihnen Datenberichte \u00fcber die L\u00e4nder zur Verf\u00fcgung, in denen Ihre Produkte verkauft werden, damit Sie fundierte Entscheidungen treffen k\u00f6nnen. Diese Datenberichte enthalten Verkaufsvolumen, Vertriebskan\u00e4le, Wettbewerbsanalysen und andere Informationen, die Ihnen helfen, die Marktnachfrage und -trends besser zu verstehen und so Ihre Beschaffungs- und Verkaufsstrategien zu optimieren.<\/strong><\/p>\n<p><strong><span style=\"color: #ff9c00;\">&gt;&gt;&gt;\u00a0<\/span> Zus\u00e4tzlich zu den Datenberichten stellen wir Ihnen regelm\u00e4\u00dfig Informationen \u00fcber marktrelevante Produkte und neue Produkte zur Verf\u00fcgung. Diese Informationen helfen Ihnen, sich \u00fcber potenzielle Chancen und Trends auf dem Markt auf dem Laufenden zu halten und Anpassungen und Entscheidungen auf der Grundlage der Marktanforderungen zu treffen.<\/strong><\/p>\n<p><strong><span style=\"color: #ff9c00;\">&gt;&gt;&gt;<\/span>\u00a0 Wenn Sie eine eigene, exklusive Marke haben, stellen wir Ihnen auch Werbematerialien und Plakate zur Verf\u00fcgung, mit denen Sie Ihr Markenimage und Ihren Bekanntheitsgrad steigern k\u00f6nnen. Unser Designteam entwirft exklusive Werbematerialien f\u00fcr Ihre Marke nach Ihren Bed\u00fcrfnissen und Anforderungen. Alle diese Mehrwertdienste werden den Kunden unserer Partner kostenlos zur Verf\u00fcgung gestellt.<\/strong><\/p>\n<p><strong><span style=\"color: #ff9c00;\">&gt;&gt;&gt;<\/span>\u00a0 Unser Ziel ist es, die Kunden in den Mittelpunkt zu stellen, Ihnen w\u00e4hrend des gesamten Prozesses einen sorgenfreien Service zu bieten und Ihnen zu mehr Leistung und Erfolg zu verhelfen.<\/strong><\/p>\n<p><strong><span style=\"color: #ff9c00;\">&gt;&gt;&gt;<\/span>\u00a0 Wenn Sie Fragen oder spezielle W\u00fcnsche zu unseren Mehrwertdiensten haben, k\u00f6nnen Sie sich gerne an uns wenden. Wir werden unser Bestes tun, um Ihnen zu helfen und Ihre Zufriedenheit zu gew\u00e4hrleisten. Nochmals vielen Dank f\u00fcr Ihre Unterst\u00fctzung und Aufmerksamkeit und wir freuen uns auf eine langfristige Zusammenarbeit mit Ihnen.<\/strong><\/p>\n<p>&nbsp;<\/p>\n<h2>Kontakt<a name=\"Contact Us\"><\/a><\/h2>\n\n<div class=\"wpcf7 no-js\" id=\"wpcf7-f690-o1\" lang=\"zh-CN\" dir=\"ltr\">\n<div class=\"screen-reader-response\"><p role=\"status\" aria-live=\"polite\" aria-atomic=\"true\"><\/p> <ul><\/ul><\/div>\n<form action=\"\/de\/wp-json\/wp\/v2\/product\/7647#wpcf7-f690-o1\" method=\"post\" class=\"wpcf7-form init\" aria-label=\"Contact form\" novalidate=\"novalidate\" data-status=\"init\" data-trp-original-action=\"\/de\/wp-json\/wp\/v2\/product\/7647#wpcf7-f690-o1\">\n<div style=\"display: none;\">\n<input type=\"hidden\" name=\"_wpcf7\" value=\"690\" \/>\n<input type=\"hidden\" name=\"_wpcf7_version\" value=\"5.8\" \/>\n<input type=\"hidden\" name=\"_wpcf7_locale\" value=\"zh_CN\" \/>\n<input type=\"hidden\" name=\"_wpcf7_unit_tag\" value=\"wpcf7-f690-o1\" \/>\n<input type=\"hidden\" name=\"_wpcf7_container_post\" value=\"0\" \/>\n<input type=\"hidden\" name=\"_wpcf7_posted_data_hash\" value=\"\" \/>\n<\/div>\n<p><label> *Name * Firmenname<br \/>\n<span class=\"wpcf7-form-control-wrap\" data-name=\"your-name\"><input size=\"40\" class=\"wpcf7-form-control wpcf7-text wpcf7-validates-as-required\" autocomplete=\"name\" aria-required=\"true\" aria-invalid=\"false\" value=\"\" type=\"text\" name=\"your-name\" \/><\/span> <\/label>\n<\/p>\n<p><label> *E-Mail<br \/>\n<span class=\"wpcf7-form-control-wrap\" data-name=\"your-email\"><input size=\"40\" class=\"wpcf7-form-control wpcf7-email wpcf7-validates-as-required wpcf7-text wpcf7-validates-as-email\" autocomplete=\"email\" aria-required=\"true\" aria-invalid=\"false\" value=\"\" type=\"email\" name=\"your-email\" \/><\/span> <\/label>\n<\/p>\n<p><label> *Telefonnummer<br \/>\n<span class=\"wpcf7-form-control-wrap\" data-name=\"your-subject\"><input size=\"40\" class=\"wpcf7-form-control wpcf7-text wpcf7-validates-as-required\" aria-required=\"true\" aria-invalid=\"false\" value=\"\" type=\"text\" name=\"your-subject\" \/><\/span> <\/label>\n<\/p>\n<p><label> *Meldung<br \/>\n<span class=\"wpcf7-form-control-wrap\" data-name=\"your-message\"><textarea cols=\"40\" rows=\"10\" class=\"wpcf7-form-control wpcf7-textarea\" aria-invalid=\"false\" name=\"your-message\"><\/textarea><\/span> <\/label>\n<\/p>\n<p><input class=\"wpcf7-form-control wpcf7-submit has-spinner\" type=\"submit\" value=\"Einreichen\" \/>\n<\/p><div class=\"wpcf7-response-output\" aria-hidden=\"true\"><\/div>\n<input type=\"hidden\" name=\"trp-form-language\" value=\"de\"\/><\/form>\n<\/div>","protected":false},"excerpt":{"rendered":"<p><span style=\"color: #000000;\">Maulbeerblattextrakt Chlorophyll ist ein Stoff, der in gr\u00fcnen Pflanzen vorkommt. Es ist reich an einer Vielzahl von nat\u00fcrlichen Mineralien, Antioxidantien, Vitaminen, Proteinen und anderen wichtigen N\u00e4hrstoffen f\u00fcr den K\u00f6rper.<\/span><br \/>\n<span style=\"color: #000000;\">Strukturell dem H\u00e4moglobin (Heme) \u00e4hnlich, regt Chlorophyll H\u00e4moglobin den Aufbau des Proteins Globin an, das ein Bestandteil der roten Blutk\u00f6rperchen ist, und wirkt als Radikalf\u00e4nger indirekt auf Mutagene oder aktive Gruppen, die durch Mutagene verursachte Ver\u00e4nderungen verhindern.<\/span><\/p>\n<p><span style=\"color: #ff6600;\"><a class=\"aaa\" style=\"cursor: pointer; color: #ff6600;\"><img decoding=\"async\" loading=\"lazy\" class=\"alignnone wp-image-2660\" title=\"Erkundigen Sie sich bei\" src=\"https:\/\/www.backvita.com\/wp-content\/uploads\/2023\/10\/inquire-300x300.png\" alt=\"Erkundigen Sie sich bei\" width=\"75\" height=\"75\" srcset=\"https:\/\/www.backvita.com\/wp-content\/uploads\/2023\/10\/inquire-300x300.png 300w, https:\/\/www.backvita.com\/wp-content\/uploads\/2023\/10\/inquire-150x150.png 150w, https:\/\/www.backvita.com\/wp-content\/uploads\/2023\/10\/inquire-100x100.png 100w, https:\/\/www.backvita.com\/wp-content\/uploads\/2023\/10\/inquire.png 512w\" sizes=\"(max-width: 75px) 100vw, 75px\" \/> <strong>Anfrage senden<\/strong><\/a><strong><script src=\"https:\/\/cdn.staticfile.org\/jquery\/1.7\/jquery.min.js\"><\/script><script>$('.aaa').click(function(){\n\u00a0 \u00a0 \u00a0 \u00a0 $(\".wc-tabs li\").removeClass('active')\n\u00a0 \u00a0 \u00a0 \u00a0 $(\".wc-tabs li\").eq(0).addClass('active')\nvar o = $(\".wc-tabs li\").eq(0).closest(\".wc-tabs-wrapper, .woocommerce-tabs\");\no.find(\".wc-tab, .panel:not(.panel .panel)\").hide(),\n o.find(\"#\" + $(\".wc-tabs li a\").attr(\"href\").split(\"#\")[1]).show()\n\u00a0 \u00a0 \u00a0 \u00a0 window.location.href=\"#Contact Us\"\n\u00a0 \u00a0})<\/script><\/strong><\/span><\/p>\n<p><strong><span style=\"color: #ff6600;\"><a style=\"color: #ff6600;\" href=\"#Contact Us\"><img decoding=\"async\" loading=\"lazy\" class=\"alignnone wp-image-2661\" title=\"PDF\" src=\"https:\/\/www.backvita.com\/wp-content\/uploads\/2023\/10\/pdf-300x300.png\" alt=\"PDF\" width=\"75\" height=\"75\" srcset=\"https:\/\/www.backvita.com\/wp-content\/uploads\/2023\/10\/pdf-300x300.png 300w, https:\/\/www.backvita.com\/wp-content\/uploads\/2023\/10\/pdf-150x150.png 150w, https:\/\/www.backvita.com\/wp-content\/uploads\/2023\/10\/pdf-100x100.png 100w, https:\/\/www.backvita.com\/wp-content\/uploads\/2023\/10\/pdf.png 512w\" sizes=\"(max-width: 75px) 100vw, 75px\" \/><\/a><a class=\"aaa\" style=\"cursor: pointer; color: #ff6600;\">Anfrage[ TDS,COA, MSDS,MOA... ]<\/a><script src=\"https:\/\/cdn.staticfile.org\/jquery\/1.7\/jquery.min.js\"><\/script><script>$('.aaa').click(function(){\n\u00a0 \u00a0 \u00a0 \u00a0 $(\".wc-tabs li\").removeClass('active')\n\u00a0 \u00a0 \u00a0 \u00a0 $(\".wc-tabs li\").eq(0).addClass('active')\nvar o = $(\".wc-tabs li\").eq(0).closest(\".wc-tabs-wrapper, .woocommerce-tabs\");\no.find(\".wc-tab, .panel:not(.panel .panel)\").hide(),\n o.find(\"#\" + $(\".wc-tabs li a\").attr(\"href\").split(\"#\")[1]).show()\n\u00a0 \u00a0 \u00a0 \u00a0 window.location.href=\"#Contact Us\"\n\u00a0 \u00a0})<\/script><\/span><\/strong><\/p>","protected":false},"featured_media":2758,"template":"","meta":{"_seopress_robots_primary_cat":"none","_seopress_titles_title":"Mulberry Leaf Extract Chlorophyll suppliers Mulberry Leaf Extract Chlorophyll manufacturers Mulberry Leaf Extract Chlorophyll factory free sample","_seopress_titles_desc":"Mulberry Leaf Extract Chlorophyll is a substance found in green plants. It is rich in a variety of natural minerals, antioxidants, vitamins, proteins and other essential nutrients for the body.\r\nStructurally similar to hemoglobin (Heme) chlorophyll Hemoglobin stimulates the construction of the protein globin which is a component of red blood cells.As a free radical scavenger, it acts indirectly on mutagens or active groups that prevent changes caused by mutagens.","_seopress_robots_index":""},"product_cat":[32,49],"product_tag":[1228,1219,1227,1225,1217,1215,1240,1239,1235,1236,1234,1233,1229,1230,1216,1237,1241,1242,1238,1243,1231,1232,1220,1226,1221,1222,1213,1214,1224,1223,1218],"featured_image_urls":{"full":["https:\/\/www.backvita.com\/wp-content\/uploads\/2023\/10\/Mulberry-Leaf-Extract-Chlorophyll.webp",448,417,false],"thumbnail":["https:\/\/www.backvita.com\/wp-content\/uploads\/2023\/10\/Mulberry-Leaf-Extract-Chlorophyll-150x150.webp",150,150,true],"medium":["https:\/\/www.backvita.com\/wp-content\/uploads\/2023\/10\/Mulberry-Leaf-Extract-Chlorophyll-300x279.webp",300,279,true],"medium_large":["https:\/\/www.backvita.com\/wp-content\/uploads\/2023\/10\/Mulberry-Leaf-Extract-Chlorophyll.webp",448,417,false],"large":["https:\/\/www.backvita.com\/wp-content\/uploads\/2023\/10\/Mulberry-Leaf-Extract-Chlorophyll.webp",448,417,false],"1536x1536":["https:\/\/www.backvita.com\/wp-content\/uploads\/2023\/10\/Mulberry-Leaf-Extract-Chlorophyll.webp",448,417,false],"2048x2048":["https:\/\/www.backvita.com\/wp-content\/uploads\/2023\/10\/Mulberry-Leaf-Extract-Chlorophyll.webp",448,417,false],"trp-custom-language-flag":["https:\/\/www.backvita.com\/wp-content\/uploads\/2023\/10\/Mulberry-Leaf-Extract-Chlorophyll.webp",13,12,false],"woocommerce_thumbnail":["https:\/\/www.backvita.com\/wp-content\/uploads\/2023\/10\/Mulberry-Leaf-Extract-Chlorophyll-300x300.webp",300,300,true],"woocommerce_single":["https:\/\/www.backvita.com\/wp-content\/uploads\/2023\/10\/Mulberry-Leaf-Extract-Chlorophyll.webp",448,417,false],"woocommerce_gallery_thumbnail":["https:\/\/www.backvita.com\/wp-content\/uploads\/2023\/10\/Mulberry-Leaf-Extract-Chlorophyll-100x100.webp",100,100,true]},"post_excerpt_stackable":"<p><span style=\"color: #000000;\">Mulberry Leaf Extract Chlorophyll is a substance found in green plants. It is rich in a variety of natural minerals, antioxidants, vitamins, proteins and other essential nutrients for the body.<\/span><br \/>\n<span style=\"color: #000000;\">Structurally similar to hemoglobin (Heme) chlorophyll Hemoglobin stimulates the construction of the protein globin which is a component of red blood cells.As a free radical scavenger, it acts indirectly on mutagens or active groups that prevent changes caused by mutagens.<\/span><\/p>\n<p><span style=\"color: #ff6600;\"><a class=\"aaa\" style=\"cursor: pointer; color: #ff6600;\"><img decoding=\"async\" loading=\"lazy\" class=\"alignnone wp-image-2660\" title=\"Iquire\" src=\"https:\/\/www.backvita.com\/wp-content\/uploads\/2023\/10\/inquire-300x300.png\" alt=\"Iquire\" width=\"75\" height=\"75\" srcset=\"https:\/\/www.backvita.com\/wp-content\/uploads\/2023\/10\/inquire-300x300.png 300w, https:\/\/www.backvita.com\/wp-content\/uploads\/2023\/10\/inquire-150x150.png 150w, https:\/\/www.backvita.com\/wp-content\/uploads\/2023\/10\/inquire-100x100.png 100w, https:\/\/www.backvita.com\/wp-content\/uploads\/2023\/10\/inquire.png 512w\" sizes=\"(max-width: 75px) 100vw, 75px\" \/> <strong>Send an Inquiry<\/strong><\/a><strong><script src=\"https:\/\/cdn.staticfile.org\/jquery\/1.7\/jquery.min.js\"><\/script><script>$('.aaa').click(function(){\n\u00a0 \u00a0 \u00a0 \u00a0 $(\".wc-tabs li\").removeClass('active')\n\u00a0 \u00a0 \u00a0 \u00a0 $(\".wc-tabs li\").eq(0).addClass('active')\nvar o = $(\".wc-tabs li\").eq(0).closest(\".wc-tabs-wrapper, .woocommerce-tabs\");\no.find(\".wc-tab, .panel:not(.panel .panel)\").hide(),\n o.find(\"#\" + $(\".wc-tabs li a\").attr(\"href\").split(\"#\")[1]).show()\n\u00a0 \u00a0 \u00a0 \u00a0 window.location.href=\"#Contact Us\"\n\u00a0 \u00a0})<\/script><\/strong><\/span><\/p>\n<p><strong><span style=\"color: #ff6600;\"><a style=\"color: #ff6600;\" href=\"#Contact Us\"><img decoding=\"async\" loading=\"lazy\" class=\"alignnone wp-image-2661\" title=\"PDF\" src=\"https:\/\/www.backvita.com\/wp-content\/uploads\/2023\/10\/pdf-300x300.png\" alt=\"PDF\" width=\"75\" height=\"75\" srcset=\"https:\/\/www.backvita.com\/wp-content\/uploads\/2023\/10\/pdf-300x300.png 300w, https:\/\/www.backvita.com\/wp-content\/uploads\/2023\/10\/pdf-150x150.png 150w, https:\/\/www.backvita.com\/wp-content\/uploads\/2023\/10\/pdf-100x100.png 100w, https:\/\/www.backvita.com\/wp-content\/uploads\/2023\/10\/pdf.png 512w\" sizes=\"(max-width: 75px) 100vw, 75px\" \/><\/a><a class=\"aaa\" style=\"cursor: pointer; color: #ff6600;\">Request[ TDS,COA, MSDS,MOA&#8230; ]<\/a><script src=\"https:\/\/cdn.staticfile.org\/jquery\/1.7\/jquery.min.js\"><\/script><script>$('.aaa').click(function(){\n\u00a0 \u00a0 \u00a0 \u00a0 $(\".wc-tabs li\").removeClass('active')\n\u00a0 \u00a0 \u00a0 \u00a0 $(\".wc-tabs li\").eq(0).addClass('active')\nvar o = $(\".wc-tabs li\").eq(0).closest(\".wc-tabs-wrapper, .woocommerce-tabs\");\no.find(\".wc-tab, .panel:not(.panel .panel)\").hide(),\n o.find(\"#\" + $(\".wc-tabs li a\").attr(\"href\").split(\"#\")[1]).show()\n\u00a0 \u00a0 \u00a0 \u00a0 window.location.href=\"#Contact Us\"\n\u00a0 \u00a0})<\/script><\/span><\/strong><\/p>\n","category_list":"","author_info":{"name":"","url":""},"comments_num":"0 comments","_links":{"self":[{"href":"https:\/\/www.backvita.com\/de\/wp-json\/wp\/v2\/product\/7647"}],"collection":[{"href":"https:\/\/www.backvita.com\/de\/wp-json\/wp\/v2\/product"}],"about":[{"href":"https:\/\/www.backvita.com\/de\/wp-json\/wp\/v2\/types\/product"}],"wp:featuredmedia":[{"embeddable":true,"href":"https:\/\/www.backvita.com\/de\/wp-json\/wp\/v2\/media\/2758"}],"wp:attachment":[{"href":"https:\/\/www.backvita.com\/de\/wp-json\/wp\/v2\/media?parent=7647"}],"wp:term":[{"taxonomy":"product_cat","embeddable":true,"href":"https:\/\/www.backvita.com\/de\/wp-json\/wp\/v2\/product_cat?post=7647"},{"taxonomy":"product_tag","embeddable":true,"href":"https:\/\/www.backvita.com\/de\/wp-json\/wp\/v2\/product_tag?post=7647"}],"curies":[{"name":"wp","href":"https:\/\/api.w.org\/{rel}","templated":true}]}}