{"id":7662,"date":"2024-08-01T09:17:25","date_gmt":"2024-08-01T01:17:25","guid":{"rendered":"https:\/\/www.backvita.com\/?post_type=product&#038;p=7662"},"modified":"2024-08-01T09:31:07","modified_gmt":"2024-08-01T01:31:07","slug":"ginkgo-extract-flavones-suppliers-ginkgo-extract-flavones-manufacturers-ginkgo-extract-flavones-factory-free-sample","status":"publish","type":"product","link":"https:\/\/www.backvita.com\/de\/product\/ginkgo-extrakt-flavone-lieferanten-ginkgo-extrakt-flavone-hersteller-ginkgo-extrakt-flavone-fabrik-kostenlose-probe\/","title":{"rendered":"Ginkgo-Extrakt Flavone Lieferanten Ginkgo-Extrakt Flavone Hersteller Ginkgo-Extrakt Flavone Fabrik kostenlose Probe"},"content":{"rendered":"<div class=\"fl-col-group fl-node-635a3ea6aefc1\" data-node=\"635a3ea6aefc1\">\n<div class=\"fl-col fl-node-635a3ea6af002\" data-node=\"635a3ea6af002\">\n<div class=\"fl-col-content fl-node-content\">\n<div class=\"fl-module fl-module-heading fl-node-635b347cefe3f\" data-node=\"635b347cefe3f\" data-animation-delay=\"0.0\">\n<div class=\"fl-module-content fl-node-content\">\n<h2 class=\"fl-heading\">Ginkgo-Extrakt Flavone I<b>ntroduction<\/b><\/h2>\n<\/div>\n<\/div>\n<\/div>\n<\/div>\n<\/div>\n<div class=\"fl-col-group fl-node-635a3ea6af080\" data-node=\"635a3ea6af080\">\n<div class=\"fl-col fl-node-635a3ea6af0bf\" data-node=\"635a3ea6af0bf\">\n<div class=\"fl-col-content fl-node-content\">\n<div class=\"fl-module fl-module-rich-text fl-node-6360d185f20e3\" data-node=\"6360d185f20e3\" data-animation-delay=\"0.0\">\n<div class=\"fl-module-content fl-node-content\">\n<div class=\"fl-rich-text\">\n<p>Ginkgo Biloba Extract, auch EGB 761 genannt, ist ein Standardextrakt aus Ginkgo Biloba Bl\u00e4ttern. Er enth\u00e4lt 24% Flavonglykoside (haupts\u00e4chlich Quercetin, Kaempferol und Isorhamnetin) und 6% Terpenlactone (2,8-3,4% Ginkgolide A, B und C und 2,6-3,2% Bilobalid).<\/p>\n<p>Die Hauptbestandteile des Ginkgo sind Flavonoide und Terpenlactone (Bindegewebe). Die Ginkgo-Flavonoide wirken gef\u00e4\u00dferweiternd, hemmen pl\u00e4ttchenaktivierende Faktoren und regulieren die Blutfette. Sie k\u00f6nnen zur Regulierung von Herz-Kreislauf- und zerebrovaskul\u00e4ren Erkrankungen, vaskul\u00e4rer Demenz usw. eingesetzt werden.<\/p>\n<\/div>\n<p>Der wichtigste funktionelle Bestandteil von Ginkgo biloba sind die Ginkgoflavonoide. Ginkgo-Flavonoide, auch bekannt als Ginkgo-Biflavonoide und Ginkgo-Biflavonoide, sind nicht eine einzige Substanz, sondern eine Vielzahl von Biflavonoiden mit \u00e4hnlichen Strukturen.<\/p>\n<p>Aus Forschungsberichten geht hervor, dass Flavonoide eine antioxidative Wirkung haben und den K\u00f6rper vor Sch\u00e4den durch freie Radikale und instabile Molek\u00fcle sch\u00fctzen. Freie Radikale und instabile Molek\u00fcle k\u00f6nnen K\u00f6rpergewebe und gesunde Zellen sch\u00e4digen und den Menschen anf\u00e4llig f\u00fcr Krankheiten machen. Die Ursachen f\u00fcr freie Radikale k\u00f6nnen genetische Mutationen, Krankheiten, Alterung oder Umweltverschmutzung usw. sein. Antioxidantien k\u00f6nnen die Bildung von freien Radikalen verhindern und den K\u00f6rper ges\u00fcnder machen.<\/p>\n<div class=\"fl-rich-text\">\n<table style=\"height: 243px;\" width=\"1332\">\n<tbody>\n<tr>\n<td width=\"219\"><strong>Produktname<\/strong><\/td>\n<td width=\"466\">Ginkgo-Extrakt Flavone<\/td>\n<\/tr>\n<tr>\n<td><strong>CAS-Nr.<\/strong><\/td>\n<td>90045-36-6<\/td>\n<\/tr>\n<tr>\n<td><strong>Lateinischer Name<\/strong><\/td>\n<td>Ginkgo biloba L<\/td>\n<\/tr>\n<tr>\n<td><strong>Erscheinungsbild<\/strong><\/td>\n<td>Braun-gelbes Pulver<\/td>\n<\/tr>\n<tr>\n<td><strong>Spezifikationen<\/strong><\/td>\n<td>Ginkgo-Extrakt Flavone 24\/6<\/td>\n<\/tr>\n<tr>\n<td><strong>Pakete<\/strong><\/td>\n<td>1kg\/Sack, 25kg\/Fass<\/td>\n<\/tr>\n<tr>\n<td><strong>Lagerung<\/strong><\/td>\n<td>Feuchtigkeitsschutz und lichtgesch\u00fctzte, geschlossene Lagerung vermeiden.<\/td>\n<\/tr>\n<tr>\n<td><strong>Pr\u00fcfverfahren<\/strong><\/td>\n<td>HPLC<\/td>\n<\/tr>\n<\/tbody>\n<\/table>\n<h2><\/h2>\n<h2 class=\"fl-heading\">Ginkgo-Extrakt Flavone Haupts\u00e4chlich Spezifikationen<\/h2>\n<p class=\"fl-heading\">Ginkgo-Extrakt Flavone 24\/6<\/p>\n<p>&nbsp;<\/p>\n<h2>Vorteile von Ginkgo-Extrakt Flavone<\/h2>\n<\/div>\n<\/div>\n<\/div>\n<\/div>\n<\/div>\n<\/div>\n<div class=\"fl-col-group fl-node-6360d19d8259a\" data-node=\"6360d19d8259a\">\n<div class=\"fl-col fl-node-6360d19d827bb\" data-node=\"6360d19d827bb\">\n<div class=\"fl-col-content fl-node-content\">\n<div class=\"fl-module fl-module-heading fl-node-6360d1bdd939a\" data-node=\"6360d1bdd939a\" data-animation-delay=\"0.0\">\n<div class=\"fl-module-content fl-node-content\">\n<p class=\"fl-heading\"><span class=\"fl-heading-text\">Ginkgo Biloba-Extrakt hat antioxidative Eigenschaften und wird h\u00e4ufig in Lebensmittelzusatzstoffen, funktionellen Getr\u00e4nken und Kosmetika verwendet.<\/span><\/p>\n<p>&nbsp;<\/p>\n<h3 class=\"fl-heading\"><strong>Hemmung der Thrombozytenaggregation<\/strong><\/h3>\n<p>In vivo verabreichte Ginkgo-Flavonoide hemmen sowohl die ADP- als auch die Kollagen-induzierte Thrombozytenaggregation. Es hemmt auch die kollagenbedingte Verformung der Blutpl\u00e4ttchen, verlangsamt den maximalen Grad der Blutpl\u00e4ttchenaggregation und hemmt die Thrombose.<\/p>\n<h3><strong>Blutfette einstellen<\/strong><\/h3>\n<p>Ginkgo-Flavonoide k\u00f6nnen das High-Density-Lipoprotein (HDL) deutlich erh\u00f6hen, pl\u00e4ttchenaktivierenden Faktoren entgegenwirken, die Blutfette senken, die Mikrozirkulation verbessern und die Blutgerinnung hemmen. Dies hat erhebliche Auswirkungen auf die Pr\u00e4vention und Behandlung von Bluthochdruck.<\/p>\n<h3><strong>Verbesserung der zerebralen Durchblutung und Schutz des Gehirns<\/strong><\/h3>\n<p>GBE kann den zerebrovaskul\u00e4ren Widerstand verringern, die zerebrale Durchblutung verbessern, den zerebralen Blutfluss erh\u00f6hen, die Ern\u00e4hrung des Gehirns verbessern, zur Verbesserung des Ged\u00e4chtnisses und von Hirnfunktionsst\u00f6rungen oder altersbedingten Funktionsst\u00f6rungen des zentralen Nervensystems beitragen und hat eine sch\u00fctzende Wirkung auf das Gehirn und die Blut-Hirn-Schranke.<\/p>\n<h3><strong>Anti-atherosklerotische Wirkung<\/strong><\/h3>\n<p>Ginkgo-Flavonoidglykoside haben eine sch\u00fctzende Wirkung auf die Infektion mit dem humanen Cytomegalovirus (HCMV) und f\u00f6rdern das Auftreten und die Entwicklung von Atherosklerose. Ginkgo-Flavonoidglykoside k\u00f6nnen die abnormale Proliferation von HVMV-infizierten HUVEC304-Zellen und die Verringerung der NO-Sekretion hemmen und haben bestimmte pr\u00e4ventive und therapeutische Wirkungen auf Atherosklerose.<\/p>\n<h3><strong>Blutzucker regulieren<\/strong><\/h3>\n<p>In der Medizin wird Ginkgo-Extrakt verwendet, um Insulin bei Diabetikern zu ersetzen. Dies zeigt, dass Ginkgo die Funktion des Insulins zur Regulierung des Blutzuckers hat. Zahlreiche Glukosetoleranztests haben bewiesen, dass Ginkgo-Extrakt den Blutzucker regulieren und die Insulinresistenz verbessern kann, wodurch der Insulinspiegel gesenkt wird. Antik\u00f6rper und eine verbesserte Insulinempfindlichkeit haben offensichtliche Auswirkungen.<\/p>\n<p>&nbsp;<\/p>\n<\/div>\n<\/div>\n<\/div>\n<\/div>\n<\/div>\n<h2 style=\"text-align: left;\"><strong>Spezifikation (TDS) von Ginkgo-Extrakt Flavone<\/strong><\/h2>\n<table style=\"height: 1842px;\" width=\"1355\">\n<tbody>\n<tr>\n<td width=\"212\"><strong>Analyse-Elemente<\/strong><\/td>\n<td width=\"320\"><strong>Spezifikationen<\/strong><\/td>\n<td width=\"189\"><strong>Methoden<\/strong><\/td>\n<\/tr>\n<tr>\n<td colspan=\"3\" width=\"721\"><strong>Kennzeichnungen<\/strong><\/td>\n<\/tr>\n<tr>\n<td width=\"212\"><strong>A. TLC<\/strong><\/td>\n<td colspan=\"2\" width=\"509\">Die Probenl\u00f6sung weist gr\u00f6\u00dfere Banden auf, die in Position und Farbe der Standardl\u00f6sung \u00e4hneln.<\/td>\n<\/tr>\n<tr>\n<td width=\"212\"><strong>B. HPLC<\/strong><\/td>\n<td colspan=\"2\" width=\"509\">Die Retentionszeit der Probe stimmt mit der des Standards im HPLC-Reinheitstest \u00fcberein.<\/td>\n<\/tr>\n<tr>\n<td colspan=\"3\" width=\"721\"><strong>Wirkstofftests<\/strong><\/td>\n<\/tr>\n<tr>\n<td width=\"212\"><strong>Flavonolglykoside insgesamt<\/strong><\/td>\n<td width=\"320\">22.00%~27.00%<\/td>\n<td width=\"189\">USP43<\/td>\n<\/tr>\n<tr>\n<td width=\"212\"><strong>Terpenlactone insgesamt<\/strong><\/td>\n<td width=\"320\">5.40%~12.00%<\/td>\n<td width=\"189\">USP43<\/td>\n<\/tr>\n<tr>\n<td width=\"212\"><strong>Bilobalide<\/strong><\/td>\n<td width=\"320\">2.60%~5.80%<\/td>\n<td width=\"189\">USP43<\/td>\n<\/tr>\n<tr>\n<td width=\"212\"><strong>Bilobalide (A+B+C)<\/strong><\/td>\n<td width=\"320\">2.80%~6.20%<\/td>\n<td width=\"189\">USP43<\/td>\n<\/tr>\n<tr>\n<td width=\"212\"><strong>Ginkgols\u00e4uren insgesamt<\/strong><\/td>\n<td width=\"320\">\u22645.00ppm<\/td>\n<td width=\"189\">USP43<\/td>\n<\/tr>\n<tr>\n<td colspan=\"3\" width=\"721\"><strong>Physikalische Tests<\/strong><\/td>\n<\/tr>\n<tr>\n<td width=\"212\"><strong>Erscheinungsbild<\/strong><\/td>\n<td width=\"320\">Braun-gelbes feines Pulver<\/td>\n<td width=\"189\">Visuell<\/td>\n<\/tr>\n<tr>\n<td width=\"212\"><strong>Geruch<\/strong><\/td>\n<td width=\"320\">Charakteristisch<\/td>\n<td width=\"189\">Organoleptisch<\/td>\n<\/tr>\n<tr>\n<td width=\"212\"><strong>Geschmack<\/strong><\/td>\n<td width=\"320\">Charakteristisch<\/td>\n<td width=\"189\">Organoleptisch<\/td>\n<\/tr>\n<tr>\n<td width=\"212\"><strong>Partikelgr\u00f6\u00dfe<\/strong><\/td>\n<td width=\"320\">98% Durchgang 80mesh<\/td>\n<td width=\"189\">USP43<\/td>\n<\/tr>\n<tr>\n<td width=\"212\"><strong>Verlust beim Trocknen<\/strong><\/td>\n<td width=\"320\">\u22645.00%<\/td>\n<td width=\"189\">USP43<\/td>\n<\/tr>\n<tr>\n<td width=\"212\"><strong>R\u00fcckst\u00e4nde bei der Z\u00fcndung<\/strong><\/td>\n<td width=\"320\">\u22641.00%<\/td>\n<td width=\"189\">USP43<\/td>\n<\/tr>\n<tr>\n<td colspan=\"3\" width=\"721\"><strong>Chemische Tests<\/strong><\/td>\n<\/tr>\n<tr>\n<td width=\"212\"><strong>Schwermetalle<\/strong><\/td>\n<td width=\"320\">\u226410.00ppm<\/td>\n<td width=\"189\">USP43<\/td>\n<\/tr>\n<tr>\n<td width=\"212\"><strong>Pb<\/strong><\/td>\n<td width=\"320\">\u22643.00ppm<\/td>\n<td width=\"189\">USP43<\/td>\n<\/tr>\n<tr>\n<td width=\"212\"><strong>As<\/strong><\/td>\n<td width=\"320\">\u22642,00ppm<\/td>\n<td width=\"189\">USP43<\/td>\n<\/tr>\n<tr>\n<td width=\"212\"><strong>Cd<\/strong><\/td>\n<td width=\"320\">\u22641,00ppm<\/td>\n<td width=\"189\">USP43<\/td>\n<\/tr>\n<tr>\n<td width=\"212\"><strong>Hg<\/strong><\/td>\n<td width=\"320\">\u22640,10ppm<\/td>\n<td width=\"189\">USP43<\/td>\n<\/tr>\n<tr>\n<td width=\"212\"><strong>R\u00fcckst\u00e4nde von L\u00f6sungsmitteln<\/strong><\/td>\n<td width=\"320\">USP<\/td>\n<td width=\"189\">USP43<\/td>\n<\/tr>\n<tr>\n<td colspan=\"3\" width=\"721\"><strong>Mikrobiologische Tests<\/strong><\/td>\n<\/tr>\n<tr>\n<td width=\"212\"><strong>Gesamtkeimzahl<\/strong><\/td>\n<td width=\"320\">\u226410.000cfu\/g<\/td>\n<td width=\"189\">USP43<\/td>\n<\/tr>\n<tr>\n<td width=\"212\"><strong>Hefen und Schimmelpilze<\/strong><\/td>\n<td width=\"320\">\u22641.000cfu\/g<\/td>\n<td width=\"189\">USP43<\/td>\n<\/tr>\n<tr>\n<td width=\"212\"><strong>E. Coli<\/strong><\/td>\n<td width=\"320\">Negativ<\/td>\n<td width=\"189\">USP43<\/td>\n<\/tr>\n<tr>\n<td width=\"212\"><strong>Salmonellen<\/strong><\/td>\n<td width=\"320\">Negativ<\/td>\n<td width=\"189\">USP43<\/td>\n<\/tr>\n<\/tbody>\n<\/table>\n<p>&nbsp;<\/p>\n<h2><span style=\"color: #ff9c00;\">Unser Rest-Easy-Service mit Mehrwert<\/span><\/h2>\n<p><em><strong><span style=\"color: #ff9c00;\">&gt;&gt;&gt;\u00a0 <\/span><\/strong><\/em><strong>Backvita verf\u00fcgt \u00fcber professionelle Techniker, die technische Support-Dokumente wie: Normen, Specs, COA, MOA,\u00a0<\/strong><strong>MSDS,<\/strong><strong>Flussdiagramm, Erkl\u00e4rungen, Chromatogramme, N\u00e4hrwertangaben, Stabilit\u00e4tspr\u00fcfung, usw.<\/strong><\/p>\n<p><strong><span style=\"color: #ff9c00;\">&gt;&gt;&gt; \u00a0<\/span>Wir versprechen Ihnen, Ihnen einzigartige Dienstleistungen anzubieten, damit Sie sich beim Kauf und Verkauf von Produkten keine Sorgen machen m\u00fcssen.<\/strong><\/p>\n<p><strong><span style=\"color: #ff9c00;\">&gt;&gt;&gt;<\/span>\u00a0 Unser globales E-Commerce-Datenanalystenteam verf\u00fcgt \u00fcber 10 Jahre Erfahrung in der Pflanzenextraktbranche. Es stellt Ihnen Datenberichte \u00fcber die L\u00e4nder zur Verf\u00fcgung, in denen Ihre Produkte verkauft werden, damit Sie fundierte Entscheidungen treffen k\u00f6nnen. Diese Datenberichte enthalten Verkaufsvolumen, Vertriebskan\u00e4le, Wettbewerbsanalysen und andere Informationen, die Ihnen helfen, die Marktnachfrage und -trends besser zu verstehen und so Ihre Beschaffungs- und Verkaufsstrategien zu optimieren.<\/strong><\/p>\n<p><strong><span style=\"color: #ff9c00;\">&gt;&gt;&gt;\u00a0<\/span> Zus\u00e4tzlich zu den Datenberichten stellen wir Ihnen regelm\u00e4\u00dfig Informationen \u00fcber marktrelevante Produkte und neue Produkte zur Verf\u00fcgung. Diese Informationen helfen Ihnen, sich \u00fcber potenzielle Chancen und Trends auf dem Markt auf dem Laufenden zu halten und Anpassungen und Entscheidungen auf der Grundlage der Marktanforderungen zu treffen.<\/strong><\/p>\n<p><strong><span style=\"color: #ff9c00;\">&gt;&gt;&gt;<\/span>\u00a0 Wenn Sie eine eigene, exklusive Marke haben, stellen wir Ihnen auch Werbematerialien und Plakate zur Verf\u00fcgung, mit denen Sie Ihr Markenimage und Ihren Bekanntheitsgrad steigern k\u00f6nnen. Unser Designteam entwirft exklusive Werbematerialien f\u00fcr Ihre Marke nach Ihren Bed\u00fcrfnissen und Anforderungen. Alle diese Mehrwertdienste werden den Kunden unserer Partner kostenlos zur Verf\u00fcgung gestellt.<\/strong><\/p>\n<p><strong><span style=\"color: #ff9c00;\">&gt;&gt;&gt;<\/span>\u00a0 Unser Ziel ist es, die Kunden in den Mittelpunkt zu stellen, Ihnen w\u00e4hrend des gesamten Prozesses einen sorgenfreien Service zu bieten und Ihnen zu mehr Leistung und Erfolg zu verhelfen.<\/strong><\/p>\n<p><strong><span style=\"color: #ff9c00;\">&gt;&gt;&gt;<\/span>\u00a0 Wenn Sie Fragen oder spezielle W\u00fcnsche zu unseren Mehrwertdiensten haben, k\u00f6nnen Sie sich gerne an uns wenden. Wir werden unser Bestes tun, um Ihnen zu helfen und Ihre Zufriedenheit zu gew\u00e4hrleisten. Nochmals vielen Dank f\u00fcr Ihre Unterst\u00fctzung und Aufmerksamkeit und wir freuen uns auf eine langfristige Zusammenarbeit mit Ihnen.<\/strong><\/p>\n<p>&nbsp;<\/p>\n<h2>Kontakt<a name=\"Contact Us\"><\/a><\/h2>\n\n<div class=\"wpcf7 no-js\" id=\"wpcf7-f690-o1\" lang=\"zh-CN\" dir=\"ltr\">\n<div class=\"screen-reader-response\"><p role=\"status\" aria-live=\"polite\" aria-atomic=\"true\"><\/p> <ul><\/ul><\/div>\n<form action=\"\/de\/wp-json\/wp\/v2\/product\/7662#wpcf7-f690-o1\" method=\"post\" class=\"wpcf7-form init\" aria-label=\"Contact form\" novalidate=\"novalidate\" data-status=\"init\" data-trp-original-action=\"\/de\/wp-json\/wp\/v2\/product\/7662#wpcf7-f690-o1\">\n<div style=\"display: none;\">\n<input type=\"hidden\" name=\"_wpcf7\" value=\"690\" \/>\n<input type=\"hidden\" name=\"_wpcf7_version\" value=\"5.8\" \/>\n<input type=\"hidden\" name=\"_wpcf7_locale\" value=\"zh_CN\" \/>\n<input type=\"hidden\" name=\"_wpcf7_unit_tag\" value=\"wpcf7-f690-o1\" \/>\n<input type=\"hidden\" name=\"_wpcf7_container_post\" value=\"0\" \/>\n<input type=\"hidden\" name=\"_wpcf7_posted_data_hash\" value=\"\" \/>\n<\/div>\n<p><label> *Name * Firmenname<br \/>\n<span class=\"wpcf7-form-control-wrap\" data-name=\"your-name\"><input size=\"40\" class=\"wpcf7-form-control wpcf7-text wpcf7-validates-as-required\" autocomplete=\"name\" aria-required=\"true\" aria-invalid=\"false\" value=\"\" type=\"text\" name=\"your-name\" \/><\/span> <\/label>\n<\/p>\n<p><label> *E-Mail<br \/>\n<span class=\"wpcf7-form-control-wrap\" data-name=\"your-email\"><input size=\"40\" class=\"wpcf7-form-control wpcf7-email wpcf7-validates-as-required wpcf7-text wpcf7-validates-as-email\" autocomplete=\"email\" aria-required=\"true\" aria-invalid=\"false\" value=\"\" type=\"email\" name=\"your-email\" \/><\/span> <\/label>\n<\/p>\n<p><label> *Telefonnummer<br \/>\n<span class=\"wpcf7-form-control-wrap\" data-name=\"your-subject\"><input size=\"40\" class=\"wpcf7-form-control wpcf7-text wpcf7-validates-as-required\" aria-required=\"true\" aria-invalid=\"false\" value=\"\" type=\"text\" name=\"your-subject\" \/><\/span> <\/label>\n<\/p>\n<p><label> *Meldung<br \/>\n<span class=\"wpcf7-form-control-wrap\" data-name=\"your-message\"><textarea cols=\"40\" rows=\"10\" class=\"wpcf7-form-control wpcf7-textarea\" aria-invalid=\"false\" name=\"your-message\"><\/textarea><\/span> <\/label>\n<\/p>\n<p><input class=\"wpcf7-form-control wpcf7-submit has-spinner\" type=\"submit\" value=\"Einreichen\" \/>\n<\/p><div class=\"wpcf7-response-output\" aria-hidden=\"true\"><\/div>\n<input type=\"hidden\" name=\"trp-form-language\" value=\"de\"\/><\/form>\n<\/div>\n\n<p>&nbsp;<\/p>","protected":false},"excerpt":{"rendered":"<p><span style=\"color: #000000;\">Ginkgo-Extrakt Flavone,Die Hauptbestandteile von Ginkgo sind Flavonoide und Terpenlactone (Bindegewebe). Ginkgo-Flavonoide wirken gef\u00e4\u00dferweiternd, hemmen pl\u00e4ttchenaktivierende Faktoren und regulieren die Blutfette. Sie k\u00f6nnen zur Regulierung von Herz-Kreislauf- und zerebrovaskul\u00e4ren Erkrankungen, vaskul\u00e4rer Demenz usw. eingesetzt werden.<\/span><\/p>\n<p><span style=\"color: #ff6600;\"><a class=\"aaa\" style=\"cursor: pointer; color: #ff6600;\"><img decoding=\"async\" loading=\"lazy\" class=\"alignnone wp-image-2660\" title=\"Erkundigen Sie sich bei\" src=\"https:\/\/www.backvita.com\/wp-content\/uploads\/2023\/10\/inquire-300x300.png\" alt=\"Erkundigen Sie sich bei\" width=\"75\" height=\"75\" srcset=\"https:\/\/www.backvita.com\/wp-content\/uploads\/2023\/10\/inquire-300x300.png 300w, https:\/\/www.backvita.com\/wp-content\/uploads\/2023\/10\/inquire-150x150.png 150w, https:\/\/www.backvita.com\/wp-content\/uploads\/2023\/10\/inquire-100x100.png 100w, https:\/\/www.backvita.com\/wp-content\/uploads\/2023\/10\/inquire.png 512w\" sizes=\"(max-width: 75px) 100vw, 75px\" \/> <strong>Anfrage senden<\/strong><\/a><strong><script src=\"https:\/\/cdn.staticfile.org\/jquery\/1.7\/jquery.min.js\"><\/script><script>$('.aaa').click(function(){\n\u00a0 \u00a0 \u00a0 \u00a0 $(\".wc-tabs li\").removeClass('active')\n\u00a0 \u00a0 \u00a0 \u00a0 $(\".wc-tabs li\").eq(0).addClass('active')\nvar o = $(\".wc-tabs li\").eq(0).closest(\".wc-tabs-wrapper, .woocommerce-tabs\");\no.find(\".wc-tab, .panel:not(.panel .panel)\").hide(),\n o.find(\"#\" + $(\".wc-tabs li a\").attr(\"href\").split(\"#\")[1]).show()\n\u00a0 \u00a0 \u00a0 \u00a0 window.location.href=\"#Contact Us\"\n\u00a0 \u00a0})<\/script><\/strong><\/span><\/p>\n<p><strong><span style=\"color: #ff6600;\"><a style=\"color: #ff6600;\" href=\"#Contact Us\"><img decoding=\"async\" loading=\"lazy\" class=\"alignnone wp-image-2661\" title=\" PDF\" src=\"https:\/\/www.backvita.com\/wp-content\/uploads\/2023\/10\/pdf-300x300.png\" alt=\" PDF\" width=\"75\" height=\"75\" srcset=\"https:\/\/www.backvita.com\/wp-content\/uploads\/2023\/10\/pdf-300x300.png 300w, https:\/\/www.backvita.com\/wp-content\/uploads\/2023\/10\/pdf-150x150.png 150w, https:\/\/www.backvita.com\/wp-content\/uploads\/2023\/10\/pdf-100x100.png 100w, https:\/\/www.backvita.com\/wp-content\/uploads\/2023\/10\/pdf.png 512w\" sizes=\"(max-width: 75px) 100vw, 75px\" \/><\/a><a class=\"aaa\" style=\"cursor: pointer; color: #ff6600;\">Anfrage[ TDS,COA, MSDS,MOA... ]<\/a><script src=\"https:\/\/cdn.staticfile.org\/jquery\/1.7\/jquery.min.js\"><\/script><script>$('.aaa').click(function(){\n\u00a0 \u00a0 \u00a0 \u00a0 $(\".wc-tabs li\").removeClass('active')\n\u00a0 \u00a0 \u00a0 \u00a0 $(\".wc-tabs li\").eq(0).addClass('active')\nvar o = $(\".wc-tabs li\").eq(0).closest(\".wc-tabs-wrapper, .woocommerce-tabs\");\no.find(\".wc-tab, .panel:not(.panel .panel)\").hide(),\n o.find(\"#\" + $(\".wc-tabs li a\").attr(\"href\").split(\"#\")[1]).show()\n\u00a0 \u00a0 \u00a0 \u00a0 window.location.href=\"#Contact Us\"\n\u00a0 \u00a0})<\/script><\/span><\/strong><\/p>","protected":false},"featured_media":2817,"template":"","meta":{"_seopress_robots_primary_cat":"none","_seopress_titles_title":"Ginkgo Extract Flavones suppliers Ginkgo Extract Flavones manufacturers Ginkgo Extract Flavones factory free sample","_seopress_titles_desc":"The main components of Ginkgo are flavonoids and terpene (tie) lactones. Ginkgo flavonoids have the effects of dilating blood vessels, inhibiting platelet activating factors, and regulating blood lipids. They can be used to regulate cardiovascular and cerebrovascular diseases, vascular dementia, etc","_seopress_robots_index":""},"product_cat":[22,50],"product_tag":[921,926,919,922,927,923,917,928,940,939,935,936,934,933,929,930,918,937,941,942,938,943,931,932,924,925,920],"featured_image_urls":{"full":["https:\/\/www.backvita.com\/wp-content\/uploads\/2023\/10\/Ginkgo-Extract-Flavones.webp",366,325,false],"thumbnail":["https:\/\/www.backvita.com\/wp-content\/uploads\/2023\/10\/Ginkgo-Extract-Flavones-150x150.webp",150,150,true],"medium":["https:\/\/www.backvita.com\/wp-content\/uploads\/2023\/10\/Ginkgo-Extract-Flavones-300x266.webp",300,266,true],"medium_large":["https:\/\/www.backvita.com\/wp-content\/uploads\/2023\/10\/Ginkgo-Extract-Flavones.webp",366,325,false],"large":["https:\/\/www.backvita.com\/wp-content\/uploads\/2023\/10\/Ginkgo-Extract-Flavones.webp",366,325,false],"1536x1536":["https:\/\/www.backvita.com\/wp-content\/uploads\/2023\/10\/Ginkgo-Extract-Flavones.webp",366,325,false],"2048x2048":["https:\/\/www.backvita.com\/wp-content\/uploads\/2023\/10\/Ginkgo-Extract-Flavones.webp",366,325,false],"trp-custom-language-flag":["https:\/\/www.backvita.com\/wp-content\/uploads\/2023\/10\/Ginkgo-Extract-Flavones.webp",14,12,false],"woocommerce_thumbnail":["https:\/\/www.backvita.com\/wp-content\/uploads\/2023\/10\/Ginkgo-Extract-Flavones-300x300.webp",300,300,true],"woocommerce_single":["https:\/\/www.backvita.com\/wp-content\/uploads\/2023\/10\/Ginkgo-Extract-Flavones.webp",366,325,false],"woocommerce_gallery_thumbnail":["https:\/\/www.backvita.com\/wp-content\/uploads\/2023\/10\/Ginkgo-Extract-Flavones-100x100.webp",100,100,true]},"post_excerpt_stackable":"<p><span style=\"color: #000000;\">Ginkgo Extract Flavones,The main components of Ginkgo are flavonoids and terpene (tie) lactones. Ginkgo flavonoids have the effects of dilating blood vessels, inhibiting platelet activating factors, and regulating blood lipids. They can be used to regulate cardiovascular and cerebrovascular diseases, vascular dementia, etc.<\/span><\/p>\n<p><span style=\"color: #ff6600;\"><a class=\"aaa\" style=\"cursor: pointer; color: #ff6600;\"><img decoding=\"async\" loading=\"lazy\" class=\"alignnone wp-image-2660\" title=\"Iquire\" src=\"https:\/\/www.backvita.com\/wp-content\/uploads\/2023\/10\/inquire-300x300.png\" alt=\"Iquire\" width=\"75\" height=\"75\" srcset=\"https:\/\/www.backvita.com\/wp-content\/uploads\/2023\/10\/inquire-300x300.png 300w, https:\/\/www.backvita.com\/wp-content\/uploads\/2023\/10\/inquire-150x150.png 150w, https:\/\/www.backvita.com\/wp-content\/uploads\/2023\/10\/inquire-100x100.png 100w, https:\/\/www.backvita.com\/wp-content\/uploads\/2023\/10\/inquire.png 512w\" sizes=\"(max-width: 75px) 100vw, 75px\" \/> <strong>Send an Inquiry<\/strong><\/a><strong><script src=\"https:\/\/cdn.staticfile.org\/jquery\/1.7\/jquery.min.js\"><\/script><script>$('.aaa').click(function(){\n\u00a0 \u00a0 \u00a0 \u00a0 $(\".wc-tabs li\").removeClass('active')\n\u00a0 \u00a0 \u00a0 \u00a0 $(\".wc-tabs li\").eq(0).addClass('active')\nvar o = $(\".wc-tabs li\").eq(0).closest(\".wc-tabs-wrapper, .woocommerce-tabs\");\no.find(\".wc-tab, .panel:not(.panel .panel)\").hide(),\n o.find(\"#\" + $(\".wc-tabs li a\").attr(\"href\").split(\"#\")[1]).show()\n\u00a0 \u00a0 \u00a0 \u00a0 window.location.href=\"#Contact Us\"\n\u00a0 \u00a0})<\/script><\/strong><\/span><\/p>\n<p><strong><span style=\"color: #ff6600;\"><a style=\"color: #ff6600;\" href=\"#Contact Us\"><img decoding=\"async\" loading=\"lazy\" class=\"alignnone wp-image-2661\" title=\" PDF\" src=\"https:\/\/www.backvita.com\/wp-content\/uploads\/2023\/10\/pdf-300x300.png\" alt=\" PDF\" width=\"75\" height=\"75\" srcset=\"https:\/\/www.backvita.com\/wp-content\/uploads\/2023\/10\/pdf-300x300.png 300w, https:\/\/www.backvita.com\/wp-content\/uploads\/2023\/10\/pdf-150x150.png 150w, https:\/\/www.backvita.com\/wp-content\/uploads\/2023\/10\/pdf-100x100.png 100w, https:\/\/www.backvita.com\/wp-content\/uploads\/2023\/10\/pdf.png 512w\" sizes=\"(max-width: 75px) 100vw, 75px\" \/><\/a><a class=\"aaa\" style=\"cursor: pointer; color: #ff6600;\">Request[ TDS,COA, MSDS,MOA&#8230; ]<\/a><script src=\"https:\/\/cdn.staticfile.org\/jquery\/1.7\/jquery.min.js\"><\/script><script>$('.aaa').click(function(){\n\u00a0 \u00a0 \u00a0 \u00a0 $(\".wc-tabs li\").removeClass('active')\n\u00a0 \u00a0 \u00a0 \u00a0 $(\".wc-tabs li\").eq(0).addClass('active')\nvar o = $(\".wc-tabs li\").eq(0).closest(\".wc-tabs-wrapper, .woocommerce-tabs\");\no.find(\".wc-tab, .panel:not(.panel .panel)\").hide(),\n o.find(\"#\" + $(\".wc-tabs li a\").attr(\"href\").split(\"#\")[1]).show()\n\u00a0 \u00a0 \u00a0 \u00a0 window.location.href=\"#Contact Us\"\n\u00a0 \u00a0})<\/script><\/span><\/strong><\/p>\n","category_list":"","author_info":{"name":"","url":""},"comments_num":"0 comments","_links":{"self":[{"href":"https:\/\/www.backvita.com\/de\/wp-json\/wp\/v2\/product\/7662"}],"collection":[{"href":"https:\/\/www.backvita.com\/de\/wp-json\/wp\/v2\/product"}],"about":[{"href":"https:\/\/www.backvita.com\/de\/wp-json\/wp\/v2\/types\/product"}],"wp:featuredmedia":[{"embeddable":true,"href":"https:\/\/www.backvita.com\/de\/wp-json\/wp\/v2\/media\/2817"}],"wp:attachment":[{"href":"https:\/\/www.backvita.com\/de\/wp-json\/wp\/v2\/media?parent=7662"}],"wp:term":[{"taxonomy":"product_cat","embeddable":true,"href":"https:\/\/www.backvita.com\/de\/wp-json\/wp\/v2\/product_cat?post=7662"},{"taxonomy":"product_tag","embeddable":true,"href":"https:\/\/www.backvita.com\/de\/wp-json\/wp\/v2\/product_tag?post=7662"}],"curies":[{"name":"wp","href":"https:\/\/api.w.org\/{rel}","templated":true}]}}