{"id":1753,"date":"2023-10-10T14:09:21","date_gmt":"2023-10-10T06:09:21","guid":{"rendered":"https:\/\/www.backvita.com\/?post_type=product&#038;p=1753"},"modified":"2024-02-07T14:21:29","modified_gmt":"2024-02-07T06:21:29","slug":"vitamin-k2-suppliers-vitamin-k2-manufacturers-vitamin-k2-factory-free-sample","status":"publish","type":"product","link":"https:\/\/www.backvita.com\/es\/product\/vitamina-k2-proveedores-vitamina-k2-fabricantes-vitamina-k2-muestra-gratis-de-fabrica\/","title":{"rendered":"Vitamina K2 proveedores Vitamina K2 fabricantes Vitamina K2 muestra gratis de f\u00e1brica"},"content":{"rendered":"<h2>Vitamina K2 Introducci\u00f3n<\/h2>\n<p>La vitamina K es una sustancia activa que puede afectar a la s\u00edntesis de protrombina y al proceso de coagulaci\u00f3n. La vitamina K puede dividirse en dos categor\u00edas. Una son las vitaminas liposolubles, a saber, la vitamina K1 extra\u00edda de plantas verdes y las vitaminas sintetizadas por bacterias intestinales. K2, la otra es hidrosoluble, a saber, la vitamina K3 sint\u00e9tica y la vitamina K4. La vitamina K de origen natural se divide en dos tipos: vitamina K1 y vitamina K2 seg\u00fan sus cadenas laterales. Entre ellas, la vitamina K2 tiene una gran actividad y valor medicinal.<\/p>\n<table style=\"height: 216px;\" width=\"1306\">\n<tbody>\n<tr>\n<td width=\"219\"><strong>Nombre del producto<\/strong><\/td>\n<td width=\"466\">Vitamina K2<\/td>\n<\/tr>\n<tr>\n<td><strong>N\u00ba CAS<\/strong><\/td>\n<td>11032-49-8<\/td>\n<\/tr>\n<tr>\n<td><strong>Apariencia<\/strong><\/td>\n<td>Polvo entre amarillo y blanco<\/td>\n<\/tr>\n<tr>\n<td><strong>Especificaciones<\/strong><\/td>\n<td>Vitamina K2<\/td>\n<\/tr>\n<tr>\n<td><strong>Pakage<\/strong><\/td>\n<td>1kg\/saco, 25kg\/bid\u00f3n<\/td>\n<\/tr>\n<tr>\n<td><strong>Almacenamiento<\/strong><\/td>\n<td>Proteger de la humedad y evitar el almacenamiento ligero y herm\u00e9tico.<\/td>\n<\/tr>\n<tr>\n<td><strong>M\u00e9todo de ensayo<\/strong><\/td>\n<td>IR<\/td>\n<\/tr>\n<\/tbody>\n<\/table>\n<p>&nbsp;<\/p>\n<h2>Beneficios de la vitamina K2<\/h2>\n<h3><strong>Resistir la calcificaci\u00f3n arterial y la artrosis<\/strong><\/h3>\n<p>La vitamina K2 tiene un fuerte efecto inhibidor sobre la calcificaci\u00f3n de cart\u00edlagos y vasos sangu\u00edneos, y puede eliminar eficazmente las placas de calcio anormales. Su actividad biol\u00f3gica depende del nivel de vitamina K2 en el organismo. Las investigaciones demuestran que enfermedades como la osteoporosis, la artrosis y la esclerosis vascular comparten la misma deficiencia de vitamina K2.<\/p>\n<h3><strong>Anti-osteoporosis<\/strong><\/h3>\n<p>La vitamina K2 tiene un efecto anti-osteoporosis mucho m\u00e1s significativo que la vitamina K1, y posee su propio mecanismo regulador anti-osteoporosis bidireccional.<\/p>\n<p>Promover la mineralizaci\u00f3n \u00f3sea: La osteocalcina puede promover la deposici\u00f3n de sales de calcio, aumentar la tasa de mineralizaci\u00f3n \u00f3sea, mantener la calcificaci\u00f3n \u00f3sea normal y la formaci\u00f3n de cristales y la tasa de mineralizaci\u00f3n del cart\u00edlago, lo que refleja directamente la formaci\u00f3n de hueso y la reconstrucci\u00f3n \u00f3sea.<\/p>\n<p>Promueve la formaci\u00f3n \u00f3sea: La vitamina K2 es un regulador de la transcripci\u00f3n de genes espec\u00edficos del hueso que induce la expresi\u00f3n de marcadores de osteoblastos a trav\u00e9s de receptores esteroideos y heterog\u00e9neos, aumenta la acumulaci\u00f3n de col\u00e1geno, mejora la calidad \u00f3sea y promueve la formaci\u00f3n de hueso.<\/p>\n<p>Inhibir la resorci\u00f3n \u00f3sea: Los osteoclastos son las \u00fanicas c\u00e9lulas que pueden absorber hueso. Crean un entorno \u00e1cido mediante bombas de protones, lo que provoca la disoluci\u00f3n de la osteocalcina y la disoluci\u00f3n de la matriz \u00f3sea por la catepsina.<\/p>\n<h3><strong>Mejorar la diabetes<\/strong><\/h3>\n<p>La vitamina K2 puede regular al alza el gen de la insulina, promover las c\u00e9lulas beta pancre\u00e1ticas y liberar insulina, lo que puede mejorar el nivel metab\u00f3lico del organismo y contribuir a la recuperaci\u00f3n de los pacientes diab\u00e9ticos.<\/p>\n<h3><strong>Acelerar la coagulaci\u00f3n sangu\u00ednea<\/strong><\/h3>\n<p>La vitamina K2 es una vitamina natural liposoluble. Si el organismo carece de vitamina K2, puede producirse una funci\u00f3n de coagulaci\u00f3n anormal. En este momento, el tratamiento con vitamina K2 puede acelerar la coagulaci\u00f3n y mantener el tiempo de coagulaci\u00f3n.<\/p>\n<h3><strong>Antitumoral<\/strong><\/h3>\n<p>La vitamina K2 regula negativamente las actividades de la tirosina quinasa y la fosfatasa relacionadas con la carcinog\u00e9nesis celular, adem\u00e1s de regular los factores reguladores relacionados con la proliferaci\u00f3n celular, lo que en \u00faltima instancia conduce a la inhibici\u00f3n del ciclo celular o a la muerte celular. Entre ellos, la vitamina K2 puede evitar que la cirrosis evolucione a c\u00e1ncer de h\u00edgado.<\/p>\n<p>&nbsp;<\/p>\n<h2><span style=\"color: #ff9c00;\">Nuestro servicio de valor a\u00f1adido Rest Easy<\/span><\/h2>\n<p><em><strong><span style=\"color: #ff9c00;\">&gt;&gt;&gt;\u00a0 <\/span><\/strong><\/em><strong>Backvita tiene t\u00e9cnicos profesionales que pueden proporcionar documentos de apoyo t\u00e9cnico como: Normas, Especificaciones, COA, MOA,\u00a0<\/strong><strong>FDS,<\/strong><strong>Diagrama de flujo, declaraciones, cromatogramas, datos nutricionales, prueba de estabilidad, etc.<\/strong><\/p>\n<p><strong><span style=\"color: #ff9c00;\">&gt;&gt;&gt; \u00a0<\/span>Nos comprometemos a ofrecerle servicios exclusivos para que no tenga preocupaciones en la compra y venta de productos.<\/strong><\/p>\n<p><strong><span style=\"color: #ff9c00;\">&gt;&gt;&gt;<\/span>\u00a0 Nuestro equipo global de analistas de datos de comercio electr\u00f3nico cuenta con 10 a\u00f1os de experiencia en el sector de los extractos de plantas. Le proporcionar\u00e1n informes de datos sobre los pa\u00edses en los que se venden sus productos para ayudarle a tomar decisiones con conocimiento de causa. Estos informes de datos incluir\u00e1n el volumen de ventas, los canales de venta, el an\u00e1lisis de la competencia y otros datos que le ayudar\u00e1n a comprender mejor la demanda y las tendencias del mercado, optimizando as\u00ed sus estrategias de adquisici\u00f3n y venta.<\/strong><\/p>\n<p><strong><span style=\"color: #ff9c00;\">&gt;&gt;&gt;\u00a0<\/span> Adem\u00e1s de los informes de datos, tambi\u00e9n le facilitaremos peri\u00f3dicamente informaci\u00f3n sobre los productos de moda y las novedades del mercado. Esta informaci\u00f3n le ayudar\u00e1 a mantenerse al corriente de las posibles oportunidades y tendencias del mercado, y a realizar ajustes y tomar decisiones en funci\u00f3n de las demandas del mercado.<\/strong><\/p>\n<p><strong><span style=\"color: #ff9c00;\">&gt;&gt;&gt;<\/span>\u00a0 Si tiene su propia marca exclusiva, tambi\u00e9n le proporcionaremos materiales promocionales y carteles que le ayudar\u00e1n a mejorar su imagen de marca y a darse a conocer en el mercado. Nuestro equipo de dise\u00f1o dise\u00f1ar\u00e1 materiales promocionales exclusivos para su marca de acuerdo con sus necesidades y requisitos. Todos estos servicios de valor a\u00f1adido se ofrecen gratuitamente a los clientes de nuestros socios.<\/strong><\/p>\n<p><strong><span style=\"color: #ff9c00;\">&gt;&gt;&gt;<\/span>\u00a0 Nuestro objetivo es centrarnos en los clientes, ofrecerles servicios sin preocupaciones durante todo el proceso y ayudarles a conseguir un mayor rendimiento y \u00e9xito.<\/strong><\/p>\n<p><strong><span style=\"color: #ff9c00;\">&gt;&gt;&gt;<\/span>\u00a0 Si tiene alguna pregunta o necesidad especial sobre nuestros servicios de valor a\u00f1adido, no dude en ponerse en contacto con nosotros. Haremos todo lo posible para ayudarle y garantizar su satisfacci\u00f3n. Gracias de nuevo por su apoyo y atenci\u00f3n hacia nosotros, y esperamos establecer una relaci\u00f3n de cooperaci\u00f3n a largo plazo con usted.<\/strong><\/p>\n<p>&nbsp;<\/p>\n<h2>P\u00f3ngase en contacto con nosotros<a name=\"Contact Us\"><\/a><\/h2>\n\n<div class=\"wpcf7 no-js\" id=\"wpcf7-f690-o1\" lang=\"zh-CN\" dir=\"ltr\">\n<div class=\"screen-reader-response\"><p role=\"status\" aria-live=\"polite\" aria-atomic=\"true\"><\/p> <ul><\/ul><\/div>\n<form action=\"\/es\/wp-json\/wp\/v2\/product\/1753#wpcf7-f690-o1\" method=\"post\" class=\"wpcf7-form init\" aria-label=\"Contact form\" novalidate=\"novalidate\" data-status=\"init\" data-trp-original-action=\"\/es\/wp-json\/wp\/v2\/product\/1753#wpcf7-f690-o1\">\n<div style=\"display: none;\">\n<input type=\"hidden\" name=\"_wpcf7\" value=\"690\" \/>\n<input type=\"hidden\" name=\"_wpcf7_version\" value=\"5.8\" \/>\n<input type=\"hidden\" name=\"_wpcf7_locale\" value=\"zh_CN\" \/>\n<input type=\"hidden\" name=\"_wpcf7_unit_tag\" value=\"wpcf7-f690-o1\" \/>\n<input type=\"hidden\" name=\"_wpcf7_container_post\" value=\"0\" \/>\n<input type=\"hidden\" name=\"_wpcf7_posted_data_hash\" value=\"\" \/>\n<\/div>\n<p><label> *Nombre *Nombre de la empresa<br \/>\n<span class=\"wpcf7-form-control-wrap\" data-name=\"your-name\"><input size=\"40\" class=\"wpcf7-form-control wpcf7-text wpcf7-validates-as-required\" autocomplete=\"name\" aria-required=\"true\" aria-invalid=\"false\" value=\"\" type=\"text\" name=\"your-name\" \/><\/span> <\/label>\n<\/p>\n<p><label> *Correo electr\u00f3nico<br \/>\n<span class=\"wpcf7-form-control-wrap\" data-name=\"your-email\"><input size=\"40\" class=\"wpcf7-form-control wpcf7-email wpcf7-validates-as-required wpcf7-text wpcf7-validates-as-email\" autocomplete=\"email\" aria-required=\"true\" aria-invalid=\"false\" value=\"\" type=\"email\" name=\"your-email\" \/><\/span> <\/label>\n<\/p>\n<p><label> *N\u00famero de tel\u00e9fono<br \/>\n<span class=\"wpcf7-form-control-wrap\" data-name=\"your-subject\"><input size=\"40\" class=\"wpcf7-form-control wpcf7-text wpcf7-validates-as-required\" aria-required=\"true\" aria-invalid=\"false\" value=\"\" type=\"text\" name=\"your-subject\" \/><\/span> <\/label>\n<\/p>\n<p><label> *Mensaje<br \/>\n<span class=\"wpcf7-form-control-wrap\" data-name=\"your-message\"><textarea cols=\"40\" rows=\"10\" class=\"wpcf7-form-control wpcf7-textarea\" aria-invalid=\"false\" name=\"your-message\"><\/textarea><\/span> <\/label>\n<\/p>\n<p><input class=\"wpcf7-form-control wpcf7-submit has-spinner\" type=\"submit\" value=\"Enviar\" \/>\n<\/p><div class=\"wpcf7-response-output\" aria-hidden=\"true\"><\/div>\n<input type=\"hidden\" name=\"trp-form-language\" value=\"es\"\/><\/form>\n<\/div>\n\n<p>&nbsp;<\/p>","protected":false},"excerpt":{"rendered":"<p><span style=\"color: #000000;\">La vitamina K2 es una vitamina liposoluble, un derivado del grupo de las naftoquinonas con actividad biol\u00f3gica filoquinona. Es una de las vitaminas importantes e indispensables en el cuerpo humano. Desempe\u00f1a un papel vital en muchos aspectos de la salud.<\/span><\/p>\n<p><span style=\"color: #ff6600;\"><a class=\"aaa\" style=\"cursor: pointer; color: #ff6600;\"><img decoding=\"async\" loading=\"lazy\" class=\"alignnone wp-image-2660\" title=\"Consulte\" src=\"https:\/\/www.backvita.com\/wp-content\/uploads\/2023\/10\/inquire-300x300.png\" alt=\"Consulte\" width=\"75\" height=\"75\" srcset=\"https:\/\/www.backvita.com\/wp-content\/uploads\/2023\/10\/inquire-300x300.png 300w, https:\/\/www.backvita.com\/wp-content\/uploads\/2023\/10\/inquire-150x150.png 150w, https:\/\/www.backvita.com\/wp-content\/uploads\/2023\/10\/inquire-100x100.png 100w, https:\/\/www.backvita.com\/wp-content\/uploads\/2023\/10\/inquire.png 512w\" sizes=\"(max-width: 75px) 100vw, 75px\" \/> <strong>Enviar una consulta<\/strong><\/a><strong><script src=\"https:\/\/cdn.staticfile.org\/jquery\/1.7\/jquery.min.js\"><\/script><script>$('.aaa').click(function(){\n\u00a0 \u00a0 \u00a0 \u00a0 $(\".wc-tabs li\").removeClass('active')\n\u00a0 \u00a0 \u00a0 \u00a0 $(\".wc-tabs li\").eq(0).addClass('active')\nvar o = $(\".wc-tabs li\").eq(0).closest(\".wc-tabs-wrapper, .woocommerce-tabs\");\no.find(\".wc-tab, .panel:not(.panel .panel)\").hide(),\n o.find(\"#\" + $(\".wc-tabs li a\").attr(\"href\").split(\"#\")[1]).show()\n\u00a0 \u00a0 \u00a0 \u00a0 window.location.href=\"#Contact Us\"\n\u00a0 \u00a0})<\/script><\/strong><\/span><\/p>\n<p><strong><span style=\"color: #ff6600;\"><a style=\"color: #ff6600;\" href=\"#Contact Us\"><img decoding=\"async\" loading=\"lazy\" class=\"alignnone wp-image-2661\" title=\"PDF\" src=\"https:\/\/www.backvita.com\/wp-content\/uploads\/2023\/10\/pdf-300x300.png\" alt=\"PDF\" width=\"75\" height=\"75\" srcset=\"https:\/\/www.backvita.com\/wp-content\/uploads\/2023\/10\/pdf-300x300.png 300w, https:\/\/www.backvita.com\/wp-content\/uploads\/2023\/10\/pdf-150x150.png 150w, https:\/\/www.backvita.com\/wp-content\/uploads\/2023\/10\/pdf-100x100.png 100w, https:\/\/www.backvita.com\/wp-content\/uploads\/2023\/10\/pdf.png 512w\" sizes=\"(max-width: 75px) 100vw, 75px\" \/><\/a><a class=\"aaa\" style=\"cursor: pointer; color: #ff6600;\">Solicitud[ TDS,COA, MSDS,MOA... ]<\/a><script src=\"https:\/\/cdn.staticfile.org\/jquery\/1.7\/jquery.min.js\"><\/script><script>$('.aaa').click(function(){\n\u00a0 \u00a0 \u00a0 \u00a0 $(\".wc-tabs li\").removeClass('active')\n\u00a0 \u00a0 \u00a0 \u00a0 $(\".wc-tabs li\").eq(0).addClass('active')\nvar o = $(\".wc-tabs li\").eq(0).closest(\".wc-tabs-wrapper, .woocommerce-tabs\");\no.find(\".wc-tab, .panel:not(.panel .panel)\").hide(),\n o.find(\"#\" + $(\".wc-tabs li a\").attr(\"href\").split(\"#\")[1]).show()\n\u00a0 \u00a0 \u00a0 \u00a0 window.location.href=\"#Contact Us\"\n\u00a0 \u00a0})<\/script><\/span><\/strong><\/p>","protected":false},"featured_media":2847,"template":"","meta":{"_seopress_robots_primary_cat":"none","_seopress_titles_title":"Vitamin K2  suppliers Vitamin K2 manufacturers Vitamin K2   factory free sample","_seopress_titles_desc":"Vitamin K2 is a fat-soluble vitamin, a derivative of the naphthoquinone group with phylloquinone biological activity. It is one of the important and indispensable vitamins in the human body. It plays a vital role in many aspects of health.","_seopress_robots_index":""},"product_cat":[46,58],"product_tag":[68,73,71,66,72,69,70,62,84,83,79,80,78,77,65,74,63,64,81,85,86,82,87,75,76,67],"featured_image_urls":{"full":["https:\/\/www.backvita.com\/wp-content\/uploads\/2023\/10\/Vitamin-K2.webp",443,421,false],"thumbnail":["https:\/\/www.backvita.com\/wp-content\/uploads\/2023\/10\/Vitamin-K2-150x150.webp",150,150,true],"medium":["https:\/\/www.backvita.com\/wp-content\/uploads\/2023\/10\/Vitamin-K2-300x285.webp",300,285,true],"medium_large":["https:\/\/www.backvita.com\/wp-content\/uploads\/2023\/10\/Vitamin-K2.webp",443,421,false],"large":["https:\/\/www.backvita.com\/wp-content\/uploads\/2023\/10\/Vitamin-K2.webp",443,421,false],"1536x1536":["https:\/\/www.backvita.com\/wp-content\/uploads\/2023\/10\/Vitamin-K2.webp",443,421,false],"2048x2048":["https:\/\/www.backvita.com\/wp-content\/uploads\/2023\/10\/Vitamin-K2.webp",443,421,false],"trp-custom-language-flag":["https:\/\/www.backvita.com\/wp-content\/uploads\/2023\/10\/Vitamin-K2.webp",13,12,false],"woocommerce_thumbnail":["https:\/\/www.backvita.com\/wp-content\/uploads\/2023\/10\/Vitamin-K2-300x300.webp",300,300,true],"woocommerce_single":["https:\/\/www.backvita.com\/wp-content\/uploads\/2023\/10\/Vitamin-K2.webp",443,421,false],"woocommerce_gallery_thumbnail":["https:\/\/www.backvita.com\/wp-content\/uploads\/2023\/10\/Vitamin-K2-100x100.webp",100,100,true]},"post_excerpt_stackable":"<p><span style=\"color: #000000;\">Vitamin K2 is a fat-soluble vitamin, a derivative of the naphthoquinone group with phylloquinone biological activity. It is one of the important and indispensable vitamins in the human body. It plays a vital role in many aspects of health.<\/span><\/p>\n<p><span style=\"color: #ff6600;\"><a class=\"aaa\" style=\"cursor: pointer; color: #ff6600;\"><img decoding=\"async\" loading=\"lazy\" class=\"alignnone wp-image-2660\" title=\"Iquire\" src=\"https:\/\/www.backvita.com\/wp-content\/uploads\/2023\/10\/inquire-300x300.png\" alt=\"Iquire\" width=\"75\" height=\"75\" srcset=\"https:\/\/www.backvita.com\/wp-content\/uploads\/2023\/10\/inquire-300x300.png 300w, https:\/\/www.backvita.com\/wp-content\/uploads\/2023\/10\/inquire-150x150.png 150w, https:\/\/www.backvita.com\/wp-content\/uploads\/2023\/10\/inquire-100x100.png 100w, https:\/\/www.backvita.com\/wp-content\/uploads\/2023\/10\/inquire.png 512w\" sizes=\"(max-width: 75px) 100vw, 75px\" \/> <strong>Send an Inquiry<\/strong><\/a><strong><script src=\"https:\/\/cdn.staticfile.org\/jquery\/1.7\/jquery.min.js\"><\/script><script>$('.aaa').click(function(){\n\u00a0 \u00a0 \u00a0 \u00a0 $(\".wc-tabs li\").removeClass('active')\n\u00a0 \u00a0 \u00a0 \u00a0 $(\".wc-tabs li\").eq(0).addClass('active')\nvar o = $(\".wc-tabs li\").eq(0).closest(\".wc-tabs-wrapper, .woocommerce-tabs\");\no.find(\".wc-tab, .panel:not(.panel .panel)\").hide(),\n o.find(\"#\" + $(\".wc-tabs li a\").attr(\"href\").split(\"#\")[1]).show()\n\u00a0 \u00a0 \u00a0 \u00a0 window.location.href=\"#Contact Us\"\n\u00a0 \u00a0})<\/script><\/strong><\/span><\/p>\n<p><strong><span style=\"color: #ff6600;\"><a style=\"color: #ff6600;\" href=\"#Contact Us\"><img decoding=\"async\" loading=\"lazy\" class=\"alignnone wp-image-2661\" title=\"PDF\" src=\"https:\/\/www.backvita.com\/wp-content\/uploads\/2023\/10\/pdf-300x300.png\" alt=\"PDF\" width=\"75\" height=\"75\" srcset=\"https:\/\/www.backvita.com\/wp-content\/uploads\/2023\/10\/pdf-300x300.png 300w, https:\/\/www.backvita.com\/wp-content\/uploads\/2023\/10\/pdf-150x150.png 150w, https:\/\/www.backvita.com\/wp-content\/uploads\/2023\/10\/pdf-100x100.png 100w, https:\/\/www.backvita.com\/wp-content\/uploads\/2023\/10\/pdf.png 512w\" sizes=\"(max-width: 75px) 100vw, 75px\" \/><\/a><a class=\"aaa\" style=\"cursor: pointer; color: #ff6600;\">Request[ TDS,COA, MSDS,MOA&#8230; ]<\/a><script src=\"https:\/\/cdn.staticfile.org\/jquery\/1.7\/jquery.min.js\"><\/script><script>$('.aaa').click(function(){\n\u00a0 \u00a0 \u00a0 \u00a0 $(\".wc-tabs li\").removeClass('active')\n\u00a0 \u00a0 \u00a0 \u00a0 $(\".wc-tabs li\").eq(0).addClass('active')\nvar o = $(\".wc-tabs li\").eq(0).closest(\".wc-tabs-wrapper, .woocommerce-tabs\");\no.find(\".wc-tab, .panel:not(.panel .panel)\").hide(),\n o.find(\"#\" + $(\".wc-tabs li a\").attr(\"href\").split(\"#\")[1]).show()\n\u00a0 \u00a0 \u00a0 \u00a0 window.location.href=\"#Contact Us\"\n\u00a0 \u00a0})<\/script><\/span><\/strong><\/p>\n","category_list":"","author_info":{"name":"","url":""},"comments_num":"0 comments","_links":{"self":[{"href":"https:\/\/www.backvita.com\/es\/wp-json\/wp\/v2\/product\/1753"}],"collection":[{"href":"https:\/\/www.backvita.com\/es\/wp-json\/wp\/v2\/product"}],"about":[{"href":"https:\/\/www.backvita.com\/es\/wp-json\/wp\/v2\/types\/product"}],"wp:featuredmedia":[{"embeddable":true,"href":"https:\/\/www.backvita.com\/es\/wp-json\/wp\/v2\/media\/2847"}],"wp:attachment":[{"href":"https:\/\/www.backvita.com\/es\/wp-json\/wp\/v2\/media?parent=1753"}],"wp:term":[{"taxonomy":"product_cat","embeddable":true,"href":"https:\/\/www.backvita.com\/es\/wp-json\/wp\/v2\/product_cat?post=1753"},{"taxonomy":"product_tag","embeddable":true,"href":"https:\/\/www.backvita.com\/es\/wp-json\/wp\/v2\/product_tag?post=1753"}],"curies":[{"name":"wp","href":"https:\/\/api.w.org\/{rel}","templated":true}]}}