{"id":2881,"date":"2023-11-04T14:19:12","date_gmt":"2023-11-04T06:19:12","guid":{"rendered":"https:\/\/www.backvita.com\/?post_type=product&#038;p=2881"},"modified":"2024-02-07T14:20:41","modified_gmt":"2024-02-07T06:20:41","slug":"vitamin-k1-suppliers-vitamin-k1-manufacturers-vitamin-k1-factory-free-sample","status":"publish","type":"product","link":"https:\/\/www.backvita.com\/es\/product\/vitamina-k1-proveedores-vitamina-k1-fabricantes-vitamina-k1-muestra-gratis-de-fabrica\/","title":{"rendered":"Vitamina K1 proveedores Vitamina K1 fabricantes Vitamina K1 muestra gratis de f\u00e1brica"},"content":{"rendered":"<h2>Descripci\u00f3n de la vitamina K1<\/h2>\n<p>La vitamina K1 , tambi\u00e9n conocida como fitomenadiona, fitomenadiona, filoquinona, cuyo nombre qu\u00edmico es 2-metil-3-fitil-1,4-naftoquinona, es una cetona arom\u00e1tica polic\u00edclica. Es una vitamina liposoluble estable al aire y la humedad, pero se descompone con la luz solar. Se encuentra ampliamente en las plantas verdes naturales.<\/p>\n<table style=\"height: 171px;\" width=\"1300\">\n<tbody>\n<tr>\n<td width=\"219\"><strong>Nombre del producto<\/strong><\/td>\n<td width=\"466\">Vitamina K1<\/td>\n<\/tr>\n<tr>\n<td><strong>N\u00ba CAS<\/strong><\/td>\n<td>84-80-0<\/td>\n<\/tr>\n<tr>\n<td><strong>Apariencia<\/strong><\/td>\n<td>polvo amarillo claro<\/td>\n<\/tr>\n<tr>\n<td><strong>Especificaciones<\/strong><\/td>\n<td>Vitamina K1<\/td>\n<\/tr>\n<tr>\n<td><strong>Pakage<\/strong><\/td>\n<td>1kg\/saco, 25kg\/bid\u00f3n<\/td>\n<\/tr>\n<tr>\n<td><strong>Almacenamiento<\/strong><\/td>\n<td>Proteger de la humedad y evitar el almacenamiento ligero y herm\u00e9tico.<\/td>\n<\/tr>\n<tr>\n<td><strong>M\u00e9todo de ensayo<\/strong><\/td>\n<td>IR<\/td>\n<\/tr>\n<\/tbody>\n<\/table>\n<h2><\/h2>\n<h2>Funciones de la vitamina K1<\/h2>\n<h3><strong>Coagulaci\u00f3n<\/strong><\/h3>\n<p>La vitamina K es una sustancia indispensable para la s\u00edntesis de protrombina en el h\u00edgado, y su funci\u00f3n es promover la conversi\u00f3n del precursor de la protrombina en protrombina. Su deficiencia puede causar hipoprotrombinemia y trastornos de la coagulaci\u00f3n. Existen directrices bien establecidas para el uso de la vitamina K1 como agente hemost\u00e1tico . Por ejemplo, a los reci\u00e9n nacidos se les administra 1 mg de K1 poco despu\u00e9s de nacer para prevenir hemorragias potencialmente mortales debidas a la deficiencia de vitamina K.<\/p>\n<p><img decoding=\"async\" loading=\"lazy\" class=\"aligncenter wp-image-2849 size-full\" title=\"coagulaci\u00f3n Vitamina K1\" src=\"https:\/\/www.backvita.com\/wp-content\/uploads\/2023\/10\/coagulation-Vitamin-K1.webp\" alt=\"coagulaci\u00f3n Vitamina K1\" width=\"720\" height=\"383\" srcset=\"https:\/\/www.backvita.com\/wp-content\/uploads\/2023\/10\/coagulation-Vitamin-K1.webp 720w, https:\/\/www.backvita.com\/wp-content\/uploads\/2023\/10\/coagulation-Vitamin-K1-300x160.webp 300w, https:\/\/www.backvita.com\/wp-content\/uploads\/2023\/10\/coagulation-Vitamin-K1-600x319.webp 600w\" sizes=\"(max-width: 720px) 100vw, 720px\" \/><\/p>\n<h3><strong>Reducir el riesgo de fracturas<\/strong><\/h3>\n<p>Un estudio australiano demostr\u00f3 que el riesgo de hospitalizaci\u00f3n por fractura era m\u00ednimo cuando la ingesta de vitamina K1 era de aproximadamente 100 \u03bcg\/d\u00eda. En las mujeres mayores que viven en la comunidad, una mayor ingesta de vitamina K1 se asocia con un menor riesgo a largo plazo de fracturas y hospitalizaciones relacionadas con fracturas de cadera. Otro estudio del Reino Unido mostr\u00f3 que la vitamina K1 s\u00e9rica se redujo significativamente en el grupo de fractura (fractura com\u00fan: 0,53 [0,41], sin fractura; 0,65 [0,66] \u03bcg\/L, p=0,04), y la vitamina K1 reducida se asoci\u00f3 de forma independiente con el riesgo de fractura Relacionado.<\/p>\n<p><img decoding=\"async\" loading=\"lazy\" class=\"aligncenter wp-image-2850 size-full\" title=\"Reduce el riesgo de fractura Vitamina K1\" src=\"https:\/\/www.backvita.com\/wp-content\/uploads\/2023\/10\/Reduce-fracture-risk-Vitamin-K1.webp\" alt=\"Reduce el riesgo de fractura Vitamina K1\" width=\"1080\" height=\"533\" srcset=\"https:\/\/www.backvita.com\/wp-content\/uploads\/2023\/10\/Reduce-fracture-risk-Vitamin-K1.webp 1080w, https:\/\/www.backvita.com\/wp-content\/uploads\/2023\/10\/Reduce-fracture-risk-Vitamin-K1-300x148.webp 300w, https:\/\/www.backvita.com\/wp-content\/uploads\/2023\/10\/Reduce-fracture-risk-Vitamin-K1-1024x505.webp 1024w, https:\/\/www.backvita.com\/wp-content\/uploads\/2023\/10\/Reduce-fracture-risk-Vitamin-K1-768x379.webp 768w, https:\/\/www.backvita.com\/wp-content\/uploads\/2023\/10\/Reduce-fracture-risk-Vitamin-K1-600x296.webp 600w\" sizes=\"(max-width: 1080px) 100vw, 1080px\" \/><\/p>\n<h3><strong>Efecto antioxidante<\/strong><\/h3>\n<p>La vitamina K1 previene el estr\u00e9s oxidativo en c\u00e9lulas neuronales y oligodendrocitos primarios bloqueando la activaci\u00f3n de la 12-lipoxigenasa y la producci\u00f3n de ROS . La ingesta de vitamina K mejora la funci\u00f3n cognitiva en adultos mayores sanos. Uno de los estudios demostr\u00f3 que la vitamina K1 se asociaba a un mejor rendimiento de la memoria epis\u00f3dica verbal, concretamente a un mejor rendimiento en las pruebas de recuerdo .<\/p>\n<p><img decoding=\"async\" loading=\"lazy\" class=\"aligncenter wp-image-2851 size-full\" title=\" Efecto antioxidante Vitamina K1\" src=\"https:\/\/www.backvita.com\/wp-content\/uploads\/2023\/10\/Anti-oxidize-effect-Vitamin-K1.webp\" alt=\"Efecto antioxidante Vitamina K1\" width=\"1080\" height=\"675\" srcset=\"https:\/\/www.backvita.com\/wp-content\/uploads\/2023\/10\/Anti-oxidize-effect-Vitamin-K1.webp 1080w, https:\/\/www.backvita.com\/wp-content\/uploads\/2023\/10\/Anti-oxidize-effect-Vitamin-K1-300x188.webp 300w, https:\/\/www.backvita.com\/wp-content\/uploads\/2023\/10\/Anti-oxidize-effect-Vitamin-K1-1024x640.webp 1024w, https:\/\/www.backvita.com\/wp-content\/uploads\/2023\/10\/Anti-oxidize-effect-Vitamin-K1-768x480.webp 768w, https:\/\/www.backvita.com\/wp-content\/uploads\/2023\/10\/Anti-oxidize-effect-Vitamin-K1-600x375.webp 600w\" sizes=\"(max-width: 1080px) 100vw, 1080px\" \/><\/p>\n<h3><strong>Mejorar la resistencia a la insulina<\/strong><\/h3>\n<p>Cl\u00ednicamente probado, la vitamina K1 500 ugm\/d\u00eda durante 36 meses puede mejorar la resistencia masculina a la insulina (reducir significativamente el HOMA-IR) .<\/p>\n<p>&nbsp;<\/p>\n<h2><span style=\"color: #ff9c00;\">Nuestro servicio de valor a\u00f1adido Rest Easy<\/span><\/h2>\n<p><em><strong><span style=\"color: #ff9c00;\">&gt;&gt;&gt;\u00a0 <\/span><\/strong><\/em><strong>Backvita tiene t\u00e9cnicos profesionales que pueden proporcionar documentos de apoyo t\u00e9cnico como: Normas, Especificaciones, COA, MOA,\u00a0<\/strong><strong>FDS,<\/strong><strong>Diagrama de flujo, declaraciones, cromatogramas, datos nutricionales, prueba de estabilidad, etc.<\/strong><\/p>\n<p><strong><span style=\"color: #ff9c00;\">&gt;&gt;&gt; \u00a0<\/span>Nos comprometemos a ofrecerle servicios exclusivos para que no tenga preocupaciones en la compra y venta de productos.<\/strong><\/p>\n<p><strong><span style=\"color: #ff9c00;\">&gt;&gt;&gt;<\/span>\u00a0 Nuestro equipo global de analistas de datos de comercio electr\u00f3nico cuenta con 10 a\u00f1os de experiencia en el sector de los extractos de plantas. Le proporcionar\u00e1n informes de datos sobre los pa\u00edses en los que se venden sus productos para ayudarle a tomar decisiones con conocimiento de causa. Estos informes de datos incluir\u00e1n el volumen de ventas, los canales de venta, el an\u00e1lisis de la competencia y otros datos que le ayudar\u00e1n a comprender mejor la demanda y las tendencias del mercado, optimizando as\u00ed sus estrategias de adquisici\u00f3n y venta.<\/strong><\/p>\n<p><strong><span style=\"color: #ff9c00;\">&gt;&gt;&gt;\u00a0<\/span> Adem\u00e1s de los informes de datos, tambi\u00e9n le facilitaremos peri\u00f3dicamente informaci\u00f3n sobre los productos de moda y las novedades del mercado. Esta informaci\u00f3n le ayudar\u00e1 a mantenerse al corriente de las posibles oportunidades y tendencias del mercado, y a realizar ajustes y tomar decisiones en funci\u00f3n de las demandas del mercado.<\/strong><\/p>\n<p><strong><span style=\"color: #ff9c00;\">&gt;&gt;&gt;<\/span>\u00a0 Si tiene su propia marca exclusiva, tambi\u00e9n le proporcionaremos materiales promocionales y carteles que le ayudar\u00e1n a mejorar su imagen de marca y a darse a conocer en el mercado. Nuestro equipo de dise\u00f1o dise\u00f1ar\u00e1 materiales promocionales exclusivos para su marca de acuerdo con sus necesidades y requisitos. Todos estos servicios de valor a\u00f1adido se ofrecen gratuitamente a los clientes de nuestros socios.<\/strong><\/p>\n<p><strong><span style=\"color: #ff9c00;\">&gt;&gt;&gt;<\/span>\u00a0 Nuestro objetivo es centrarnos en los clientes, ofrecerles servicios sin preocupaciones durante todo el proceso y ayudarles a conseguir un mayor rendimiento y \u00e9xito.<\/strong><\/p>\n<p><strong><span style=\"color: #ff9c00;\">&gt;&gt;&gt;<\/span>\u00a0 Si tiene alguna pregunta o necesidad especial sobre nuestros servicios de valor a\u00f1adido, no dude en ponerse en contacto con nosotros. Haremos todo lo posible para ayudarle y garantizar su satisfacci\u00f3n. Gracias de nuevo por su apoyo y atenci\u00f3n hacia nosotros, y esperamos establecer una relaci\u00f3n de cooperaci\u00f3n a largo plazo con usted.<\/strong><\/p>\n<p>&nbsp;<\/p>\n<h2>P\u00f3ngase en contacto con nosotros<a name=\"Contact Us\"><\/a><\/h2>\n\n<div class=\"wpcf7 no-js\" id=\"wpcf7-f690-o1\" lang=\"zh-CN\" dir=\"ltr\">\n<div class=\"screen-reader-response\"><p role=\"status\" aria-live=\"polite\" aria-atomic=\"true\"><\/p> <ul><\/ul><\/div>\n<form action=\"\/es\/wp-json\/wp\/v2\/product\/2881#wpcf7-f690-o1\" method=\"post\" class=\"wpcf7-form init\" aria-label=\"Contact form\" novalidate=\"novalidate\" data-status=\"init\" data-trp-original-action=\"\/es\/wp-json\/wp\/v2\/product\/2881#wpcf7-f690-o1\">\n<div style=\"display: none;\">\n<input type=\"hidden\" name=\"_wpcf7\" value=\"690\" \/>\n<input type=\"hidden\" name=\"_wpcf7_version\" value=\"5.8\" \/>\n<input type=\"hidden\" name=\"_wpcf7_locale\" value=\"zh_CN\" \/>\n<input type=\"hidden\" name=\"_wpcf7_unit_tag\" value=\"wpcf7-f690-o1\" \/>\n<input type=\"hidden\" name=\"_wpcf7_container_post\" value=\"0\" \/>\n<input type=\"hidden\" name=\"_wpcf7_posted_data_hash\" value=\"\" \/>\n<\/div>\n<p><label> *Nombre *Nombre de la empresa<br \/>\n<span class=\"wpcf7-form-control-wrap\" data-name=\"your-name\"><input size=\"40\" class=\"wpcf7-form-control wpcf7-text wpcf7-validates-as-required\" autocomplete=\"name\" aria-required=\"true\" aria-invalid=\"false\" value=\"\" type=\"text\" name=\"your-name\" \/><\/span> <\/label>\n<\/p>\n<p><label> *Correo electr\u00f3nico<br \/>\n<span class=\"wpcf7-form-control-wrap\" data-name=\"your-email\"><input size=\"40\" class=\"wpcf7-form-control wpcf7-email wpcf7-validates-as-required wpcf7-text wpcf7-validates-as-email\" autocomplete=\"email\" aria-required=\"true\" aria-invalid=\"false\" value=\"\" type=\"email\" name=\"your-email\" \/><\/span> <\/label>\n<\/p>\n<p><label> *N\u00famero de tel\u00e9fono<br \/>\n<span class=\"wpcf7-form-control-wrap\" data-name=\"your-subject\"><input size=\"40\" class=\"wpcf7-form-control wpcf7-text wpcf7-validates-as-required\" aria-required=\"true\" aria-invalid=\"false\" value=\"\" type=\"text\" name=\"your-subject\" \/><\/span> <\/label>\n<\/p>\n<p><label> *Mensaje<br \/>\n<span class=\"wpcf7-form-control-wrap\" data-name=\"your-message\"><textarea cols=\"40\" rows=\"10\" class=\"wpcf7-form-control wpcf7-textarea\" aria-invalid=\"false\" name=\"your-message\"><\/textarea><\/span> <\/label>\n<\/p>\n<p><input class=\"wpcf7-form-control wpcf7-submit has-spinner\" type=\"submit\" value=\"Enviar\" \/>\n<\/p><div class=\"wpcf7-response-output\" aria-hidden=\"true\"><\/div>\n<input type=\"hidden\" name=\"trp-form-language\" value=\"es\"\/><\/form>\n<\/div>\n\n<p>&nbsp;<\/p>","protected":false},"excerpt":{"rendered":"<p><span style=\"color: #000000;\">La vitamina K1 se utiliza principalmente para las hemorragias causadas por la deficiencia de vitamina K, como las provocadas por la ictericia obstructiva, la f\u00edstula biliar, la diarrea cr\u00f3nica, etc., as\u00ed como la deficiencia de vitamina K en el organismo causada por la hemorragia neonatal y la aplicaci\u00f3n a largo plazo de antibi\u00f3ticos de amplio espectro.<\/span><\/p>\n<p><span style=\"color: #ff6600;\"><a class=\"aaa\" style=\"cursor: pointer; color: #ff6600;\"><img decoding=\"async\" loading=\"lazy\" class=\"alignnone wp-image-2660\" title=\"Vitamina K1\" src=\"https:\/\/www.backvita.com\/wp-content\/uploads\/2023\/10\/inquire-300x300.png\" alt=\"Vitamina K1\" width=\"75\" height=\"75\" srcset=\"https:\/\/www.backvita.com\/wp-content\/uploads\/2023\/10\/inquire-300x300.png 300w, https:\/\/www.backvita.com\/wp-content\/uploads\/2023\/10\/inquire-150x150.png 150w, https:\/\/www.backvita.com\/wp-content\/uploads\/2023\/10\/inquire-100x100.png 100w, https:\/\/www.backvita.com\/wp-content\/uploads\/2023\/10\/inquire.png 512w\" sizes=\"(max-width: 75px) 100vw, 75px\" \/> <strong>Enviar una consulta<\/strong><\/a><strong><script src=\"https:\/\/cdn.staticfile.org\/jquery\/1.7\/jquery.min.js\"><\/script><script>$('.aaa').click(function(){\n\u00a0 \u00a0 \u00a0 \u00a0 $(\".wc-tabs li\").removeClass('active')\n\u00a0 \u00a0 \u00a0 \u00a0 $(\".wc-tabs li\").eq(0).addClass('active')\nvar o = $(\".wc-tabs li\").eq(0).closest(\".wc-tabs-wrapper, .woocommerce-tabs\");\no.find(\".wc-tab, .panel:not(.panel .panel)\").hide(),\n o.find(\"#\" + $(\".wc-tabs li a\").attr(\"href\").split(\"#\")[1]).show()\n\u00a0 \u00a0 \u00a0 \u00a0 window.location.href=\"#Contact Us\"\n\u00a0 \u00a0})<\/script><\/strong><\/span><\/p>\n<p><strong><span style=\"color: #ff6600;\"><a style=\"color: #ff6600;\" href=\"#Contact Us\"><img decoding=\"async\" loading=\"lazy\" class=\"alignnone wp-image-2661\" title=\" PDF\" src=\"https:\/\/www.backvita.com\/wp-content\/uploads\/2023\/10\/pdf-300x300.png\" alt=\" PDF\" width=\"75\" height=\"75\" srcset=\"https:\/\/www.backvita.com\/wp-content\/uploads\/2023\/10\/pdf-300x300.png 300w, https:\/\/www.backvita.com\/wp-content\/uploads\/2023\/10\/pdf-150x150.png 150w, https:\/\/www.backvita.com\/wp-content\/uploads\/2023\/10\/pdf-100x100.png 100w, https:\/\/www.backvita.com\/wp-content\/uploads\/2023\/10\/pdf.png 512w\" sizes=\"(max-width: 75px) 100vw, 75px\" \/><\/a><a class=\"aaa\" style=\"cursor: pointer; color: #ff6600;\">Solicitud[ TDS,COA, MSDS,MOA... ]<\/a><script src=\"https:\/\/cdn.staticfile.org\/jquery\/1.7\/jquery.min.js\"><\/script><script>$('.aaa').click(function(){\n\u00a0 \u00a0 \u00a0 \u00a0 $(\".wc-tabs li\").removeClass('active')\n\u00a0 \u00a0 \u00a0 \u00a0 $(\".wc-tabs li\").eq(0).addClass('active')\nvar o = $(\".wc-tabs li\").eq(0).closest(\".wc-tabs-wrapper, .woocommerce-tabs\");\no.find(\".wc-tab, .panel:not(.panel .panel)\").hide(),\n o.find(\"#\" + $(\".wc-tabs li a\").attr(\"href\").split(\"#\")[1]).show()\n\u00a0 \u00a0 \u00a0 \u00a0 window.location.href=\"#Contact Us\"\n\u00a0 \u00a0})<\/script><\/span><\/strong><\/p>","protected":false},"featured_media":2848,"template":"","meta":{"_seopress_robots_primary_cat":"none","_seopress_titles_title":"Vitamin K1 suppliers Vitamin K1 manufacturers Vitamin K1 factory free sample","_seopress_titles_desc":"Vitamin K1 is mainly used for bleeding caused by vitamin K deficiency, such as bleeding caused by obstructive jaundice, biliary fistula, chronic diarrhea, etc., as well as vitamin K deficiency in the body caused by neonatal hemorrhage and long-term application of broad-spectrum antibiotics.","_seopress_robots_index":""},"product_cat":[46,58],"product_tag":[100,92,99,97,90,93,98,94,96,95,88,112,111,107,108,106,105,101,102,89,109,113,114,110,115,103,104,91],"featured_image_urls":{"full":["https:\/\/www.backvita.com\/wp-content\/uploads\/2023\/10\/Vitamin-K1.webp",451,448,false],"thumbnail":["https:\/\/www.backvita.com\/wp-content\/uploads\/2023\/10\/Vitamin-K1-150x150.webp",150,150,true],"medium":["https:\/\/www.backvita.com\/wp-content\/uploads\/2023\/10\/Vitamin-K1-300x298.webp",300,298,true],"medium_large":["https:\/\/www.backvita.com\/wp-content\/uploads\/2023\/10\/Vitamin-K1.webp",451,448,false],"large":["https:\/\/www.backvita.com\/wp-content\/uploads\/2023\/10\/Vitamin-K1.webp",451,448,false],"1536x1536":["https:\/\/www.backvita.com\/wp-content\/uploads\/2023\/10\/Vitamin-K1.webp",451,448,false],"2048x2048":["https:\/\/www.backvita.com\/wp-content\/uploads\/2023\/10\/Vitamin-K1.webp",451,448,false],"trp-custom-language-flag":["https:\/\/www.backvita.com\/wp-content\/uploads\/2023\/10\/Vitamin-K1.webp",12,12,false],"woocommerce_thumbnail":["https:\/\/www.backvita.com\/wp-content\/uploads\/2023\/10\/Vitamin-K1-300x300.webp",300,300,true],"woocommerce_single":["https:\/\/www.backvita.com\/wp-content\/uploads\/2023\/10\/Vitamin-K1.webp",451,448,false],"woocommerce_gallery_thumbnail":["https:\/\/www.backvita.com\/wp-content\/uploads\/2023\/10\/Vitamin-K1-100x100.webp",100,100,true]},"post_excerpt_stackable":"<p><span style=\"color: #000000;\">Vitamin K1 is mainly used for bleeding caused by vitamin K deficiency, such as bleeding caused by obstructive jaundice, biliary fistula, chronic diarrhea, etc., as well as vitamin K deficiency in the body caused by neonatal hemorrhage and long-term application of broad-spectrum antibiotics.<\/span><\/p>\n<p><span style=\"color: #ff6600;\"><a class=\"aaa\" style=\"cursor: pointer; color: #ff6600;\"><img decoding=\"async\" loading=\"lazy\" class=\"alignnone wp-image-2660\" title=\"Vitamin K1\" src=\"https:\/\/www.backvita.com\/wp-content\/uploads\/2023\/10\/inquire-300x300.png\" alt=\"Vitamin K1\" width=\"75\" height=\"75\" srcset=\"https:\/\/www.backvita.com\/wp-content\/uploads\/2023\/10\/inquire-300x300.png 300w, https:\/\/www.backvita.com\/wp-content\/uploads\/2023\/10\/inquire-150x150.png 150w, https:\/\/www.backvita.com\/wp-content\/uploads\/2023\/10\/inquire-100x100.png 100w, https:\/\/www.backvita.com\/wp-content\/uploads\/2023\/10\/inquire.png 512w\" sizes=\"(max-width: 75px) 100vw, 75px\" \/> <strong>Send an Inquiry<\/strong><\/a><strong><script src=\"https:\/\/cdn.staticfile.org\/jquery\/1.7\/jquery.min.js\"><\/script><script>$('.aaa').click(function(){\n\u00a0 \u00a0 \u00a0 \u00a0 $(\".wc-tabs li\").removeClass('active')\n\u00a0 \u00a0 \u00a0 \u00a0 $(\".wc-tabs li\").eq(0).addClass('active')\nvar o = $(\".wc-tabs li\").eq(0).closest(\".wc-tabs-wrapper, .woocommerce-tabs\");\no.find(\".wc-tab, .panel:not(.panel .panel)\").hide(),\n o.find(\"#\" + $(\".wc-tabs li a\").attr(\"href\").split(\"#\")[1]).show()\n\u00a0 \u00a0 \u00a0 \u00a0 window.location.href=\"#Contact Us\"\n\u00a0 \u00a0})<\/script><\/strong><\/span><\/p>\n<p><strong><span style=\"color: #ff6600;\"><a style=\"color: #ff6600;\" href=\"#Contact Us\"><img decoding=\"async\" loading=\"lazy\" class=\"alignnone wp-image-2661\" title=\" PDF\" src=\"https:\/\/www.backvita.com\/wp-content\/uploads\/2023\/10\/pdf-300x300.png\" alt=\" PDF\" width=\"75\" height=\"75\" srcset=\"https:\/\/www.backvita.com\/wp-content\/uploads\/2023\/10\/pdf-300x300.png 300w, https:\/\/www.backvita.com\/wp-content\/uploads\/2023\/10\/pdf-150x150.png 150w, https:\/\/www.backvita.com\/wp-content\/uploads\/2023\/10\/pdf-100x100.png 100w, https:\/\/www.backvita.com\/wp-content\/uploads\/2023\/10\/pdf.png 512w\" sizes=\"(max-width: 75px) 100vw, 75px\" \/><\/a><a class=\"aaa\" style=\"cursor: pointer; color: #ff6600;\">Request[ TDS,COA, MSDS,MOA&#8230; ]<\/a><script src=\"https:\/\/cdn.staticfile.org\/jquery\/1.7\/jquery.min.js\"><\/script><script>$('.aaa').click(function(){\n\u00a0 \u00a0 \u00a0 \u00a0 $(\".wc-tabs li\").removeClass('active')\n\u00a0 \u00a0 \u00a0 \u00a0 $(\".wc-tabs li\").eq(0).addClass('active')\nvar o = $(\".wc-tabs li\").eq(0).closest(\".wc-tabs-wrapper, .woocommerce-tabs\");\no.find(\".wc-tab, .panel:not(.panel .panel)\").hide(),\n o.find(\"#\" + $(\".wc-tabs li a\").attr(\"href\").split(\"#\")[1]).show()\n\u00a0 \u00a0 \u00a0 \u00a0 window.location.href=\"#Contact Us\"\n\u00a0 \u00a0})<\/script><\/span><\/strong><\/p>\n","category_list":"","author_info":{"name":"","url":""},"comments_num":"0 comments","_links":{"self":[{"href":"https:\/\/www.backvita.com\/es\/wp-json\/wp\/v2\/product\/2881"}],"collection":[{"href":"https:\/\/www.backvita.com\/es\/wp-json\/wp\/v2\/product"}],"about":[{"href":"https:\/\/www.backvita.com\/es\/wp-json\/wp\/v2\/types\/product"}],"wp:featuredmedia":[{"embeddable":true,"href":"https:\/\/www.backvita.com\/es\/wp-json\/wp\/v2\/media\/2848"}],"wp:attachment":[{"href":"https:\/\/www.backvita.com\/es\/wp-json\/wp\/v2\/media?parent=2881"}],"wp:term":[{"taxonomy":"product_cat","embeddable":true,"href":"https:\/\/www.backvita.com\/es\/wp-json\/wp\/v2\/product_cat?post=2881"},{"taxonomy":"product_tag","embeddable":true,"href":"https:\/\/www.backvita.com\/es\/wp-json\/wp\/v2\/product_tag?post=2881"}],"curies":[{"name":"wp","href":"https:\/\/api.w.org\/{rel}","templated":true}]}}