{"id":2892,"date":"2023-11-04T14:23:36","date_gmt":"2023-11-04T06:23:36","guid":{"rendered":"https:\/\/www.backvita.com\/?post_type=product&#038;p=2892"},"modified":"2024-02-07T12:54:03","modified_gmt":"2024-02-07T04:54:03","slug":"l-glutathione-reduced-suppliers-l-glutathione-reduced-manufacturers-l-glutathione-reduced-factory-free-sample","status":"publish","type":"product","link":"https:\/\/www.backvita.com\/es\/product\/l-glutation-reducido-proveedores-l-glutation-reducido-fabricantes-l-glutation-reducido-muestra-gratis-de-fabrica\/","title":{"rendered":"L-Glutathione Reduced proveedores L-Glutathione Reduced fabricantes L-Glutathione Reduced muestra gratis de f\u00e1brica"},"content":{"rendered":"<h2 style=\"text-align: left;\">L-Glutati\u00f3n reducido I<b>ntroducci\u00f3n<\/b><\/h2>\n<p><strong><em>Glutati\u00f3n<\/em> <\/strong><em>(L-Glutati\u00f3n reducido) <\/em>contiene NLT 98,0% y NMT 101,0% de Glutati\u00f3n (C10H17N3O6S ), calculado en base anhidra.<\/p>\n<p>El glutati\u00f3n (GSH) es un trip\u00e9ptido compuesto de \u00e1cido glut\u00e1mico, ciste\u00edna y glicina, que contiene sulfhidrilo, que tiene efectos antioxidantes y de desintoxicaci\u00f3n integrada. Intervienen en el ciclo del \u00e1cido tricarbox\u00edlico y el metabolismo del az\u00facar en el cuerpo humano, y pueden activar una variedad de enzimas para promover el metabolismo de az\u00facares, grasas y prote\u00ednas. El glutati\u00f3n tiene funciones de desintoxicaci\u00f3n, antioxidaci\u00f3n y mejora de la inmunidad, y tiene un efecto protector auxiliar en las lesiones hep\u00e1ticas qu\u00edmicas.<\/p>\n<table style=\"height: 120px;\" width=\"1323\">\n<tbody>\n<tr>\n<td width=\"219\"><strong>Nombre del producto<\/strong><\/td>\n<td width=\"466\">L-glutati\u00f3n reducido<\/td>\n<\/tr>\n<tr>\n<td><strong>N\u00ba CAS<\/strong><\/td>\n<td>70-18-8<\/td>\n<\/tr>\n<tr>\n<td><strong>Apariencia<\/strong><\/td>\n<td>polvo blanco<\/td>\n<\/tr>\n<tr>\n<td><strong>Especificaciones<\/strong><\/td>\n<td>98.0%<\/td>\n<\/tr>\n<tr>\n<td><strong>Pakage<\/strong><\/td>\n<td>1kg\/saco, 25kg\/bid\u00f3n<\/td>\n<\/tr>\n<tr>\n<td><strong>Almacenamiento<\/strong><\/td>\n<td>Proteger de la humedad y evitar el almacenamiento ligero y herm\u00e9tico.<\/td>\n<\/tr>\n<tr>\n<td><strong>M\u00e9todo de ensayo<\/strong><\/td>\n<td>HPLC<\/td>\n<\/tr>\n<\/tbody>\n<\/table>\n<h2><\/h2>\n<h2 style=\"text-align: left;\"><b>Especificaciones principales de<\/b><b> Glutati\u00f3n reducido<\/b><\/h2>\n<p>Glutati\u00f3n baja densidad 98.0% HPLC<br \/>\nGlutati\u00f3n de alta densidad 98.0% HPLC<\/p>\n<p>&nbsp;<\/p>\n<h2 style=\"text-align: left;\"><b>Beneficios o<\/b><b>f <\/b>L-<b>Glutati\u00f3n reducido<\/b><\/h2>\n<p>El glutati\u00f3n reducido (GSH) es una importante mol\u00e9cula tripept\u00eddica de peque\u00f1o tama\u00f1o que tiene potentes efectos antioxidantes y regula la funci\u00f3n celular. Adem\u00e1s de su amplia aplicaci\u00f3n en el campo de la medicina, tambi\u00e9n tiene cierto potencial de aplicaci\u00f3n en el mercado de los productos sanitarios, cosm\u00e9ticos y alimentarios.<\/p>\n<h3><strong>Productos sanitarios<\/strong><\/h3>\n<p>El mercado de productos para el cuidado de la salud crece d\u00eda a d\u00eda, y la demanda de salud y antienvejecimiento de las personas es cada vez mayor. El glutati\u00f3n reducido, como potente antioxidante, puede ayudar a eliminar los radicales libres del organismo, reducir el impacto del da\u00f1o oxidativo en las c\u00e9lulas y mantener la salud f\u00edsica. Adem\u00e1s, el GSH tambi\u00e9n puede favorecer la capacidad de desintoxicaci\u00f3n del h\u00edgado y mejorar la funci\u00f3n del sistema inmunitario. Por lo tanto, a\u00f1adir glutati\u00f3n reducido como ingrediente activo en productos para la salud puede proporcionar protecci\u00f3n celular, mejorar la resistencia oxidativa y promover la salud en general.<\/p>\n<h3><strong>Cosm\u00e9ticos<\/strong><\/h3>\n<p>La industria cosm\u00e9tica se centra en productos que proporcionan protecci\u00f3n externa y embellecen la piel. El glutati\u00f3n reducido puede ayudar a la piel a reducir el da\u00f1o oxidativo, prevenir el da\u00f1o de los radicales libres en la piel y proporcionar protecci\u00f3n antioxidante. Adem\u00e1s, el GSH tambi\u00e9n puede regular la producci\u00f3n de melanina y mejorar la uniformidad del tono de la piel, y se utiliza ampliamente en algunos cosm\u00e9ticos con efectos blanqueadores. Adem\u00e1s, el glutati\u00f3n reducido tambi\u00e9n puede inhibir la formaci\u00f3n de manchas pigmentarias y mejorar el brillo y la transparencia de la piel.<\/p>\n<h3><strong>Alimentaci\u00f3n<\/strong><\/h3>\n<p>El sector alimentario demanda cada vez m\u00e1s ingredientes y aditivos con propiedades antioxidantes y antienvejecimiento. El glutati\u00f3n reducido puede entrar en el organismo a trav\u00e9s de la ingesta de alimentos y proporcionar protecci\u00f3n antioxidante y funciones de reparaci\u00f3n celular. Algunos alimentos ricos en GSH, como el bacalao, la ternera, etc., pueden utilizarse como forma de aportar glutati\u00f3n reducido a los alimentos. Adem\u00e1s, el glutati\u00f3n reducido tambi\u00e9n puede utilizarse como antioxidante y conservante durante el procesado de los alimentos para ayudar a prolongar su vida \u00fatil.<\/p>\n<p>&nbsp;<\/p>\n<h2 style=\"text-align: left;\"><strong>Especificaci\u00f3n (TDS) del glutati\u00f3n<\/strong><\/h2>\n<table style=\"height: 1835px;\" width=\"1307\">\n<tbody>\n<tr>\n<td width=\"213\"><strong>An\u00e1lisis<\/strong><\/td>\n<td width=\"301\"><strong>Especificaciones<\/strong><\/td>\n<td width=\"175\"><strong>M\u00e9todos<\/strong><\/td>\n<\/tr>\n<tr>\n<td colspan=\"3\" width=\"690\"><strong>Identificaciones<\/strong><\/td>\n<\/tr>\n<tr>\n<td width=\"213\"><strong>A. IR<\/strong><\/td>\n<td colspan=\"2\" width=\"477\">El espectro IR coincide con el espectro del glutati\u00f3n RS.<\/td>\n<\/tr>\n<tr>\n<td width=\"213\"><strong>B. Solubilidad<\/strong><\/td>\n<td colspan=\"2\" width=\"477\">F\u00e1cilmente soluble en agua, muy poco soluble en etanol y en cloruro de metileno.<\/td>\n<\/tr>\n<tr>\n<td colspan=\"3\" width=\"690\"><strong>Pruebas f\u00edsicas<\/strong><\/td>\n<\/tr>\n<tr>\n<td width=\"213\"><strong>Apariencia<\/strong><\/td>\n<td width=\"301\">Polvo cristalino blanco<\/td>\n<td width=\"175\">Visual<\/td>\n<\/tr>\n<tr>\n<td width=\"213\"><strong>Gusto y olfato<\/strong><\/td>\n<td width=\"301\">Sabor agrio<\/td>\n<td width=\"175\">Organol\u00e9ptico<\/td>\n<\/tr>\n<tr>\n<td width=\"213\"><strong>Rotaci\u00f3n espec\u00edfica<\/strong><\/td>\n<td width=\"301\">-15.5\u00b0~-17.5\u00b0<\/td>\n<td width=\"175\">USP43<\/td>\n<\/tr>\n<tr>\n<td width=\"213\"><strong>Densidad aparente<\/strong><\/td>\n<td width=\"301\">0,30-0,65g\/mL<\/td>\n<td width=\"175\">USP43<\/td>\n<\/tr>\n<tr>\n<td width=\"213\"><strong>P\u00e9rdida por secado<\/strong><\/td>\n<td width=\"301\">\u22640.50%<\/td>\n<td width=\"175\">USP43<\/td>\n<\/tr>\n<tr>\n<td width=\"213\"><strong>Residuos en el encendido<\/strong><\/td>\n<td width=\"301\">\u22640.10%<\/td>\n<td width=\"175\">USP43<\/td>\n<\/tr>\n<tr>\n<td colspan=\"3\" width=\"690\"><strong>Pruebas de principios activos<\/strong><\/td>\n<\/tr>\n<tr>\n<td width=\"213\"><strong>Pureza del glutati\u00f3n (HPLC)<\/strong><\/td>\n<td width=\"301\">98.00%-101.00%<\/td>\n<td width=\"175\">USP43<\/td>\n<\/tr>\n<tr>\n<td width=\"213\"><strong>Impurezas totales<\/strong><\/td>\n<td width=\"301\">\u22642.00%<\/td>\n<td width=\"175\">USP43<\/td>\n<\/tr>\n<tr>\n<td colspan=\"3\" width=\"690\"><strong>Pruebas qu\u00edmicas<\/strong><\/td>\n<\/tr>\n<tr>\n<td width=\"213\"><strong>Metales pesados<\/strong><\/td>\n<td width=\"301\">\u226410.00ppm<\/td>\n<td width=\"175\">USP43<\/td>\n<\/tr>\n<tr>\n<td width=\"213\"><strong>Pb<\/strong><\/td>\n<td width=\"301\">\u22641,00ppm<\/td>\n<td width=\"175\">USP43<\/td>\n<\/tr>\n<tr>\n<td width=\"213\"><strong>En<\/strong><\/td>\n<td width=\"301\">\u22642.00ppm<\/td>\n<td width=\"175\">USP43<\/td>\n<\/tr>\n<tr>\n<td width=\"213\"><strong>Cd<\/strong><\/td>\n<td width=\"301\">\u22640,10ppm<\/td>\n<td width=\"175\">USP43<\/td>\n<\/tr>\n<tr>\n<td width=\"213\"><strong>Hg<\/strong><\/td>\n<td width=\"301\">\u22641,00ppm<\/td>\n<td width=\"175\">USP43<\/td>\n<\/tr>\n<tr>\n<td width=\"213\"><strong>Residuos de hierro<\/strong><\/td>\n<td width=\"301\">\u226410.00ppm<\/td>\n<td width=\"175\">USP43<\/td>\n<\/tr>\n<tr>\n<td width=\"213\"><strong>Residuo de cloruro<\/strong><\/td>\n<td width=\"301\">\u2264200ppm<\/td>\n<td width=\"175\">USP43<\/td>\n<\/tr>\n<tr>\n<td width=\"213\"><strong>Residuo de sulfato<\/strong><\/td>\n<td width=\"301\">\u2264300ppm<\/td>\n<td width=\"175\">USP43<\/td>\n<\/tr>\n<tr>\n<td colspan=\"3\" width=\"690\"><strong>Pruebas microbiol\u00f3gicas<\/strong><\/td>\n<\/tr>\n<tr>\n<td width=\"213\"><strong>Recuento total de bacterias<\/strong><\/td>\n<td width=\"301\">\u22641.000 ufc\/g<\/td>\n<td width=\"175\">USP43<\/td>\n<\/tr>\n<tr>\n<td width=\"213\"><strong>Levaduras y mohos<\/strong><\/td>\n<td width=\"301\">\u2264100cfu\/g<\/td>\n<td width=\"175\">USP43<\/td>\n<\/tr>\n<tr>\n<td width=\"213\"><strong>E. Coli<\/strong><\/td>\n<td width=\"301\">Negativo en 1g<\/td>\n<td width=\"175\">USP43<\/td>\n<\/tr>\n<tr>\n<td width=\"213\"><strong>Salmonella<\/strong><\/td>\n<td width=\"301\">Negativo en 10g<\/td>\n<td width=\"175\">USP43<\/td>\n<\/tr>\n<tr>\n<td width=\"213\"><strong>Staphylococcus aureus<\/strong><\/td>\n<td width=\"301\">Negativo en 1g<\/td>\n<td width=\"175\">USP43<\/td>\n<\/tr>\n<\/tbody>\n<\/table>\n<h2><\/h2>\n<h2><span style=\"color: #ff9c00;\">Nuestro servicio de valor a\u00f1adido Rest Easy<\/span><\/h2>\n<p><em><strong><span style=\"color: #ff9c00;\">&gt;&gt;&gt;\u00a0 <\/span><\/strong><\/em><strong>Backvita tiene t\u00e9cnicos profesionales que pueden proporcionar documentos de apoyo t\u00e9cnico como: Normas, Especificaciones, COA, MOA,\u00a0<\/strong><strong>FDS,<\/strong><strong>Diagrama de flujo, declaraciones, cromatogramas, datos nutricionales, prueba de estabilidad, etc.<\/strong><\/p>\n<p><strong><span style=\"color: #ff9c00;\">&gt;&gt;&gt; \u00a0<\/span>Nos comprometemos a ofrecerle servicios exclusivos para que no tenga preocupaciones en la compra y venta de productos.<\/strong><\/p>\n<p><strong><span style=\"color: #ff9c00;\">&gt;&gt;&gt;<\/span>\u00a0 Nuestro equipo global de analistas de datos de comercio electr\u00f3nico cuenta con 10 a\u00f1os de experiencia en el sector de los extractos de plantas. Le proporcionar\u00e1n informes de datos sobre los pa\u00edses en los que se venden sus productos para ayudarle a tomar decisiones con conocimiento de causa. Estos informes de datos incluir\u00e1n el volumen de ventas, los canales de venta, el an\u00e1lisis de la competencia y otros datos que le ayudar\u00e1n a comprender mejor la demanda y las tendencias del mercado, optimizando as\u00ed sus estrategias de adquisici\u00f3n y venta.<\/strong><\/p>\n<p><strong><span style=\"color: #ff9c00;\">&gt;&gt;&gt;\u00a0<\/span> Adem\u00e1s de los informes de datos, tambi\u00e9n le facilitaremos peri\u00f3dicamente informaci\u00f3n sobre los productos de moda y las novedades del mercado. Esta informaci\u00f3n le ayudar\u00e1 a mantenerse al corriente de las posibles oportunidades y tendencias del mercado, y a realizar ajustes y tomar decisiones en funci\u00f3n de las demandas del mercado.<\/strong><\/p>\n<p><strong><span style=\"color: #ff9c00;\">&gt;&gt;&gt;<\/span>\u00a0 Si tiene su propia marca exclusiva, tambi\u00e9n le proporcionaremos materiales promocionales y carteles que le ayudar\u00e1n a mejorar su imagen de marca y a darse a conocer en el mercado. Nuestro equipo de dise\u00f1o dise\u00f1ar\u00e1 materiales promocionales exclusivos para su marca de acuerdo con sus necesidades y requisitos. Todos estos servicios de valor a\u00f1adido se ofrecen gratuitamente a los clientes de nuestros socios.<\/strong><\/p>\n<p><strong><span style=\"color: #ff9c00;\">&gt;&gt;&gt;<\/span>\u00a0 Nuestro objetivo es centrarnos en los clientes, ofrecerles servicios sin preocupaciones durante todo el proceso y ayudarles a conseguir un mayor rendimiento y \u00e9xito.<\/strong><\/p>\n<p><strong><span style=\"color: #ff9c00;\">&gt;&gt;&gt;<\/span>\u00a0 Si tiene alguna pregunta o necesidad especial sobre nuestros servicios de valor a\u00f1adido, no dude en ponerse en contacto con nosotros. Haremos todo lo posible para ayudarle y garantizar su satisfacci\u00f3n. Gracias de nuevo por su apoyo y atenci\u00f3n hacia nosotros, y esperamos establecer una relaci\u00f3n de cooperaci\u00f3n a largo plazo con usted.<\/strong><\/p>\n<p>&nbsp;<\/p>\n<h2>P\u00f3ngase en contacto con nosotros<a name=\"Contact Us\"><\/a><\/h2>\n\n<div class=\"wpcf7 no-js\" id=\"wpcf7-f690-o1\" lang=\"zh-CN\" dir=\"ltr\">\n<div class=\"screen-reader-response\"><p role=\"status\" aria-live=\"polite\" aria-atomic=\"true\"><\/p> <ul><\/ul><\/div>\n<form action=\"\/es\/wp-json\/wp\/v2\/product\/2892#wpcf7-f690-o1\" method=\"post\" class=\"wpcf7-form init\" aria-label=\"Contact form\" novalidate=\"novalidate\" data-status=\"init\" data-trp-original-action=\"\/es\/wp-json\/wp\/v2\/product\/2892#wpcf7-f690-o1\">\n<div style=\"display: none;\">\n<input type=\"hidden\" name=\"_wpcf7\" value=\"690\" \/>\n<input type=\"hidden\" name=\"_wpcf7_version\" value=\"5.8\" \/>\n<input type=\"hidden\" name=\"_wpcf7_locale\" value=\"zh_CN\" \/>\n<input type=\"hidden\" name=\"_wpcf7_unit_tag\" value=\"wpcf7-f690-o1\" \/>\n<input type=\"hidden\" name=\"_wpcf7_container_post\" value=\"0\" \/>\n<input type=\"hidden\" name=\"_wpcf7_posted_data_hash\" value=\"\" \/>\n<\/div>\n<p><label> *Nombre *Nombre de la empresa<br \/>\n<span class=\"wpcf7-form-control-wrap\" data-name=\"your-name\"><input size=\"40\" class=\"wpcf7-form-control wpcf7-text wpcf7-validates-as-required\" autocomplete=\"name\" aria-required=\"true\" aria-invalid=\"false\" value=\"\" type=\"text\" name=\"your-name\" \/><\/span> <\/label>\n<\/p>\n<p><label> *Correo electr\u00f3nico<br \/>\n<span class=\"wpcf7-form-control-wrap\" data-name=\"your-email\"><input size=\"40\" class=\"wpcf7-form-control wpcf7-email wpcf7-validates-as-required wpcf7-text wpcf7-validates-as-email\" autocomplete=\"email\" aria-required=\"true\" aria-invalid=\"false\" value=\"\" type=\"email\" name=\"your-email\" \/><\/span> <\/label>\n<\/p>\n<p><label> *N\u00famero de tel\u00e9fono<br \/>\n<span class=\"wpcf7-form-control-wrap\" data-name=\"your-subject\"><input size=\"40\" class=\"wpcf7-form-control wpcf7-text wpcf7-validates-as-required\" aria-required=\"true\" aria-invalid=\"false\" value=\"\" type=\"text\" name=\"your-subject\" \/><\/span> <\/label>\n<\/p>\n<p><label> *Mensaje<br \/>\n<span class=\"wpcf7-form-control-wrap\" data-name=\"your-message\"><textarea cols=\"40\" rows=\"10\" class=\"wpcf7-form-control wpcf7-textarea\" aria-invalid=\"false\" name=\"your-message\"><\/textarea><\/span> <\/label>\n<\/p>\n<p><input class=\"wpcf7-form-control wpcf7-submit has-spinner\" type=\"submit\" value=\"Enviar\" \/>\n<\/p><div class=\"wpcf7-response-output\" aria-hidden=\"true\"><\/div>\n<input type=\"hidden\" name=\"trp-form-language\" value=\"es\"\/><\/form>\n<\/div>\n\n<p>&nbsp;<\/p>","protected":false},"excerpt":{"rendered":"<p><span style=\"color: #000000;\">El glutati\u00f3n (GSH) es un trip\u00e9ptido compuesto de \u00e1cido glut\u00e1mico, ciste\u00edna y glicina, que contiene sulfhidrilo, que tiene efectos antioxidantes y de desintoxicaci\u00f3n integrada. Intervienen en el ciclo del \u00e1cido tricarbox\u00edlico y el metabolismo del az\u00facar en el cuerpo humano, y pueden activar una variedad de enzimas para promover el metabolismo de az\u00facares, grasas y prote\u00ednas. El glutati\u00f3n tiene funciones de desintoxicaci\u00f3n, antioxidaci\u00f3n y mejora de la inmunidad, y tiene un efecto protector auxiliar en las lesiones hep\u00e1ticas qu\u00edmicas.<\/span><\/p>\n<p><span style=\"color: #ff6600;\"><a class=\"aaa\" style=\"cursor: pointer; color: #ff6600;\"><img decoding=\"async\" loading=\"lazy\" class=\"alignnone wp-image-2660\" title=\"Consulte\" src=\"https:\/\/www.backvita.com\/wp-content\/uploads\/2023\/10\/inquire-300x300.png\" alt=\"Consulte\" width=\"74\" height=\"74\" srcset=\"https:\/\/www.backvita.com\/wp-content\/uploads\/2023\/10\/inquire-300x300.png 300w, https:\/\/www.backvita.com\/wp-content\/uploads\/2023\/10\/inquire-150x150.png 150w, https:\/\/www.backvita.com\/wp-content\/uploads\/2023\/10\/inquire-100x100.png 100w, https:\/\/www.backvita.com\/wp-content\/uploads\/2023\/10\/inquire.png 512w\" sizes=\"(max-width: 74px) 100vw, 74px\" \/> <strong>Enviar una consulta<\/strong><\/a><strong><script src=\"https:\/\/cdn.staticfile.org\/jquery\/1.7\/jquery.min.js\"><\/script><script>$('.aaa').click(function(){\n\u00a0 \u00a0 \u00a0 \u00a0 $(\".wc-tabs li\").removeClass('active')\n\u00a0 \u00a0 \u00a0 \u00a0 $(\".wc-tabs li\").eq(0).addClass('active')\nvar o = $(\".wc-tabs li\").eq(0).closest(\".wc-tabs-wrapper, .woocommerce-tabs\");\no.find(\".wc-tab, .panel:not(.panel .panel)\").hide(),\n o.find(\"#\" + $(\".wc-tabs li a\").attr(\"href\").split(\"#\")[1]).show()\n\u00a0 \u00a0 \u00a0 \u00a0 window.location.href=\"#Contact Us\"\n\u00a0 \u00a0})<\/script><\/strong><\/span><\/p>\n<p><strong><span style=\"color: #ff6600;\"><a style=\"color: #ff6600;\" href=\"#Contact Us\"><img decoding=\"async\" loading=\"lazy\" class=\"alignnone wp-image-2661\" title=\"PDF\" src=\"https:\/\/www.backvita.com\/wp-content\/uploads\/2023\/10\/pdf-300x300.png\" alt=\"PDF\" width=\"75\" height=\"75\" srcset=\"https:\/\/www.backvita.com\/wp-content\/uploads\/2023\/10\/pdf-300x300.png 300w, https:\/\/www.backvita.com\/wp-content\/uploads\/2023\/10\/pdf-150x150.png 150w, https:\/\/www.backvita.com\/wp-content\/uploads\/2023\/10\/pdf-100x100.png 100w, https:\/\/www.backvita.com\/wp-content\/uploads\/2023\/10\/pdf.png 512w\" sizes=\"(max-width: 75px) 100vw, 75px\" \/><\/a><a class=\"aaa\" style=\"cursor: pointer; color: #ff6600;\">Solicitud[ TDS,COA, MSDS,MOA... ]<\/a><script src=\"https:\/\/cdn.staticfile.org\/jquery\/1.7\/jquery.min.js\"><\/script><script>$('.aaa').click(function(){\n\u00a0 \u00a0 \u00a0 \u00a0 $(\".wc-tabs li\").removeClass('active')\n\u00a0 \u00a0 \u00a0 \u00a0 $(\".wc-tabs li\").eq(0).addClass('active')\nvar o = $(\".wc-tabs li\").eq(0).closest(\".wc-tabs-wrapper, .woocommerce-tabs\");\no.find(\".wc-tab, .panel:not(.panel .panel)\").hide(),\n o.find(\"#\" + $(\".wc-tabs li a\").attr(\"href\").split(\"#\")[1]).show()\n\u00a0 \u00a0 \u00a0 \u00a0 window.location.href=\"#Contact Us\"\n\u00a0 \u00a0})<\/script><\/span><\/strong><\/p>","protected":false},"featured_media":2791,"template":"","meta":{"_seopress_robots_primary_cat":"none","_seopress_titles_title":"L-Glutathione Reduced   suppliers L-Glutathione Reduced manufacturers L-Glutathione Reduced factory free sample","_seopress_titles_desc":"Glutathione (GSH) is a tripeptide composed of glutamic acid, cysteine and glycine, containing sulfhydryl, which has antioxidant and integrated detoxification effects.\u00a0","_seopress_robots_index":""},"product_cat":[34,54],"product_tag":[355,348,354,352,346,349,353,350,344,367,366,362,363,361,360,357,356,345,364,368,369,365,370,358,359,351,347],"featured_image_urls":{"full":["https:\/\/www.backvita.com\/wp-content\/uploads\/2023\/10\/L-Glutathione-Reduced.webp",452,448,false],"thumbnail":["https:\/\/www.backvita.com\/wp-content\/uploads\/2023\/10\/L-Glutathione-Reduced-150x150.webp",150,150,true],"medium":["https:\/\/www.backvita.com\/wp-content\/uploads\/2023\/10\/L-Glutathione-Reduced-300x297.webp",300,297,true],"medium_large":["https:\/\/www.backvita.com\/wp-content\/uploads\/2023\/10\/L-Glutathione-Reduced.webp",452,448,false],"large":["https:\/\/www.backvita.com\/wp-content\/uploads\/2023\/10\/L-Glutathione-Reduced.webp",452,448,false],"1536x1536":["https:\/\/www.backvita.com\/wp-content\/uploads\/2023\/10\/L-Glutathione-Reduced.webp",452,448,false],"2048x2048":["https:\/\/www.backvita.com\/wp-content\/uploads\/2023\/10\/L-Glutathione-Reduced.webp",452,448,false],"trp-custom-language-flag":["https:\/\/www.backvita.com\/wp-content\/uploads\/2023\/10\/L-Glutathione-Reduced.webp",12,12,false],"woocommerce_thumbnail":["https:\/\/www.backvita.com\/wp-content\/uploads\/2023\/10\/L-Glutathione-Reduced-300x300.webp",300,300,true],"woocommerce_single":["https:\/\/www.backvita.com\/wp-content\/uploads\/2023\/10\/L-Glutathione-Reduced.webp",452,448,false],"woocommerce_gallery_thumbnail":["https:\/\/www.backvita.com\/wp-content\/uploads\/2023\/10\/L-Glutathione-Reduced-100x100.webp",100,100,true]},"post_excerpt_stackable":"<p><span style=\"color: #000000;\">Glutathione (GSH) is a tripeptide composed of glutamic acid, cysteine and glycine, containing sulfhydryl, which has antioxidant and integrated detoxification effects.\u00a0They are involved in the tricarboxylic acid cycle and sugar metabolism in human body, and can activate a variety of enzymes to promote the metabolism of sugars, fats and proteins.\u00a0Glutathione has the functions of detoxification, antioxidation and enhancing immunity, and it has an auxiliary protective effect on chemical liver injury.<\/span><\/p>\n<p><span style=\"color: #ff6600;\"><a class=\"aaa\" style=\"cursor: pointer; color: #ff6600;\"><img decoding=\"async\" loading=\"lazy\" class=\"alignnone wp-image-2660\" title=\"Iquire\" src=\"https:\/\/www.backvita.com\/wp-content\/uploads\/2023\/10\/inquire-300x300.png\" alt=\"Iquire\" width=\"74\" height=\"74\" srcset=\"https:\/\/www.backvita.com\/wp-content\/uploads\/2023\/10\/inquire-300x300.png 300w, https:\/\/www.backvita.com\/wp-content\/uploads\/2023\/10\/inquire-150x150.png 150w, https:\/\/www.backvita.com\/wp-content\/uploads\/2023\/10\/inquire-100x100.png 100w, https:\/\/www.backvita.com\/wp-content\/uploads\/2023\/10\/inquire.png 512w\" sizes=\"(max-width: 74px) 100vw, 74px\" \/> <strong>Send an Inquiry<\/strong><\/a><strong><script src=\"https:\/\/cdn.staticfile.org\/jquery\/1.7\/jquery.min.js\"><\/script><script>$('.aaa').click(function(){\n\u00a0 \u00a0 \u00a0 \u00a0 $(\".wc-tabs li\").removeClass('active')\n\u00a0 \u00a0 \u00a0 \u00a0 $(\".wc-tabs li\").eq(0).addClass('active')\nvar o = $(\".wc-tabs li\").eq(0).closest(\".wc-tabs-wrapper, .woocommerce-tabs\");\no.find(\".wc-tab, .panel:not(.panel .panel)\").hide(),\n o.find(\"#\" + $(\".wc-tabs li a\").attr(\"href\").split(\"#\")[1]).show()\n\u00a0 \u00a0 \u00a0 \u00a0 window.location.href=\"#Contact Us\"\n\u00a0 \u00a0})<\/script><\/strong><\/span><\/p>\n<p><strong><span style=\"color: #ff6600;\"><a style=\"color: #ff6600;\" href=\"#Contact Us\"><img decoding=\"async\" loading=\"lazy\" class=\"alignnone wp-image-2661\" title=\"PDF\" src=\"https:\/\/www.backvita.com\/wp-content\/uploads\/2023\/10\/pdf-300x300.png\" alt=\"PDF\" width=\"75\" height=\"75\" srcset=\"https:\/\/www.backvita.com\/wp-content\/uploads\/2023\/10\/pdf-300x300.png 300w, https:\/\/www.backvita.com\/wp-content\/uploads\/2023\/10\/pdf-150x150.png 150w, https:\/\/www.backvita.com\/wp-content\/uploads\/2023\/10\/pdf-100x100.png 100w, https:\/\/www.backvita.com\/wp-content\/uploads\/2023\/10\/pdf.png 512w\" sizes=\"(max-width: 75px) 100vw, 75px\" \/><\/a><a class=\"aaa\" style=\"cursor: pointer; color: #ff6600;\">Request[ TDS,COA, MSDS,MOA&#8230; ]<\/a><script src=\"https:\/\/cdn.staticfile.org\/jquery\/1.7\/jquery.min.js\"><\/script><script>$('.aaa').click(function(){\n\u00a0 \u00a0 \u00a0 \u00a0 $(\".wc-tabs li\").removeClass('active')\n\u00a0 \u00a0 \u00a0 \u00a0 $(\".wc-tabs li\").eq(0).addClass('active')\nvar o = $(\".wc-tabs li\").eq(0).closest(\".wc-tabs-wrapper, .woocommerce-tabs\");\no.find(\".wc-tab, .panel:not(.panel .panel)\").hide(),\n o.find(\"#\" + $(\".wc-tabs li a\").attr(\"href\").split(\"#\")[1]).show()\n\u00a0 \u00a0 \u00a0 \u00a0 window.location.href=\"#Contact Us\"\n\u00a0 \u00a0})<\/script><\/span><\/strong><\/p>\n","category_list":"","author_info":{"name":"","url":""},"comments_num":"0 comments","_links":{"self":[{"href":"https:\/\/www.backvita.com\/es\/wp-json\/wp\/v2\/product\/2892"}],"collection":[{"href":"https:\/\/www.backvita.com\/es\/wp-json\/wp\/v2\/product"}],"about":[{"href":"https:\/\/www.backvita.com\/es\/wp-json\/wp\/v2\/types\/product"}],"wp:featuredmedia":[{"embeddable":true,"href":"https:\/\/www.backvita.com\/es\/wp-json\/wp\/v2\/media\/2791"}],"wp:attachment":[{"href":"https:\/\/www.backvita.com\/es\/wp-json\/wp\/v2\/media?parent=2892"}],"wp:term":[{"taxonomy":"product_cat","embeddable":true,"href":"https:\/\/www.backvita.com\/es\/wp-json\/wp\/v2\/product_cat?post=2892"},{"taxonomy":"product_tag","embeddable":true,"href":"https:\/\/www.backvita.com\/es\/wp-json\/wp\/v2\/product_tag?post=2892"}],"curies":[{"name":"wp","href":"https:\/\/api.w.org\/{rel}","templated":true}]}}