{"id":2893,"date":"2023-11-04T14:24:04","date_gmt":"2023-11-04T06:24:04","guid":{"rendered":"https:\/\/www.backvita.com\/?post_type=product&#038;p=2893"},"modified":"2024-02-07T12:53:05","modified_gmt":"2024-02-07T04:53:05","slug":"kojic-acid-suppliers-kojic-acid-manufacturers-kojic-acid-factory-free-sample","status":"publish","type":"product","link":"https:\/\/www.backvita.com\/es\/product\/acido-kojico-proveedores-acido-kojico-fabricantes-acido-kojico-muestra-gratis-de-fabrica\/","title":{"rendered":"\u00c1cido K\u00f3jico proveedores \u00c1cido K\u00f3jico fabricantes \u00c1cido K\u00f3jico muestra gratis de f\u00e1brica"},"content":{"rendered":"<h2 style=\"text-align: left;\"><strong>\u00c1cido k\u00f3jico <span class=\"fl-heading-text\">Descripci\u00f3n<\/span><\/strong><\/h2>\n<p>El \u00e1cido k\u00f3jico, tambi\u00e9n conocido como \u00e1cido k\u00f3jico, su nombre qu\u00edmico es 5-hidroxi-2-hidroximetil-4H-piran-4-ona, qu\u00edmica La f\u00f3rmula estructural es la siguiente<img decoding=\"async\" loading=\"lazy\" class=\"size-full wp-image-2843 aligncenter\" src=\"https:\/\/www.backvita.com\/wp-content\/uploads\/2023\/10\/Kojic-Acid-Description.webp\" alt=\"\u00c1cido k\u00f3jico\" width=\"190\" height=\"144\" \/><\/p>\n<p>El \u00e1cido k\u00f3jico es un cristal prism\u00e1tico incoloro que puede inhibir la actividad de la tirosinasa en el proceso de producci\u00f3n de melanina y tiene un importante efecto blanqueador sin inhibir otras enzimas. Actualmente se utiliza en productos cotidianos como blanqueadores, cosm\u00e9ticos de protecci\u00f3n solar, disolventes y dent\u00edfricos. Muy utilizado en la industria qu\u00edmica.<\/p>\n<table style=\"height: 170px;\" width=\"1309\">\n<tbody>\n<tr>\n<td width=\"219\"><strong>Nombre del producto<\/strong><\/td>\n<td width=\"466\">\u00c1cido k\u00f3jico<\/td>\n<\/tr>\n<tr>\n<td><strong>N\u00ba CAS<\/strong><\/td>\n<td>501-30-4<\/td>\n<\/tr>\n<tr>\n<td><strong>Apariencia<\/strong><\/td>\n<td>Polvo blanco<\/td>\n<\/tr>\n<tr>\n<td><strong>Especificaciones<\/strong><\/td>\n<td>\u2265 99.0%<\/td>\n<\/tr>\n<tr>\n<td><strong>Pakage<\/strong><\/td>\n<td>1kg\/saco, 25kg\/bid\u00f3n<\/td>\n<\/tr>\n<tr>\n<td><strong>Almacenamiento<\/strong><\/td>\n<td>Proteger de la humedad y evitar el almacenamiento ligero y herm\u00e9tico.<\/td>\n<\/tr>\n<tr>\n<td><strong>M\u00e9todo de ensayo<\/strong><\/td>\n<td>HPLC<\/td>\n<\/tr>\n<\/tbody>\n<\/table>\n<h2><\/h2>\n<h2 style=\"text-align: left;\"><strong>La eficacia del \u00e1cido k\u00f3jico<\/strong><\/h2>\n<h3><strong>Conservante<\/strong><\/h3>\n<p>El \u00e1cido k\u00f3jico tiene un buen efecto inhibidor sobre la mayor\u00eda de las bacterias y algunas levaduras. A diferencia del benzoato s\u00f3dico, que s\u00f3lo tiene efecto antibacteriano en condiciones \u00e1cidas, el pH no influye en gran medida en el efecto antibacteriano del \u00e1cido k\u00f3jico. En comparaci\u00f3n con el benzoato s\u00f3dico a la misma concentraci\u00f3n, la capacidad antibacteriana del \u00e1cido k\u00f3jico es significativamente mayor que la del benzoato s\u00f3dico.<\/p>\n<p>Adem\u00e1s, el \u00e1cido k\u00f3jico tiene una buena estabilidad t\u00e9rmica y sigue teniendo un buen efecto antibacteriano tras el tratamiento t\u00e9rmico. No irrita el cuerpo humano y puede inhibir la formaci\u00f3n de carcin\u00f3genos a partir del nitrito. Es seguro e inocuo en el procesado de alimentos.<\/p>\n<p>&nbsp;<\/p>\n<h3><strong>Conservador<\/strong><\/h3>\n<p>El \u00e1cido k\u00f3jico tiene un fuerte efecto antioxidante. El tratamiento con \u00e1cido k\u00f3jico puede reducir eficazmente la p\u00e9rdida de agua durante el almacenamiento de los productos reci\u00e9n cortados y retrasar la disminuci\u00f3n del contenido de AT, CV y clorofila, por lo que s\u00f3lo es necesario a\u00f1adir un poco para que tenga un buen efecto. Tiene un efecto de conservaci\u00f3n de la frescura y es una sustancia ideal para mantener frescas flores, frutas y verduras.<\/p>\n<p>&nbsp;<\/p>\n<h3><strong>Aplicaci\u00f3n en alimentos que producen color<\/strong><\/h3>\n<p>Las fuertes propiedades antioxidantes del \u00e1cido k\u00f3jico pueden desempe\u00f1ar un papel en la protecci\u00f3n del color. Puede reaccionar sensiblemente con el hierro de la mioglobina y sustituir parcialmente el efecto de producci\u00f3n de color del nitrito s\u00f3dico. Tambi\u00e9n puede combinarse selectivamente con los destilados de la madera para inhibir la formaci\u00f3n de carcin\u00f3genos.<\/p>\n<p>Hozova.B se\u00f1alaba en el art\u00edculo que a\u00f1adirlo al beicon no s\u00f3lo puede evitar que el color de la carne pierda intensidad, \u00a1sino tambi\u00e9n el crecimiento de microorganismos!<\/p>\n<p>&nbsp;<\/p>\n<h3><strong>Inhibe la reacci\u00f3n enzim\u00e1tica de pardeamiento<\/strong><\/h3>\n<p>El \u00e1cido k\u00f3jico puede inhibir la reacci\u00f3n enzim\u00e1tica de oscurecimiento causada por la polifenoloxidasa, y desempe\u00f1a un papel importante en la protecci\u00f3n del color de frutas, verduras y productos a base de crust\u00e1ceos. Puede sustituir a los inhibidores tradicionales de la polifenoloxidasa, como el sulfito s\u00f3dico.<\/p>\n<p>&nbsp;<\/p>\n<h3><strong>Industria cosm\u00e9tica<\/strong><\/h3>\n<p>Los inhibidores de la tirosinasa pueden tratar enfermedades comunes de la piel pigmentada como pecas, cloasma y manchas de la edad. El \u00e1cido k\u00f3jico y sus derivados inhiben principalmente la s\u00edntesis de melanina mediante la inhibici\u00f3n de la actividad de la tirosinasa, ejerciendo as\u00ed un efecto blanqueador.<\/p>\n<h4><strong>Blanqueamiento<\/strong><\/h4>\n<p>En la piel humana, la tirosina sufre una compleja oxidaci\u00f3n y polimerizaci\u00f3n con radicales libres de ox\u00edgeno bajo la cat\u00e1lisis de la tirosinasa, y finalmente sintetiza melanina. El \u00e1cido k\u00f3jico tiene la funci\u00f3n de inhibir la actividad de la enzima tirosinasa generadora de melanina, y tiene un importante efecto blanqueador sin inhibir otras enzimas. Tiene buenos efectos blanqueadores y de eliminaci\u00f3n de pecas. Es una materia prima cosm\u00e9tica de uso com\u00fan y se utiliza ampliamente en lociones. Por ejemplo, m\u00e1scara facial, loci\u00f3n, crema para la piel, etc.<\/p>\n<h4><strong>Antioxidaci\u00f3n<\/strong><\/h4>\n<p>Adem\u00e1s de su efecto blanqueador, el \u00e1cido k\u00f3jico tambi\u00e9n tiene efectos eliminadores de radicales libres y antioxidantes. Puede ayudar a tensar la piel, promover la agregaci\u00f3n de prote\u00ednas y ayudar a tensar la piel.<\/p>\n<p>&nbsp;<\/p>\n<h3><strong>Industria farmac\u00e9utica<\/strong><\/h3>\n<p>El \u00e1cido k\u00f3jico no s\u00f3lo tiene actividad antibacteriana y puede utilizarse como antiinflamatorio y analg\u00e9sico, sino que tambi\u00e9n tiene efectos anticancer\u00edgenos. Es un compuesto natural que puede actuar como un sensibilizador qu\u00edmico antif\u00fangico m\u00e1s seguro, reduciendo los niveles de dosis de antif\u00fangicos necesarios para un control eficaz de los hongos, inhibiendo selectivamente los hongos pat\u00f3genos y reduciendo al mismo tiempo los efectos secundarios junto con el tratamiento antif\u00fangico....<\/p>\n<p>Los derivados del \u00e1cido k\u00f3jico tambi\u00e9n pueden utilizarse ampliamente en medicina. Por ejemplo, algunos derivados del \u00e1cido k\u00f3jico pueden inhibir eficazmente la actividad de la elastasa de neutr\u00f3filos humanos (HNE), por lo que se utilizan en el tratamiento de enfermedades pulmonares inflamatorias cr\u00f3nicas y agudas. .<\/p>\n<p>&nbsp;<\/p>\n<h3><strong>Agricultura<\/strong><\/h3>\n<p>El \u00e1cido k\u00f3jico puede utilizarse como plaguicida, agente quelante y activador de plaguicidas, y se emplea ampliamente en la producci\u00f3n de plaguicidas agr\u00edcolas. Adem\u00e1s, tambi\u00e9n inhibe la fenoloxidasa en la polilla de la espalda de diamante. Puede quelarse con Cu2+, el centro activo de la fenoloxidasa de los insectos, para inhibir su actividad, provocando as\u00ed la muerte de la polilla de la espalda de diamante.<\/p>\n<p>Al mismo tiempo, el \u00e1cido k\u00f3jico puede inhibir el crecimiento y el desarrollo de ciertos insectos, como el gusano cogollero del algod\u00f3n, Spodoptera frugiperda, la mosca dom\u00e9stica y la de la fruta, etc., y tambi\u00e9n puede inducir esterilidad en las larvas de ciertos insectos, como el g\u00e9nero Lycoris.<\/p>\n<p>Adem\u00e1s, el \u00e1cido k\u00f3jico tambi\u00e9n puede utilizarse como promotor del crecimiento de los cultivos, lo que puede aumentar significativamente la producci\u00f3n de cereales y hortalizas. Puede formularse en baja concentraci\u00f3n y pulverizarse sobre las hojas, o mezclarse con fertilizantes compuestos y aplicarse conjuntamente.<\/p>\n<section data-role=\"title\" data-tools=\"135\u7f16\u8f91\u5668\" data-id=\"116488\">\n<section>\n<section><\/section>\n<\/section>\n<\/section>\n<section data-role=\"title\" data-tools=\"135\u7f16\u8f91\u5668\" data-id=\"116488\">\n<section>\n<section><\/section>\n<\/section>\n<\/section>\n<p>&nbsp;<\/p>\n<h2><span style=\"color: #ff9c00;\">Nuestro servicio de valor a\u00f1adido Rest Easy<\/span><\/h2>\n<p><em><strong><span style=\"color: #ff9c00;\">&gt;&gt;&gt;\u00a0 <\/span><\/strong><\/em><strong>Backvita tiene t\u00e9cnicos profesionales que pueden proporcionar documentos de apoyo t\u00e9cnico como: Normas, Especificaciones, COA, MOA,\u00a0<\/strong><strong>FDS,<\/strong><strong>Diagrama de flujo, declaraciones, cromatogramas, datos nutricionales, prueba de estabilidad, etc.<\/strong><\/p>\n<p><strong><span style=\"color: #ff9c00;\">&gt;&gt;&gt; \u00a0<\/span>Nos comprometemos a ofrecerle servicios exclusivos para que no tenga preocupaciones en la compra y venta de productos.<\/strong><\/p>\n<p><strong><span style=\"color: #ff9c00;\">&gt;&gt;&gt;<\/span>\u00a0 Nuestro equipo global de analistas de datos de comercio electr\u00f3nico cuenta con 10 a\u00f1os de experiencia en el sector de los extractos de plantas. Le proporcionar\u00e1n informes de datos sobre los pa\u00edses en los que se venden sus productos para ayudarle a tomar decisiones con conocimiento de causa. Estos informes de datos incluir\u00e1n el volumen de ventas, los canales de venta, el an\u00e1lisis de la competencia y otros datos que le ayudar\u00e1n a comprender mejor la demanda y las tendencias del mercado, optimizando as\u00ed sus estrategias de adquisici\u00f3n y venta.<\/strong><\/p>\n<p><strong><span style=\"color: #ff9c00;\">&gt;&gt;&gt;\u00a0<\/span> Adem\u00e1s de los informes de datos, tambi\u00e9n le facilitaremos peri\u00f3dicamente informaci\u00f3n sobre los productos de moda y las novedades del mercado. Esta informaci\u00f3n le ayudar\u00e1 a mantenerse al corriente de las posibles oportunidades y tendencias del mercado, y a realizar ajustes y tomar decisiones en funci\u00f3n de las demandas del mercado.<\/strong><\/p>\n<p><strong><span style=\"color: #ff9c00;\">&gt;&gt;&gt;<\/span>\u00a0 Si tiene su propia marca exclusiva, tambi\u00e9n le proporcionaremos materiales promocionales y carteles que le ayudar\u00e1n a mejorar su imagen de marca y a darse a conocer en el mercado. Nuestro equipo de dise\u00f1o dise\u00f1ar\u00e1 materiales promocionales exclusivos para su marca de acuerdo con sus necesidades y requisitos. Todos estos servicios de valor a\u00f1adido se ofrecen gratuitamente a los clientes de nuestros socios.<\/strong><\/p>\n<p><strong><span style=\"color: #ff9c00;\">&gt;&gt;&gt;<\/span>\u00a0 Nuestro objetivo es centrarnos en los clientes, ofrecerles servicios sin preocupaciones durante todo el proceso y ayudarles a conseguir un mayor rendimiento y \u00e9xito.<\/strong><\/p>\n<p><strong><span style=\"color: #ff9c00;\">&gt;&gt;&gt;<\/span>\u00a0 Si tiene alguna pregunta o necesidad especial sobre nuestros servicios de valor a\u00f1adido, no dude en ponerse en contacto con nosotros. Haremos todo lo posible para ayudarle y garantizar su satisfacci\u00f3n. Gracias de nuevo por su apoyo y atenci\u00f3n hacia nosotros, y esperamos establecer una relaci\u00f3n de cooperaci\u00f3n a largo plazo con usted.<\/strong><\/p>\n<p>&nbsp;<\/p>\n<h2>P\u00f3ngase en contacto con nosotros<a name=\"Contact Us\"><\/a><\/h2>\n\n<div class=\"wpcf7 no-js\" id=\"wpcf7-f690-o1\" lang=\"zh-CN\" dir=\"ltr\">\n<div class=\"screen-reader-response\"><p role=\"status\" aria-live=\"polite\" aria-atomic=\"true\"><\/p> <ul><\/ul><\/div>\n<form action=\"\/es\/wp-json\/wp\/v2\/product\/2893#wpcf7-f690-o1\" method=\"post\" class=\"wpcf7-form init\" aria-label=\"Contact form\" novalidate=\"novalidate\" data-status=\"init\" data-trp-original-action=\"\/es\/wp-json\/wp\/v2\/product\/2893#wpcf7-f690-o1\">\n<div style=\"display: none;\">\n<input type=\"hidden\" name=\"_wpcf7\" value=\"690\" \/>\n<input type=\"hidden\" name=\"_wpcf7_version\" value=\"5.8\" \/>\n<input type=\"hidden\" name=\"_wpcf7_locale\" value=\"zh_CN\" \/>\n<input type=\"hidden\" name=\"_wpcf7_unit_tag\" value=\"wpcf7-f690-o1\" \/>\n<input type=\"hidden\" name=\"_wpcf7_container_post\" value=\"0\" \/>\n<input type=\"hidden\" name=\"_wpcf7_posted_data_hash\" value=\"\" \/>\n<\/div>\n<p><label> *Nombre *Nombre de la empresa<br \/>\n<span class=\"wpcf7-form-control-wrap\" data-name=\"your-name\"><input size=\"40\" class=\"wpcf7-form-control wpcf7-text wpcf7-validates-as-required\" autocomplete=\"name\" aria-required=\"true\" aria-invalid=\"false\" value=\"\" type=\"text\" name=\"your-name\" \/><\/span> <\/label>\n<\/p>\n<p><label> *Correo electr\u00f3nico<br \/>\n<span class=\"wpcf7-form-control-wrap\" data-name=\"your-email\"><input size=\"40\" class=\"wpcf7-form-control wpcf7-email wpcf7-validates-as-required wpcf7-text wpcf7-validates-as-email\" autocomplete=\"email\" aria-required=\"true\" aria-invalid=\"false\" value=\"\" type=\"email\" name=\"your-email\" \/><\/span> <\/label>\n<\/p>\n<p><label> *N\u00famero de tel\u00e9fono<br \/>\n<span class=\"wpcf7-form-control-wrap\" data-name=\"your-subject\"><input size=\"40\" class=\"wpcf7-form-control wpcf7-text wpcf7-validates-as-required\" aria-required=\"true\" aria-invalid=\"false\" value=\"\" type=\"text\" name=\"your-subject\" \/><\/span> <\/label>\n<\/p>\n<p><label> *Mensaje<br \/>\n<span class=\"wpcf7-form-control-wrap\" data-name=\"your-message\"><textarea cols=\"40\" rows=\"10\" class=\"wpcf7-form-control wpcf7-textarea\" aria-invalid=\"false\" name=\"your-message\"><\/textarea><\/span> <\/label>\n<\/p>\n<p><input class=\"wpcf7-form-control wpcf7-submit has-spinner\" type=\"submit\" value=\"Enviar\" \/>\n<\/p><div class=\"wpcf7-response-output\" aria-hidden=\"true\"><\/div>\n<input type=\"hidden\" name=\"trp-form-language\" value=\"es\"\/><\/form>\n<\/div>\n\n<p>&nbsp;<\/p>","protected":false},"excerpt":{"rendered":"<p><span style=\"color: #000000;\">El \u00e1cido k\u00f3jico es un cristal prism\u00e1tico incoloro que puede inhibir la actividad de la tirosinasa en el proceso de producci\u00f3n de melanina y tiene un importante efecto blanqueador sin inhibir otras enzimas. Actualmente se utiliza en productos cotidianos como blanqueadores, cosm\u00e9ticos de protecci\u00f3n solar, disolventes y dent\u00edfricos. Muy utilizado en la industria qu\u00edmica.<\/span><\/p>\n<p>&nbsp;<\/p>\n<p><span style=\"color: #ff6600;\"><a class=\"aaa\" style=\"cursor: pointer; color: #ff6600;\"><img decoding=\"async\" loading=\"lazy\" class=\"alignnone wp-image-2660\" title=\"Consulte\" src=\"https:\/\/www.backvita.com\/wp-content\/uploads\/2023\/10\/inquire-300x300.png\" alt=\"Consulte\" width=\"75\" height=\"75\" srcset=\"https:\/\/www.backvita.com\/wp-content\/uploads\/2023\/10\/inquire-300x300.png 300w, https:\/\/www.backvita.com\/wp-content\/uploads\/2023\/10\/inquire-150x150.png 150w, https:\/\/www.backvita.com\/wp-content\/uploads\/2023\/10\/inquire-100x100.png 100w, https:\/\/www.backvita.com\/wp-content\/uploads\/2023\/10\/inquire.png 512w\" sizes=\"(max-width: 75px) 100vw, 75px\" \/> <strong>Enviar una consulta<\/strong><\/a><strong><script src=\"https:\/\/cdn.staticfile.org\/jquery\/1.7\/jquery.min.js\"><\/script><script>$('.aaa').click(function(){\n\u00a0 \u00a0 \u00a0 \u00a0 $(\".wc-tabs li\").removeClass('active')\n\u00a0 \u00a0 \u00a0 \u00a0 $(\".wc-tabs li\").eq(0).addClass('active')\nvar o = $(\".wc-tabs li\").eq(0).closest(\".wc-tabs-wrapper, .woocommerce-tabs\");\no.find(\".wc-tab, .panel:not(.panel .panel)\").hide(),\n o.find(\"#\" + $(\".wc-tabs li a\").attr(\"href\").split(\"#\")[1]).show()\n\u00a0 \u00a0 \u00a0 \u00a0 window.location.href=\"#Contact Us\"\n\u00a0 \u00a0})<\/script><\/strong><\/span><\/p>\n<p><a href=\"#Contact Us\"><strong><img decoding=\"async\" loading=\"lazy\" class=\"alignnone wp-image-2661\" title=\" PDF\" src=\"https:\/\/www.backvita.com\/wp-content\/uploads\/2023\/10\/pdf-300x300.png\" alt=\" PDF\" width=\"74\" height=\"74\" srcset=\"https:\/\/www.backvita.com\/wp-content\/uploads\/2023\/10\/pdf-300x300.png 300w, https:\/\/www.backvita.com\/wp-content\/uploads\/2023\/10\/pdf-150x150.png 150w, https:\/\/www.backvita.com\/wp-content\/uploads\/2023\/10\/pdf-100x100.png 100w, https:\/\/www.backvita.com\/wp-content\/uploads\/2023\/10\/pdf.png 512w\" sizes=\"(max-width: 74px) 100vw, 74px\" \/><\/strong><\/a><strong><span style=\"color: #ff6600;\"><a class=\"aaa\" style=\"cursor: pointer; color: #ff6600;\">Solicitud[ TDS,COA, MSDS,MOA... ]<\/a><script src=\"https:\/\/cdn.staticfile.org\/jquery\/1.7\/jquery.min.js\"><\/script><script>$('.aaa').click(function(){\n\u00a0 \u00a0 \u00a0 \u00a0 $(\".wc-tabs li\").removeClass('active')\n\u00a0 \u00a0 \u00a0 \u00a0 $(\".wc-tabs li\").eq(0).addClass('active')\nvar o = $(\".wc-tabs li\").eq(0).closest(\".wc-tabs-wrapper, .woocommerce-tabs\");\no.find(\".wc-tab, .panel:not(.panel .panel)\").hide(),\n o.find(\"#\" + $(\".wc-tabs li a\").attr(\"href\").split(\"#\")[1]).show()\n\u00a0 \u00a0 \u00a0 \u00a0 window.location.href=\"#Contact Us\"\n\u00a0 \u00a0})<\/script><\/span><\/strong><\/p>","protected":false},"featured_media":2792,"template":"","meta":{"_seopress_robots_primary_cat":"none","_seopress_titles_title":"Kojic AcidKojic Acid  suppliers Kojic Acid manufacturers Kojic Acid factory free sample","_seopress_titles_desc":"Kojic acid is a colorless prismatic crystal that can inhibit tyrosinase activity in the process of melanin production and has a significant whitening effect without inhibiting other enzymes.","_seopress_robots_index":""},"product_cat":[34,54],"product_tag":[382,381,379,373,375,380,376,371,394,393,389,390,388,387,383,384,372,391,395,396,392,397,385,386,378,377,374],"featured_image_urls":{"full":["https:\/\/www.backvita.com\/wp-content\/uploads\/2023\/10\/Kojic-Acid.webp",454,454,false],"thumbnail":["https:\/\/www.backvita.com\/wp-content\/uploads\/2023\/10\/Kojic-Acid-150x150.webp",150,150,true],"medium":["https:\/\/www.backvita.com\/wp-content\/uploads\/2023\/10\/Kojic-Acid-300x300.webp",300,300,true],"medium_large":["https:\/\/www.backvita.com\/wp-content\/uploads\/2023\/10\/Kojic-Acid.webp",454,454,false],"large":["https:\/\/www.backvita.com\/wp-content\/uploads\/2023\/10\/Kojic-Acid.webp",454,454,false],"1536x1536":["https:\/\/www.backvita.com\/wp-content\/uploads\/2023\/10\/Kojic-Acid.webp",454,454,false],"2048x2048":["https:\/\/www.backvita.com\/wp-content\/uploads\/2023\/10\/Kojic-Acid.webp",454,454,false],"trp-custom-language-flag":["https:\/\/www.backvita.com\/wp-content\/uploads\/2023\/10\/Kojic-Acid.webp",12,12,false],"woocommerce_thumbnail":["https:\/\/www.backvita.com\/wp-content\/uploads\/2023\/10\/Kojic-Acid-300x300.webp",300,300,true],"woocommerce_single":["https:\/\/www.backvita.com\/wp-content\/uploads\/2023\/10\/Kojic-Acid.webp",454,454,false],"woocommerce_gallery_thumbnail":["https:\/\/www.backvita.com\/wp-content\/uploads\/2023\/10\/Kojic-Acid-100x100.webp",100,100,true]},"post_excerpt_stackable":"<p><span style=\"color: #000000;\">Kojic acid is a colorless prismatic crystal that can inhibit tyrosinase activity in the process of melanin production and has a significant whitening effect without inhibiting other enzymes. It is now used in daily products such as whitening, sunscreen cosmetics, solvents, and toothpastes. Widely used in chemical industry.<\/span><\/p>\n<p>&nbsp;<\/p>\n<p><span style=\"color: #ff6600;\"><a class=\"aaa\" style=\"cursor: pointer; color: #ff6600;\"><img decoding=\"async\" loading=\"lazy\" class=\"alignnone wp-image-2660\" title=\"Iquire\" src=\"https:\/\/www.backvita.com\/wp-content\/uploads\/2023\/10\/inquire-300x300.png\" alt=\"Iquire\" width=\"75\" height=\"75\" srcset=\"https:\/\/www.backvita.com\/wp-content\/uploads\/2023\/10\/inquire-300x300.png 300w, https:\/\/www.backvita.com\/wp-content\/uploads\/2023\/10\/inquire-150x150.png 150w, https:\/\/www.backvita.com\/wp-content\/uploads\/2023\/10\/inquire-100x100.png 100w, https:\/\/www.backvita.com\/wp-content\/uploads\/2023\/10\/inquire.png 512w\" sizes=\"(max-width: 75px) 100vw, 75px\" \/> <strong>Send an Inquiry<\/strong><\/a><strong><script src=\"https:\/\/cdn.staticfile.org\/jquery\/1.7\/jquery.min.js\"><\/script><script>$('.aaa').click(function(){\n\u00a0 \u00a0 \u00a0 \u00a0 $(\".wc-tabs li\").removeClass('active')\n\u00a0 \u00a0 \u00a0 \u00a0 $(\".wc-tabs li\").eq(0).addClass('active')\nvar o = $(\".wc-tabs li\").eq(0).closest(\".wc-tabs-wrapper, .woocommerce-tabs\");\no.find(\".wc-tab, .panel:not(.panel .panel)\").hide(),\n o.find(\"#\" + $(\".wc-tabs li a\").attr(\"href\").split(\"#\")[1]).show()\n\u00a0 \u00a0 \u00a0 \u00a0 window.location.href=\"#Contact Us\"\n\u00a0 \u00a0})<\/script><\/strong><\/span><\/p>\n<p><a href=\"#Contact Us\"><strong><img decoding=\"async\" loading=\"lazy\" class=\"alignnone wp-image-2661\" title=\" PDF\" src=\"https:\/\/www.backvita.com\/wp-content\/uploads\/2023\/10\/pdf-300x300.png\" alt=\" PDF\" width=\"74\" height=\"74\" srcset=\"https:\/\/www.backvita.com\/wp-content\/uploads\/2023\/10\/pdf-300x300.png 300w, https:\/\/www.backvita.com\/wp-content\/uploads\/2023\/10\/pdf-150x150.png 150w, https:\/\/www.backvita.com\/wp-content\/uploads\/2023\/10\/pdf-100x100.png 100w, https:\/\/www.backvita.com\/wp-content\/uploads\/2023\/10\/pdf.png 512w\" sizes=\"(max-width: 74px) 100vw, 74px\" \/><\/strong><\/a><strong><span style=\"color: #ff6600;\"><a class=\"aaa\" style=\"cursor: pointer; color: #ff6600;\">Request[ TDS,COA, MSDS,MOA&#8230; ]<\/a><script src=\"https:\/\/cdn.staticfile.org\/jquery\/1.7\/jquery.min.js\"><\/script><script>$('.aaa').click(function(){\n\u00a0 \u00a0 \u00a0 \u00a0 $(\".wc-tabs li\").removeClass('active')\n\u00a0 \u00a0 \u00a0 \u00a0 $(\".wc-tabs li\").eq(0).addClass('active')\nvar o = $(\".wc-tabs li\").eq(0).closest(\".wc-tabs-wrapper, .woocommerce-tabs\");\no.find(\".wc-tab, .panel:not(.panel .panel)\").hide(),\n o.find(\"#\" + $(\".wc-tabs li a\").attr(\"href\").split(\"#\")[1]).show()\n\u00a0 \u00a0 \u00a0 \u00a0 window.location.href=\"#Contact Us\"\n\u00a0 \u00a0})<\/script><\/span><\/strong><\/p>\n","category_list":"","author_info":{"name":"","url":""},"comments_num":"0 comments","_links":{"self":[{"href":"https:\/\/www.backvita.com\/es\/wp-json\/wp\/v2\/product\/2893"}],"collection":[{"href":"https:\/\/www.backvita.com\/es\/wp-json\/wp\/v2\/product"}],"about":[{"href":"https:\/\/www.backvita.com\/es\/wp-json\/wp\/v2\/types\/product"}],"wp:featuredmedia":[{"embeddable":true,"href":"https:\/\/www.backvita.com\/es\/wp-json\/wp\/v2\/media\/2792"}],"wp:attachment":[{"href":"https:\/\/www.backvita.com\/es\/wp-json\/wp\/v2\/media?parent=2893"}],"wp:term":[{"taxonomy":"product_cat","embeddable":true,"href":"https:\/\/www.backvita.com\/es\/wp-json\/wp\/v2\/product_cat?post=2893"},{"taxonomy":"product_tag","embeddable":true,"href":"https:\/\/www.backvita.com\/es\/wp-json\/wp\/v2\/product_tag?post=2893"}],"curies":[{"name":"wp","href":"https:\/\/api.w.org\/{rel}","templated":true}]}}