{"id":2895,"date":"2023-11-04T14:25:33","date_gmt":"2023-11-04T06:25:33","guid":{"rendered":"https:\/\/www.backvita.com\/?post_type=product&#038;p=2895"},"modified":"2024-02-07T12:50:00","modified_gmt":"2024-02-07T04:50:00","slug":"beta-arbutin-suppliers-beta-arbutin-manufacturers-beta-arbutin-factory-free-sample","status":"publish","type":"product","link":"https:\/\/www.backvita.com\/es\/product\/beta-arbutin-suppliers-beta-arbutin-manufacturers-beta-arbutin-factory-free-sample\/","title":{"rendered":"Beta Arbutina proveedores Beta Arbutina fabricantes Beta Arbutina muestra gratis de f\u00e1brica"},"content":{"rendered":"<div class=\"fl-col-group fl-node-636b050ee8059\" data-node=\"636b050ee8059\">\n<div class=\"fl-col fl-node-636b050ee8098\" data-node=\"636b050ee8098\">\n<div class=\"fl-col-content fl-node-content\">\n<div class=\"fl-module fl-module-rich-text fl-node-636b050ee80d6\" data-node=\"636b050ee80d6\" data-animation-delay=\"0.0\">\n<div class=\"fl-module-content fl-node-content\">\n<div class=\"fl-rich-text\">\n<div class=\"content_box\">\n<h2 style=\"text-align: left;\">Beta Arbutin Introduction<\/h2>\n<\/div>\n<p>Arbutin, also known as arbutin, has a chemical name of 4-hydroxyphenyl-D-glucopyranoside and a relative molecular mass of 272.25. It is a naturally occurring glycoside derived from green plants and is an ingredient in many resistant Freeze-dried plants, such as wheat, pears, and bearberries of the Rhododendron family, are rich in solutes. They appear as white needle-shaped crystals or powders. They are easily soluble in hot water, methanol, ethanol, propylene glycol, and glycerin, and are insoluble in ether, chloroform, and petroleum. Solvents such as ether.<\/p>\n<p>Beta Arbutin, also known as 4-Hydroxyphenyl-beta-D-glucopyranoside, is mainly used to bind to tyrosinase of melanocytes in the skin and inhibit tyrosinase activity. Tyrosinase is a key enzyme for skin melanocytes to synthesize melanin. If its function is inhibited, it cannot produce melanin. The reduction of melanin in the skin has the effect of whitening and light spots, so Arbutin is mainly used in skin whiten and remove black skin spots.<\/p>\n<table style=\"height: 249px;\" width=\"1315\">\n<tbody>\n<tr>\n<td width=\"219\"><strong>Nombre del producto<\/strong><\/td>\n<td width=\"466\">Beta arbutina<\/td>\n<\/tr>\n<tr>\n<td><strong>N\u00ba CAS<\/strong><\/td>\n<td>497-76-7<\/td>\n<\/tr>\n<tr>\n<td><strong>Nombre latino<\/strong><\/td>\n<td>Vaccinium vitis-idaea Linn<\/td>\n<\/tr>\n<tr>\n<td><strong>Apariencia<\/strong><\/td>\n<td>polvo blanco<\/td>\n<\/tr>\n<tr>\n<td><strong>Especificaciones<\/strong><\/td>\n<td>99.5%<\/td>\n<\/tr>\n<tr>\n<td><strong>Pakage<\/strong><\/td>\n<td>1kg\/saco, 25kg\/bid\u00f3n<\/td>\n<\/tr>\n<tr>\n<td><strong>Almacenamiento<\/strong><\/td>\n<td>Proteger de la humedad y evitar el almacenamiento ligero y herm\u00e9tico.<\/td>\n<\/tr>\n<tr>\n<td><strong>M\u00e9todo de ensayo<\/strong><\/td>\n<td>HPLC<\/td>\n<\/tr>\n<\/tbody>\n<\/table>\n<p>&nbsp;<\/p>\n<\/div>\n<\/div>\n<h2 style=\"text-align: left;\">The whitening Mechanism of Arbutin<\/h2>\n<p>El contenido y la distribuci\u00f3n de la melanina son los principales factores que determinan la profundidad del color de la piel. La melanina se produce en los melanocitos de la capa basal de la epidermis cut\u00e1nea. Finalmente se forma a partir de la tirosina bajo la acci\u00f3n de la tirosinasa a trav\u00e9s de una serie de complejas reacciones bioqu\u00edmicas. Se transfiere de la capa basal a la capa externa de la epidermis de dentro hacia fuera a trav\u00e9s de sinapsis. Colorea la piel.<\/p>\n<p>La tirosinasa tiene actividad tirosina hidroxilasa (cataliza la tirosina para producir dopa) y actividad dopa oxidasa (cataliza la dopa para producir dopaquinona). En el proceso de formaci\u00f3n de la melanina, es la principal enzima limitante. Su actividad determina la cantidad de melanina que se forma.<\/p>\n<p>La arbutina es un inhibidor de la tirosinasa que puede inhibir eficazmente la actividad de la tirosinasa sin afectar a la concentraci\u00f3n de proliferaci\u00f3n celular. Compite por la uni\u00f3n de la dopa a trav\u00e9s de su uni\u00f3n directa a la tirosinasa. sitio, bloquea la s\u00edntesis de dopa y dopaquinona, interfiriendo as\u00ed con los melanocitos e inhibiendo la producci\u00f3n de melanina. Al mismo tiempo, tambi\u00e9n tiene la funci\u00f3n de diluir la melanina formada, acelerar la descomposici\u00f3n y excreci\u00f3n de melanina, reducir la pigmentaci\u00f3n de la piel y eliminar manchas y pecas.<\/p>\n<\/div>\n<p>&nbsp;<\/p>\n<\/div>\n<\/div>\n<\/div>\n<div class=\"fl-col-group fl-node-636b050ee8113 fl-col-group-equal-height fl-col-group-align-center\" data-node=\"636b050ee8113\">\n<div class=\"fl-col fl-node-636b050ee8151\" data-node=\"636b050ee8151\">\n<div class=\"fl-col-content fl-node-content\">\n<div class=\"fl-module fl-module-rich-text fl-node-636b050ee81d4\" data-node=\"636b050ee81d4\" data-animation-delay=\"0.0\">\n<div class=\"fl-module-content fl-node-content\">\n<div class=\"fl-rich-text\">\n<div class=\"content_box\">\n<h2 style=\"text-align: left;\">Mainly Specifications of Beta Arbutin<\/h2>\n<\/div>\n<p>Beta Arbutin crystal 98% HPLC<br \/>\nBeta Arbutin crystal 99.5% HPLC<\/p>\n<p>&nbsp;<\/p>\n<\/div>\n<\/div>\n<\/div>\n<\/div>\n<\/div>\n<div class=\"fl-photo-content fl-photo-img-jpg\"><\/div>\n<\/div>\n<div class=\"fl-col-group fl-node-636b050ee8251\" data-node=\"636b050ee8251\">\n<div class=\"fl-col fl-node-636b050ee828f\" data-node=\"636b050ee828f\">\n<div class=\"fl-col-content fl-node-content\">\n<div class=\"fl-module fl-module-rich-text fl-node-636b050ee82cd\" data-node=\"636b050ee82cd\" data-animation-delay=\"0.0\">\n<div class=\"fl-module-content fl-node-content\">\n<div class=\"fl-rich-text\">\n<div class=\"content_box\">\n<h2>Benefits of Beta Arbutin<\/h2>\n<\/div>\n<p>Beta Arbutin acts as a whitening agent to reduce melanin in the skin.<br \/>\nBeta Arbutin can tighten pores and tighten the skin.<br \/>\nBeta Arbutin also regard as antiseptic and anti-inflammatory ingredients.<\/p>\n<p>&nbsp;<\/p>\n<\/div>\n<\/div>\n<\/div>\n<\/div>\n<\/div>\n<\/div>\n<h2 style=\"text-align: left;\"><strong>Especificaci\u00f3n (TDS) de <\/strong><strong>\u03b2<\/strong><strong>-Arbutina<\/strong><\/h2>\n<table style=\"height: 1469px;\" width=\"1354\">\n<tbody>\n<tr>\n<td width=\"251\"><strong>An\u00e1lisis<\/strong><\/td>\n<td width=\"263\"><strong>Especificaciones<\/strong><\/td>\n<td width=\"175\"><strong>M\u00e9todos<\/strong><\/td>\n<\/tr>\n<tr>\n<td colspan=\"3\" width=\"690\"><strong>Pruebas de principios activos<\/strong><\/td>\n<\/tr>\n<tr>\n<td width=\"251\"><strong>\u03b2-Arbutin<\/strong><\/td>\n<td width=\"263\">\u226599.5%<\/td>\n<td width=\"175\">HPLC<\/td>\n<\/tr>\n<tr>\n<td width=\"251\"><strong>Hidroquinona<\/strong><\/td>\n<td width=\"263\">\u226410ppm<\/td>\n<td width=\"175\">HPLC<\/td>\n<\/tr>\n<tr>\n<td colspan=\"3\" width=\"690\"><strong>Pruebas f\u00edsicas<\/strong><\/td>\n<\/tr>\n<tr>\n<td width=\"251\"><strong>Apariencia<\/strong><\/td>\n<td width=\"263\">Polvo de cristal blanco<\/td>\n<td width=\"175\">Visual<\/td>\n<\/tr>\n<tr>\n<td width=\"251\"><strong>Tama\u00f1o de las part\u00edculas<\/strong><\/td>\n<td width=\"263\">95% pass 60mesh<\/td>\n<td width=\"175\">Ch.P 2020 IV<\/td>\n<\/tr>\n<tr>\n<td width=\"251\"><strong>Punto de fusi\u00f3n<\/strong><\/td>\n<td width=\"263\">199~201\u2103\u00b10.5\u2103<\/td>\n<td width=\"175\">Ch.P 2020 IV<\/td>\n<\/tr>\n<tr>\n<td width=\"251\"><strong>Rotaci\u00f3n \u00f3ptica espec\u00edfica<\/strong><\/td>\n<td width=\"263\">[a]D20= -64~-66.0\u00b0\u00b12\u00b0<\/td>\n<td width=\"175\">Ch.P 2020 IV<\/td>\n<\/tr>\n<tr>\n<td width=\"251\"><strong>Valor pH (soluci\u00f3n 1%)<\/strong><\/td>\n<td width=\"263\">5.0 ~7.0<\/td>\n<td width=\"175\">Ch.P 2020 IV<\/td>\n<\/tr>\n<tr>\n<td width=\"251\"><strong>Contenido en agua<\/strong><\/td>\n<td width=\"263\">\u22640.50%<\/td>\n<td width=\"175\">GB 5009.3<\/td>\n<\/tr>\n<tr>\n<td width=\"251\"><strong>Cenizas totales<\/strong><\/td>\n<td width=\"263\">\u22640.50%<\/td>\n<td width=\"175\">GB 5009.4<\/td>\n<\/tr>\n<tr>\n<td colspan=\"3\" width=\"690\"><strong>Pruebas qu\u00edmicas<\/strong><\/td>\n<\/tr>\n<tr>\n<td width=\"251\"><strong>Metales pesados<\/strong><\/td>\n<td width=\"263\">\u226450.00ppm<\/td>\n<td width=\"175\">GB 5009.11<\/td>\n<\/tr>\n<tr>\n<td width=\"251\"><strong>Ars\u00e9nico<\/strong><\/td>\n<td width=\"263\">\u22643.00ppm<\/td>\n<td width=\"175\">GB 5009.11<\/td>\n<\/tr>\n<tr>\n<td width=\"251\"><strong>Plomo<\/strong><\/td>\n<td width=\"263\">\u22645.00ppm<\/td>\n<td width=\"175\">GB 5009.12<\/td>\n<\/tr>\n<tr>\n<td width=\"251\"><strong>Cadmio<\/strong><\/td>\n<td width=\"263\">\u22642.00ppm<\/td>\n<td width=\"175\">GB 5009.15<\/td>\n<\/tr>\n<tr>\n<td width=\"251\"><strong>Mercurio<\/strong><\/td>\n<td width=\"263\">\u22641,00ppm<\/td>\n<td width=\"175\">GB 5009.17<\/td>\n<\/tr>\n<tr>\n<td colspan=\"3\" width=\"690\"><strong>Pruebas microbiol\u00f3gicas<\/strong><\/td>\n<\/tr>\n<tr>\n<td width=\"251\"><strong>Recuento total de bacterias<\/strong><\/td>\n<td width=\"263\">\u2264300cfu\/g<\/td>\n<td width=\"175\">GB 4789.2<\/td>\n<\/tr>\n<tr>\n<td width=\"251\"><strong>Levaduras y mohos<\/strong><\/td>\n<td width=\"263\">\u226410cfu\/g<\/td>\n<td width=\"175\">GB 4789.15<\/td>\n<\/tr>\n<tr>\n<td width=\"251\"><strong>Coliformes<\/strong><\/td>\n<td width=\"263\">\u226490MPN\/100g<\/td>\n<td width=\"175\">GB 4789.3<\/td>\n<\/tr>\n<tr>\n<td width=\"251\"><strong>Salmonella<\/strong><\/td>\n<td width=\"263\">Negativo<\/td>\n<td width=\"175\">GB 4789.4<\/td>\n<\/tr>\n<tr>\n<td width=\"251\"><strong>Staphylococcus aureus<\/strong><\/td>\n<td width=\"263\">Negativo<\/td>\n<td width=\"175\">GB 4789.10<\/td>\n<\/tr>\n<tr>\n<td width=\"251\"><strong>Shigella<\/strong><\/td>\n<td width=\"263\">Negativo<\/td>\n<td width=\"175\">GB 4789.5<\/td>\n<\/tr>\n<\/tbody>\n<\/table>\n<p>&nbsp;<\/p>\n<h2><span style=\"color: #ff9c00;\">Nuestro servicio de valor a\u00f1adido Rest Easy<\/span><\/h2>\n<p><em><strong><span style=\"color: #ff9c00;\">&gt;&gt;&gt;\u00a0 <\/span><\/strong><\/em><strong>Backvita tiene t\u00e9cnicos profesionales que pueden proporcionar documentos de apoyo t\u00e9cnico como: Normas, Especificaciones, COA, MOA,\u00a0<\/strong><strong>FDS,<\/strong><strong>Diagrama de flujo, declaraciones, cromatogramas, datos nutricionales, prueba de estabilidad, etc.<\/strong><\/p>\n<p><strong><span style=\"color: #ff9c00;\">&gt;&gt;&gt; \u00a0<\/span>Nos comprometemos a ofrecerle servicios exclusivos para que no tenga preocupaciones en la compra y venta de productos.<\/strong><\/p>\n<p><strong><span style=\"color: #ff9c00;\">&gt;&gt;&gt;<\/span>\u00a0 Nuestro equipo global de analistas de datos de comercio electr\u00f3nico cuenta con 10 a\u00f1os de experiencia en el sector de los extractos de plantas. Le proporcionar\u00e1n informes de datos sobre los pa\u00edses en los que se venden sus productos para ayudarle a tomar decisiones con conocimiento de causa. Estos informes de datos incluir\u00e1n el volumen de ventas, los canales de venta, el an\u00e1lisis de la competencia y otros datos que le ayudar\u00e1n a comprender mejor la demanda y las tendencias del mercado, optimizando as\u00ed sus estrategias de adquisici\u00f3n y venta.<\/strong><\/p>\n<p><strong><span style=\"color: #ff9c00;\">&gt;&gt;&gt;\u00a0<\/span> Adem\u00e1s de los informes de datos, tambi\u00e9n le facilitaremos peri\u00f3dicamente informaci\u00f3n sobre los productos de moda y las novedades del mercado. Esta informaci\u00f3n le ayudar\u00e1 a mantenerse al corriente de las posibles oportunidades y tendencias del mercado, y a realizar ajustes y tomar decisiones en funci\u00f3n de las demandas del mercado.<\/strong><\/p>\n<p><strong><span style=\"color: #ff9c00;\">&gt;&gt;&gt;<\/span>\u00a0 Si tiene su propia marca exclusiva, tambi\u00e9n le proporcionaremos materiales promocionales y carteles que le ayudar\u00e1n a mejorar su imagen de marca y a darse a conocer en el mercado. Nuestro equipo de dise\u00f1o dise\u00f1ar\u00e1 materiales promocionales exclusivos para su marca de acuerdo con sus necesidades y requisitos. Todos estos servicios de valor a\u00f1adido se ofrecen gratuitamente a los clientes de nuestros socios.<\/strong><\/p>\n<p><strong><span style=\"color: #ff9c00;\">&gt;&gt;&gt;<\/span>\u00a0 Nuestro objetivo es centrarnos en los clientes, ofrecerles servicios sin preocupaciones durante todo el proceso y ayudarles a conseguir un mayor rendimiento y \u00e9xito.<\/strong><\/p>\n<p><strong><span style=\"color: #ff9c00;\">&gt;&gt;&gt;<\/span>\u00a0 Si tiene alguna pregunta o necesidad especial sobre nuestros servicios de valor a\u00f1adido, no dude en ponerse en contacto con nosotros. Haremos todo lo posible para ayudarle y garantizar su satisfacci\u00f3n. Gracias de nuevo por su apoyo y atenci\u00f3n hacia nosotros, y esperamos establecer una relaci\u00f3n de cooperaci\u00f3n a largo plazo con usted.<\/strong><\/p>\n<p>&nbsp;<\/p>\n<h2>P\u00f3ngase en contacto con nosotros<a name=\"Contact Us\"><\/a><\/h2>\n\n<div class=\"wpcf7 no-js\" id=\"wpcf7-f690-o1\" lang=\"zh-CN\" dir=\"ltr\">\n<div class=\"screen-reader-response\"><p role=\"status\" aria-live=\"polite\" aria-atomic=\"true\"><\/p> <ul><\/ul><\/div>\n<form action=\"\/es\/wp-json\/wp\/v2\/product\/2895#wpcf7-f690-o1\" method=\"post\" class=\"wpcf7-form init\" aria-label=\"Contact form\" novalidate=\"novalidate\" data-status=\"init\" data-trp-original-action=\"\/es\/wp-json\/wp\/v2\/product\/2895#wpcf7-f690-o1\">\n<div style=\"display: none;\">\n<input type=\"hidden\" name=\"_wpcf7\" value=\"690\" \/>\n<input type=\"hidden\" name=\"_wpcf7_version\" value=\"5.8\" \/>\n<input type=\"hidden\" name=\"_wpcf7_locale\" value=\"zh_CN\" \/>\n<input type=\"hidden\" name=\"_wpcf7_unit_tag\" value=\"wpcf7-f690-o1\" \/>\n<input type=\"hidden\" name=\"_wpcf7_container_post\" value=\"0\" \/>\n<input type=\"hidden\" name=\"_wpcf7_posted_data_hash\" value=\"\" \/>\n<\/div>\n<p><label> *Nombre *Nombre de la empresa<br \/>\n<span class=\"wpcf7-form-control-wrap\" data-name=\"your-name\"><input size=\"40\" class=\"wpcf7-form-control wpcf7-text wpcf7-validates-as-required\" autocomplete=\"name\" aria-required=\"true\" aria-invalid=\"false\" value=\"\" type=\"text\" name=\"your-name\" \/><\/span> <\/label>\n<\/p>\n<p><label> *Correo electr\u00f3nico<br \/>\n<span class=\"wpcf7-form-control-wrap\" data-name=\"your-email\"><input size=\"40\" class=\"wpcf7-form-control wpcf7-email wpcf7-validates-as-required wpcf7-text wpcf7-validates-as-email\" autocomplete=\"email\" aria-required=\"true\" aria-invalid=\"false\" value=\"\" type=\"email\" name=\"your-email\" \/><\/span> <\/label>\n<\/p>\n<p><label> *N\u00famero de tel\u00e9fono<br \/>\n<span class=\"wpcf7-form-control-wrap\" data-name=\"your-subject\"><input size=\"40\" class=\"wpcf7-form-control wpcf7-text wpcf7-validates-as-required\" aria-required=\"true\" aria-invalid=\"false\" value=\"\" type=\"text\" name=\"your-subject\" \/><\/span> <\/label>\n<\/p>\n<p><label> *Mensaje<br \/>\n<span class=\"wpcf7-form-control-wrap\" data-name=\"your-message\"><textarea cols=\"40\" rows=\"10\" class=\"wpcf7-form-control wpcf7-textarea\" aria-invalid=\"false\" name=\"your-message\"><\/textarea><\/span> <\/label>\n<\/p>\n<p><input class=\"wpcf7-form-control wpcf7-submit has-spinner\" type=\"submit\" value=\"Enviar\" \/>\n<\/p><div class=\"wpcf7-response-output\" aria-hidden=\"true\"><\/div>\n<input type=\"hidden\" name=\"trp-form-language\" value=\"es\"\/><\/form>\n<\/div>\n\n<p>&nbsp;<\/p>","protected":false},"excerpt":{"rendered":"<p><span style=\"color: #000000;\">Beta Arbutin, also known as 4-Hydroxyphenyl-beta-D-glucopyranoside, is mainly used to bind to tyrosinase of melanocytes in the skin and inhibit tyrosinase activity. Tyrosinase is a key enzyme for skin melanocytes to synthesize melanin. If its function is inhibited, it cannot produce melanin. The reduction of melanin in the skin has the effect of whitening and light spots, so Arbutin is mainly used in skin whiten and remove black skin spots.<\/span><\/p>\n<p><span style=\"color: #ff6600;\"><a class=\"aaa\" style=\"cursor: pointer; color: #ff6600;\"><img decoding=\"async\" loading=\"lazy\" class=\"alignnone wp-image-2660\" title=\"Consulte\" src=\"https:\/\/www.backvita.com\/wp-content\/uploads\/2023\/10\/inquire-300x300.png\" alt=\"Consulte\" width=\"75\" height=\"75\" srcset=\"https:\/\/www.backvita.com\/wp-content\/uploads\/2023\/10\/inquire-300x300.png 300w, https:\/\/www.backvita.com\/wp-content\/uploads\/2023\/10\/inquire-150x150.png 150w, https:\/\/www.backvita.com\/wp-content\/uploads\/2023\/10\/inquire-100x100.png 100w, https:\/\/www.backvita.com\/wp-content\/uploads\/2023\/10\/inquire.png 512w\" sizes=\"(max-width: 75px) 100vw, 75px\" \/> <strong>Enviar una consulta<\/strong><\/a><strong><script src=\"https:\/\/cdn.staticfile.org\/jquery\/1.7\/jquery.min.js\"><\/script><script>$('.aaa').click(function(){\n\u00a0 \u00a0 \u00a0 \u00a0 $(\".wc-tabs li\").removeClass('active')\n\u00a0 \u00a0 \u00a0 \u00a0 $(\".wc-tabs li\").eq(0).addClass('active')\nvar o = $(\".wc-tabs li\").eq(0).closest(\".wc-tabs-wrapper, .woocommerce-tabs\");\no.find(\".wc-tab, .panel:not(.panel .panel)\").hide(),\n o.find(\"#\" + $(\".wc-tabs li a\").attr(\"href\").split(\"#\")[1]).show()\n\u00a0 \u00a0 \u00a0 \u00a0 window.location.href=\"#Contact Us\"\n\u00a0 \u00a0})<\/script><\/strong><\/span><\/p>\n<p><strong><span style=\"color: #ff6600;\"><a style=\"color: #ff6600;\" href=\"#Contact Us\"><img decoding=\"async\" loading=\"lazy\" class=\"alignnone wp-image-2661\" title=\"PDF\" src=\"https:\/\/www.backvita.com\/wp-content\/uploads\/2023\/10\/pdf-300x300.png\" alt=\"PDF\" width=\"75\" height=\"75\" srcset=\"https:\/\/www.backvita.com\/wp-content\/uploads\/2023\/10\/pdf-300x300.png 300w, https:\/\/www.backvita.com\/wp-content\/uploads\/2023\/10\/pdf-150x150.png 150w, https:\/\/www.backvita.com\/wp-content\/uploads\/2023\/10\/pdf-100x100.png 100w, https:\/\/www.backvita.com\/wp-content\/uploads\/2023\/10\/pdf.png 512w\" sizes=\"(max-width: 75px) 100vw, 75px\" \/><\/a><a class=\"aaa\" style=\"cursor: pointer; color: #ff6600;\">Solicitud[ TDS,COA, MSDS,MOA... ]<\/a><script src=\"https:\/\/cdn.staticfile.org\/jquery\/1.7\/jquery.min.js\"><\/script><script>$('.aaa').click(function(){\n\u00a0 \u00a0 \u00a0 \u00a0 $(\".wc-tabs li\").removeClass('active')\n\u00a0 \u00a0 \u00a0 \u00a0 $(\".wc-tabs li\").eq(0).addClass('active')\nvar o = $(\".wc-tabs li\").eq(0).closest(\".wc-tabs-wrapper, .woocommerce-tabs\");\no.find(\".wc-tab, .panel:not(.panel .panel)\").hide(),\n o.find(\"#\" + $(\".wc-tabs li a\").attr(\"href\").split(\"#\")[1]).show()\n\u00a0 \u00a0 \u00a0 \u00a0 window.location.href=\"#Contact Us\"\n\u00a0 \u00a0})<\/script><\/span><\/strong><\/p>","protected":false},"featured_media":2794,"template":"","meta":{"_seopress_robots_primary_cat":"none","_seopress_titles_title":"Beta Arbutin  suppliers Beta Arbutin manufacturers Beta Arbutin factory free sample","_seopress_titles_desc":"The reduction of melanin in the skin has the effect of whitening and light spots, so Arbutin is mainly used in skin whiten and remove black skin spots.","_seopress_robots_index":""},"product_cat":[34,54],"product_tag":[438,430,426,450,449,445,446,444,443,439,440,427,447,451,452,448,453,441,442,437,435,428,431,436,432,434,433,429],"featured_image_urls":{"full":["https:\/\/www.backvita.com\/wp-content\/uploads\/2023\/10\/Beta-Arbutin.webp",436,354,false],"thumbnail":["https:\/\/www.backvita.com\/wp-content\/uploads\/2023\/10\/Beta-Arbutin-150x150.webp",150,150,true],"medium":["https:\/\/www.backvita.com\/wp-content\/uploads\/2023\/10\/Beta-Arbutin-300x244.webp",300,244,true],"medium_large":["https:\/\/www.backvita.com\/wp-content\/uploads\/2023\/10\/Beta-Arbutin.webp",436,354,false],"large":["https:\/\/www.backvita.com\/wp-content\/uploads\/2023\/10\/Beta-Arbutin.webp",436,354,false],"1536x1536":["https:\/\/www.backvita.com\/wp-content\/uploads\/2023\/10\/Beta-Arbutin.webp",436,354,false],"2048x2048":["https:\/\/www.backvita.com\/wp-content\/uploads\/2023\/10\/Beta-Arbutin.webp",436,354,false],"trp-custom-language-flag":["https:\/\/www.backvita.com\/wp-content\/uploads\/2023\/10\/Beta-Arbutin.webp",15,12,false],"woocommerce_thumbnail":["https:\/\/www.backvita.com\/wp-content\/uploads\/2023\/10\/Beta-Arbutin-300x300.webp",300,300,true],"woocommerce_single":["https:\/\/www.backvita.com\/wp-content\/uploads\/2023\/10\/Beta-Arbutin.webp",436,354,false],"woocommerce_gallery_thumbnail":["https:\/\/www.backvita.com\/wp-content\/uploads\/2023\/10\/Beta-Arbutin-100x100.webp",100,100,true]},"post_excerpt_stackable":"<p><span style=\"color: #000000;\">Beta Arbutin, also known as 4-Hydroxyphenyl-beta-D-glucopyranoside, is mainly used to bind to tyrosinase of melanocytes in the skin and inhibit tyrosinase activity. Tyrosinase is a key enzyme for skin melanocytes to synthesize melanin. If its function is inhibited, it cannot produce melanin. The reduction of melanin in the skin has the effect of whitening and light spots, so Arbutin is mainly used in skin whiten and remove black skin spots.<\/span><\/p>\n<p><span style=\"color: #ff6600;\"><a class=\"aaa\" style=\"cursor: pointer; color: #ff6600;\"><img decoding=\"async\" loading=\"lazy\" class=\"alignnone wp-image-2660\" title=\"Iquire\" src=\"https:\/\/www.backvita.com\/wp-content\/uploads\/2023\/10\/inquire-300x300.png\" alt=\"Iquire\" width=\"75\" height=\"75\" srcset=\"https:\/\/www.backvita.com\/wp-content\/uploads\/2023\/10\/inquire-300x300.png 300w, https:\/\/www.backvita.com\/wp-content\/uploads\/2023\/10\/inquire-150x150.png 150w, https:\/\/www.backvita.com\/wp-content\/uploads\/2023\/10\/inquire-100x100.png 100w, https:\/\/www.backvita.com\/wp-content\/uploads\/2023\/10\/inquire.png 512w\" sizes=\"(max-width: 75px) 100vw, 75px\" \/> <strong>Send an Inquiry<\/strong><\/a><strong><script src=\"https:\/\/cdn.staticfile.org\/jquery\/1.7\/jquery.min.js\"><\/script><script>$('.aaa').click(function(){\n\u00a0 \u00a0 \u00a0 \u00a0 $(\".wc-tabs li\").removeClass('active')\n\u00a0 \u00a0 \u00a0 \u00a0 $(\".wc-tabs li\").eq(0).addClass('active')\nvar o = $(\".wc-tabs li\").eq(0).closest(\".wc-tabs-wrapper, .woocommerce-tabs\");\no.find(\".wc-tab, .panel:not(.panel .panel)\").hide(),\n o.find(\"#\" + $(\".wc-tabs li a\").attr(\"href\").split(\"#\")[1]).show()\n\u00a0 \u00a0 \u00a0 \u00a0 window.location.href=\"#Contact Us\"\n\u00a0 \u00a0})<\/script><\/strong><\/span><\/p>\n<p><strong><span style=\"color: #ff6600;\"><a style=\"color: #ff6600;\" href=\"#Contact Us\"><img decoding=\"async\" loading=\"lazy\" class=\"alignnone wp-image-2661\" title=\"PDF\" src=\"https:\/\/www.backvita.com\/wp-content\/uploads\/2023\/10\/pdf-300x300.png\" alt=\"PDF\" width=\"75\" height=\"75\" srcset=\"https:\/\/www.backvita.com\/wp-content\/uploads\/2023\/10\/pdf-300x300.png 300w, https:\/\/www.backvita.com\/wp-content\/uploads\/2023\/10\/pdf-150x150.png 150w, https:\/\/www.backvita.com\/wp-content\/uploads\/2023\/10\/pdf-100x100.png 100w, https:\/\/www.backvita.com\/wp-content\/uploads\/2023\/10\/pdf.png 512w\" sizes=\"(max-width: 75px) 100vw, 75px\" \/><\/a><a class=\"aaa\" style=\"cursor: pointer; color: #ff6600;\">Request[ TDS,COA, MSDS,MOA&#8230; ]<\/a><script src=\"https:\/\/cdn.staticfile.org\/jquery\/1.7\/jquery.min.js\"><\/script><script>$('.aaa').click(function(){\n\u00a0 \u00a0 \u00a0 \u00a0 $(\".wc-tabs li\").removeClass('active')\n\u00a0 \u00a0 \u00a0 \u00a0 $(\".wc-tabs li\").eq(0).addClass('active')\nvar o = $(\".wc-tabs li\").eq(0).closest(\".wc-tabs-wrapper, .woocommerce-tabs\");\no.find(\".wc-tab, .panel:not(.panel .panel)\").hide(),\n o.find(\"#\" + $(\".wc-tabs li a\").attr(\"href\").split(\"#\")[1]).show()\n\u00a0 \u00a0 \u00a0 \u00a0 window.location.href=\"#Contact Us\"\n\u00a0 \u00a0})<\/script><\/span><\/strong><\/p>\n","category_list":"","author_info":{"name":"","url":""},"comments_num":"0 comments","_links":{"self":[{"href":"https:\/\/www.backvita.com\/es\/wp-json\/wp\/v2\/product\/2895"}],"collection":[{"href":"https:\/\/www.backvita.com\/es\/wp-json\/wp\/v2\/product"}],"about":[{"href":"https:\/\/www.backvita.com\/es\/wp-json\/wp\/v2\/types\/product"}],"wp:featuredmedia":[{"embeddable":true,"href":"https:\/\/www.backvita.com\/es\/wp-json\/wp\/v2\/media\/2794"}],"wp:attachment":[{"href":"https:\/\/www.backvita.com\/es\/wp-json\/wp\/v2\/media?parent=2895"}],"wp:term":[{"taxonomy":"product_cat","embeddable":true,"href":"https:\/\/www.backvita.com\/es\/wp-json\/wp\/v2\/product_cat?post=2895"},{"taxonomy":"product_tag","embeddable":true,"href":"https:\/\/www.backvita.com\/es\/wp-json\/wp\/v2\/product_tag?post=2895"}],"curies":[{"name":"wp","href":"https:\/\/api.w.org\/{rel}","templated":true}]}}