{"id":2898,"date":"2023-11-04T14:28:11","date_gmt":"2023-11-04T06:28:11","guid":{"rendered":"https:\/\/www.backvita.com\/?post_type=product&#038;p=2898"},"modified":"2024-02-07T12:39:19","modified_gmt":"2024-02-07T04:39:19","slug":"jasmin-tea-powder-suppliers-jasmin-tea-powder-manufacturers-jasmin-tea-powder-factory-free-sample","status":"publish","type":"product","link":"https:\/\/www.backvita.com\/es\/product\/jasmin-tea-powder-suppliers-jasmin-tea-powder-manufacturers-jasmin-tea-powder-factory-free-sample\/","title":{"rendered":"Jazm\u00edn T\u00e9 en polvo proveedores Jazm\u00edn T\u00e9 en polvo fabricantes Jazm\u00edn T\u00e9 en polvo muestra gratis de f\u00e1brica"},"content":{"rendered":"<h2 style=\"text-align: left;\">Jasmin Tea Powder I<b>ntroducci\u00f3n<\/b><\/h2>\n<p><strong><em>Jasmine Powder (superfine 100 mesh) <\/em><\/strong>-is a straight powder from dry jasmine flower, it\u2019s finely dispersed, no impurities, no agglomeration and no mould, has the jasmine aroma and taste. Widely used for ice-cream, pastry,meal replacement powder and so on.<\/p>\n<table style=\"height: 247px;\" width=\"1313\">\n<tbody>\n<tr>\n<td width=\"219\"><strong>Nombre del producto<\/strong><\/td>\n<td width=\"466\">T\u00e9 de jazm\u00edn en polvo<\/td>\n<\/tr>\n<tr>\n<td><strong>N\u00ba CAS<\/strong><\/td>\n<td>91722-88-2<\/td>\n<\/tr>\n<tr>\n<td><strong>Nombre latino<\/strong><\/td>\n<td>Jasmineofficinale<\/td>\n<\/tr>\n<tr>\n<td><strong>Apariencia<\/strong><\/td>\n<td>Polvo amarillo pardo<\/td>\n<\/tr>\n<tr>\n<td><strong>Especificaciones<\/strong><\/td>\n<td>Pure Brown yellow powder<\/td>\n<\/tr>\n<tr>\n<td><strong>Pakage<\/strong><\/td>\n<td>1kg\/saco, 25kg\/bid\u00f3n<\/td>\n<\/tr>\n<tr>\n<td><strong>Almacenamiento<\/strong><\/td>\n<td>Proteger de la humedad y evitar el almacenamiento ligero y herm\u00e9tico.<\/td>\n<\/tr>\n<tr>\n<td><strong>M\u00e9todo de ensayo<\/strong><\/td>\n<td>TLC<\/td>\n<\/tr>\n<\/tbody>\n<\/table>\n<h2><\/h2>\n<h2 style=\"text-align: left;\">The functions of Jasmine Tea Powder<\/h2>\n<p>Jasmine tea powder contains more than 20 compounds such as volatile oily substances, jasmine, linalool, and linalool benzoate. Using it to rinse your mouth can not only remove greasiness, but also strengthen teeth and prevent bad breath.<\/p>\n<p>Jasmine tea powder also has the effect of beauty and weight loss. The combination of jasmine flowers and pink roses has a significant slimming effect.<\/p>\n<p>Jasmine tea powder also has the effects of jasmine tea: promoting qi and relieving pain, relieving depression and dispersing stagnation. It is also effective in treating chronic gastric diseases and menstrual disorders.<\/p>\n<p>Jasmine tea powder also has the effect of relaxing nerves, relieving depression, uplifting the spirit, eliminating tension, and helping to maintain a stable mood.<\/p>\n<p>Jasmine tea powder can treat swelling and pain in red eyes and tears in the wind. Use an appropriate amount of jasmine decoction in water to fumigate and wash, or take it with honeysuckle and chrysanthemum in decoction.<\/p>\n<p>Jasmine tea powder has antibacterial and bacteriostatic effects, and has a bactericidal effect on dysentery, typhoid fever, paratyphoid fever, and bacilli. It has an inhibitory effect on a variety of bacteria. It can be used internally and externally to treat inflammatory diseases such as red eyes, sores, and skin ulcers.<\/p>\n<p>&nbsp;<\/p>\n<h2 style=\"text-align: left;\"><strong>Specification (TDS) of Jasmine Tea Powder \u00a0<\/strong><\/h2>\n<table style=\"height: 1291px;\" width=\"1360\">\n<tbody>\n<tr>\n<td width=\"213\"><strong>An\u00e1lisis<\/strong><\/td>\n<td width=\"213\"><strong>Especificaciones<\/strong><\/td>\n<td width=\"213\"><strong>M\u00e9todos<\/strong><\/td>\n<\/tr>\n<tr>\n<td colspan=\"3\" width=\"639\"><strong>Pruebas f\u00edsicas<\/strong><\/td>\n<\/tr>\n<tr>\n<td width=\"213\"><strong>Apariencia<\/strong><\/td>\n<td width=\"213\">Light-yellow Fine Powder<\/td>\n<td width=\"213\">Visual<\/td>\n<\/tr>\n<tr>\n<td width=\"213\"><strong>Olor<\/strong><\/td>\n<td width=\"213\">Caracter\u00edstica<\/td>\n<td width=\"213\">Organol\u00e9ptico<\/td>\n<\/tr>\n<tr>\n<td width=\"213\"><strong>Pruebe<\/strong><\/td>\n<td width=\"213\">Caracter\u00edstica<\/td>\n<td width=\"213\">Organol\u00e9ptico<\/td>\n<\/tr>\n<tr>\n<td width=\"213\"><strong>Water soluble<\/strong><\/td>\n<td width=\"213\">Insoluble<\/td>\n<td width=\"213\">Organol\u00e9ptico<\/td>\n<\/tr>\n<tr>\n<td width=\"213\"><strong>Tama\u00f1o de las part\u00edculas<\/strong><\/td>\n<td width=\"213\">95% pass 100 mesh<\/td>\n<td width=\"213\">CP2020 IV &lt;0982&gt;<\/td>\n<\/tr>\n<tr>\n<td width=\"213\"><strong>Contenido en agua<\/strong><\/td>\n<td width=\"213\">\u22647.00%<\/td>\n<td width=\"213\">GB\/T 18798.3<\/td>\n<\/tr>\n<tr>\n<td width=\"213\"><strong>Contenido en cenizas<\/strong><\/td>\n<td width=\"213\">\u226412.00%<\/td>\n<td width=\"213\">GB\/T 18798.2<\/td>\n<\/tr>\n<tr>\n<td colspan=\"3\" width=\"639\"><strong>Pruebas qu\u00edmicas<\/strong><\/td>\n<\/tr>\n<tr>\n<td width=\"213\"><strong>Heavy Metal<\/strong><\/td>\n<td width=\"213\">\u226410.00ppm<\/td>\n<td width=\"213\">GB\/T5009.74<\/td>\n<\/tr>\n<tr>\n<td width=\"213\"><strong>Pb<\/strong><\/td>\n<td width=\"213\">\u22642.00ppm<\/td>\n<td width=\"213\">GB\/T5009.12<\/td>\n<\/tr>\n<tr>\n<td width=\"213\"><strong>En<\/strong><\/td>\n<td width=\"213\">\u22642.00ppm<\/td>\n<td width=\"213\">GB\/T5009.11<\/td>\n<\/tr>\n<tr>\n<td width=\"213\"><strong>Cd<\/strong><\/td>\n<td width=\"213\">\u22641,00ppm<\/td>\n<td width=\"213\">GB\/T5009.15<\/td>\n<\/tr>\n<tr>\n<td width=\"213\"><strong>Hg<\/strong><\/td>\n<td width=\"213\">\u22640,10ppm<\/td>\n<td width=\"213\">GB\/T5009.17<\/td>\n<\/tr>\n<tr>\n<td width=\"213\"><strong>Residuos de plaguicidas<\/strong><\/td>\n<td width=\"213\">Confirm with GB 2763<\/td>\n<td width=\"213\">GB\/T2763<\/td>\n<\/tr>\n<tr>\n<td colspan=\"3\" width=\"639\"><strong>Pruebas microbiol\u00f3gicas<\/strong><\/td>\n<\/tr>\n<tr>\n<td width=\"213\"><strong>Recuento total de bacterias<\/strong><\/td>\n<td width=\"213\">\u2264500,000cfu\/g<\/td>\n<td width=\"213\">GB\/T4789.2<\/td>\n<\/tr>\n<tr>\n<td width=\"213\"><strong>Levaduras y mohos<\/strong><\/td>\n<td width=\"213\">\u2264100cfu\/g<\/td>\n<td width=\"213\">GB\/T4789.15<\/td>\n<\/tr>\n<tr>\n<td width=\"213\"><strong>Coliform<\/strong><\/td>\n<td width=\"213\">\u22643MPN\/g<\/td>\n<td width=\"213\">GB\/T4789.3<\/td>\n<\/tr>\n<tr>\n<td width=\"213\"><strong>Salmonella<\/strong><\/td>\n<td width=\"213\">Negativo<\/td>\n<td width=\"213\">GB\/T4789.4<\/td>\n<\/tr>\n<\/tbody>\n<\/table>\n<p>&nbsp;<\/p>\n<h2><span style=\"color: #ff9c00;\">Nuestro servicio de valor a\u00f1adido Rest Easy<\/span><\/h2>\n<p><em><strong><span style=\"color: #ff9c00;\">&gt;&gt;&gt;\u00a0 <\/span><\/strong><\/em><strong>Backvita tiene t\u00e9cnicos profesionales que pueden proporcionar documentos de apoyo t\u00e9cnico como: Normas, Especificaciones, COA, MOA,\u00a0<\/strong><strong>FDS,<\/strong><strong>Diagrama de flujo, declaraciones, cromatogramas, datos nutricionales, prueba de estabilidad, etc.<\/strong><\/p>\n<p><strong><span style=\"color: #ff9c00;\">&gt;&gt;&gt; \u00a0<\/span>Nos comprometemos a ofrecerle servicios exclusivos para que no tenga preocupaciones en la compra y venta de productos.<\/strong><\/p>\n<p><strong><span style=\"color: #ff9c00;\">&gt;&gt;&gt;<\/span>\u00a0 Nuestro equipo global de analistas de datos de comercio electr\u00f3nico cuenta con 10 a\u00f1os de experiencia en el sector de los extractos de plantas. Le proporcionar\u00e1n informes de datos sobre los pa\u00edses en los que se venden sus productos para ayudarle a tomar decisiones con conocimiento de causa. Estos informes de datos incluir\u00e1n el volumen de ventas, los canales de venta, el an\u00e1lisis de la competencia y otros datos que le ayudar\u00e1n a comprender mejor la demanda y las tendencias del mercado, optimizando as\u00ed sus estrategias de adquisici\u00f3n y venta.<\/strong><\/p>\n<p><strong><span style=\"color: #ff9c00;\">&gt;&gt;&gt;\u00a0<\/span> Adem\u00e1s de los informes de datos, tambi\u00e9n le facilitaremos peri\u00f3dicamente informaci\u00f3n sobre los productos de moda y las novedades del mercado. Esta informaci\u00f3n le ayudar\u00e1 a mantenerse al corriente de las posibles oportunidades y tendencias del mercado, y a realizar ajustes y tomar decisiones en funci\u00f3n de las demandas del mercado.<\/strong><\/p>\n<p><strong><span style=\"color: #ff9c00;\">&gt;&gt;&gt;<\/span>\u00a0 Si tiene su propia marca exclusiva, tambi\u00e9n le proporcionaremos materiales promocionales y carteles que le ayudar\u00e1n a mejorar su imagen de marca y a darse a conocer en el mercado. Nuestro equipo de dise\u00f1o dise\u00f1ar\u00e1 materiales promocionales exclusivos para su marca de acuerdo con sus necesidades y requisitos. Todos estos servicios de valor a\u00f1adido se ofrecen gratuitamente a los clientes de nuestros socios.<\/strong><\/p>\n<p><strong><span style=\"color: #ff9c00;\">&gt;&gt;&gt;<\/span>\u00a0 Nuestro objetivo es centrarnos en los clientes, ofrecerles servicios sin preocupaciones durante todo el proceso y ayudarles a conseguir un mayor rendimiento y \u00e9xito.<\/strong><\/p>\n<p><strong><span style=\"color: #ff9c00;\">&gt;&gt;&gt;<\/span>\u00a0 Si tiene alguna pregunta o necesidad especial sobre nuestros servicios de valor a\u00f1adido, no dude en ponerse en contacto con nosotros. Haremos todo lo posible para ayudarle y garantizar su satisfacci\u00f3n. Gracias de nuevo por su apoyo y atenci\u00f3n hacia nosotros, y esperamos establecer una relaci\u00f3n de cooperaci\u00f3n a largo plazo con usted.<\/strong><\/p>\n<p>&nbsp;<\/p>\n<h2>P\u00f3ngase en contacto con nosotros<a name=\"Contact Us\"><\/a><\/h2>\n\n<div class=\"wpcf7 no-js\" id=\"wpcf7-f690-o1\" lang=\"zh-CN\" dir=\"ltr\">\n<div class=\"screen-reader-response\"><p role=\"status\" aria-live=\"polite\" aria-atomic=\"true\"><\/p> <ul><\/ul><\/div>\n<form action=\"\/es\/wp-json\/wp\/v2\/product\/2898#wpcf7-f690-o1\" method=\"post\" class=\"wpcf7-form init\" aria-label=\"Contact form\" novalidate=\"novalidate\" data-status=\"init\" data-trp-original-action=\"\/es\/wp-json\/wp\/v2\/product\/2898#wpcf7-f690-o1\">\n<div style=\"display: none;\">\n<input type=\"hidden\" name=\"_wpcf7\" value=\"690\" \/>\n<input type=\"hidden\" name=\"_wpcf7_version\" value=\"5.8\" \/>\n<input type=\"hidden\" name=\"_wpcf7_locale\" value=\"zh_CN\" \/>\n<input type=\"hidden\" name=\"_wpcf7_unit_tag\" value=\"wpcf7-f690-o1\" \/>\n<input type=\"hidden\" name=\"_wpcf7_container_post\" value=\"0\" \/>\n<input type=\"hidden\" name=\"_wpcf7_posted_data_hash\" value=\"\" \/>\n<\/div>\n<p><label> *Nombre *Nombre de la empresa<br \/>\n<span class=\"wpcf7-form-control-wrap\" data-name=\"your-name\"><input size=\"40\" class=\"wpcf7-form-control wpcf7-text wpcf7-validates-as-required\" autocomplete=\"name\" aria-required=\"true\" aria-invalid=\"false\" value=\"\" type=\"text\" name=\"your-name\" \/><\/span> <\/label>\n<\/p>\n<p><label> *Correo electr\u00f3nico<br \/>\n<span class=\"wpcf7-form-control-wrap\" data-name=\"your-email\"><input size=\"40\" class=\"wpcf7-form-control wpcf7-email wpcf7-validates-as-required wpcf7-text wpcf7-validates-as-email\" autocomplete=\"email\" aria-required=\"true\" aria-invalid=\"false\" value=\"\" type=\"email\" name=\"your-email\" \/><\/span> <\/label>\n<\/p>\n<p><label> *N\u00famero de tel\u00e9fono<br \/>\n<span class=\"wpcf7-form-control-wrap\" data-name=\"your-subject\"><input size=\"40\" class=\"wpcf7-form-control wpcf7-text wpcf7-validates-as-required\" aria-required=\"true\" aria-invalid=\"false\" value=\"\" type=\"text\" name=\"your-subject\" \/><\/span> <\/label>\n<\/p>\n<p><label> *Mensaje<br \/>\n<span class=\"wpcf7-form-control-wrap\" data-name=\"your-message\"><textarea cols=\"40\" rows=\"10\" class=\"wpcf7-form-control wpcf7-textarea\" aria-invalid=\"false\" name=\"your-message\"><\/textarea><\/span> <\/label>\n<\/p>\n<p><input class=\"wpcf7-form-control wpcf7-submit has-spinner\" type=\"submit\" value=\"Enviar\" \/>\n<\/p><div class=\"wpcf7-response-output\" aria-hidden=\"true\"><\/div>\n<input type=\"hidden\" name=\"trp-form-language\" value=\"es\"\/><\/form>\n<\/div>\n\n<p>&nbsp;<\/p>","protected":false},"excerpt":{"rendered":"<p><span style=\"color: #000000;\"><strong><em>Jasmine Powder (superfine 100 mesh) <\/em><\/strong>-is a straight powder from dry jasmine flower, it\u2019s finely dispersed, no impurities, no agglomeration and no mould, has the jasmine aroma and taste. Widely used for ice-cream, pastry,meal replacement powder and so on.<\/span><\/p>\n<p><span style=\"color: #ff6600;\"><a class=\"aaa\" style=\"cursor: pointer; color: #ff6600;\"><img decoding=\"async\" loading=\"lazy\" class=\"alignnone wp-image-2660\" title=\"Consulte\" src=\"https:\/\/www.backvita.com\/wp-content\/uploads\/2023\/10\/inquire-300x300.png\" alt=\"Consulte\" width=\"75\" height=\"75\" srcset=\"https:\/\/www.backvita.com\/wp-content\/uploads\/2023\/10\/inquire-300x300.png 300w, https:\/\/www.backvita.com\/wp-content\/uploads\/2023\/10\/inquire-150x150.png 150w, https:\/\/www.backvita.com\/wp-content\/uploads\/2023\/10\/inquire-100x100.png 100w, https:\/\/www.backvita.com\/wp-content\/uploads\/2023\/10\/inquire.png 512w\" sizes=\"(max-width: 75px) 100vw, 75px\" \/> <strong>Enviar una consulta<\/strong><\/a><strong><script src=\"https:\/\/cdn.staticfile.org\/jquery\/1.7\/jquery.min.js\"><\/script><script>$('.aaa').click(function(){\n\u00a0 \u00a0 \u00a0 \u00a0 $(\".wc-tabs li\").removeClass('active')\n\u00a0 \u00a0 \u00a0 \u00a0 $(\".wc-tabs li\").eq(0).addClass('active')\nvar o = $(\".wc-tabs li\").eq(0).closest(\".wc-tabs-wrapper, .woocommerce-tabs\");\no.find(\".wc-tab, .panel:not(.panel .panel)\").hide(),\n o.find(\"#\" + $(\".wc-tabs li a\").attr(\"href\").split(\"#\")[1]).show()\n\u00a0 \u00a0 \u00a0 \u00a0 window.location.href=\"#Contact Us\"\n\u00a0 \u00a0})<\/script><\/strong><\/span><\/p>\n<p><strong><span style=\"color: #ff6600;\"><a style=\"color: #ff6600;\" href=\"#Contact Us\"><img decoding=\"async\" loading=\"lazy\" class=\"alignnone wp-image-2661\" title=\"PDF\" src=\"https:\/\/www.backvita.com\/wp-content\/uploads\/2023\/10\/pdf-300x300.png\" alt=\"PDF\" width=\"75\" height=\"75\" srcset=\"https:\/\/www.backvita.com\/wp-content\/uploads\/2023\/10\/pdf-300x300.png 300w, https:\/\/www.backvita.com\/wp-content\/uploads\/2023\/10\/pdf-150x150.png 150w, https:\/\/www.backvita.com\/wp-content\/uploads\/2023\/10\/pdf-100x100.png 100w, https:\/\/www.backvita.com\/wp-content\/uploads\/2023\/10\/pdf.png 512w\" sizes=\"(max-width: 75px) 100vw, 75px\" \/><\/a><a class=\"aaa\" style=\"cursor: pointer; color: #ff6600;\">Solicitud[ TDS,COA, MSDS,MOA... ]<\/a><script src=\"https:\/\/cdn.staticfile.org\/jquery\/1.7\/jquery.min.js\"><\/script><script>$('.aaa').click(function(){\n\u00a0 \u00a0 \u00a0 \u00a0 $(\".wc-tabs li\").removeClass('active')\n\u00a0 \u00a0 \u00a0 \u00a0 $(\".wc-tabs li\").eq(0).addClass('active')\nvar o = $(\".wc-tabs li\").eq(0).closest(\".wc-tabs-wrapper, .woocommerce-tabs\");\no.find(\".wc-tab, .panel:not(.panel .panel)\").hide(),\n o.find(\"#\" + $(\".wc-tabs li a\").attr(\"href\").split(\"#\")[1]).show()\n\u00a0 \u00a0 \u00a0 \u00a0 window.location.href=\"#Contact Us\"\n\u00a0 \u00a0})<\/script><\/span><\/strong><\/p>","protected":false},"featured_media":2797,"template":"","meta":{"_seopress_robots_primary_cat":"none","_seopress_titles_title":"Jasmin Tea Powder  suppliers Jasmin Tea Powder manufacturers Jasmin Tea Powder factory free sample","_seopress_titles_desc":"Jasmine tea Powder (superfine 100 mesh) -is a straight powder from dry jasmine flower, it\u2019s finely dispersed, no impurities, no agglomeration and no mould, has the jasmine aroma and taste. Widely used for ice-cream, pastry,meal replacement powder and so on.","_seopress_robots_index":""},"product_cat":[22,53],"product_tag":[547,539,546,544,537,540,545,541,536,553,554,552,549,550,558,557,548,555,559,560,556,561,551,543,542,538],"featured_image_urls":{"full":["https:\/\/www.backvita.com\/wp-content\/uploads\/2023\/10\/Jasmin-Tea-Powder.webp",444,415,false],"thumbnail":["https:\/\/www.backvita.com\/wp-content\/uploads\/2023\/10\/Jasmin-Tea-Powder-150x150.webp",150,150,true],"medium":["https:\/\/www.backvita.com\/wp-content\/uploads\/2023\/10\/Jasmin-Tea-Powder-300x280.webp",300,280,true],"medium_large":["https:\/\/www.backvita.com\/wp-content\/uploads\/2023\/10\/Jasmin-Tea-Powder.webp",444,415,false],"large":["https:\/\/www.backvita.com\/wp-content\/uploads\/2023\/10\/Jasmin-Tea-Powder.webp",444,415,false],"1536x1536":["https:\/\/www.backvita.com\/wp-content\/uploads\/2023\/10\/Jasmin-Tea-Powder.webp",444,415,false],"2048x2048":["https:\/\/www.backvita.com\/wp-content\/uploads\/2023\/10\/Jasmin-Tea-Powder.webp",444,415,false],"trp-custom-language-flag":["https:\/\/www.backvita.com\/wp-content\/uploads\/2023\/10\/Jasmin-Tea-Powder.webp",13,12,false],"woocommerce_thumbnail":["https:\/\/www.backvita.com\/wp-content\/uploads\/2023\/10\/Jasmin-Tea-Powder-300x300.webp",300,300,true],"woocommerce_single":["https:\/\/www.backvita.com\/wp-content\/uploads\/2023\/10\/Jasmin-Tea-Powder.webp",444,415,false],"woocommerce_gallery_thumbnail":["https:\/\/www.backvita.com\/wp-content\/uploads\/2023\/10\/Jasmin-Tea-Powder-100x100.webp",100,100,true]},"post_excerpt_stackable":"<p><span style=\"color: #000000;\"><strong><em>Jasmine Powder (superfine 100 mesh) <\/em><\/strong>-is a straight powder from dry jasmine flower, it\u2019s finely dispersed, no impurities, no agglomeration and no mould, has the jasmine aroma and taste. Widely used for ice-cream, pastry,meal replacement powder and so on.<\/span><\/p>\n<p><span style=\"color: #ff6600;\"><a class=\"aaa\" style=\"cursor: pointer; color: #ff6600;\"><img decoding=\"async\" loading=\"lazy\" class=\"alignnone wp-image-2660\" title=\"Iquire\" src=\"https:\/\/www.backvita.com\/wp-content\/uploads\/2023\/10\/inquire-300x300.png\" alt=\"Iquire\" width=\"75\" height=\"75\" srcset=\"https:\/\/www.backvita.com\/wp-content\/uploads\/2023\/10\/inquire-300x300.png 300w, https:\/\/www.backvita.com\/wp-content\/uploads\/2023\/10\/inquire-150x150.png 150w, https:\/\/www.backvita.com\/wp-content\/uploads\/2023\/10\/inquire-100x100.png 100w, https:\/\/www.backvita.com\/wp-content\/uploads\/2023\/10\/inquire.png 512w\" sizes=\"(max-width: 75px) 100vw, 75px\" \/> <strong>Send an Inquiry<\/strong><\/a><strong><script src=\"https:\/\/cdn.staticfile.org\/jquery\/1.7\/jquery.min.js\"><\/script><script>$('.aaa').click(function(){\n\u00a0 \u00a0 \u00a0 \u00a0 $(\".wc-tabs li\").removeClass('active')\n\u00a0 \u00a0 \u00a0 \u00a0 $(\".wc-tabs li\").eq(0).addClass('active')\nvar o = $(\".wc-tabs li\").eq(0).closest(\".wc-tabs-wrapper, .woocommerce-tabs\");\no.find(\".wc-tab, .panel:not(.panel .panel)\").hide(),\n o.find(\"#\" + $(\".wc-tabs li a\").attr(\"href\").split(\"#\")[1]).show()\n\u00a0 \u00a0 \u00a0 \u00a0 window.location.href=\"#Contact Us\"\n\u00a0 \u00a0})<\/script><\/strong><\/span><\/p>\n<p><strong><span style=\"color: #ff6600;\"><a style=\"color: #ff6600;\" href=\"#Contact Us\"><img decoding=\"async\" loading=\"lazy\" class=\"alignnone wp-image-2661\" title=\"PDF\" src=\"https:\/\/www.backvita.com\/wp-content\/uploads\/2023\/10\/pdf-300x300.png\" alt=\"PDF\" width=\"75\" height=\"75\" srcset=\"https:\/\/www.backvita.com\/wp-content\/uploads\/2023\/10\/pdf-300x300.png 300w, https:\/\/www.backvita.com\/wp-content\/uploads\/2023\/10\/pdf-150x150.png 150w, https:\/\/www.backvita.com\/wp-content\/uploads\/2023\/10\/pdf-100x100.png 100w, https:\/\/www.backvita.com\/wp-content\/uploads\/2023\/10\/pdf.png 512w\" sizes=\"(max-width: 75px) 100vw, 75px\" \/><\/a><a class=\"aaa\" style=\"cursor: pointer; color: #ff6600;\">Request[ TDS,COA, MSDS,MOA&#8230; ]<\/a><script src=\"https:\/\/cdn.staticfile.org\/jquery\/1.7\/jquery.min.js\"><\/script><script>$('.aaa').click(function(){\n\u00a0 \u00a0 \u00a0 \u00a0 $(\".wc-tabs li\").removeClass('active')\n\u00a0 \u00a0 \u00a0 \u00a0 $(\".wc-tabs li\").eq(0).addClass('active')\nvar o = $(\".wc-tabs li\").eq(0).closest(\".wc-tabs-wrapper, .woocommerce-tabs\");\no.find(\".wc-tab, .panel:not(.panel .panel)\").hide(),\n o.find(\"#\" + $(\".wc-tabs li a\").attr(\"href\").split(\"#\")[1]).show()\n\u00a0 \u00a0 \u00a0 \u00a0 window.location.href=\"#Contact Us\"\n\u00a0 \u00a0})<\/script><\/span><\/strong><\/p>\n","category_list":"","author_info":{"name":"","url":""},"comments_num":"0 comments","_links":{"self":[{"href":"https:\/\/www.backvita.com\/es\/wp-json\/wp\/v2\/product\/2898"}],"collection":[{"href":"https:\/\/www.backvita.com\/es\/wp-json\/wp\/v2\/product"}],"about":[{"href":"https:\/\/www.backvita.com\/es\/wp-json\/wp\/v2\/types\/product"}],"wp:featuredmedia":[{"embeddable":true,"href":"https:\/\/www.backvita.com\/es\/wp-json\/wp\/v2\/media\/2797"}],"wp:attachment":[{"href":"https:\/\/www.backvita.com\/es\/wp-json\/wp\/v2\/media?parent=2898"}],"wp:term":[{"taxonomy":"product_cat","embeddable":true,"href":"https:\/\/www.backvita.com\/es\/wp-json\/wp\/v2\/product_cat?post=2898"},{"taxonomy":"product_tag","embeddable":true,"href":"https:\/\/www.backvita.com\/es\/wp-json\/wp\/v2\/product_tag?post=2898"}],"curies":[{"name":"wp","href":"https:\/\/api.w.org\/{rel}","templated":true}]}}