{"id":2902,"date":"2023-11-04T14:31:09","date_gmt":"2023-11-04T06:31:09","guid":{"rendered":"https:\/\/www.backvita.com\/?post_type=product&#038;p=2902"},"modified":"2024-02-07T12:28:07","modified_gmt":"2024-02-07T04:28:07","slug":"andrographis-extract-andrographolide-suppliers-andrographis-extract-andrographolide-manufacturers-andrographis-extract-andrographolide-factory-free-sample","status":"publish","type":"product","link":"https:\/\/www.backvita.com\/es\/product\/andrographis-extract-andrographolide-proveedores-andrographis-extract-andrographolide-fabricantes-andrographis-extract-andrographolide-muestra-gratis-de-fabrica\/","title":{"rendered":"Andrographis Extract Andrographolide proveedores Andrographis Extract Andrographolide fabricantes Andrographis Extract Andrographolide muestra gratis de f\u00e1brica"},"content":{"rendered":"<div class=\"fl-col-group fl-node-63aba29dec34d\" data-node=\"63aba29dec34d\">\n<div class=\"fl-col fl-node-63aba29dec38d\" data-node=\"63aba29dec38d\">\n<div class=\"fl-col-content fl-node-content\">\n<div class=\"fl-module fl-module-rich-text fl-node-63aba29dec3cd\" data-node=\"63aba29dec3cd\" data-animation-delay=\"0.0\">\n<div class=\"fl-module-content fl-node-content\">\n<div class=\"fl-rich-text\">\n<div class=\"content_box\">\n<h2><b>Andrographis Extract Andrographolide Introducci\u00f3n<\/b><\/h2>\n<\/div>\n<p><b><i>Extracto de Andrographis\u00a0<\/i><\/b>se prepara a partir de Andrographis mediante extracci\u00f3n con metanol o alcohol. La proporci\u00f3n entre el material vegetal y el extracto oscila entre 15:1 y 10:1. Contiene NLT 90,0% y NMT 110,0% de la cantidad etiquetada de lactonas diterp\u00e9nicas, calculada sobre la base seca como la suma de andrographolide, neoandrographolide, andrograpanin,14-deoxy-11, 12-didehydroandrographolide. Puede contener sustancias a\u00f1adidas adecuadas como soportes.<\/p>\n<\/div>\n<div>El andrograf\u00f3lido es un compuesto org\u00e1nico con la f\u00f3rmula molecular C20H30O5 y cristales prism\u00e1ticos cuadrados o escamosos de color blanco. El principal ingrediente activo de la planta natural Andrographis paniculata tiene efectos disipadores del calor, desintoxicantes, antiinflamatorios y analg\u00e9sicos. Tiene efectos especiales sobre las infecciones bacterianas y v\u00edricas de las v\u00edas respiratorias superiores y la disenter\u00eda, y se conoce como medicamento antibi\u00f3tico natural.<\/div>\n<div><\/div>\n<div>\n<table style=\"height: 239px;\" width=\"1311\">\n<tbody>\n<tr>\n<td width=\"219\"><strong>Nombre del producto<\/strong><\/td>\n<td width=\"466\">Andrographis Extract Andrographolide<\/td>\n<\/tr>\n<tr>\n<td><strong>N\u00ba CAS<\/strong><\/td>\n<td>5508-58-7<\/td>\n<\/tr>\n<tr>\n<td><strong>Nombre latino<\/strong><\/td>\n<td>Andrographolide<\/td>\n<\/tr>\n<tr>\n<td><strong>Apariencia<\/strong><\/td>\n<td>Cristales prism\u00e1ticos cuadrados o escamosos de color blanco<\/td>\n<\/tr>\n<tr>\n<td><strong>Especificaciones<\/strong><\/td>\n<td>5%, 98% ,99%<\/td>\n<\/tr>\n<tr>\n<td><strong>Pakage<\/strong><\/td>\n<td>1kg\/saco, 25kg\/bid\u00f3n<\/td>\n<\/tr>\n<tr>\n<td><strong>Almacenamiento<\/strong><\/td>\n<td>Proteger de la humedad y evitar el almacenamiento ligero y herm\u00e9tico.<\/td>\n<\/tr>\n<tr>\n<td><strong>M\u00e9todo de ensayo<\/strong><\/td>\n<td>HPLC<\/td>\n<\/tr>\n<\/tbody>\n<\/table>\n<p>&nbsp;<\/p>\n<\/div>\n<\/div>\n<\/div>\n<div><\/div>\n<\/div>\n<\/div>\n<\/div>\n<div class=\"fl-col-group fl-node-63aba29dec40d fl-col-group-equal-height fl-col-group-align-center\" data-node=\"63aba29dec40d\">\n<div class=\"fl-col fl-node-63aba29dec44d\" data-node=\"63aba29dec44d\">\n<div class=\"fl-col-content fl-node-content\">\n<div class=\"fl-module fl-module-rich-text fl-node-63aba29dec4cf\" data-node=\"63aba29dec4cf\" data-animation-delay=\"0.0\">\n<div class=\"fl-module-content fl-node-content\">\n<div class=\"fl-rich-text\">\n<div class=\"content_box\">\n<h2><b>Especificaciones principales de Andrographis Extract Andrographolide<\/b><\/h2>\n<\/div>\n<p>Andrographolide Polvo 5% HPLC<br \/>\nAndrographolide Polvo 98% HPLC<br \/>\nAndrographolide Polvo 99% HPLC<\/p>\n<p>&nbsp;<\/p>\n<div id=\"gtx-trans\"><\/div>\n<\/div>\n<\/div>\n<\/div>\n<\/div>\n<\/div>\n<\/div>\n<div class=\"fl-col-group fl-node-63aba29dec54f\" data-node=\"63aba29dec54f\">\n<div class=\"fl-col fl-node-63aba29dec58f\" data-node=\"63aba29dec58f\">\n<div class=\"fl-col-content fl-node-content\">\n<div class=\"fl-module fl-module-rich-text fl-node-63aba29dec5cf\" data-node=\"63aba29dec5cf\" data-animation-delay=\"0.0\">\n<div class=\"fl-module-content fl-node-content\">\n<div class=\"fl-rich-text\">\n<div class=\"content_box\">\n<h2><b>Beneficios del Andrographis Extract Andrographolide<\/b><\/h2>\n<\/div>\n<p>El andrograf\u00f3lido tiene un efecto disipador del calor y desintoxicante, antiinflamatorio y analg\u00e9sico.<br \/>\nEl andrograf\u00f3lido tiene un efecto especial sobre las infecciones bacterianas y v\u00edricas de las v\u00edas respiratorias superiores y la disenter\u00eda.<br \/>\nAndrographolide efecto de protomicroorganismo resistente a la enfermedad, efecto antipir\u00e9tico y la funci\u00f3n inmune en el cuerpo.<\/p>\n<p>&nbsp;<\/p>\n<div class=\"content_box\">\n<h2><b>Ficha t\u00e9cnica t\u00edpica de Andrographis Extract Andrographolide<\/b><\/h2>\n<\/div>\n<div class=\"table_wrap\">\n<table style=\"height: 736px;\" border=\"0\" width=\"1358\" cellspacing=\"0\">\n<tbody>\n<tr>\n<td valign=\"top\" width=\"263\"><b>An\u00e1lisis<\/b><b><\/b><\/td>\n<td valign=\"top\" width=\"269\"><b>Especificaciones<\/b><\/td>\n<td valign=\"top\" width=\"188\"><b>M\u00e9todos<\/b><\/td>\n<\/tr>\n<tr>\n<td colspan=\"3\" valign=\"top\" width=\"721\"><b>Identificaciones<\/b><b><\/b><\/td>\n<\/tr>\n<tr>\n<td valign=\"top\" width=\"263\"><strong>TLC<\/strong><\/td>\n<td colspan=\"2\" valign=\"top\" width=\"458\">La soluci\u00f3n de muestra presenta bandas principales similares en posici\u00f3n y color a la soluci\u00f3n de RS.<\/td>\n<\/tr>\n<tr>\n<td valign=\"top\" width=\"263\"><strong>HPLC<\/strong><\/td>\n<td colspan=\"2\" valign=\"top\" width=\"458\">El tiempo de retenci\u00f3n de la muestra coincide con el est\u00e1ndar en la prueba de pureza HPLC.<\/td>\n<\/tr>\n<tr>\n<td colspan=\"3\" valign=\"top\" width=\"721\"><b>Pruebas de principios activos<\/b><b><\/b><\/td>\n<\/tr>\n<tr>\n<td valign=\"top\" width=\"263\"><strong>Andrographolide (HPLC)<\/strong><\/td>\n<td valign=\"top\" width=\"269\">90.00-110.00%<\/td>\n<td valign=\"top\" width=\"188\">USP43<\/td>\n<\/tr>\n<tr>\n<td colspan=\"3\" valign=\"center\" width=\"721\"><b>Pruebas f\u00edsicas<\/b><b><\/b><\/td>\n<\/tr>\n<tr>\n<td valign=\"top\" width=\"263\"><strong>Apariencia<\/strong><\/td>\n<td valign=\"top\" width=\"269\">Polvo fino blanco<\/td>\n<td valign=\"top\" width=\"188\">Visual<\/td>\n<\/tr>\n<tr>\n<td valign=\"top\" width=\"263\"><strong>Olor<\/strong><\/td>\n<td valign=\"top\" width=\"269\">Caracter\u00edstica<\/td>\n<td valign=\"top\" width=\"188\">Organol\u00e9ptico<\/td>\n<\/tr>\n<tr>\n<td valign=\"top\" width=\"263\"><strong>Pruebe<\/strong><\/td>\n<td valign=\"top\" width=\"269\">Caracter\u00edstica<\/td>\n<td valign=\"top\" width=\"188\">Organol\u00e9ptico<\/td>\n<\/tr>\n<tr>\n<td valign=\"top\" width=\"263\"><strong>Tama\u00f1o de las part\u00edculas<\/strong><\/td>\n<td valign=\"top\" width=\"269\">98% pasar malla 80<\/td>\n<td valign=\"top\" width=\"188\">USP43<\/td>\n<\/tr>\n<tr>\n<td valign=\"top\" width=\"263\"><strong>P\u00e9rdida por secado<\/strong><\/td>\n<td valign=\"top\" width=\"269\">\u22645.00%<\/td>\n<td valign=\"top\" width=\"188\">USP43<\/td>\n<\/tr>\n<tr>\n<td valign=\"top\" width=\"263\"><strong>Residuos en el encendido<\/strong><\/td>\n<td valign=\"top\" width=\"269\">\u22641.00%<\/td>\n<td valign=\"top\" width=\"188\">USP43<\/td>\n<\/tr>\n<tr>\n<td colspan=\"3\" valign=\"center\" width=\"721\"><b>Pruebas qu\u00edmicas<\/b><b><\/b><\/td>\n<\/tr>\n<tr>\n<td valign=\"center\" width=\"263\"><strong>Metales pesados<\/strong><\/td>\n<td valign=\"center\" width=\"269\">\u226410.00ppm<\/td>\n<td valign=\"center\" width=\"188\">USP43<\/td>\n<\/tr>\n<tr>\n<td valign=\"center\" width=\"263\"><strong>Pb<\/strong><\/td>\n<td valign=\"center\" width=\"269\">\u22643.00ppm<\/td>\n<td valign=\"center\" width=\"188\">USP43<\/td>\n<\/tr>\n<tr>\n<td valign=\"center\" width=\"263\"><strong>As<\/strong><\/td>\n<td valign=\"center\" width=\"269\">\u22643.00ppm<\/td>\n<td valign=\"center\" width=\"188\">USP43<\/td>\n<\/tr>\n<tr>\n<td valign=\"center\" width=\"263\"><strong>Cd<\/strong><\/td>\n<td valign=\"center\" width=\"269\">\u22641,00ppm<\/td>\n<td valign=\"center\" width=\"188\">USP43<\/td>\n<\/tr>\n<tr>\n<td valign=\"center\" width=\"263\"><strong>Hg<\/strong><\/td>\n<td valign=\"center\" width=\"269\">\u22640,10ppm<\/td>\n<td valign=\"center\" width=\"188\">USP43<\/td>\n<\/tr>\n<tr>\n<td valign=\"center\" width=\"263\"><strong>Residuos de plaguicidas<\/strong><\/td>\n<td valign=\"top\" width=\"269\">USP43<\/td>\n<td valign=\"center\" width=\"188\">USP43<\/td>\n<\/tr>\n<tr>\n<td colspan=\"3\" valign=\"center\" width=\"721\"><b>Pruebas microbiol\u00f3gicas<\/b><\/td>\n<\/tr>\n<tr>\n<td valign=\"center\" width=\"263\"><strong>Recuento total de bacterias<\/strong><\/td>\n<td valign=\"center\" width=\"269\">\u226410.000 ufc\/g<\/td>\n<td valign=\"top\" width=\"188\">USP43<\/td>\n<\/tr>\n<tr>\n<td valign=\"center\" width=\"263\"><strong>Levaduras y mohos<\/strong><\/td>\n<td valign=\"center\" width=\"269\">\u22641.000 ufc\/g<\/td>\n<td valign=\"top\" width=\"188\">USP43<\/td>\n<\/tr>\n<tr>\n<td valign=\"center\" width=\"263\"><strong>E. Coli<\/strong><\/td>\n<td valign=\"center\" width=\"269\">Negativo en 1g<\/td>\n<td valign=\"center\" width=\"188\">USP43<\/td>\n<\/tr>\n<tr>\n<td valign=\"center\" width=\"263\"><strong>Salmonella<\/strong><\/td>\n<td valign=\"center\" width=\"269\">Negativo en 10g<\/td>\n<td valign=\"center\" width=\"188\">USP43<\/td>\n<\/tr>\n<\/tbody>\n<\/table>\n<\/div>\n<\/div>\n<\/div>\n<\/div>\n<\/div>\n<\/div>\n<\/div>\n<p>&nbsp;<\/p>\n<h2><span style=\"color: #ff9c00;\">Nuestro servicio de valor a\u00f1adido Rest Easy<\/span><\/h2>\n<p><em><strong><span style=\"color: #ff9c00;\">&gt;&gt;&gt;\u00a0 <\/span><\/strong><\/em><strong>Backvita tiene t\u00e9cnicos profesionales que pueden proporcionar documentos de apoyo t\u00e9cnico como: Normas, Especificaciones, COA, MOA,\u00a0<\/strong><strong>FDS,<\/strong><strong>Diagrama de flujo, declaraciones, cromatogramas, datos nutricionales, prueba de estabilidad, etc.<\/strong><\/p>\n<p><strong><span style=\"color: #ff9c00;\">&gt;&gt;&gt; \u00a0<\/span>Nos comprometemos a ofrecerle servicios exclusivos para que no tenga preocupaciones en la compra y venta de productos.<\/strong><\/p>\n<p><strong><span style=\"color: #ff9c00;\">&gt;&gt;&gt;<\/span>\u00a0 Nuestro equipo global de analistas de datos de comercio electr\u00f3nico cuenta con 10 a\u00f1os de experiencia en el sector de los extractos de plantas. Le proporcionar\u00e1n informes de datos sobre los pa\u00edses en los que se venden sus productos para ayudarle a tomar decisiones con conocimiento de causa. Estos informes de datos incluir\u00e1n el volumen de ventas, los canales de venta, el an\u00e1lisis de la competencia y otros datos que le ayudar\u00e1n a comprender mejor la demanda y las tendencias del mercado, optimizando as\u00ed sus estrategias de adquisici\u00f3n y venta.<\/strong><\/p>\n<p><strong><span style=\"color: #ff9c00;\">&gt;&gt;&gt;\u00a0<\/span> Adem\u00e1s de los informes de datos, tambi\u00e9n le facilitaremos peri\u00f3dicamente informaci\u00f3n sobre los productos de moda y las novedades del mercado. Esta informaci\u00f3n le ayudar\u00e1 a mantenerse al corriente de las posibles oportunidades y tendencias del mercado, y a realizar ajustes y tomar decisiones en funci\u00f3n de las demandas del mercado.<\/strong><\/p>\n<p><strong><span style=\"color: #ff9c00;\">&gt;&gt;&gt;<\/span>\u00a0 Si tiene su propia marca exclusiva, tambi\u00e9n le proporcionaremos materiales promocionales y carteles que le ayudar\u00e1n a mejorar su imagen de marca y a darse a conocer en el mercado. Nuestro equipo de dise\u00f1o dise\u00f1ar\u00e1 materiales promocionales exclusivos para su marca de acuerdo con sus necesidades y requisitos. Todos estos servicios de valor a\u00f1adido se ofrecen gratuitamente a los clientes de nuestros socios.<\/strong><\/p>\n<p><strong><span style=\"color: #ff9c00;\">&gt;&gt;&gt;<\/span>\u00a0 Nuestro objetivo es centrarnos en los clientes, ofrecerles servicios sin preocupaciones durante todo el proceso y ayudarles a conseguir un mayor rendimiento y \u00e9xito.<\/strong><\/p>\n<blockquote><p><strong><span style=\"color: #ff9c00;\">&gt;&gt;<\/span>\u00a0 Si tiene alguna pregunta o necesidad especial sobre nuestros servicios de valor a\u00f1adido, no dude en ponerse en contacto con nosotros. Haremos todo lo posible para ayudarle y garantizar su satisfacci\u00f3n. Gracias de nuevo por su apoyo y atenci\u00f3n hacia nosotros, y esperamos establecer una relaci\u00f3n de cooperaci\u00f3n a largo plazo con usted.<\/strong><\/p><\/blockquote>\n<p>&nbsp;<\/p>\n<h2>P\u00f3ngase en contacto con nosotros<a name=\"Contact Us\"><\/a><\/h2>\n\n<div class=\"wpcf7 no-js\" id=\"wpcf7-f690-o1\" lang=\"zh-CN\" dir=\"ltr\">\n<div class=\"screen-reader-response\"><p role=\"status\" aria-live=\"polite\" aria-atomic=\"true\"><\/p> <ul><\/ul><\/div>\n<form action=\"\/es\/wp-json\/wp\/v2\/product\/2902#wpcf7-f690-o1\" method=\"post\" class=\"wpcf7-form init\" aria-label=\"Contact form\" novalidate=\"novalidate\" data-status=\"init\" data-trp-original-action=\"\/es\/wp-json\/wp\/v2\/product\/2902#wpcf7-f690-o1\">\n<div style=\"display: none;\">\n<input type=\"hidden\" name=\"_wpcf7\" value=\"690\" \/>\n<input type=\"hidden\" name=\"_wpcf7_version\" value=\"5.8\" \/>\n<input type=\"hidden\" name=\"_wpcf7_locale\" value=\"zh_CN\" \/>\n<input type=\"hidden\" name=\"_wpcf7_unit_tag\" value=\"wpcf7-f690-o1\" \/>\n<input type=\"hidden\" name=\"_wpcf7_container_post\" value=\"0\" \/>\n<input type=\"hidden\" name=\"_wpcf7_posted_data_hash\" value=\"\" \/>\n<\/div>\n<p><label> *Nombre *Nombre de la empresa<br \/>\n<span class=\"wpcf7-form-control-wrap\" data-name=\"your-name\"><input size=\"40\" class=\"wpcf7-form-control wpcf7-text wpcf7-validates-as-required\" autocomplete=\"name\" aria-required=\"true\" aria-invalid=\"false\" value=\"\" type=\"text\" name=\"your-name\" \/><\/span> <\/label>\n<\/p>\n<p><label> *Correo electr\u00f3nico<br \/>\n<span class=\"wpcf7-form-control-wrap\" data-name=\"your-email\"><input size=\"40\" class=\"wpcf7-form-control wpcf7-email wpcf7-validates-as-required wpcf7-text wpcf7-validates-as-email\" autocomplete=\"email\" aria-required=\"true\" aria-invalid=\"false\" value=\"\" type=\"email\" name=\"your-email\" \/><\/span> <\/label>\n<\/p>\n<p><label> *N\u00famero de tel\u00e9fono<br \/>\n<span class=\"wpcf7-form-control-wrap\" data-name=\"your-subject\"><input size=\"40\" class=\"wpcf7-form-control wpcf7-text wpcf7-validates-as-required\" aria-required=\"true\" aria-invalid=\"false\" value=\"\" type=\"text\" name=\"your-subject\" \/><\/span> <\/label>\n<\/p>\n<p><label> *Mensaje<br \/>\n<span class=\"wpcf7-form-control-wrap\" data-name=\"your-message\"><textarea cols=\"40\" rows=\"10\" class=\"wpcf7-form-control wpcf7-textarea\" aria-invalid=\"false\" name=\"your-message\"><\/textarea><\/span> <\/label>\n<\/p>\n<p><input class=\"wpcf7-form-control wpcf7-submit has-spinner\" type=\"submit\" value=\"Enviar\" \/>\n<\/p><div class=\"wpcf7-response-output\" aria-hidden=\"true\"><\/div>\n<input type=\"hidden\" name=\"trp-form-language\" value=\"es\"\/><\/form>\n<\/div>\n\n<p>&nbsp;<\/p>","protected":false},"excerpt":{"rendered":"<p><span style=\"color: #000000;\">Extracto de Andrographolide Andrographolide es un compuesto org\u00e1nico con la f\u00f3rmula molecular C20H30O5 y cristales prism\u00e1ticos cuadrados blancos o escamosos.El principal ingrediente activo de la planta natural Andrographis paniculata tiene los efectos de disipar el calor, desintoxicante, antiinflamatorio y analg\u00e9sico. Tiene efectos especiales sobre las infecciones bacterianas y v\u00edricas de las v\u00edas respiratorias superiores y la disenter\u00eda, y se conoce como medicamento antibi\u00f3tico natural.<\/span><\/p>\n<p><span style=\"color: #ff6600;\"><a class=\"aaa\" style=\"cursor: pointer; color: #ff6600;\"><img decoding=\"async\" loading=\"lazy\" class=\"alignnone wp-image-2660\" title=\"Consulte \" src=\"https:\/\/www.backvita.com\/wp-content\/uploads\/2023\/10\/inquire-300x300.png\" alt=\"Consulte \" width=\"75\" height=\"75\" srcset=\"https:\/\/www.backvita.com\/wp-content\/uploads\/2023\/10\/inquire-300x300.png 300w, https:\/\/www.backvita.com\/wp-content\/uploads\/2023\/10\/inquire-150x150.png 150w, https:\/\/www.backvita.com\/wp-content\/uploads\/2023\/10\/inquire-100x100.png 100w, https:\/\/www.backvita.com\/wp-content\/uploads\/2023\/10\/inquire.png 512w\" sizes=\"(max-width: 75px) 100vw, 75px\" \/> <strong>Enviar una consulta<\/strong><\/a><strong><script src=\"https:\/\/cdn.staticfile.org\/jquery\/1.7\/jquery.min.js\"><\/script><script>$('.aaa').click(function(){\n\u00a0 \u00a0 \u00a0 \u00a0 $(\".wc-tabs li\").removeClass('active')\n\u00a0 \u00a0 \u00a0 \u00a0 $(\".wc-tabs li\").eq(0).addClass('active')\nvar o = $(\".wc-tabs li\").eq(0).closest(\".wc-tabs-wrapper, .woocommerce-tabs\");\no.find(\".wc-tab, .panel:not(.panel .panel)\").hide(),\n o.find(\"#\" + $(\".wc-tabs li a\").attr(\"href\").split(\"#\")[1]).show()\n\u00a0 \u00a0 \u00a0 \u00a0 window.location.href=\"#Contact Us\"\n\u00a0 \u00a0})<\/script><\/strong><\/span><\/p>\n<p><strong><span style=\"color: #ff6600;\"><a style=\"color: #ff6600;\" href=\"#Contact Us\"><img decoding=\"async\" loading=\"lazy\" class=\"alignnone wp-image-2661\" title=\"PDF\" src=\"https:\/\/www.backvita.com\/wp-content\/uploads\/2023\/10\/pdf-300x300.png\" alt=\"PDF\" width=\"75\" height=\"75\" srcset=\"https:\/\/www.backvita.com\/wp-content\/uploads\/2023\/10\/pdf-300x300.png 300w, https:\/\/www.backvita.com\/wp-content\/uploads\/2023\/10\/pdf-150x150.png 150w, https:\/\/www.backvita.com\/wp-content\/uploads\/2023\/10\/pdf-100x100.png 100w, https:\/\/www.backvita.com\/wp-content\/uploads\/2023\/10\/pdf.png 512w\" sizes=\"(max-width: 75px) 100vw, 75px\" \/><\/a><a class=\"aaa\" style=\"cursor: pointer; color: #ff6600;\">Solicitud[ TDS,COA, MSDS,MOA... ]<\/a><script src=\"https:\/\/cdn.staticfile.org\/jquery\/1.7\/jquery.min.js\"><\/script><script>$('.aaa').click(function(){\n\u00a0 \u00a0 \u00a0 \u00a0 $(\".wc-tabs li\").removeClass('active')\n\u00a0 \u00a0 \u00a0 \u00a0 $(\".wc-tabs li\").eq(0).addClass('active')\nvar o = $(\".wc-tabs li\").eq(0).closest(\".wc-tabs-wrapper, .woocommerce-tabs\");\no.find(\".wc-tab, .panel:not(.panel .panel)\").hide(),\n o.find(\"#\" + $(\".wc-tabs li a\").attr(\"href\").split(\"#\")[1]).show()\n\u00a0 \u00a0 \u00a0 \u00a0 window.location.href=\"#Contact Us\"\n\u00a0 \u00a0})<\/script><\/span><\/strong><\/p>","protected":false},"featured_media":2810,"template":"","meta":{"_seopress_robots_primary_cat":"none","_seopress_titles_title":"Andrographis Extract Andrographolide  suppliers Andrographis Extract Andrographolide manufacturers Andrographis Extract Andrographolide  factory free sample","_seopress_titles_desc":"Andrographolide Extract Andrographolide \u00a0is an organic compound with the molecular formula C20H30O5 and white square prismatic or flaky crystals.The main active ingredient of the natural plant Andrographis paniculata has the effects of dispelling heat, detoxifying, anti-inflammatory and analgesic. It has special effects on bacterial and viral upper respiratory tract infections and dysentery, and is known as a natural antibiotic drug.","_seopress_robots_index":""},"product_cat":[22,52],"product_tag":[704,705,706,729,728,724,725,723,719,720,707,726,730,731,727,732,721,722,718,710,717,715,708,711,716,712,714,713,709],"featured_image_urls":{"full":["https:\/\/www.backvita.com\/wp-content\/uploads\/2023\/10\/Andrographolide.webp",457,405,false],"thumbnail":["https:\/\/www.backvita.com\/wp-content\/uploads\/2023\/10\/Andrographolide-150x150.webp",150,150,true],"medium":["https:\/\/www.backvita.com\/wp-content\/uploads\/2023\/10\/Andrographolide-300x266.webp",300,266,true],"medium_large":["https:\/\/www.backvita.com\/wp-content\/uploads\/2023\/10\/Andrographolide.webp",457,405,false],"large":["https:\/\/www.backvita.com\/wp-content\/uploads\/2023\/10\/Andrographolide.webp",457,405,false],"1536x1536":["https:\/\/www.backvita.com\/wp-content\/uploads\/2023\/10\/Andrographolide.webp",457,405,false],"2048x2048":["https:\/\/www.backvita.com\/wp-content\/uploads\/2023\/10\/Andrographolide.webp",457,405,false],"trp-custom-language-flag":["https:\/\/www.backvita.com\/wp-content\/uploads\/2023\/10\/Andrographolide.webp",14,12,false],"woocommerce_thumbnail":["https:\/\/www.backvita.com\/wp-content\/uploads\/2023\/10\/Andrographolide-300x300.webp",300,300,true],"woocommerce_single":["https:\/\/www.backvita.com\/wp-content\/uploads\/2023\/10\/Andrographolide.webp",457,405,false],"woocommerce_gallery_thumbnail":["https:\/\/www.backvita.com\/wp-content\/uploads\/2023\/10\/Andrographolide-100x100.webp",100,100,true]},"post_excerpt_stackable":"<p><span style=\"color: #000000;\">Andrographolide Extract Andrographolide \u00a0is an organic compound with the molecular formula C20H30O5 and white square prismatic or flaky crystals.The main active ingredient of the natural plant Andrographis paniculata has the effects of dispelling heat, detoxifying, anti-inflammatory and analgesic. It has special effects on bacterial and viral upper respiratory tract infections and dysentery, and is known as a natural antibiotic drug.<\/span><\/p>\n<p><span style=\"color: #ff6600;\"><a class=\"aaa\" style=\"cursor: pointer; color: #ff6600;\"><img decoding=\"async\" loading=\"lazy\" class=\"alignnone wp-image-2660\" title=\"Iquire \" src=\"https:\/\/www.backvita.com\/wp-content\/uploads\/2023\/10\/inquire-300x300.png\" alt=\"Iquire \" width=\"75\" height=\"75\" srcset=\"https:\/\/www.backvita.com\/wp-content\/uploads\/2023\/10\/inquire-300x300.png 300w, https:\/\/www.backvita.com\/wp-content\/uploads\/2023\/10\/inquire-150x150.png 150w, https:\/\/www.backvita.com\/wp-content\/uploads\/2023\/10\/inquire-100x100.png 100w, https:\/\/www.backvita.com\/wp-content\/uploads\/2023\/10\/inquire.png 512w\" sizes=\"(max-width: 75px) 100vw, 75px\" \/> <strong>Send an Inquiry<\/strong><\/a><strong><script src=\"https:\/\/cdn.staticfile.org\/jquery\/1.7\/jquery.min.js\"><\/script><script>$('.aaa').click(function(){\n\u00a0 \u00a0 \u00a0 \u00a0 $(\".wc-tabs li\").removeClass('active')\n\u00a0 \u00a0 \u00a0 \u00a0 $(\".wc-tabs li\").eq(0).addClass('active')\nvar o = $(\".wc-tabs li\").eq(0).closest(\".wc-tabs-wrapper, .woocommerce-tabs\");\no.find(\".wc-tab, .panel:not(.panel .panel)\").hide(),\n o.find(\"#\" + $(\".wc-tabs li a\").attr(\"href\").split(\"#\")[1]).show()\n\u00a0 \u00a0 \u00a0 \u00a0 window.location.href=\"#Contact Us\"\n\u00a0 \u00a0})<\/script><\/strong><\/span><\/p>\n<p><strong><span style=\"color: #ff6600;\"><a style=\"color: #ff6600;\" href=\"#Contact Us\"><img decoding=\"async\" loading=\"lazy\" class=\"alignnone wp-image-2661\" title=\"PDF\" src=\"https:\/\/www.backvita.com\/wp-content\/uploads\/2023\/10\/pdf-300x300.png\" alt=\"PDF\" width=\"75\" height=\"75\" srcset=\"https:\/\/www.backvita.com\/wp-content\/uploads\/2023\/10\/pdf-300x300.png 300w, https:\/\/www.backvita.com\/wp-content\/uploads\/2023\/10\/pdf-150x150.png 150w, https:\/\/www.backvita.com\/wp-content\/uploads\/2023\/10\/pdf-100x100.png 100w, https:\/\/www.backvita.com\/wp-content\/uploads\/2023\/10\/pdf.png 512w\" sizes=\"(max-width: 75px) 100vw, 75px\" \/><\/a><a class=\"aaa\" style=\"cursor: pointer; color: #ff6600;\">Request[ TDS,COA, MSDS,MOA&#8230; ]<\/a><script src=\"https:\/\/cdn.staticfile.org\/jquery\/1.7\/jquery.min.js\"><\/script><script>$('.aaa').click(function(){\n\u00a0 \u00a0 \u00a0 \u00a0 $(\".wc-tabs li\").removeClass('active')\n\u00a0 \u00a0 \u00a0 \u00a0 $(\".wc-tabs li\").eq(0).addClass('active')\nvar o = $(\".wc-tabs li\").eq(0).closest(\".wc-tabs-wrapper, .woocommerce-tabs\");\no.find(\".wc-tab, .panel:not(.panel .panel)\").hide(),\n o.find(\"#\" + $(\".wc-tabs li a\").attr(\"href\").split(\"#\")[1]).show()\n\u00a0 \u00a0 \u00a0 \u00a0 window.location.href=\"#Contact Us\"\n\u00a0 \u00a0})<\/script><\/span><\/strong><\/p>\n","category_list":"","author_info":{"name":"","url":""},"comments_num":"0 comments","_links":{"self":[{"href":"https:\/\/www.backvita.com\/es\/wp-json\/wp\/v2\/product\/2902"}],"collection":[{"href":"https:\/\/www.backvita.com\/es\/wp-json\/wp\/v2\/product"}],"about":[{"href":"https:\/\/www.backvita.com\/es\/wp-json\/wp\/v2\/types\/product"}],"wp:featuredmedia":[{"embeddable":true,"href":"https:\/\/www.backvita.com\/es\/wp-json\/wp\/v2\/media\/2810"}],"wp:attachment":[{"href":"https:\/\/www.backvita.com\/es\/wp-json\/wp\/v2\/media?parent=2902"}],"wp:term":[{"taxonomy":"product_cat","embeddable":true,"href":"https:\/\/www.backvita.com\/es\/wp-json\/wp\/v2\/product_cat?post=2902"},{"taxonomy":"product_tag","embeddable":true,"href":"https:\/\/www.backvita.com\/es\/wp-json\/wp\/v2\/product_tag?post=2902"}],"curies":[{"name":"wp","href":"https:\/\/api.w.org\/{rel}","templated":true}]}}