{"id":2904,"date":"2023-11-04T14:33:21","date_gmt":"2023-11-04T06:33:21","guid":{"rendered":"https:\/\/www.backvita.com\/?post_type=product&#038;p=2904"},"modified":"2024-02-07T12:10:59","modified_gmt":"2024-02-07T04:10:59","slug":"phellodendron-extract-berberine-suppliers-phellodendron-extract-berberine-manufacturers-phellodendron-extract-berberine-factory-free-sample","status":"publish","type":"product","link":"https:\/\/www.backvita.com\/es\/product\/extracto-de-felodendro-berberina-proveedores-extracto-de-felodendro-berberina-fabricantes-extracto-de-felodendro-berberina-muestra-gratis-de-fabrica\/","title":{"rendered":"Phellodendron Extract Berberine proveedores Phellodendron Extract Berberine fabricantes Phellodendron Extract Berberine muestra gratis de f\u00e1brica"},"content":{"rendered":"<div class=\"fl-col-group fl-node-636c9389eca16\" data-node=\"636c9389eca16\">\n<div class=\"fl-col fl-node-636c9389eca55\" data-node=\"636c9389eca55\">\n<div class=\"fl-col-content fl-node-content\">\n<div class=\"fl-module fl-module-rich-text fl-node-6488206700882\" data-node=\"6488206700882\" data-animation-delay=\"0.0\">\n<div class=\"fl-module-content fl-node-content\">\n<div class=\"fl-rich-text\">\n<div class=\"content_box\">\n<h2 style=\"text-align: left;\">Phellodendron Extracto Berberina HCL Introducci\u00f3n<\/h2>\n<\/div>\n<p><strong>Berberina HCL<\/strong>\u00a0(Phellodendron Extract) es un hidroclorato de 5,6-dihdro-9,10-dimetoxi benzo-1,3-benzodioxolo {5,6-a} quinolizinio dihidrato. Los extractos de origen Phellodendron chinense Schneid. contiene no menos de 97% alcaloides calculado sobre la base anhidra, tambi\u00e9n puede ser extra\u00eddo de ra\u00edz de agracejo,Coptis chinensis, incluso fibraureae tallo origen.<\/p>\n<p>El clorhidrato de berberina, tambi\u00e9n conocido como berberina, es un importante alcaloide extra\u00eddo del coptis, el Phellodendron y otras plantas.<\/p>\n<table style=\"height: 227px;\" width=\"1308\">\n<tbody>\n<tr>\n<td width=\"219\"><strong>Nombre del producto<\/strong><\/td>\n<td width=\"466\">Extracto de felodendro Berberina<\/td>\n<\/tr>\n<tr>\n<td><strong>N\u00ba CAS<\/strong><\/td>\n<td>2086-83-1<\/td>\n<\/tr>\n<tr>\n<td><strong>Nombre latino<\/strong><\/td>\n<td>Corteza Phellodendri Chinensis<\/td>\n<\/tr>\n<tr>\n<td><strong>Apariencia<\/strong><\/td>\n<td>polvo de cristal de aguja amarillo<\/td>\n<\/tr>\n<tr>\n<td><strong>Especificaciones<\/strong><\/td>\n<td>97%<\/td>\n<\/tr>\n<tr>\n<td><strong>Pakage<\/strong><\/td>\n<td>1kg\/saco, 25kg\/bid\u00f3n<\/td>\n<\/tr>\n<tr>\n<td><strong>Almacenamiento<\/strong><\/td>\n<td>Proteger de la humedad y evitar el almacenamiento ligero y herm\u00e9tico.<\/td>\n<\/tr>\n<tr>\n<td><strong>M\u00e9todo de ensayo<\/strong><\/td>\n<td>Valoraci\u00f3n<\/td>\n<\/tr>\n<\/tbody>\n<\/table>\n<div><\/div>\n<div id=\"gtx-trans\"><\/div>\n<\/div>\n<\/div>\n<\/div>\n<\/div>\n<\/div>\n<\/div>\n<div class=\"fl-col-group fl-node-636c9389ecad1 fl-col-group-equal-height fl-col-group-align-center\" data-node=\"636c9389ecad1\">\n<div class=\"fl-col fl-node-636c9389ecb1d\" data-node=\"636c9389ecb1d\">\n<div class=\"fl-col-content fl-node-content\">\n<div class=\"fl-module fl-module-rich-text fl-node-636c9389ecba9\" data-node=\"636c9389ecba9\" data-animation-delay=\"0.0\">\n<div class=\"fl-module-content fl-node-content\">\n<div class=\"fl-rich-text\">\n<div class=\"content_box\">\n<h2 style=\"text-align: left;\">Especificaciones principales de Phellodendron Extract Berberine HCL<\/h2>\n<\/div>\n<p>Berberina HCL Polvo 97% Titulaci\u00f3n<br \/>\nBerberina HCL Gr\u00e1nulo 97% Valoraci\u00f3n<\/p>\n<div id=\"gtx-trans\"><\/div>\n<\/div>\n<\/div>\n<\/div>\n<\/div>\n<\/div>\n<\/div>\n<div class=\"fl-col-group fl-node-636c9389ecc26\" data-node=\"636c9389ecc26\">\n<div class=\"fl-col fl-node-636c9389ecc63\" data-node=\"636c9389ecc63\">\n<div class=\"fl-col-content fl-node-content\">\n<div class=\"fl-module fl-module-rich-text fl-node-636c9389ecca5\" data-node=\"636c9389ecca5\" data-animation-delay=\"0.0\">\n<div class=\"fl-module-content fl-node-content\">\n<div class=\"fl-rich-text\">\n<div class=\"content_box\">\n<h2 style=\"text-align: left;\">Beneficios del extracto de felodendro Berberina HCL<\/h2>\n<\/div>\n<p>La berberina del extracto de felodendro puede inhibir el bacilo de la disenter\u00eda, la Escherichia coli, el neumococo, el Staphylococcus aureus, el estreptococo, el bacilo de la fiebre tifoidea y la ameba.<br \/>\nCl\u00ednico utilizado principalmente para la infecci\u00f3n intestinal y la disenter\u00eda, tambi\u00e9n este producto tiene buen efecto anti-arritmia.<br \/>\nLa berberina tiene una fuerte actividad antitumoral in vivo e in vitro y puede inducir la diferenciaci\u00f3n de las c\u00e9lulas B16.<\/p>\n<p>&nbsp;<\/p>\n<\/div>\n<h2 style=\"text-align: left;\">Usos m\u00e9dicos del clorhidrato de berberina<\/h2>\n<\/div>\n<h3><strong>Efecto antioxidante<\/strong><\/h3>\n<p>En circunstancias normales, el organismo mantiene un equilibrio entre antioxidantes y prooxidantes. El estr\u00e9s oxidativo es un proceso nocivo que puede ser un importante mediador del da\u00f1o a las estructuras celulares, induciendo as\u00ed diversos estados patol\u00f3gicos como las enfermedades cardiovasculares, el c\u00e1ncer, las enfermedades neurol\u00f3gicas y la diabetes. La sobreproducci\u00f3n de especies reactivas de ox\u00edgeno (ROS), normalmente a trav\u00e9s de la sobreestimulaci\u00f3n del NADPH por las citoquinas o a trav\u00e9s de la cadena de transporte de electrones mitocondrial y la xantina oxidasa, puede provocar estr\u00e9s oxidativo. Los experimentos han demostrado que los metabolitos de la berberina y la berberina presentan una excelente actividad de eliminaci\u00f3n de -OH, y sus efectos son aproximadamente equivalentes a los del potente antioxidante vitamina C. El aumento de la actividad de la SOD (super\u00f3xido dismutasa) y la disminuci\u00f3n de los niveles de MDA (un marcador de la peroxidaci\u00f3n lip\u00eddica) pueden controlarse administrando berberina a ratas modelo diab\u00e9ticas . Otros resultados mostraron que la actividad barredora de la berberina est\u00e1 estrechamente relacionada con su actividad quelante de iones ferrosos, y que el grupo hidroxilo C-9 de la berberina es una parte esencial.<\/p>\n<h3><strong>Efecto antitumoral<\/strong><\/h3>\n<p>Se han publicado numerosos informes sobre los efectos anticancer\u00edgenos de la berberina. Varios estudios realizados en los \u00faltimos a\u00f1os han demostrado que la berberina es eficaz en el tratamiento adyuvante del c\u00e1ncer de ovario, c\u00e1ncer de endometrio, c\u00e1ncer de cuello uterino, c\u00e1ncer de mama, c\u00e1ncer de pulm\u00f3n, c\u00e1ncer colorrectal, c\u00e1ncer de ri\u00f1\u00f3n, Es de gran importancia en el tratamiento de enfermedades oncol\u00f3gicas graves como el c\u00e1ncer de vejiga y c\u00e1ncer de pr\u00f3stata . La berberina puede inhibir la proliferaci\u00f3n de c\u00e9lulas tumorales mediante la interacci\u00f3n con diversos objetivos y mecanismos. Puede cambiar la expresi\u00f3n de oncogenes y genes relacionados con la carcinog\u00e9nesis para regular la actividad de las enzimas relacionadas para inhibir la proliferaci\u00f3n .<\/p>\n<h3><strong>Efectos cardiovasculares<\/strong><\/h3>\n<p>La berberina desempe\u00f1a un papel fundamental en el tratamiento de las enfermedades cardiovasculares y tiene una ampl\u00edsima gama de aplicaciones. La berberina logra el prop\u00f3sito de antiarritmia al reducir la incidencia de contracciones ventriculares prematuras e inhibir la aparici\u00f3n de taquicardias ventriculares. En segundo lugar, la dislipidemia es un importante factor de riesgo de enfermedades cardiovasculares y se caracteriza por el aumento de los niveles de colesterol total, triglic\u00e9ridos y colesterol de lipoprote\u00ednas de baja densidad (LDL), y la disminuci\u00f3n de los niveles de lipoprote\u00ednas de alta densidad (HDL), mientras que la berberina La estabilidad de estos indicadores se puede mantener muy bien. La hiperlipidemia a largo plazo es una causa importante de la formaci\u00f3n de placas ateroscler\u00f3ticas. Se ha informado de que la berberina afecta a los receptores de LDL en las c\u00e9lulas hep\u00e1ticas para reducir los niveles de colesterol s\u00e9rico humano en los hepatocitos. Adem\u00e1s, la berberina tiene efectos inotr\u00f3picos positivos y se ha utilizado para tratar la insuficiencia cardiaca congestiva.<\/p>\n<p>&nbsp;<\/p>\n<h3><strong>Efectos endocrinos<\/strong><\/h3>\n<p>La diabetes mellitus (DM) es un trastorno metab\u00f3lico caracterizado por un aumento de los niveles de glucosa en sangre (hiperglucemia) debido a la incapacidad de las c\u00e9lulas B pancre\u00e1ticas para producir suficiente insulina o a la p\u00e9rdida de respuestas eficaces de los tejidos diana a la insulina. Los efectos hipoglucemiantes de la berberina se descubrieron incidentalmente en los a\u00f1os 80 al tratar a pacientes diab\u00e9ticos con diarrea.<\/p>\n<p>&nbsp;<\/p>\n<h4><strong>Muchos estudios muestran que la berberina reduce el az\u00facar en la sangre a trav\u00e9s de los siguientes mecanismos:<\/strong><\/h4>\n<p>Inhibe la oxidaci\u00f3n mitocondrial de la glucosa y estimula la gluc\u00f3lisis, aumentando as\u00ed el metabolismo de la glucosa;<\/p>\n<p>Reducci\u00f3n de los niveles de ATP mediante la inhibici\u00f3n de la funci\u00f3n mitocondrial en el h\u00edgado;<\/p>\n<p>Inhibe la actividad de la DPP 4, una serina proteasa ubicua, escindiendo as\u00ed ciertos p\u00e9ptidos que aumentan los niveles de insulina en caso de hiperglucemia.<\/p>\n<p>La berberina tiene efectos beneficiosos en la mejora de la resistencia a la insulina y la utilizaci\u00f3n de la glucosa en los tejidos al reducir los l\u00edpidos (especialmente los triglic\u00e9ridos) y los niveles plasm\u00e1ticos de \u00e1cidos grasos libres .<\/p>\n<div class=\"fl-module-content fl-node-content\">\n<div class=\"fl-rich-text\">\n<p>&nbsp;<\/p>\n<div class=\"content_box\">\n<h2 style=\"text-align: left;\">Ficha t\u00e9cnica t\u00edpica del extracto de felodendro berberina HCL 97%<\/h2>\n<\/div>\n<div class=\"table_wrap\">\n<table style=\"height: 755px;\" border=\"0\" width=\"1361\" cellspacing=\"0\">\n<tbody>\n<tr>\n<td><strong>An\u00e1lisis<\/strong><\/td>\n<td><strong>Especificaciones<\/strong><\/td>\n<td><strong>M\u00e9todos<\/strong><\/td>\n<\/tr>\n<tr>\n<td colspan=\"3\"><strong>Identificaciones<\/strong><\/td>\n<\/tr>\n<tr>\n<td><strong>Reacciones qu\u00edmicas1<\/strong><\/td>\n<td colspan=\"2\">Se produce inmediatamente una turbidez.<\/td>\n<\/tr>\n<tr>\n<td><strong>Reacciones qu\u00edmicas 2<\/strong><\/td>\n<td colspan=\"2\">Se produce un color rojo cereza.<\/td>\n<\/tr>\n<tr>\n<td><strong>IR<\/strong><\/td>\n<td colspan=\"2\">El espectro IR concuerda con el espectro de Berberina HCL RS.<\/td>\n<\/tr>\n<tr>\n<td><strong>Reacci\u00f3n del cloruro<\/strong><\/td>\n<td colspan=\"2\">El filtrado produce las reacciones caracter\u00edsticas de los cloruros.<\/td>\n<\/tr>\n<tr>\n<td><strong>Solubilidad<\/strong><\/td>\n<td colspan=\"2\">Disuelto en agua caliente, ligeramente soluble en agua y etanol, insoluble en \u00e9ter.<\/td>\n<\/tr>\n<tr>\n<td colspan=\"3\"><strong>Pruebas de principios activos<\/strong><\/td>\n<\/tr>\n<tr>\n<td><strong>Berberina HCL (base seca)<\/strong><\/td>\n<td>\u2265 97,00 %<\/td>\n<td>Valoraci\u00f3n<\/td>\n<\/tr>\n<tr>\n<td><strong>Jateorhizina+Palmatina<\/strong><\/td>\n<td>\u22641.00%<\/td>\n<td>HPLC<\/td>\n<\/tr>\n<tr>\n<td colspan=\"3\"><strong>Pruebas f\u00edsicas<\/strong><\/td>\n<\/tr>\n<tr>\n<td><strong>Apariencia<\/strong><\/td>\n<td>Polvo cristalino amarillo<\/td>\n<td>Visual<\/td>\n<\/tr>\n<tr>\n<td><strong>Olor y sabor<\/strong><\/td>\n<td>Caracter\u00edstica<\/td>\n<td>Organol\u00e9ptico<\/td>\n<\/tr>\n<tr>\n<td><strong>Densidad aparente<\/strong><\/td>\n<td>0,3-0,45g\/mL<\/td>\n<td>Ch.P 2020 IV<\/td>\n<\/tr>\n<tr>\n<td><strong>Agua<\/strong><\/td>\n<td>8.00%-12.00%<\/td>\n<td>Ch.P 2020 IV<\/td>\n<\/tr>\n<tr>\n<td><strong>Residuos de ignici\u00f3n<\/strong><\/td>\n<td>\u22640.20%<\/td>\n<td>Ch.P 2020 IV<\/td>\n<\/tr>\n<tr>\n<td colspan=\"3\"><strong>Pruebas qu\u00edmicas<\/strong><\/td>\n<\/tr>\n<tr>\n<td><strong>Metales pesados<\/strong><\/td>\n<td>\u226420.00ppm<\/td>\n<td>Ch.P 2020 IV<\/td>\n<\/tr>\n<tr>\n<td><strong>Pb<\/strong><\/td>\n<td>\u22643.00ppm<\/td>\n<td>Ch.P 2020 IV<\/td>\n<\/tr>\n<tr>\n<td><strong>As<\/strong><\/td>\n<td>\u22641,00ppm<\/td>\n<td>Ch.P 2020 IV<\/td>\n<\/tr>\n<tr>\n<td><strong>Cd<\/strong><\/td>\n<td>\u22641,00ppm<\/td>\n<td>Ch.P 2020 IV<\/td>\n<\/tr>\n<tr>\n<td><strong>Hg<\/strong><\/td>\n<td>\u22640,10ppm<\/td>\n<td>Ch.P 2020 IV<\/td>\n<\/tr>\n<tr>\n<td colspan=\"3\"><strong>Pruebas microbiol\u00f3gicas<\/strong><\/td>\n<\/tr>\n<tr>\n<td><strong>Recuento total de bacterias<\/strong><\/td>\n<td>\u22641.000 ufc\/g<\/td>\n<td>Ch.P 2020 IV<\/td>\n<\/tr>\n<tr>\n<td><strong>Levaduras y mohos<\/strong><\/td>\n<td>\u2264100cfu\/g<\/td>\n<td>Ch.P 2020 IV<\/td>\n<\/tr>\n<tr>\n<td><strong>E. Coli<\/strong><\/td>\n<td>Negativo en 1g<\/td>\n<td>Ch.P 2020 IV<\/td>\n<\/tr>\n<tr>\n<td><strong>Salmonella<\/strong><\/td>\n<td>Negativo en 10g<\/td>\n<td>Ch.P 2020 IV<\/td>\n<\/tr>\n<\/tbody>\n<\/table>\n<\/div>\n<\/div>\n<\/div>\n<\/div>\n<\/div>\n<\/div>\n<\/div>\n<p>&nbsp;<\/p>\n<h2><span style=\"color: #ff9c00;\">Nuestro servicio de valor a\u00f1adido Rest Easy<\/span><\/h2>\n<p><em><strong><span style=\"color: #ff9c00;\">&gt;&gt;&gt;\u00a0 <\/span><\/strong><\/em><strong>Backvita tiene t\u00e9cnicos profesionales que pueden proporcionar documentos de apoyo t\u00e9cnico como: Normas, Especificaciones, COA, MOA,\u00a0<\/strong><strong>FDS,<\/strong><strong>Diagrama de flujo, declaraciones, cromatogramas, datos nutricionales, prueba de estabilidad, etc.<\/strong><\/p>\n<p><strong><span style=\"color: #ff9c00;\">&gt;&gt;&gt; \u00a0<\/span>Nos comprometemos a ofrecerle servicios exclusivos para que no tenga preocupaciones en la compra y venta de productos.<\/strong><\/p>\n<p><strong><span style=\"color: #ff9c00;\">&gt;&gt;&gt;<\/span>\u00a0 Nuestro equipo global de analistas de datos de comercio electr\u00f3nico cuenta con 10 a\u00f1os de experiencia en el sector de los extractos de plantas. Le proporcionar\u00e1n informes de datos sobre los pa\u00edses en los que se venden sus productos para ayudarle a tomar decisiones con conocimiento de causa. Estos informes de datos incluir\u00e1n el volumen de ventas, los canales de venta, el an\u00e1lisis de la competencia y otros datos que le ayudar\u00e1n a comprender mejor la demanda y las tendencias del mercado, optimizando as\u00ed sus estrategias de adquisici\u00f3n y venta.<\/strong><\/p>\n<p><strong><span style=\"color: #ff9c00;\">&gt;&gt;&gt;\u00a0<\/span> Adem\u00e1s de los informes de datos, tambi\u00e9n le facilitaremos peri\u00f3dicamente informaci\u00f3n sobre los productos de moda y las novedades del mercado. Esta informaci\u00f3n le ayudar\u00e1 a mantenerse al corriente de las posibles oportunidades y tendencias del mercado, y a realizar ajustes y tomar decisiones en funci\u00f3n de las demandas del mercado.<\/strong><\/p>\n<p><strong><span style=\"color: #ff9c00;\">&gt;&gt;&gt;<\/span>\u00a0 Si tiene su propia marca exclusiva, tambi\u00e9n le proporcionaremos materiales promocionales y carteles que le ayudar\u00e1n a mejorar su imagen de marca y a darse a conocer en el mercado. Nuestro equipo de dise\u00f1o dise\u00f1ar\u00e1 materiales promocionales exclusivos para su marca de acuerdo con sus necesidades y requisitos. Todos estos servicios de valor a\u00f1adido se ofrecen gratuitamente a los clientes de nuestros socios.<\/strong><\/p>\n<p><strong><span style=\"color: #ff9c00;\">&gt;&gt;&gt;<\/span>\u00a0 Nuestro objetivo es centrarnos en los clientes, ofrecerles servicios sin preocupaciones durante todo el proceso y ayudarles a conseguir un mayor rendimiento y \u00e9xito.<\/strong><\/p>\n<p><strong><span style=\"color: #ff9c00;\">&gt;&gt;&gt;<\/span>\u00a0 Si tiene alguna pregunta o necesidad especial sobre nuestros servicios de valor a\u00f1adido, no dude en ponerse en contacto con nosotros. Haremos todo lo posible para ayudarle y garantizar su satisfacci\u00f3n. Gracias de nuevo por su apoyo y atenci\u00f3n hacia nosotros, y esperamos establecer una relaci\u00f3n de cooperaci\u00f3n a largo plazo con usted.<\/strong><\/p>\n<p>&nbsp;<\/p>\n<h2>P\u00f3ngase en contacto con nosotros<a name=\"Contact Us\"><\/a><\/h2>\n\n<div class=\"wpcf7 no-js\" id=\"wpcf7-f690-o1\" lang=\"zh-CN\" dir=\"ltr\">\n<div class=\"screen-reader-response\"><p role=\"status\" aria-live=\"polite\" aria-atomic=\"true\"><\/p> <ul><\/ul><\/div>\n<form action=\"\/es\/wp-json\/wp\/v2\/product\/2904#wpcf7-f690-o1\" method=\"post\" class=\"wpcf7-form init\" aria-label=\"Contact form\" novalidate=\"novalidate\" data-status=\"init\" data-trp-original-action=\"\/es\/wp-json\/wp\/v2\/product\/2904#wpcf7-f690-o1\">\n<div style=\"display: none;\">\n<input type=\"hidden\" name=\"_wpcf7\" value=\"690\" \/>\n<input type=\"hidden\" name=\"_wpcf7_version\" value=\"5.8\" \/>\n<input type=\"hidden\" name=\"_wpcf7_locale\" value=\"zh_CN\" \/>\n<input type=\"hidden\" name=\"_wpcf7_unit_tag\" value=\"wpcf7-f690-o1\" \/>\n<input type=\"hidden\" name=\"_wpcf7_container_post\" value=\"0\" \/>\n<input type=\"hidden\" name=\"_wpcf7_posted_data_hash\" value=\"\" \/>\n<\/div>\n<p><label> *Nombre *Nombre de la empresa<br \/>\n<span class=\"wpcf7-form-control-wrap\" data-name=\"your-name\"><input size=\"40\" class=\"wpcf7-form-control wpcf7-text wpcf7-validates-as-required\" autocomplete=\"name\" aria-required=\"true\" aria-invalid=\"false\" value=\"\" type=\"text\" name=\"your-name\" \/><\/span> <\/label>\n<\/p>\n<p><label> *Correo electr\u00f3nico<br \/>\n<span class=\"wpcf7-form-control-wrap\" data-name=\"your-email\"><input size=\"40\" class=\"wpcf7-form-control wpcf7-email wpcf7-validates-as-required wpcf7-text wpcf7-validates-as-email\" autocomplete=\"email\" aria-required=\"true\" aria-invalid=\"false\" value=\"\" type=\"email\" name=\"your-email\" \/><\/span> <\/label>\n<\/p>\n<p><label> *N\u00famero de tel\u00e9fono<br \/>\n<span class=\"wpcf7-form-control-wrap\" data-name=\"your-subject\"><input size=\"40\" class=\"wpcf7-form-control wpcf7-text wpcf7-validates-as-required\" aria-required=\"true\" aria-invalid=\"false\" value=\"\" type=\"text\" name=\"your-subject\" \/><\/span> <\/label>\n<\/p>\n<p><label> *Mensaje<br \/>\n<span class=\"wpcf7-form-control-wrap\" data-name=\"your-message\"><textarea cols=\"40\" rows=\"10\" class=\"wpcf7-form-control wpcf7-textarea\" aria-invalid=\"false\" name=\"your-message\"><\/textarea><\/span> <\/label>\n<\/p>\n<p><input class=\"wpcf7-form-control wpcf7-submit has-spinner\" type=\"submit\" value=\"Enviar\" \/>\n<\/p><div class=\"wpcf7-response-output\" aria-hidden=\"true\"><\/div>\n<input type=\"hidden\" name=\"trp-form-language\" value=\"es\"\/><\/form>\n<\/div>\n\n<p>&nbsp;<\/p>","protected":false},"excerpt":{"rendered":"<p><span style=\"color: #000000;\">Extracto de Phellodendron Berberine , es un importante alcaloide extra\u00eddo de coptis, Phellodendron y otras plantas.puede inhibir bacilo de la disenter\u00eda, Escherichia coli, neumococo, Staphylococcus aureus, Streptococcus, bacilo de la fiebre tifoidea y ameba.<\/span><\/p>\n<p><span style=\"color: #ff6600;\"><a class=\"aaa\" style=\"cursor: pointer; color: #ff6600;\"><img decoding=\"async\" loading=\"lazy\" class=\"alignnone wp-image-2660\" title=\"Consulte\" src=\"https:\/\/www.backvita.com\/wp-content\/uploads\/2023\/10\/inquire-300x300.png\" alt=\"Consulte\" width=\"75\" height=\"75\" srcset=\"https:\/\/www.backvita.com\/wp-content\/uploads\/2023\/10\/inquire-300x300.png 300w, https:\/\/www.backvita.com\/wp-content\/uploads\/2023\/10\/inquire-150x150.png 150w, https:\/\/www.backvita.com\/wp-content\/uploads\/2023\/10\/inquire-100x100.png 100w, https:\/\/www.backvita.com\/wp-content\/uploads\/2023\/10\/inquire.png 512w\" sizes=\"(max-width: 75px) 100vw, 75px\" \/> <strong>Enviar una consulta<\/strong><\/a><strong><script src=\"https:\/\/cdn.staticfile.org\/jquery\/1.7\/jquery.min.js\"><\/script><script>$('.aaa').click(function(){\n\u00a0 \u00a0 \u00a0 \u00a0 $(\".wc-tabs li\").removeClass('active')\n\u00a0 \u00a0 \u00a0 \u00a0 $(\".wc-tabs li\").eq(0).addClass('active')\nvar o = $(\".wc-tabs li\").eq(0).closest(\".wc-tabs-wrapper, .woocommerce-tabs\");\no.find(\".wc-tab, .panel:not(.panel .panel)\").hide(),\n o.find(\"#\" + $(\".wc-tabs li a\").attr(\"href\").split(\"#\")[1]).show()\n\u00a0 \u00a0 \u00a0 \u00a0 window.location.href=\"#Contact Us\"\n\u00a0 \u00a0})<\/script><\/strong><\/span><\/p>\n<p><strong><span style=\"color: #ff6600;\"><a style=\"color: #ff6600;\" href=\"#Contact Us\"><img decoding=\"async\" loading=\"lazy\" class=\"alignnone wp-image-2661\" title=\"PDF\" src=\"https:\/\/www.backvita.com\/wp-content\/uploads\/2023\/10\/pdf-300x300.png\" alt=\"PDF\" width=\"75\" height=\"75\" srcset=\"https:\/\/www.backvita.com\/wp-content\/uploads\/2023\/10\/pdf-300x300.png 300w, https:\/\/www.backvita.com\/wp-content\/uploads\/2023\/10\/pdf-150x150.png 150w, https:\/\/www.backvita.com\/wp-content\/uploads\/2023\/10\/pdf-100x100.png 100w, https:\/\/www.backvita.com\/wp-content\/uploads\/2023\/10\/pdf.png 512w\" sizes=\"(max-width: 75px) 100vw, 75px\" \/><\/a><a class=\"aaa\" style=\"cursor: pointer; color: #ff6600;\">Solicitud[ TDS,COA, MSDS,MOA... ]<\/a><script src=\"https:\/\/cdn.staticfile.org\/jquery\/1.7\/jquery.min.js\"><\/script><script>$('.aaa').click(function(){\n\u00a0 \u00a0 \u00a0 \u00a0 $(\".wc-tabs li\").removeClass('active')\n\u00a0 \u00a0 \u00a0 \u00a0 $(\".wc-tabs li\").eq(0).addClass('active')\nvar o = $(\".wc-tabs li\").eq(0).closest(\".wc-tabs-wrapper, .woocommerce-tabs\");\no.find(\".wc-tab, .panel:not(.panel .panel)\").hide(),\n o.find(\"#\" + $(\".wc-tabs li a\").attr(\"href\").split(\"#\")[1]).show()\n\u00a0 \u00a0 \u00a0 \u00a0 window.location.href=\"#Contact Us\"\n\u00a0 \u00a0})<\/script><\/span><\/strong><\/p>","protected":false},"featured_media":2808,"template":"","meta":{"_seopress_robots_primary_cat":"none","_seopress_titles_title":"Phellodendron Extract Berberine  suppliers Phellodendron Extract Berberine manufacturers Phellodendron Extract Berberine  factory free sample","_seopress_titles_desc":"Phellodendron Extract Berberine , is an important alkaloid extracted from coptis, Phellodendron and other plants.can inhibit dysentery bacillus, Escherichia coli, pneumococcus, Staphylococcus aureus, Streptococcus, Typhoid bacillus and amoeba.","_seopress_robots_index":""},"product_cat":[22,52],"product_tag":[660,648,672,671,667,668,666,665,661,662,649,669,673,670,674,663,664,652,659,657,650,653,658,654,656,655,646,647,651],"featured_image_urls":{"full":["https:\/\/www.backvita.com\/wp-content\/uploads\/2023\/10\/Berberine.webp",452,436,false],"thumbnail":["https:\/\/www.backvita.com\/wp-content\/uploads\/2023\/10\/Berberine-150x150.webp",150,150,true],"medium":["https:\/\/www.backvita.com\/wp-content\/uploads\/2023\/10\/Berberine-300x289.webp",300,289,true],"medium_large":["https:\/\/www.backvita.com\/wp-content\/uploads\/2023\/10\/Berberine.webp",452,436,false],"large":["https:\/\/www.backvita.com\/wp-content\/uploads\/2023\/10\/Berberine.webp",452,436,false],"1536x1536":["https:\/\/www.backvita.com\/wp-content\/uploads\/2023\/10\/Berberine.webp",452,436,false],"2048x2048":["https:\/\/www.backvita.com\/wp-content\/uploads\/2023\/10\/Berberine.webp",452,436,false],"trp-custom-language-flag":["https:\/\/www.backvita.com\/wp-content\/uploads\/2023\/10\/Berberine.webp",12,12,false],"woocommerce_thumbnail":["https:\/\/www.backvita.com\/wp-content\/uploads\/2023\/10\/Berberine-300x300.webp",300,300,true],"woocommerce_single":["https:\/\/www.backvita.com\/wp-content\/uploads\/2023\/10\/Berberine.webp",452,436,false],"woocommerce_gallery_thumbnail":["https:\/\/www.backvita.com\/wp-content\/uploads\/2023\/10\/Berberine-100x100.webp",100,100,true]},"post_excerpt_stackable":"<p><span style=\"color: #000000;\">Phellodendron Extract Berberine , is an important alkaloid extracted from coptis, Phellodendron and other plants.can inhibit dysentery bacillus, Escherichia coli, pneumococcus, Staphylococcus aureus, Streptococcus, Typhoid bacillus and amoeba.<\/span><\/p>\n<p><span style=\"color: #ff6600;\"><a class=\"aaa\" style=\"cursor: pointer; color: #ff6600;\"><img decoding=\"async\" loading=\"lazy\" class=\"alignnone wp-image-2660\" title=\"Iquire\" src=\"https:\/\/www.backvita.com\/wp-content\/uploads\/2023\/10\/inquire-300x300.png\" alt=\"Iquire\" width=\"75\" height=\"75\" srcset=\"https:\/\/www.backvita.com\/wp-content\/uploads\/2023\/10\/inquire-300x300.png 300w, https:\/\/www.backvita.com\/wp-content\/uploads\/2023\/10\/inquire-150x150.png 150w, https:\/\/www.backvita.com\/wp-content\/uploads\/2023\/10\/inquire-100x100.png 100w, https:\/\/www.backvita.com\/wp-content\/uploads\/2023\/10\/inquire.png 512w\" sizes=\"(max-width: 75px) 100vw, 75px\" \/> <strong>Send an Inquiry<\/strong><\/a><strong><script src=\"https:\/\/cdn.staticfile.org\/jquery\/1.7\/jquery.min.js\"><\/script><script>$('.aaa').click(function(){\n\u00a0 \u00a0 \u00a0 \u00a0 $(\".wc-tabs li\").removeClass('active')\n\u00a0 \u00a0 \u00a0 \u00a0 $(\".wc-tabs li\").eq(0).addClass('active')\nvar o = $(\".wc-tabs li\").eq(0).closest(\".wc-tabs-wrapper, .woocommerce-tabs\");\no.find(\".wc-tab, .panel:not(.panel .panel)\").hide(),\n o.find(\"#\" + $(\".wc-tabs li a\").attr(\"href\").split(\"#\")[1]).show()\n\u00a0 \u00a0 \u00a0 \u00a0 window.location.href=\"#Contact Us\"\n\u00a0 \u00a0})<\/script><\/strong><\/span><\/p>\n<p><strong><span style=\"color: #ff6600;\"><a style=\"color: #ff6600;\" href=\"#Contact Us\"><img decoding=\"async\" loading=\"lazy\" class=\"alignnone wp-image-2661\" title=\"PDF\" src=\"https:\/\/www.backvita.com\/wp-content\/uploads\/2023\/10\/pdf-300x300.png\" alt=\"PDF\" width=\"75\" height=\"75\" srcset=\"https:\/\/www.backvita.com\/wp-content\/uploads\/2023\/10\/pdf-300x300.png 300w, https:\/\/www.backvita.com\/wp-content\/uploads\/2023\/10\/pdf-150x150.png 150w, https:\/\/www.backvita.com\/wp-content\/uploads\/2023\/10\/pdf-100x100.png 100w, https:\/\/www.backvita.com\/wp-content\/uploads\/2023\/10\/pdf.png 512w\" sizes=\"(max-width: 75px) 100vw, 75px\" \/><\/a><a class=\"aaa\" style=\"cursor: pointer; color: #ff6600;\">Request[ TDS,COA, MSDS,MOA&#8230; ]<\/a><script src=\"https:\/\/cdn.staticfile.org\/jquery\/1.7\/jquery.min.js\"><\/script><script>$('.aaa').click(function(){\n\u00a0 \u00a0 \u00a0 \u00a0 $(\".wc-tabs li\").removeClass('active')\n\u00a0 \u00a0 \u00a0 \u00a0 $(\".wc-tabs li\").eq(0).addClass('active')\nvar o = $(\".wc-tabs li\").eq(0).closest(\".wc-tabs-wrapper, .woocommerce-tabs\");\no.find(\".wc-tab, .panel:not(.panel .panel)\").hide(),\n o.find(\"#\" + $(\".wc-tabs li a\").attr(\"href\").split(\"#\")[1]).show()\n\u00a0 \u00a0 \u00a0 \u00a0 window.location.href=\"#Contact Us\"\n\u00a0 \u00a0})<\/script><\/span><\/strong><\/p>\n","category_list":"","author_info":{"name":"","url":""},"comments_num":"0 comments","_links":{"self":[{"href":"https:\/\/www.backvita.com\/es\/wp-json\/wp\/v2\/product\/2904"}],"collection":[{"href":"https:\/\/www.backvita.com\/es\/wp-json\/wp\/v2\/product"}],"about":[{"href":"https:\/\/www.backvita.com\/es\/wp-json\/wp\/v2\/types\/product"}],"wp:featuredmedia":[{"embeddable":true,"href":"https:\/\/www.backvita.com\/es\/wp-json\/wp\/v2\/media\/2808"}],"wp:attachment":[{"href":"https:\/\/www.backvita.com\/es\/wp-json\/wp\/v2\/media?parent=2904"}],"wp:term":[{"taxonomy":"product_cat","embeddable":true,"href":"https:\/\/www.backvita.com\/es\/wp-json\/wp\/v2\/product_cat?post=2904"},{"taxonomy":"product_tag","embeddable":true,"href":"https:\/\/www.backvita.com\/es\/wp-json\/wp\/v2\/product_tag?post=2904"}],"curies":[{"name":"wp","href":"https:\/\/api.w.org\/{rel}","templated":true}]}}