{"id":2908,"date":"2023-11-04T14:36:02","date_gmt":"2023-11-04T06:36:02","guid":{"rendered":"https:\/\/www.backvita.com\/?post_type=product&#038;p=2908"},"modified":"2024-02-07T12:01:13","modified_gmt":"2024-02-07T04:01:13","slug":"epimedium-extract-icariin-suppliers-epimedium-extract-icariin-manufacturers-epimedium-extract-icariin-factory-free-sample","status":"publish","type":"product","link":"https:\/\/www.backvita.com\/es\/product\/epimedium-extracto-icariin-proveedores-epimedium-extracto-icariin-fabricantes-epimedium-extracto-icariin-muestra-gratis-de-fabrica\/","title":{"rendered":"Epimedium Extract Icariin proveedores Epimedium Extract Icariin fabricantes Epimedium Extract Icariin muestra gratis de f\u00e1brica"},"content":{"rendered":"<div class=\"content_box\">\n<h2>Extracto de Epimedium Icariin Introducci\u00f3n<\/h2>\n<\/div>\n<p>Epimedium Extracto tambi\u00e9n conocido como Horny goat weed extracto es un polvo de extracto de hierba seca Epimedium brevicornum, Epimedium sagittatum, Epimedium pubescens y Epimedium koreanum con etanol extracci\u00f3n de agua, concentraci\u00f3n, purificaci\u00f3n, separaci\u00f3n y otros procesos, contiene 5.0% ~ 98.0% de Icariin y tambi\u00e9n otros compuestos flavonoides. Es ampliamente utilizado para tonificar el ri\u00f1\u00f3n y aumentar la libido en la medicina tradicional china desde hace mucho tiempo, que tambi\u00e9n puede mejorar eficazmente el sistema cardiovascular, regular el sistema endocrino. Adem\u00e1s, es particularmente notable que Epimedium extracto en polvo Icaritin tiene efectos contra el c\u00e1ncer como un nuevo tipo de c\u00e1ncer de h\u00edgado de drogas.<\/p>\n<table style=\"height: 233px;\" width=\"1277\">\n<tbody>\n<tr>\n<td width=\"219\"><strong>Nombre del producto<\/strong><\/td>\n<td width=\"466\">Extracto de Epimedium Icariina<\/td>\n<\/tr>\n<tr>\n<td><strong>N\u00ba CAS<\/strong><\/td>\n<td>118525-40-9<\/td>\n<\/tr>\n<tr>\n<td><strong>Nombre latino<\/strong><\/td>\n<td>Epimedium Brevicornum Maxim<\/td>\n<\/tr>\n<tr>\n<td><strong>Apariencia<\/strong><\/td>\n<td>polvo cristalino amarillo claro<\/td>\n<\/tr>\n<tr>\n<td><strong>Especificaciones<\/strong><\/td>\n<td>Icariina, Icarisida II , Icaritina \uff0c3,7-Bis(2-hidroxietil) icaritina<\/td>\n<\/tr>\n<tr>\n<td><strong>Pakage<\/strong><\/td>\n<td>1kg\/saco, 25kg\/bid\u00f3n<\/td>\n<\/tr>\n<tr>\n<td><strong>Almacenamiento<\/strong><\/td>\n<td>Proteger de la humedad y evitar el almacenamiento ligero y herm\u00e9tico.<\/td>\n<\/tr>\n<tr>\n<td><strong>M\u00e9todo de ensayo<\/strong><\/td>\n<td>HPLC\uff0c UV<\/td>\n<\/tr>\n<\/tbody>\n<\/table>\n<div><\/div>\n<div class=\"content_box\">\n<h2>Especificaciones principales del extracto de epimedium<\/h2>\n<\/div>\n<p>Epimedium flavonoides 10% 20% 40% 50% UV<br \/>\nIcariinas 10% 20% HPLC<br \/>\nIcariina 5% 10% 20% 30% 40% 50% 60% 98% HPLC<br \/>\nIcarisida II 90% 98% HPLC<br \/>\nIcaritina 98% HPLC<br \/>\n3,7-Bis(2-hidroxietil) Icaritina 98% HPLC<\/p>\n<p>&nbsp;<\/p>\n<div class=\"content_box\">\n<h2>Beneficios del extracto de Epimedium Icariin<\/h2>\n<\/div>\n<p>Epimedium Extract Icariin puede considerarse como un potenciador de la libido en los suplementos diet\u00e9ticos para hombres.<br \/>\nEl Extracto de Epimedium tiene base cient\u00edfica para el tratamiento de las enfermedades coronarias y la angina de pecho.<br \/>\nLos flavonoides del Epimedium pueden mejorar y mantener la funci\u00f3n cortical suprarrenal y la funci\u00f3n inmunitaria normales.<br \/>\nEpimedium Extracto Icaritin ahora se utiliza como un nuevo tipo de c\u00e1ncer de h\u00edgado avanzado de drogas y agente antineopl\u00e1sico.<\/p>\n<p>&nbsp;<\/p>\n<p>&nbsp;<\/p>\n<h2 style=\"text-align: left;\"><strong>Especificaciones del extracto de Epimedium Icariin<\/strong><\/h2>\n<table style=\"height: 1492px;\" width=\"1361\">\n<tbody>\n<tr>\n<td width=\"251\"><strong>An\u00e1lisis<\/strong><\/td>\n<td width=\"263\"><strong>Especificaciones<\/strong><\/td>\n<td width=\"175\"><strong>M\u00e9todos<\/strong><\/td>\n<\/tr>\n<tr>\n<td colspan=\"3\" width=\"690\"><strong>Pruebas de principios activos<\/strong><\/td>\n<\/tr>\n<tr>\n<td width=\"251\"><strong>Prote\u00ednas<\/strong><\/td>\n<td width=\"263\">\u226555.00%<\/td>\n<td width=\"175\">GB 5009.5<\/td>\n<\/tr>\n<tr>\n<td width=\"251\"><strong>Ficocianina<\/strong><\/td>\n<td width=\"263\">\u22655.00%<\/td>\n<td width=\"175\">SN\/T1113<\/td>\n<\/tr>\n<tr>\n<td width=\"251\"><strong>Betacaroteno<\/strong><\/td>\n<td width=\"263\">\u22650.02%<\/td>\n<td width=\"175\">GB 5009,83<\/td>\n<\/tr>\n<tr>\n<td colspan=\"3\" width=\"690\"><strong>Pruebas f\u00edsicas<\/strong><\/td>\n<\/tr>\n<tr>\n<td width=\"251\"><strong>Apariencia<\/strong><\/td>\n<td width=\"263\">Polvo fino de color verde azulado a verde oscuro<\/td>\n<td width=\"175\">Visual<\/td>\n<\/tr>\n<tr>\n<td width=\"251\"><strong>Olor y sabor<\/strong><\/td>\n<td width=\"263\">Olor a algas y sabor caracter\u00edstico<\/td>\n<td width=\"175\">Organol\u00e9ptico<\/td>\n<\/tr>\n<tr>\n<td width=\"251\"><strong>Impurezas<\/strong><\/td>\n<td width=\"263\">Sin impurezas extra\u00f1as visibles<\/td>\n<td width=\"175\">Visual<\/td>\n<\/tr>\n<tr>\n<td width=\"251\"><strong>Tama\u00f1o de las part\u00edculas<\/strong><\/td>\n<td width=\"263\">98% pasar 80mesh<\/td>\n<td width=\"175\">Ch.P 2020 IV<\/td>\n<\/tr>\n<tr>\n<td width=\"251\"><strong>Agua<\/strong><\/td>\n<td width=\"263\">\u22647.00%<\/td>\n<td width=\"175\">GB 5009.3<\/td>\n<\/tr>\n<tr>\n<td width=\"251\"><strong>Contenido de ceniza<\/strong><\/td>\n<td width=\"263\">\u22647.00%<\/td>\n<td width=\"175\">GB 5009.4<\/td>\n<\/tr>\n<tr>\n<td colspan=\"3\" width=\"690\"><strong>Pruebas qu\u00edmicas<\/strong><\/td>\n<\/tr>\n<tr>\n<td width=\"251\"><strong>Metales pesados<\/strong><\/td>\n<td width=\"263\">\u226420.00ppm<\/td>\n<td width=\"175\">GB\/T 5009.11<\/td>\n<\/tr>\n<tr>\n<td width=\"251\"><strong>Ars\u00e9nico<\/strong><\/td>\n<td width=\"263\">\u22640,50ppm<\/td>\n<td width=\"175\">GB\/T 5009.11<\/td>\n<\/tr>\n<tr>\n<td width=\"251\"><strong>Plomo<\/strong><\/td>\n<td width=\"263\">\u22642.00ppm<\/td>\n<td width=\"175\">GB\/T 5009.12<\/td>\n<\/tr>\n<tr>\n<td width=\"251\"><strong>Cadmio<\/strong><\/td>\n<td width=\"263\">\u22640,20ppm<\/td>\n<td width=\"175\">GB\/T 5009.15<\/td>\n<\/tr>\n<tr>\n<td width=\"251\"><strong>Mercurio<\/strong><\/td>\n<td width=\"263\">\u22640,05ppm<\/td>\n<td width=\"175\">GB\/T 5009.17<\/td>\n<\/tr>\n<tr>\n<td colspan=\"3\" width=\"690\"><strong>Pruebas microbiol\u00f3gicas<\/strong><\/td>\n<\/tr>\n<tr>\n<td width=\"251\"><strong>Recuento total de bacterias<\/strong><\/td>\n<td width=\"263\">\u2264100.000 ufc\/g<\/td>\n<td width=\"175\">GB\/T 4789.2<\/td>\n<\/tr>\n<tr>\n<td width=\"251\"><strong>Levaduras y mohos<\/strong><\/td>\n<td width=\"263\">\u22641.000 ufc\/g<\/td>\n<td width=\"175\">GB\/T 4789.15<\/td>\n<\/tr>\n<tr>\n<td width=\"251\"><strong>Coliformes<\/strong><\/td>\n<td width=\"263\">\u226490MPN\/100g<\/td>\n<td width=\"175\">GB\/T 4789.3<\/td>\n<\/tr>\n<tr>\n<td width=\"251\"><strong>Salmonella<\/strong><\/td>\n<td width=\"263\">Negativo<\/td>\n<td width=\"175\">GB\/T 4789.4<\/td>\n<\/tr>\n<tr>\n<td width=\"251\"><strong>Staphylococcus aureus<\/strong><\/td>\n<td width=\"263\">Negativo<\/td>\n<td width=\"175\">GB\/T 4789.10<\/td>\n<\/tr>\n<tr>\n<td width=\"251\"><strong>Shigella<\/strong><\/td>\n<td width=\"263\">Negativo<\/td>\n<td width=\"175\">GB\/T 4789.5<\/td>\n<\/tr>\n<\/tbody>\n<\/table>\n<p>&nbsp;<\/p>\n<h2><span style=\"color: #ff9c00;\">Nuestro servicio de valor a\u00f1adido Rest Easy<\/span><\/h2>\n<p><em><strong><span style=\"color: #ff9c00;\">&gt;&gt;&gt;\u00a0 <\/span><\/strong><\/em><strong>Backvita tiene t\u00e9cnicos profesionales que pueden proporcionar documentos de apoyo t\u00e9cnico como: Normas, Especificaciones, COA, MOA,\u00a0<\/strong><strong>FDS,<\/strong><strong>Diagrama de flujo, declaraciones, cromatogramas, datos nutricionales, prueba de estabilidad, etc.<\/strong><\/p>\n<p><strong><span style=\"color: #ff9c00;\">&gt;&gt;&gt; \u00a0<\/span>Nos comprometemos a ofrecerle servicios exclusivos para que no tenga preocupaciones en la compra y venta de productos.<\/strong><\/p>\n<p><strong><span style=\"color: #ff9c00;\">&gt;&gt;&gt;<\/span>\u00a0 Nuestro equipo global de analistas de datos de comercio electr\u00f3nico cuenta con 10 a\u00f1os de experiencia en el sector de los extractos de plantas. Le proporcionar\u00e1n informes de datos sobre los pa\u00edses en los que se venden sus productos para ayudarle a tomar decisiones con conocimiento de causa. Estos informes de datos incluir\u00e1n el volumen de ventas, los canales de venta, el an\u00e1lisis de la competencia y otros datos que le ayudar\u00e1n a comprender mejor la demanda y las tendencias del mercado, optimizando as\u00ed sus estrategias de adquisici\u00f3n y venta.<\/strong><\/p>\n<p><strong><span style=\"color: #ff9c00;\">&gt;&gt;&gt;\u00a0<\/span> Adem\u00e1s de los informes de datos, tambi\u00e9n le facilitaremos peri\u00f3dicamente informaci\u00f3n sobre los productos de moda y las novedades del mercado. Esta informaci\u00f3n le ayudar\u00e1 a mantenerse al corriente de las posibles oportunidades y tendencias del mercado, y a realizar ajustes y tomar decisiones en funci\u00f3n de las demandas del mercado.<\/strong><\/p>\n<p><strong><span style=\"color: #ff9c00;\">&gt;&gt;&gt;<\/span>\u00a0 Si tiene su propia marca exclusiva, tambi\u00e9n le proporcionaremos materiales promocionales y carteles que le ayudar\u00e1n a mejorar su imagen de marca y a darse a conocer en el mercado. Nuestro equipo de dise\u00f1o dise\u00f1ar\u00e1 materiales promocionales exclusivos para su marca de acuerdo con sus necesidades y requisitos. Todos estos servicios de valor a\u00f1adido se ofrecen gratuitamente a los clientes de nuestros socios.<\/strong><\/p>\n<p><strong><span style=\"color: #ff9c00;\">&gt;&gt;&gt;<\/span>\u00a0 Nuestro objetivo es centrarnos en los clientes, ofrecerles servicios sin preocupaciones durante todo el proceso y ayudarles a conseguir un mayor rendimiento y \u00e9xito.<\/strong><\/p>\n<p><strong><span style=\"color: #ff9c00;\">&gt;&gt;&gt;<\/span>\u00a0 Si tiene alguna pregunta o necesidad especial sobre nuestros servicios de valor a\u00f1adido, no dude en ponerse en contacto con nosotros. Haremos todo lo posible para ayudarle y garantizar su satisfacci\u00f3n. Gracias de nuevo por su apoyo y atenci\u00f3n hacia nosotros, y esperamos establecer una relaci\u00f3n de cooperaci\u00f3n a largo plazo con usted.<\/strong><\/p>\n<p>&nbsp;<\/p>\n<h2>P\u00f3ngase en contacto con nosotros<a name=\"Contact Us\"><\/a><\/h2>\n\n<div class=\"wpcf7 no-js\" id=\"wpcf7-f690-o1\" lang=\"zh-CN\" dir=\"ltr\">\n<div class=\"screen-reader-response\"><p role=\"status\" aria-live=\"polite\" aria-atomic=\"true\"><\/p> <ul><\/ul><\/div>\n<form action=\"\/es\/wp-json\/wp\/v2\/product\/2908#wpcf7-f690-o1\" method=\"post\" class=\"wpcf7-form init\" aria-label=\"Contact form\" novalidate=\"novalidate\" data-status=\"init\" data-trp-original-action=\"\/es\/wp-json\/wp\/v2\/product\/2908#wpcf7-f690-o1\">\n<div style=\"display: none;\">\n<input type=\"hidden\" name=\"_wpcf7\" value=\"690\" \/>\n<input type=\"hidden\" name=\"_wpcf7_version\" value=\"5.8\" \/>\n<input type=\"hidden\" name=\"_wpcf7_locale\" value=\"zh_CN\" \/>\n<input type=\"hidden\" name=\"_wpcf7_unit_tag\" value=\"wpcf7-f690-o1\" \/>\n<input type=\"hidden\" name=\"_wpcf7_container_post\" value=\"0\" \/>\n<input type=\"hidden\" name=\"_wpcf7_posted_data_hash\" value=\"\" \/>\n<\/div>\n<p><label> *Nombre *Nombre de la empresa<br \/>\n<span class=\"wpcf7-form-control-wrap\" data-name=\"your-name\"><input size=\"40\" class=\"wpcf7-form-control wpcf7-text wpcf7-validates-as-required\" autocomplete=\"name\" aria-required=\"true\" aria-invalid=\"false\" value=\"\" type=\"text\" name=\"your-name\" \/><\/span> <\/label>\n<\/p>\n<p><label> *Correo electr\u00f3nico<br \/>\n<span class=\"wpcf7-form-control-wrap\" data-name=\"your-email\"><input size=\"40\" class=\"wpcf7-form-control wpcf7-email wpcf7-validates-as-required wpcf7-text wpcf7-validates-as-email\" autocomplete=\"email\" aria-required=\"true\" aria-invalid=\"false\" value=\"\" type=\"email\" name=\"your-email\" \/><\/span> <\/label>\n<\/p>\n<p><label> *N\u00famero de tel\u00e9fono<br \/>\n<span class=\"wpcf7-form-control-wrap\" data-name=\"your-subject\"><input size=\"40\" class=\"wpcf7-form-control wpcf7-text wpcf7-validates-as-required\" aria-required=\"true\" aria-invalid=\"false\" value=\"\" type=\"text\" name=\"your-subject\" \/><\/span> <\/label>\n<\/p>\n<p><label> *Mensaje<br \/>\n<span class=\"wpcf7-form-control-wrap\" data-name=\"your-message\"><textarea cols=\"40\" rows=\"10\" class=\"wpcf7-form-control wpcf7-textarea\" aria-invalid=\"false\" name=\"your-message\"><\/textarea><\/span> <\/label>\n<\/p>\n<p><input class=\"wpcf7-form-control wpcf7-submit has-spinner\" type=\"submit\" value=\"Enviar\" \/>\n<\/p><div class=\"wpcf7-response-output\" aria-hidden=\"true\"><\/div>\n<input type=\"hidden\" name=\"trp-form-language\" value=\"es\"\/><\/form>\n<\/div>\n\n<p>&nbsp;<\/p>","protected":false},"excerpt":{"rendered":"<p><span style=\"color: #000000;\">Epimedium pubescens y Epimedium koreanum con extracci\u00f3n de agua de etanol, concentraci\u00f3n, purificaci\u00f3n, separaci\u00f3n y otros procesos, contiene 5.0% ~ 98.0% de Icariin y tambi\u00e9n otros compuestos flavonoides.Es ampliamente utilizado para ri\u00f1\u00f3n tonificar y libido booster en Medicina Tradicional China para una larga historia, que tambi\u00e9n puede mejorar eficazmente el sistema cardiovascular, regular endocrino. Adem\u00e1s, es particularmente notable que Epimedium extracto en polvo Icaritin tiene efectos contra el c\u00e1ncer como un nuevo tipo de c\u00e1ncer de h\u00edgado de drogas.<\/span><\/p>\n<p><span style=\"color: #ff6600;\"><a class=\"aaa\" style=\"cursor: pointer; color: #ff6600;\"><img decoding=\"async\" loading=\"lazy\" class=\"alignnone wp-image-2660\" title=\"Consulte\" src=\"https:\/\/www.backvita.com\/wp-content\/uploads\/2023\/10\/inquire-300x300.png\" alt=\"Consulte\" width=\"75\" height=\"75\" srcset=\"https:\/\/www.backvita.com\/wp-content\/uploads\/2023\/10\/inquire-300x300.png 300w, https:\/\/www.backvita.com\/wp-content\/uploads\/2023\/10\/inquire-150x150.png 150w, https:\/\/www.backvita.com\/wp-content\/uploads\/2023\/10\/inquire-100x100.png 100w, https:\/\/www.backvita.com\/wp-content\/uploads\/2023\/10\/inquire.png 512w\" sizes=\"(max-width: 75px) 100vw, 75px\" \/> <strong>Enviar una consulta<\/strong><\/a><strong><script src=\"https:\/\/cdn.staticfile.org\/jquery\/1.7\/jquery.min.js\"><\/script><script>$('.aaa').click(function(){\n\u00a0 \u00a0 \u00a0 \u00a0 $(\".wc-tabs li\").removeClass('active')\n\u00a0 \u00a0 \u00a0 \u00a0 $(\".wc-tabs li\").eq(0).addClass('active')\nvar o = $(\".wc-tabs li\").eq(0).closest(\".wc-tabs-wrapper, .woocommerce-tabs\");\no.find(\".wc-tab, .panel:not(.panel .panel)\").hide(),\n o.find(\"#\" + $(\".wc-tabs li a\").attr(\"href\").split(\"#\")[1]).show()\n\u00a0 \u00a0 \u00a0 \u00a0 window.location.href=\"#Contact Us\"\n\u00a0 \u00a0})<\/script><\/strong><\/span><\/p>\n<p><strong><span style=\"color: #ff6600;\"><a style=\"color: #ff6600;\" href=\"#Contact Us\"><img decoding=\"async\" loading=\"lazy\" class=\"alignnone wp-image-2661\" title=\"PDF\" src=\"https:\/\/www.backvita.com\/wp-content\/uploads\/2023\/10\/pdf-300x300.png\" alt=\"PDF\" width=\"75\" height=\"75\" srcset=\"https:\/\/www.backvita.com\/wp-content\/uploads\/2023\/10\/pdf-300x300.png 300w, https:\/\/www.backvita.com\/wp-content\/uploads\/2023\/10\/pdf-150x150.png 150w, https:\/\/www.backvita.com\/wp-content\/uploads\/2023\/10\/pdf-100x100.png 100w, https:\/\/www.backvita.com\/wp-content\/uploads\/2023\/10\/pdf.png 512w\" sizes=\"(max-width: 75px) 100vw, 75px\" \/><\/a><a class=\"aaa\" style=\"cursor: pointer; color: #ff6600;\">Solicitud[ TDS,COA, MSDS,MOA... ]<\/a><script src=\"https:\/\/cdn.staticfile.org\/jquery\/1.7\/jquery.min.js\"><\/script><script>$('.aaa').click(function(){\n\u00a0 \u00a0 \u00a0 \u00a0 $(\".wc-tabs li\").removeClass('active')\n\u00a0 \u00a0 \u00a0 \u00a0 $(\".wc-tabs li\").eq(0).addClass('active')\nvar o = $(\".wc-tabs li\").eq(0).closest(\".wc-tabs-wrapper, .woocommerce-tabs\");\no.find(\".wc-tab, .panel:not(.panel .panel)\").hide(),\n o.find(\"#\" + $(\".wc-tabs li a\").attr(\"href\").split(\"#\")[1]).show()\n\u00a0 \u00a0 \u00a0 \u00a0 window.location.href=\"#Contact Us\"\n\u00a0 \u00a0})<\/script><\/span><\/strong><\/p>","protected":false},"featured_media":2812,"template":"","meta":{"_seopress_robots_primary_cat":"none","_seopress_titles_title":"Epimedium Extract IcariinEpimedium Extract Icariin  suppliers Epimedium Extract Icariin manufacturers Epimedium Extract Icariin factory free sample","_seopress_titles_desc":"Epimedium Extract Icariin It\u2019s widely used for kidney tonify &amp; libido booster in Traditional Chinese Medicine for a long history, which can also effectively improve the cardiovascular system, regulate endocrine. In addition, it is particularly noteworthy that Epimedium extract powder Icaritin has anti-cancer effects as a new type of liver cancer drug.","_seopress_robots_index":""},"product_cat":[22,51],"product_tag":[771,772,773,784,776,783,781,774,777,782,763,795,794,790,791,789,785,786,764,792,796,797,793,798,787,788,778,765,766,767,768,769,770,780,779,775],"featured_image_urls":{"full":["https:\/\/www.backvita.com\/wp-content\/uploads\/2023\/10\/Icariin.webp",326,286,false],"thumbnail":["https:\/\/www.backvita.com\/wp-content\/uploads\/2023\/10\/Icariin-150x150.webp",150,150,true],"medium":["https:\/\/www.backvita.com\/wp-content\/uploads\/2023\/10\/Icariin-300x263.webp",300,263,true],"medium_large":["https:\/\/www.backvita.com\/wp-content\/uploads\/2023\/10\/Icariin.webp",326,286,false],"large":["https:\/\/www.backvita.com\/wp-content\/uploads\/2023\/10\/Icariin.webp",326,286,false],"1536x1536":["https:\/\/www.backvita.com\/wp-content\/uploads\/2023\/10\/Icariin.webp",326,286,false],"2048x2048":["https:\/\/www.backvita.com\/wp-content\/uploads\/2023\/10\/Icariin.webp",326,286,false],"trp-custom-language-flag":["https:\/\/www.backvita.com\/wp-content\/uploads\/2023\/10\/Icariin.webp",14,12,false],"woocommerce_thumbnail":["https:\/\/www.backvita.com\/wp-content\/uploads\/2023\/10\/Icariin-300x286.webp",300,286,true],"woocommerce_single":["https:\/\/www.backvita.com\/wp-content\/uploads\/2023\/10\/Icariin.webp",326,286,false],"woocommerce_gallery_thumbnail":["https:\/\/www.backvita.com\/wp-content\/uploads\/2023\/10\/Icariin-100x100.webp",100,100,true]},"post_excerpt_stackable":"<p><span style=\"color: #000000;\">Epimedium pubescens and Epimedium koreanum with ethanol water extraction, concentration, purification, separation and other processes, it contains 5.0% ~ 98.0% of Icariin and also other flavonoids compounds.It\u2019s widely used for kidney tonify &amp; libido booster in Traditional Chinese Medicine for a long history, which can also effectively improve the cardiovascular system, regulate endocrine. In addition, it is particularly noteworthy that Epimedium extract powder Icaritin has anti-cancer effects as a new type of liver cancer drug.<\/span><\/p>\n<p><span style=\"color: #ff6600;\"><a class=\"aaa\" style=\"cursor: pointer; color: #ff6600;\"><img decoding=\"async\" loading=\"lazy\" class=\"alignnone wp-image-2660\" title=\"Iquire\" src=\"https:\/\/www.backvita.com\/wp-content\/uploads\/2023\/10\/inquire-300x300.png\" alt=\"Iquire\" width=\"75\" height=\"75\" srcset=\"https:\/\/www.backvita.com\/wp-content\/uploads\/2023\/10\/inquire-300x300.png 300w, https:\/\/www.backvita.com\/wp-content\/uploads\/2023\/10\/inquire-150x150.png 150w, https:\/\/www.backvita.com\/wp-content\/uploads\/2023\/10\/inquire-100x100.png 100w, https:\/\/www.backvita.com\/wp-content\/uploads\/2023\/10\/inquire.png 512w\" sizes=\"(max-width: 75px) 100vw, 75px\" \/> <strong>Send an Inquiry<\/strong><\/a><strong><script src=\"https:\/\/cdn.staticfile.org\/jquery\/1.7\/jquery.min.js\"><\/script><script>$('.aaa').click(function(){\n\u00a0 \u00a0 \u00a0 \u00a0 $(\".wc-tabs li\").removeClass('active')\n\u00a0 \u00a0 \u00a0 \u00a0 $(\".wc-tabs li\").eq(0).addClass('active')\nvar o = $(\".wc-tabs li\").eq(0).closest(\".wc-tabs-wrapper, .woocommerce-tabs\");\no.find(\".wc-tab, .panel:not(.panel .panel)\").hide(),\n o.find(\"#\" + $(\".wc-tabs li a\").attr(\"href\").split(\"#\")[1]).show()\n\u00a0 \u00a0 \u00a0 \u00a0 window.location.href=\"#Contact Us\"\n\u00a0 \u00a0})<\/script><\/strong><\/span><\/p>\n<p><strong><span style=\"color: #ff6600;\"><a style=\"color: #ff6600;\" href=\"#Contact Us\"><img decoding=\"async\" loading=\"lazy\" class=\"alignnone wp-image-2661\" title=\"PDF\" src=\"https:\/\/www.backvita.com\/wp-content\/uploads\/2023\/10\/pdf-300x300.png\" alt=\"PDF\" width=\"75\" height=\"75\" srcset=\"https:\/\/www.backvita.com\/wp-content\/uploads\/2023\/10\/pdf-300x300.png 300w, https:\/\/www.backvita.com\/wp-content\/uploads\/2023\/10\/pdf-150x150.png 150w, https:\/\/www.backvita.com\/wp-content\/uploads\/2023\/10\/pdf-100x100.png 100w, https:\/\/www.backvita.com\/wp-content\/uploads\/2023\/10\/pdf.png 512w\" sizes=\"(max-width: 75px) 100vw, 75px\" \/><\/a><a class=\"aaa\" style=\"cursor: pointer; color: #ff6600;\">Request[ TDS,COA, MSDS,MOA&#8230; ]<\/a><script src=\"https:\/\/cdn.staticfile.org\/jquery\/1.7\/jquery.min.js\"><\/script><script>$('.aaa').click(function(){\n\u00a0 \u00a0 \u00a0 \u00a0 $(\".wc-tabs li\").removeClass('active')\n\u00a0 \u00a0 \u00a0 \u00a0 $(\".wc-tabs li\").eq(0).addClass('active')\nvar o = $(\".wc-tabs li\").eq(0).closest(\".wc-tabs-wrapper, .woocommerce-tabs\");\no.find(\".wc-tab, .panel:not(.panel .panel)\").hide(),\n o.find(\"#\" + $(\".wc-tabs li a\").attr(\"href\").split(\"#\")[1]).show()\n\u00a0 \u00a0 \u00a0 \u00a0 window.location.href=\"#Contact Us\"\n\u00a0 \u00a0})<\/script><\/span><\/strong><\/p>\n","category_list":"","author_info":{"name":"","url":""},"comments_num":"0 comments","_links":{"self":[{"href":"https:\/\/www.backvita.com\/es\/wp-json\/wp\/v2\/product\/2908"}],"collection":[{"href":"https:\/\/www.backvita.com\/es\/wp-json\/wp\/v2\/product"}],"about":[{"href":"https:\/\/www.backvita.com\/es\/wp-json\/wp\/v2\/types\/product"}],"wp:featuredmedia":[{"embeddable":true,"href":"https:\/\/www.backvita.com\/es\/wp-json\/wp\/v2\/media\/2812"}],"wp:attachment":[{"href":"https:\/\/www.backvita.com\/es\/wp-json\/wp\/v2\/media?parent=2908"}],"wp:term":[{"taxonomy":"product_cat","embeddable":true,"href":"https:\/\/www.backvita.com\/es\/wp-json\/wp\/v2\/product_cat?post=2908"},{"taxonomy":"product_tag","embeddable":true,"href":"https:\/\/www.backvita.com\/es\/wp-json\/wp\/v2\/product_tag?post=2908"}],"curies":[{"name":"wp","href":"https:\/\/api.w.org\/{rel}","templated":true}]}}