{"id":2910,"date":"2023-11-04T14:39:24","date_gmt":"2023-11-04T06:39:24","guid":{"rendered":"https:\/\/www.backvita.com\/?post_type=product&#038;p=2910"},"modified":"2024-02-07T11:54:11","modified_gmt":"2024-02-07T03:54:11","slug":"smoke-tree-extract-fisetin-suppliers-smoke-tree-extract-fisetin-manufacturers-smoke-tree-extract-fisetin-factory-free-sample","status":"publish","type":"product","link":"https:\/\/www.backvita.com\/es\/product\/extracto-de-arbol-del-humo-fisetina-proveedores-extracto-de-arbol-del-humo-fisetina-fabricantes-extracto-de-arbol-del-humo-fisetina-fabrica-muestra-gratis\/","title":{"rendered":"Smoke Tree Extract Fisetin proveedores Smoke Tree Extract Fisetin fabricantes Smoke Tree Extract Fisetin muestra gratis de f\u00e1brica"},"content":{"rendered":"<div class=\"fl-col-group fl-node-636c9389eca16\" data-node=\"636c9389eca16\">\n<div class=\"fl-col fl-node-636c9389eca55\" data-node=\"636c9389eca55\">\n<div class=\"fl-col-content fl-node-content\">\n<div class=\"fl-module fl-module-rich-text fl-node-636c9389eca93\" data-node=\"636c9389eca93\" data-animation-delay=\"0.0\">\n<div class=\"fl-module-content fl-node-content\">\n<div class=\"fl-rich-text\">\n<div class=\"content_box\">\n<h2>Extracto de \u00e1rbol de humo Fisetin Introducci\u00f3n<\/h2>\n<\/div>\n<p><strong>Fisetina<\/strong>\u00a0(Smoke Tree Extract)- se prepara a partir del tronco de Cotinus coggygria Scop, utilizando disolventes adecuados como agua y alcoho, o mezclas de estos disolventes. La proporci\u00f3n entre el material vegetal de partida y el extracto es de aproximadamente 400:1. Contiene NLT 98.0% de la cantidad etiquetada de Fisetina, calculada sobre la base seca.<\/p>\n<p>La fisetina (FIS, 3,3\u2032,4\u2032,7-tetrahidroxiflavona), tambi\u00e9n conocida como fisetina, es un compuesto flavonoide natural extra\u00eddo de plantas como la Anacardiaceae. Las flavinas tienen propiedades farmacol\u00f3gicas como antioxidantes y antiinflamatorias.<\/p>\n<table style=\"height: 244px;\" width=\"1321\">\n<tbody>\n<tr>\n<td width=\"219\"><strong>Nombre del producto<\/strong><\/td>\n<td width=\"466\">Extracto de \u00e1rbol de humo Fisetina<\/td>\n<\/tr>\n<tr>\n<td><strong>N\u00ba CAS<\/strong><\/td>\n<td>528-48-3<\/td>\n<\/tr>\n<tr>\n<td><strong>Nombre latino<\/strong><\/td>\n<td>Cotinus coggygria Scop.var.cinerea Engl.<\/td>\n<\/tr>\n<tr>\n<td><strong>Apariencia<\/strong><\/td>\n<td>polvo de cristal de aguja amarillo<\/td>\n<\/tr>\n<tr>\n<td><strong>Especificaciones<\/strong><\/td>\n<td>10%,30%,50%,80%,98%<\/td>\n<\/tr>\n<tr>\n<td><strong>Pakage<\/strong><\/td>\n<td>1kg\/saco, 25kg\/bid\u00f3n<\/td>\n<\/tr>\n<tr>\n<td><strong>Almacenamiento<\/strong><\/td>\n<td>Proteger de la humedad y evitar el almacenamiento ligero y herm\u00e9tico.<\/td>\n<\/tr>\n<tr>\n<td><strong>M\u00e9todo de ensayo<\/strong><\/td>\n<td>HPLC<\/td>\n<\/tr>\n<\/tbody>\n<\/table>\n<div><\/div>\n<div id=\"gtx-trans\">\n<h2><strong>La funci\u00f3n del extracto de \u00e1rbol de humo Fisetin<\/strong><\/h2>\n<h3><strong>Antioxidaci\u00f3n<\/strong><\/h3>\n<p>La fisetina es un bioflavonoide antioxidante que puede ayudar a mantener los niveles de glutati\u00f3n y la funci\u00f3n mitocondrial en presencia de estr\u00e9s oxidativo. Tiene el potencial de atravesar la barrera hematoencef\u00e1lica, lo que puede ayudar a mantener la funci\u00f3n neuronal.<br \/>\nLa fisetina puede contribuir al arsenal antioxidante del organismo mediante una actividad directa de eliminaci\u00f3n de radicales libres y un aumento de los niveles de glutati\u00f3n. Los estudios in vitro demuestran que la fisetina puede reforzar el glutati\u00f3n, un antioxidante muy activo presente de forma natural en el organismo, aportando ciste\u00edna (componente b\u00e1sico del glutati\u00f3n) a las c\u00e9lulas o reforzando la s\u00edntesis de glutati\u00f3n. thione. La fisetina puede ayudar a regular la producci\u00f3n de muchas prote\u00ednas implicadas en la protecci\u00f3n del organismo frente al estr\u00e9s oxidativo y en el mantenimiento de la homeostasis redox (el equilibrio entre la tasa de producci\u00f3n de radicales libres y la tasa de eliminaci\u00f3n de diversos antioxidantes).<\/p>\n<h3><strong>Antitumoral<\/strong><\/h3>\n<p>En los \u00faltimos a\u00f1os, el efecto antitumoral de la fisetina ha atra\u00eddo la atenci\u00f3n de la gente. Los estudios han demostrado que la fisetina puede ejercer efectos antitumorales induciendo la apoptosis de las c\u00e9lulas tumorales, afectando a las v\u00edas de transducci\u00f3n de se\u00f1ales de las c\u00e9lulas tumorales, inhibiendo la proliferaci\u00f3n de las c\u00e9lulas tumorales e inhibiendo la migraci\u00f3n y la invasi\u00f3n de las c\u00e9lulas tumorales.<br \/>\nLa fisetina induce principalmente la apoptosis de las c\u00e9lulas tumorales mediante la activaci\u00f3n de la caspasa, la regulaci\u00f3n a la baja de BIRC8 y Bcl2L2 y la inhibici\u00f3n de COX-2.<br \/>\nEl producto natural fisetina puede inhibir el crecimiento y la propagaci\u00f3n de las c\u00e9lulas tumorales a trav\u00e9s de m\u00faltiples v\u00edas. Al mismo tiempo, la fisetina tiene las caracter\u00edsticas de estar ampliamente distribuida en la naturaleza, tener pocos efectos t\u00f3xicos y secundarios, y actuar de m\u00faltiples maneras. Se cree que con la continua profundizaci\u00f3n de la investigaci\u00f3n sobre el mecanismo antitumoral de la fisetina, se espera que se utilice en la pr\u00e1ctica cl\u00ednica de forma m\u00e1s cient\u00edfica y racional, proporcionando una base para los Servicios de Carrera de Salud Humana.<\/p>\n<h3><strong>Efecto anticancer\u00edgeno<\/strong><\/h3>\n<p>Los investigadores compusieron portadores de f\u00e1rmacos con extracto de Rhus que conten\u00eda fisetina, xantofilina, sulfaterina y rodinina para obtener una composici\u00f3n con actividad anticancer\u00edgena. Los experimentos de actividad demostraron que el extracto de Rhus tiene propiedades anticancer\u00edgenas en c\u00e9lulas de c\u00e1ncer humano, c\u00e9lulas de c\u00e1ncer uterino, c\u00e9lulas de c\u00e1ncer de piel humana y c\u00e9lulas de c\u00e1ncer de colon humano. Su principal mecanismo es inducir la diferenciaci\u00f3n org\u00e1nica de las c\u00e9lulas cancerosas en c\u00e9lulas normales mediante la transformaci\u00f3n de los genes de las c\u00e9lulas cancerosas.<br \/>\nLa fisetina es el compuesto activo m\u00e1s t\u00edpico entre los compuestos flavonoides de Rhus, que puede inhibir eficazmente la proliferaci\u00f3n de c\u00e9lulas de c\u00e1ncer de pr\u00f3stata e inducir su apoptosis. En las c\u00e9lulas humanas de c\u00e1ncer de pulm\u00f3n, la fisetina puede reducir la producci\u00f3n de MMP mediante la inhibici\u00f3n de las v\u00edas MAP quinasa y NF-\u03baB. Tambi\u00e9n promueve la proliferaci\u00f3n y la apoptosis del c\u00e1ncer de mama, el c\u00e1ncer de cuello de \u00fatero, el c\u00e1ncer de sangre y otras c\u00e9lulas. Por lo tanto, la fisetina se considera un agente anticancer\u00edgeno con potencial de desarrollo.<\/p>\n<p>&nbsp;<\/p>\n<\/div>\n<\/div>\n<\/div>\n<\/div>\n<\/div>\n<\/div>\n<\/div>\n<div class=\"fl-col-group fl-node-636c9389ecad1 fl-col-group-equal-height fl-col-group-align-center\" data-node=\"636c9389ecad1\">\n<div class=\"fl-col fl-node-636c9389ecb1d\" data-node=\"636c9389ecb1d\">\n<div class=\"fl-col-content fl-node-content\">\n<div class=\"fl-module fl-module-rich-text fl-node-636c9389ecba9\" data-node=\"636c9389ecba9\" data-animation-delay=\"0.0\">\n<div class=\"fl-module-content fl-node-content\">\n<div class=\"fl-rich-text\">\n<div class=\"content_box\">\n<h2>Especificaciones principales de Fisetin<\/h2>\n<\/div>\n<p>Fisetina en polvo 10% HPLC<br \/>\nFisetina en polvo 30% HPLC<br \/>\nFisetina en polvo 50% HPLC<br \/>\nFisetina en polvo 80% HPLC<br \/>\nFisetina en polvo 98% HPLC<\/p>\n<p>&nbsp;<\/p>\n<\/div>\n<\/div>\n<\/div>\n<\/div>\n<\/div>\n<\/div>\n<div class=\"fl-col-group fl-node-636c9389ecc26\" data-node=\"636c9389ecc26\">\n<div class=\"fl-col fl-node-636c9389ecc63\" data-node=\"636c9389ecc63\">\n<div class=\"fl-col-content fl-node-content\">\n<div class=\"fl-module fl-module-rich-text fl-node-636c9389ecca5\" data-node=\"636c9389ecca5\" data-animation-delay=\"0.0\">\n<div class=\"fl-module-content fl-node-content\">\n<div class=\"fl-rich-text\">\n<div class=\"content_box\">\n<h2>Beneficios de la Fisetina<\/h2>\n<\/div>\n<p>La fisetina es un superantioxidante y antiinflamatorio que inhibe eficazmente el crecimiento del Staphylococcus aureus.<br \/>\nLa fisetina tiene una gran funci\u00f3n antitumoral,impide que las c\u00e9lulas tumorales entren en la sangre e inhibe la met\u00e1stasis de las c\u00e9lulas tumorales.<br \/>\nFisetin tiene una poderosa capacidad para eliminar las c\u00e9lulas senescentes, convertirse en un fuerte ingrediente anti-envejecimiento.<\/p>\n<p>&nbsp;<\/p>\n<div class=\"content_box\">\n<h2 style=\"text-align: left;\">Hoja de especificaciones t\u00edpicas de Fisetin 98%<\/h2>\n<\/div>\n<div class=\"table_wrap\">\n<table style=\"height: 705px;\" border=\"0\" width=\"1351\" cellspacing=\"0\">\n<tbody>\n<tr>\n<td colspan=\"2\"><strong>An\u00e1lisis<\/strong><\/td>\n<td><strong>Especificaciones<\/strong><\/td>\n<td><strong>M\u00e9todos<\/strong><\/td>\n<\/tr>\n<tr>\n<td colspan=\"4\"><strong>Identificaciones<\/strong><\/td>\n<\/tr>\n<tr>\n<td><strong>HPTLC<\/strong><\/td>\n<td colspan=\"3\">La muestra presenta bandas principales similares en posici\u00f3n y color a la soluci\u00f3n patr\u00f3n.<\/td>\n<\/tr>\n<tr>\n<td><strong>HPLC<\/strong><\/td>\n<td colspan=\"3\">El tiempo de retenci\u00f3n de la muestra coincide con el est\u00e1ndar en la prueba de pureza HPLC.<\/td>\n<\/tr>\n<tr>\n<td colspan=\"4\"><strong>Pruebas de principios activos<\/strong><\/td>\n<\/tr>\n<tr>\n<td colspan=\"2\"><strong>Fisetina<\/strong><\/td>\n<td>\u226598.00%<\/td>\n<td>HPLC<\/td>\n<\/tr>\n<tr>\n<td colspan=\"4\"><strong>Pruebas f\u00edsicas<\/strong><\/td>\n<\/tr>\n<tr>\n<td colspan=\"2\"><strong>Apariencia<\/strong><\/td>\n<td>Polvo fino amarillo claro<\/td>\n<td>Visual<\/td>\n<\/tr>\n<tr>\n<td colspan=\"2\"><strong>Olor y sabor<\/strong><\/td>\n<td>Caracter\u00edstica<\/td>\n<td>Organol\u00e9ptico<\/td>\n<\/tr>\n<tr>\n<td colspan=\"2\"><strong>Tama\u00f1o de las part\u00edculas<\/strong><\/td>\n<td>98% pasar 80mesh<\/td>\n<td>Ch.P 2020 IV<\/td>\n<\/tr>\n<tr>\n<td colspan=\"2\"><strong>Agua<\/strong><\/td>\n<td>\u22645.00%<\/td>\n<td>GB 5009.3<\/td>\n<\/tr>\n<tr>\n<td colspan=\"2\"><strong>Residuos en el encendido<\/strong><\/td>\n<td>\u22645.00%<\/td>\n<td>GB 5009.4<\/td>\n<\/tr>\n<tr>\n<td colspan=\"4\"><strong>Pruebas qu\u00edmicas<\/strong><\/td>\n<\/tr>\n<tr>\n<td colspan=\"2\"><strong>Metales pesados<\/strong><\/td>\n<td>\u226410.00ppm<\/td>\n<td>GB 5009,74<\/td>\n<\/tr>\n<tr>\n<td colspan=\"2\"><strong>Pb<\/strong><\/td>\n<td>\u22642.00ppm<\/td>\n<td>GB 5009.12<\/td>\n<\/tr>\n<tr>\n<td colspan=\"2\"><strong>As<\/strong><\/td>\n<td>\u22642.00ppm<\/td>\n<td>GB 5009.11<\/td>\n<\/tr>\n<tr>\n<td colspan=\"2\"><strong>Cd<\/strong><\/td>\n<td>\u22641,00ppm<\/td>\n<td>GB 5009.15<\/td>\n<\/tr>\n<tr>\n<td colspan=\"2\"><strong>Hg<\/strong><\/td>\n<td>\u22640,10ppm<\/td>\n<td>GB 5009.17<\/td>\n<\/tr>\n<tr>\n<td colspan=\"2\"><strong>Residuos de disolventes<\/strong><\/td>\n<td>GB 5009.262<\/td>\n<td>GB 5009.262<\/td>\n<\/tr>\n<tr>\n<td colspan=\"2\"><strong>Residuos de plaguicidas<\/strong><\/td>\n<td>GB 23200.113<\/td>\n<td>GB 23200.113<\/td>\n<\/tr>\n<tr>\n<td colspan=\"4\"><strong>Pruebas microbiol\u00f3gicas<\/strong><\/td>\n<\/tr>\n<tr>\n<td colspan=\"2\"><strong>Recuento total de bacterias<\/strong><\/td>\n<td>\u22641.000 ufc\/g<\/td>\n<td>GB 4789.2<\/td>\n<\/tr>\n<tr>\n<td colspan=\"2\"><strong>Levaduras y mohos<\/strong><\/td>\n<td>\u2264100cfu\/g<\/td>\n<td>GB 4789.15<\/td>\n<\/tr>\n<tr>\n<td colspan=\"2\"><strong>E. Coli<\/strong><\/td>\n<td>Negativo en 1g<\/td>\n<td>GB 4789.38<\/td>\n<\/tr>\n<tr>\n<td colspan=\"2\"><strong>Salmonella<\/strong><\/td>\n<td>Negativo en 10g<\/td>\n<td>GB 4789.4<\/td>\n<\/tr>\n<\/tbody>\n<\/table>\n<\/div>\n<\/div>\n<\/div>\n<\/div>\n<\/div>\n<\/div>\n<\/div>\n<p>&nbsp;<\/p>\n<h2><span style=\"color: #ff9c00;\">Nuestro servicio de valor a\u00f1adido Rest Easy<\/span><\/h2>\n<p><em><strong><span style=\"color: #ff9c00;\">&gt;&gt;&gt;\u00a0 <\/span><\/strong><\/em><strong>Backvita tiene t\u00e9cnicos profesionales que pueden proporcionar documentos de apoyo t\u00e9cnico como: Normas, Especificaciones, COA, MOA,\u00a0<\/strong><strong>FDS,<\/strong><strong>Diagrama de flujo, declaraciones, cromatogramas, datos nutricionales, prueba de estabilidad, etc.<\/strong><\/p>\n<p><strong><span style=\"color: #ff9c00;\">&gt;&gt;&gt; \u00a0<\/span>Nos comprometemos a ofrecerle servicios exclusivos para que no tenga preocupaciones en la compra y venta de productos.<\/strong><\/p>\n<p><strong><span style=\"color: #ff9c00;\">&gt;&gt;&gt;<\/span>\u00a0 Nuestro equipo global de analistas de datos de comercio electr\u00f3nico cuenta con 10 a\u00f1os de experiencia en el sector de los extractos de plantas. Le proporcionar\u00e1n informes de datos sobre los pa\u00edses en los que se venden sus productos para ayudarle a tomar decisiones con conocimiento de causa. Estos informes de datos incluir\u00e1n el volumen de ventas, los canales de venta, el an\u00e1lisis de la competencia y otros datos que le ayudar\u00e1n a comprender mejor la demanda y las tendencias del mercado, optimizando as\u00ed sus estrategias de adquisici\u00f3n y venta.<\/strong><\/p>\n<p><strong><span style=\"color: #ff9c00;\">&gt;&gt;&gt;\u00a0<\/span> Adem\u00e1s de los informes de datos, tambi\u00e9n le facilitaremos peri\u00f3dicamente informaci\u00f3n sobre los productos de moda y las novedades del mercado. Esta informaci\u00f3n le ayudar\u00e1 a mantenerse al corriente de las posibles oportunidades y tendencias del mercado, y a realizar ajustes y tomar decisiones en funci\u00f3n de las demandas del mercado.<\/strong><\/p>\n<p><strong><span style=\"color: #ff9c00;\">&gt;&gt;&gt;<\/span>\u00a0 Si tiene su propia marca exclusiva, tambi\u00e9n le proporcionaremos materiales promocionales y carteles que le ayudar\u00e1n a mejorar su imagen de marca y a darse a conocer en el mercado. Nuestro equipo de dise\u00f1o dise\u00f1ar\u00e1 materiales promocionales exclusivos para su marca de acuerdo con sus necesidades y requisitos. Todos estos servicios de valor a\u00f1adido se ofrecen gratuitamente a los clientes de nuestros socios.<\/strong><\/p>\n<p><strong><span style=\"color: #ff9c00;\">&gt;&gt;&gt;<\/span>\u00a0 Nuestro objetivo es centrarnos en los clientes, ofrecerles servicios sin preocupaciones durante todo el proceso y ayudarles a conseguir un mayor rendimiento y \u00e9xito.<\/strong><\/p>\n<p><strong><span style=\"color: #ff9c00;\">&gt;&gt;&gt;<\/span>\u00a0 Si tiene alguna pregunta o necesidad especial sobre nuestros servicios de valor a\u00f1adido, no dude en ponerse en contacto con nosotros. Haremos todo lo posible para ayudarle y garantizar su satisfacci\u00f3n. Gracias de nuevo por su apoyo y atenci\u00f3n hacia nosotros, y esperamos establecer una relaci\u00f3n de cooperaci\u00f3n a largo plazo con usted.<\/strong><\/p>\n<p>&nbsp;<\/p>\n<h2>P\u00f3ngase en contacto con nosotros<a name=\"Contact Us\"><\/a><\/h2>\n\n<div class=\"wpcf7 no-js\" id=\"wpcf7-f690-o1\" lang=\"zh-CN\" dir=\"ltr\">\n<div class=\"screen-reader-response\"><p role=\"status\" aria-live=\"polite\" aria-atomic=\"true\"><\/p> <ul><\/ul><\/div>\n<form action=\"\/es\/wp-json\/wp\/v2\/product\/2910#wpcf7-f690-o1\" method=\"post\" class=\"wpcf7-form init\" aria-label=\"Contact form\" novalidate=\"novalidate\" data-status=\"init\" data-trp-original-action=\"\/es\/wp-json\/wp\/v2\/product\/2910#wpcf7-f690-o1\">\n<div style=\"display: none;\">\n<input type=\"hidden\" name=\"_wpcf7\" value=\"690\" \/>\n<input type=\"hidden\" name=\"_wpcf7_version\" value=\"5.8\" \/>\n<input type=\"hidden\" name=\"_wpcf7_locale\" value=\"zh_CN\" \/>\n<input type=\"hidden\" name=\"_wpcf7_unit_tag\" value=\"wpcf7-f690-o1\" \/>\n<input type=\"hidden\" name=\"_wpcf7_container_post\" value=\"0\" \/>\n<input type=\"hidden\" name=\"_wpcf7_posted_data_hash\" value=\"\" \/>\n<\/div>\n<p><label> *Nombre *Nombre de la empresa<br \/>\n<span class=\"wpcf7-form-control-wrap\" data-name=\"your-name\"><input size=\"40\" class=\"wpcf7-form-control wpcf7-text wpcf7-validates-as-required\" autocomplete=\"name\" aria-required=\"true\" aria-invalid=\"false\" value=\"\" type=\"text\" name=\"your-name\" \/><\/span> <\/label>\n<\/p>\n<p><label> *Correo electr\u00f3nico<br \/>\n<span class=\"wpcf7-form-control-wrap\" data-name=\"your-email\"><input size=\"40\" class=\"wpcf7-form-control wpcf7-email wpcf7-validates-as-required wpcf7-text wpcf7-validates-as-email\" autocomplete=\"email\" aria-required=\"true\" aria-invalid=\"false\" value=\"\" type=\"email\" name=\"your-email\" \/><\/span> <\/label>\n<\/p>\n<p><label> *N\u00famero de tel\u00e9fono<br \/>\n<span class=\"wpcf7-form-control-wrap\" data-name=\"your-subject\"><input size=\"40\" class=\"wpcf7-form-control wpcf7-text wpcf7-validates-as-required\" aria-required=\"true\" aria-invalid=\"false\" value=\"\" type=\"text\" name=\"your-subject\" \/><\/span> <\/label>\n<\/p>\n<p><label> *Mensaje<br \/>\n<span class=\"wpcf7-form-control-wrap\" data-name=\"your-message\"><textarea cols=\"40\" rows=\"10\" class=\"wpcf7-form-control wpcf7-textarea\" aria-invalid=\"false\" name=\"your-message\"><\/textarea><\/span> <\/label>\n<\/p>\n<p><input class=\"wpcf7-form-control wpcf7-submit has-spinner\" type=\"submit\" value=\"Enviar\" \/>\n<\/p><div class=\"wpcf7-response-output\" aria-hidden=\"true\"><\/div>\n<input type=\"hidden\" name=\"trp-form-language\" value=\"es\"\/><\/form>\n<\/div>\n\n<p>&nbsp;<\/p>","protected":false},"excerpt":{"rendered":"<p><span style=\"color: #000000;\">Extracto de \u00e1rbol de humo Fisetina (FIS, 3,3\u2032,4\u2032,7-tetrahidroxiflavona), tambi\u00e9n conocido como fisetina, es un compuesto flavonoide natural extra\u00eddo de plantas como la planta Anacardiaceae, Fisetin. Las flavinas tienen propiedades farmacol\u00f3gicas como antioxidantes y antiinflamatorias.<\/span><\/p>\n<p><span style=\"color: #ff6600;\"><a class=\"aaa\" style=\"cursor: pointer; color: #ff6600;\"><img decoding=\"async\" loading=\"lazy\" class=\"alignnone wp-image-2660\" title=\"Consulte\" src=\"https:\/\/www.backvita.com\/wp-content\/uploads\/2023\/10\/inquire-300x300.png\" alt=\"Consulte\" width=\"75\" height=\"75\" srcset=\"https:\/\/www.backvita.com\/wp-content\/uploads\/2023\/10\/inquire-300x300.png 300w, https:\/\/www.backvita.com\/wp-content\/uploads\/2023\/10\/inquire-150x150.png 150w, https:\/\/www.backvita.com\/wp-content\/uploads\/2023\/10\/inquire-100x100.png 100w, https:\/\/www.backvita.com\/wp-content\/uploads\/2023\/10\/inquire.png 512w\" sizes=\"(max-width: 75px) 100vw, 75px\" \/> <strong>Enviar una consulta<\/strong><\/a><strong><script src=\"https:\/\/cdn.staticfile.org\/jquery\/1.7\/jquery.min.js\"><\/script><script>$('.aaa').click(function(){\n\u00a0 \u00a0 \u00a0 \u00a0 $(\".wc-tabs li\").removeClass('active')\n\u00a0 \u00a0 \u00a0 \u00a0 $(\".wc-tabs li\").eq(0).addClass('active')\nvar o = $(\".wc-tabs li\").eq(0).closest(\".wc-tabs-wrapper, .woocommerce-tabs\");\no.find(\".wc-tab, .panel:not(.panel .panel)\").hide(),\n o.find(\"#\" + $(\".wc-tabs li a\").attr(\"href\").split(\"#\")[1]).show()\n\u00a0 \u00a0 \u00a0 \u00a0 window.location.href=\"#Contact Us\"\n\u00a0 \u00a0})<\/script><\/strong><\/span><\/p>\n<p><strong><span style=\"color: #ff6600;\"><a style=\"color: #ff6600;\" href=\"#Contact Us\"><img decoding=\"async\" loading=\"lazy\" class=\"alignnone wp-image-2661\" title=\"PDF\" src=\"https:\/\/www.backvita.com\/wp-content\/uploads\/2023\/10\/pdf-300x300.png\" alt=\"PDF\" width=\"75\" height=\"75\" srcset=\"https:\/\/www.backvita.com\/wp-content\/uploads\/2023\/10\/pdf-300x300.png 300w, https:\/\/www.backvita.com\/wp-content\/uploads\/2023\/10\/pdf-150x150.png 150w, https:\/\/www.backvita.com\/wp-content\/uploads\/2023\/10\/pdf-100x100.png 100w, https:\/\/www.backvita.com\/wp-content\/uploads\/2023\/10\/pdf.png 512w\" sizes=\"(max-width: 75px) 100vw, 75px\" \/><\/a><a class=\"aaa\" style=\"cursor: pointer; color: #ff6600;\">Solicitud[ TDS,COA, MSDS,MOA... ]<\/a><script src=\"https:\/\/cdn.staticfile.org\/jquery\/1.7\/jquery.min.js\"><\/script><script>$('.aaa').click(function(){\n\u00a0 \u00a0 \u00a0 \u00a0 $(\".wc-tabs li\").removeClass('active')\n\u00a0 \u00a0 \u00a0 \u00a0 $(\".wc-tabs li\").eq(0).addClass('active')\nvar o = $(\".wc-tabs li\").eq(0).closest(\".wc-tabs-wrapper, .woocommerce-tabs\");\no.find(\".wc-tab, .panel:not(.panel .panel)\").hide(),\n o.find(\"#\" + $(\".wc-tabs li a\").attr(\"href\").split(\"#\")[1]).show()\n\u00a0 \u00a0 \u00a0 \u00a0 window.location.href=\"#Contact Us\"\n\u00a0 \u00a0})<\/script><\/span><\/strong><\/p>","protected":false},"featured_media":2815,"template":"","meta":{"_seopress_robots_primary_cat":"none","_seopress_titles_title":"Smoke Tree Extract Fisetin suppliers Smoke Tree Extract Fisetin  manufacturers Smoke Tree Extract Fisetin factory free sample","_seopress_titles_desc":"Smoke Tree Extract\u00a0 Fisetin (FIS, 3,3&#039;,4&#039;,7-tetrahydroxyflavone), also known as fisetin, is a natural flavonoid compound extracted from plants such as the Anacardiaceae plant, Fisetin. Flavins have pharmacological properties such as antioxidant and anti-inflammatory properties.","_seopress_robots_index":""},"product_cat":[22,50],"product_tag":[871,863,870,868,861,864,869,859,883,882,878,879,877,876,872,873,860,880,884,885,881,886,874,875,865,867,866,857,858,862],"featured_image_urls":{"full":["https:\/\/www.backvita.com\/wp-content\/uploads\/2023\/10\/fisetin.webp",450,437,false],"thumbnail":["https:\/\/www.backvita.com\/wp-content\/uploads\/2023\/10\/fisetin-150x150.webp",150,150,true],"medium":["https:\/\/www.backvita.com\/wp-content\/uploads\/2023\/10\/fisetin-300x291.webp",300,291,true],"medium_large":["https:\/\/www.backvita.com\/wp-content\/uploads\/2023\/10\/fisetin.webp",450,437,false],"large":["https:\/\/www.backvita.com\/wp-content\/uploads\/2023\/10\/fisetin.webp",450,437,false],"1536x1536":["https:\/\/www.backvita.com\/wp-content\/uploads\/2023\/10\/fisetin.webp",450,437,false],"2048x2048":["https:\/\/www.backvita.com\/wp-content\/uploads\/2023\/10\/fisetin.webp",450,437,false],"trp-custom-language-flag":["https:\/\/www.backvita.com\/wp-content\/uploads\/2023\/10\/fisetin.webp",12,12,false],"woocommerce_thumbnail":["https:\/\/www.backvita.com\/wp-content\/uploads\/2023\/10\/fisetin-300x300.webp",300,300,true],"woocommerce_single":["https:\/\/www.backvita.com\/wp-content\/uploads\/2023\/10\/fisetin.webp",450,437,false],"woocommerce_gallery_thumbnail":["https:\/\/www.backvita.com\/wp-content\/uploads\/2023\/10\/fisetin-100x100.webp",100,100,true]},"post_excerpt_stackable":"<p><span style=\"color: #000000;\">Smoke Tree Extract\u00a0 Fisetin (FIS, 3,3&#8242;,4&#8242;,7-tetrahydroxyflavone), also known as fisetin, is a natural flavonoid compound extracted from plants such as the Anacardiaceae plant, Fisetin. Flavins have pharmacological properties such as antioxidant and anti-inflammatory properties.<\/span><\/p>\n<p><span style=\"color: #ff6600;\"><a class=\"aaa\" style=\"cursor: pointer; color: #ff6600;\"><img decoding=\"async\" loading=\"lazy\" class=\"alignnone wp-image-2660\" title=\"Iquire\" src=\"https:\/\/www.backvita.com\/wp-content\/uploads\/2023\/10\/inquire-300x300.png\" alt=\"Iquire\" width=\"75\" height=\"75\" srcset=\"https:\/\/www.backvita.com\/wp-content\/uploads\/2023\/10\/inquire-300x300.png 300w, https:\/\/www.backvita.com\/wp-content\/uploads\/2023\/10\/inquire-150x150.png 150w, https:\/\/www.backvita.com\/wp-content\/uploads\/2023\/10\/inquire-100x100.png 100w, https:\/\/www.backvita.com\/wp-content\/uploads\/2023\/10\/inquire.png 512w\" sizes=\"(max-width: 75px) 100vw, 75px\" \/> <strong>Send an Inquiry<\/strong><\/a><strong><script src=\"https:\/\/cdn.staticfile.org\/jquery\/1.7\/jquery.min.js\"><\/script><script>$('.aaa').click(function(){\n\u00a0 \u00a0 \u00a0 \u00a0 $(\".wc-tabs li\").removeClass('active')\n\u00a0 \u00a0 \u00a0 \u00a0 $(\".wc-tabs li\").eq(0).addClass('active')\nvar o = $(\".wc-tabs li\").eq(0).closest(\".wc-tabs-wrapper, .woocommerce-tabs\");\no.find(\".wc-tab, .panel:not(.panel .panel)\").hide(),\n o.find(\"#\" + $(\".wc-tabs li a\").attr(\"href\").split(\"#\")[1]).show()\n\u00a0 \u00a0 \u00a0 \u00a0 window.location.href=\"#Contact Us\"\n\u00a0 \u00a0})<\/script><\/strong><\/span><\/p>\n<p><strong><span style=\"color: #ff6600;\"><a style=\"color: #ff6600;\" href=\"#Contact Us\"><img decoding=\"async\" loading=\"lazy\" class=\"alignnone wp-image-2661\" title=\"PDF\" src=\"https:\/\/www.backvita.com\/wp-content\/uploads\/2023\/10\/pdf-300x300.png\" alt=\"PDF\" width=\"75\" height=\"75\" srcset=\"https:\/\/www.backvita.com\/wp-content\/uploads\/2023\/10\/pdf-300x300.png 300w, https:\/\/www.backvita.com\/wp-content\/uploads\/2023\/10\/pdf-150x150.png 150w, https:\/\/www.backvita.com\/wp-content\/uploads\/2023\/10\/pdf-100x100.png 100w, https:\/\/www.backvita.com\/wp-content\/uploads\/2023\/10\/pdf.png 512w\" sizes=\"(max-width: 75px) 100vw, 75px\" \/><\/a><a class=\"aaa\" style=\"cursor: pointer; color: #ff6600;\">Request[ TDS,COA, MSDS,MOA&#8230; ]<\/a><script src=\"https:\/\/cdn.staticfile.org\/jquery\/1.7\/jquery.min.js\"><\/script><script>$('.aaa').click(function(){\n\u00a0 \u00a0 \u00a0 \u00a0 $(\".wc-tabs li\").removeClass('active')\n\u00a0 \u00a0 \u00a0 \u00a0 $(\".wc-tabs li\").eq(0).addClass('active')\nvar o = $(\".wc-tabs li\").eq(0).closest(\".wc-tabs-wrapper, .woocommerce-tabs\");\no.find(\".wc-tab, .panel:not(.panel .panel)\").hide(),\n o.find(\"#\" + $(\".wc-tabs li a\").attr(\"href\").split(\"#\")[1]).show()\n\u00a0 \u00a0 \u00a0 \u00a0 window.location.href=\"#Contact Us\"\n\u00a0 \u00a0})<\/script><\/span><\/strong><\/p>\n","category_list":"","author_info":{"name":"","url":""},"comments_num":"0 comments","_links":{"self":[{"href":"https:\/\/www.backvita.com\/es\/wp-json\/wp\/v2\/product\/2910"}],"collection":[{"href":"https:\/\/www.backvita.com\/es\/wp-json\/wp\/v2\/product"}],"about":[{"href":"https:\/\/www.backvita.com\/es\/wp-json\/wp\/v2\/types\/product"}],"wp:featuredmedia":[{"embeddable":true,"href":"https:\/\/www.backvita.com\/es\/wp-json\/wp\/v2\/media\/2815"}],"wp:attachment":[{"href":"https:\/\/www.backvita.com\/es\/wp-json\/wp\/v2\/media?parent=2910"}],"wp:term":[{"taxonomy":"product_cat","embeddable":true,"href":"https:\/\/www.backvita.com\/es\/wp-json\/wp\/v2\/product_cat?post=2910"},{"taxonomy":"product_tag","embeddable":true,"href":"https:\/\/www.backvita.com\/es\/wp-json\/wp\/v2\/product_tag?post=2910"}],"curies":[{"name":"wp","href":"https:\/\/api.w.org\/{rel}","templated":true}]}}