{"id":2911,"date":"2023-11-04T14:42:43","date_gmt":"2023-11-04T06:42:43","guid":{"rendered":"https:\/\/www.backvita.com\/?post_type=product&#038;p=2911"},"modified":"2024-02-07T11:52:34","modified_gmt":"2024-02-07T03:52:34","slug":"polygonum-extract-resveratrol-suppliers-polygonum-extract-resveratrol-manufacturers-polygonum-extract-resveratrol-factory-free-sample","status":"publish","type":"product","link":"https:\/\/www.backvita.com\/es\/product\/polygonum-extracto-resveratrol-proveedores-polygonum-extracto-resveratrol-fabricantes-polygonum-extracto-resveratrol-muestra-gratis-de-fabrica\/","title":{"rendered":"Polygonum Extract Resveratrol proveedores Polygonum Extract Resveratrol fabricantes Polygonum Extract Resveratrol muestra gratis de f\u00e1brica"},"content":{"rendered":"<div class=\"fl-col-group fl-node-636dbf7118c6b\" data-node=\"636dbf7118c6b\">\n<div class=\"fl-col fl-node-636dbf7118cae\" data-node=\"636dbf7118cae\">\n<div class=\"fl-col-content fl-node-content\">\n<div class=\"fl-module fl-module-rich-text fl-node-636dbf7118ced\" data-node=\"636dbf7118ced\" data-animation-delay=\"0.0\">\n<div class=\"fl-module-content fl-node-content\">\n<div class=\"fl-rich-text\">\n<div class=\"content_box\">\n<h2>Extracto de Polygonum Cuspidatum Resveratrol Introducci\u00f3n<\/h2>\n<\/div>\n<p><strong>Resveratrol-\u00a0<\/strong>(Polygonum cuspidatum extracto)-fue extra\u00eddo de la ra\u00edz seca y tallo de Polygonum cuspidatum Sieb. et Zucc. Para obtener el extracto crudo resveratrol50%, luego disuelto en etanol y disolventes de agua y purificado y recristalizado por resina para obtener el trans-Resveratrol 98% por encima de la base seca.<\/p>\n<table style=\"height: 217px;\" width=\"1291\">\n<tbody>\n<tr>\n<td width=\"219\"><strong>Nombre del producto<\/strong><\/td>\n<td width=\"466\">Extracto de Polygonum Resveratrol<\/td>\n<\/tr>\n<tr>\n<td><strong>N\u00ba CAS<\/strong><\/td>\n<td>501-36-0<\/td>\n<\/tr>\n<tr>\n<td><strong>Nombre latino<\/strong><\/td>\n<td>Reynoutria japonica Houtt<\/td>\n<\/tr>\n<tr>\n<td><strong>Apariencia<\/strong><\/td>\n<td>polvo blanco<\/td>\n<\/tr>\n<tr>\n<td><strong>Especificaciones<\/strong><\/td>\n<td>Resveratrol en polvo 50%, Resveratrol en polvo 98%, Trans-Resveratrol 98%<\/td>\n<\/tr>\n<tr>\n<td><strong>Pakage<\/strong><\/td>\n<td>1kg\/saco, 25kg\/bid\u00f3n<\/td>\n<\/tr>\n<tr>\n<td><strong>Almacenamiento<\/strong><\/td>\n<td>Proteger de la humedad y evitar el almacenamiento ligero y herm\u00e9tico.<\/td>\n<\/tr>\n<tr>\n<td><strong>M\u00e9todo de ensayo<\/strong><\/td>\n<td>HPLC<\/td>\n<\/tr>\n<\/tbody>\n<\/table>\n<p>&nbsp;<\/p>\n<\/div>\n<\/div>\n<\/div>\n<\/div>\n<\/div>\n<\/div>\n<div class=\"fl-col-group fl-node-636dbf7118d4e fl-col-group-equal-height fl-col-group-align-center\" data-node=\"636dbf7118d4e\">\n<div class=\"fl-col fl-node-636dbf7118d90\" data-node=\"636dbf7118d90\">\n<div class=\"fl-col-content fl-node-content\">\n<div class=\"fl-module fl-module-rich-text fl-node-636dbf7118e0f\" data-node=\"636dbf7118e0f\" data-animation-delay=\"0.0\">\n<div class=\"fl-module-content fl-node-content\">\n<div class=\"fl-rich-text\">\n<div class=\"content_box\">\n<h2>Especificaciones principales de Polygonum Cuspidatum Extract Resveratrol<\/h2>\n<\/div>\n<p>Resveratrol en polvo 50% HPLC<br \/>\nResveratrol en polvo 98% HPLC<br \/>\nTrans-Resveratrol 98% HPLC<\/p>\n<p>&nbsp;<\/p>\n<h2 id=\"gtx-trans\">Beneficios del extracto de Polygonum Cuspidatum Resveratrol<\/h2>\n<\/div>\n<\/div>\n<\/div>\n<\/div>\n<\/div>\n<\/div>\n<div class=\"fl-col-group fl-node-636dbf7118e8c\" data-node=\"636dbf7118e8c\">\n<div class=\"fl-col fl-node-636dbf7118ed7\" data-node=\"636dbf7118ed7\">\n<div class=\"fl-col-content fl-node-content\">\n<div class=\"fl-module fl-module-rich-text fl-node-636dbf7118f3a\" data-node=\"636dbf7118f3a\" data-animation-delay=\"0.0\">\n<div class=\"fl-module-content fl-node-content\">\n<div class=\"fl-rich-text\">\n<p>El resveratrol puede activar la acetilasa, antienvejecimiento y prolongar la vida .<br \/>\nPrevenci\u00f3n y tratamiento de enfermedades cardiovasculares, control y reducci\u00f3n del riesgo de enfermedades cardiovasculares.<br \/>\nEl resveratrol tambi\u00e9n tiene actividades antibacterianas, antioxidantes, inmunomoduladoras, antiasm\u00e1ticas y otras actividades biol\u00f3gicas.<br \/>\nEl resveratrol tiene un efecto inhibidor significativo sobre las c\u00e9lulas de melanoma, actividad anticancer\u00edgena y antitumoral.<\/p>\n<p>&nbsp;<\/p>\n<\/div>\n<\/div>\n<\/div>\n<\/div>\n<\/div>\n<\/div>\n<h2><\/h2>\n<h2 style=\"text-align: left;\"><strong>Especificaci\u00f3n (TDS) de Polygonum Extract Resveratrol 98%<\/strong><\/h2>\n<table style=\"height: 1657px;\" width=\"1357\">\n<tbody>\n<tr>\n<td colspan=\"2\" width=\"263\"><strong>An\u00e1lisis<\/strong><\/td>\n<td width=\"269\"><strong>Especificaciones<\/strong><\/td>\n<td width=\"189\"><strong>M\u00e9todos<\/strong><\/td>\n<\/tr>\n<tr>\n<td colspan=\"4\" width=\"721\"><strong>Identificaciones<\/strong><\/td>\n<\/tr>\n<tr>\n<td width=\"259\"><strong>A. HPTLC<\/strong><\/td>\n<td colspan=\"3\" width=\"462\">La muestra presenta bandas principales similares en posici\u00f3n y color a la soluci\u00f3n patr\u00f3n.<\/td>\n<\/tr>\n<tr>\n<td width=\"259\"><strong>B. HPLC<\/strong><\/td>\n<td colspan=\"3\" width=\"462\">El tiempo de retenci\u00f3n de la muestra coincide con el est\u00e1ndar en la prueba de pureza HPLC.<\/td>\n<\/tr>\n<tr>\n<td colspan=\"4\" width=\"721\"><strong>Pruebas de principios activos<\/strong><\/td>\n<\/tr>\n<tr>\n<td colspan=\"2\" width=\"263\"><strong>Resveratrol<\/strong><\/td>\n<td width=\"269\">\u226598.00%<\/td>\n<td width=\"189\">HPLC<\/td>\n<\/tr>\n<tr>\n<td colspan=\"4\" width=\"721\"><strong>Pruebas f\u00edsicas<\/strong><\/td>\n<\/tr>\n<tr>\n<td colspan=\"2\" width=\"263\"><strong>Apariencia<\/strong><\/td>\n<td width=\"269\">Polvo fino entre blanquecino y blanco<\/td>\n<td width=\"189\">Visual<\/td>\n<\/tr>\n<tr>\n<td colspan=\"2\" width=\"263\"><strong>Olor<\/strong><\/td>\n<td width=\"269\">Caracter\u00edstica<\/td>\n<td width=\"189\">Organol\u00e9ptico<\/td>\n<\/tr>\n<tr>\n<td colspan=\"2\" width=\"263\"><strong>Pruebe<\/strong><\/td>\n<td width=\"269\">Caracter\u00edstica<\/td>\n<td width=\"189\">Organol\u00e9ptico<\/td>\n<\/tr>\n<tr>\n<td colspan=\"2\" width=\"263\"><strong>Tama\u00f1o de las part\u00edculas<\/strong><\/td>\n<td width=\"269\">95% pasar 80mesh<\/td>\n<td width=\"189\">CP2020 IV<\/td>\n<\/tr>\n<tr>\n<td colspan=\"2\" width=\"263\"><strong>Densidad a granel<\/strong><\/td>\n<td width=\"269\">0,4-0,6g\/mL<\/td>\n<td width=\"189\">CP2020 IV<\/td>\n<\/tr>\n<tr>\n<td colspan=\"2\" width=\"263\"><strong>Contenido en agua<\/strong><\/td>\n<td width=\"269\">\u22640.5%<\/td>\n<td width=\"189\">CP2020 IV<\/td>\n<\/tr>\n<tr>\n<td colspan=\"2\" width=\"263\"><strong>Contenido en cenizas<\/strong><\/td>\n<td width=\"269\">\u22640.5%<\/td>\n<td width=\"189\">CP2020 IV<\/td>\n<\/tr>\n<tr>\n<td colspan=\"4\" width=\"721\"><strong>Pruebas qu\u00edmicas<\/strong><\/td>\n<\/tr>\n<tr>\n<td colspan=\"2\" width=\"263\"><strong>Metales pesados<\/strong><\/td>\n<td width=\"269\">\u226410.00ppm<\/td>\n<td width=\"189\">CP2020 IV<\/td>\n<\/tr>\n<tr>\n<td colspan=\"2\" width=\"263\"><strong>Pb<\/strong><\/td>\n<td width=\"269\">\u22642.00ppm<\/td>\n<td width=\"189\">CP2020 IV<\/td>\n<\/tr>\n<tr>\n<td colspan=\"2\" width=\"263\"><strong>As<\/strong><\/td>\n<td width=\"269\">\u22642.00ppm<\/td>\n<td width=\"189\">CP2020 IV<\/td>\n<\/tr>\n<tr>\n<td colspan=\"2\" width=\"263\"><strong>Cd<\/strong><\/td>\n<td width=\"269\">\u22641,00ppm<\/td>\n<td width=\"189\">CP2020 IV<\/td>\n<\/tr>\n<tr>\n<td colspan=\"2\" width=\"263\"><strong>Hg<\/strong><\/td>\n<td width=\"269\">\u22640,10ppm<\/td>\n<td width=\"189\">CP2020 IV<\/td>\n<\/tr>\n<tr>\n<td colspan=\"2\" width=\"263\"><strong>Residuos de metanol<\/strong><\/td>\n<td width=\"269\">\u2264500ppm<\/td>\n<td width=\"189\">CP2020 IV<\/td>\n<\/tr>\n<tr>\n<td colspan=\"2\" width=\"263\"><strong>Residuos de etanol<\/strong><\/td>\n<td width=\"269\">\u22641500ppm<\/td>\n<td width=\"189\">CP2020IV<\/td>\n<\/tr>\n<tr>\n<td colspan=\"4\" width=\"721\"><strong>Pruebas microbiol\u00f3gicas<\/strong><\/td>\n<\/tr>\n<tr>\n<td colspan=\"2\" width=\"263\"><strong>Recuento total de bacterias<\/strong><\/td>\n<td width=\"269\">\u22641.000 ufc\/g<\/td>\n<td width=\"189\">GB\/T4789.2<\/td>\n<\/tr>\n<tr>\n<td colspan=\"2\" width=\"263\"><strong>Levaduras y mohos<\/strong><\/td>\n<td width=\"269\">\u2264100cfu\/g<\/td>\n<td width=\"189\">GB\/T4789.15<\/td>\n<\/tr>\n<tr>\n<td colspan=\"2\" width=\"263\"><strong>E. Coli<\/strong><\/td>\n<td width=\"269\">Negativo<\/td>\n<td width=\"189\">GB\/T4789.38<\/td>\n<\/tr>\n<tr>\n<td colspan=\"2\" width=\"263\"><strong>Salmonella<\/strong><\/td>\n<td width=\"269\">Negativo<\/td>\n<td width=\"189\">GB\/T4789.4<\/td>\n<\/tr>\n<\/tbody>\n<\/table>\n<p>&nbsp;<\/p>\n<h2><span style=\"color: #ff9c00;\">Nuestro servicio de valor a\u00f1adido Rest Easy<\/span><\/h2>\n<p><em><strong><span style=\"color: #ff9c00;\">&gt;&gt;&gt;\u00a0 <\/span><\/strong><\/em><strong>Backvita tiene t\u00e9cnicos profesionales que pueden proporcionar documentos de apoyo t\u00e9cnico como: Normas, Especificaciones, COA, MOA,\u00a0<\/strong><strong>FDS,<\/strong><strong>Diagrama de flujo, declaraciones, cromatogramas, datos nutricionales, prueba de estabilidad, etc.<\/strong><\/p>\n<p><strong><span style=\"color: #ff9c00;\">&gt;&gt;&gt; \u00a0<\/span>Nos comprometemos a ofrecerle servicios exclusivos para que no tenga preocupaciones en la compra y venta de productos.<\/strong><\/p>\n<p><strong><span style=\"color: #ff9c00;\">&gt;&gt;&gt;<\/span>\u00a0 Nuestro equipo global de analistas de datos de comercio electr\u00f3nico cuenta con 10 a\u00f1os de experiencia en el sector de los extractos de plantas. Le proporcionar\u00e1n informes de datos sobre los pa\u00edses en los que se venden sus productos para ayudarle a tomar decisiones con conocimiento de causa. Estos informes de datos incluir\u00e1n el volumen de ventas, los canales de venta, el an\u00e1lisis de la competencia y otros datos que le ayudar\u00e1n a comprender mejor la demanda y las tendencias del mercado, optimizando as\u00ed sus estrategias de adquisici\u00f3n y venta.<\/strong><\/p>\n<p><strong><span style=\"color: #ff9c00;\">&gt;&gt;&gt;\u00a0<\/span> Adem\u00e1s de los informes de datos, tambi\u00e9n le facilitaremos peri\u00f3dicamente informaci\u00f3n sobre los productos de moda y las novedades del mercado. Esta informaci\u00f3n le ayudar\u00e1 a mantenerse al corriente de las posibles oportunidades y tendencias del mercado, y a realizar ajustes y tomar decisiones en funci\u00f3n de las demandas del mercado.<\/strong><\/p>\n<p><strong><span style=\"color: #ff9c00;\">&gt;&gt;&gt;<\/span>\u00a0 Si tiene su propia marca exclusiva, tambi\u00e9n le proporcionaremos materiales promocionales y carteles que le ayudar\u00e1n a mejorar su imagen de marca y a darse a conocer en el mercado. Nuestro equipo de dise\u00f1o dise\u00f1ar\u00e1 materiales promocionales exclusivos para su marca de acuerdo con sus necesidades y requisitos. Todos estos servicios de valor a\u00f1adido se ofrecen gratuitamente a los clientes de nuestros socios.<\/strong><\/p>\n<p><strong><span style=\"color: #ff9c00;\">&gt;&gt;&gt;<\/span>\u00a0 Nuestro objetivo es centrarnos en los clientes, ofrecerles servicios sin preocupaciones durante todo el proceso y ayudarles a conseguir un mayor rendimiento y \u00e9xito.<\/strong><\/p>\n<p><strong><span style=\"color: #ff9c00;\">&gt;&gt;&gt;<\/span>\u00a0 Si tiene alguna pregunta o necesidad especial sobre nuestros servicios de valor a\u00f1adido, no dude en ponerse en contacto con nosotros. Haremos todo lo posible para ayudarle y garantizar su satisfacci\u00f3n. Gracias de nuevo por su apoyo y atenci\u00f3n hacia nosotros, y esperamos establecer una relaci\u00f3n de cooperaci\u00f3n a largo plazo con usted.<\/strong><\/p>\n<p>&nbsp;<\/p>\n<h2>P\u00f3ngase en contacto con nosotros<a name=\"Contact Us\"><\/a><\/h2>\n\n<div class=\"wpcf7 no-js\" id=\"wpcf7-f690-o1\" lang=\"zh-CN\" dir=\"ltr\">\n<div class=\"screen-reader-response\"><p role=\"status\" aria-live=\"polite\" aria-atomic=\"true\"><\/p> <ul><\/ul><\/div>\n<form action=\"\/es\/wp-json\/wp\/v2\/product\/2911#wpcf7-f690-o1\" method=\"post\" class=\"wpcf7-form init\" aria-label=\"Contact form\" novalidate=\"novalidate\" data-status=\"init\" data-trp-original-action=\"\/es\/wp-json\/wp\/v2\/product\/2911#wpcf7-f690-o1\">\n<div style=\"display: none;\">\n<input type=\"hidden\" name=\"_wpcf7\" value=\"690\" \/>\n<input type=\"hidden\" name=\"_wpcf7_version\" value=\"5.8\" \/>\n<input type=\"hidden\" name=\"_wpcf7_locale\" value=\"zh_CN\" \/>\n<input type=\"hidden\" name=\"_wpcf7_unit_tag\" value=\"wpcf7-f690-o1\" \/>\n<input type=\"hidden\" name=\"_wpcf7_container_post\" value=\"0\" \/>\n<input type=\"hidden\" name=\"_wpcf7_posted_data_hash\" value=\"\" \/>\n<\/div>\n<p><label> *Nombre *Nombre de la empresa<br \/>\n<span class=\"wpcf7-form-control-wrap\" data-name=\"your-name\"><input size=\"40\" class=\"wpcf7-form-control wpcf7-text wpcf7-validates-as-required\" autocomplete=\"name\" aria-required=\"true\" aria-invalid=\"false\" value=\"\" type=\"text\" name=\"your-name\" \/><\/span> <\/label>\n<\/p>\n<p><label> *Correo electr\u00f3nico<br \/>\n<span class=\"wpcf7-form-control-wrap\" data-name=\"your-email\"><input size=\"40\" class=\"wpcf7-form-control wpcf7-email wpcf7-validates-as-required wpcf7-text wpcf7-validates-as-email\" autocomplete=\"email\" aria-required=\"true\" aria-invalid=\"false\" value=\"\" type=\"email\" name=\"your-email\" \/><\/span> <\/label>\n<\/p>\n<p><label> *N\u00famero de tel\u00e9fono<br \/>\n<span class=\"wpcf7-form-control-wrap\" data-name=\"your-subject\"><input size=\"40\" class=\"wpcf7-form-control wpcf7-text wpcf7-validates-as-required\" aria-required=\"true\" aria-invalid=\"false\" value=\"\" type=\"text\" name=\"your-subject\" \/><\/span> <\/label>\n<\/p>\n<p><label> *Mensaje<br \/>\n<span class=\"wpcf7-form-control-wrap\" data-name=\"your-message\"><textarea cols=\"40\" rows=\"10\" class=\"wpcf7-form-control wpcf7-textarea\" aria-invalid=\"false\" name=\"your-message\"><\/textarea><\/span> <\/label>\n<\/p>\n<p><input class=\"wpcf7-form-control wpcf7-submit has-spinner\" type=\"submit\" value=\"Enviar\" \/>\n<\/p><div class=\"wpcf7-response-output\" aria-hidden=\"true\"><\/div>\n<input type=\"hidden\" name=\"trp-form-language\" value=\"es\"\/><\/form>\n<\/div>\n\n<p>&nbsp;<\/p>","protected":false},"excerpt":{"rendered":"<p><span style=\"color: #000000;\">Extracto de Polygonum El resveratrol es un polifenol natural con fuertes propiedades biol\u00f3gicas, tambi\u00e9n conocido como triol estilbeno. Es un agente quimiopreventivo de tumores. Tambi\u00e9n es eficaz para reducir la agregaci\u00f3n plaquetaria, prevenir y tratar la aterosclerosis y las enfermedades card\u00edacas. Agentes quimiopreventivos de las enfermedades cerebrovasculares.<\/span><\/p>\n<p><span style=\"color: #ff6600;\"><a class=\"aaa\" style=\"cursor: pointer; color: #ff6600;\"><img decoding=\"async\" loading=\"lazy\" class=\"alignnone wp-image-2660\" title=\"Consulte\" src=\"https:\/\/www.backvita.com\/wp-content\/uploads\/2023\/10\/inquire-300x300.png\" alt=\"Consulte\" width=\"75\" height=\"75\" srcset=\"https:\/\/www.backvita.com\/wp-content\/uploads\/2023\/10\/inquire-300x300.png 300w, https:\/\/www.backvita.com\/wp-content\/uploads\/2023\/10\/inquire-150x150.png 150w, https:\/\/www.backvita.com\/wp-content\/uploads\/2023\/10\/inquire-100x100.png 100w, https:\/\/www.backvita.com\/wp-content\/uploads\/2023\/10\/inquire.png 512w\" sizes=\"(max-width: 75px) 100vw, 75px\" \/> <strong>Enviar una consulta<\/strong><\/a><strong><script src=\"https:\/\/cdn.staticfile.org\/jquery\/1.7\/jquery.min.js\"><\/script><script>$('.aaa').click(function(){\n\u00a0 \u00a0 \u00a0 \u00a0 $(\".wc-tabs li\").removeClass('active')\n\u00a0 \u00a0 \u00a0 \u00a0 $(\".wc-tabs li\").eq(0).addClass('active')\nvar o = $(\".wc-tabs li\").eq(0).closest(\".wc-tabs-wrapper, .woocommerce-tabs\");\no.find(\".wc-tab, .panel:not(.panel .panel)\").hide(),\n o.find(\"#\" + $(\".wc-tabs li a\").attr(\"href\").split(\"#\")[1]).show()\n\u00a0 \u00a0 \u00a0 \u00a0 window.location.href=\"#Contact Us\"\n\u00a0 \u00a0})<\/script><\/strong><\/span><\/p>\n<p><strong><span style=\"color: #ff6600;\"><a style=\"color: #ff6600;\" href=\"#Contact Us\"><img decoding=\"async\" loading=\"lazy\" class=\"alignnone wp-image-2661\" title=\"PDF\" src=\"https:\/\/www.backvita.com\/wp-content\/uploads\/2023\/10\/pdf-300x300.png\" alt=\"PDF\" width=\"74\" height=\"74\" srcset=\"https:\/\/www.backvita.com\/wp-content\/uploads\/2023\/10\/pdf-300x300.png 300w, https:\/\/www.backvita.com\/wp-content\/uploads\/2023\/10\/pdf-150x150.png 150w, https:\/\/www.backvita.com\/wp-content\/uploads\/2023\/10\/pdf-100x100.png 100w, https:\/\/www.backvita.com\/wp-content\/uploads\/2023\/10\/pdf.png 512w\" sizes=\"(max-width: 74px) 100vw, 74px\" \/><\/a><a class=\"aaa\" style=\"cursor: pointer; color: #ff6600;\">Solicitud[ TDS,COA, MSDS,MOA... ]<\/a><script src=\"https:\/\/cdn.staticfile.org\/jquery\/1.7\/jquery.min.js\"><\/script><script>$('.aaa').click(function(){\n\u00a0 \u00a0 \u00a0 \u00a0 $(\".wc-tabs li\").removeClass('active')\n\u00a0 \u00a0 \u00a0 \u00a0 $(\".wc-tabs li\").eq(0).addClass('active')\nvar o = $(\".wc-tabs li\").eq(0).closest(\".wc-tabs-wrapper, .woocommerce-tabs\");\no.find(\".wc-tab, .panel:not(.panel .panel)\").hide(),\n o.find(\"#\" + $(\".wc-tabs li a\").attr(\"href\").split(\"#\")[1]).show()\n\u00a0 \u00a0 \u00a0 \u00a0 window.location.href=\"#Contact Us\"\n\u00a0 \u00a0})<\/script><\/span><\/strong><\/p>","protected":false},"featured_media":2931,"template":"","meta":{"_seopress_robots_primary_cat":"none","_seopress_titles_title":"Polygonum Extract Resveratrol  suppliers Polygonum Extract Resveratrol  manufacturers Polygonum Extract Resveratrol  factory free sample","_seopress_titles_desc":"Polygonum Extract Resveratrol is a natural polyphenol with strong biological properties, also known as stilbene triol. It is a chemopreventive agent for tumors. It is also effective in reducing platelet aggregation, preventing and treating atherosclerosis and heart disease. Chemopreventive agents for cerebrovascular disease.","_seopress_robots_index":""},"product_cat":[22,50],"product_tag":[901,893,900,898,891,894,899,908,895,896,897,887,888,889,913,912,909,907,906,902,903,890,910,914,915,911,916,904,905,892],"featured_image_urls":{"full":["https:\/\/www.backvita.com\/wp-content\/uploads\/2023\/11\/Resveratrol-1.webp",456,442,false],"thumbnail":["https:\/\/www.backvita.com\/wp-content\/uploads\/2023\/11\/Resveratrol-1-150x150.webp",150,150,true],"medium":["https:\/\/www.backvita.com\/wp-content\/uploads\/2023\/11\/Resveratrol-1-300x291.webp",300,291,true],"medium_large":["https:\/\/www.backvita.com\/wp-content\/uploads\/2023\/11\/Resveratrol-1.webp",456,442,false],"large":["https:\/\/www.backvita.com\/wp-content\/uploads\/2023\/11\/Resveratrol-1.webp",456,442,false],"1536x1536":["https:\/\/www.backvita.com\/wp-content\/uploads\/2023\/11\/Resveratrol-1.webp",456,442,false],"2048x2048":["https:\/\/www.backvita.com\/wp-content\/uploads\/2023\/11\/Resveratrol-1.webp",456,442,false],"trp-custom-language-flag":["https:\/\/www.backvita.com\/wp-content\/uploads\/2023\/11\/Resveratrol-1.webp",12,12,false],"woocommerce_thumbnail":["https:\/\/www.backvita.com\/wp-content\/uploads\/2023\/11\/Resveratrol-1-300x300.webp",300,300,true],"woocommerce_single":["https:\/\/www.backvita.com\/wp-content\/uploads\/2023\/11\/Resveratrol-1.webp",456,442,false],"woocommerce_gallery_thumbnail":["https:\/\/www.backvita.com\/wp-content\/uploads\/2023\/11\/Resveratrol-1-100x100.webp",100,100,true]},"post_excerpt_stackable":"<p><span style=\"color: #000000;\">Polygonum Extract Resveratrol is a natural polyphenol with strong biological properties, also known as stilbene triol. It is a chemopreventive agent for tumors. It is also effective in reducing platelet aggregation, preventing and treating atherosclerosis and heart disease. Chemopreventive agents for cerebrovascular disease.<\/span><\/p>\n<p><span style=\"color: #ff6600;\"><a class=\"aaa\" style=\"cursor: pointer; color: #ff6600;\"><img decoding=\"async\" loading=\"lazy\" class=\"alignnone wp-image-2660\" title=\"Iquire\" src=\"https:\/\/www.backvita.com\/wp-content\/uploads\/2023\/10\/inquire-300x300.png\" alt=\"Iquire\" width=\"75\" height=\"75\" srcset=\"https:\/\/www.backvita.com\/wp-content\/uploads\/2023\/10\/inquire-300x300.png 300w, https:\/\/www.backvita.com\/wp-content\/uploads\/2023\/10\/inquire-150x150.png 150w, https:\/\/www.backvita.com\/wp-content\/uploads\/2023\/10\/inquire-100x100.png 100w, https:\/\/www.backvita.com\/wp-content\/uploads\/2023\/10\/inquire.png 512w\" sizes=\"(max-width: 75px) 100vw, 75px\" \/> <strong>Send an Inquiry<\/strong><\/a><strong><script src=\"https:\/\/cdn.staticfile.org\/jquery\/1.7\/jquery.min.js\"><\/script><script>$('.aaa').click(function(){\n\u00a0 \u00a0 \u00a0 \u00a0 $(\".wc-tabs li\").removeClass('active')\n\u00a0 \u00a0 \u00a0 \u00a0 $(\".wc-tabs li\").eq(0).addClass('active')\nvar o = $(\".wc-tabs li\").eq(0).closest(\".wc-tabs-wrapper, .woocommerce-tabs\");\no.find(\".wc-tab, .panel:not(.panel .panel)\").hide(),\n o.find(\"#\" + $(\".wc-tabs li a\").attr(\"href\").split(\"#\")[1]).show()\n\u00a0 \u00a0 \u00a0 \u00a0 window.location.href=\"#Contact Us\"\n\u00a0 \u00a0})<\/script><\/strong><\/span><\/p>\n<p><strong><span style=\"color: #ff6600;\"><a style=\"color: #ff6600;\" href=\"#Contact Us\"><img decoding=\"async\" loading=\"lazy\" class=\"alignnone wp-image-2661\" title=\"PDF\" src=\"https:\/\/www.backvita.com\/wp-content\/uploads\/2023\/10\/pdf-300x300.png\" alt=\"PDF\" width=\"74\" height=\"74\" srcset=\"https:\/\/www.backvita.com\/wp-content\/uploads\/2023\/10\/pdf-300x300.png 300w, https:\/\/www.backvita.com\/wp-content\/uploads\/2023\/10\/pdf-150x150.png 150w, https:\/\/www.backvita.com\/wp-content\/uploads\/2023\/10\/pdf-100x100.png 100w, https:\/\/www.backvita.com\/wp-content\/uploads\/2023\/10\/pdf.png 512w\" sizes=\"(max-width: 74px) 100vw, 74px\" \/><\/a><a class=\"aaa\" style=\"cursor: pointer; color: #ff6600;\">Request[ TDS,COA, MSDS,MOA&#8230; ]<\/a><script src=\"https:\/\/cdn.staticfile.org\/jquery\/1.7\/jquery.min.js\"><\/script><script>$('.aaa').click(function(){\n\u00a0 \u00a0 \u00a0 \u00a0 $(\".wc-tabs li\").removeClass('active')\n\u00a0 \u00a0 \u00a0 \u00a0 $(\".wc-tabs li\").eq(0).addClass('active')\nvar o = $(\".wc-tabs li\").eq(0).closest(\".wc-tabs-wrapper, .woocommerce-tabs\");\no.find(\".wc-tab, .panel:not(.panel .panel)\").hide(),\n o.find(\"#\" + $(\".wc-tabs li a\").attr(\"href\").split(\"#\")[1]).show()\n\u00a0 \u00a0 \u00a0 \u00a0 window.location.href=\"#Contact Us\"\n\u00a0 \u00a0})<\/script><\/span><\/strong><\/p>\n","category_list":"","author_info":{"name":"","url":""},"comments_num":"0 comments","_links":{"self":[{"href":"https:\/\/www.backvita.com\/es\/wp-json\/wp\/v2\/product\/2911"}],"collection":[{"href":"https:\/\/www.backvita.com\/es\/wp-json\/wp\/v2\/product"}],"about":[{"href":"https:\/\/www.backvita.com\/es\/wp-json\/wp\/v2\/types\/product"}],"wp:featuredmedia":[{"embeddable":true,"href":"https:\/\/www.backvita.com\/es\/wp-json\/wp\/v2\/media\/2931"}],"wp:attachment":[{"href":"https:\/\/www.backvita.com\/es\/wp-json\/wp\/v2\/media?parent=2911"}],"wp:term":[{"taxonomy":"product_cat","embeddable":true,"href":"https:\/\/www.backvita.com\/es\/wp-json\/wp\/v2\/product_cat?post=2911"},{"taxonomy":"product_tag","embeddable":true,"href":"https:\/\/www.backvita.com\/es\/wp-json\/wp\/v2\/product_tag?post=2911"}],"curies":[{"name":"wp","href":"https:\/\/api.w.org\/{rel}","templated":true}]}}