{"id":2917,"date":"2023-11-04T14:50:28","date_gmt":"2023-11-04T06:50:28","guid":{"rendered":"https:\/\/www.backvita.com\/?post_type=product&#038;p=2917"},"modified":"2024-03-06T16:48:56","modified_gmt":"2024-03-06T08:48:56","slug":"curcumin-supplier-turmeric-root-p-e-100-natural-curcuminoids-c14","status":"publish","type":"product","link":"https:\/\/www.backvita.com\/es\/product\/curcumina-proveedor-raiz-de-curcuma-p-e-100-curcuminoides-naturales-c14\/","title":{"rendered":"Proveedor de curcumina Ra\u00edz de c\u00farcuma P.E. 100% Curcuminoides naturales C14"},"content":{"rendered":"<div class=\"fl-col-group fl-node-636b050ee8059\" data-node=\"636b050ee8059\">\n<div class=\"fl-col fl-node-636b050ee8098\" data-node=\"636b050ee8098\">\n<div class=\"fl-col-content fl-node-content\">\n<div class=\"fl-module fl-module-rich-text fl-node-636b050ee80d6\" data-node=\"636b050ee80d6\" data-animation-delay=\"0.0\">\n<div class=\"fl-module-content fl-node-content\">\n<div class=\"fl-rich-text\">\n<div class=\"content_box\">\n<h2>Extracto de ra\u00edz de c\u00farcuma Curcumina proveedores Extracto de ra\u00edz de c\u00farcuma Curcumina fabricantes Extracto de ra\u00edz de c\u00farcuma Curcumina muestra gratis de f\u00e1brica<\/h2>\n<\/div>\n<p>El ser humano utiliza la c\u00farcuma desde hace m\u00e1s de 4.000 a\u00f1os. Pertenece a la familia del jengibre y es la fuente del color amarillo que se encuentra en el curry. La c\u00farcuma se utilizaba en la antigua medicina india y china para tratar enfermedades inflamatorias, proteger el h\u00edgado, enfermedades de la piel y heridas, era conocida como Aspirina Herbal por la poblaci\u00f3n local. El Extracto de C\u00farcuma tambi\u00e9n conocido como Extracto de Curcuma Longa es un extracto en polvo de la ra\u00edz seca de la hierba Curcuma longa L. con extracci\u00f3n de etanol, concentraci\u00f3n, purificaci\u00f3n, separaci\u00f3n y otros procesos, contiene NLT 95% Curcuminoides como la suma de curcumina, desmetoxicurcumina y bisdesmetoxicurcumina. Contiene NLT 70,0% y NMT 80,0% de curcumina, NLT 15,0% y NMT 25,0% de desmetoxicurcumina, y NLT 2,5% y NMT 6,5% de bisdesmetoxicurcumina seg\u00fan la norma USP. Es un polvo cristalino anaranjado con un sabor ligeramente amargo. Insoluble en agua. Es un aditivo alimentario habitual como colorante natural en aplicaciones alimentarias, y un buen ingrediente antiinflamatorio en aplicaciones de productos para la salud.<\/p>\n<\/div>\n<h2>Nuestra curcumina 95 ha sido probada con carbono 14<\/h2>\n<div class=\"fl-rich-text\">\n<table style=\"height: 211px;\" width=\"1292\">\n<tbody>\n<tr>\n<td width=\"219\"><strong>Nombre del producto<\/strong><\/td>\n<td width=\"466\">Extracto de ra\u00edz de c\u00farcuma Curcumina<\/td>\n<\/tr>\n<tr>\n<td><strong>N\u00ba CAS<\/strong><\/td>\n<td>458-37-7<\/td>\n<\/tr>\n<tr>\n<td><strong>Nombre latino<\/strong><\/td>\n<td>C\u00farcuma longa L.<\/td>\n<\/tr>\n<tr>\n<td><strong>Apariencia<\/strong><\/td>\n<td>polvo amarillo<\/td>\n<\/tr>\n<tr>\n<td><strong>Especificaciones<\/strong><\/td>\n<td>Curcumina 95% HPLC<br \/>\nCurcuminoides 95% HPLC<br \/>\nCurcumina soluble en agua 10% HPLC<br \/>\nOleorresina de curcumina<br \/>\nCurcumina de calidad alimentaria 10% HPLC<\/td>\n<\/tr>\n<tr>\n<td><strong>Pakage<\/strong><\/td>\n<td>1kg\/saco, 25kg\/bid\u00f3n<\/td>\n<\/tr>\n<tr>\n<td><strong>Almacenamiento<\/strong><\/td>\n<td>Proteger de la humedad y evitar el almacenamiento ligero y herm\u00e9tico.<\/td>\n<\/tr>\n<tr>\n<td><strong>M\u00e9todo de ensayo<\/strong><\/td>\n<td>HPLC<\/td>\n<\/tr>\n<\/tbody>\n<\/table>\n<p>&nbsp;<\/p>\n<\/div>\n<\/div>\n<\/div>\n<\/div>\n<\/div>\n<\/div>\n<div class=\"fl-col-group fl-node-636b050ee8113 fl-col-group-equal-height fl-col-group-align-center\" data-node=\"636b050ee8113\">\n<div class=\"fl-col fl-node-636b050ee8151\" data-node=\"636b050ee8151\">\n<div class=\"fl-col-content fl-node-content\">\n<div class=\"fl-module fl-module-rich-text fl-node-636b050ee81d4\" data-node=\"636b050ee81d4\" data-animation-delay=\"0.0\">\n<div class=\"fl-module-content fl-node-content\">\n<div class=\"fl-rich-text\">\n<div class=\"content_box\">\n<h2>Especificaciones principales del extracto de c\u00farcuma curcumina<\/h2>\n<\/div>\n<p>C\u00farcuma en polvo<br \/>\nCurcumina 95% HPLC<br \/>\nCurcuminoides 95% HPLC<br \/>\nCurcumina soluble en agua 10% HPLC<br \/>\nOleorresina de curcumina<br \/>\nCurcumina de calidad alimentaria 10% HPLC<\/p>\n<p>&nbsp;<\/p>\n<\/div>\n<\/div>\n<\/div>\n<\/div>\n<\/div>\n<\/div>\n<div class=\"fl-col-group fl-node-636b050ee8251\" data-node=\"636b050ee8251\">\n<div class=\"fl-col fl-node-636b050ee828f\" data-node=\"636b050ee828f\">\n<div class=\"fl-col-content fl-node-content\">\n<div class=\"fl-module fl-module-rich-text fl-node-636b050ee82cd\" data-node=\"636b050ee82cd\" data-animation-delay=\"0.0\">\n<div class=\"fl-module-content fl-node-content\">\n<div class=\"fl-rich-text\">\n<div class=\"content_box\">\n<h2>Beneficios de la curcumina del extracto de c\u00farcuma<\/h2>\n<\/div>\n<p>Extracto de c\u00farcuma La curcumina es un potente antioxidante, con una capacidad similar a la de la vitamina E y la vitamina C.<br \/>\nExtracto de c\u00farcuma La curcumina presenta propiedades antiinflamatorias al inhibir los factores proinflamatorios.<br \/>\nExtracto de c\u00farcuma Los curcuminoides se utilizaron como aditivos alimentarios naturales para el pigmento de color amarillo.<br \/>\nEl factor proinflamatorio de la curcumina protege el da\u00f1o hep\u00e1tico y biliar, como antiresaca.<\/p>\n<p>&nbsp;<\/p>\n<\/div>\n<\/div>\n<\/div>\n<\/div>\n<\/div>\n<\/div>\n<h2 style=\"text-align: left;\"><strong>Especificaci\u00f3n (TDS) del extracto de ra\u00edz de c\u00farcuma Curcumina<\/strong><\/h2>\n<table style=\"height: 1826px;\" width=\"1361\">\n<tbody>\n<tr>\n<td width=\"212\"><strong>An\u00e1lisis<\/strong><\/td>\n<td width=\"320\"><strong>Especificaciones<\/strong><\/td>\n<td width=\"189\"><strong>M\u00e9todos<\/strong><\/td>\n<\/tr>\n<tr>\n<td colspan=\"3\" width=\"721\"><strong>Identificaciones<\/strong><\/td>\n<\/tr>\n<tr>\n<td width=\"212\"><strong>A. TLC<\/strong><\/td>\n<td colspan=\"2\" width=\"509\">La soluci\u00f3n de muestra presenta bandas principales similares en posici\u00f3n y color a la soluci\u00f3n patr\u00f3n.<\/td>\n<\/tr>\n<tr>\n<td width=\"212\"><strong>B. HPLC<\/strong><\/td>\n<td colspan=\"2\" width=\"509\">El tiempo de retenci\u00f3n de la muestra coincide con el est\u00e1ndar en la prueba de pureza HPLC.<\/td>\n<\/tr>\n<tr>\n<td colspan=\"3\" width=\"721\"><strong>Pruebas de principios activos<\/strong><\/td>\n<\/tr>\n<tr>\n<td width=\"212\"><strong>Curcuminoides (HPLC)<\/strong><\/td>\n<td width=\"320\">\u226595.00%<\/td>\n<td width=\"189\">USP43<\/td>\n<\/tr>\n<tr>\n<td width=\"212\"><strong>Curcumina (HPLC)<\/strong><\/td>\n<td width=\"320\">70%-80%<\/td>\n<td width=\"189\">USP43<\/td>\n<\/tr>\n<tr>\n<td width=\"212\"><strong>Desmetoxicurcumina (HPLC)<\/strong><\/td>\n<td width=\"320\">15%-25%<\/td>\n<td width=\"189\">USP43<\/td>\n<\/tr>\n<tr>\n<td width=\"212\"><strong>Bisdesmetoxicurcumina (HPLC)<\/strong><\/td>\n<td width=\"320\">2.5%-6.5%<\/td>\n<td width=\"189\">USP43<\/td>\n<\/tr>\n<tr>\n<td colspan=\"3\" width=\"721\"><strong>Pruebas f\u00edsicas<\/strong><\/td>\n<\/tr>\n<tr>\n<td width=\"212\"><strong>Apariencia<\/strong><\/td>\n<td width=\"320\">Polvo fino entre amarillo y naranja<\/td>\n<td width=\"189\">Visual<\/td>\n<\/tr>\n<tr>\n<td width=\"212\"><strong>Olor<\/strong><\/td>\n<td width=\"320\">Caracter\u00edstica<\/td>\n<td width=\"189\">Organol\u00e9ptico<\/td>\n<\/tr>\n<tr>\n<td width=\"212\"><strong>Pruebe<\/strong><\/td>\n<td width=\"320\">Caracter\u00edstica<\/td>\n<td width=\"189\">Organol\u00e9ptico<\/td>\n<\/tr>\n<tr>\n<td width=\"212\"><strong>Tama\u00f1o de las part\u00edculas<\/strong><\/td>\n<td width=\"320\">98% pasar 80mesh<\/td>\n<td width=\"189\">USP43<\/td>\n<\/tr>\n<tr>\n<td width=\"212\"><strong>P\u00e9rdida por secado<\/strong><\/td>\n<td width=\"320\">\u22642.00%<\/td>\n<td width=\"189\">USP43<\/td>\n<\/tr>\n<tr>\n<td width=\"212\"><strong>Residuos en el encendido<\/strong><\/td>\n<td width=\"320\">\u22641.00%<\/td>\n<td width=\"189\">USP43<\/td>\n<\/tr>\n<tr>\n<td colspan=\"3\" width=\"721\"><strong>Pruebas qu\u00edmicas<\/strong><\/td>\n<\/tr>\n<tr>\n<td width=\"212\"><strong>Metales pesados<\/strong><\/td>\n<td width=\"320\">\u226410.00ppm<\/td>\n<td width=\"189\">USP43<\/td>\n<\/tr>\n<tr>\n<td width=\"212\"><strong>Pb<\/strong><\/td>\n<td width=\"320\">\u22643.00ppm<\/td>\n<td width=\"189\">USP43<\/td>\n<\/tr>\n<tr>\n<td width=\"212\"><strong>As<\/strong><\/td>\n<td width=\"320\">\u22642.00ppm<\/td>\n<td width=\"189\">USP43<\/td>\n<\/tr>\n<tr>\n<td width=\"212\"><strong>Cd<\/strong><\/td>\n<td width=\"320\">\u22641,00ppm<\/td>\n<td width=\"189\">USP43<\/td>\n<\/tr>\n<tr>\n<td width=\"212\"><strong>Hg<\/strong><\/td>\n<td width=\"320\">\u22640,10ppm<\/td>\n<td width=\"189\">USP43<\/td>\n<\/tr>\n<tr>\n<td width=\"212\"><strong>Disolventes residuales<\/strong><\/td>\n<td width=\"320\">USP<\/td>\n<td width=\"189\">USP43<\/td>\n<\/tr>\n<tr>\n<td width=\"212\"><strong>Residuos de plaguicidas<\/strong><\/td>\n<td width=\"320\">USP<\/td>\n<td width=\"189\">USP43<\/td>\n<\/tr>\n<tr>\n<td colspan=\"3\" width=\"721\"><strong>Pruebas microbiol\u00f3gicas<\/strong><\/td>\n<\/tr>\n<tr>\n<td width=\"212\"><strong>Recuento total de bacterias<\/strong><\/td>\n<td width=\"320\">\u226410.000 ufc\/g<\/td>\n<td width=\"189\">USP43<\/td>\n<\/tr>\n<tr>\n<td width=\"212\"><strong>Levaduras y mohos<\/strong><\/td>\n<td width=\"320\">\u22641.000 ufc\/g<\/td>\n<td width=\"189\">USP43<\/td>\n<\/tr>\n<tr>\n<td width=\"212\"><strong>E. Coli<\/strong><\/td>\n<td width=\"320\">Negativo en 1g<\/td>\n<td width=\"189\">USP43<\/td>\n<\/tr>\n<tr>\n<td width=\"212\"><strong>Salmonella<\/strong><\/td>\n<td width=\"320\">Negativo en 10g<\/td>\n<td width=\"189\">USP43<\/td>\n<\/tr>\n<\/tbody>\n<\/table>\n<p>&nbsp;<\/p>\n<h2><span style=\"color: #ff9c00;\">Nuestro servicio de valor a\u00f1adido Rest Easy<\/span><\/h2>\n<p><em><strong><span style=\"color: #ff9c00;\">&gt;&gt;&gt;\u00a0 <\/span><\/strong><\/em><strong>Backvita tiene t\u00e9cnicos profesionales que pueden proporcionar documentos de apoyo t\u00e9cnico como: Normas, Especificaciones, COA, MOA,\u00a0<\/strong><strong>FDS,<\/strong><strong>Diagrama de flujo, declaraciones, cromatogramas, datos nutricionales, prueba de estabilidad, etc.<\/strong><\/p>\n<p><strong><span style=\"color: #ff9c00;\">&gt;&gt;&gt; \u00a0<\/span>Nos comprometemos a ofrecerle servicios exclusivos para que no tenga preocupaciones en la compra y venta de productos.<\/strong><\/p>\n<p><strong><span style=\"color: #ff9c00;\">&gt;&gt;&gt;<\/span>\u00a0 Nuestro equipo global de analistas de datos de comercio electr\u00f3nico cuenta con 10 a\u00f1os de experiencia en el sector de los extractos de plantas. Le proporcionar\u00e1n informes de datos sobre los pa\u00edses en los que se venden sus productos para ayudarle a tomar decisiones con conocimiento de causa. Estos informes de datos incluir\u00e1n el volumen de ventas, los canales de venta, el an\u00e1lisis de la competencia y otros datos que le ayudar\u00e1n a comprender mejor la demanda y las tendencias del mercado, optimizando as\u00ed sus estrategias de adquisici\u00f3n y venta.<\/strong><\/p>\n<p><strong><span style=\"color: #ff9c00;\">&gt;&gt;&gt;\u00a0<\/span> Adem\u00e1s de los informes de datos, tambi\u00e9n le facilitaremos peri\u00f3dicamente informaci\u00f3n sobre los productos de moda y las novedades del mercado. Esta informaci\u00f3n le ayudar\u00e1 a mantenerse al corriente de las posibles oportunidades y tendencias del mercado, y a realizar ajustes y tomar decisiones en funci\u00f3n de las demandas del mercado.<\/strong><\/p>\n<p><strong><span style=\"color: #ff9c00;\">&gt;&gt;&gt;<\/span>\u00a0 Si tiene su propia marca exclusiva, tambi\u00e9n le proporcionaremos materiales promocionales y carteles que le ayudar\u00e1n a mejorar su imagen de marca y a darse a conocer en el mercado. Nuestro equipo de dise\u00f1o dise\u00f1ar\u00e1 materiales promocionales exclusivos para su marca de acuerdo con sus necesidades y requisitos. Todos estos servicios de valor a\u00f1adido se ofrecen gratuitamente a los clientes de nuestros socios.<\/strong><\/p>\n<p><strong><span style=\"color: #ff9c00;\">&gt;&gt;&gt;<\/span>\u00a0 Nuestro objetivo es centrarnos en los clientes, ofrecerles servicios sin preocupaciones durante todo el proceso y ayudarles a conseguir un mayor rendimiento y \u00e9xito.<\/strong><\/p>\n<p><strong><span style=\"color: #ff9c00;\">&gt;&gt;&gt;<\/span>\u00a0 Si tiene alguna pregunta o necesidad especial sobre nuestros servicios de valor a\u00f1adido, no dude en ponerse en contacto con nosotros. Haremos todo lo posible para ayudarle y garantizar su satisfacci\u00f3n. Gracias de nuevo por su apoyo y atenci\u00f3n hacia nosotros, y esperamos establecer una relaci\u00f3n de cooperaci\u00f3n a largo plazo con usted.<\/strong><\/p>\n<p>&nbsp;<\/p>\n<h2>P\u00f3ngase en contacto con nosotros<a name=\"Contact Us\"><\/a><\/h2>\n\n<div class=\"wpcf7 no-js\" id=\"wpcf7-f690-o1\" lang=\"zh-CN\" dir=\"ltr\">\n<div class=\"screen-reader-response\"><p role=\"status\" aria-live=\"polite\" aria-atomic=\"true\"><\/p> <ul><\/ul><\/div>\n<form action=\"\/es\/wp-json\/wp\/v2\/product\/2917#wpcf7-f690-o1\" method=\"post\" class=\"wpcf7-form init\" aria-label=\"Contact form\" novalidate=\"novalidate\" data-status=\"init\" data-trp-original-action=\"\/es\/wp-json\/wp\/v2\/product\/2917#wpcf7-f690-o1\">\n<div style=\"display: none;\">\n<input type=\"hidden\" name=\"_wpcf7\" value=\"690\" \/>\n<input type=\"hidden\" name=\"_wpcf7_version\" value=\"5.8\" \/>\n<input type=\"hidden\" name=\"_wpcf7_locale\" value=\"zh_CN\" \/>\n<input type=\"hidden\" name=\"_wpcf7_unit_tag\" value=\"wpcf7-f690-o1\" \/>\n<input type=\"hidden\" name=\"_wpcf7_container_post\" value=\"0\" \/>\n<input type=\"hidden\" name=\"_wpcf7_posted_data_hash\" value=\"\" \/>\n<\/div>\n<p><label> *Nombre *Nombre de la empresa<br \/>\n<span class=\"wpcf7-form-control-wrap\" data-name=\"your-name\"><input size=\"40\" class=\"wpcf7-form-control wpcf7-text wpcf7-validates-as-required\" autocomplete=\"name\" aria-required=\"true\" aria-invalid=\"false\" value=\"\" type=\"text\" name=\"your-name\" \/><\/span> <\/label>\n<\/p>\n<p><label> *Correo electr\u00f3nico<br \/>\n<span class=\"wpcf7-form-control-wrap\" data-name=\"your-email\"><input size=\"40\" class=\"wpcf7-form-control wpcf7-email wpcf7-validates-as-required wpcf7-text wpcf7-validates-as-email\" autocomplete=\"email\" aria-required=\"true\" aria-invalid=\"false\" value=\"\" type=\"email\" name=\"your-email\" \/><\/span> <\/label>\n<\/p>\n<p><label> *N\u00famero de tel\u00e9fono<br \/>\n<span class=\"wpcf7-form-control-wrap\" data-name=\"your-subject\"><input size=\"40\" class=\"wpcf7-form-control wpcf7-text wpcf7-validates-as-required\" aria-required=\"true\" aria-invalid=\"false\" value=\"\" type=\"text\" name=\"your-subject\" \/><\/span> <\/label>\n<\/p>\n<p><label> *Mensaje<br \/>\n<span class=\"wpcf7-form-control-wrap\" data-name=\"your-message\"><textarea cols=\"40\" rows=\"10\" class=\"wpcf7-form-control wpcf7-textarea\" aria-invalid=\"false\" name=\"your-message\"><\/textarea><\/span> <\/label>\n<\/p>\n<p><input class=\"wpcf7-form-control wpcf7-submit has-spinner\" type=\"submit\" value=\"Enviar\" \/>\n<\/p><div class=\"wpcf7-response-output\" aria-hidden=\"true\"><\/div>\n<input type=\"hidden\" name=\"trp-form-language\" value=\"es\"\/><\/form>\n<\/div>\n\n<p>&nbsp;<\/p>","protected":false},"excerpt":{"rendered":"<p><span style=\"color: #000000;\">Extracto de ra\u00edz de c\u00farcuma La curcumina es un polifenol extra\u00eddo por los cient\u00edficos de la c\u00farcuma.Es un antioxidante eficaz con dos funciones principales: antiinflamatoria y antioxidante.<\/span><\/p>\n<p><span style=\"color: #ff6600;\"><a class=\"aaa\" style=\"cursor: pointer; color: #ff6600;\"><img decoding=\"async\" loading=\"lazy\" class=\"alignnone wp-image-2660\" title=\"Consulte\" src=\"https:\/\/www.backvita.com\/wp-content\/uploads\/2023\/10\/inquire-300x300.png\" alt=\"Consulte\" width=\"75\" height=\"75\" srcset=\"https:\/\/www.backvita.com\/wp-content\/uploads\/2023\/10\/inquire-300x300.png 300w, https:\/\/www.backvita.com\/wp-content\/uploads\/2023\/10\/inquire-150x150.png 150w, https:\/\/www.backvita.com\/wp-content\/uploads\/2023\/10\/inquire-100x100.png 100w, https:\/\/www.backvita.com\/wp-content\/uploads\/2023\/10\/inquire.png 512w\" sizes=\"(max-width: 75px) 100vw, 75px\" \/> <span style=\"color: #ff6600;\"><strong>Enviar una consulta<\/strong><\/span><\/a><strong><script src=\"https:\/\/cdn.staticfile.org\/jquery\/1.7\/jquery.min.js\"><\/script><script>$('.aaa').click(function(){\n\u00a0 \u00a0 \u00a0 \u00a0 $(\".wc-tabs li\").removeClass('active')\n\u00a0 \u00a0 \u00a0 \u00a0 $(\".wc-tabs li\").eq(0).addClass('active')\nvar o = $(\".wc-tabs li\").eq(0).closest(\".wc-tabs-wrapper, .woocommerce-tabs\");\no.find(\".wc-tab, .panel:not(.panel .panel)\").hide(),\n o.find(\"#\" + $(\".wc-tabs li a\").attr(\"href\").split(\"#\")[1]).show()\n\u00a0 \u00a0 \u00a0 \u00a0 window.location.href=\"#Contact Us\"\n\u00a0 \u00a0})<\/script><\/strong><\/span><\/p>\n<p><span style=\"color: #ff6600;\"><strong><a style=\"color: #ff6600;\" href=\"#Contact Us\"><img decoding=\"async\" loading=\"lazy\" class=\"alignnone wp-image-2661\" title=\"PDF\" src=\"https:\/\/www.backvita.com\/wp-content\/uploads\/2023\/10\/pdf-300x300.png\" alt=\"PDF\" width=\"75\" height=\"75\" srcset=\"https:\/\/www.backvita.com\/wp-content\/uploads\/2023\/10\/pdf-300x300.png 300w, https:\/\/www.backvita.com\/wp-content\/uploads\/2023\/10\/pdf-150x150.png 150w, https:\/\/www.backvita.com\/wp-content\/uploads\/2023\/10\/pdf-100x100.png 100w, https:\/\/www.backvita.com\/wp-content\/uploads\/2023\/10\/pdf.png 512w\" sizes=\"(max-width: 75px) 100vw, 75px\" \/><\/a><a class=\"aaa\" style=\"cursor: pointer; color: #ff6600;\">Solicitud[ TDS,COA, MSDS,MOA... ]<\/a><script src=\"https:\/\/cdn.staticfile.org\/jquery\/1.7\/jquery.min.js\"><\/script><script>$('.aaa').click(function(){\n\u00a0 \u00a0 \u00a0 \u00a0 $(\".wc-tabs li\").removeClass('active')\n\u00a0 \u00a0 \u00a0 \u00a0 $(\".wc-tabs li\").eq(0).addClass('active')\nvar o = $(\".wc-tabs li\").eq(0).closest(\".wc-tabs-wrapper, .woocommerce-tabs\");\no.find(\".wc-tab, .panel:not(.panel .panel)\").hide(),\n o.find(\"#\" + $(\".wc-tabs li a\").attr(\"href\").split(\"#\")[1]).show()\n\u00a0 \u00a0 \u00a0 \u00a0 window.location.href=\"#Contact Us\"\n\u00a0 \u00a0})<\/script><\/strong><\/span><\/p>","protected":false},"featured_media":2836,"template":"","meta":{"_seopress_robots_primary_cat":"none","_seopress_titles_title":"Turmeric Root Extract Curcumin  suppliers Turmeric Root Extract Curcumin manufacturers Turmeric Root Extract Curcumin factory free sample","_seopress_titles_desc":"Turmeric Root Extract  Curcumin is a polyphenol extracted by scientists from turmeric.It is an effective antioxidant with two major functions: anti-inflammatory and antioxidant.","_seopress_robots_index":""},"product_cat":[32,49],"product_tag":[1316,1308,1315,1313,1306,1304,1328,1327,1323,1324,1322,1321,1317,1318,1305,1325,1329,1330,1326,1331,1319,1320,1309,1314,1310,1312,1311,1302,1303,1307],"featured_image_urls":{"full":["https:\/\/www.backvita.com\/wp-content\/uploads\/2023\/10\/Turmeric-Extract-Curcumin.webp",445,366,false],"thumbnail":["https:\/\/www.backvita.com\/wp-content\/uploads\/2023\/10\/Turmeric-Extract-Curcumin-150x150.webp",150,150,true],"medium":["https:\/\/www.backvita.com\/wp-content\/uploads\/2023\/10\/Turmeric-Extract-Curcumin-300x247.webp",300,247,true],"medium_large":["https:\/\/www.backvita.com\/wp-content\/uploads\/2023\/10\/Turmeric-Extract-Curcumin.webp",445,366,false],"large":["https:\/\/www.backvita.com\/wp-content\/uploads\/2023\/10\/Turmeric-Extract-Curcumin.webp",445,366,false],"1536x1536":["https:\/\/www.backvita.com\/wp-content\/uploads\/2023\/10\/Turmeric-Extract-Curcumin.webp",445,366,false],"2048x2048":["https:\/\/www.backvita.com\/wp-content\/uploads\/2023\/10\/Turmeric-Extract-Curcumin.webp",445,366,false],"trp-custom-language-flag":["https:\/\/www.backvita.com\/wp-content\/uploads\/2023\/10\/Turmeric-Extract-Curcumin.webp",15,12,false],"woocommerce_thumbnail":["https:\/\/www.backvita.com\/wp-content\/uploads\/2023\/10\/Turmeric-Extract-Curcumin-300x300.webp",300,300,true],"woocommerce_single":["https:\/\/www.backvita.com\/wp-content\/uploads\/2023\/10\/Turmeric-Extract-Curcumin.webp",445,366,false],"woocommerce_gallery_thumbnail":["https:\/\/www.backvita.com\/wp-content\/uploads\/2023\/10\/Turmeric-Extract-Curcumin-100x100.webp",100,100,true]},"post_excerpt_stackable":"<p><span style=\"color: #000000;\">Turmeric Root Extract Curcumin is a polyphenol extracted by scientists from turmeric.It is an effective antioxidant with two major functions: anti-inflammatory and antioxidant.<\/span><\/p>\n<p><span style=\"color: #ff6600;\"><a class=\"aaa\" style=\"cursor: pointer; color: #ff6600;\"><img decoding=\"async\" loading=\"lazy\" class=\"alignnone wp-image-2660\" title=\"Iquire\" src=\"https:\/\/www.backvita.com\/wp-content\/uploads\/2023\/10\/inquire-300x300.png\" alt=\"Iquire\" width=\"75\" height=\"75\" srcset=\"https:\/\/www.backvita.com\/wp-content\/uploads\/2023\/10\/inquire-300x300.png 300w, https:\/\/www.backvita.com\/wp-content\/uploads\/2023\/10\/inquire-150x150.png 150w, https:\/\/www.backvita.com\/wp-content\/uploads\/2023\/10\/inquire-100x100.png 100w, https:\/\/www.backvita.com\/wp-content\/uploads\/2023\/10\/inquire.png 512w\" sizes=\"(max-width: 75px) 100vw, 75px\" \/> <span style=\"color: #ff6600;\"><strong>Send an Inquiry<\/strong><\/span><\/a><strong><script src=\"https:\/\/cdn.staticfile.org\/jquery\/1.7\/jquery.min.js\"><\/script><script>$('.aaa').click(function(){\n\u00a0 \u00a0 \u00a0 \u00a0 $(\".wc-tabs li\").removeClass('active')\n\u00a0 \u00a0 \u00a0 \u00a0 $(\".wc-tabs li\").eq(0).addClass('active')\nvar o = $(\".wc-tabs li\").eq(0).closest(\".wc-tabs-wrapper, .woocommerce-tabs\");\no.find(\".wc-tab, .panel:not(.panel .panel)\").hide(),\n o.find(\"#\" + $(\".wc-tabs li a\").attr(\"href\").split(\"#\")[1]).show()\n\u00a0 \u00a0 \u00a0 \u00a0 window.location.href=\"#Contact Us\"\n\u00a0 \u00a0})<\/script><\/strong><\/span><\/p>\n<p><span style=\"color: #ff6600;\"><strong><a style=\"color: #ff6600;\" href=\"#Contact Us\"><img decoding=\"async\" loading=\"lazy\" class=\"alignnone wp-image-2661\" title=\"PDF\" src=\"https:\/\/www.backvita.com\/wp-content\/uploads\/2023\/10\/pdf-300x300.png\" alt=\"PDF\" width=\"75\" height=\"75\" srcset=\"https:\/\/www.backvita.com\/wp-content\/uploads\/2023\/10\/pdf-300x300.png 300w, https:\/\/www.backvita.com\/wp-content\/uploads\/2023\/10\/pdf-150x150.png 150w, https:\/\/www.backvita.com\/wp-content\/uploads\/2023\/10\/pdf-100x100.png 100w, https:\/\/www.backvita.com\/wp-content\/uploads\/2023\/10\/pdf.png 512w\" sizes=\"(max-width: 75px) 100vw, 75px\" \/><\/a><a class=\"aaa\" style=\"cursor: pointer; color: #ff6600;\">Request[ TDS,COA, MSDS,MOA&#8230; ]<\/a><script src=\"https:\/\/cdn.staticfile.org\/jquery\/1.7\/jquery.min.js\"><\/script><script>$('.aaa').click(function(){\n\u00a0 \u00a0 \u00a0 \u00a0 $(\".wc-tabs li\").removeClass('active')\n\u00a0 \u00a0 \u00a0 \u00a0 $(\".wc-tabs li\").eq(0).addClass('active')\nvar o = $(\".wc-tabs li\").eq(0).closest(\".wc-tabs-wrapper, .woocommerce-tabs\");\no.find(\".wc-tab, .panel:not(.panel .panel)\").hide(),\n o.find(\"#\" + $(\".wc-tabs li a\").attr(\"href\").split(\"#\")[1]).show()\n\u00a0 \u00a0 \u00a0 \u00a0 window.location.href=\"#Contact Us\"\n\u00a0 \u00a0})<\/script><\/strong><\/span><\/p>\n","category_list":"","author_info":{"name":"","url":""},"comments_num":"0 comments","_links":{"self":[{"href":"https:\/\/www.backvita.com\/es\/wp-json\/wp\/v2\/product\/2917"}],"collection":[{"href":"https:\/\/www.backvita.com\/es\/wp-json\/wp\/v2\/product"}],"about":[{"href":"https:\/\/www.backvita.com\/es\/wp-json\/wp\/v2\/types\/product"}],"wp:featuredmedia":[{"embeddable":true,"href":"https:\/\/www.backvita.com\/es\/wp-json\/wp\/v2\/media\/2836"}],"wp:attachment":[{"href":"https:\/\/www.backvita.com\/es\/wp-json\/wp\/v2\/media?parent=2917"}],"wp:term":[{"taxonomy":"product_cat","embeddable":true,"href":"https:\/\/www.backvita.com\/es\/wp-json\/wp\/v2\/product_cat?post=2917"},{"taxonomy":"product_tag","embeddable":true,"href":"https:\/\/www.backvita.com\/es\/wp-json\/wp\/v2\/product_tag?post=2917"}],"curies":[{"name":"wp","href":"https:\/\/api.w.org\/{rel}","templated":true}]}}