{"id":2918,"date":"2023-11-04T14:50:53","date_gmt":"2023-11-04T06:50:53","guid":{"rendered":"https:\/\/www.backvita.com\/?post_type=product&#038;p=2918"},"modified":"2024-02-07T11:33:24","modified_gmt":"2024-02-07T03:33:24","slug":"spirulina-extract-phycocyanin-suppliers-spirulina-extract-phycocyanin-manufacturers-spirulina-extract-phycocyanin-factory-free-sample","status":"publish","type":"product","link":"https:\/\/www.backvita.com\/es\/product\/extracto-de-espirulina-ficocianina-proveedores-extracto-de-espirulina-ficocianina-fabricantes-extracto-de-espirulina-ficocianina-muestra-gratis-de-fabrica\/","title":{"rendered":"Espirulina Extracto Ficocianina proveedores Espirulina Extracto Ficocianina fabricantes Espirulina Extracto Ficocianina muestra gratis de f\u00e1brica"},"content":{"rendered":"<h2>Extracto de espirulina Ficocianina Introducci\u00f3n<\/h2>\n<p><strong>Extracto de espirulina (ficocianina)<\/strong>hecho por de platensis salvaje o humano cultivado spirulina o spirulina maxima por extracci\u00f3n, separaci\u00f3n, purificaci\u00f3n y otro proceso entonces recibe un pigmento azul natural de spirulina contiene NLT 25% phycocyanin principalmente para potenciador de prote\u00ednas y colorante azul natural y el rango de valor de color de E6~E40.and contiene Phycocyanin como el principalcoloring componentes del extracto de Spirulina.<\/p>\n<table style=\"height: 216px;\" width=\"1311\">\n<tbody>\n<tr>\n<td width=\"219\"><strong>Nombre del producto<\/strong><\/td>\n<td width=\"466\">Extracto de espirulina Ficocianina<\/td>\n<\/tr>\n<tr>\n<td><strong>N\u00ba CAS<\/strong><\/td>\n<td>11016-15-2<\/td>\n<\/tr>\n<tr>\n<td><strong>Nombre latino<\/strong><\/td>\n<td>Arthrospira pla tensis<\/td>\n<\/tr>\n<tr>\n<td><strong>Apariencia<\/strong><\/td>\n<td>Polvo azul<\/td>\n<\/tr>\n<tr>\n<td><strong>Especificaciones<\/strong><\/td>\n<td>E6, E10,E12, E18, E25,E40<\/td>\n<\/tr>\n<tr>\n<td><strong>Pakage<\/strong><\/td>\n<td>1kg\/saco, 25kg\/bid\u00f3n<\/td>\n<\/tr>\n<tr>\n<td><strong>Almacenamiento<\/strong><\/td>\n<td>Proteger de la humedad y evitar el almacenamiento ligero y herm\u00e9tico.<\/td>\n<\/tr>\n<tr>\n<td><strong>M\u00e9todo de ensayo<\/strong><\/td>\n<td>PCR<\/td>\n<\/tr>\n<\/tbody>\n<\/table>\n<h2><\/h2>\n<h2>Especificaciones principales del extracto de espirulina ficocianina<\/h2>\n<p>Extracto de espirulina Ficocianina E6<br \/>\nExtracto de espirulina Ficocianina E10<br \/>\nExtracto de espirulina Ficocianina E12<br \/>\nExtracto de espirulina Ficocianina E18<br \/>\nExtracto de espirulina Ficocianina E25<br \/>\nExtracto de espirulina Ficocianina E40<\/p>\n<p>&nbsp;<\/p>\n<h2>Beneficios de la ficocianina del extracto de espirulina<\/h2>\n<p>La ficocianina del extracto de espirulina es un pigmento azul natural que puede utilizarse como colorante alimentario y aditivo cosm\u00e9tico.<br \/>\nEl extracto de espirulina Phycocyanin tiene la funci\u00f3n de promover la inmunidad y combatir las enfermedades.<br \/>\nEl extracto de espirulina Phycocyanin tiene funciones anticancer\u00edgenas, antitumorales, antioxidantes y de eliminaci\u00f3n de radicales libres.<br \/>\nLa ficocianina del extracto de espirulina puede utilizarse como agente fluorescente especial para experimentos biol\u00f3gicos y qu\u00edmicos.<\/p>\n<p>&nbsp;<\/p>\n<h2>Usos comunes del extracto de espirulina Ficocianina<\/h2>\n<div>El extracto de espirulina puede utilizarse en una amplia gama de alimentos y bebidas, como productos l\u00e1cteos aromatizados, queso, postres l\u00e1cteos, frutas y verduras procesadas, productos de panader\u00eda y mezclas para hornear, bebidas alcoh\u00f3licas y no alcoh\u00f3licas y bases de bebidas, cereales para el desayuno, productos de cacao, productos de confiter\u00eda (incluidos caramelos blandos y duros y chicles), ovoproductos, salsas, hierbas y especias, condimentos y sopas y mezclas para sopas, as\u00ed como en suplementos nutricionales y productos farmac\u00e9uticos.<\/div>\n<div><\/div>\n<h2 style=\"text-align: left;\">Especificaci\u00f3n de la ficocianina del extracto de espirulina<\/h2>\n<table style=\"height: 1429px;\" width=\"1362\">\n<tbody>\n<tr>\n<td width=\"251\"><strong>An\u00e1lisis<\/strong><\/td>\n<td width=\"263\"><strong>Especificaciones<\/strong><\/td>\n<td width=\"175\"><strong>M\u00e9todos<\/strong><\/td>\n<\/tr>\n<tr>\n<td colspan=\"3\" width=\"690\"><strong>Pruebas de principios activos<\/strong><\/td>\n<\/tr>\n<tr>\n<td width=\"251\"><strong>Color Value(10%E618nm)<\/strong><\/td>\n<td width=\"263\">\u2265E18.0<\/td>\n<td width=\"175\">GB1886.309 A.A3<\/td>\n<\/tr>\n<tr>\n<td width=\"251\"><strong>Ficocianina<\/strong><\/td>\n<td width=\"263\">\u226530.00%<\/td>\n<td width=\"175\">SN\/T1113<\/td>\n<\/tr>\n<tr>\n<td colspan=\"3\" width=\"690\"><strong>Pruebas f\u00edsicas<\/strong><\/td>\n<\/tr>\n<tr>\n<td width=\"251\"><strong>Apariencia<\/strong><\/td>\n<td width=\"263\">Polvo fino azul<\/td>\n<td width=\"175\">Visual<\/td>\n<\/tr>\n<tr>\n<td width=\"251\"><strong>Olor y sabor<\/strong><\/td>\n<td width=\"263\">Caracter\u00edstica<\/td>\n<td width=\"175\">Organol\u00e9ptico<\/td>\n<\/tr>\n<tr>\n<td width=\"251\"><strong>Tama\u00f1o de las part\u00edculas<\/strong><\/td>\n<td width=\"263\">98% pasar 80mesh<\/td>\n<td width=\"175\">Ch.P 2020 IV<\/td>\n<\/tr>\n<tr>\n<td width=\"251\"><strong>Valor pH<\/strong><\/td>\n<td width=\"263\">5.5-6.5<\/td>\n<td width=\"175\">GB 5009.237<\/td>\n<\/tr>\n<tr>\n<td width=\"251\"><strong>Densidad aparente<\/strong><\/td>\n<td width=\"263\">0,3-0,45g\/mL<\/td>\n<td width=\"175\">GB 5009.2<\/td>\n<\/tr>\n<tr>\n<td width=\"251\"><strong>Agua<\/strong><\/td>\n<td width=\"263\">\u22648.00%<\/td>\n<td width=\"175\">GB 5009.3<\/td>\n<\/tr>\n<tr>\n<td width=\"251\"><strong>Contenido de ceniza<\/strong><\/td>\n<td width=\"263\">\u22645.00%<\/td>\n<td width=\"175\">GB 5009.4<\/td>\n<\/tr>\n<tr>\n<td colspan=\"3\" width=\"690\"><strong>Pruebas qu\u00edmicas<\/strong><\/td>\n<\/tr>\n<tr>\n<td width=\"251\"><strong>Metales pesados<\/strong><\/td>\n<td width=\"263\">\u226420ppm<\/td>\n<td width=\"175\">GB\/T 5009.11<\/td>\n<\/tr>\n<tr>\n<td width=\"251\"><strong>Ars\u00e9nico<\/strong><\/td>\n<td width=\"263\">\u22642.00ppm<\/td>\n<td width=\"175\">GB\/T 5009.11<\/td>\n<\/tr>\n<tr>\n<td width=\"251\"><strong>Plomo<\/strong><\/td>\n<td width=\"263\">\u22642.00ppm<\/td>\n<td width=\"175\">GB\/T 5009.12<\/td>\n<\/tr>\n<tr>\n<td width=\"251\"><strong>Cadmio<\/strong><\/td>\n<td width=\"263\">\u22640,50ppm<\/td>\n<td width=\"175\">GB\/T 5009.15<\/td>\n<\/tr>\n<tr>\n<td width=\"251\"><strong>Mercurio<\/strong><\/td>\n<td width=\"263\">\u22641,00ppm<\/td>\n<td width=\"175\">GB\/T 5009.17<\/td>\n<\/tr>\n<tr>\n<td colspan=\"3\" width=\"690\"><strong>Pruebas microbiol\u00f3gicas<\/strong><\/td>\n<\/tr>\n<tr>\n<td width=\"251\"><strong>Recuento total de bacterias<\/strong><\/td>\n<td width=\"263\">\u22641.000 ufc\/g<\/td>\n<td width=\"175\">GB\/T 4789.2<\/td>\n<\/tr>\n<tr>\n<td width=\"251\"><strong>Levaduras y mohos<\/strong><\/td>\n<td width=\"263\">\u2264100cfu\/g<\/td>\n<td width=\"175\">GB\/T 4789.15<\/td>\n<\/tr>\n<tr>\n<td width=\"251\"><strong>Coliformes<\/strong><\/td>\n<td width=\"263\">\u226490 MPN\/100g<\/td>\n<td width=\"175\">GB\/T 4789.3<\/td>\n<\/tr>\n<tr>\n<td width=\"251\"><strong>E. Coli<\/strong><\/td>\n<td width=\"263\">Negativo<\/td>\n<td width=\"175\">GB\/T 4789.38<\/td>\n<\/tr>\n<tr>\n<td width=\"251\"><strong>Salmonella<\/strong><\/td>\n<td width=\"263\">Negativo<\/td>\n<td width=\"175\">GB\/T 4789.4<\/td>\n<\/tr>\n<\/tbody>\n<\/table>\n<p>&nbsp;<\/p>\n<h2><span style=\"color: #ff9c00;\">Nuestro servicio de valor a\u00f1adido Rest Easy<\/span><\/h2>\n<p><em><strong><span style=\"color: #ff9c00;\">&gt;&gt;&gt;\u00a0 <\/span><\/strong><\/em><strong>Backvita tiene t\u00e9cnicos profesionales que pueden proporcionar documentos de apoyo t\u00e9cnico como: Normas, Especificaciones, COA, MOA,\u00a0<\/strong><strong>FDS,<\/strong><strong>Diagrama de flujo, declaraciones, cromatogramas, datos nutricionales, prueba de estabilidad, etc.<\/strong><\/p>\n<p><strong><span style=\"color: #ff9c00;\">&gt;&gt;&gt; \u00a0<\/span>Nos comprometemos a ofrecerle servicios exclusivos para que no tenga preocupaciones en la compra y venta de productos.<\/strong><\/p>\n<p><strong><span style=\"color: #ff9c00;\">&gt;&gt;&gt;<\/span>\u00a0 Nuestro equipo global de analistas de datos de comercio electr\u00f3nico cuenta con 10 a\u00f1os de experiencia en el sector de los extractos de plantas. Le proporcionar\u00e1n informes de datos sobre los pa\u00edses en los que se venden sus productos para ayudarle a tomar decisiones con conocimiento de causa. Estos informes de datos incluir\u00e1n el volumen de ventas, los canales de venta, el an\u00e1lisis de la competencia y otros datos que le ayudar\u00e1n a comprender mejor la demanda y las tendencias del mercado, optimizando as\u00ed sus estrategias de adquisici\u00f3n y venta.<\/strong><\/p>\n<p><strong><span style=\"color: #ff9c00;\">&gt;&gt;&gt;\u00a0<\/span> Adem\u00e1s de los informes de datos, tambi\u00e9n le facilitaremos peri\u00f3dicamente informaci\u00f3n sobre los productos de moda y las novedades del mercado. Esta informaci\u00f3n le ayudar\u00e1 a mantenerse al corriente de las posibles oportunidades y tendencias del mercado, y a realizar ajustes y tomar decisiones en funci\u00f3n de las demandas del mercado.<\/strong><\/p>\n<p><strong><span style=\"color: #ff9c00;\">&gt;&gt;&gt;<\/span>\u00a0 Si tiene su propia marca exclusiva, tambi\u00e9n le proporcionaremos materiales promocionales y carteles que le ayudar\u00e1n a mejorar su imagen de marca y a darse a conocer en el mercado. Nuestro equipo de dise\u00f1o dise\u00f1ar\u00e1 materiales promocionales exclusivos para su marca de acuerdo con sus necesidades y requisitos. Todos estos servicios de valor a\u00f1adido se ofrecen gratuitamente a los clientes de nuestros socios.<\/strong><\/p>\n<p><strong><span style=\"color: #ff9c00;\">&gt;&gt;&gt;<\/span>\u00a0 Nuestro objetivo es centrarnos en los clientes, ofrecerles servicios sin preocupaciones durante todo el proceso y ayudarles a conseguir un mayor rendimiento y \u00e9xito.<\/strong><\/p>\n<p><strong><span style=\"color: #ff9c00;\">&gt;&gt;&gt;<\/span>\u00a0 Si tiene alguna pregunta o necesidad especial sobre nuestros servicios de valor a\u00f1adido, no dude en ponerse en contacto con nosotros. Haremos todo lo posible para ayudarle y garantizar su satisfacci\u00f3n. Gracias de nuevo por su apoyo y atenci\u00f3n hacia nosotros, y esperamos establecer una relaci\u00f3n de cooperaci\u00f3n a largo plazo con usted.<\/strong><\/p>\n<p>&nbsp;<\/p>\n<h2>P\u00f3ngase en contacto con nosotros<a name=\"Contact Us\"><\/a><\/h2>\n\n<div class=\"wpcf7 no-js\" id=\"wpcf7-f690-o1\" lang=\"zh-CN\" dir=\"ltr\">\n<div class=\"screen-reader-response\"><p role=\"status\" aria-live=\"polite\" aria-atomic=\"true\"><\/p> <ul><\/ul><\/div>\n<form action=\"\/es\/wp-json\/wp\/v2\/product\/2918#wpcf7-f690-o1\" method=\"post\" class=\"wpcf7-form init\" aria-label=\"Contact form\" novalidate=\"novalidate\" data-status=\"init\" data-trp-original-action=\"\/es\/wp-json\/wp\/v2\/product\/2918#wpcf7-f690-o1\">\n<div style=\"display: none;\">\n<input type=\"hidden\" name=\"_wpcf7\" value=\"690\" \/>\n<input type=\"hidden\" name=\"_wpcf7_version\" value=\"5.8\" \/>\n<input type=\"hidden\" name=\"_wpcf7_locale\" value=\"zh_CN\" \/>\n<input type=\"hidden\" name=\"_wpcf7_unit_tag\" value=\"wpcf7-f690-o1\" \/>\n<input type=\"hidden\" name=\"_wpcf7_container_post\" value=\"0\" \/>\n<input type=\"hidden\" name=\"_wpcf7_posted_data_hash\" value=\"\" \/>\n<\/div>\n<p><label> *Nombre *Nombre de la empresa<br \/>\n<span class=\"wpcf7-form-control-wrap\" data-name=\"your-name\"><input size=\"40\" class=\"wpcf7-form-control wpcf7-text wpcf7-validates-as-required\" autocomplete=\"name\" aria-required=\"true\" aria-invalid=\"false\" value=\"\" type=\"text\" name=\"your-name\" \/><\/span> <\/label>\n<\/p>\n<p><label> *Correo electr\u00f3nico<br \/>\n<span class=\"wpcf7-form-control-wrap\" data-name=\"your-email\"><input size=\"40\" class=\"wpcf7-form-control wpcf7-email wpcf7-validates-as-required wpcf7-text wpcf7-validates-as-email\" autocomplete=\"email\" aria-required=\"true\" aria-invalid=\"false\" value=\"\" type=\"email\" name=\"your-email\" \/><\/span> <\/label>\n<\/p>\n<p><label> *N\u00famero de tel\u00e9fono<br \/>\n<span class=\"wpcf7-form-control-wrap\" data-name=\"your-subject\"><input size=\"40\" class=\"wpcf7-form-control wpcf7-text wpcf7-validates-as-required\" aria-required=\"true\" aria-invalid=\"false\" value=\"\" type=\"text\" name=\"your-subject\" \/><\/span> <\/label>\n<\/p>\n<p><label> *Mensaje<br \/>\n<span class=\"wpcf7-form-control-wrap\" data-name=\"your-message\"><textarea cols=\"40\" rows=\"10\" class=\"wpcf7-form-control wpcf7-textarea\" aria-invalid=\"false\" name=\"your-message\"><\/textarea><\/span> <\/label>\n<\/p>\n<p><input class=\"wpcf7-form-control wpcf7-submit has-spinner\" type=\"submit\" value=\"Enviar\" \/>\n<\/p><div class=\"wpcf7-response-output\" aria-hidden=\"true\"><\/div>\n<input type=\"hidden\" name=\"trp-form-language\" value=\"es\"\/><\/form>\n<\/div>\n\n<p>&nbsp;<\/p>\n<p>&nbsp;<\/p>","protected":false},"excerpt":{"rendered":"<p><span style=\"color: #000000;\">Extracto de Spirulina Ficocianina como el principal componente colorante del extracto de Spirulina. Phycocyanin es una prote\u00edna de pigmento fotosint\u00e9tico especial que puede reparar el da\u00f1o corporal causado por la radiaci\u00f3n.mejorar significativamente la resistencia del cuerpo a la radiaci\u00f3n.<\/span><\/p>\n<p><span style=\"color: #ff6600;\"><a class=\"aaa\" style=\"cursor: pointer; color: #ff6600;\"><img decoding=\"async\" loading=\"lazy\" class=\"alignnone wp-image-2660\" title=\"Consulte\" src=\"https:\/\/www.backvita.com\/wp-content\/uploads\/2023\/10\/inquire-300x300.png\" alt=\"Consulte\" width=\"75\" height=\"75\" srcset=\"https:\/\/www.backvita.com\/wp-content\/uploads\/2023\/10\/inquire-300x300.png 300w, https:\/\/www.backvita.com\/wp-content\/uploads\/2023\/10\/inquire-150x150.png 150w, https:\/\/www.backvita.com\/wp-content\/uploads\/2023\/10\/inquire-100x100.png 100w, https:\/\/www.backvita.com\/wp-content\/uploads\/2023\/10\/inquire.png 512w\" sizes=\"(max-width: 75px) 100vw, 75px\" \/> <strong>Enviar una consulta<\/strong><\/a><strong><script src=\"https:\/\/cdn.staticfile.org\/jquery\/1.7\/jquery.min.js\"><\/script><script>$('.aaa').click(function(){\n\u00a0 \u00a0 \u00a0 \u00a0 $(\".wc-tabs li\").removeClass('active')\n\u00a0 \u00a0 \u00a0 \u00a0 $(\".wc-tabs li\").eq(0).addClass('active')\nvar o = $(\".wc-tabs li\").eq(0).closest(\".wc-tabs-wrapper, .woocommerce-tabs\");\no.find(\".wc-tab, .panel:not(.panel .panel)\").hide(),\n o.find(\"#\" + $(\".wc-tabs li a\").attr(\"href\").split(\"#\")[1]).show()\n\u00a0 \u00a0 \u00a0 \u00a0 window.location.href=\"#Contact Us\"\n\u00a0 \u00a0})<\/script><\/strong><\/span><\/p>\n<p><strong><span style=\"color: #ff6600;\"><a style=\"color: #ff6600;\" href=\"#Contact Us\"><img decoding=\"async\" loading=\"lazy\" class=\"alignnone wp-image-2661\" title=\"PDF\" src=\"https:\/\/www.backvita.com\/wp-content\/uploads\/2023\/10\/pdf-300x300.png\" alt=\"PDF\" width=\"75\" height=\"75\" srcset=\"https:\/\/www.backvita.com\/wp-content\/uploads\/2023\/10\/pdf-300x300.png 300w, https:\/\/www.backvita.com\/wp-content\/uploads\/2023\/10\/pdf-150x150.png 150w, https:\/\/www.backvita.com\/wp-content\/uploads\/2023\/10\/pdf-100x100.png 100w, https:\/\/www.backvita.com\/wp-content\/uploads\/2023\/10\/pdf.png 512w\" sizes=\"(max-width: 75px) 100vw, 75px\" \/><\/a><a class=\"aaa\" style=\"cursor: pointer; color: #ff6600;\">Solicitud[ TDS,COA, MSDS,MOA... ]<\/a><script src=\"https:\/\/cdn.staticfile.org\/jquery\/1.7\/jquery.min.js\"><\/script><script>$('.aaa').click(function(){\n\u00a0 \u00a0 \u00a0 \u00a0 $(\".wc-tabs li\").removeClass('active')\n\u00a0 \u00a0 \u00a0 \u00a0 $(\".wc-tabs li\").eq(0).addClass('active')\nvar o = $(\".wc-tabs li\").eq(0).closest(\".wc-tabs-wrapper, .woocommerce-tabs\");\no.find(\".wc-tab, .panel:not(.panel .panel)\").hide(),\n o.find(\"#\" + $(\".wc-tabs li a\").attr(\"href\").split(\"#\")[1]).show()\n\u00a0 \u00a0 \u00a0 \u00a0 window.location.href=\"#Contact Us\"\n\u00a0 \u00a0})<\/script><\/span><\/strong><\/p>","protected":false},"featured_media":2835,"template":"","meta":{"_seopress_robots_primary_cat":"none","_seopress_titles_title":"Spirulina Extract Phycocyanin suppliers Spirulina Extract Phycocyanin manufacturers Spirulina Extract Phycocyanin  factory free sample","_seopress_titles_desc":"Spirulina Extract Phycocyanin as the principalcoloring components of the Spirulina extract. Phycocyanin is a special photosynthetic pigment protein that can repair body damage caused by radiation.Significantly improve the body\u2019s radiation resistance","_seopress_robots_index":""},"product_cat":[32,49],"product_tag":[1286,1278,1285,1283,1276,1279,1284,1280,1282,1281,61,1298,1297,1293,1294,1292,1291,1287,1288,1275,1295,1299,1300,1296,1301,1289,1290,60,59,1274,1277],"featured_image_urls":{"full":["https:\/\/www.backvita.com\/wp-content\/uploads\/2023\/10\/Spirulina-Extract-Phycocyanin.webp",444,375,false],"thumbnail":["https:\/\/www.backvita.com\/wp-content\/uploads\/2023\/10\/Spirulina-Extract-Phycocyanin-150x150.webp",150,150,true],"medium":["https:\/\/www.backvita.com\/wp-content\/uploads\/2023\/10\/Spirulina-Extract-Phycocyanin-300x253.webp",300,253,true],"medium_large":["https:\/\/www.backvita.com\/wp-content\/uploads\/2023\/10\/Spirulina-Extract-Phycocyanin.webp",444,375,false],"large":["https:\/\/www.backvita.com\/wp-content\/uploads\/2023\/10\/Spirulina-Extract-Phycocyanin.webp",444,375,false],"1536x1536":["https:\/\/www.backvita.com\/wp-content\/uploads\/2023\/10\/Spirulina-Extract-Phycocyanin.webp",444,375,false],"2048x2048":["https:\/\/www.backvita.com\/wp-content\/uploads\/2023\/10\/Spirulina-Extract-Phycocyanin.webp",444,375,false],"trp-custom-language-flag":["https:\/\/www.backvita.com\/wp-content\/uploads\/2023\/10\/Spirulina-Extract-Phycocyanin.webp",14,12,false],"woocommerce_thumbnail":["https:\/\/www.backvita.com\/wp-content\/uploads\/2023\/10\/Spirulina-Extract-Phycocyanin-300x300.webp",300,300,true],"woocommerce_single":["https:\/\/www.backvita.com\/wp-content\/uploads\/2023\/10\/Spirulina-Extract-Phycocyanin.webp",444,375,false],"woocommerce_gallery_thumbnail":["https:\/\/www.backvita.com\/wp-content\/uploads\/2023\/10\/Spirulina-Extract-Phycocyanin-100x100.webp",100,100,true]},"post_excerpt_stackable":"<p><span style=\"color: #000000;\">Spirulina Extract Phycocyanin as the principalcoloring components of the Spirulina extract. Phycocyanin is a special photosynthetic pigment protein that can repair body damage caused by radiation.Significantly improve the body\u2019s radiation resistance.<\/span><\/p>\n<p><span style=\"color: #ff6600;\"><a class=\"aaa\" style=\"cursor: pointer; color: #ff6600;\"><img decoding=\"async\" loading=\"lazy\" class=\"alignnone wp-image-2660\" title=\"Iquire\" src=\"https:\/\/www.backvita.com\/wp-content\/uploads\/2023\/10\/inquire-300x300.png\" alt=\"Iquire\" width=\"75\" height=\"75\" srcset=\"https:\/\/www.backvita.com\/wp-content\/uploads\/2023\/10\/inquire-300x300.png 300w, https:\/\/www.backvita.com\/wp-content\/uploads\/2023\/10\/inquire-150x150.png 150w, https:\/\/www.backvita.com\/wp-content\/uploads\/2023\/10\/inquire-100x100.png 100w, https:\/\/www.backvita.com\/wp-content\/uploads\/2023\/10\/inquire.png 512w\" sizes=\"(max-width: 75px) 100vw, 75px\" \/> <strong>Send an Inquiry<\/strong><\/a><strong><script src=\"https:\/\/cdn.staticfile.org\/jquery\/1.7\/jquery.min.js\"><\/script><script>$('.aaa').click(function(){\n\u00a0 \u00a0 \u00a0 \u00a0 $(\".wc-tabs li\").removeClass('active')\n\u00a0 \u00a0 \u00a0 \u00a0 $(\".wc-tabs li\").eq(0).addClass('active')\nvar o = $(\".wc-tabs li\").eq(0).closest(\".wc-tabs-wrapper, .woocommerce-tabs\");\no.find(\".wc-tab, .panel:not(.panel .panel)\").hide(),\n o.find(\"#\" + $(\".wc-tabs li a\").attr(\"href\").split(\"#\")[1]).show()\n\u00a0 \u00a0 \u00a0 \u00a0 window.location.href=\"#Contact Us\"\n\u00a0 \u00a0})<\/script><\/strong><\/span><\/p>\n<p><strong><span style=\"color: #ff6600;\"><a style=\"color: #ff6600;\" href=\"#Contact Us\"><img decoding=\"async\" loading=\"lazy\" class=\"alignnone wp-image-2661\" title=\"PDF\" src=\"https:\/\/www.backvita.com\/wp-content\/uploads\/2023\/10\/pdf-300x300.png\" alt=\"PDF\" width=\"75\" height=\"75\" srcset=\"https:\/\/www.backvita.com\/wp-content\/uploads\/2023\/10\/pdf-300x300.png 300w, https:\/\/www.backvita.com\/wp-content\/uploads\/2023\/10\/pdf-150x150.png 150w, https:\/\/www.backvita.com\/wp-content\/uploads\/2023\/10\/pdf-100x100.png 100w, https:\/\/www.backvita.com\/wp-content\/uploads\/2023\/10\/pdf.png 512w\" sizes=\"(max-width: 75px) 100vw, 75px\" \/><\/a><a class=\"aaa\" style=\"cursor: pointer; color: #ff6600;\">Request[ TDS,COA, MSDS,MOA&#8230; ]<\/a><script src=\"https:\/\/cdn.staticfile.org\/jquery\/1.7\/jquery.min.js\"><\/script><script>$('.aaa').click(function(){\n\u00a0 \u00a0 \u00a0 \u00a0 $(\".wc-tabs li\").removeClass('active')\n\u00a0 \u00a0 \u00a0 \u00a0 $(\".wc-tabs li\").eq(0).addClass('active')\nvar o = $(\".wc-tabs li\").eq(0).closest(\".wc-tabs-wrapper, .woocommerce-tabs\");\no.find(\".wc-tab, .panel:not(.panel .panel)\").hide(),\n o.find(\"#\" + $(\".wc-tabs li a\").attr(\"href\").split(\"#\")[1]).show()\n\u00a0 \u00a0 \u00a0 \u00a0 window.location.href=\"#Contact Us\"\n\u00a0 \u00a0})<\/script><\/span><\/strong><\/p>\n","category_list":"","author_info":{"name":"","url":""},"comments_num":"0 comments","_links":{"self":[{"href":"https:\/\/www.backvita.com\/es\/wp-json\/wp\/v2\/product\/2918"}],"collection":[{"href":"https:\/\/www.backvita.com\/es\/wp-json\/wp\/v2\/product"}],"about":[{"href":"https:\/\/www.backvita.com\/es\/wp-json\/wp\/v2\/types\/product"}],"wp:featuredmedia":[{"embeddable":true,"href":"https:\/\/www.backvita.com\/es\/wp-json\/wp\/v2\/media\/2835"}],"wp:attachment":[{"href":"https:\/\/www.backvita.com\/es\/wp-json\/wp\/v2\/media?parent=2918"}],"wp:term":[{"taxonomy":"product_cat","embeddable":true,"href":"https:\/\/www.backvita.com\/es\/wp-json\/wp\/v2\/product_cat?post=2918"},{"taxonomy":"product_tag","embeddable":true,"href":"https:\/\/www.backvita.com\/es\/wp-json\/wp\/v2\/product_tag?post=2918"}],"curies":[{"name":"wp","href":"https:\/\/api.w.org\/{rel}","templated":true}]}}