{"id":2919,"date":"2023-11-04T14:51:52","date_gmt":"2023-11-04T06:51:52","guid":{"rendered":"https:\/\/www.backvita.com\/?post_type=product&#038;p=2919"},"modified":"2024-02-07T11:28:47","modified_gmt":"2024-02-07T03:28:47","slug":"black-rice-extract-anthocyanins-suppliersblack-rice-extract-anthocyanins-manufacturers-black-rice-extract-anthocyanins-factory-free-sample","status":"publish","type":"product","link":"https:\/\/www.backvita.com\/es\/product\/extracto-de-arroz-negro-antocianinas-proveedoresextracto-de-arroz-negro-antocianinas-fabricantes-extracto-de-arroz-negro-antocianinas-muestra-gratis-de-fabrica\/","title":{"rendered":"Extracto de arroz negro Antocianinas proveedoresExtracto de arroz negro Antocianinas fabricantes Extracto de arroz negro Antocianinas muestra gratis de f\u00e1brica"},"content":{"rendered":"<h2>Qu\u00e9 son las antocianinas<\/h2>\n<p>Las antocianinas, tambi\u00e9n llamadas antocianos, son flavonoides y son un tipo de pigmentos naturales hidrosolubles muy presentes en las plantas. Se encuentran ampliamente en el arroz negro, los ar\u00e1ndanos, la baya de lobo negra y otras plantas. Son un tipo de flavonoides con ciertas propiedades nutricionales y farmacol\u00f3gicas. Los pigmentos vegetales naturales puros pueden resistir varias enfermedades relacionadas causadas por radicales libres en el cuerpo humano.<\/p>\n<table style=\"height: 217px;\" width=\"1308\">\n<tbody>\n<tr>\n<td width=\"219\"><strong>Nombre del producto<\/strong><\/td>\n<td width=\"466\">Extracto de arroz negro antocianinas<\/td>\n<\/tr>\n<tr>\n<td><strong>N\u00ba CAS<\/strong><\/td>\n<td>7542-45-2<\/td>\n<\/tr>\n<tr>\n<td><strong>Nombre latino<\/strong><\/td>\n<td>Oryza sativa<\/td>\n<\/tr>\n<tr>\n<td><strong>Apariencia<\/strong><\/td>\n<td>Rojo p\u00farpura<\/td>\n<\/tr>\n<tr>\n<td><strong>Especificaciones<\/strong><\/td>\n<td>25%<\/td>\n<\/tr>\n<tr>\n<td><strong>Pakage<\/strong><\/td>\n<td>1kg\/saco, 25kg\/bid\u00f3n<\/td>\n<\/tr>\n<tr>\n<td><strong>Almacenamiento<\/strong><\/td>\n<td>Proteger de la humedad y evitar el almacenamiento ligero y herm\u00e9tico.<\/td>\n<\/tr>\n<tr>\n<td><strong>M\u00e9todo de ensayo<\/strong><\/td>\n<td>HPLC<\/td>\n<\/tr>\n<\/tbody>\n<\/table>\n<h2><\/h2>\n<h2>Ventajas de las antocianinas del arroz negro<\/h2>\n<p>Ventajas de la materia prima: El arroz negro se produce en el \"Cintur\u00f3n de Arroz Dorado del Mundo\", con un periodo de crecimiento de 140 d\u00edas, un largo periodo de plantaci\u00f3n y maduraci\u00f3n, y 2.629 horas de sol al a\u00f1o, lo que hace que el arroz negro sea precioso y raro, de ah\u00ed el nombre de \"Perla Negra del Arroz\". Como cultivo alimentario, el arroz negro es f\u00e1cil de promover y cultivar, tiene bajo precio, buena variedad, alto contenido y es m\u00e1s seguro.<\/p>\n<p>Ventajas de los ingredientes: Entre las estructuras comunes de las antocianinas, la cianidina tiene las propiedades antioxidantes m\u00e1s potentes. El contenido de cianidina en las antocianinas del arroz negro es de 90,56%, el de las antocianinas de la batata morada es de 17,47% y el de las antocianinas del ar\u00e1ndano es de s\u00f3lo 12,27%. Por lo tanto, las antocianinas del arroz negro tienen una mayor actividad fisiol\u00f3gica y una mayor biodisponibilidad.<\/p>\n<p>Ventajas culturales: El \"Compendio de Materia M\u00e9dica\" recoge: El arroz negro tiene los efectos de nutrir el yin y alimentar los ri\u00f1ones, fortalecer el bazo y calentar el h\u00edgado, mejorar la vista y activar la circulaci\u00f3n sangu\u00ednea. Se utiliza como medicamento y tiene excelentes efectos contra los mareos, la anemia, el pelo blanco, las enfermedades oculares, etc. La gente lo llama \"arroz de hadas\", \"arroz tonificante de la sangre\", \"arroz medicinal\" y \"arroz de la longevidad\". Mediante el uso de tecnolog\u00eda moderna para extraer y concentrar las antocianinas del arroz negro, se ejerce plenamente el efecto del arroz negro en la nutrici\u00f3n de los ri\u00f1ones y el fortalecimiento del organismo.<\/p>\n<p>&nbsp;<\/p>\n<h2>Caracter\u00edsticas de las antocianinas<\/h2>\n<p>R\u00e1pido y completo: Puede detectarse en la sangre 20 minutos despu\u00e9s de su consumo, y permanece en el cuerpo humano hasta 27 horas. Puede ser 100% absorbido por el cuerpo humano para eliminar r\u00e1pida y exhaustivamente el exceso de radicales libres del cuerpo humano.(El llamado radical libre se refiere a una capa externa con un \u00e1tomo, mol\u00e9cula o grupo no apareado. Tiene fuertes propiedades oxidantes y ataca a las c\u00e9lulas y tejidos, causando reacciones de oxidaci\u00f3n en cadena. Especialmente las enfermedades no virales y no bacterianas y las enfermedades degenerativas).<\/p>\n<p>Potente potenciador de f\u00e1rmacos: Las antocianinas se han a\u00f1adido a los f\u00e1rmacos como auxiliares de muchos nuevos medicamentos de efectos especiales. Cuando los pacientes las toman durante la medicaci\u00f3n, pueden potenciar la eficacia de otros f\u00e1rmacos.<\/p>\n<p>Gran seguridad: Las investigaciones demuestran que las antocianinas no son t\u00f3xicas, mutag\u00e9nicas, carcinog\u00e9nicas, teratog\u00e9nicas ni alerg\u00e9nicas. No se ha observado toxicidad directa ni indirecta, por lo que las antocianinas son seguras. de.<\/p>\n<p>Efecto notable: Las antocianinas son los \u00fanicos antioxidantes descubiertos hasta ahora por los cient\u00edficos que pueden penetrar en el centro nervioso a trav\u00e9s de la barrera hematoencef\u00e1lica, y ciertos efectos pueden observarse 24 horas despu\u00e9s de su consumo.<\/p>\n<p>&nbsp;<\/p>\n<h2><strong>Mecanismo de las enfermedades causadas directamente por los radicales libres<\/strong><\/h2>\n<p>Envejecimiento prematuro: Los radicales libres atacan las prote\u00ednas y destruyen las enzimas del organismo.<\/p>\n<p>Enfermedades cardiovasculares y cerebrovasculares: Los radicales libres destruyen las grasas y provocan la peroxidaci\u00f3n lip\u00eddica, lo que conduce a la aterosclerosis.<\/p>\n<p>Cataratas: Los radicales libres causan da\u00f1os en el tejido del cristalino.<\/p>\n<p>Anemia: Los radicales libres atacan a la hemoglobina, provocando su precipitaci\u00f3n y su uni\u00f3n a la membrana, lo que hace que aumente la fragilidad de los gl\u00f3bulos rojos.<\/p>\n<p>Diabetes: Los radicales libres favorecen la producci\u00f3n de aloxano y atacan las c\u00e9lulas beta pancre\u00e1ticas que producen insulina, induciendo la diabetes.<\/p>\n<p>Baja inmunidad: Los radicales libres oxidan la ribosa, destruyen la estructura polisac\u00e1rida de la membrana celular y afectan a la funci\u00f3n inmunitaria de las c\u00e9lulas.<\/p>\n<p>Enfermedad de Alzheimer: Los radicales libres da\u00f1an las c\u00e9lulas cerebrales y el sistema nervioso, provocando la atrofia de la corteza cerebral.<\/p>\n<p>Artritis: Los radicales libres destruyen los hidratos de carbono y degradan el \u00e1cido hialur\u00f3nico en el organismo.<\/p>\n<p>&nbsp;<\/p>\n<h2><span style=\"color: #ff9c00;\">Nuestro servicio de valor a\u00f1adido Rest Easy<\/span><\/h2>\n<p><em><strong><span style=\"color: #ff9c00;\">&gt;&gt;&gt;\u00a0 <\/span><\/strong><\/em><strong>Backvita tiene t\u00e9cnicos profesionales que pueden proporcionar documentos de apoyo t\u00e9cnico como: Normas, Especificaciones, COA, MOA,\u00a0<\/strong><strong>FDS,<\/strong><strong>Diagrama de flujo, declaraciones, cromatogramas, datos nutricionales, prueba de estabilidad, etc.<\/strong><\/p>\n<p><strong><span style=\"color: #ff9c00;\">&gt;&gt;&gt; \u00a0<\/span>Nos comprometemos a ofrecerle servicios exclusivos para que no tenga preocupaciones en la compra y venta de productos.<\/strong><\/p>\n<p><strong><span style=\"color: #ff9c00;\">&gt;&gt;&gt;<\/span>\u00a0 Nuestro equipo global de analistas de datos de comercio electr\u00f3nico cuenta con 10 a\u00f1os de experiencia en el sector de los extractos de plantas. Le proporcionar\u00e1n informes de datos sobre los pa\u00edses en los que se venden sus productos para ayudarle a tomar decisiones con conocimiento de causa. Estos informes de datos incluir\u00e1n el volumen de ventas, los canales de venta, el an\u00e1lisis de la competencia y otros datos que le ayudar\u00e1n a comprender mejor la demanda y las tendencias del mercado, optimizando as\u00ed sus estrategias de adquisici\u00f3n y venta.<\/strong><\/p>\n<p><strong><span style=\"color: #ff9c00;\">&gt;&gt;&gt;\u00a0<\/span> Adem\u00e1s de los informes de datos, tambi\u00e9n le facilitaremos peri\u00f3dicamente informaci\u00f3n sobre los productos de moda y las novedades del mercado. Esta informaci\u00f3n le ayudar\u00e1 a mantenerse al corriente de las posibles oportunidades y tendencias del mercado, y a realizar ajustes y tomar decisiones en funci\u00f3n de las demandas del mercado.<\/strong><\/p>\n<p><strong><span style=\"color: #ff9c00;\">&gt;&gt;&gt;<\/span>\u00a0 Si tiene su propia marca exclusiva, tambi\u00e9n le proporcionaremos materiales promocionales y carteles que le ayudar\u00e1n a mejorar su imagen de marca y a darse a conocer en el mercado. Nuestro equipo de dise\u00f1o dise\u00f1ar\u00e1 materiales promocionales exclusivos para su marca de acuerdo con sus necesidades y requisitos. Todos estos servicios de valor a\u00f1adido se ofrecen gratuitamente a los clientes de nuestros socios.<\/strong><\/p>\n<p><strong><span style=\"color: #ff9c00;\">&gt;&gt;&gt;<\/span>\u00a0 Nuestro objetivo es centrarnos en los clientes, ofrecerles servicios sin preocupaciones durante todo el proceso y ayudarles a conseguir un mayor rendimiento y \u00e9xito.<\/strong><\/p>\n<p><strong><span style=\"color: #ff9c00;\">&gt;&gt;&gt;<\/span>\u00a0 Si tiene alguna pregunta o necesidad especial sobre nuestros servicios de valor a\u00f1adido, no dude en ponerse en contacto con nosotros. Haremos todo lo posible para ayudarle y garantizar su satisfacci\u00f3n. Gracias de nuevo por su apoyo y atenci\u00f3n hacia nosotros, y esperamos establecer una relaci\u00f3n de cooperaci\u00f3n a largo plazo con usted.<\/strong><\/p>\n<p>&nbsp;<\/p>\n<h2>P\u00f3ngase en contacto con nosotros<a name=\"Contact Us\"><\/a><\/h2>\n\n<div class=\"wpcf7 no-js\" id=\"wpcf7-f690-o1\" lang=\"zh-CN\" dir=\"ltr\">\n<div class=\"screen-reader-response\"><p role=\"status\" aria-live=\"polite\" aria-atomic=\"true\"><\/p> <ul><\/ul><\/div>\n<form action=\"\/es\/wp-json\/wp\/v2\/product\/2919#wpcf7-f690-o1\" method=\"post\" class=\"wpcf7-form init\" aria-label=\"Contact form\" novalidate=\"novalidate\" data-status=\"init\" data-trp-original-action=\"\/es\/wp-json\/wp\/v2\/product\/2919#wpcf7-f690-o1\">\n<div style=\"display: none;\">\n<input type=\"hidden\" name=\"_wpcf7\" value=\"690\" \/>\n<input type=\"hidden\" name=\"_wpcf7_version\" value=\"5.8\" \/>\n<input type=\"hidden\" name=\"_wpcf7_locale\" value=\"zh_CN\" \/>\n<input type=\"hidden\" name=\"_wpcf7_unit_tag\" value=\"wpcf7-f690-o1\" \/>\n<input type=\"hidden\" name=\"_wpcf7_container_post\" value=\"0\" \/>\n<input type=\"hidden\" name=\"_wpcf7_posted_data_hash\" value=\"\" \/>\n<\/div>\n<p><label> *Nombre *Nombre de la empresa<br \/>\n<span class=\"wpcf7-form-control-wrap\" data-name=\"your-name\"><input size=\"40\" class=\"wpcf7-form-control wpcf7-text wpcf7-validates-as-required\" autocomplete=\"name\" aria-required=\"true\" aria-invalid=\"false\" value=\"\" type=\"text\" name=\"your-name\" \/><\/span> <\/label>\n<\/p>\n<p><label> *Correo electr\u00f3nico<br \/>\n<span class=\"wpcf7-form-control-wrap\" data-name=\"your-email\"><input size=\"40\" class=\"wpcf7-form-control wpcf7-email wpcf7-validates-as-required wpcf7-text wpcf7-validates-as-email\" autocomplete=\"email\" aria-required=\"true\" aria-invalid=\"false\" value=\"\" type=\"email\" name=\"your-email\" \/><\/span> <\/label>\n<\/p>\n<p><label> *N\u00famero de tel\u00e9fono<br \/>\n<span class=\"wpcf7-form-control-wrap\" data-name=\"your-subject\"><input size=\"40\" class=\"wpcf7-form-control wpcf7-text wpcf7-validates-as-required\" aria-required=\"true\" aria-invalid=\"false\" value=\"\" type=\"text\" name=\"your-subject\" \/><\/span> <\/label>\n<\/p>\n<p><label> *Mensaje<br \/>\n<span class=\"wpcf7-form-control-wrap\" data-name=\"your-message\"><textarea cols=\"40\" rows=\"10\" class=\"wpcf7-form-control wpcf7-textarea\" aria-invalid=\"false\" name=\"your-message\"><\/textarea><\/span> <\/label>\n<\/p>\n<p><input class=\"wpcf7-form-control wpcf7-submit has-spinner\" type=\"submit\" value=\"Enviar\" \/>\n<\/p><div class=\"wpcf7-response-output\" aria-hidden=\"true\"><\/div>\n<input type=\"hidden\" name=\"trp-form-language\" value=\"es\"\/><\/form>\n<\/div>\n\n<p>&nbsp;<\/p>","protected":false},"excerpt":{"rendered":"<p><span style=\"color: #000000;\">\"Compendio de Materia M\u00e9dica\" recoge: El arroz negro tiene los efectos de nutrir el yin y alimentar los ri\u00f1ones, fortalecer el bazo y calentar el h\u00edgado, mejorar la vista y activar la circulaci\u00f3n sangu\u00ednea. Se utiliza como medicamento y tiene excelentes efectos contra los mareos, la anemia, el pelo blanco, las enfermedades oculares, etc. La gente lo llama \"arroz de hadas\", \"arroz tonificante de la sangre\", \"arroz medicinal\" y \"arroz de la longevidad\". Mediante el uso de tecnolog\u00eda moderna para extraer y concentrar las antocianinas del arroz negro, se ejerce plenamente el efecto del arroz negro en la nutrici\u00f3n de los ri\u00f1ones y el fortalecimiento del organismo.<\/span><\/p>\n<p><span style=\"color: #ff6600;\"><a class=\"aaa\" style=\"cursor: pointer; color: #ff6600;\"><img decoding=\"async\" loading=\"lazy\" class=\"alignnone wp-image-2660\" title=\"Consulte\" src=\"https:\/\/www.backvita.com\/wp-content\/uploads\/2023\/10\/inquire-300x300.png\" alt=\"Consulte\" width=\"75\" height=\"75\" srcset=\"https:\/\/www.backvita.com\/wp-content\/uploads\/2023\/10\/inquire-300x300.png 300w, https:\/\/www.backvita.com\/wp-content\/uploads\/2023\/10\/inquire-150x150.png 150w, https:\/\/www.backvita.com\/wp-content\/uploads\/2023\/10\/inquire-100x100.png 100w, https:\/\/www.backvita.com\/wp-content\/uploads\/2023\/10\/inquire.png 512w\" sizes=\"(max-width: 75px) 100vw, 75px\" \/> <strong>Enviar una consulta<\/strong><\/a><strong><script src=\"https:\/\/cdn.staticfile.org\/jquery\/1.7\/jquery.min.js\"><\/script><script>$('.aaa').click(function(){\n\u00a0 \u00a0 \u00a0 \u00a0 $(\".wc-tabs li\").removeClass('active')\n\u00a0 \u00a0 \u00a0 \u00a0 $(\".wc-tabs li\").eq(0).addClass('active')\nvar o = $(\".wc-tabs li\").eq(0).closest(\".wc-tabs-wrapper, .woocommerce-tabs\");\no.find(\".wc-tab, .panel:not(.panel .panel)\").hide(),\n o.find(\"#\" + $(\".wc-tabs li a\").attr(\"href\").split(\"#\")[1]).show()\n\u00a0 \u00a0 \u00a0 \u00a0 window.location.href=\"#Contact Us\"\n\u00a0 \u00a0})<\/script><\/strong><\/span><\/p>\n<p><strong><span style=\"color: #ff6600;\"><a style=\"color: #ff6600;\" href=\"#Contact Us\"><img decoding=\"async\" loading=\"lazy\" class=\"alignnone wp-image-2661\" title=\"PDF\" src=\"https:\/\/www.backvita.com\/wp-content\/uploads\/2023\/10\/pdf-300x300.png\" alt=\"PDF\" width=\"75\" height=\"75\" srcset=\"https:\/\/www.backvita.com\/wp-content\/uploads\/2023\/10\/pdf-300x300.png 300w, https:\/\/www.backvita.com\/wp-content\/uploads\/2023\/10\/pdf-150x150.png 150w, https:\/\/www.backvita.com\/wp-content\/uploads\/2023\/10\/pdf-100x100.png 100w, https:\/\/www.backvita.com\/wp-content\/uploads\/2023\/10\/pdf.png 512w\" sizes=\"(max-width: 75px) 100vw, 75px\" \/><\/a><a class=\"aaa\" style=\"cursor: pointer; color: #ff6600;\">Solicitud[ TDS,COA, MSDS,MOA... ]<\/a><script src=\"https:\/\/cdn.staticfile.org\/jquery\/1.7\/jquery.min.js\"><\/script><script>$('.aaa').click(function(){\n\u00a0 \u00a0 \u00a0 \u00a0 $(\".wc-tabs li\").removeClass('active')\n\u00a0 \u00a0 \u00a0 \u00a0 $(\".wc-tabs li\").eq(0).addClass('active')\nvar o = $(\".wc-tabs li\").eq(0).closest(\".wc-tabs-wrapper, .woocommerce-tabs\");\no.find(\".wc-tab, .panel:not(.panel .panel)\").hide(),\n o.find(\"#\" + $(\".wc-tabs li a\").attr(\"href\").split(\"#\")[1]).show()\n\u00a0 \u00a0 \u00a0 \u00a0 window.location.href=\"#Contact Us\"\n\u00a0 \u00a0})<\/script><\/span><\/strong><\/p>","protected":false},"featured_media":2828,"template":"","meta":{"_seopress_robots_primary_cat":"none","_seopress_titles_title":"Black Rice Extract Anthocyanins suppliersBlack Rice Extract Anthocyanins  manufacturers Black Rice Extract Anthocyanins  factory free sample","_seopress_titles_desc":"black rice anthocyanins have stronger physiological activity and higher bioavailability.","_seopress_robots_index":""},"product_cat":[32,48],"product_tag":[1147,1171,1170,1166,1167,1165,1164,1160,1161,1148,1168,1172,1173,1169,1174,1162,1163,1159,1151,1175,1176,1158,1156,1149,1152,1157,1153,1155,1154,1150],"featured_image_urls":{"full":["https:\/\/www.backvita.com\/wp-content\/uploads\/2023\/10\/Black-Rice-Extract-anthocyanins.webp",442,398,false],"thumbnail":["https:\/\/www.backvita.com\/wp-content\/uploads\/2023\/10\/Black-Rice-Extract-anthocyanins-150x150.webp",150,150,true],"medium":["https:\/\/www.backvita.com\/wp-content\/uploads\/2023\/10\/Black-Rice-Extract-anthocyanins-300x270.webp",300,270,true],"medium_large":["https:\/\/www.backvita.com\/wp-content\/uploads\/2023\/10\/Black-Rice-Extract-anthocyanins.webp",442,398,false],"large":["https:\/\/www.backvita.com\/wp-content\/uploads\/2023\/10\/Black-Rice-Extract-anthocyanins.webp",442,398,false],"1536x1536":["https:\/\/www.backvita.com\/wp-content\/uploads\/2023\/10\/Black-Rice-Extract-anthocyanins.webp",442,398,false],"2048x2048":["https:\/\/www.backvita.com\/wp-content\/uploads\/2023\/10\/Black-Rice-Extract-anthocyanins.webp",442,398,false],"trp-custom-language-flag":["https:\/\/www.backvita.com\/wp-content\/uploads\/2023\/10\/Black-Rice-Extract-anthocyanins.webp",13,12,false],"woocommerce_thumbnail":["https:\/\/www.backvita.com\/wp-content\/uploads\/2023\/10\/Black-Rice-Extract-anthocyanins-300x300.webp",300,300,true],"woocommerce_single":["https:\/\/www.backvita.com\/wp-content\/uploads\/2023\/10\/Black-Rice-Extract-anthocyanins.webp",442,398,false],"woocommerce_gallery_thumbnail":["https:\/\/www.backvita.com\/wp-content\/uploads\/2023\/10\/Black-Rice-Extract-anthocyanins-100x100.webp",100,100,true]},"post_excerpt_stackable":"<p><span style=\"color: #000000;\">&#8220;Compendium of Materia Medica&#8221; records: Black rice has the effects of nourishing yin and nourishing the kidneys, strengthening the spleen and warming the liver, improving eyesight and activating blood circulation. It is used as medicine and has excellent effects on dizziness, anemia, white hair, eye diseases, etc. Folks call it &#8220;fairy rice&#8221;, &#8220;blood-tonifying rice&#8221;, &#8220;medicinal rice&#8221; and &#8220;longevity rice&#8221;. Using modern technology to extract and concentrate the anthocyanins from black rice, the effect of black rice on nourishing the kidneys and strengthening the body is fully exerted.<\/span><\/p>\n<p><span style=\"color: #ff6600;\"><a class=\"aaa\" style=\"cursor: pointer; color: #ff6600;\"><img decoding=\"async\" loading=\"lazy\" class=\"alignnone wp-image-2660\" title=\"Iquire\" src=\"https:\/\/www.backvita.com\/wp-content\/uploads\/2023\/10\/inquire-300x300.png\" alt=\"Iquire\" width=\"75\" height=\"75\" srcset=\"https:\/\/www.backvita.com\/wp-content\/uploads\/2023\/10\/inquire-300x300.png 300w, https:\/\/www.backvita.com\/wp-content\/uploads\/2023\/10\/inquire-150x150.png 150w, https:\/\/www.backvita.com\/wp-content\/uploads\/2023\/10\/inquire-100x100.png 100w, https:\/\/www.backvita.com\/wp-content\/uploads\/2023\/10\/inquire.png 512w\" sizes=\"(max-width: 75px) 100vw, 75px\" \/> <strong>Send an Inquiry<\/strong><\/a><strong><script src=\"https:\/\/cdn.staticfile.org\/jquery\/1.7\/jquery.min.js\"><\/script><script>$('.aaa').click(function(){\n\u00a0 \u00a0 \u00a0 \u00a0 $(\".wc-tabs li\").removeClass('active')\n\u00a0 \u00a0 \u00a0 \u00a0 $(\".wc-tabs li\").eq(0).addClass('active')\nvar o = $(\".wc-tabs li\").eq(0).closest(\".wc-tabs-wrapper, .woocommerce-tabs\");\no.find(\".wc-tab, .panel:not(.panel .panel)\").hide(),\n o.find(\"#\" + $(\".wc-tabs li a\").attr(\"href\").split(\"#\")[1]).show()\n\u00a0 \u00a0 \u00a0 \u00a0 window.location.href=\"#Contact Us\"\n\u00a0 \u00a0})<\/script><\/strong><\/span><\/p>\n<p><strong><span style=\"color: #ff6600;\"><a style=\"color: #ff6600;\" href=\"#Contact Us\"><img decoding=\"async\" loading=\"lazy\" class=\"alignnone wp-image-2661\" title=\"PDF\" src=\"https:\/\/www.backvita.com\/wp-content\/uploads\/2023\/10\/pdf-300x300.png\" alt=\"PDF\" width=\"75\" height=\"75\" srcset=\"https:\/\/www.backvita.com\/wp-content\/uploads\/2023\/10\/pdf-300x300.png 300w, https:\/\/www.backvita.com\/wp-content\/uploads\/2023\/10\/pdf-150x150.png 150w, https:\/\/www.backvita.com\/wp-content\/uploads\/2023\/10\/pdf-100x100.png 100w, https:\/\/www.backvita.com\/wp-content\/uploads\/2023\/10\/pdf.png 512w\" sizes=\"(max-width: 75px) 100vw, 75px\" \/><\/a><a class=\"aaa\" style=\"cursor: pointer; color: #ff6600;\">Request[ TDS,COA, MSDS,MOA&#8230; ]<\/a><script src=\"https:\/\/cdn.staticfile.org\/jquery\/1.7\/jquery.min.js\"><\/script><script>$('.aaa').click(function(){\n\u00a0 \u00a0 \u00a0 \u00a0 $(\".wc-tabs li\").removeClass('active')\n\u00a0 \u00a0 \u00a0 \u00a0 $(\".wc-tabs li\").eq(0).addClass('active')\nvar o = $(\".wc-tabs li\").eq(0).closest(\".wc-tabs-wrapper, .woocommerce-tabs\");\no.find(\".wc-tab, .panel:not(.panel .panel)\").hide(),\n o.find(\"#\" + $(\".wc-tabs li a\").attr(\"href\").split(\"#\")[1]).show()\n\u00a0 \u00a0 \u00a0 \u00a0 window.location.href=\"#Contact Us\"\n\u00a0 \u00a0})<\/script><\/span><\/strong><\/p>\n","category_list":"","author_info":{"name":"","url":""},"comments_num":"0 comments","_links":{"self":[{"href":"https:\/\/www.backvita.com\/es\/wp-json\/wp\/v2\/product\/2919"}],"collection":[{"href":"https:\/\/www.backvita.com\/es\/wp-json\/wp\/v2\/product"}],"about":[{"href":"https:\/\/www.backvita.com\/es\/wp-json\/wp\/v2\/types\/product"}],"wp:featuredmedia":[{"embeddable":true,"href":"https:\/\/www.backvita.com\/es\/wp-json\/wp\/v2\/media\/2828"}],"wp:attachment":[{"href":"https:\/\/www.backvita.com\/es\/wp-json\/wp\/v2\/media?parent=2919"}],"wp:term":[{"taxonomy":"product_cat","embeddable":true,"href":"https:\/\/www.backvita.com\/es\/wp-json\/wp\/v2\/product_cat?post=2919"},{"taxonomy":"product_tag","embeddable":true,"href":"https:\/\/www.backvita.com\/es\/wp-json\/wp\/v2\/product_tag?post=2919"}],"curies":[{"name":"wp","href":"https:\/\/api.w.org\/{rel}","templated":true}]}}