{"id":2968,"date":"2023-11-06T09:53:01","date_gmt":"2023-11-06T01:53:01","guid":{"rendered":"https:\/\/www.backvita.com\/?post_type=product&#038;p=2968"},"modified":"2024-02-07T11:13:07","modified_gmt":"2024-02-07T03:13:07","slug":"centella-asiatica-extract-asiatic-acid-suppliers-centella-asiatica-extract-asiatic-acid-manufacturers-centella-asiatica-extract-asiatic-acid-factory-free-sample","status":"publish","type":"product","link":"https:\/\/www.backvita.com\/es\/product\/centella-asiatica-extracto-acido-asiatico-proveedores-centella-asiatica-extracto-acido-asiatico-fabricantes-centella-asiatica-extracto-acido-asiatico-muestra-gratis-de-fabrica\/","title":{"rendered":"Centella Asiatica Extracto de \u00c1cido Asi\u00e1tico proveedores Centella Asiatica Extracto de \u00c1cido Asi\u00e1tico fabricantes Centella Asiatica Extracto de \u00c1cido Asi\u00e1tico muestra gratis de f\u00e1brica"},"content":{"rendered":"<h2>Extracto de Centella Asi\u00e1tica \u00c1cido asi\u00e1tico Introducci\u00f3n<\/h2>\n<p>El \u00e1cido asi\u00e1tico (AA) es un compuesto triterpenoide extra\u00eddo de la Centella asiatica que presenta diversos efectos farmacol\u00f3gicos como antiinflamatorio, antioxidante, antifibrosis y antitumoral en varios modelos de enfermedad.<\/p>\n<p>El \u00e1cido asi\u00e1tico es uno de los principales componentes del extracto triterp\u00e9nico de Centella asi\u00e1tica. Desde 1971, cuando Chasseaud et al. confirmaron el efecto terap\u00e9utico del \u00e1cido asi\u00e1tico en heridas cut\u00e1neas, la s\u00edntesis y los efectos farmacol\u00f3gicos de los derivados del \u00e1cido ox\u00e1lico de la nieve se han convertido en el centro de atenci\u00f3n.<\/p>\n<p>Con el estudio en profundidad de ingredientes como el extracto de Centella, hemos explorado la aplicaci\u00f3n m\u00e1s amplia del extracto de Centella en la industria de la belleza: \"antiinflamatorio\". A medida que aumenta el n\u00famero de personas con problemas cut\u00e1neos como barrera cut\u00e1nea da\u00f1ada, m\u00fasculos sensibles, etc., la sedaci\u00f3n antiinflamatoria de la piel se ha convertido en un requisito importante para el cuidado de la piel. Seg\u00fan el Libro Blanco de Tecnolog\u00eda 2021 de EE.UU.-Ir\u00e1n, los cuatro efectos principales que preocupan a los consumidores son: iluminar, hidratar, mejorar las l\u00edneas de expresi\u00f3n y alivio antiinflamatorio.<\/p>\n<p>&nbsp;<\/p>\n<table style=\"height: 243px;\" width=\"1320\">\n<tbody>\n<tr>\n<td width=\"219\"><strong>Nombre del producto<\/strong><\/td>\n<td width=\"466\">Extracto de Centella Asi\u00e1tica \u00c1cido asi\u00e1tico<\/td>\n<\/tr>\n<tr>\n<td><strong>N\u00ba CAS<\/strong><\/td>\n<td>464-92-6<\/td>\n<\/tr>\n<tr>\n<td><strong>Nombre latino<\/strong><\/td>\n<td>Centella asi\u00e1tica L.<\/td>\n<\/tr>\n<tr>\n<td><strong>Apariencia<\/strong><\/td>\n<td>Polvo de cristales blancos<\/td>\n<\/tr>\n<tr>\n<td><strong>Especificaciones<\/strong><\/td>\n<td>40%-95%<\/td>\n<\/tr>\n<tr>\n<td><strong>Pakage<\/strong><\/td>\n<td>1kg\/saco, 25kg\/bid\u00f3n<\/td>\n<\/tr>\n<tr>\n<td><strong>Almacenamiento<\/strong><\/td>\n<td>Proteger de la humedad y evitar el almacenamiento ligero y herm\u00e9tico.<\/td>\n<\/tr>\n<tr>\n<td><strong>M\u00e9todo de ensayo<\/strong><\/td>\n<td>HPLC<\/td>\n<\/tr>\n<\/tbody>\n<\/table>\n<h2><\/h2>\n<h2>Clasificaci\u00f3n de las aplicaciones del \u00e1cido asi\u00e1tico del extracto de centella asi\u00e1tica<\/h2>\n<div class=\"org-text\">\n<p>Extracto de Centella Asi\u00e1tica El \u00e1cido asi\u00e1tico puede estimular el crecimiento de la granulaci\u00f3n y eliminar los radicales libres.<\/p>\n<p>Extracto de Centella Asi\u00e1tica El \u00e1cido asi\u00e1tico puede inhibir los factores inflamatorios y reducir las respuestas inflamatorias.<\/p>\n<p>Extracto de Centella Asi\u00e1tica El \u00e1cido asi\u00e1tico puede estimular la s\u00edntesis de col\u00e1geno, lo que tiene cierto efecto en la cicatrizaci\u00f3n de heridas.<\/p>\n<p>&nbsp;<\/p>\n<\/div>\n<div class=\"org-text\">\n<div class=\"translate_ask\"><\/div>\n<\/div>\n<div><\/div>\n<div><\/div>\n<h2>Especificaciones y aplicaciones del extracto de centella asi\u00e1tica en cosm\u00e9tica<\/h2>\n<table style=\"height: 494px;\" width=\"1282\">\n<tbody>\n<tr>\n<td width=\"135\"><strong>Especificaciones<\/strong><\/td>\n<td width=\"172\"><strong>Contenido\u00a0<\/strong><\/td>\n<td width=\"172\"><strong>Caracter\u00edstica<\/strong><\/td>\n<td width=\"334\"><strong>Funciones<\/strong><\/td>\n<td width=\"306\"><strong>Aplicaciones<\/strong><\/td>\n<\/tr>\n<tr>\n<td width=\"135\"><strong>Triterpenos totales (Asiaticoside+<\/strong><\/p>\n<p><strong>Madecassoside+Asiaticoside B)<\/strong><\/td>\n<td width=\"172\">70%-80%<\/td>\n<td width=\"172\">Polvo amarillo claro<\/td>\n<td width=\"334\">Eliminaci\u00f3n de cicatrices, eliminaci\u00f3n del acn\u00e9, cicatrizaci\u00f3n de heridas...<\/td>\n<td width=\"306\">Mascarilla, crema, loci\u00f3n, gel, etc.<\/td>\n<\/tr>\n<tr>\n<td width=\"135\"><strong>Asiaticoside<\/strong><\/td>\n<td width=\"172\">40%-95%<\/td>\n<td width=\"172\">40%-amarillo claro<\/p>\n<p>70%-95% blanco<\/td>\n<td width=\"334\">Antiinflamaci\u00f3n, reorganizaci\u00f3n d\u00e9rmica, antienvejecimiento<\/td>\n<td width=\"306\">Mascarillas faciales, cremas, lociones, geles, lociones antica\u00edda, etc.<\/td>\n<\/tr>\n<tr>\n<td width=\"135\"><strong>Madecassoside<\/strong><\/td>\n<td width=\"172\">50%-95%<\/td>\n<td width=\"172\">Polvo blanco<\/td>\n<td width=\"334\">Antiinflamaci\u00f3n, reestructuraci\u00f3n d\u00e9rmica, regulaci\u00f3n de la queratina<\/td>\n<td width=\"306\">Mascarilla, crema, loci\u00f3n, gel, etc.<\/td>\n<\/tr>\n<tr>\n<td width=\"135\"><strong>\u00c1cido madec\u00e1sico<\/strong><\/td>\n<td width=\"172\">80%<\/td>\n<td width=\"172\">Polvo blanco<\/td>\n<td width=\"334\">Blanqueamiento, reafirmaci\u00f3n, reestructuraci\u00f3n d\u00e9rmica<\/td>\n<td width=\"306\">Crema, loci\u00f3n, esencia, gel, etc.<\/td>\n<\/tr>\n<tr>\n<td width=\"135\"><strong>\u00c1cido asi\u00e1tico<\/strong><\/td>\n<td width=\"172\">90%<\/td>\n<td width=\"172\">Polvo blanco<\/td>\n<td width=\"334\">Blanqueamiento, antienvejecimiento, reafirmante, reestructuraci\u00f3n d\u00e9rmica<\/td>\n<td width=\"306\">Crema, loci\u00f3n, esencia, gel, etc.<\/td>\n<\/tr>\n<tr>\n<td width=\"135\"><strong>T.E.C.A(Extracto titulado de Centella Asi\u00e1tica)Asiaticoside36%-44%,\u00c1cido asi\u00e1tico+Madecassoside 54%-66%<\/strong><\/td>\n<td width=\"172\">95%<\/td>\n<td width=\"172\">Polvo blanco<\/td>\n<td width=\"334\">Reorganizaci\u00f3n d\u00e9rmica, circulaci\u00f3n sangu\u00ednea, estr\u00edas, antienvejecimiento, reparaci\u00f3n cut\u00e1nea<\/td>\n<td width=\"306\">Mascarilla, crema, loci\u00f3n, esencia, gel, etc.<\/td>\n<\/tr>\n<tr>\n<td width=\"135\"><strong>Genins libres<\/strong><\/td>\n<td width=\"172\">85%<\/td>\n<td width=\"172\">Polvo blanco<\/td>\n<td width=\"334\">Blanqueante, antibacteriano, reafirmante, reestructurante d\u00e9rmico<\/td>\n<td width=\"306\">crema, loci\u00f3n, esencia, gel, etc.<\/td>\n<\/tr>\n<\/tbody>\n<\/table>\n<p>&nbsp;<\/p>\n<h2><span style=\"color: #ff9c00;\">Nuestro servicio de valor a\u00f1adido Rest Easy<\/span><\/h2>\n<p><em><strong><span style=\"color: #ff9c00;\">&gt;&gt;&gt;\u00a0 <\/span><\/strong><\/em><strong>Backvita tiene t\u00e9cnicos profesionales que pueden proporcionar documentos de apoyo t\u00e9cnico como: Normas, Especificaciones, COA, MOA,\u00a0<\/strong><strong>FDS,<\/strong><strong>Diagrama de flujo, declaraciones, cromatogramas, datos nutricionales, prueba de estabilidad, etc.<\/strong><\/p>\n<p><strong><span style=\"color: #ff9c00;\">&gt;&gt;&gt; \u00a0<\/span>Nos comprometemos a ofrecerle servicios exclusivos para que no tenga preocupaciones en la compra y venta de productos.<\/strong><\/p>\n<p><strong><span style=\"color: #ff9c00;\">&gt;&gt;&gt;<\/span>\u00a0 Nuestro equipo global de analistas de datos de comercio electr\u00f3nico cuenta con 10 a\u00f1os de experiencia en el sector de los extractos de plantas. Le proporcionar\u00e1n informes de datos sobre los pa\u00edses en los que se venden sus productos para ayudarle a tomar decisiones con conocimiento de causa. Estos informes de datos incluir\u00e1n el volumen de ventas, los canales de venta, el an\u00e1lisis de la competencia y otros datos que le ayudar\u00e1n a comprender mejor la demanda y las tendencias del mercado, optimizando as\u00ed sus estrategias de adquisici\u00f3n y venta.<\/strong><\/p>\n<p><strong><span style=\"color: #ff9c00;\">&gt;&gt;&gt;\u00a0<\/span> Adem\u00e1s de los informes de datos, tambi\u00e9n le facilitaremos peri\u00f3dicamente informaci\u00f3n sobre los productos de moda y las novedades del mercado. Esta informaci\u00f3n le ayudar\u00e1 a mantenerse al corriente de las posibles oportunidades y tendencias del mercado, y a realizar ajustes y tomar decisiones en funci\u00f3n de las demandas del mercado.<\/strong><\/p>\n<p><strong><span style=\"color: #ff9c00;\">&gt;&gt;&gt;<\/span>\u00a0 Si tiene su propia marca exclusiva, tambi\u00e9n le proporcionaremos materiales promocionales y carteles que le ayudar\u00e1n a mejorar su imagen de marca y a darse a conocer en el mercado. Nuestro equipo de dise\u00f1o dise\u00f1ar\u00e1 materiales promocionales exclusivos para su marca de acuerdo con sus necesidades y requisitos. Todos estos servicios de valor a\u00f1adido se ofrecen gratuitamente a los clientes de nuestros socios.<\/strong><\/p>\n<p><strong><span style=\"color: #ff9c00;\">&gt;&gt;&gt;<\/span>\u00a0 Nuestro objetivo es centrarnos en los clientes, ofrecerles servicios sin preocupaciones durante todo el proceso y ayudarles a conseguir un mayor rendimiento y \u00e9xito.<\/strong><\/p>\n<p><strong><span style=\"color: #ff9c00;\">&gt;&gt;&gt;<\/span>\u00a0 Si tiene alguna pregunta o necesidad especial sobre nuestros servicios de valor a\u00f1adido, no dude en ponerse en contacto con nosotros. Haremos todo lo posible para ayudarle y garantizar su satisfacci\u00f3n. Gracias de nuevo por su apoyo y atenci\u00f3n hacia nosotros, y esperamos establecer una relaci\u00f3n de cooperaci\u00f3n a largo plazo con usted.<\/strong><\/p>\n<p>&nbsp;<\/p>\n<h2>P\u00f3ngase en contacto con nosotros<a name=\"Contact Us\"><\/a><\/h2>\n\n<div class=\"wpcf7 no-js\" id=\"wpcf7-f690-o1\" lang=\"zh-CN\" dir=\"ltr\">\n<div class=\"screen-reader-response\"><p role=\"status\" aria-live=\"polite\" aria-atomic=\"true\"><\/p> <ul><\/ul><\/div>\n<form action=\"\/es\/wp-json\/wp\/v2\/product\/2968#wpcf7-f690-o1\" method=\"post\" class=\"wpcf7-form init\" aria-label=\"Contact form\" novalidate=\"novalidate\" data-status=\"init\" data-trp-original-action=\"\/es\/wp-json\/wp\/v2\/product\/2968#wpcf7-f690-o1\">\n<div style=\"display: none;\">\n<input type=\"hidden\" name=\"_wpcf7\" value=\"690\" \/>\n<input type=\"hidden\" name=\"_wpcf7_version\" value=\"5.8\" \/>\n<input type=\"hidden\" name=\"_wpcf7_locale\" value=\"zh_CN\" \/>\n<input type=\"hidden\" name=\"_wpcf7_unit_tag\" value=\"wpcf7-f690-o1\" \/>\n<input type=\"hidden\" name=\"_wpcf7_container_post\" value=\"0\" \/>\n<input type=\"hidden\" name=\"_wpcf7_posted_data_hash\" value=\"\" \/>\n<\/div>\n<p><label> *Nombre *Nombre de la empresa<br \/>\n<span class=\"wpcf7-form-control-wrap\" data-name=\"your-name\"><input size=\"40\" class=\"wpcf7-form-control wpcf7-text wpcf7-validates-as-required\" autocomplete=\"name\" aria-required=\"true\" aria-invalid=\"false\" value=\"\" type=\"text\" name=\"your-name\" \/><\/span> <\/label>\n<\/p>\n<p><label> *Correo electr\u00f3nico<br \/>\n<span class=\"wpcf7-form-control-wrap\" data-name=\"your-email\"><input size=\"40\" class=\"wpcf7-form-control wpcf7-email wpcf7-validates-as-required wpcf7-text wpcf7-validates-as-email\" autocomplete=\"email\" aria-required=\"true\" aria-invalid=\"false\" value=\"\" type=\"email\" name=\"your-email\" \/><\/span> <\/label>\n<\/p>\n<p><label> *N\u00famero de tel\u00e9fono<br \/>\n<span class=\"wpcf7-form-control-wrap\" data-name=\"your-subject\"><input size=\"40\" class=\"wpcf7-form-control wpcf7-text wpcf7-validates-as-required\" aria-required=\"true\" aria-invalid=\"false\" value=\"\" type=\"text\" name=\"your-subject\" \/><\/span> <\/label>\n<\/p>\n<p><label> *Mensaje<br \/>\n<span class=\"wpcf7-form-control-wrap\" data-name=\"your-message\"><textarea cols=\"40\" rows=\"10\" class=\"wpcf7-form-control wpcf7-textarea\" aria-invalid=\"false\" name=\"your-message\"><\/textarea><\/span> <\/label>\n<\/p>\n<p><input class=\"wpcf7-form-control wpcf7-submit has-spinner\" type=\"submit\" value=\"Enviar\" \/>\n<\/p><div class=\"wpcf7-response-output\" aria-hidden=\"true\"><\/div>\n<input type=\"hidden\" name=\"trp-form-language\" value=\"es\"\/><\/form>\n<\/div>\n\n<p>&nbsp;<\/p>","protected":false},"excerpt":{"rendered":"<p><span style=\"color: #000000;\">El \u00e1cido asi\u00e1tico (AA) es un compuesto triterpenoide extra\u00eddo de la Centella asiatica que presenta diversos efectos farmacol\u00f3gicos como antiinflamatorio, antioxidante, antifibrosis y antitumoral en varios modelos de enfermedad.<\/span><\/p>\n<p><span style=\"color: #ff6600;\"><a class=\"aaa\" style=\"cursor: pointer; color: #ff6600;\"><img decoding=\"async\" loading=\"lazy\" class=\"alignnone wp-image-2660\" title=\"Consulte \" src=\"https:\/\/www.backvita.com\/wp-content\/uploads\/2023\/10\/inquire-300x300.png\" alt=\"Consulte \" width=\"75\" height=\"75\" srcset=\"https:\/\/www.backvita.com\/wp-content\/uploads\/2023\/10\/inquire-300x300.png 300w, https:\/\/www.backvita.com\/wp-content\/uploads\/2023\/10\/inquire-150x150.png 150w, https:\/\/www.backvita.com\/wp-content\/uploads\/2023\/10\/inquire-100x100.png 100w, https:\/\/www.backvita.com\/wp-content\/uploads\/2023\/10\/inquire.png 512w\" sizes=\"(max-width: 75px) 100vw, 75px\" \/> <strong>Enviar una consulta<\/strong><\/a><strong><script src=\"https:\/\/cdn.staticfile.org\/jquery\/1.7\/jquery.min.js\"><\/script><script>$('.aaa').click(function(){\n\u00a0 \u00a0 \u00a0 \u00a0 $(\".wc-tabs li\").removeClass('active')\n\u00a0 \u00a0 \u00a0 \u00a0 $(\".wc-tabs li\").eq(0).addClass('active')\nvar o = $(\".wc-tabs li\").eq(0).closest(\".wc-tabs-wrapper, .woocommerce-tabs\");\no.find(\".wc-tab, .panel:not(.panel .panel)\").hide(),\n o.find(\"#\" + $(\".wc-tabs li a\").attr(\"href\").split(\"#\")[1]).show()\n\u00a0 \u00a0 \u00a0 \u00a0 window.location.href=\"#Contact Us\"\n\u00a0 \u00a0})<\/script><\/strong><\/span><\/p>\n<p><strong><span style=\"color: #ff6600;\"><a style=\"color: #ff6600;\" href=\"#Contact Us\"><img decoding=\"async\" loading=\"lazy\" class=\"alignnone wp-image-2661\" title=\"PDF\" src=\"https:\/\/www.backvita.com\/wp-content\/uploads\/2023\/10\/pdf-300x300.png\" alt=\"PDF\" width=\"75\" height=\"75\" srcset=\"https:\/\/www.backvita.com\/wp-content\/uploads\/2023\/10\/pdf-300x300.png 300w, https:\/\/www.backvita.com\/wp-content\/uploads\/2023\/10\/pdf-150x150.png 150w, https:\/\/www.backvita.com\/wp-content\/uploads\/2023\/10\/pdf-100x100.png 100w, https:\/\/www.backvita.com\/wp-content\/uploads\/2023\/10\/pdf.png 512w\" sizes=\"(max-width: 75px) 100vw, 75px\" \/> <\/a><a class=\"aaa\" style=\"cursor: pointer; color: #ff6600;\">Solicitud[ TDS,COA, MSDS,MOA... ]<\/a><script src=\"https:\/\/cdn.staticfile.org\/jquery\/1.7\/jquery.min.js\"><\/script><script>$('.aaa').click(function(){\n\u00a0 \u00a0 \u00a0 \u00a0 $(\".wc-tabs li\").removeClass('active')\n\u00a0 \u00a0 \u00a0 \u00a0 $(\".wc-tabs li\").eq(0).addClass('active')\nvar o = $(\".wc-tabs li\").eq(0).closest(\".wc-tabs-wrapper, .woocommerce-tabs\");\no.find(\".wc-tab, .panel:not(.panel .panel)\").hide(),\n o.find(\"#\" + $(\".wc-tabs li a\").attr(\"href\").split(\"#\")[1]).show()\n\u00a0 \u00a0 \u00a0 \u00a0 window.location.href=\"#Contact Us\"\n\u00a0 \u00a0})<\/script><\/span><\/strong><\/p>","protected":false},"featured_media":2969,"template":"","meta":{"_seopress_robots_primary_cat":"none","_seopress_titles_title":"Centella Asiatica Extract Asiatic Acid  suppliers Centella Asiatica Extract Asiatic Acid manufacturers Centella Asiatica Extract Asiatic Acid factory free sample","_seopress_titles_desc":"Asiatic acid (AA) is a triterpenoid compound extracted from Centella asiatica.Exhibits various pharmacological effects such as anti-inflammatory, antioxidant, anti-fibrosis, and anti-tumor in various disease models.","_seopress_robots_index":""},"product_cat":[34,55],"product_tag":[1332,1333,328,321,327,311,1334,317,340,339,335,336,334,333,329,330,337,341,342,338,343,331,332,325,319,322,326,324,323,320],"featured_image_urls":{"full":["https:\/\/www.backvita.com\/wp-content\/uploads\/2023\/11\/Centella-Asiatica-Extract-Asiatic-Acid.webp",453,429,false],"thumbnail":["https:\/\/www.backvita.com\/wp-content\/uploads\/2023\/11\/Centella-Asiatica-Extract-Asiatic-Acid-150x150.webp",150,150,true],"medium":["https:\/\/www.backvita.com\/wp-content\/uploads\/2023\/11\/Centella-Asiatica-Extract-Asiatic-Acid-300x284.webp",300,284,true],"medium_large":["https:\/\/www.backvita.com\/wp-content\/uploads\/2023\/11\/Centella-Asiatica-Extract-Asiatic-Acid.webp",453,429,false],"large":["https:\/\/www.backvita.com\/wp-content\/uploads\/2023\/11\/Centella-Asiatica-Extract-Asiatic-Acid.webp",453,429,false],"1536x1536":["https:\/\/www.backvita.com\/wp-content\/uploads\/2023\/11\/Centella-Asiatica-Extract-Asiatic-Acid.webp",453,429,false],"2048x2048":["https:\/\/www.backvita.com\/wp-content\/uploads\/2023\/11\/Centella-Asiatica-Extract-Asiatic-Acid.webp",453,429,false],"trp-custom-language-flag":["https:\/\/www.backvita.com\/wp-content\/uploads\/2023\/11\/Centella-Asiatica-Extract-Asiatic-Acid.webp",13,12,false],"woocommerce_thumbnail":["https:\/\/www.backvita.com\/wp-content\/uploads\/2023\/11\/Centella-Asiatica-Extract-Asiatic-Acid-300x300.webp",300,300,true],"woocommerce_single":["https:\/\/www.backvita.com\/wp-content\/uploads\/2023\/11\/Centella-Asiatica-Extract-Asiatic-Acid.webp",453,429,false],"woocommerce_gallery_thumbnail":["https:\/\/www.backvita.com\/wp-content\/uploads\/2023\/11\/Centella-Asiatica-Extract-Asiatic-Acid-100x100.webp",100,100,true]},"post_excerpt_stackable":"<p><span style=\"color: #000000;\">Asiatic acid (AA) is a triterpenoid compound extracted from Centella asiatica.Exhibits various pharmacological effects such as anti-inflammatory, antioxidant, anti-fibrosis, and anti-tumor in various disease models.<\/span><\/p>\n<p><span style=\"color: #ff6600;\"><a class=\"aaa\" style=\"cursor: pointer; color: #ff6600;\"><img decoding=\"async\" loading=\"lazy\" class=\"alignnone wp-image-2660\" title=\"Iquire \" src=\"https:\/\/www.backvita.com\/wp-content\/uploads\/2023\/10\/inquire-300x300.png\" alt=\"Iquire \" width=\"75\" height=\"75\" srcset=\"https:\/\/www.backvita.com\/wp-content\/uploads\/2023\/10\/inquire-300x300.png 300w, https:\/\/www.backvita.com\/wp-content\/uploads\/2023\/10\/inquire-150x150.png 150w, https:\/\/www.backvita.com\/wp-content\/uploads\/2023\/10\/inquire-100x100.png 100w, https:\/\/www.backvita.com\/wp-content\/uploads\/2023\/10\/inquire.png 512w\" sizes=\"(max-width: 75px) 100vw, 75px\" \/> <strong>Send an Inquiry<\/strong><\/a><strong><script src=\"https:\/\/cdn.staticfile.org\/jquery\/1.7\/jquery.min.js\"><\/script><script>$('.aaa').click(function(){\n\u00a0 \u00a0 \u00a0 \u00a0 $(\".wc-tabs li\").removeClass('active')\n\u00a0 \u00a0 \u00a0 \u00a0 $(\".wc-tabs li\").eq(0).addClass('active')\nvar o = $(\".wc-tabs li\").eq(0).closest(\".wc-tabs-wrapper, .woocommerce-tabs\");\no.find(\".wc-tab, .panel:not(.panel .panel)\").hide(),\n o.find(\"#\" + $(\".wc-tabs li a\").attr(\"href\").split(\"#\")[1]).show()\n\u00a0 \u00a0 \u00a0 \u00a0 window.location.href=\"#Contact Us\"\n\u00a0 \u00a0})<\/script><\/strong><\/span><\/p>\n<p><strong><span style=\"color: #ff6600;\"><a style=\"color: #ff6600;\" href=\"#Contact Us\"><img decoding=\"async\" loading=\"lazy\" class=\"alignnone wp-image-2661\" title=\"PDF\" src=\"https:\/\/www.backvita.com\/wp-content\/uploads\/2023\/10\/pdf-300x300.png\" alt=\"PDF\" width=\"75\" height=\"75\" srcset=\"https:\/\/www.backvita.com\/wp-content\/uploads\/2023\/10\/pdf-300x300.png 300w, https:\/\/www.backvita.com\/wp-content\/uploads\/2023\/10\/pdf-150x150.png 150w, https:\/\/www.backvita.com\/wp-content\/uploads\/2023\/10\/pdf-100x100.png 100w, https:\/\/www.backvita.com\/wp-content\/uploads\/2023\/10\/pdf.png 512w\" sizes=\"(max-width: 75px) 100vw, 75px\" \/> <\/a><a class=\"aaa\" style=\"cursor: pointer; color: #ff6600;\">Request[ TDS,COA, MSDS,MOA&#8230; ]<\/a><script src=\"https:\/\/cdn.staticfile.org\/jquery\/1.7\/jquery.min.js\"><\/script><script>$('.aaa').click(function(){\n\u00a0 \u00a0 \u00a0 \u00a0 $(\".wc-tabs li\").removeClass('active')\n\u00a0 \u00a0 \u00a0 \u00a0 $(\".wc-tabs li\").eq(0).addClass('active')\nvar o = $(\".wc-tabs li\").eq(0).closest(\".wc-tabs-wrapper, .woocommerce-tabs\");\no.find(\".wc-tab, .panel:not(.panel .panel)\").hide(),\n o.find(\"#\" + $(\".wc-tabs li a\").attr(\"href\").split(\"#\")[1]).show()\n\u00a0 \u00a0 \u00a0 \u00a0 window.location.href=\"#Contact Us\"\n\u00a0 \u00a0})<\/script><\/span><\/strong><\/p>\n","category_list":"","author_info":{"name":"","url":""},"comments_num":"0 comments","_links":{"self":[{"href":"https:\/\/www.backvita.com\/es\/wp-json\/wp\/v2\/product\/2968"}],"collection":[{"href":"https:\/\/www.backvita.com\/es\/wp-json\/wp\/v2\/product"}],"about":[{"href":"https:\/\/www.backvita.com\/es\/wp-json\/wp\/v2\/types\/product"}],"wp:featuredmedia":[{"embeddable":true,"href":"https:\/\/www.backvita.com\/es\/wp-json\/wp\/v2\/media\/2969"}],"wp:attachment":[{"href":"https:\/\/www.backvita.com\/es\/wp-json\/wp\/v2\/media?parent=2968"}],"wp:term":[{"taxonomy":"product_cat","embeddable":true,"href":"https:\/\/www.backvita.com\/es\/wp-json\/wp\/v2\/product_cat?post=2968"},{"taxonomy":"product_tag","embeddable":true,"href":"https:\/\/www.backvita.com\/es\/wp-json\/wp\/v2\/product_tag?post=2968"}],"curies":[{"name":"wp","href":"https:\/\/api.w.org\/{rel}","templated":true}]}}