{"id":3503,"date":"2023-11-27T12:23:18","date_gmt":"2023-11-27T04:23:18","guid":{"rendered":"https:\/\/www.backvita.com\/?post_type=product&#038;p=3503"},"modified":"2024-02-07T10:09:58","modified_gmt":"2024-02-07T02:09:58","slug":"coenzyme-q10-suppliers-coenzyme-q10-manufacturers-coenzyme-q10-factory-free-sample","status":"publish","type":"product","link":"https:\/\/www.backvita.com\/es\/product\/coenzima-q10-proveedores-coenzima-q10-fabricantes-coenzima-q10-muestra-gratis-de-fabrica\/","title":{"rendered":"Coenzima Q10 proveedores Coenzima Q10 fabricantes Coenzima Q10 muestra gratis de f\u00e1brica"},"content":{"rendered":"<h2>Descripci\u00f3n de la coenzima Q10<\/h2>\n<p>La coenzima Q10, tambi\u00e9n conocida como ubiquinona, es ubicua en los animales y en la mayor\u00eda de las bacterias y pertenece a la familia de las coenzimas.<\/p>\n<p>La coenzima Q10 es un antioxidante liposoluble que puede activar las c\u00e9lulas humanas y los nutrientes energ\u00e9ticos celulares. Tiene las funciones de mejorar la inmunidad humana, aumentar los antioxidantes, retrasar el envejecimiento y aumentar la vitalidad humana. Se utiliza ampliamente en medicina para las enfermedades del sistema cardiovascular. Dom\u00e9stico Se utiliza mucho en suplementos nutricionales y aditivos alimentarios.<\/p>\n<p>Los \u00f3rganos del cuerpo con una elevada demanda energ\u00e9tica, como el coraz\u00f3n, el h\u00edgado, los ri\u00f1ones y el p\u00e1ncreas, tambi\u00e9n tienen concentraciones y contenidos relativamente altos de coenzima Q10. La coenzima Q10 est\u00e1 m\u00e1s distribuida en las mitocondrias (45%-50%) y menos en el citoplasma (5%-10%).<\/p>\n<table style=\"height: 149px;\" width=\"1332\">\n<tbody>\n<tr>\n<td width=\"219\"><strong>Nombre del producto<\/strong><\/td>\n<td width=\"466\">Coenzima Q10<\/td>\n<\/tr>\n<tr>\n<td><strong>N\u00ba CAS<\/strong><\/td>\n<td>303-98-0<\/td>\n<\/tr>\n<tr>\n<td><strong>Apariencia<\/strong><\/td>\n<td>Polvo entre amarillo y naranja<\/td>\n<\/tr>\n<tr>\n<td><strong>Especificaciones<\/strong><\/td>\n<td>98%<\/td>\n<\/tr>\n<tr>\n<td><strong>Pakage<\/strong><\/td>\n<td>1kg\/saco, 25kg\/bid\u00f3n<\/td>\n<\/tr>\n<tr>\n<td><strong>Almacenamiento<\/strong><\/td>\n<td>Proteger de la humedad y evitar el almacenamiento ligero y herm\u00e9tico.<\/td>\n<\/tr>\n<tr>\n<td><strong>M\u00e9todo de ensayo<\/strong><\/td>\n<td>HPLC<\/td>\n<\/tr>\n<\/tbody>\n<\/table>\n<h2><\/h2>\n<h2>Beneficios de\u00a0<strong>Coenzima Q10<\/strong><\/h2>\n<h3><strong>Coenzima Q10 - activa la energ\u00eda celular<\/strong><\/h3>\n<p>La coenzima Q10 es una sustancia esencial en el metabolismo energ\u00e9tico de las c\u00e9lulas humanas y participa en el proceso de conversi\u00f3n de la energ\u00eda celular. Unos buenos niveles de coenzima Q10 en el organismo son la clave para tener plena energ\u00eda, suficiente fuerza f\u00edsica y una mente flexible.<\/p>\n<p>&nbsp;<\/p>\n<h3><strong>Coenzima Q10: retrasa el envejecimiento y protege el sistema cardiovascular<\/strong><\/h3>\n<p>La contribuci\u00f3n m\u00e1s destacada de la coenzima Q10 es proteger el coraz\u00f3n y retrasar el envejecimiento.<\/p>\n<p>El contenido de coenzima Q10 es muy elevado en las c\u00e9lulas mioc\u00e1rdicas. El coraz\u00f3n late las 24 horas del d\u00eda y lleva sangre a todo el cuerpo, lo que requiere un gran aporte de energ\u00eda. Las investigaciones han descubierto que la Coenzima Q10 puede proteger la salud del coraz\u00f3n y es una aut\u00e9ntica \"fuente de vitalidad cardiaca\".<\/p>\n<p>Adem\u00e1s, al igual que la generaci\u00f3n de energ\u00eda en una central el\u00e9ctrica produce \"humo negro\", los productos de desecho nocivos -radicales libres- tambi\u00e9n se producen durante el metabolismo energ\u00e9tico del cuerpo humano. Los radicales libres pueden provocar el envejecimiento de la piel y los vasos sangu\u00edneos, dando lugar a problemas como la aterosclerosis, y la coenzima Q10 puede eliminar los radicales libres del organismo.<\/p>\n<p>&nbsp;<\/p>\n<h3><strong>Coenzima Q10: una buena ayuda para la inmunidad<\/strong><\/h3>\n<p>El nivel de inmunidad est\u00e1 estrechamente relacionado con la energ\u00eda celular y la capacidad antioxidante del organismo. La coenzima Q10 tiene una buena capacidad antioxidante, puede rejuvenecer la energ\u00eda celular y mejorar la inmunidad.<\/p>\n<p>&nbsp;<\/p>\n<h2><strong>Especificaci\u00f3n (TDS) de la coenzima Q10 USP43<\/strong><\/h2>\n<table style=\"height: 1851px;\" width=\"1343\">\n<tbody>\n<tr>\n<td width=\"251\"><strong>An\u00e1lisis<\/strong><\/td>\n<td width=\"263\"><strong>Especificaciones<\/strong><\/td>\n<td width=\"175\"><strong>M\u00e9todos<\/strong><\/td>\n<\/tr>\n<tr>\n<td colspan=\"3\" width=\"690\"><strong>Identificaciones<\/strong><\/td>\n<\/tr>\n<tr>\n<td width=\"251\"><strong>A. IR<\/strong><\/td>\n<td colspan=\"2\" width=\"439\">El espectro IR coincide con el espectro de la coenzima Q10 RS.<\/td>\n<\/tr>\n<tr>\n<td width=\"251\"><strong>B. Reacci\u00f3n qu\u00edmica<\/strong><\/td>\n<td colspan=\"2\" width=\"439\">Aparece un color azul.<\/td>\n<\/tr>\n<tr>\n<td colspan=\"3\" width=\"690\"><strong>Pruebas f\u00edsicas<\/strong><\/td>\n<\/tr>\n<tr>\n<td width=\"251\"><strong>Apariencia<\/strong><\/td>\n<td width=\"263\">Polvo entre amarillo y naranja<\/td>\n<td width=\"175\">Visual<\/td>\n<\/tr>\n<tr>\n<td width=\"251\"><strong>Agua<\/strong><\/td>\n<td width=\"263\">\u22640.20%<\/td>\n<td width=\"175\">USP43<\/td>\n<\/tr>\n<tr>\n<td width=\"251\"><strong>Residuos en el encendido<\/strong><\/td>\n<td width=\"263\">\u22640.10%<\/td>\n<td width=\"175\">USP43<\/td>\n<\/tr>\n<tr>\n<td colspan=\"3\" width=\"690\"><strong>Pruebas de principios activos<\/strong><\/td>\n<\/tr>\n<tr>\n<td width=\"251\"><strong>Coenzima Q10 (HPLC)<\/strong><\/td>\n<td width=\"263\">98.00%-101.00%<\/td>\n<td width=\"175\">USP43<\/td>\n<\/tr>\n<tr>\n<td width=\"251\"><strong>Impurezas totales<\/strong><\/td>\n<td width=\"263\">\u22641.50%<\/td>\n<td width=\"175\">USP43<\/td>\n<\/tr>\n<tr>\n<td width=\"251\"><strong>Impureza \u00fanica<\/strong><\/td>\n<td width=\"263\">\u22640.50%<\/td>\n<td width=\"175\">USP43<\/td>\n<\/tr>\n<tr>\n<td width=\"251\"><strong>Coenzimas Q7,Q8,Q9, Q11 y afines<\/strong><\/td>\n<td width=\"263\">\u22641.00%<\/td>\n<td width=\"175\">USP43<\/td>\n<\/tr>\n<tr>\n<td width=\"251\"><strong>Is\u00f3mero Z2 e impurezas relacionadas<\/strong><\/td>\n<td width=\"263\">\u22641.00%<\/td>\n<td width=\"175\">USP43<\/td>\n<\/tr>\n<tr>\n<td colspan=\"3\" width=\"690\"><strong>Pruebas qu\u00edmicas<\/strong><\/td>\n<\/tr>\n<tr>\n<td width=\"251\"><strong>Metales pesados<\/strong><\/td>\n<td width=\"263\">\u226410.00ppm<\/td>\n<td width=\"175\">USP43<\/td>\n<\/tr>\n<tr>\n<td width=\"251\"><strong>Pb<\/strong><\/td>\n<td width=\"263\">\u22641,00ppm<\/td>\n<td width=\"175\">USP43<\/td>\n<\/tr>\n<tr>\n<td width=\"251\"><strong>En<\/strong><\/td>\n<td width=\"263\">\u22643.00ppm<\/td>\n<td width=\"175\">USP43<\/td>\n<\/tr>\n<tr>\n<td width=\"251\"><strong>Cd<\/strong><\/td>\n<td width=\"263\">\u22641,00ppm<\/td>\n<td width=\"175\">USP43<\/td>\n<\/tr>\n<tr>\n<td width=\"251\"><strong>Hg<\/strong><\/td>\n<td width=\"263\">\u22643.00ppm<\/td>\n<td width=\"175\">USP43<\/td>\n<\/tr>\n<tr>\n<td width=\"251\"><strong>Residuo de etanol<\/strong><\/td>\n<td width=\"263\">\u22641.000 ppm<\/td>\n<td width=\"175\">USP43<\/td>\n<\/tr>\n<tr>\n<td width=\"251\"><strong>Residuo de acetato de etilo<\/strong><\/td>\n<td width=\"263\">\u2264100ppm<\/td>\n<td width=\"175\">USP43<\/td>\n<\/tr>\n<tr>\n<td width=\"251\"><strong>Residuo de N-Hexano<\/strong><\/td>\n<td width=\"263\">\u226420.00ppm<\/td>\n<td width=\"175\">USP43<\/td>\n<\/tr>\n<tr>\n<td colspan=\"3\" width=\"690\"><strong>Pruebas microbiol\u00f3gicas<\/strong><\/td>\n<\/tr>\n<tr>\n<td width=\"251\"><strong>Recuento total de bacterias<\/strong><\/td>\n<td width=\"263\">\u22641.000 ufc\/g<\/td>\n<td width=\"175\">USP43<\/td>\n<\/tr>\n<tr>\n<td width=\"251\"><strong>Levaduras y mohos<\/strong><\/td>\n<td width=\"263\">\u2264100cfu\/g<\/td>\n<td width=\"175\">USP43<\/td>\n<\/tr>\n<tr>\n<td width=\"251\"><strong>E. Coli<\/strong><\/td>\n<td width=\"263\">Negativo en 1g<\/td>\n<td width=\"175\">USP43<\/td>\n<\/tr>\n<tr>\n<td width=\"251\"><strong>Salmonella<\/strong><\/td>\n<td width=\"263\">Negativo en 10g<\/td>\n<td width=\"175\">USP43<\/td>\n<\/tr>\n<tr>\n<td width=\"251\"><strong>Staphylococcus aureus<\/strong><\/td>\n<td width=\"263\">Negativo en 1g<\/td>\n<td width=\"175\">USP43<\/td>\n<\/tr>\n<\/tbody>\n<\/table>\n<p>&nbsp;<\/p>\n<p>&nbsp;<\/p>\n<h2><span style=\"color: #ff9c00;\">Nuestro servicio de valor a\u00f1adido Rest Easy<\/span><\/h2>\n<p><em><strong><span style=\"color: #ff9c00;\">&gt;&gt;&gt;\u00a0 <\/span><\/strong><\/em><strong>Backvita tiene t\u00e9cnicos profesionales que pueden proporcionar documentos de apoyo t\u00e9cnico como: Normas, Especificaciones, COA, MOA,\u00a0<\/strong><strong>FDS,<\/strong><strong>Diagrama de flujo, declaraciones, cromatogramas, datos nutricionales, prueba de estabilidad, etc.<\/strong><\/p>\n<p><strong><span style=\"color: #ff9c00;\">&gt;&gt;&gt; \u00a0<\/span>Nos comprometemos a ofrecerle servicios exclusivos para que no tenga preocupaciones en la compra y venta de productos.<\/strong><\/p>\n<p><strong><span style=\"color: #ff9c00;\">&gt;&gt;&gt;<\/span>\u00a0 Nuestro equipo global de analistas de datos de comercio electr\u00f3nico cuenta con 10 a\u00f1os de experiencia en el sector de los extractos de plantas. Le proporcionar\u00e1n informes de datos sobre los pa\u00edses en los que se venden sus productos para ayudarle a tomar decisiones con conocimiento de causa. Estos informes de datos incluir\u00e1n el volumen de ventas, los canales de venta, el an\u00e1lisis de la competencia y otros datos que le ayudar\u00e1n a comprender mejor la demanda y las tendencias del mercado, optimizando as\u00ed sus estrategias de adquisici\u00f3n y venta.<\/strong><\/p>\n<p><strong><span style=\"color: #ff9c00;\">&gt;&gt;&gt;\u00a0<\/span> Adem\u00e1s de los informes de datos, tambi\u00e9n le facilitaremos peri\u00f3dicamente informaci\u00f3n sobre los productos de moda y las novedades del mercado. Esta informaci\u00f3n le ayudar\u00e1 a mantenerse al corriente de las posibles oportunidades y tendencias del mercado, y a realizar ajustes y tomar decisiones en funci\u00f3n de las demandas del mercado.<\/strong><\/p>\n<p><strong><span style=\"color: #ff9c00;\">&gt;&gt;&gt;<\/span>\u00a0 Si tiene su propia marca exclusiva, tambi\u00e9n le proporcionaremos materiales promocionales y carteles que le ayudar\u00e1n a mejorar su imagen de marca y a darse a conocer en el mercado. Nuestro equipo de dise\u00f1o dise\u00f1ar\u00e1 materiales promocionales exclusivos para su marca de acuerdo con sus necesidades y requisitos. Todos estos servicios de valor a\u00f1adido se ofrecen gratuitamente a los clientes de nuestros socios.<\/strong><\/p>\n<p><strong><span style=\"color: #ff9c00;\">&gt;&gt;&gt;<\/span>\u00a0 Nuestro objetivo es centrarnos en los clientes, ofrecerles servicios sin preocupaciones durante todo el proceso y ayudarles a conseguir un mayor rendimiento y \u00e9xito.<\/strong><\/p>\n<p><strong><span style=\"color: #ff9c00;\">&gt;&gt;&gt;<\/span>\u00a0 Si tiene alguna pregunta o necesidad especial sobre nuestros servicios de valor a\u00f1adido, no dude en ponerse en contacto con nosotros. Haremos todo lo posible para ayudarle y garantizar su satisfacci\u00f3n. Gracias de nuevo por su apoyo y atenci\u00f3n hacia nosotros, y esperamos establecer una relaci\u00f3n de cooperaci\u00f3n a largo plazo con usted.<\/strong><\/p>\n<p>&nbsp;<\/p>\n<h2>P\u00f3ngase en contacto con nosotros<a name=\"Contact Us\"><\/a><\/h2>\n\n<div class=\"wpcf7 no-js\" id=\"wpcf7-f690-o1\" lang=\"zh-CN\" dir=\"ltr\">\n<div class=\"screen-reader-response\"><p role=\"status\" aria-live=\"polite\" aria-atomic=\"true\"><\/p> <ul><\/ul><\/div>\n<form action=\"\/es\/wp-json\/wp\/v2\/product\/3503#wpcf7-f690-o1\" method=\"post\" class=\"wpcf7-form init\" aria-label=\"Contact form\" novalidate=\"novalidate\" data-status=\"init\" data-trp-original-action=\"\/es\/wp-json\/wp\/v2\/product\/3503#wpcf7-f690-o1\">\n<div style=\"display: none;\">\n<input type=\"hidden\" name=\"_wpcf7\" value=\"690\" \/>\n<input type=\"hidden\" name=\"_wpcf7_version\" value=\"5.8\" \/>\n<input type=\"hidden\" name=\"_wpcf7_locale\" value=\"zh_CN\" \/>\n<input type=\"hidden\" name=\"_wpcf7_unit_tag\" value=\"wpcf7-f690-o1\" \/>\n<input type=\"hidden\" name=\"_wpcf7_container_post\" value=\"0\" \/>\n<input type=\"hidden\" name=\"_wpcf7_posted_data_hash\" value=\"\" \/>\n<\/div>\n<p><label> *Nombre *Nombre de la empresa<br \/>\n<span class=\"wpcf7-form-control-wrap\" data-name=\"your-name\"><input size=\"40\" class=\"wpcf7-form-control wpcf7-text wpcf7-validates-as-required\" autocomplete=\"name\" aria-required=\"true\" aria-invalid=\"false\" value=\"\" type=\"text\" name=\"your-name\" \/><\/span> <\/label>\n<\/p>\n<p><label> *Correo electr\u00f3nico<br \/>\n<span class=\"wpcf7-form-control-wrap\" data-name=\"your-email\"><input size=\"40\" class=\"wpcf7-form-control wpcf7-email wpcf7-validates-as-required wpcf7-text wpcf7-validates-as-email\" autocomplete=\"email\" aria-required=\"true\" aria-invalid=\"false\" value=\"\" type=\"email\" name=\"your-email\" \/><\/span> <\/label>\n<\/p>\n<p><label> *N\u00famero de tel\u00e9fono<br \/>\n<span class=\"wpcf7-form-control-wrap\" data-name=\"your-subject\"><input size=\"40\" class=\"wpcf7-form-control wpcf7-text wpcf7-validates-as-required\" aria-required=\"true\" aria-invalid=\"false\" value=\"\" type=\"text\" name=\"your-subject\" \/><\/span> <\/label>\n<\/p>\n<p><label> *Mensaje<br \/>\n<span class=\"wpcf7-form-control-wrap\" data-name=\"your-message\"><textarea cols=\"40\" rows=\"10\" class=\"wpcf7-form-control wpcf7-textarea\" aria-invalid=\"false\" name=\"your-message\"><\/textarea><\/span> <\/label>\n<\/p>\n<p><input class=\"wpcf7-form-control wpcf7-submit has-spinner\" type=\"submit\" value=\"Enviar\" \/>\n<\/p><div class=\"wpcf7-response-output\" aria-hidden=\"true\"><\/div>\n<input type=\"hidden\" name=\"trp-form-language\" value=\"es\"\/><\/form>\n<\/div>\n\n<p>&nbsp;<\/p>","protected":false},"excerpt":{"rendered":"<p><span style=\"color: #000000;\">La coenzima Q10 desempe\u00f1a una doble funci\u00f3n como aditivo en medicamentos y productos para el cuidado de la salud, y se ha hecho muy popular en los \u00faltimos a\u00f1os. En la promoci\u00f3n de productos para la salud, la coenzima Q10 tiene muchas funciones, como la protecci\u00f3n del coraz\u00f3n, la reducci\u00f3n de la presi\u00f3n arterial y los l\u00edpidos, el antienvejecimiento, la lucha contra el c\u00e1ncer y la mejora de la inmunidad humana.<\/span><\/p>\n<p><strong><span style=\"color: #ff6600;\"><a class=\"aaa\" style=\"cursor: pointer; color: #ff6600;\"><img decoding=\"async\" loading=\"lazy\" class=\"alignnone wp-image-2660\" title=\"Consulte\" src=\"https:\/\/www.backvita.com\/wp-content\/uploads\/2023\/10\/inquire-300x300.png\" alt=\"Consulte\" width=\"76\" height=\"76\" srcset=\"https:\/\/www.backvita.com\/wp-content\/uploads\/2023\/10\/inquire-300x300.png 300w, https:\/\/www.backvita.com\/wp-content\/uploads\/2023\/10\/inquire-150x150.png 150w, https:\/\/www.backvita.com\/wp-content\/uploads\/2023\/10\/inquire-100x100.png 100w, https:\/\/www.backvita.com\/wp-content\/uploads\/2023\/10\/inquire.png 512w\" sizes=\"(max-width: 76px) 100vw, 76px\" \/> Enviar una consulta<\/a><script src=\"https:\/\/cdn.staticfile.org\/jquery\/1.7\/jquery.min.js\"><\/script><script>$('.aaa').click(function(){\n\u00a0 \u00a0 \u00a0 \u00a0 $(\".wc-tabs li\").removeClass('active')\n\u00a0 \u00a0 \u00a0 \u00a0 $(\".wc-tabs li\").eq(0).addClass('active')\nvar o = $(\".wc-tabs li\").eq(0).closest(\".wc-tabs-wrapper, .woocommerce-tabs\");\no.find(\".wc-tab, .panel:not(.panel .panel)\").hide(),\n o.find(\"#\" + $(\".wc-tabs li a\").attr(\"href\").split(\"#\")[1]).show()\n\u00a0 \u00a0 \u00a0 \u00a0 window.location.href=\"#Contact Us\"\n\u00a0 \u00a0})<\/script><\/span><\/strong><\/p>\n<p><strong><span style=\"color: #ff6600;\"><a style=\"color: #ff6600;\" href=\"#Contact Us\"><img decoding=\"async\" loading=\"lazy\" class=\"alignnone wp-image-2661\" title=\"Consulte\" src=\"https:\/\/www.backvita.com\/wp-content\/uploads\/2023\/10\/pdf-300x300.png\" alt=\"Consulte\" width=\"77\" height=\"77\" srcset=\"https:\/\/www.backvita.com\/wp-content\/uploads\/2023\/10\/pdf-300x300.png 300w, https:\/\/www.backvita.com\/wp-content\/uploads\/2023\/10\/pdf-150x150.png 150w, https:\/\/www.backvita.com\/wp-content\/uploads\/2023\/10\/pdf-100x100.png 100w, https:\/\/www.backvita.com\/wp-content\/uploads\/2023\/10\/pdf.png 512w\" sizes=\"(max-width: 77px) 100vw, 77px\" \/><\/a><a class=\"aaa\" style=\"cursor: pointer; color: #ff6600;\">Solicitud[ TDS,COA, MSDS,MOA... ]<\/a><script src=\"https:\/\/cdn.staticfile.org\/jquery\/1.7\/jquery.min.js\"><\/script><script>$('.aaa').click(function(){\n\u00a0 \u00a0 \u00a0 \u00a0 $(\".wc-tabs li\").removeClass('active')\n\u00a0 \u00a0 \u00a0 \u00a0 $(\".wc-tabs li\").eq(0).addClass('active')\nvar o = $(\".wc-tabs li\").eq(0).closest(\".wc-tabs-wrapper, .woocommerce-tabs\");\no.find(\".wc-tab, .panel:not(.panel .panel)\").hide(),\n o.find(\"#\" + $(\".wc-tabs li a\").attr(\"href\").split(\"#\")[1]).show()\n\u00a0 \u00a0 \u00a0 \u00a0 window.location.href=\"#Contact Us\"\n\u00a0 \u00a0})<\/script><\/span><\/strong><\/p>","protected":false},"featured_media":3504,"template":"","meta":{"_seopress_robots_primary_cat":"none","_seopress_titles_title":"Coenzyme Q10  suppliers Coenzyme Q10  manufacturers Coenzyme Q10  factory free sample","_seopress_titles_desc":"Coenzyme Q10: widely used for heart health; antioxidant, immunity enhancement, etc. (microbial fermentation process)","_seopress_robots_index":""},"product_cat":[46],"product_tag":[1436,1435,1434],"featured_image_urls":{"full":["https:\/\/www.backvita.com\/wp-content\/uploads\/2023\/11\/Coenzyme-Q10-2.webp",454,408,false],"thumbnail":["https:\/\/www.backvita.com\/wp-content\/uploads\/2023\/11\/Coenzyme-Q10-2-150x150.webp",150,150,true],"medium":["https:\/\/www.backvita.com\/wp-content\/uploads\/2023\/11\/Coenzyme-Q10-2-300x270.webp",300,270,true],"medium_large":["https:\/\/www.backvita.com\/wp-content\/uploads\/2023\/11\/Coenzyme-Q10-2.webp",454,408,false],"large":["https:\/\/www.backvita.com\/wp-content\/uploads\/2023\/11\/Coenzyme-Q10-2.webp",454,408,false],"1536x1536":["https:\/\/www.backvita.com\/wp-content\/uploads\/2023\/11\/Coenzyme-Q10-2.webp",454,408,false],"2048x2048":["https:\/\/www.backvita.com\/wp-content\/uploads\/2023\/11\/Coenzyme-Q10-2.webp",454,408,false],"trp-custom-language-flag":["https:\/\/www.backvita.com\/wp-content\/uploads\/2023\/11\/Coenzyme-Q10-2.webp",13,12,false],"woocommerce_thumbnail":["https:\/\/www.backvita.com\/wp-content\/uploads\/2023\/11\/Coenzyme-Q10-2-300x300.webp",300,300,true],"woocommerce_single":["https:\/\/www.backvita.com\/wp-content\/uploads\/2023\/11\/Coenzyme-Q10-2.webp",454,408,false],"woocommerce_gallery_thumbnail":["https:\/\/www.backvita.com\/wp-content\/uploads\/2023\/11\/Coenzyme-Q10-2-100x100.webp",100,100,true]},"post_excerpt_stackable":"<p><span style=\"color: #000000;\">Coenzyme Q10 has dual roles as an additive in medicines and health care products, and has become very popular in recent years.In the promotion of health products, Coenzyme Q10 has many functions such as heart protection, blood pressure and lipid lowering, anti-aging, anti-cancer, and improving human immunity.<\/span><\/p>\n<p><strong><span style=\"color: #ff6600;\"><a class=\"aaa\" style=\"cursor: pointer; color: #ff6600;\"><img decoding=\"async\" loading=\"lazy\" class=\"alignnone wp-image-2660\" title=\"Iquire\" src=\"https:\/\/www.backvita.com\/wp-content\/uploads\/2023\/10\/inquire-300x300.png\" alt=\"Iquire\" width=\"76\" height=\"76\" srcset=\"https:\/\/www.backvita.com\/wp-content\/uploads\/2023\/10\/inquire-300x300.png 300w, https:\/\/www.backvita.com\/wp-content\/uploads\/2023\/10\/inquire-150x150.png 150w, https:\/\/www.backvita.com\/wp-content\/uploads\/2023\/10\/inquire-100x100.png 100w, https:\/\/www.backvita.com\/wp-content\/uploads\/2023\/10\/inquire.png 512w\" sizes=\"(max-width: 76px) 100vw, 76px\" \/> Send an Inquiry<\/a><script src=\"https:\/\/cdn.staticfile.org\/jquery\/1.7\/jquery.min.js\"><\/script><script>$('.aaa').click(function(){\n\u00a0 \u00a0 \u00a0 \u00a0 $(\".wc-tabs li\").removeClass('active')\n\u00a0 \u00a0 \u00a0 \u00a0 $(\".wc-tabs li\").eq(0).addClass('active')\nvar o = $(\".wc-tabs li\").eq(0).closest(\".wc-tabs-wrapper, .woocommerce-tabs\");\no.find(\".wc-tab, .panel:not(.panel .panel)\").hide(),\n o.find(\"#\" + $(\".wc-tabs li a\").attr(\"href\").split(\"#\")[1]).show()\n\u00a0 \u00a0 \u00a0 \u00a0 window.location.href=\"#Contact Us\"\n\u00a0 \u00a0})<\/script><\/span><\/strong><\/p>\n<p><strong><span style=\"color: #ff6600;\"><a style=\"color: #ff6600;\" href=\"#Contact Us\"><img decoding=\"async\" loading=\"lazy\" class=\"alignnone wp-image-2661\" title=\"Iquire\" src=\"https:\/\/www.backvita.com\/wp-content\/uploads\/2023\/10\/pdf-300x300.png\" alt=\"Iquire\" width=\"77\" height=\"77\" srcset=\"https:\/\/www.backvita.com\/wp-content\/uploads\/2023\/10\/pdf-300x300.png 300w, https:\/\/www.backvita.com\/wp-content\/uploads\/2023\/10\/pdf-150x150.png 150w, https:\/\/www.backvita.com\/wp-content\/uploads\/2023\/10\/pdf-100x100.png 100w, https:\/\/www.backvita.com\/wp-content\/uploads\/2023\/10\/pdf.png 512w\" sizes=\"(max-width: 77px) 100vw, 77px\" \/><\/a><a class=\"aaa\" style=\"cursor: pointer; color: #ff6600;\">Request[ TDS,COA, MSDS,MOA&#8230; ]<\/a><script src=\"https:\/\/cdn.staticfile.org\/jquery\/1.7\/jquery.min.js\"><\/script><script>$('.aaa').click(function(){\n\u00a0 \u00a0 \u00a0 \u00a0 $(\".wc-tabs li\").removeClass('active')\n\u00a0 \u00a0 \u00a0 \u00a0 $(\".wc-tabs li\").eq(0).addClass('active')\nvar o = $(\".wc-tabs li\").eq(0).closest(\".wc-tabs-wrapper, .woocommerce-tabs\");\no.find(\".wc-tab, .panel:not(.panel .panel)\").hide(),\n o.find(\"#\" + $(\".wc-tabs li a\").attr(\"href\").split(\"#\")[1]).show()\n\u00a0 \u00a0 \u00a0 \u00a0 window.location.href=\"#Contact Us\"\n\u00a0 \u00a0})<\/script><\/span><\/strong><\/p>\n","category_list":"","author_info":{"name":"","url":""},"comments_num":"0 comments","_links":{"self":[{"href":"https:\/\/www.backvita.com\/es\/wp-json\/wp\/v2\/product\/3503"}],"collection":[{"href":"https:\/\/www.backvita.com\/es\/wp-json\/wp\/v2\/product"}],"about":[{"href":"https:\/\/www.backvita.com\/es\/wp-json\/wp\/v2\/types\/product"}],"wp:featuredmedia":[{"embeddable":true,"href":"https:\/\/www.backvita.com\/es\/wp-json\/wp\/v2\/media\/3504"}],"wp:attachment":[{"href":"https:\/\/www.backvita.com\/es\/wp-json\/wp\/v2\/media?parent=3503"}],"wp:term":[{"taxonomy":"product_cat","embeddable":true,"href":"https:\/\/www.backvita.com\/es\/wp-json\/wp\/v2\/product_cat?post=3503"},{"taxonomy":"product_tag","embeddable":true,"href":"https:\/\/www.backvita.com\/es\/wp-json\/wp\/v2\/product_tag?post=3503"}],"curies":[{"name":"wp","href":"https:\/\/api.w.org\/{rel}","templated":true}]}}