{"id":3592,"date":"2023-11-29T15:03:04","date_gmt":"2023-11-29T07:03:04","guid":{"rendered":"https:\/\/www.backvita.com\/?post_type=product&#038;p=3592"},"modified":"2024-02-07T10:03:37","modified_gmt":"2024-02-07T02:03:37","slug":"tudca-suppliers-tudca-manufacturers-tudca-factory-free-sample","status":"publish","type":"product","link":"https:\/\/www.backvita.com\/es\/product\/tudca-proveedores-tudca-fabricantes-tudca-fabrica-muestra-gratis\/","title":{"rendered":"TUDCA proveedores TUDCA fabricantes TUDCA muestra gratis de f\u00e1brica"},"content":{"rendered":"<h2>\u00bfQu\u00e9 es la TUDCA?<\/h2>\n<p>El \u00e1cido desoxic\u00f3lico de taurina es un \u00e1cido biliar hidrosoluble de origen natural. Las bacterias del intestino grueso descomponen las sales biliares y las convierten en \u00e1cido ursodesoxic\u00f3lico (UDCA). A continuaci\u00f3n, se combina con mol\u00e9culas de taurina para crear TUDCA.<\/p>\n<p>El TUDCA se ha utilizado como suplemento en la medicina tradicional china durante miles de a\u00f1os. Procede originalmente de la bilis de oso y se compone de 50% TUDCA. Hoy en d\u00eda, este suplemento beneficioso para la salud es sint\u00e9tico.<\/p>\n<table style=\"height: 149px;\" width=\"1332\">\n<tbody>\n<tr>\n<td width=\"219\"><strong>Nombre del producto<\/strong><\/td>\n<td width=\"466\">TUDCA<\/td>\n<\/tr>\n<tr>\n<td><strong>N\u00ba CAS<\/strong><\/td>\n<td>14605-22-2<\/td>\n<\/tr>\n<tr>\n<td><strong>Apariencia<\/strong><\/td>\n<td>polvo blanco<\/td>\n<\/tr>\n<tr>\n<td><strong>Especificaciones<\/strong><\/td>\n<td>99%<\/td>\n<\/tr>\n<tr>\n<td><strong>Pakage<\/strong><\/td>\n<td>1kg\/saco, 25kg\/bid\u00f3n<\/td>\n<\/tr>\n<tr>\n<td><strong>Almacenamiento<\/strong><\/td>\n<td>Proteger de la humedad y evitar el almacenamiento ligero y herm\u00e9tico.<\/td>\n<\/tr>\n<tr>\n<td><strong>M\u00e9todo de ensayo<\/strong><\/td>\n<td>HPLC<\/td>\n<\/tr>\n<\/tbody>\n<\/table>\n<h2><\/h2>\n<h2>Ventajas de la TUDCA<\/h2>\n<p>Se ha demostrado que los suplementos de TUDCA proporcionan muchos beneficios para la salud del h\u00edgado y del sistema gastrointestinal, pero sorprendentemente, el TUDCA tiene docenas de otros beneficios que se extienden mucho m\u00e1s all\u00e1 del sistema digestivo.<\/p>\n<p>Los estudios precl\u00ednicos demuestran que el TUDCA es neuroprotector, antiinflamatorio, antidiab\u00e9tico y tiene muchas m\u00e1s propiedades beneficiosas para la salud.<\/p>\n<p>&nbsp;<\/p>\n<h3><strong>Reducir el lodo biliar (colestasis)<\/strong><\/h3>\n<p>En ensayos cl\u00ednicos se observ\u00f3 que el TUDCA tiene un fuerte efecto como \u00e1cido biliar, mejorando la colestasis al reducir el lodo biliar. Los s\u00edntomas de la colestasis pueden incluir orina oscura, heces de color claro y picor intenso.<\/p>\n<p>&nbsp;<\/p>\n<h3><strong>Mejorar la digesti\u00f3n<\/strong><\/h3>\n<p>El TUDCA ayuda a mejorar el flujo biliar, lo que favorece una digesti\u00f3n y absorci\u00f3n saludables de las grasas alimentarias. Las investigaciones demuestran que el TUDCA no s\u00f3lo aumenta el flujo biliar, sino que tambi\u00e9n mejora la composici\u00f3n qu\u00edmica de la bilis para que contenga m\u00e1s compuestos que faciliten la digesti\u00f3n.<\/p>\n<p>El reflujo \u00e1cido da\u00f1a la mucosa del est\u00f3mago con el tiempo porque el \u00e1cido estomacal es muy \u00e1cido. El TUDCA mejora el da\u00f1o de la pared g\u00e1strica causado por el reflujo biliar. El Dr. Berg tambi\u00e9n recomienda beber ACV (vinagre de sidra de manzana) todos los d\u00edas mientras se sigue la dieta cetog\u00e9nica.<\/p>\n<p>&nbsp;<\/p>\n<h3><strong>Promover la salud intestinal<\/strong><\/h3>\n<p>El TUDCA favorece un revestimiento intestinal sano, previniendo y mejorando el s\u00edndrome del intestino permeable. El s\u00edndrome de intestino permeable es un trastorno digestivo com\u00fan que implica da\u00f1os en el revestimiento intestinal. Los da\u00f1os a largo plazo del s\u00edndrome de intestino permeable pueden provocar permeabilidad intestinal. Esto significa que las sustancias que deber\u00edan permanecer en el tracto digestivo pueden escapar o filtrarse.<\/p>\n<p>El estr\u00e9s y una dieta inadecuada son factores comunes que provocan el s\u00edndrome del intestino permeable. Tambi\u00e9n se cree que los contaminantes ambientales, como los pesticidas, contribuyen al s\u00edndrome del intestino permeable.<\/p>\n<p>&nbsp;<\/p>\n<h3><strong>Favorece un sistema cardiovascular sano<\/strong><\/h3>\n<p>El TUDCA ayuda a descomponer y eliminar el exceso de colesterol del organismo. El TUDCA altera el metabolismo hep\u00e1tico del colesterol. En un peque\u00f1o estudio en humanos se observ\u00f3 que la toma diaria de 1.000 a 1.500 mg de TUDCA durante seis meses reduc\u00eda los niveles totales de colesterol.<\/p>\n<p>El TUDCA tambi\u00e9n favorece la salud de los vasos sangu\u00edneos. Las investigaciones demuestran que el TUDCA recluta c\u00e9lulas progenitoras angiog\u00e9nicas y puede acelerar la reparaci\u00f3n y formaci\u00f3n de vasos sangu\u00edneos.<\/p>\n<p>&nbsp;<\/p>\n<h3><strong>Estabilizar las mitocondrias<\/strong><\/h3>\n<p>El TUDCA contribuye a la salud mitocondrial. Las mitocondrias son las partes productoras de energ\u00eda de las c\u00e9lulas humanas. Las mitocondrias proporcionan energ\u00eda a las c\u00e9lulas. Cuando las mitocondrias no funcionan correctamente, se produce la muerte celular.<\/p>\n<p>La muerte celular normal\/programada es un proceso corporal importante; cuando las c\u00e9lulas est\u00e1n da\u00f1adas o no son necesarias, TUDCA las elimina.<\/p>\n<p>Algunos procesos patol\u00f3gicos pueden conducir a una muerte celular prematura. Las mitocondrias son una parte de la c\u00e9lula especialmente implicada en la muerte celular por apoptosis. Tanto el \u00e1cido taurodeoxic\u00f3lico (TUDCA) como el \u00e1cido ursodesoxic\u00f3lico (UDCA) interrumpen la v\u00eda mitocondrial de la muerte celular.<\/p>\n<p>&nbsp;<\/p>\n<h3><strong>Reducir la inflamaci\u00f3n<\/strong><\/h3>\n<p>La investigaci\u00f3n sobre la neuroinflamaci\u00f3n ha descubierto que el TUDCA tiene efectos antiinflamatorios en las c\u00e9lulas gliales. Las c\u00e9lulas gliales promueven el desarrollo de nuevas neuronas. Las c\u00e9lulas gliales se encuentran en el sistema nervioso central (cerebro y columna vertebral).<\/p>\n<p>Las c\u00e9lulas de la gl\u00eda son m\u00e1s peque\u00f1as y numerosas que las neuronas (c\u00e9lulas nerviosas). Estas diminutas c\u00e9lulas ayudan a las c\u00e9lulas nerviosas a recuperarse de un da\u00f1o, como un ictus.<\/p>\n<p>&nbsp;<\/p>\n<h3><strong>Favorecen la absorci\u00f3n de nutrientes liposolubles<\/strong><\/h3>\n<p>Las sales biliares permiten al organismo descomponer y absorber mejor las vitaminas liposolubles, como las vitaminas A, D, E y K. El TUDCA aumenta la producci\u00f3n de bilis y mejora la capacidad del organismo para absorber las vitaminas liposolubles.<\/p>\n<p>&nbsp;<\/p>\n<h3><strong>Proteger el h\u00edgado<\/strong><\/h3>\n<p>El \u00e1cido taurodeoxic\u00f3lico (TUDCA) y el \u00e1cido ursodesoxic\u00f3lico (UDCA) son suplementos de \u00e1cidos biliares que pueden ayudar a promover la salud del h\u00edgado, incluso en personas con enfermedad hep\u00e1tica. La cirrosis es una complicaci\u00f3n de la enfermedad hep\u00e1tica avanzada causada por el abuso del alcohol, la hepatitis o la enfermedad del h\u00edgado graso (obesidad o diabetes).<\/p>\n<p>La elevaci\u00f3n de las enzimas hep\u00e1ticas (incluidas ALT, AST y ALP) indica cambios en la funci\u00f3n hep\u00e1tica. Los estudios han descubierto que el TUDCA puede reducir significativamente las enzimas hep\u00e1ticas s\u00e9ricas.<\/p>\n<p>Las sales biliares act\u00faan como detergente; cuando vuelve, es un fuerte irritante que puede causar hinchaz\u00f3n abdominal, inflamaci\u00f3n y dolor.<\/p>\n<p>&nbsp;<\/p>\n<h3><strong>Favorece la sensibilidad a la insulina<\/strong><\/h3>\n<p>La sensibilidad a la insulina se produce cuando las c\u00e9lulas del organismo no responden adecuadamente a la insulina. Como consecuencia, las c\u00e9lulas tienen dificultades para absorber el az\u00facar de la sangre. Un peque\u00f1o estudio de cuatro semanas en el que participaron personas con resistencia a la insulina demostr\u00f3 que la toma diaria de TUDCA mejoraba la sensibilidad a la insulina en 30%.<\/p>\n<p>&nbsp;<\/p>\n<h3><strong>Mejora la salud de la retina y la visi\u00f3n<\/strong><\/h3>\n<p>Parte importante de la visi\u00f3n, la retina es una capa situada en la parte posterior del ojo que convierte la luz en se\u00f1ales el\u00e9ctricas y las env\u00eda al cerebro para interpretar lo que se ve.<\/p>\n<p>&nbsp;<\/p>\n<p>La vitamina A es una vitamina liposoluble; se absorbe junto con la grasa alimentaria y se almacena en el h\u00edgado y el tejido adiposo del organismo. La vitamina A es conocida desde hace tiempo por su capacidad para promover la salud ocular. Sin vitamina A, las personas pueden sufrir ceguera nocturna.<\/p>\n<p>El TUDCA mejora la visi\u00f3n porque favorece la correcta descomposici\u00f3n y absorci\u00f3n de la vitamina A.<\/p>\n<p>&nbsp;<\/p>\n<h3><strong>Proteger el sistema nervioso<\/strong><\/h3>\n<p>El TUDCA ha demostrado ser prometedor por sus beneficios neuroprotectores, ya que protege el sistema nervioso y mejora significativamente la funci\u00f3n neurol\u00f3gica tras un ictus.<\/p>\n<p>Pruebas cient\u00edficas convincentes demuestran que TUDCA ayuda a reducir las placas amiloides, la causa de la enfermedad de Alzheimer. TUDCA puede reducir las placas amiloides en el cerebro incluso despu\u00e9s de la aparici\u00f3n de la enfermedad de Alzheimer produce.<\/p>\n<p>El TUDCA se considera un futuro tratamiento potencial para enfermedades neurol\u00f3gicas como la enfermedad de Huntington, el Parkinson y el Alzheimer.<\/p>\n<p>&nbsp;<\/p>\n<h3><strong>Act\u00faa como antioxidante<\/strong><\/h3>\n<p>El TUDCA act\u00faa como un potente antioxidante que combate las toxinas que se acumulan en el organismo a causa del tabaco y de la exposici\u00f3n a otras toxinas y contaminantes.<\/p>\n<p>&nbsp;<\/p>\n<h2><span style=\"color: #ff9c00;\">Nuestro servicio de valor a\u00f1adido Rest Easy<\/span><\/h2>\n<p><em><strong><span style=\"color: #ff9c00;\">&gt;&gt;&gt;\u00a0 <\/span><\/strong><\/em><strong>Backvita tiene t\u00e9cnicos profesionales que pueden proporcionar documentos de apoyo t\u00e9cnico como: Normas, Especificaciones, COA, MOA,\u00a0<\/strong><strong>FDS,<\/strong><strong>Diagrama de flujo, declaraciones, cromatogramas, datos nutricionales, prueba de estabilidad, etc.<\/strong><\/p>\n<p><strong><span style=\"color: #ff9c00;\">&gt;&gt;&gt; \u00a0<\/span>Nos comprometemos a ofrecerle servicios exclusivos para que no tenga preocupaciones en la compra y venta de productos.<\/strong><\/p>\n<p><strong><span style=\"color: #ff9c00;\">&gt;&gt;&gt;<\/span>\u00a0 Nuestro equipo global de analistas de datos de comercio electr\u00f3nico cuenta con 10 a\u00f1os de experiencia en el sector de los extractos de plantas. Le proporcionar\u00e1n informes de datos sobre los pa\u00edses en los que se venden sus productos para ayudarle a tomar decisiones con conocimiento de causa. Estos informes de datos incluir\u00e1n el volumen de ventas, los canales de venta, el an\u00e1lisis de la competencia y otros datos que le ayudar\u00e1n a comprender mejor la demanda y las tendencias del mercado, optimizando as\u00ed sus estrategias de adquisici\u00f3n y venta.<\/strong><\/p>\n<p><strong><span style=\"color: #ff9c00;\">&gt;&gt;&gt;\u00a0<\/span> Adem\u00e1s de los informes de datos, tambi\u00e9n le facilitaremos peri\u00f3dicamente informaci\u00f3n sobre los productos de moda y las novedades del mercado. Esta informaci\u00f3n le ayudar\u00e1 a mantenerse al corriente de las posibles oportunidades y tendencias del mercado, y a realizar ajustes y tomar decisiones en funci\u00f3n de las demandas del mercado.<\/strong><\/p>\n<p><strong><span style=\"color: #ff9c00;\">&gt;&gt;&gt;<\/span>\u00a0 Si tiene su propia marca exclusiva, tambi\u00e9n le proporcionaremos materiales promocionales y carteles que le ayudar\u00e1n a mejorar su imagen de marca y a darse a conocer en el mercado. Nuestro equipo de dise\u00f1o dise\u00f1ar\u00e1 materiales promocionales exclusivos para su marca de acuerdo con sus necesidades y requisitos. Todos estos servicios de valor a\u00f1adido se ofrecen gratuitamente a los clientes de nuestros socios.<\/strong><\/p>\n<p><strong><span style=\"color: #ff9c00;\">&gt;&gt;&gt;<\/span>\u00a0 Nuestro objetivo es centrarnos en los clientes, ofrecerles servicios sin preocupaciones durante todo el proceso y ayudarles a conseguir un mayor rendimiento y \u00e9xito.<\/strong><\/p>\n<p><strong><span style=\"color: #ff9c00;\">&gt;&gt;&gt;<\/span>\u00a0 Si tiene alguna pregunta o necesidad especial sobre nuestros servicios de valor a\u00f1adido, no dude en ponerse en contacto con nosotros. Haremos todo lo posible para ayudarle y garantizar su satisfacci\u00f3n. Gracias de nuevo por su apoyo y atenci\u00f3n hacia nosotros, y esperamos establecer una relaci\u00f3n de cooperaci\u00f3n a largo plazo con usted.<\/strong><\/p>\n<h2><\/h2>\n<h2>P\u00f3ngase en contacto con nosotros<a name=\"Contact Us\"><\/a><\/h2>\n\n<div class=\"wpcf7 no-js\" id=\"wpcf7-f690-o1\" lang=\"zh-CN\" dir=\"ltr\">\n<div class=\"screen-reader-response\"><p role=\"status\" aria-live=\"polite\" aria-atomic=\"true\"><\/p> <ul><\/ul><\/div>\n<form action=\"\/es\/wp-json\/wp\/v2\/product\/3592#wpcf7-f690-o1\" method=\"post\" class=\"wpcf7-form init\" aria-label=\"Contact form\" novalidate=\"novalidate\" data-status=\"init\" data-trp-original-action=\"\/es\/wp-json\/wp\/v2\/product\/3592#wpcf7-f690-o1\">\n<div style=\"display: none;\">\n<input type=\"hidden\" name=\"_wpcf7\" value=\"690\" \/>\n<input type=\"hidden\" name=\"_wpcf7_version\" value=\"5.8\" \/>\n<input type=\"hidden\" name=\"_wpcf7_locale\" value=\"zh_CN\" \/>\n<input type=\"hidden\" name=\"_wpcf7_unit_tag\" value=\"wpcf7-f690-o1\" \/>\n<input type=\"hidden\" name=\"_wpcf7_container_post\" value=\"0\" \/>\n<input type=\"hidden\" name=\"_wpcf7_posted_data_hash\" value=\"\" \/>\n<\/div>\n<p><label> *Nombre *Nombre de la empresa<br \/>\n<span class=\"wpcf7-form-control-wrap\" data-name=\"your-name\"><input size=\"40\" class=\"wpcf7-form-control wpcf7-text wpcf7-validates-as-required\" autocomplete=\"name\" aria-required=\"true\" aria-invalid=\"false\" value=\"\" type=\"text\" name=\"your-name\" \/><\/span> <\/label>\n<\/p>\n<p><label> *Correo electr\u00f3nico<br \/>\n<span class=\"wpcf7-form-control-wrap\" data-name=\"your-email\"><input size=\"40\" class=\"wpcf7-form-control wpcf7-email wpcf7-validates-as-required wpcf7-text wpcf7-validates-as-email\" autocomplete=\"email\" aria-required=\"true\" aria-invalid=\"false\" value=\"\" type=\"email\" name=\"your-email\" \/><\/span> <\/label>\n<\/p>\n<p><label> *N\u00famero de tel\u00e9fono<br \/>\n<span class=\"wpcf7-form-control-wrap\" data-name=\"your-subject\"><input size=\"40\" class=\"wpcf7-form-control wpcf7-text wpcf7-validates-as-required\" aria-required=\"true\" aria-invalid=\"false\" value=\"\" type=\"text\" name=\"your-subject\" \/><\/span> <\/label>\n<\/p>\n<p><label> *Mensaje<br \/>\n<span class=\"wpcf7-form-control-wrap\" data-name=\"your-message\"><textarea cols=\"40\" rows=\"10\" class=\"wpcf7-form-control wpcf7-textarea\" aria-invalid=\"false\" name=\"your-message\"><\/textarea><\/span> <\/label>\n<\/p>\n<p><input class=\"wpcf7-form-control wpcf7-submit has-spinner\" type=\"submit\" value=\"Enviar\" \/>\n<\/p><div class=\"wpcf7-response-output\" aria-hidden=\"true\"><\/div>\n<input type=\"hidden\" name=\"trp-form-language\" value=\"es\"\/><\/form>\n<\/div>\n\n<p>&nbsp;<\/p>","protected":false},"excerpt":{"rendered":"<p><span style=\"color: #000000;\">El TUDCA se ha utilizado como suplemento en la medicina tradicional china durante miles de a\u00f1os. Procede originalmente de la bilis de oso y se compone de 50% TUDCA. Hoy en d\u00eda, este suplemento beneficioso para la salud es sint\u00e9tico.<\/span><\/p>\n<p><strong><a class=\"aaa\" style=\"cursor: pointer;\"><img decoding=\"async\" loading=\"lazy\" class=\"alignnone wp-image-2660\" title=\"Consulte\" src=\"https:\/\/www.backvita.com\/wp-content\/uploads\/2023\/10\/inquire-300x300.png\" alt=\"Consulte\" width=\"75\" height=\"75\" srcset=\"https:\/\/www.backvita.com\/wp-content\/uploads\/2023\/10\/inquire-300x300.png 300w, https:\/\/www.backvita.com\/wp-content\/uploads\/2023\/10\/inquire-150x150.png 150w, https:\/\/www.backvita.com\/wp-content\/uploads\/2023\/10\/inquire-100x100.png 100w, https:\/\/www.backvita.com\/wp-content\/uploads\/2023\/10\/inquire.png 512w\" sizes=\"(max-width: 75px) 100vw, 75px\" \/> <span style=\"color: #ff6600;\">Enviar una consulta<\/span><\/a><span style=\"color: #ff6600;\"><script src=\"https:\/\/cdn.staticfile.org\/jquery\/1.7\/jquery.min.js\"><\/script><script>$('.aaa').click(function(){\n\u00a0 \u00a0 \u00a0 \u00a0 $(\".wc-tabs li\").removeClass('active')\n\u00a0 \u00a0 \u00a0 \u00a0 $(\".wc-tabs li\").eq(0).addClass('active')\nvar o = $(\".wc-tabs li\").eq(0).closest(\".wc-tabs-wrapper, .woocommerce-tabs\");\no.find(\".wc-tab, .panel:not(.panel .panel)\").hide(),\n o.find(\"#\" + $(\".wc-tabs li a\").attr(\"href\").split(\"#\")[1]).show()\n\u00a0 \u00a0 \u00a0 \u00a0 window.location.href=\"#Contact Us\"\n\u00a0 \u00a0})<\/script><\/span><\/strong><\/p>\n<p><span style=\"color: #ff6600;\"><strong><a style=\"color: #ff6600;\" href=\"#Contact Us\"><img decoding=\"async\" loading=\"lazy\" class=\"alignnone wp-image-2661\" title=\"Consulte\" src=\"https:\/\/www.backvita.com\/wp-content\/uploads\/2023\/10\/pdf-300x300.png\" alt=\"Consulte\" width=\"75\" height=\"75\" srcset=\"https:\/\/www.backvita.com\/wp-content\/uploads\/2023\/10\/pdf-300x300.png 300w, https:\/\/www.backvita.com\/wp-content\/uploads\/2023\/10\/pdf-150x150.png 150w, https:\/\/www.backvita.com\/wp-content\/uploads\/2023\/10\/pdf-100x100.png 100w, https:\/\/www.backvita.com\/wp-content\/uploads\/2023\/10\/pdf.png 512w\" sizes=\"(max-width: 75px) 100vw, 75px\" \/><\/a><a class=\"aaa\" style=\"cursor: pointer; color: #ff6600;\">Solicitud[ TDS,COA, MSDS,MOA... ]<\/a><script src=\"https:\/\/cdn.staticfile.org\/jquery\/1.7\/jquery.min.js\"><\/script><script>$('.aaa').click(function(){\n\u00a0 \u00a0 \u00a0 \u00a0 $(\".wc-tabs li\").removeClass('active')\n\u00a0 \u00a0 \u00a0 \u00a0 $(\".wc-tabs li\").eq(0).addClass('active')\nvar o = $(\".wc-tabs li\").eq(0).closest(\".wc-tabs-wrapper, .woocommerce-tabs\");\no.find(\".wc-tab, .panel:not(.panel .panel)\").hide(),\n o.find(\"#\" + $(\".wc-tabs li a\").attr(\"href\").split(\"#\")[1]).show()\n\u00a0 \u00a0 \u00a0 \u00a0 window.location.href=\"#Contact Us\"\n\u00a0 \u00a0})<\/script><\/strong><\/span><\/p>","protected":false},"featured_media":3593,"template":"","meta":{"_seopress_robots_primary_cat":"none","_seopress_titles_title":"TUDCA  suppliers TUDCA  manufacturers TUDCA  factory free sample","_seopress_titles_desc":"TUDCA has been used as a supplement in traditional Chinese medicine for thousands of years. It is originally derived from bear bile and consists of 50% TUDCA. Today, this health-promoting supplement is synthetic.","_seopress_robots_index":""},"product_cat":[22,52],"product_tag":[1459,1458],"featured_image_urls":{"full":["https:\/\/www.backvita.com\/wp-content\/uploads\/2023\/11\/TUDCA.webp",451,449,false],"thumbnail":["https:\/\/www.backvita.com\/wp-content\/uploads\/2023\/11\/TUDCA-150x150.webp",150,150,true],"medium":["https:\/\/www.backvita.com\/wp-content\/uploads\/2023\/11\/TUDCA-300x300.webp",300,300,true],"medium_large":["https:\/\/www.backvita.com\/wp-content\/uploads\/2023\/11\/TUDCA.webp",451,449,false],"large":["https:\/\/www.backvita.com\/wp-content\/uploads\/2023\/11\/TUDCA.webp",451,449,false],"1536x1536":["https:\/\/www.backvita.com\/wp-content\/uploads\/2023\/11\/TUDCA.webp",451,449,false],"2048x2048":["https:\/\/www.backvita.com\/wp-content\/uploads\/2023\/11\/TUDCA.webp",451,449,false],"trp-custom-language-flag":["https:\/\/www.backvita.com\/wp-content\/uploads\/2023\/11\/TUDCA.webp",12,12,false],"woocommerce_thumbnail":["https:\/\/www.backvita.com\/wp-content\/uploads\/2023\/11\/TUDCA-300x300.webp",300,300,true],"woocommerce_single":["https:\/\/www.backvita.com\/wp-content\/uploads\/2023\/11\/TUDCA.webp",451,449,false],"woocommerce_gallery_thumbnail":["https:\/\/www.backvita.com\/wp-content\/uploads\/2023\/11\/TUDCA-100x100.webp",100,100,true]},"post_excerpt_stackable":"<p><span style=\"color: #000000;\">TUDCA has been used as a supplement in traditional Chinese medicine for thousands of years. It is originally derived from bear bile and consists of 50% TUDCA. Today, this health-promoting supplement is synthetic.<\/span><\/p>\n<p><strong><a class=\"aaa\" style=\"cursor: pointer;\"><img decoding=\"async\" loading=\"lazy\" class=\"alignnone wp-image-2660\" title=\"Iquire\" src=\"https:\/\/www.backvita.com\/wp-content\/uploads\/2023\/10\/inquire-300x300.png\" alt=\"Iquire\" width=\"75\" height=\"75\" srcset=\"https:\/\/www.backvita.com\/wp-content\/uploads\/2023\/10\/inquire-300x300.png 300w, https:\/\/www.backvita.com\/wp-content\/uploads\/2023\/10\/inquire-150x150.png 150w, https:\/\/www.backvita.com\/wp-content\/uploads\/2023\/10\/inquire-100x100.png 100w, https:\/\/www.backvita.com\/wp-content\/uploads\/2023\/10\/inquire.png 512w\" sizes=\"(max-width: 75px) 100vw, 75px\" \/> <span style=\"color: #ff6600;\">Send an Inquiry<\/span><\/a><span style=\"color: #ff6600;\"><script src=\"https:\/\/cdn.staticfile.org\/jquery\/1.7\/jquery.min.js\"><\/script><script>$('.aaa').click(function(){\n\u00a0 \u00a0 \u00a0 \u00a0 $(\".wc-tabs li\").removeClass('active')\n\u00a0 \u00a0 \u00a0 \u00a0 $(\".wc-tabs li\").eq(0).addClass('active')\nvar o = $(\".wc-tabs li\").eq(0).closest(\".wc-tabs-wrapper, .woocommerce-tabs\");\no.find(\".wc-tab, .panel:not(.panel .panel)\").hide(),\n o.find(\"#\" + $(\".wc-tabs li a\").attr(\"href\").split(\"#\")[1]).show()\n\u00a0 \u00a0 \u00a0 \u00a0 window.location.href=\"#Contact Us\"\n\u00a0 \u00a0})<\/script><\/span><\/strong><\/p>\n<p><span style=\"color: #ff6600;\"><strong><a style=\"color: #ff6600;\" href=\"#Contact Us\"><img decoding=\"async\" loading=\"lazy\" class=\"alignnone wp-image-2661\" title=\"Iquire\" src=\"https:\/\/www.backvita.com\/wp-content\/uploads\/2023\/10\/pdf-300x300.png\" alt=\"Iquire\" width=\"75\" height=\"75\" srcset=\"https:\/\/www.backvita.com\/wp-content\/uploads\/2023\/10\/pdf-300x300.png 300w, https:\/\/www.backvita.com\/wp-content\/uploads\/2023\/10\/pdf-150x150.png 150w, https:\/\/www.backvita.com\/wp-content\/uploads\/2023\/10\/pdf-100x100.png 100w, https:\/\/www.backvita.com\/wp-content\/uploads\/2023\/10\/pdf.png 512w\" sizes=\"(max-width: 75px) 100vw, 75px\" \/><\/a><a class=\"aaa\" style=\"cursor: pointer; color: #ff6600;\">Request[ TDS,COA, MSDS,MOA&#8230; ]<\/a><script src=\"https:\/\/cdn.staticfile.org\/jquery\/1.7\/jquery.min.js\"><\/script><script>$('.aaa').click(function(){\n\u00a0 \u00a0 \u00a0 \u00a0 $(\".wc-tabs li\").removeClass('active')\n\u00a0 \u00a0 \u00a0 \u00a0 $(\".wc-tabs li\").eq(0).addClass('active')\nvar o = $(\".wc-tabs li\").eq(0).closest(\".wc-tabs-wrapper, .woocommerce-tabs\");\no.find(\".wc-tab, .panel:not(.panel .panel)\").hide(),\n o.find(\"#\" + $(\".wc-tabs li a\").attr(\"href\").split(\"#\")[1]).show()\n\u00a0 \u00a0 \u00a0 \u00a0 window.location.href=\"#Contact Us\"\n\u00a0 \u00a0})<\/script><\/strong><\/span><\/p>\n","category_list":"","author_info":{"name":"","url":""},"comments_num":"0 comments","_links":{"self":[{"href":"https:\/\/www.backvita.com\/es\/wp-json\/wp\/v2\/product\/3592"}],"collection":[{"href":"https:\/\/www.backvita.com\/es\/wp-json\/wp\/v2\/product"}],"about":[{"href":"https:\/\/www.backvita.com\/es\/wp-json\/wp\/v2\/types\/product"}],"wp:featuredmedia":[{"embeddable":true,"href":"https:\/\/www.backvita.com\/es\/wp-json\/wp\/v2\/media\/3593"}],"wp:attachment":[{"href":"https:\/\/www.backvita.com\/es\/wp-json\/wp\/v2\/media?parent=3592"}],"wp:term":[{"taxonomy":"product_cat","embeddable":true,"href":"https:\/\/www.backvita.com\/es\/wp-json\/wp\/v2\/product_cat?post=3592"},{"taxonomy":"product_tag","embeddable":true,"href":"https:\/\/www.backvita.com\/es\/wp-json\/wp\/v2\/product_tag?post=3592"}],"curies":[{"name":"wp","href":"https:\/\/api.w.org\/{rel}","templated":true}]}}