{"id":4856,"date":"2024-01-31T17:29:49","date_gmt":"2024-01-31T09:29:49","guid":{"rendered":"https:\/\/www.backvita.com\/?post_type=product&#038;p=4856"},"modified":"2024-02-07T09:16:53","modified_gmt":"2024-02-07T01:16:53","slug":"tranexamic-acid-manufacturer-tranexamic-acid-supplier-tranexamic-acid-factory-free-sample","status":"publish","type":"product","link":"https:\/\/www.backvita.com\/es\/product\/acido-tranexamico-fabricante-acido-tranexamico-proveedor-acido-tranexamico-muestra-gratis-de-fabrica\/","title":{"rendered":"\u00e1cido tranex\u00e1mico Fabricante \u00e1cido tranex\u00e1mico proveedor \u00e1cido tranex\u00e1mico muestra gratis de f\u00e1brica"},"content":{"rendered":"<h2>\u00c1cido tranex\u00e1mico Introducci\u00f3n<\/h2>\n<p>El \u00e1cido tranex\u00e1mico (tambi\u00e9n conocido como \u00e1cido tranex\u00e1mico) es un amino\u00e1cido sint\u00e9tico, soluble en agua, que pertenece a los inhibidores de la proteasa. Otros nombres incluyen hemostasis, \u00e1cido c\u00edclico hemost\u00e1tico, \u00e1cido tromb\u00ednico, etc., que pertenecen a la categor\u00eda de inhibici\u00f3n fibrinol\u00edtica. Al bloquear reversiblemente el sitio de uni\u00f3n de la lisina en la mol\u00e9cula de fibrin\u00f3geno, el plasmin\u00f3geno no puede convertirse en enzima fibrinol\u00edtica, inhibiendo as\u00ed eficazmente la fibrin\u00f3lisis. Puede obstaculizar directamente la activaci\u00f3n de los melanocitos, mejorar el estado activo del grupo de factores activos de las manchas oscuras, prevenir y mejorar la pigmentaci\u00f3n de la piel.<\/p>\n<p>&nbsp;<\/p>\n<p>&nbsp;<\/p>\n<h2>Principio de acci\u00f3n del \u00e1cido tranex\u00e1mico<\/h2>\n<div>\n<p>Al inhibir la actividad de la rosinasa, se redujo la s\u00edntesis y la precipitaci\u00f3n de melanina. La melanina es el pigmento de la piel, y la tirosinasa es una enzima importante en la s\u00edntesis de melanina. Al inhibir la actividad de la tirosinasa, el \u00e1cido tranex\u00e1mico puede reducir la producci\u00f3n de melanina, reduciendo as\u00ed la pigmentaci\u00f3n de la piel y la formaci\u00f3n de manchas. Al mismo tiempo, el \u00e1cido tranex\u00e1mico tambi\u00e9n puede promover la renovaci\u00f3n celular, mejorar la funci\u00f3n de barrera de la piel, mejorar la capacidad de hidrataci\u00f3n de la piel y la capacidad de auto-reparaci\u00f3n, a fin de lograr el blanqueamiento, la decoloraci\u00f3n de manchas, aclarar el tono de la piel, mejorar la elasticidad de la piel y el brillo.<\/p>\n<p>&nbsp;<\/p>\n<\/div>\n<div>\n<h2>Ventajas del \u00e1cido tranex\u00e1mico<\/h2>\n<\/div>\n<p>Buena estabilidad: El \u00e1cido Chuanming tiene una gran estabilidad, resistencia a \u00e1cidos y \u00e1lcalis, y no se ve afectado f\u00e1cilmente por la temperatura ambiente. No necesita protecci\u00f3n del soporte, no se ve afectado por los da\u00f1os del sistema de transmisi\u00f3n, no tiene caracter\u00edsticas de estimulaci\u00f3n.<\/p>\n<p>F\u00e1cil absorci\u00f3n por el sistema cut\u00e1neo: El \u00e1cido tranex\u00e1mico puede impedir directamente la activaci\u00f3n de los melanocitos y mejorar el estado activo de la melanina. Su naturaleza suave y no irritante es especialmente adecuada para aclarar manchas, blanquear y equilibrar el color general de la piel. Adem\u00e1s de desvanecer las manchas, el \u00e1cido tranex\u00e1mico tambi\u00e9n puede mejorar la transparencia del tono general de la piel y la opacidad de las manchas cut\u00e1neas locales, de modo que la piel tiene un efecto blanqueador \"blanco dentro del rojo\".<\/p>\n<p>Desvanecer manchas oscuras, pecas amarillas, marcas de acn\u00e9, etc. : El \u00e1cido tranex\u00e1mico tiene un excelente efecto en la inhibici\u00f3n de la formaci\u00f3n de melanina, previniendo manchas oscuras, pecas y manchas hep\u00e1ticas.<\/p>\n<p>Seguridad: no irrita la piel, el \u00e1cido tranex\u00e1mico es un ingrediente blanqueador patentado en los productos de mantenimiento. Muchos a\u00f1os de estudios cl\u00ednicos han demostrado que el \u00e1cido tranex\u00e1mico puede blanquear y desvanecer r\u00e1pidamente las manchas, dejando la piel con una calidad perfecta de la piel blanca, suave, brillante y transl\u00facida.<\/p>\n<p>&nbsp;<\/p>\n<div>\n<h2>El efecto del \u00e1cido tranex\u00e1mico en el cuidado de la piel<\/h2>\n<h3>Manchas blanqueadoras<\/h3>\n<p>El mecanismo blanqueador del \u00e1cido tranex\u00e1mico es que puede penetrar directamente en el estrato c\u00f3rneo, inhibir la actividad de los melanocitos y evitar la acumulaci\u00f3n de melanina. Adem\u00e1s, el \u00e1cido tranex\u00e1mico tambi\u00e9n puede estimular el sistema inmunitario del organismo, promover la producci\u00f3n de gl\u00f3bulos blancos y mejorar la inmunidad humana. En la pr\u00e1ctica cl\u00ednica, el \u00e1cido tranex\u00e1mico puede utilizarse como f\u00e1rmaco auxiliar para el tratamiento del melasma, las pecas y otras enfermedades.<\/p>\n<h3>Antioxidante<\/h3>\n<p>El \u00e1cido tranex\u00e1mico tiene propiedades antioxidantes que pueden eliminar los radicales libres y ralentizar el envejecimiento de la piel. Los radicales libres son una de las principales causas del envejecimiento cut\u00e1neo, y el \u00e1cido tranex\u00e1mico puede unirse a los radicales libres, volvi\u00e9ndolos inactivos, lo que ralentiza el proceso de envejecimiento de la piel.<\/p>\n<\/div>\n<h3>Efecto hidratante<\/h3>\n<p>El \u00e1cido tranex\u00e1mico tambi\u00e9n tiene un efecto hidratante, que aumenta el contenido de humedad de la piel y la hace m\u00e1s suave y tersa. Al mismo tiempo, la hidrataci\u00f3n tambi\u00e9n puede favorecer la absorci\u00f3n de otros nutrientes en la piel, mejorando la salud general de \u00e9sta.<\/p>\n<h3>Reparar la piel da\u00f1ada<\/h3>\n<p>El \u00e1cido tranex\u00e1mico puede promover la regeneraci\u00f3n y reparaci\u00f3n de las c\u00e9lulas de la piel, y tiene un buen efecto reparador sobre la piel da\u00f1ada. En el caso de los da\u00f1os cut\u00e1neos causados por la luz ultravioleta, la contaminaci\u00f3n ambiental y otros factores, el \u00e1cido tranex\u00e1mico puede acelerar el proceso de reparaci\u00f3n de la piel y devolverle su salud.<\/p>\n<p>&nbsp;<\/p>\n<h2><span style=\"color: #ff9c00;\">Nuestro servicio de valor a\u00f1adido Rest Easy<\/span><\/h2>\n<p><em><strong><span style=\"color: #ff9c00;\">&gt;&gt;&gt;\u00a0 <\/span><\/strong><\/em><strong>Backvita tiene t\u00e9cnicos profesionales que pueden proporcionar documentos de apoyo t\u00e9cnico como: Normas, Especificaciones, COA, MOA,\u00a0<\/strong><strong>FDS,<\/strong><strong>Diagrama de flujo, declaraciones, cromatogramas, datos nutricionales, prueba de estabilidad, etc.<\/strong><\/p>\n<p><strong><span style=\"color: #ff9c00;\">&gt;&gt;&gt; \u00a0<\/span>Nos comprometemos a ofrecerle servicios exclusivos para que no tenga preocupaciones en la compra y venta de productos.<\/strong><\/p>\n<p><strong><span style=\"color: #ff9c00;\">&gt;&gt;&gt;<\/span>\u00a0 Nuestro equipo global de analistas de datos de comercio electr\u00f3nico cuenta con 10 a\u00f1os de experiencia en el sector de los extractos de plantas. Le proporcionar\u00e1n informes de datos sobre los pa\u00edses en los que se venden sus productos para ayudarle a tomar decisiones con conocimiento de causa. Estos informes de datos incluir\u00e1n el volumen de ventas, los canales de venta, el an\u00e1lisis de la competencia y otros datos que le ayudar\u00e1n a comprender mejor la demanda y las tendencias del mercado, optimizando as\u00ed sus estrategias de adquisici\u00f3n y venta.<\/strong><\/p>\n<p><strong><span style=\"color: #ff9c00;\">&gt;&gt;&gt;\u00a0<\/span> Adem\u00e1s de los informes de datos, tambi\u00e9n le facilitaremos peri\u00f3dicamente informaci\u00f3n sobre los productos de moda y las novedades del mercado. Esta informaci\u00f3n le ayudar\u00e1 a mantenerse al corriente de las posibles oportunidades y tendencias del mercado, y a realizar ajustes y tomar decisiones en funci\u00f3n de las demandas del mercado.<\/strong><\/p>\n<p><strong><span style=\"color: #ff9c00;\">&gt;&gt;&gt;<\/span>\u00a0 Si tiene su propia marca exclusiva, tambi\u00e9n le proporcionaremos materiales promocionales y carteles que le ayudar\u00e1n a mejorar su imagen de marca y a darse a conocer en el mercado. Nuestro equipo de dise\u00f1o dise\u00f1ar\u00e1 materiales promocionales exclusivos para su marca de acuerdo con sus necesidades y requisitos. Todos estos servicios de valor a\u00f1adido se ofrecen gratuitamente a los clientes de nuestros socios.<\/strong><\/p>\n<p><strong><span style=\"color: #ff9c00;\">&gt;&gt;&gt;<\/span>\u00a0 Nuestro objetivo es centrarnos en los clientes, ofrecerles servicios sin preocupaciones durante todo el proceso y ayudarles a conseguir un mayor rendimiento y \u00e9xito.<\/strong><\/p>\n<p><strong><span style=\"color: #ff9c00;\">&gt;&gt;&gt;<\/span>\u00a0 Si tiene alguna pregunta o necesidad especial sobre nuestros servicios de valor a\u00f1adido, no dude en ponerse en contacto con nosotros. Haremos todo lo posible para ayudarle y garantizar su satisfacci\u00f3n. Gracias de nuevo por su apoyo y atenci\u00f3n hacia nosotros, y esperamos establecer una relaci\u00f3n de cooperaci\u00f3n a largo plazo con usted.<\/strong><\/p>\n<p>&nbsp;<\/p>\n<h2>P\u00f3ngase en contacto con nosotros<a name=\"Contact Us\"><\/a><\/h2>\n\n<div class=\"wpcf7 no-js\" id=\"wpcf7-f690-o1\" lang=\"zh-CN\" dir=\"ltr\">\n<div class=\"screen-reader-response\"><p role=\"status\" aria-live=\"polite\" aria-atomic=\"true\"><\/p> <ul><\/ul><\/div>\n<form action=\"\/es\/wp-json\/wp\/v2\/product\/4856#wpcf7-f690-o1\" method=\"post\" class=\"wpcf7-form init\" aria-label=\"Contact form\" novalidate=\"novalidate\" data-status=\"init\" data-trp-original-action=\"\/es\/wp-json\/wp\/v2\/product\/4856#wpcf7-f690-o1\">\n<div style=\"display: none;\">\n<input type=\"hidden\" name=\"_wpcf7\" value=\"690\" \/>\n<input type=\"hidden\" name=\"_wpcf7_version\" value=\"5.8\" \/>\n<input type=\"hidden\" name=\"_wpcf7_locale\" value=\"zh_CN\" \/>\n<input type=\"hidden\" name=\"_wpcf7_unit_tag\" value=\"wpcf7-f690-o1\" \/>\n<input type=\"hidden\" name=\"_wpcf7_container_post\" value=\"0\" \/>\n<input type=\"hidden\" name=\"_wpcf7_posted_data_hash\" value=\"\" \/>\n<\/div>\n<p><label> *Nombre *Nombre de la empresa<br \/>\n<span class=\"wpcf7-form-control-wrap\" data-name=\"your-name\"><input size=\"40\" class=\"wpcf7-form-control wpcf7-text wpcf7-validates-as-required\" autocomplete=\"name\" aria-required=\"true\" aria-invalid=\"false\" value=\"\" type=\"text\" name=\"your-name\" \/><\/span> <\/label>\n<\/p>\n<p><label> *Correo electr\u00f3nico<br \/>\n<span class=\"wpcf7-form-control-wrap\" data-name=\"your-email\"><input size=\"40\" class=\"wpcf7-form-control wpcf7-email wpcf7-validates-as-required wpcf7-text wpcf7-validates-as-email\" autocomplete=\"email\" aria-required=\"true\" aria-invalid=\"false\" value=\"\" type=\"email\" name=\"your-email\" \/><\/span> <\/label>\n<\/p>\n<p><label> *N\u00famero de tel\u00e9fono<br \/>\n<span class=\"wpcf7-form-control-wrap\" data-name=\"your-subject\"><input size=\"40\" class=\"wpcf7-form-control wpcf7-text wpcf7-validates-as-required\" aria-required=\"true\" aria-invalid=\"false\" value=\"\" type=\"text\" name=\"your-subject\" \/><\/span> <\/label>\n<\/p>\n<p><label> *Mensaje<br \/>\n<span class=\"wpcf7-form-control-wrap\" data-name=\"your-message\"><textarea cols=\"40\" rows=\"10\" class=\"wpcf7-form-control wpcf7-textarea\" aria-invalid=\"false\" name=\"your-message\"><\/textarea><\/span> <\/label>\n<\/p>\n<p><input class=\"wpcf7-form-control wpcf7-submit has-spinner\" type=\"submit\" value=\"Enviar\" \/>\n<\/p><div class=\"wpcf7-response-output\" aria-hidden=\"true\"><\/div>\n<input type=\"hidden\" name=\"trp-form-language\" value=\"es\"\/><\/form>\n<\/div>\n\n<p>&nbsp;<\/p>","protected":false},"excerpt":{"rendered":"<p>El mecanismo blanqueador del \u00e1cido tranex\u00e1mico es que puede penetrar directamente en el estrato c\u00f3rneo, inhibir la actividad de los melanocitos y evitar la acumulaci\u00f3n de melanina. Adem\u00e1s, el \u00e1cido tranex\u00e1mico tambi\u00e9n puede estimular el sistema inmunitario del organismo, promover la producci\u00f3n de gl\u00f3bulos blancos y mejorar la inmunidad humana. En la pr\u00e1ctica cl\u00ednica, el \u00e1cido tranex\u00e1mico puede utilizarse como f\u00e1rmaco auxiliar para el tratamiento del melasma, las pecas y otras enfermedades.<\/p>\n<p><span style=\"color: #ff6600;\"><strong><a class=\"aaa\" style=\"cursor: pointer; color: #ff6600;\"><img decoding=\"async\" loading=\"lazy\" class=\"alignnone wp-image-2660\" title=\"Consulte\" src=\"https:\/\/www.backvita.com\/wp-content\/uploads\/2023\/10\/inquire-300x300.png\" alt=\"Consulte\" width=\"75\" height=\"75\" srcset=\"https:\/\/www.backvita.com\/wp-content\/uploads\/2023\/10\/inquire-300x300.png 300w, https:\/\/www.backvita.com\/wp-content\/uploads\/2023\/10\/inquire-150x150.png 150w, https:\/\/www.backvita.com\/wp-content\/uploads\/2023\/10\/inquire-100x100.png 100w, https:\/\/www.backvita.com\/wp-content\/uploads\/2023\/10\/inquire.png 512w\" sizes=\"(max-width: 75px) 100vw, 75px\" \/> Enviar una consulta<\/a><script src=\"https:\/\/cdn.staticfile.org\/jquery\/1.7\/jquery.min.js\"><\/script><script>$('.aaa').click(function(){\n\u00a0 \u00a0 \u00a0 \u00a0 $(\".wc-tabs li\").removeClass('active')\n\u00a0 \u00a0 \u00a0 \u00a0 $(\".wc-tabs li\").eq(0).addClass('active')\nvar o = $(\".wc-tabs li\").eq(0).closest(\".wc-tabs-wrapper, .woocommerce-tabs\");\no.find(\".wc-tab, .panel:not(.panel .panel)\").hide(),\n o.find(\"#\" + $(\".wc-tabs li a\").attr(\"href\").split(\"#\")[1]).show()\n\u00a0 \u00a0 \u00a0 \u00a0 window.location.href=\"#Contact Us\"\n\u00a0 \u00a0})<\/script><\/strong><\/span><\/p>\n<p><span style=\"color: #ff6600;\"><strong><a style=\"color: #ff6600;\" href=\"#Contact Us\"><img decoding=\"async\" loading=\"lazy\" class=\"alignnone wp-image-2661\" title=\"Consulte\" src=\"https:\/\/www.backvita.com\/wp-content\/uploads\/2023\/10\/pdf-300x300.png\" alt=\"Consulte\" width=\"74\" height=\"74\" srcset=\"https:\/\/www.backvita.com\/wp-content\/uploads\/2023\/10\/pdf-300x300.png 300w, https:\/\/www.backvita.com\/wp-content\/uploads\/2023\/10\/pdf-150x150.png 150w, https:\/\/www.backvita.com\/wp-content\/uploads\/2023\/10\/pdf-100x100.png 100w, https:\/\/www.backvita.com\/wp-content\/uploads\/2023\/10\/pdf.png 512w\" sizes=\"(max-width: 74px) 100vw, 74px\" \/><\/a><a class=\"aaa\" style=\"cursor: pointer; color: #ff6600;\">Solicitud[ TDS,COA, MSDS,MOA... ]<\/a><script src=\"https:\/\/cdn.staticfile.org\/jquery\/1.7\/jquery.min.js\"><\/script><script>$('.aaa').click(function(){\n\u00a0 \u00a0 \u00a0 \u00a0 $(\".wc-tabs li\").removeClass('active')\n\u00a0 \u00a0 \u00a0 \u00a0 $(\".wc-tabs li\").eq(0).addClass('active')\nvar o = $(\".wc-tabs li\").eq(0).closest(\".wc-tabs-wrapper, .woocommerce-tabs\");\no.find(\".wc-tab, .panel:not(.panel .panel)\").hide(),\n o.find(\"#\" + $(\".wc-tabs li a\").attr(\"href\").split(\"#\")[1]).show()\n\u00a0 \u00a0 \u00a0 \u00a0 window.location.href=\"#Contact Us\"\n\u00a0 \u00a0})<\/script><\/strong><\/span><\/p>","protected":false},"featured_media":4857,"template":"","meta":{"_seopress_robots_primary_cat":"none","_seopress_titles_title":"Tranexamic acid Manufacturer Tranexamic acid supplier Tranexamic acid factory free sample","_seopress_titles_desc":"The whitening mechanism of Tranexamic acid is that it can directly penetrate the stratum corneum, inhibit the activity of melanocytes, and prevent melanin accumulation. In addition, Tranexamic acid can also stimulate the immune system in the body, promote the production of white blood cells, and improve human immunity. In clinical practice, Tranexamic acid can be used as an auxiliary drug for the treatment of melasma, freckles and other diseases.","_seopress_robots_index":""},"product_cat":[34,54],"product_tag":[1753,1756,1754,1755],"featured_image_urls":{"full":["https:\/\/www.backvita.com\/wp-content\/uploads\/2024\/01\/Tranexamic-acid-1.webp",776,433,false],"thumbnail":["https:\/\/www.backvita.com\/wp-content\/uploads\/2024\/01\/Tranexamic-acid-1-150x150.webp",150,150,true],"medium":["https:\/\/www.backvita.com\/wp-content\/uploads\/2024\/01\/Tranexamic-acid-1-300x167.webp",300,167,true],"medium_large":["https:\/\/www.backvita.com\/wp-content\/uploads\/2024\/01\/Tranexamic-acid-1-768x429.webp",768,429,true],"large":["https:\/\/www.backvita.com\/wp-content\/uploads\/2024\/01\/Tranexamic-acid-1.webp",776,433,false],"1536x1536":["https:\/\/www.backvita.com\/wp-content\/uploads\/2024\/01\/Tranexamic-acid-1.webp",776,433,false],"2048x2048":["https:\/\/www.backvita.com\/wp-content\/uploads\/2024\/01\/Tranexamic-acid-1.webp",776,433,false],"trp-custom-language-flag":["https:\/\/www.backvita.com\/wp-content\/uploads\/2024\/01\/Tranexamic-acid-1-18x10.webp",18,10,true],"woocommerce_thumbnail":["https:\/\/www.backvita.com\/wp-content\/uploads\/2024\/01\/Tranexamic-acid-1-300x300.webp",300,300,true],"woocommerce_single":["https:\/\/www.backvita.com\/wp-content\/uploads\/2024\/01\/Tranexamic-acid-1-600x335.webp",600,335,true],"woocommerce_gallery_thumbnail":["https:\/\/www.backvita.com\/wp-content\/uploads\/2024\/01\/Tranexamic-acid-1-100x100.webp",100,100,true]},"post_excerpt_stackable":"<p>The whitening mechanism of Tranexamic acid is that it can directly penetrate the stratum corneum, inhibit the activity of melanocytes, and prevent melanin accumulation. In addition, Tranexamic acid can also stimulate the immune system in the body, promote the production of white blood cells, and improve human immunity. In clinical practice, Tranexamic acid can be used as an auxiliary drug for the treatment of melasma, freckles and other diseases.<\/p>\n<p><span style=\"color: #ff6600;\"><strong><a class=\"aaa\" style=\"cursor: pointer; color: #ff6600;\"><img decoding=\"async\" loading=\"lazy\" class=\"alignnone wp-image-2660\" title=\"Iquire\" src=\"https:\/\/www.backvita.com\/wp-content\/uploads\/2023\/10\/inquire-300x300.png\" alt=\"Iquire\" width=\"75\" height=\"75\" srcset=\"https:\/\/www.backvita.com\/wp-content\/uploads\/2023\/10\/inquire-300x300.png 300w, https:\/\/www.backvita.com\/wp-content\/uploads\/2023\/10\/inquire-150x150.png 150w, https:\/\/www.backvita.com\/wp-content\/uploads\/2023\/10\/inquire-100x100.png 100w, https:\/\/www.backvita.com\/wp-content\/uploads\/2023\/10\/inquire.png 512w\" sizes=\"(max-width: 75px) 100vw, 75px\" \/> Send an Inquiry<\/a><script src=\"https:\/\/cdn.staticfile.org\/jquery\/1.7\/jquery.min.js\"><\/script><script>$('.aaa').click(function(){\n\u00a0 \u00a0 \u00a0 \u00a0 $(\".wc-tabs li\").removeClass('active')\n\u00a0 \u00a0 \u00a0 \u00a0 $(\".wc-tabs li\").eq(0).addClass('active')\nvar o = $(\".wc-tabs li\").eq(0).closest(\".wc-tabs-wrapper, .woocommerce-tabs\");\no.find(\".wc-tab, .panel:not(.panel .panel)\").hide(),\n o.find(\"#\" + $(\".wc-tabs li a\").attr(\"href\").split(\"#\")[1]).show()\n\u00a0 \u00a0 \u00a0 \u00a0 window.location.href=\"#Contact Us\"\n\u00a0 \u00a0})<\/script><\/strong><\/span><\/p>\n<p><span style=\"color: #ff6600;\"><strong><a style=\"color: #ff6600;\" href=\"#Contact Us\"><img decoding=\"async\" loading=\"lazy\" class=\"alignnone wp-image-2661\" title=\"Iquire\" src=\"https:\/\/www.backvita.com\/wp-content\/uploads\/2023\/10\/pdf-300x300.png\" alt=\"Iquire\" width=\"74\" height=\"74\" srcset=\"https:\/\/www.backvita.com\/wp-content\/uploads\/2023\/10\/pdf-300x300.png 300w, https:\/\/www.backvita.com\/wp-content\/uploads\/2023\/10\/pdf-150x150.png 150w, https:\/\/www.backvita.com\/wp-content\/uploads\/2023\/10\/pdf-100x100.png 100w, https:\/\/www.backvita.com\/wp-content\/uploads\/2023\/10\/pdf.png 512w\" sizes=\"(max-width: 74px) 100vw, 74px\" \/><\/a><a class=\"aaa\" style=\"cursor: pointer; color: #ff6600;\">Request[ TDS,COA, MSDS,MOA&#8230; ]<\/a><script src=\"https:\/\/cdn.staticfile.org\/jquery\/1.7\/jquery.min.js\"><\/script><script>$('.aaa').click(function(){\n\u00a0 \u00a0 \u00a0 \u00a0 $(\".wc-tabs li\").removeClass('active')\n\u00a0 \u00a0 \u00a0 \u00a0 $(\".wc-tabs li\").eq(0).addClass('active')\nvar o = $(\".wc-tabs li\").eq(0).closest(\".wc-tabs-wrapper, .woocommerce-tabs\");\no.find(\".wc-tab, .panel:not(.panel .panel)\").hide(),\n o.find(\"#\" + $(\".wc-tabs li a\").attr(\"href\").split(\"#\")[1]).show()\n\u00a0 \u00a0 \u00a0 \u00a0 window.location.href=\"#Contact Us\"\n\u00a0 \u00a0})<\/script><\/strong><\/span><\/p>\n","category_list":"","author_info":{"name":"","url":""},"comments_num":"0 comments","_links":{"self":[{"href":"https:\/\/www.backvita.com\/es\/wp-json\/wp\/v2\/product\/4856"}],"collection":[{"href":"https:\/\/www.backvita.com\/es\/wp-json\/wp\/v2\/product"}],"about":[{"href":"https:\/\/www.backvita.com\/es\/wp-json\/wp\/v2\/types\/product"}],"wp:featuredmedia":[{"embeddable":true,"href":"https:\/\/www.backvita.com\/es\/wp-json\/wp\/v2\/media\/4857"}],"wp:attachment":[{"href":"https:\/\/www.backvita.com\/es\/wp-json\/wp\/v2\/media?parent=4856"}],"wp:term":[{"taxonomy":"product_cat","embeddable":true,"href":"https:\/\/www.backvita.com\/es\/wp-json\/wp\/v2\/product_cat?post=4856"},{"taxonomy":"product_tag","embeddable":true,"href":"https:\/\/www.backvita.com\/es\/wp-json\/wp\/v2\/product_tag?post=4856"}],"curies":[{"name":"wp","href":"https:\/\/api.w.org\/{rel}","templated":true}]}}