{"id":7159,"date":"2024-06-25T10:41:56","date_gmt":"2024-06-25T02:41:56","guid":{"rendered":"https:\/\/www.backvita.com\/?post_type=product&#038;p=7159"},"modified":"2024-06-25T10:44:36","modified_gmt":"2024-06-25T02:44:36","slug":"ashwaganda-extract-withanolides-suppliers-ashwaganda-extract-withanolides-manufacturers-ashwaganda-extract-withanolides-factory-free-sample","status":"publish","type":"product","link":"https:\/\/www.backvita.com\/es\/product\/ashwaganda-extract-withanolides-proveedores-ashwaganda-extract-withanolides-fabricantes-ashwaganda-extract-withanolides-muestra-gratis-de-fabrica\/","title":{"rendered":"Extracto de ashwaganda Withanolides proveedores Extracto de ashwaganda Withanolides fabricantes Extracto de ashwaganda Withanolides muestra gratis de f\u00e1brica"},"content":{"rendered":"<h2 style=\"text-align: left;\"><b>Extracto de ashwaganda Withanolides Polvo Introducci\u00f3n<\/b><\/h2>\n<p>La ashwagandha es un arbusto de hoja perenne que crece en Asia y \u00c1frica. Pertenece a la familia de las solan\u00e1ceas. Sus ra\u00edces y bayas se utilizan como medicina tradicional en la India desde hace 6.000 a\u00f1os. Se le conoce como el rey de las hierbas ayurv\u00e9dicas. Tambi\u00e9n se conoce como Withania somnifera, ginseng indio y cereza de invierno son conocidas por sus propiedades sedantes, hipn\u00f3ticas y reductoras del estr\u00e9s y la ansiedad. Tambi\u00e9n se utiliza como suplemento para mejorar la funci\u00f3n f\u00edsica, aumentar los niveles de testosterona y mejorar la salud reproductiva.<\/p>\n<p><strong>Extracto de ashwagandha<\/strong>-se prepara a partir de la ra\u00edz madura desecada y la parte a\u00e9rea de Withania somnifera (L.) Dunal (Fam.Solanaceae), utilizando metanol, alcohol, agua o mezclas de estos disolventes. Contiene NLT 2,5% de withan\u00f3lidos, calculados sobre la base seca como la suma de agliconas de withan\u00f3lidos, calculadas como withan\u00f3lido A, y gluc\u00f3sidos de withan\u00f3lidos, calculados como withan\u00f3sido IV. Puede contener sustancias a\u00f1adidas adecuadas.<\/p>\n<table style=\"height: 245px;\" width=\"1286\">\n<tbody>\n<tr>\n<td width=\"219\"><strong>Nombre del producto<\/strong><\/td>\n<td width=\"466\">Extracto de ashwaganda Withan\u00f3lidos<\/td>\n<\/tr>\n<tr>\n<td><strong>N\u00ba CAS<\/strong><\/td>\n<td>90147-43-6<\/td>\n<\/tr>\n<tr>\n<td><strong>Nombre latino<\/strong><\/td>\n<td>Withania somn\u00edfera<\/td>\n<\/tr>\n<tr>\n<td><strong>Apariencia<\/strong><\/td>\n<td>Polvo marr\u00f3n<\/td>\n<\/tr>\n<tr>\n<td><strong>Especificaciones<\/strong><\/td>\n<td>Withanolides 2.50%<\/td>\n<\/tr>\n<tr>\n<td><strong>Pakage<\/strong><\/td>\n<td>1kg\/saco, 25kg\/bid\u00f3n<\/td>\n<\/tr>\n<tr>\n<td><strong>Almacenamiento<\/strong><\/td>\n<td>Proteger de la humedad y evitar el almacenamiento ligero y herm\u00e9tico.<\/td>\n<\/tr>\n<tr>\n<td><strong>M\u00e9todo de ensayo<\/strong><\/td>\n<td>HPLC\u3001LC-MS<\/td>\n<\/tr>\n<\/tbody>\n<\/table>\n<h2><\/h2>\n<h2 style=\"text-align: left;\"><b>Extracto de ashwaganda\u00a0<\/b><b>Withanolides <\/b><b><\/b>Beneficios para la salud<\/h2>\n<p>La ashwagandha contiene altas concentraciones de withanolida y otros ingredientes activos como colina, escopolamina, \u00e1cido clorog\u00e9nico, taninos y flavonoides. Sus beneficios para la salud incluyen:<\/p>\n<p>La ashwagandha, como la valeriana, recibe el nombre de \"hierba del sue\u00f1o\". Su extracto contiene trietilenglicol, que puede favorecer que las personas entren en el periodo de sue\u00f1o sin movimientos oculares r\u00e1pidos y tratar el insomnio. Tambi\u00e9n tiene la capacidad de potenciar la se\u00f1alizaci\u00f3n del receptor del \u00e1cido gamma-aminobut\u00edrico tipo A (GABA A), lo que puede mejorar el tiempo total de sue\u00f1o y su calidad.<\/p>\n<p>&nbsp;<\/p>\n<p>Es ansiol\u00edtico y alivia el estr\u00e9s. Afecta al eje hipotal\u00e1mico-hipofisario-suprarrenal, disminuyendo los niveles de cortisol (una de las principales hormonas del estr\u00e9s del organismo), reduciendo las respuestas al estr\u00e9s y mejorando la depresi\u00f3n y la ansiedad.<\/p>\n<p>Aumentar el nivel de enzimas antioxidantes, que desempe\u00f1an el papel de antioxidante, anti-inflamatorio, y resistir las c\u00e9lulas cancerosas.<\/p>\n<p>Al igual que el ginseng, tiene el efecto de aumentar las capacidades de defensa no espec\u00edficas y mejorar la resistencia del organismo.<\/p>\n<p>Al aumentar los niveles de hemoglobina, incrementar la captaci\u00f3n m\u00e1xima de ox\u00edgeno y mejorar la resistencia y la forma f\u00edsica, esto ha despertado el inter\u00e9s de los atletas por la ashwagandha.<\/p>\n<p>Es beneficioso para la salud reproductiva y aumenta los niveles de testosterona. Este efecto es m\u00e1s significativo en hombres con infertilidad y bajos niveles de testosterona. Puede aumentar el recuento y la actividad de los espermatozoides y mejorar la fertilidad masculina.<\/p>\n<p>Equilibrar las hormonas tiroideas.<\/p>\n<p>&nbsp;<\/p>\n<h2 style=\"text-align: left;\"><b>Extracto de ashwaganda Withan\u00f3lidos <\/b>Beneficios<\/h2>\n<p>La estructura qu\u00edmica de la withanolida es la benzopironona pentac\u00edclica, miembro del sistema conjugado alcohol-cetona. Tiene diversas actividades biol\u00f3gicas, como antioxidante, antiinflamatoria, antitumoral y promotora del sue\u00f1o.<\/p>\n<p>La estructura qu\u00edmica de la withanolida es la benzopiranona pentac\u00edclica, miembro del sistema conjugado alcohol-cetona. Tiene diversas actividades biol\u00f3gicas, como antioxidante, antiinflamatoria, antitumoral y promotora del sue\u00f1o;<\/p>\n<p>El withanolide tambi\u00e9n muestra efectos antiinflamatorios. Puede inhibir la liberaci\u00f3n de mediadores inflamatorios y c\u00e9lulas inflamatorias en reacciones inflamatorias y reducir el grado de las reacciones inflamatorias. Esto lo hace potencialmente \u00fatil en el tratamiento de enfermedades inflamatorias como la artritis reumatoide y la enfermedad inflamatoria intestinal;<\/p>\n<p>La withanolida tambi\u00e9n tiene actividad antitumoral. Puede inhibir la proliferaci\u00f3n y migraci\u00f3n de c\u00e9lulas tumorales y promover la apoptosis de las mismas. Esto lo hace potencialmente \u00fatil en el tratamiento de tumores.<\/p>\n<p>Tambi\u00e9n se cree que los withan\u00f3lidos favorecen el sue\u00f1o. Las investigaciones demuestran que puede regular los niveles de neurotransmisores como la dopamina y la serotonina en el cerebro, favoreciendo el sue\u00f1o. Esto lo hace potencialmente eficaz para tratar el insomnio y mejorar la calidad del sue\u00f1o.<\/p>\n<h2><\/h2>\n<h2 style=\"text-align: left;\"><strong>Especificaci\u00f3n (TDS) de Ashwagandha Extract Withanolides 2.50%<\/strong><\/h2>\n<table style=\"height: 1686px;\" width=\"1362\">\n<tbody>\n<tr>\n<td width=\"263\"><strong>An\u00e1lisis<\/strong><\/td>\n<td width=\"269\"><strong>Especificaciones<\/strong><\/td>\n<td width=\"189\"><strong>M\u00e9todos<\/strong><\/td>\n<\/tr>\n<tr>\n<td colspan=\"3\" width=\"721\"><strong>Identificaciones<\/strong><\/td>\n<\/tr>\n<tr>\n<td style=\"text-align: left;\" width=\"263\"><strong>A. HPTLC<\/strong><\/td>\n<td colspan=\"2\" width=\"458\">La soluci\u00f3n de muestra presenta bandas principales similares en posici\u00f3n y color a la soluci\u00f3n de RS.<\/td>\n<\/tr>\n<tr>\n<td width=\"263\"><strong>B. HPLC<\/strong><\/td>\n<td colspan=\"2\" width=\"458\">El tiempo de retenci\u00f3n de la muestra coincide con el est\u00e1ndar en la prueba de pureza HPLC.<\/td>\n<\/tr>\n<tr>\n<td colspan=\"3\" width=\"721\"><strong>Pruebas de principios activos<\/strong><\/td>\n<\/tr>\n<tr>\n<td width=\"263\"><strong>Withan\u00f3lidos (HPLC)<\/strong><\/td>\n<td width=\"269\">\u22652.50 %<\/td>\n<td width=\"189\">USP43<\/td>\n<\/tr>\n<tr>\n<td colspan=\"3\" width=\"721\"><strong>Pruebas f\u00edsicas<\/strong><\/td>\n<\/tr>\n<tr>\n<td width=\"263\"><strong>Apariencia<\/strong><\/td>\n<td width=\"269\">Polvo marr\u00f3n amarillento<\/td>\n<td width=\"189\">Visual<\/td>\n<\/tr>\n<tr>\n<td width=\"263\"><strong>Olor y sabor<\/strong><\/td>\n<td width=\"269\">Caracter\u00edstica<\/td>\n<td width=\"189\">Organol\u00e9ptico<\/td>\n<\/tr>\n<tr>\n<td width=\"263\"><strong>Tama\u00f1o de las part\u00edculas<\/strong><\/td>\n<td width=\"269\">98% pasar malla 80<\/td>\n<td width=\"189\">USP43<\/td>\n<\/tr>\n<tr>\n<td width=\"263\"><strong>Densidad aparente<\/strong><\/td>\n<td width=\"269\">0,35~0,55g\/mL<\/td>\n<td width=\"189\">USP43<\/td>\n<\/tr>\n<tr>\n<td width=\"263\"><strong>P\u00e9rdida por secado<\/strong><\/td>\n<td width=\"269\">\u22646.00%<\/td>\n<td width=\"189\">USP43<\/td>\n<\/tr>\n<tr>\n<td width=\"263\"><strong>Cenizas insolubles en \u00e1cido<\/strong><\/td>\n<td width=\"269\">\u22645.00%<\/td>\n<td width=\"189\">USP43<\/td>\n<\/tr>\n<tr>\n<td colspan=\"3\" width=\"721\"><strong>Pruebas qu\u00edmicas<\/strong><\/td>\n<\/tr>\n<tr>\n<td width=\"263\"><strong>Metales pesados<\/strong><\/td>\n<td width=\"269\">\u226410.00ppm<\/td>\n<td width=\"189\">USP43<\/td>\n<\/tr>\n<tr>\n<td width=\"263\"><strong>Pb<\/strong><\/td>\n<td width=\"269\">\u22643.00ppm<\/td>\n<td width=\"189\">USP43<\/td>\n<\/tr>\n<tr>\n<td width=\"263\"><strong>As<\/strong><\/td>\n<td width=\"269\">\u22643.00ppm<\/td>\n<td width=\"189\">USP43<\/td>\n<\/tr>\n<tr>\n<td width=\"263\"><strong>Cd<\/strong><\/td>\n<td width=\"269\">\u22641,00ppm<\/td>\n<td width=\"189\">USP43<\/td>\n<\/tr>\n<tr>\n<td width=\"263\"><strong>Hg<\/strong><\/td>\n<td width=\"269\">\u22640,10ppm<\/td>\n<td width=\"189\">USP43<\/td>\n<\/tr>\n<tr>\n<td width=\"263\"><strong>Residuos de disolventes<\/strong><\/td>\n<td width=\"269\">\u22643000ppm<\/td>\n<td width=\"189\">USP43<\/td>\n<\/tr>\n<tr>\n<td width=\"263\"><strong>Residuos de plaguicidas<\/strong><\/td>\n<td width=\"269\">USP43<\/td>\n<td width=\"189\">USP43<\/td>\n<\/tr>\n<tr>\n<td colspan=\"3\" width=\"721\"><strong>Pruebas microbiol\u00f3gicas<\/strong><\/td>\n<\/tr>\n<tr>\n<td width=\"263\"><strong>Recuento total de bacterias<\/strong><\/td>\n<td width=\"269\">\u226410.000 ufc\/g<\/td>\n<td width=\"189\">USP43<\/td>\n<\/tr>\n<tr>\n<td width=\"263\"><strong>Levaduras y mohos<\/strong><\/td>\n<td width=\"269\">\u22641.000 ufc\/g<\/td>\n<td width=\"189\">USP43<\/td>\n<\/tr>\n<tr>\n<td width=\"263\"><strong>E. Coli<\/strong><\/td>\n<td width=\"269\">Negativo en 1g<\/td>\n<td width=\"189\">USP43<\/td>\n<\/tr>\n<tr>\n<td width=\"263\"><strong>Salmonella<\/strong><\/td>\n<td width=\"269\">Negativo en 10g<\/td>\n<td width=\"189\">USP43<\/td>\n<\/tr>\n<\/tbody>\n<\/table>\n<p>&nbsp;<\/p>\n<h2><span style=\"color: #ff9c00;\">Nuestro servicio de valor a\u00f1adido Rest Easy<\/span><\/h2>\n<p><em><strong><span style=\"color: #ff9c00;\">&gt;&gt;&gt;\u00a0 <\/span><\/strong><\/em><strong>Backvita tiene t\u00e9cnicos profesionales que pueden proporcionar documentos de apoyo t\u00e9cnico como: Normas, Especificaciones, COA, MOA,\u00a0<\/strong><strong>FDS,<\/strong><strong>Diagrama de flujo, declaraciones, cromatogramas, datos nutricionales, prueba de estabilidad, etc.<\/strong><\/p>\n<p><strong><span style=\"color: #ff9c00;\">&gt;&gt;&gt; \u00a0<\/span>Nos comprometemos a ofrecerle servicios exclusivos para que no tenga preocupaciones en la compra y venta de productos.<\/strong><\/p>\n<p><strong><span style=\"color: #ff9c00;\">&gt;&gt;&gt;<\/span>\u00a0 Nuestro equipo global de analistas de datos de comercio electr\u00f3nico cuenta con 10 a\u00f1os de experiencia en el sector de los extractos de plantas. Le proporcionar\u00e1n informes de datos sobre los pa\u00edses en los que se venden sus productos para ayudarle a tomar decisiones con conocimiento de causa. Estos informes de datos incluir\u00e1n el volumen de ventas, los canales de venta, el an\u00e1lisis de la competencia y otros datos que le ayudar\u00e1n a comprender mejor la demanda y las tendencias del mercado, optimizando as\u00ed sus estrategias de adquisici\u00f3n y venta.<\/strong><\/p>\n<p><strong><span style=\"color: #ff9c00;\">&gt;&gt;&gt;\u00a0<\/span> Adem\u00e1s de los informes de datos, tambi\u00e9n le facilitaremos peri\u00f3dicamente informaci\u00f3n sobre los productos de moda y las novedades del mercado. Esta informaci\u00f3n le ayudar\u00e1 a mantenerse al corriente de las posibles oportunidades y tendencias del mercado, y a realizar ajustes y tomar decisiones en funci\u00f3n de las demandas del mercado.<\/strong><\/p>\n<p><strong><span style=\"color: #ff9c00;\">&gt;&gt;&gt;<\/span>\u00a0 Si tiene su propia marca exclusiva, tambi\u00e9n le proporcionaremos materiales promocionales y carteles que le ayudar\u00e1n a mejorar su imagen de marca y a darse a conocer en el mercado. Nuestro equipo de dise\u00f1o dise\u00f1ar\u00e1 materiales promocionales exclusivos para su marca de acuerdo con sus necesidades y requisitos. Todos estos servicios de valor a\u00f1adido se ofrecen gratuitamente a los clientes de nuestros socios.<\/strong><\/p>\n<p><strong><span style=\"color: #ff9c00;\">&gt;&gt;&gt;<\/span>\u00a0 Nuestro objetivo es centrarnos en los clientes, ofrecerles servicios sin preocupaciones durante todo el proceso y ayudarles a conseguir un mayor rendimiento y \u00e9xito.<\/strong><\/p>\n<p><strong><span style=\"color: #ff9c00;\">&gt;&gt;&gt;<\/span>\u00a0 Si tiene alguna pregunta o necesidad especial sobre nuestros servicios de valor a\u00f1adido, no dude en ponerse en contacto con nosotros. Haremos todo lo posible para ayudarle y garantizar su satisfacci\u00f3n. Gracias de nuevo por su apoyo y atenci\u00f3n hacia nosotros, y esperamos establecer una relaci\u00f3n de cooperaci\u00f3n a largo plazo con usted.<\/strong><\/p>\n<p>&nbsp;<\/p>\n<h2>P\u00f3ngase en contacto con nosotros<a name=\"Contact Us\"><\/a><\/h2>\n\n<div class=\"wpcf7 no-js\" id=\"wpcf7-f690-o1\" lang=\"zh-CN\" dir=\"ltr\">\n<div class=\"screen-reader-response\"><p role=\"status\" aria-live=\"polite\" aria-atomic=\"true\"><\/p> <ul><\/ul><\/div>\n<form action=\"\/es\/wp-json\/wp\/v2\/product\/7159#wpcf7-f690-o1\" method=\"post\" class=\"wpcf7-form init\" aria-label=\"Contact form\" novalidate=\"novalidate\" data-status=\"init\" data-trp-original-action=\"\/es\/wp-json\/wp\/v2\/product\/7159#wpcf7-f690-o1\">\n<div style=\"display: none;\">\n<input type=\"hidden\" name=\"_wpcf7\" value=\"690\" \/>\n<input type=\"hidden\" name=\"_wpcf7_version\" value=\"5.8\" \/>\n<input type=\"hidden\" name=\"_wpcf7_locale\" value=\"zh_CN\" \/>\n<input type=\"hidden\" name=\"_wpcf7_unit_tag\" value=\"wpcf7-f690-o1\" \/>\n<input type=\"hidden\" name=\"_wpcf7_container_post\" value=\"0\" \/>\n<input type=\"hidden\" name=\"_wpcf7_posted_data_hash\" value=\"\" \/>\n<\/div>\n<p><label> *Nombre *Nombre de la empresa<br \/>\n<span class=\"wpcf7-form-control-wrap\" data-name=\"your-name\"><input size=\"40\" class=\"wpcf7-form-control wpcf7-text wpcf7-validates-as-required\" autocomplete=\"name\" aria-required=\"true\" aria-invalid=\"false\" value=\"\" type=\"text\" name=\"your-name\" \/><\/span> <\/label>\n<\/p>\n<p><label> *Correo electr\u00f3nico<br \/>\n<span class=\"wpcf7-form-control-wrap\" data-name=\"your-email\"><input size=\"40\" class=\"wpcf7-form-control wpcf7-email wpcf7-validates-as-required wpcf7-text wpcf7-validates-as-email\" autocomplete=\"email\" aria-required=\"true\" aria-invalid=\"false\" value=\"\" type=\"email\" name=\"your-email\" \/><\/span> <\/label>\n<\/p>\n<p><label> *N\u00famero de tel\u00e9fono<br \/>\n<span class=\"wpcf7-form-control-wrap\" data-name=\"your-subject\"><input size=\"40\" class=\"wpcf7-form-control wpcf7-text wpcf7-validates-as-required\" aria-required=\"true\" aria-invalid=\"false\" value=\"\" type=\"text\" name=\"your-subject\" \/><\/span> <\/label>\n<\/p>\n<p><label> *Mensaje<br \/>\n<span class=\"wpcf7-form-control-wrap\" data-name=\"your-message\"><textarea cols=\"40\" rows=\"10\" class=\"wpcf7-form-control wpcf7-textarea\" aria-invalid=\"false\" name=\"your-message\"><\/textarea><\/span> <\/label>\n<\/p>\n<p><input class=\"wpcf7-form-control wpcf7-submit has-spinner\" type=\"submit\" value=\"Enviar\" \/>\n<\/p><div class=\"wpcf7-response-output\" aria-hidden=\"true\"><\/div>\n<input type=\"hidden\" name=\"trp-form-language\" value=\"es\"\/><\/form>\n<\/div>\n\n<p>&nbsp;<\/p>","protected":false},"excerpt":{"rendered":"<p style=\"text-align: left;\"><span style=\"color: #000000;\">Ashwaganda Extract Withanolides ,La estructura qu\u00edmica de withanolide es pentacyclic benzopyronone, que es un miembro del sistema conjugado alcohol-cetona. Tiene diversas actividades biol\u00f3gicas como antioxidante, antiinflamatoria, antitumoral y promotora del sue\u00f1o.<\/span><\/p>\n<p><span style=\"color: #ff6600;\"><a class=\"aaa\" style=\"cursor: pointer; color: #ff6600;\"><img decoding=\"async\" loading=\"lazy\" class=\"alignnone wp-image-2660\" title=\"Consulte\" src=\"https:\/\/www.backvita.com\/wp-content\/uploads\/2023\/10\/inquire-300x300.png\" alt=\"Consulte\" width=\"75\" height=\"75\" srcset=\"https:\/\/www.backvita.com\/wp-content\/uploads\/2023\/10\/inquire-300x300.png 300w, https:\/\/www.backvita.com\/wp-content\/uploads\/2023\/10\/inquire-150x150.png 150w, https:\/\/www.backvita.com\/wp-content\/uploads\/2023\/10\/inquire-100x100.png 100w, https:\/\/www.backvita.com\/wp-content\/uploads\/2023\/10\/inquire.png 512w\" sizes=\"(max-width: 75px) 100vw, 75px\" \/> <strong>Enviar una consulta<\/strong><\/a><strong><script src=\"https:\/\/cdn.staticfile.org\/jquery\/1.7\/jquery.min.js\"><\/script><script>$('.aaa').click(function(){\n\u00a0 \u00a0 \u00a0 \u00a0 $(\".wc-tabs li\").removeClass('active')\n\u00a0 \u00a0 \u00a0 \u00a0 $(\".wc-tabs li\").eq(0).addClass('active')\nvar o = $(\".wc-tabs li\").eq(0).closest(\".wc-tabs-wrapper, .woocommerce-tabs\");\no.find(\".wc-tab, .panel:not(.panel .panel)\").hide(),\n o.find(\"#\" + $(\".wc-tabs li a\").attr(\"href\").split(\"#\")[1]).show()\n\u00a0 \u00a0 \u00a0 \u00a0 window.location.href=\"#Contact Us\"\n\u00a0 \u00a0})<\/script><\/strong><\/span><\/p>\n<p><strong><span style=\"color: #ff6600;\"><a style=\"color: #ff6600;\" href=\"#Contact Us\"><img decoding=\"async\" loading=\"lazy\" class=\"alignnone wp-image-2661\" title=\"PDF\" src=\"https:\/\/www.backvita.com\/wp-content\/uploads\/2023\/10\/pdf-300x300.png\" alt=\"PDF\" width=\"75\" height=\"75\" srcset=\"https:\/\/www.backvita.com\/wp-content\/uploads\/2023\/10\/pdf-300x300.png 300w, https:\/\/www.backvita.com\/wp-content\/uploads\/2023\/10\/pdf-150x150.png 150w, https:\/\/www.backvita.com\/wp-content\/uploads\/2023\/10\/pdf-100x100.png 100w, https:\/\/www.backvita.com\/wp-content\/uploads\/2023\/10\/pdf.png 512w\" sizes=\"(max-width: 75px) 100vw, 75px\" \/><\/a><a class=\"aaa\" style=\"cursor: pointer; color: #ff6600;\">Solicitud[ TDS,COA, MSDS,MOA... ]<\/a><script src=\"https:\/\/cdn.staticfile.org\/jquery\/1.7\/jquery.min.js\"><\/script><script>$('.aaa').click(function(){\n\u00a0 \u00a0 \u00a0 \u00a0 $(\".wc-tabs li\").removeClass('active')\n\u00a0 \u00a0 \u00a0 \u00a0 $(\".wc-tabs li\").eq(0).addClass('active')\nvar o = $(\".wc-tabs li\").eq(0).closest(\".wc-tabs-wrapper, .woocommerce-tabs\");\no.find(\".wc-tab, .panel:not(.panel .panel)\").hide(),\n o.find(\"#\" + $(\".wc-tabs li a\").attr(\"href\").split(\"#\")[1]).show()\n\u00a0 \u00a0 \u00a0 \u00a0 window.location.href=\"#Contact Us\"\n\u00a0 \u00a0})<\/script><\/span><\/strong><\/p>","protected":false},"featured_media":2813,"template":"","meta":{"_seopress_robots_primary_cat":"none","_seopress_titles_title":"Ashwaganda Extract Withanolides suppliers Ashwaganda Extract Withanolides manufacturers Ashwaganda Extract Withanolides factory free sample","_seopress_titles_desc":"Ashwaganda Extract Withanolides \uff0cThe chemical structure of withanolide is pentacyclic benzopyronone, which is a member of the alcohol-ketone conjugated system. It has various biological activities such as antioxidant, anti-inflammatory, anti-tumor and promoting sleep.","_seopress_robots_index":""},"product_cat":[51],"product_tag":[799,800,813,805,812,810,803,806,811,807,809,808,804,801,825,824,820,821,819,818,814,815,802,822,826,827,823,828,816,817],"featured_image_urls":{"full":["https:\/\/www.backvita.com\/wp-content\/uploads\/2023\/10\/Withanolide.webp",456,416,false],"thumbnail":["https:\/\/www.backvita.com\/wp-content\/uploads\/2023\/10\/Withanolide-150x150.webp",150,150,true],"medium":["https:\/\/www.backvita.com\/wp-content\/uploads\/2023\/10\/Withanolide-300x274.webp",300,274,true],"medium_large":["https:\/\/www.backvita.com\/wp-content\/uploads\/2023\/10\/Withanolide.webp",456,416,false],"large":["https:\/\/www.backvita.com\/wp-content\/uploads\/2023\/10\/Withanolide.webp",456,416,false],"1536x1536":["https:\/\/www.backvita.com\/wp-content\/uploads\/2023\/10\/Withanolide.webp",456,416,false],"2048x2048":["https:\/\/www.backvita.com\/wp-content\/uploads\/2023\/10\/Withanolide.webp",456,416,false],"trp-custom-language-flag":["https:\/\/www.backvita.com\/wp-content\/uploads\/2023\/10\/Withanolide.webp",13,12,false],"woocommerce_thumbnail":["https:\/\/www.backvita.com\/wp-content\/uploads\/2023\/10\/Withanolide-300x300.webp",300,300,true],"woocommerce_single":["https:\/\/www.backvita.com\/wp-content\/uploads\/2023\/10\/Withanolide.webp",456,416,false],"woocommerce_gallery_thumbnail":["https:\/\/www.backvita.com\/wp-content\/uploads\/2023\/10\/Withanolide-100x100.webp",100,100,true]},"post_excerpt_stackable":"<p style=\"text-align: left;\"><span style=\"color: #000000;\">Ashwaganda Extract Withanolides ,The chemical structure of withanolide is pentacyclic benzopyronone, which is a member of the alcohol-ketone conjugated system. It has various biological activities such as antioxidant, anti-inflammatory, anti-tumor and promoting sleep.<\/span><\/p>\n<p><span style=\"color: #ff6600;\"><a class=\"aaa\" style=\"cursor: pointer; color: #ff6600;\"><img decoding=\"async\" loading=\"lazy\" class=\"alignnone wp-image-2660\" title=\"Iquire\" src=\"https:\/\/www.backvita.com\/wp-content\/uploads\/2023\/10\/inquire-300x300.png\" alt=\"Iquire\" width=\"75\" height=\"75\" srcset=\"https:\/\/www.backvita.com\/wp-content\/uploads\/2023\/10\/inquire-300x300.png 300w, https:\/\/www.backvita.com\/wp-content\/uploads\/2023\/10\/inquire-150x150.png 150w, https:\/\/www.backvita.com\/wp-content\/uploads\/2023\/10\/inquire-100x100.png 100w, https:\/\/www.backvita.com\/wp-content\/uploads\/2023\/10\/inquire.png 512w\" sizes=\"(max-width: 75px) 100vw, 75px\" \/> <strong>Send an Inquiry<\/strong><\/a><strong><script src=\"https:\/\/cdn.staticfile.org\/jquery\/1.7\/jquery.min.js\"><\/script><script>$('.aaa').click(function(){\n\u00a0 \u00a0 \u00a0 \u00a0 $(\".wc-tabs li\").removeClass('active')\n\u00a0 \u00a0 \u00a0 \u00a0 $(\".wc-tabs li\").eq(0).addClass('active')\nvar o = $(\".wc-tabs li\").eq(0).closest(\".wc-tabs-wrapper, .woocommerce-tabs\");\no.find(\".wc-tab, .panel:not(.panel .panel)\").hide(),\n o.find(\"#\" + $(\".wc-tabs li a\").attr(\"href\").split(\"#\")[1]).show()\n\u00a0 \u00a0 \u00a0 \u00a0 window.location.href=\"#Contact Us\"\n\u00a0 \u00a0})<\/script><\/strong><\/span><\/p>\n<p><strong><span style=\"color: #ff6600;\"><a style=\"color: #ff6600;\" href=\"#Contact Us\"><img decoding=\"async\" loading=\"lazy\" class=\"alignnone wp-image-2661\" title=\"PDF\" src=\"https:\/\/www.backvita.com\/wp-content\/uploads\/2023\/10\/pdf-300x300.png\" alt=\"PDF\" width=\"75\" height=\"75\" srcset=\"https:\/\/www.backvita.com\/wp-content\/uploads\/2023\/10\/pdf-300x300.png 300w, https:\/\/www.backvita.com\/wp-content\/uploads\/2023\/10\/pdf-150x150.png 150w, https:\/\/www.backvita.com\/wp-content\/uploads\/2023\/10\/pdf-100x100.png 100w, https:\/\/www.backvita.com\/wp-content\/uploads\/2023\/10\/pdf.png 512w\" sizes=\"(max-width: 75px) 100vw, 75px\" \/><\/a><a class=\"aaa\" style=\"cursor: pointer; color: #ff6600;\">Request[ TDS,COA, MSDS,MOA&#8230; ]<\/a><script src=\"https:\/\/cdn.staticfile.org\/jquery\/1.7\/jquery.min.js\"><\/script><script>$('.aaa').click(function(){\n\u00a0 \u00a0 \u00a0 \u00a0 $(\".wc-tabs li\").removeClass('active')\n\u00a0 \u00a0 \u00a0 \u00a0 $(\".wc-tabs li\").eq(0).addClass('active')\nvar o = $(\".wc-tabs li\").eq(0).closest(\".wc-tabs-wrapper, .woocommerce-tabs\");\no.find(\".wc-tab, .panel:not(.panel .panel)\").hide(),\n o.find(\"#\" + $(\".wc-tabs li a\").attr(\"href\").split(\"#\")[1]).show()\n\u00a0 \u00a0 \u00a0 \u00a0 window.location.href=\"#Contact Us\"\n\u00a0 \u00a0})<\/script><\/span><\/strong><\/p>\n","category_list":"","author_info":{"name":"","url":""},"comments_num":"0 comments","_links":{"self":[{"href":"https:\/\/www.backvita.com\/es\/wp-json\/wp\/v2\/product\/7159"}],"collection":[{"href":"https:\/\/www.backvita.com\/es\/wp-json\/wp\/v2\/product"}],"about":[{"href":"https:\/\/www.backvita.com\/es\/wp-json\/wp\/v2\/types\/product"}],"wp:featuredmedia":[{"embeddable":true,"href":"https:\/\/www.backvita.com\/es\/wp-json\/wp\/v2\/media\/2813"}],"wp:attachment":[{"href":"https:\/\/www.backvita.com\/es\/wp-json\/wp\/v2\/media?parent=7159"}],"wp:term":[{"taxonomy":"product_cat","embeddable":true,"href":"https:\/\/www.backvita.com\/es\/wp-json\/wp\/v2\/product_cat?post=7159"},{"taxonomy":"product_tag","embeddable":true,"href":"https:\/\/www.backvita.com\/es\/wp-json\/wp\/v2\/product_tag?post=7159"}],"curies":[{"name":"wp","href":"https:\/\/api.w.org\/{rel}","templated":true}]}}