{"id":7172,"date":"2024-06-26T09:40:40","date_gmt":"2024-06-26T01:40:40","guid":{"rendered":"https:\/\/www.backvita.com\/?post_type=product&#038;p=7172"},"modified":"2024-06-26T09:42:02","modified_gmt":"2024-06-26T01:42:02","slug":"centella-asiatica-extract-suppliers-centella-asiatica-extract-manufacturers-centella-asiatica-extract-factory-free-sample","status":"publish","type":"product","link":"https:\/\/www.backvita.com\/es\/product\/extracto-de-centella-asiatica-proveedores-extracto-de-centella-asiatica-fabricantes-extracto-de-centella-asiatica-muestra-gratis-de-fabrica\/","title":{"rendered":"Centella Asiatica Extracto proveedores Centella Asiatica Extracto fabricantes Centella Asiatica Extracto muestra gratis f\u00e1brica"},"content":{"rendered":"<h2>Extracto de centella asi\u00e1tica Polvo de centella asi\u00e1tica Introducci\u00f3n<\/h2>\n<p>El extracto de Centella Asi\u00e1tica es un ingrediente que puede utilizarse ampliamente como antibacteriano y antif\u00fangico, para la reconstrucci\u00f3n de la dermis, la regulaci\u00f3n de la queratina, el antienvejecimiento y la reparaci\u00f3n de la piel en mascarillas faciales, sueros, cremas, geles y dosificaciones acuosas.<\/p>\n<table style=\"height: 208px;\" width=\"1336\">\n<tbody>\n<tr>\n<td width=\"219\"><strong>Nombre del producto<\/strong><\/td>\n<td width=\"466\">Extracto de centella asi\u00e1tica<\/td>\n<\/tr>\n<tr>\n<td><strong>N\u00ba CAS<\/strong><\/td>\n<td>34540-22-2<\/td>\n<\/tr>\n<tr>\n<td><strong>Nombre latino<\/strong><\/td>\n<td>Centella asi\u00e1tica L.<\/td>\n<\/tr>\n<tr>\n<td><strong>Apariencia<\/strong><\/td>\n<td>Polvo de cristales blancos<\/td>\n<\/tr>\n<tr>\n<td><strong>Especificaciones<\/strong><\/td>\n<td>50%-95%<\/td>\n<\/tr>\n<tr>\n<td><strong>Pakage<\/strong><\/td>\n<td>1kg\/saco, 25kg\/bid\u00f3n<\/td>\n<\/tr>\n<tr>\n<td><strong>Almacenamiento<\/strong><\/td>\n<td>Proteger de la humedad y evitar el almacenamiento ligero y herm\u00e9tico.<\/td>\n<\/tr>\n<tr>\n<td><strong>M\u00e9todo de ensayo<\/strong><\/td>\n<td>HPLC<\/td>\n<\/tr>\n<\/tbody>\n<\/table>\n<h2><\/h2>\n<h2>Clasificaci\u00f3n de las aplicaciones del extracto de centella asi\u00e1tica<\/h2>\n<div class=\"org-text\">\n<h3 id=\"item_ai_id_1267\" class=\"translate_ask\"><strong>Reparaci\u00f3n de la piel\u00a0<\/strong><\/h3>\n<\/div>\n<div class=\"org-text\">\n<div class=\"translate_ask\">El extracto de centella asi\u00e1tica es rico en saponinas triterp\u00e9nicas y flavonoides, que tienen efectos antiinflamatorios, antioxidantes y cicatrizantes. Estos productos se utilizan a menudo para tratar problemas cut\u00e1neos como quemaduras, heridas, cicatrices y eccemas, al tiempo que ayudan a aliviar la piel seca y sensible.<\/div>\n<div><\/div>\n<\/div>\n<div class=\"org-text\">\n<h3 class=\"translate_ask\"><strong>Activador vascular\u00a0<\/strong><\/h3>\n<div class=\"translate_ask\">Se considera que las saponinas triterp\u00e9nicas del extracto de Centella asi\u00e1tica tienen efectos vasoactivadores, que pueden favorecer la circulaci\u00f3n sangu\u00ednea y mejorar la elasticidad y estabilidad de los capilares. Este tipo de producto se utiliza a menudo para mejorar las molestias de las piernas causadas por las varices, la congesti\u00f3n y la fatiga, y puede ayudar a aliviar los dolores musculares y la gravedad.<\/div>\n<div><\/div>\n<\/div>\n<div class=\"org-text\">\n<h3 class=\"translate_ask\"><strong>Antienvejecimiento\u00a0<\/strong><\/h3>\n<div class=\"translate_ask\">\u00a0El extracto de centella asi\u00e1tica es rico en flavonoides y tiene efectos antioxidantes, que pueden reducir los da\u00f1os causados por los radicales libres en la piel y prevenir el envejecimiento. Suele utilizarse en productos de cuidado de la piel para mejorar su elasticidad, iluminar el tono y reducir la aparici\u00f3n de arrugas y l\u00edneas de expresi\u00f3n.<\/div>\n<\/div>\n<div><\/div>\n<div class=\"org-text\">\n<h3 class=\"translate_ask\"><strong>Antibacterias\u00a0<\/strong><\/h3>\n<div class=\"translate_ask\">Se ha descubierto que el extracto de centella asi\u00e1tica tiene ciertos efectos antibacterianos y antif\u00fangicos y puede utilizarse para tratar algunas infecciones cut\u00e1neas comunes, como el acn\u00e9 y las infecciones f\u00fangicas. Estos productos suelen utilizarse como medicamentos t\u00f3picos o productos t\u00f3picos para el cuidado de la piel.<\/div>\n<\/div>\n<div><\/div>\n<div class=\"org-text\">\n<h3 class=\"translate_ask\"><strong>Antiinflamatorio\u00a0<\/strong><\/h3>\n<div class=\"translate_ask\">Los efectos antiinflamatorios del extracto de Centella asi\u00e1tica le confieren potencial en el tratamiento de enfermedades relacionadas con la inflamaci\u00f3n. Algunos estudios sugieren que puede tener algunos beneficios terap\u00e9uticos en afecciones como la enfermedad inflamatoria intestinal, la artritis reumatoide y la gingivitis.<\/div>\n<\/div>\n<div><\/div>\n<div><\/div>\n<div><\/div>\n<h2>Especificaciones y aplicaciones del extracto de centella asi\u00e1tica en cosm\u00e9tica<\/h2>\n<table style=\"height: 456px;\" width=\"1316\">\n<tbody>\n<tr>\n<td width=\"135\"><strong>Especificaciones<\/strong><\/td>\n<td width=\"172\"><strong>Contenido\u00a0<\/strong><\/td>\n<td width=\"172\"><strong>Caracter\u00edstica<\/strong><\/td>\n<td width=\"334\"><strong>Funciones<\/strong><\/td>\n<td width=\"306\"><strong>Aplicaciones<\/strong><\/td>\n<\/tr>\n<tr>\n<td width=\"135\"><strong>Triterpenos totales (Asiaticoside+<\/strong><\/p>\n<p><strong>Madecassoside+Asiaticoside B)<\/strong><\/td>\n<td width=\"172\">70%-80%<\/td>\n<td width=\"172\">Polvo amarillo claro<\/td>\n<td width=\"334\">Eliminaci\u00f3n de cicatrices, eliminaci\u00f3n del acn\u00e9, cicatrizaci\u00f3n de heridas...<\/td>\n<td width=\"306\">Mascarilla, crema, loci\u00f3n, gel, etc.<\/td>\n<\/tr>\n<tr>\n<td width=\"135\"><strong>Asiaticoside<\/strong><\/td>\n<td width=\"172\">40%-95%<\/td>\n<td width=\"172\">40%-amarillo claro<\/p>\n<p>70%-95% blanco<\/td>\n<td width=\"334\">Antiinflamaci\u00f3n, reorganizaci\u00f3n d\u00e9rmica, antienvejecimiento<\/td>\n<td width=\"306\">Mascarillas faciales, cremas, lociones, geles, lociones antica\u00edda, etc.<\/td>\n<\/tr>\n<tr>\n<td width=\"135\"><strong>Madecassoside<\/strong><\/td>\n<td width=\"172\">50%-95%<\/td>\n<td width=\"172\">Polvo blanco<\/td>\n<td width=\"334\">Antiinflamaci\u00f3n, reestructuraci\u00f3n d\u00e9rmica, regulaci\u00f3n de la queratina<\/td>\n<td width=\"306\">Mascarilla, crema, loci\u00f3n, gel, etc.<\/td>\n<\/tr>\n<tr>\n<td width=\"135\"><\/td>\n<td width=\"172\"><\/td>\n<td width=\"172\"><\/td>\n<td width=\"334\"><\/td>\n<td width=\"306\"><\/td>\n<\/tr>\n<tr>\n<td width=\"135\"><strong>\u00c1cido asi\u00e1tico<\/strong><\/td>\n<td width=\"172\">90%<\/td>\n<td width=\"172\">Polvo blanco<\/td>\n<td width=\"334\">Blanqueamiento, antienvejecimiento, reafirmante, reestructuraci\u00f3n d\u00e9rmica<\/td>\n<td width=\"306\">Crema, loci\u00f3n, esencia, gel, etc.<\/td>\n<\/tr>\n<tr>\n<td width=\"135\"><strong>T.E.C.A(Extracto titulado de Centella Asi\u00e1tica)Asiaticoside36%-44%,\u00c1cido asi\u00e1tico+Madecassoside 54%-66%<\/strong><\/td>\n<td width=\"172\">95%<\/td>\n<td width=\"172\">Polvo blanco<\/td>\n<td width=\"334\">Reorganizaci\u00f3n d\u00e9rmica, circulaci\u00f3n sangu\u00ednea, estr\u00edas, antienvejecimiento, reparaci\u00f3n cut\u00e1nea<\/td>\n<td width=\"306\">Mascarilla, crema, loci\u00f3n, esencia, gel, etc.<\/td>\n<\/tr>\n<tr>\n<td width=\"135\"><strong>Genins libres<\/strong><\/td>\n<td width=\"172\">85%<\/td>\n<td width=\"172\">Polvo blanco<\/td>\n<td width=\"334\">Blanqueante, antibacteriano, reafirmante, reestructurante d\u00e9rmico<\/td>\n<td width=\"306\">crema, loci\u00f3n, esencia, gel, etc.<\/td>\n<\/tr>\n<\/tbody>\n<\/table>\n<p>&nbsp;<\/p>\n<h2 style=\"text-align: left;\"><strong>Especificaci\u00f3n (TDS) de <\/strong>Extracto de centella asi\u00e1tica<\/h2>\n<table style=\"height: 1259px;\" width=\"1289\">\n<tbody>\n<tr>\n<td width=\"203\"><strong>Pruebas<\/strong><\/td>\n<td width=\"230\"><strong>L\u00edmites<\/strong><\/td>\n<td width=\"210\"><strong>M\u00e9todos<\/strong><\/td>\n<\/tr>\n<tr>\n<td width=\"203\"><strong>Identificaci\u00f3n (TLC)<\/strong><\/td>\n<td width=\"230\">Positivo<\/td>\n<td width=\"210\">USP40<\/td>\n<\/tr>\n<tr>\n<td width=\"203\"><strong>Madecassoside (HPLC)<\/strong><\/td>\n<td width=\"230\">\u226595%<\/td>\n<td width=\"210\">USP40<\/td>\n<\/tr>\n<tr>\n<td width=\"203\"><strong>Apariencia<\/strong><\/td>\n<td width=\"230\">Polvo fino blanco<\/td>\n<td width=\"210\">Visual<\/td>\n<\/tr>\n<tr>\n<td width=\"203\"><strong>Olor y sabor<\/strong><\/td>\n<td width=\"230\">Caracter\u00edstica<\/td>\n<td width=\"210\">Organol\u00e9ptico<\/td>\n<\/tr>\n<tr>\n<td width=\"203\"><strong>Solubilidad en agua<\/strong><\/td>\n<td width=\"230\">1g disolver 30-50ml agua<\/td>\n<td width=\"210\">Conforme<\/td>\n<\/tr>\n<tr>\n<td width=\"203\"><strong>Tama\u00f1o de las part\u00edculas<\/strong><\/td>\n<td width=\"230\">98% pasar 80mesh<\/td>\n<td width=\"210\">USP40<\/td>\n<\/tr>\n<tr>\n<td width=\"203\"><strong>Agua<\/strong><\/td>\n<td width=\"230\">\u22645.0%<\/td>\n<td width=\"210\">USP40<\/td>\n<\/tr>\n<tr>\n<td width=\"203\"><strong>Fresno<\/strong><\/td>\n<td width=\"230\">\u22641.0%<\/td>\n<td width=\"210\">USP40<\/td>\n<\/tr>\n<tr>\n<td width=\"203\"><strong>Metales pesados<\/strong><\/td>\n<td width=\"230\">\u226420.0ppm<\/td>\n<td width=\"210\">USP40<\/td>\n<\/tr>\n<tr>\n<td width=\"203\"><strong>Plomo<\/strong><\/td>\n<td width=\"230\">\u22643,0 ppm<\/td>\n<td width=\"210\">USP40<\/td>\n<\/tr>\n<tr>\n<td width=\"203\"><strong>Ars\u00e9nico<\/strong><\/td>\n<td width=\"230\">\u22641,0 ppm<\/td>\n<td width=\"210\">USP40<\/td>\n<\/tr>\n<tr>\n<td width=\"203\"><strong>Cadmio<\/strong><\/td>\n<td width=\"230\">\u22640,3 ppm<\/td>\n<td width=\"210\">USP40<\/td>\n<\/tr>\n<tr>\n<td width=\"203\"><strong>Mercurio<\/strong><\/td>\n<td width=\"230\">\u22640,1 ppm<\/td>\n<td width=\"210\">USP40<\/td>\n<\/tr>\n<tr>\n<td width=\"203\"><strong>Cobre<\/strong><\/td>\n<td width=\"230\">\u22645.0ppm<\/td>\n<td width=\"210\">USP40<\/td>\n<\/tr>\n<tr>\n<td width=\"203\"><strong>Residuos de disolventes<\/strong><\/td>\n<td width=\"230\">USP40<\/td>\n<td width=\"210\">USP40<\/td>\n<\/tr>\n<tr>\n<td width=\"203\"><strong>Residuos de pesticidas<\/strong><\/td>\n<td width=\"230\">USP40<\/td>\n<td width=\"210\">USP40<\/td>\n<\/tr>\n<tr>\n<td width=\"203\"><strong>Recuento total de bacterias<\/strong><\/td>\n<td width=\"230\">\u22641.000 ufc\/g<\/td>\n<td width=\"210\">USP40<\/td>\n<\/tr>\n<tr>\n<td width=\"203\"><strong>Levaduras y moho<\/strong><\/td>\n<td width=\"230\">\u2264100cfu\/g<\/td>\n<td width=\"210\">USP40<\/td>\n<\/tr>\n<tr>\n<td width=\"203\"><strong>E. Coli<\/strong><\/td>\n<td width=\"230\">Negativo<\/td>\n<td width=\"210\">USP40<\/td>\n<\/tr>\n<tr>\n<td width=\"203\"><strong>Salmonella<\/strong><\/td>\n<td width=\"230\">Negativo<\/td>\n<td width=\"210\">USP40<\/td>\n<\/tr>\n<\/tbody>\n<\/table>\n<h2><\/h2>\n<h2><span style=\"color: #ff9c00;\">Nuestro servicio de valor a\u00f1adido Rest Easy<\/span><\/h2>\n<p><em><strong><span style=\"color: #ff9c00;\">&gt;&gt;&gt;\u00a0 <\/span><\/strong><\/em><strong>Backvita tiene t\u00e9cnicos profesionales que pueden proporcionar documentos de apoyo t\u00e9cnico como: Normas, Especificaciones, COA, MOA,\u00a0<\/strong><strong>FDS,<\/strong><strong>Diagrama de flujo, declaraciones, cromatogramas, datos nutricionales, prueba de estabilidad, etc.<\/strong><\/p>\n<p><strong><span style=\"color: #ff9c00;\">&gt;&gt;&gt; \u00a0<\/span>Nos comprometemos a ofrecerle servicios exclusivos para que no tenga preocupaciones en la compra y venta de productos.<\/strong><\/p>\n<p><strong><span style=\"color: #ff9c00;\">&gt;&gt;&gt;<\/span>\u00a0 Nuestro equipo global de analistas de datos de comercio electr\u00f3nico cuenta con 10 a\u00f1os de experiencia en el sector de los extractos de plantas. Le proporcionar\u00e1n informes de datos sobre los pa\u00edses en los que se venden sus productos para ayudarle a tomar decisiones con conocimiento de causa. Estos informes de datos incluir\u00e1n el volumen de ventas, los canales de venta, el an\u00e1lisis de la competencia y otros datos que le ayudar\u00e1n a comprender mejor la demanda y las tendencias del mercado, optimizando as\u00ed sus estrategias de adquisici\u00f3n y venta.<\/strong><\/p>\n<p><strong><span style=\"color: #ff9c00;\">&gt;&gt;&gt;\u00a0<\/span> Adem\u00e1s de los informes de datos, tambi\u00e9n le facilitaremos peri\u00f3dicamente informaci\u00f3n sobre los productos de moda y las novedades del mercado. Esta informaci\u00f3n le ayudar\u00e1 a mantenerse al corriente de las posibles oportunidades y tendencias del mercado, y a realizar ajustes y tomar decisiones en funci\u00f3n de las demandas del mercado.<\/strong><\/p>\n<p><strong><span style=\"color: #ff9c00;\">&gt;&gt;&gt;<\/span>\u00a0 Si tiene su propia marca exclusiva, tambi\u00e9n le proporcionaremos materiales promocionales y carteles que le ayudar\u00e1n a mejorar su imagen de marca y a darse a conocer en el mercado. Nuestro equipo de dise\u00f1o dise\u00f1ar\u00e1 materiales promocionales exclusivos para su marca de acuerdo con sus necesidades y requisitos. Todos estos servicios de valor a\u00f1adido se ofrecen gratuitamente a los clientes de nuestros socios.<\/strong><\/p>\n<p><strong><span style=\"color: #ff9c00;\">&gt;&gt;&gt;<\/span>\u00a0 Nuestro objetivo es centrarnos en los clientes, ofrecerles servicios sin preocupaciones durante todo el proceso y ayudarles a conseguir un mayor rendimiento y \u00e9xito.<\/strong><\/p>\n<p><strong><span style=\"color: #ff9c00;\">&gt;&gt;&gt;<\/span>\u00a0 Si tiene alguna pregunta o necesidad especial sobre nuestros servicios de valor a\u00f1adido, no dude en ponerse en contacto con nosotros. Haremos todo lo posible para ayudarle y garantizar su satisfacci\u00f3n. Gracias de nuevo por su apoyo y atenci\u00f3n hacia nosotros, y esperamos establecer una relaci\u00f3n de cooperaci\u00f3n a largo plazo con usted.<\/strong><\/p>\n<h2><\/h2>\n<h2>P\u00f3ngase en contacto con nosotros<a name=\"Contact Us\"><\/a><\/h2>\n\n<div class=\"wpcf7 no-js\" id=\"wpcf7-f690-o1\" lang=\"zh-CN\" dir=\"ltr\">\n<div class=\"screen-reader-response\"><p role=\"status\" aria-live=\"polite\" aria-atomic=\"true\"><\/p> <ul><\/ul><\/div>\n<form action=\"\/es\/wp-json\/wp\/v2\/product\/7172#wpcf7-f690-o1\" method=\"post\" class=\"wpcf7-form init\" aria-label=\"Contact form\" novalidate=\"novalidate\" data-status=\"init\" data-trp-original-action=\"\/es\/wp-json\/wp\/v2\/product\/7172#wpcf7-f690-o1\">\n<div style=\"display: none;\">\n<input type=\"hidden\" name=\"_wpcf7\" value=\"690\" \/>\n<input type=\"hidden\" name=\"_wpcf7_version\" value=\"5.8\" \/>\n<input type=\"hidden\" name=\"_wpcf7_locale\" value=\"zh_CN\" \/>\n<input type=\"hidden\" name=\"_wpcf7_unit_tag\" value=\"wpcf7-f690-o1\" \/>\n<input type=\"hidden\" name=\"_wpcf7_container_post\" value=\"0\" \/>\n<input type=\"hidden\" name=\"_wpcf7_posted_data_hash\" value=\"\" \/>\n<\/div>\n<p><label> *Nombre *Nombre de la empresa<br \/>\n<span class=\"wpcf7-form-control-wrap\" data-name=\"your-name\"><input size=\"40\" class=\"wpcf7-form-control wpcf7-text wpcf7-validates-as-required\" autocomplete=\"name\" aria-required=\"true\" aria-invalid=\"false\" value=\"\" type=\"text\" name=\"your-name\" \/><\/span> <\/label>\n<\/p>\n<p><label> *Correo electr\u00f3nico<br \/>\n<span class=\"wpcf7-form-control-wrap\" data-name=\"your-email\"><input size=\"40\" class=\"wpcf7-form-control wpcf7-email wpcf7-validates-as-required wpcf7-text wpcf7-validates-as-email\" autocomplete=\"email\" aria-required=\"true\" aria-invalid=\"false\" value=\"\" type=\"email\" name=\"your-email\" \/><\/span> <\/label>\n<\/p>\n<p><label> *N\u00famero de tel\u00e9fono<br \/>\n<span class=\"wpcf7-form-control-wrap\" data-name=\"your-subject\"><input size=\"40\" class=\"wpcf7-form-control wpcf7-text wpcf7-validates-as-required\" aria-required=\"true\" aria-invalid=\"false\" value=\"\" type=\"text\" name=\"your-subject\" \/><\/span> <\/label>\n<\/p>\n<p><label> *Mensaje<br \/>\n<span class=\"wpcf7-form-control-wrap\" data-name=\"your-message\"><textarea cols=\"40\" rows=\"10\" class=\"wpcf7-form-control wpcf7-textarea\" aria-invalid=\"false\" name=\"your-message\"><\/textarea><\/span> <\/label>\n<\/p>\n<p><input class=\"wpcf7-form-control wpcf7-submit has-spinner\" type=\"submit\" value=\"Enviar\" \/>\n<\/p><div class=\"wpcf7-response-output\" aria-hidden=\"true\"><\/div>\n<input type=\"hidden\" name=\"trp-form-language\" value=\"es\"\/><\/form>\n<\/div>\n\n<p>&nbsp;<\/p>","protected":false},"excerpt":{"rendered":"<p><span style=\"color: #000000;\">El extracto de Centella Asi\u00e1tica es un ingrediente que puede utilizarse ampliamente como antibacteriano y antif\u00fangico, para la reconstrucci\u00f3n de la dermis, la regulaci\u00f3n de la queratina, el antienvejecimiento y la reparaci\u00f3n de la piel en m\u00e1scaras faciales, sueros, cremas, geles y dosificaciones a base de agua.<\/span><\/p>\n<p><strong><a class=\"aaa\" style=\"cursor: pointer;\"><img decoding=\"async\" loading=\"lazy\" class=\"alignnone wp-image-2660\" title=\"Consulte \" src=\"https:\/\/www.backvita.com\/wp-content\/uploads\/2023\/10\/inquire-300x300.png\" alt=\"Consulte \" width=\"75\" height=\"75\" srcset=\"https:\/\/www.backvita.com\/wp-content\/uploads\/2023\/10\/inquire-300x300.png 300w, https:\/\/www.backvita.com\/wp-content\/uploads\/2023\/10\/inquire-150x150.png 150w, https:\/\/www.backvita.com\/wp-content\/uploads\/2023\/10\/inquire-100x100.png 100w, https:\/\/www.backvita.com\/wp-content\/uploads\/2023\/10\/inquire.png 512w\" sizes=\"(max-width: 75px) 100vw, 75px\" \/> <span style=\"color: #ff6600;\">Enviar una consulta<\/span><\/a><span style=\"color: #ff6600;\"><script src=\"https:\/\/cdn.staticfile.org\/jquery\/1.7\/jquery.min.js\"><\/script><script>$('.aaa').click(function(){\n\u00a0 \u00a0 \u00a0 \u00a0 $(\".wc-tabs li\").removeClass('active')\n\u00a0 \u00a0 \u00a0 \u00a0 $(\".wc-tabs li\").eq(0).addClass('active')\nvar o = $(\".wc-tabs li\").eq(0).closest(\".wc-tabs-wrapper, .woocommerce-tabs\");\no.find(\".wc-tab, .panel:not(.panel .panel)\").hide(),\n o.find(\"#\" + $(\".wc-tabs li a\").attr(\"href\").split(\"#\")[1]).show()\n\u00a0 \u00a0 \u00a0 \u00a0 window.location.href=\"#Contact Us\"\n\u00a0 \u00a0})<\/script><\/span><\/strong><\/p>\n<p><span style=\"color: #ff6600;\"><strong><a style=\"color: #ff6600;\" href=\"#Contact Us\"><img decoding=\"async\" loading=\"lazy\" class=\"alignnone wp-image-2661\" title=\"PDF\" src=\"https:\/\/www.backvita.com\/wp-content\/uploads\/2023\/10\/pdf-300x300.png\" alt=\"PDF\" width=\"75\" height=\"75\" srcset=\"https:\/\/www.backvita.com\/wp-content\/uploads\/2023\/10\/pdf-300x300.png 300w, https:\/\/www.backvita.com\/wp-content\/uploads\/2023\/10\/pdf-150x150.png 150w, https:\/\/www.backvita.com\/wp-content\/uploads\/2023\/10\/pdf-100x100.png 100w, https:\/\/www.backvita.com\/wp-content\/uploads\/2023\/10\/pdf.png 512w\" sizes=\"(max-width: 75px) 100vw, 75px\" \/><\/a><a class=\"aaa\" style=\"cursor: pointer; color: #ff6600;\">Solicitud[ TDS,COA, MSDS,MOA... ]<\/a><script src=\"https:\/\/cdn.staticfile.org\/jquery\/1.7\/jquery.min.js\"><\/script><script>$('.aaa').click(function(){\n\u00a0 \u00a0 \u00a0 \u00a0 $(\".wc-tabs li\").removeClass('active')\n\u00a0 \u00a0 \u00a0 \u00a0 $(\".wc-tabs li\").eq(0).addClass('active')\nvar o = $(\".wc-tabs li\").eq(0).closest(\".wc-tabs-wrapper, .woocommerce-tabs\");\no.find(\".wc-tab, .panel:not(.panel .panel)\").hide(),\n o.find(\"#\" + $(\".wc-tabs li a\").attr(\"href\").split(\"#\")[1]).show()\n\u00a0 \u00a0 \u00a0 \u00a0 window.location.href=\"#Contact Us\"\n\u00a0 \u00a0})<\/script><\/strong><\/span><\/p>","protected":false},"featured_media":2932,"template":"","meta":{"_seopress_robots_primary_cat":"none","_seopress_titles_title":"Centella Asiatica Extract Centella Asiatica Extract suppliers Centella Asiatica Extract manufacturers Centella Asiatica Extract factory free sample","_seopress_titles_desc":"Centella Asiatica Extract\u00a0Madecassoside is one of main ingredient of Centella\u00a0Asiatica, which could be widely used for Anti-bacterial & Anti-fungal, Dermis reconstruction, Keratin regulation, Anti-aging and skin repair in facial masks, Serum, Cream, Gel and water based dosages.","_seopress_robots_index":""},"product_cat":[34,55],"product_tag":[313,314,328,321,327,311,317,340,339,335,336,334,333,318,329,330,337,341,342,338,343,331,332,312,325,319,322,326,315,316,324,323,320],"featured_image_urls":{"full":["https:\/\/www.backvita.com\/wp-content\/uploads\/2023\/11\/Centella-Asiatica-Extract.webp",452,454,false],"thumbnail":["https:\/\/www.backvita.com\/wp-content\/uploads\/2023\/11\/Centella-Asiatica-Extract-150x150.webp",150,150,true],"medium":["https:\/\/www.backvita.com\/wp-content\/uploads\/2023\/11\/Centella-Asiatica-Extract-300x300.webp",300,300,true],"medium_large":["https:\/\/www.backvita.com\/wp-content\/uploads\/2023\/11\/Centella-Asiatica-Extract.webp",452,454,false],"large":["https:\/\/www.backvita.com\/wp-content\/uploads\/2023\/11\/Centella-Asiatica-Extract.webp",452,454,false],"1536x1536":["https:\/\/www.backvita.com\/wp-content\/uploads\/2023\/11\/Centella-Asiatica-Extract.webp",452,454,false],"2048x2048":["https:\/\/www.backvita.com\/wp-content\/uploads\/2023\/11\/Centella-Asiatica-Extract.webp",452,454,false],"trp-custom-language-flag":["https:\/\/www.backvita.com\/wp-content\/uploads\/2023\/11\/Centella-Asiatica-Extract.webp",12,12,false],"woocommerce_thumbnail":["https:\/\/www.backvita.com\/wp-content\/uploads\/2023\/11\/Centella-Asiatica-Extract-300x300.webp",300,300,true],"woocommerce_single":["https:\/\/www.backvita.com\/wp-content\/uploads\/2023\/11\/Centella-Asiatica-Extract.webp",452,454,false],"woocommerce_gallery_thumbnail":["https:\/\/www.backvita.com\/wp-content\/uploads\/2023\/11\/Centella-Asiatica-Extract-100x100.webp",100,100,true]},"post_excerpt_stackable":"<p><span style=\"color: #000000;\">Centella Asiatica Extract\u00a0 ingredient, which could be widely used for Anti-bacterial &amp; Anti-fungal, Dermis reconstruction, Keratin regulation, Anti-aging and skin repair in facial masks, Serum, Cream, Gel and water based dosages.<\/span><\/p>\n<p><strong><a class=\"aaa\" style=\"cursor: pointer;\"><img decoding=\"async\" loading=\"lazy\" class=\"alignnone wp-image-2660\" title=\"Iquire \" src=\"https:\/\/www.backvita.com\/wp-content\/uploads\/2023\/10\/inquire-300x300.png\" alt=\"Iquire \" width=\"75\" height=\"75\" srcset=\"https:\/\/www.backvita.com\/wp-content\/uploads\/2023\/10\/inquire-300x300.png 300w, https:\/\/www.backvita.com\/wp-content\/uploads\/2023\/10\/inquire-150x150.png 150w, https:\/\/www.backvita.com\/wp-content\/uploads\/2023\/10\/inquire-100x100.png 100w, https:\/\/www.backvita.com\/wp-content\/uploads\/2023\/10\/inquire.png 512w\" sizes=\"(max-width: 75px) 100vw, 75px\" \/> <span style=\"color: #ff6600;\">Send an Inquiry<\/span><\/a><span style=\"color: #ff6600;\"><script src=\"https:\/\/cdn.staticfile.org\/jquery\/1.7\/jquery.min.js\"><\/script><script>$('.aaa').click(function(){\n\u00a0 \u00a0 \u00a0 \u00a0 $(\".wc-tabs li\").removeClass('active')\n\u00a0 \u00a0 \u00a0 \u00a0 $(\".wc-tabs li\").eq(0).addClass('active')\nvar o = $(\".wc-tabs li\").eq(0).closest(\".wc-tabs-wrapper, .woocommerce-tabs\");\no.find(\".wc-tab, .panel:not(.panel .panel)\").hide(),\n o.find(\"#\" + $(\".wc-tabs li a\").attr(\"href\").split(\"#\")[1]).show()\n\u00a0 \u00a0 \u00a0 \u00a0 window.location.href=\"#Contact Us\"\n\u00a0 \u00a0})<\/script><\/span><\/strong><\/p>\n<p><span style=\"color: #ff6600;\"><strong><a style=\"color: #ff6600;\" href=\"#Contact Us\"><img decoding=\"async\" loading=\"lazy\" class=\"alignnone wp-image-2661\" title=\"PDF\" src=\"https:\/\/www.backvita.com\/wp-content\/uploads\/2023\/10\/pdf-300x300.png\" alt=\"PDF\" width=\"75\" height=\"75\" srcset=\"https:\/\/www.backvita.com\/wp-content\/uploads\/2023\/10\/pdf-300x300.png 300w, https:\/\/www.backvita.com\/wp-content\/uploads\/2023\/10\/pdf-150x150.png 150w, https:\/\/www.backvita.com\/wp-content\/uploads\/2023\/10\/pdf-100x100.png 100w, https:\/\/www.backvita.com\/wp-content\/uploads\/2023\/10\/pdf.png 512w\" sizes=\"(max-width: 75px) 100vw, 75px\" \/><\/a><a class=\"aaa\" style=\"cursor: pointer; color: #ff6600;\">Request[ TDS,COA, MSDS,MOA&#8230; ]<\/a><script src=\"https:\/\/cdn.staticfile.org\/jquery\/1.7\/jquery.min.js\"><\/script><script>$('.aaa').click(function(){\n\u00a0 \u00a0 \u00a0 \u00a0 $(\".wc-tabs li\").removeClass('active')\n\u00a0 \u00a0 \u00a0 \u00a0 $(\".wc-tabs li\").eq(0).addClass('active')\nvar o = $(\".wc-tabs li\").eq(0).closest(\".wc-tabs-wrapper, .woocommerce-tabs\");\no.find(\".wc-tab, .panel:not(.panel .panel)\").hide(),\n o.find(\"#\" + $(\".wc-tabs li a\").attr(\"href\").split(\"#\")[1]).show()\n\u00a0 \u00a0 \u00a0 \u00a0 window.location.href=\"#Contact Us\"\n\u00a0 \u00a0})<\/script><\/strong><\/span><\/p>\n","category_list":"","author_info":{"name":"","url":""},"comments_num":"0 comments","_links":{"self":[{"href":"https:\/\/www.backvita.com\/es\/wp-json\/wp\/v2\/product\/7172"}],"collection":[{"href":"https:\/\/www.backvita.com\/es\/wp-json\/wp\/v2\/product"}],"about":[{"href":"https:\/\/www.backvita.com\/es\/wp-json\/wp\/v2\/types\/product"}],"wp:featuredmedia":[{"embeddable":true,"href":"https:\/\/www.backvita.com\/es\/wp-json\/wp\/v2\/media\/2932"}],"wp:attachment":[{"href":"https:\/\/www.backvita.com\/es\/wp-json\/wp\/v2\/media?parent=7172"}],"wp:term":[{"taxonomy":"product_cat","embeddable":true,"href":"https:\/\/www.backvita.com\/es\/wp-json\/wp\/v2\/product_cat?post=7172"},{"taxonomy":"product_tag","embeddable":true,"href":"https:\/\/www.backvita.com\/es\/wp-json\/wp\/v2\/product_tag?post=7172"}],"curies":[{"name":"wp","href":"https:\/\/api.w.org\/{rel}","templated":true}]}}