{"id":7338,"date":"2024-07-03T12:32:43","date_gmt":"2024-07-03T04:32:43","guid":{"rendered":"https:\/\/www.backvita.com\/?post_type=product&#038;p=7338"},"modified":"2024-07-03T12:33:42","modified_gmt":"2024-07-03T04:33:42","slug":"sophora-japonica-extract-quercetin-suppliers-sophora-japonica-extract-quercetin-manufacturers-sophora-japonica-extract-quercetin-factory-free-sample","status":"publish","type":"product","link":"https:\/\/www.backvita.com\/es\/product\/sophora-japonica-extracto-quercetina-proveedores-sophora-japonica-extracto-quercetina-fabricantes-sophora-japonica-extracto-quercetina-fabrica-muestra-gratis\/","title":{"rendered":"Sophora Japonica Extracto Quercetina proveedores Sophora Japonica Extracto Quercetina fabricantes Sophora Japonica Extracto Quercetina muestra gratis de f\u00e1brica"},"content":{"rendered":"<div class=\"fl-col-group fl-node-636dc13ada935\" data-node=\"636dc13ada935\">\n<div class=\"fl-col fl-node-636dc13ada9ab\" data-node=\"636dc13ada9ab\">\n<div class=\"fl-col-content fl-node-content\">\n<div class=\"fl-module fl-module-rich-text fl-node-636dc13ade991\" data-node=\"636dc13ade991\" data-animation-delay=\"0.0\">\n<div class=\"fl-module-content fl-node-content\">\n<div class=\"fl-rich-text\">\n<div class=\"content_box\">\n<h2 style=\"text-align: left;\">Extracto de Sophora Japonica Quercetina Introducci\u00f3n<\/h2>\n<\/div>\n<p><strong>Quercetina<\/strong>- (extracto de Sophora japonica) -fue un producto de hidr\u00f3lisis de la Rutina que se extrajo de los capullos florales secos de Sophora japonica L, por extracci\u00f3n alcalina, precipitaci\u00f3n \u00e1cida y proceso de purificaci\u00f3n, que NLT 98.0% y NMT 102.0% de quercetina, calculado sobre la base anhidra.<\/p>\n<p>La quercetina es un compuesto flavonol ampliamente distribuido en el reino vegetal y tiene una variedad de actividades biol\u00f3gicas. La quercetina puede luchar contra los radicales libres, complejos o capturar los radicales libres para prevenir la peroxidaci\u00f3n lip\u00eddica en el cuerpo; puede inhibir directamente los tumores y desempe\u00f1ar eficazmente efectos anticancer\u00edgenos y anticancer\u00edgenos; tambi\u00e9n es eficaz en antibacteriano, antiinflamatorio, antial\u00e9rgico, y la prevenci\u00f3n de complicaciones diab\u00e9ticas. Fuerte actividad biol\u00f3gica. Adem\u00e1s, la quercetina tambi\u00e9n puede disminuir la presi\u00f3n arterial, mejorar la resistencia capilar, reducir la fragilidad capilar, disminuir los l\u00edpidos en la sangre, expandir las arterias coronarias, aumentar el flujo sangu\u00edneo coronario, etc. Tambi\u00e9n tiene un efecto terap\u00e9utico auxiliar en pacientes con cardiopat\u00eda coronaria e hipertensi\u00f3n.<\/p>\n<table style=\"height: 242px;\" width=\"1339\">\n<tbody>\n<tr>\n<td width=\"219\"><strong>Nombre del producto<\/strong><\/td>\n<td width=\"466\">Extracto de Sophora Japonica Quercetina<\/td>\n<\/tr>\n<tr>\n<td><strong>N\u00ba CAS<\/strong><\/td>\n<td>117-39-5<\/td>\n<\/tr>\n<tr>\n<td><strong>Nombre latino<\/strong><\/td>\n<td>Sophora japonica L.<\/td>\n<\/tr>\n<tr>\n<td><strong>Apariencia<\/strong><\/td>\n<td>Polvo cristalino amarillo en forma de aguja<\/td>\n<\/tr>\n<tr>\n<td><strong>Especificaciones<\/strong><\/td>\n<td>95%,98%<\/td>\n<\/tr>\n<tr>\n<td><strong>Pakage<\/strong><\/td>\n<td>1kg\/saco, 25kg\/bid\u00f3n<\/td>\n<\/tr>\n<tr>\n<td><strong>Almacenamiento<\/strong><\/td>\n<td>Proteger de la humedad y evitar el almacenamiento ligero y herm\u00e9tico.<\/td>\n<\/tr>\n<tr>\n<td><strong>M\u00e9todo de ensayo<\/strong><\/td>\n<td>HPLC,UV<\/td>\n<\/tr>\n<\/tbody>\n<\/table>\n<h2><\/h2>\n<h2 style=\"text-align: left;\">Extracto de Sophora Japonica Quercetina Propiedades f\u00edsicas y qu\u00edmicas<\/h2>\n<p>Extracto de Sophora japonica quercetina ,Polvo amarillo (metanol), su dihidrato es cristal de aguja amarilla. Se vuelve anhidro a 95~97\u2103, con un punto de fusi\u00f3n de 313~314\u2103 (descomposici\u00f3n). Soluble en etanol caliente (1:23), etanol fr\u00edo (1:300), soluble en metanol, acetato de etilo, \u00e1cido ac\u00e9tico glacial, piridina, etc., insoluble en \u00e9ter de petr\u00f3leo, benceno, \u00e9ter, cloroformo, y casi insoluble en agua. Su soluci\u00f3n acuosa alcalina es amarilla, y su soluci\u00f3n etan\u00f3lica tiene un sabor muy amargo. Aparece fluorescencia azul bajo luz ultravioleta, la fluorescencia cambia a amarillo-verde cuando se a\u00f1ade soluci\u00f3n etan\u00f3lica de AlCl3, y la reacci\u00f3n \u00e1cido clorh\u00eddrico-polvo de magnesio aparece roja.<\/p>\n<p>La quercetina es un compuesto flavon\u00f3lico. Los flavonoides existen principalmente en forma de gluc\u00f3sidos. Debido a los diferentes tipos y posiciones de los az\u00facares conectados, se forma una gran variedad de gluc\u00f3sidos flavonoides. Los flavonoles son poco solubles en agua, mientras que sus gluc\u00f3sidos son m\u00e1s solubles en agua.<\/p>\n<p>&nbsp;<\/p>\n<\/div>\n<\/div>\n<\/div>\n<\/div>\n<\/div>\n<\/div>\n<div class=\"fl-col-group fl-node-636dc13ae09fc fl-col-group-equal-height fl-col-group-align-center\" data-node=\"636dc13ae09fc\">\n<div class=\"fl-col fl-node-636dc13ae0a64\" data-node=\"636dc13ae0a64\">\n<div class=\"fl-col-content fl-node-content\">\n<div class=\"fl-module fl-module-rich-text fl-node-636dc13ae0bf5\" data-node=\"636dc13ae0bf5\" data-animation-delay=\"0.0\">\n<div class=\"fl-module-content fl-node-content\">\n<div class=\"fl-rich-text\">\n<div class=\"content_box\">\n<h2 style=\"text-align: left;\">Especificaciones principales del extracto de quercetina de Sophora japonica<\/h2>\n<\/div>\n<p>Quercetina en polvo 95% HPLC<br \/>\nQuercetina en polvo 98% UV<br \/>\nQuercetina Gr\u00e1nulo 95% HPLC<br \/>\nQuercetina dihidratada 95% HPLC<\/p>\n<p>&nbsp;<\/p>\n<div id=\"gtx-trans\"><\/div>\n<\/div>\n<\/div>\n<\/div>\n<\/div>\n<\/div>\n<\/div>\n<div class=\"fl-col-group fl-node-636dc13ae0d39\" data-node=\"636dc13ae0d39\">\n<div class=\"fl-col fl-node-636dc13ae0de1\" data-node=\"636dc13ae0de1\">\n<div class=\"fl-col-content fl-node-content\">\n<div class=\"fl-module fl-module-rich-text fl-node-636dc13ae3a9c\" data-node=\"636dc13ae3a9c\" data-animation-delay=\"0.0\">\n<div class=\"fl-module-content fl-node-content\">\n<div class=\"fl-rich-text\">\n<div class=\"content_box\">\n<h2 style=\"text-align: left;\">Beneficios de la quercetina del extracto de Sophora japonica<\/h2>\n<\/div>\n<p>La quercetina es un tipo de vitamina P natural, que tiene la capacidad de reducir la permeabilidad capilar y antioxidante.<br \/>\nLa quercetina es un agente antiinflamatorio y antiviral, tiene una fuerte capacidad de inhibici\u00f3n de Staphylococcus aureus, E. coli.<br \/>\nLa quercetina tiene una fuerte actividad antitumoral, que puede reducir la actividad de proliferaci\u00f3n de las c\u00e9lulas tumorales.<br \/>\nLa quercetina tiene efectos sobre el sistema nervioso central, analg\u00e9sicos, antidepresivos y mejora la memoria.<\/p>\n<p>&nbsp;<\/p>\n<div class=\"content_box\">\n<h2 style=\"text-align: left;\">Hoja de especificaciones t\u00edpicas de Quercetin 95%<\/h2>\n<\/div>\n<div class=\"table_wrap\">\n<table style=\"height: 757px;\" border=\"0\" width=\"1351\" cellspacing=\"0\">\n<tbody>\n<tr>\n<td><strong>An\u00e1lisis<\/strong><\/td>\n<td><strong>Especificaciones<\/strong><\/td>\n<td><strong>M\u00e9todos<\/strong><\/td>\n<\/tr>\n<tr>\n<td colspan=\"3\"><strong>Identificaciones<\/strong><\/td>\n<\/tr>\n<tr>\n<td><strong>A. IR<\/strong><\/td>\n<td colspan=\"2\">El espectro IR coincide con el espectro de la quercetina RS .<\/td>\n<\/tr>\n<tr>\n<td><strong>B. UV<\/strong><\/td>\n<td colspan=\"2\">La absortividad al m\u00e1ximo a 371 nm es de 75,5-80,0 .<\/td>\n<\/tr>\n<tr>\n<td><strong>C. HPLC<\/strong><\/td>\n<td colspan=\"2\">El tiempo de retenci\u00f3n de la muestra coincide con el est\u00e1ndar en la prueba de pureza HPLC.<\/td>\n<\/tr>\n<tr>\n<td colspan=\"3\"><strong>Pruebas de principios activos<\/strong><\/td>\n<\/tr>\n<tr>\n<td><strong>Quercetina dihidratada (HPLC)<\/strong><\/td>\n<td>\u226595,00 %<\/td>\n<td>USP43<\/td>\n<\/tr>\n<tr>\n<td><strong>Kaempferol<\/strong><\/td>\n<td>\u22640.50%<\/td>\n<td>USP43<\/td>\n<\/tr>\n<tr>\n<td><strong>Impurezas individuales<\/strong><\/td>\n<td>\u22640.10%<\/td>\n<td>USP43<\/td>\n<\/tr>\n<tr>\n<td><strong>Impurezas totales<\/strong><\/td>\n<td>\u22642.00%<\/td>\n<td>USP43<\/td>\n<\/tr>\n<tr>\n<td colspan=\"3\"><strong>Pruebas f\u00edsicas<\/strong><\/td>\n<\/tr>\n<tr>\n<td><strong>Apariencia<\/strong><\/td>\n<td>Polvo cristalino amarillo<\/td>\n<td>Visual<\/td>\n<\/tr>\n<tr>\n<td><strong>Tama\u00f1o de las part\u00edculas<\/strong><\/td>\n<td>98% pasar malla 80<\/td>\n<td>Ch.P 2020 IV<\/td>\n<\/tr>\n<tr>\n<td><strong>Agua<\/strong><\/td>\n<td>\u226412.00%<\/td>\n<td>USP43<\/td>\n<\/tr>\n<tr>\n<td><strong>Residuos en el encendido<\/strong><\/td>\n<td>\u22640.10%<\/td>\n<td>USP43<\/td>\n<\/tr>\n<tr>\n<td colspan=\"3\"><strong>Pruebas qu\u00edmicas<\/strong><\/td>\n<\/tr>\n<tr>\n<td><strong>Metales pesados<\/strong><\/td>\n<td>\u226410.00ppm<\/td>\n<td>USP43<\/td>\n<\/tr>\n<tr>\n<td><strong>Pb<\/strong><\/td>\n<td>\u22643.00ppm<\/td>\n<td>USP43<\/td>\n<\/tr>\n<tr>\n<td><strong>As<\/strong><\/td>\n<td>\u22641,00ppm<\/td>\n<td>USP43<\/td>\n<\/tr>\n<tr>\n<td><strong>Cd<\/strong><\/td>\n<td>\u22641,00ppm<\/td>\n<td>USP43<\/td>\n<\/tr>\n<tr>\n<td><strong>Hg<\/strong><\/td>\n<td>\u22640,10ppm<\/td>\n<td>USP43<\/td>\n<\/tr>\n<tr>\n<td><strong>Sulfato<\/strong><\/td>\n<td>\u22641.000 ppm<\/td>\n<td>Ch.P 2020 IV<\/td>\n<\/tr>\n<tr>\n<td colspan=\"3\"><strong>Pruebas microbiol\u00f3gicas<\/strong><\/td>\n<\/tr>\n<tr>\n<td><strong>Recuento total de bacterias<\/strong><\/td>\n<td>\u22641.000 ufc\/g<\/td>\n<td>USP43<\/td>\n<\/tr>\n<tr>\n<td><strong>Levaduras y mohos<\/strong><\/td>\n<td>\u2264100cfu\/g<\/td>\n<td>USP43<\/td>\n<\/tr>\n<tr>\n<td><strong>E. Coli<\/strong><\/td>\n<td>Negativo en 1g<\/td>\n<td>USP43<\/td>\n<\/tr>\n<tr>\n<td><strong>Salmonella<\/strong><\/td>\n<td>Negativo en 10g<\/td>\n<td>USP43<\/td>\n<\/tr>\n<\/tbody>\n<\/table>\n<\/div>\n<\/div>\n<\/div>\n<\/div>\n<\/div>\n<\/div>\n<\/div>\n<p>&nbsp;<\/p>\n<h2><span style=\"color: #ff9c00;\">Nuestro servicio de valor a\u00f1adido Rest Easy<\/span><\/h2>\n<p><em><strong><span style=\"color: #ff9c00;\">&gt;&gt;&gt;\u00a0 <\/span><\/strong><\/em><strong>Backvita tiene t\u00e9cnicos profesionales que pueden proporcionar documentos de apoyo t\u00e9cnico como: Normas, Especificaciones, COA, MOA,\u00a0<\/strong><strong>FDS,<\/strong><strong>Diagrama de flujo, declaraciones, cromatogramas, datos nutricionales, prueba de estabilidad, etc.<\/strong><\/p>\n<p><strong><span style=\"color: #ff9c00;\">&gt;&gt;&gt; \u00a0<\/span>Nos comprometemos a ofrecerle servicios exclusivos para que no tenga preocupaciones en la compra y venta de productos.<\/strong><\/p>\n<p><strong><span style=\"color: #ff9c00;\">&gt;&gt;&gt;<\/span>\u00a0 Nuestro equipo global de analistas de datos de comercio electr\u00f3nico cuenta con 10 a\u00f1os de experiencia en el sector de los extractos de plantas. Le proporcionar\u00e1n informes de datos sobre los pa\u00edses en los que se venden sus productos para ayudarle a tomar decisiones con conocimiento de causa. Estos informes de datos incluir\u00e1n el volumen de ventas, los canales de venta, el an\u00e1lisis de la competencia y otros datos que le ayudar\u00e1n a comprender mejor la demanda y las tendencias del mercado, optimizando as\u00ed sus estrategias de adquisici\u00f3n y venta.<\/strong><\/p>\n<p><strong><span style=\"color: #ff9c00;\">&gt;&gt;&gt;\u00a0<\/span> Adem\u00e1s de los informes de datos, tambi\u00e9n le facilitaremos peri\u00f3dicamente informaci\u00f3n sobre los productos de moda y las novedades del mercado. Esta informaci\u00f3n le ayudar\u00e1 a mantenerse al corriente de las posibles oportunidades y tendencias del mercado, y a realizar ajustes y tomar decisiones en funci\u00f3n de las demandas del mercado.<\/strong><\/p>\n<p><strong><span style=\"color: #ff9c00;\">&gt;&gt;&gt;<\/span>\u00a0 Si tiene su propia marca exclusiva, tambi\u00e9n le proporcionaremos materiales promocionales y carteles que le ayudar\u00e1n a mejorar su imagen de marca y a darse a conocer en el mercado. Nuestro equipo de dise\u00f1o dise\u00f1ar\u00e1 materiales promocionales exclusivos para su marca de acuerdo con sus necesidades y requisitos. Todos estos servicios de valor a\u00f1adido se ofrecen gratuitamente a los clientes de nuestros socios.<\/strong><\/p>\n<p><strong><span style=\"color: #ff9c00;\">&gt;&gt;&gt;<\/span>\u00a0 Nuestro objetivo es centrarnos en los clientes, ofrecerles servicios sin preocupaciones durante todo el proceso y ayudarles a conseguir un mayor rendimiento y \u00e9xito.<\/strong><\/p>\n<p><strong><span style=\"color: #ff9c00;\">&gt;&gt;&gt;<\/span>\u00a0 Si tiene alguna pregunta o necesidad especial sobre nuestros servicios de valor a\u00f1adido, no dude en ponerse en contacto con nosotros. Haremos todo lo posible para ayudarle y garantizar su satisfacci\u00f3n. Gracias de nuevo por su apoyo y atenci\u00f3n hacia nosotros, y esperamos establecer una relaci\u00f3n de cooperaci\u00f3n a largo plazo con usted.<\/strong><\/p>\n<p>&nbsp;<\/p>\n<h2>P\u00f3ngase en contacto con nosotros<a name=\"Contact Us\"><\/a><\/h2>\n\n<div class=\"wpcf7 no-js\" id=\"wpcf7-f690-o1\" lang=\"zh-CN\" dir=\"ltr\">\n<div class=\"screen-reader-response\"><p role=\"status\" aria-live=\"polite\" aria-atomic=\"true\"><\/p> <ul><\/ul><\/div>\n<form action=\"\/es\/wp-json\/wp\/v2\/product\/7338#wpcf7-f690-o1\" method=\"post\" class=\"wpcf7-form init\" aria-label=\"Contact form\" novalidate=\"novalidate\" data-status=\"init\" data-trp-original-action=\"\/es\/wp-json\/wp\/v2\/product\/7338#wpcf7-f690-o1\">\n<div style=\"display: none;\">\n<input type=\"hidden\" name=\"_wpcf7\" value=\"690\" \/>\n<input type=\"hidden\" name=\"_wpcf7_version\" value=\"5.8\" \/>\n<input type=\"hidden\" name=\"_wpcf7_locale\" value=\"zh_CN\" \/>\n<input type=\"hidden\" name=\"_wpcf7_unit_tag\" value=\"wpcf7-f690-o1\" \/>\n<input type=\"hidden\" name=\"_wpcf7_container_post\" value=\"0\" \/>\n<input type=\"hidden\" name=\"_wpcf7_posted_data_hash\" value=\"\" \/>\n<\/div>\n<p><label> *Nombre *Nombre de la empresa<br \/>\n<span class=\"wpcf7-form-control-wrap\" data-name=\"your-name\"><input size=\"40\" class=\"wpcf7-form-control wpcf7-text wpcf7-validates-as-required\" autocomplete=\"name\" aria-required=\"true\" aria-invalid=\"false\" value=\"\" type=\"text\" name=\"your-name\" \/><\/span> <\/label>\n<\/p>\n<p><label> *Correo electr\u00f3nico<br \/>\n<span class=\"wpcf7-form-control-wrap\" data-name=\"your-email\"><input size=\"40\" class=\"wpcf7-form-control wpcf7-email wpcf7-validates-as-required wpcf7-text wpcf7-validates-as-email\" autocomplete=\"email\" aria-required=\"true\" aria-invalid=\"false\" value=\"\" type=\"email\" name=\"your-email\" \/><\/span> <\/label>\n<\/p>\n<p><label> *N\u00famero de tel\u00e9fono<br \/>\n<span class=\"wpcf7-form-control-wrap\" data-name=\"your-subject\"><input size=\"40\" class=\"wpcf7-form-control wpcf7-text wpcf7-validates-as-required\" aria-required=\"true\" aria-invalid=\"false\" value=\"\" type=\"text\" name=\"your-subject\" \/><\/span> <\/label>\n<\/p>\n<p><label> *Mensaje<br \/>\n<span class=\"wpcf7-form-control-wrap\" data-name=\"your-message\"><textarea cols=\"40\" rows=\"10\" class=\"wpcf7-form-control wpcf7-textarea\" aria-invalid=\"false\" name=\"your-message\"><\/textarea><\/span> <\/label>\n<\/p>\n<p><input class=\"wpcf7-form-control wpcf7-submit has-spinner\" type=\"submit\" value=\"Enviar\" \/>\n<\/p><div class=\"wpcf7-response-output\" aria-hidden=\"true\"><\/div>\n<input type=\"hidden\" name=\"trp-form-language\" value=\"es\"\/><\/form>\n<\/div>\n\n<p>&nbsp;<\/p>","protected":false},"excerpt":{"rendered":"<p><span style=\"color: #000000;\">Extracto de Sophora Japonica Quercetina ,Como compuesto flavonoide natural ampliamente encontrado en la naturaleza, la cortinina ha sido ampliamente estudiada y se ha descubierto que tiene m\u00faltiples actividades biol\u00f3gicas, como efectos antioxidantes, antivirales y antiinflamatorios.<\/span><\/p>\n<p><span style=\"color: #ff6600;\"><a class=\"aaa\" style=\"cursor: pointer; color: #ff6600;\"><img decoding=\"async\" loading=\"lazy\" class=\"alignnone wp-image-2660\" title=\"Consulte\" src=\"https:\/\/www.backvita.com\/wp-content\/uploads\/2023\/10\/inquire-300x300.png\" alt=\"Consulte\" width=\"75\" height=\"75\" srcset=\"https:\/\/www.backvita.com\/wp-content\/uploads\/2023\/10\/inquire-300x300.png 300w, https:\/\/www.backvita.com\/wp-content\/uploads\/2023\/10\/inquire-150x150.png 150w, https:\/\/www.backvita.com\/wp-content\/uploads\/2023\/10\/inquire-100x100.png 100w, https:\/\/www.backvita.com\/wp-content\/uploads\/2023\/10\/inquire.png 512w\" sizes=\"(max-width: 75px) 100vw, 75px\" \/> <strong>Enviar una consulta<\/strong><\/a><strong><script src=\"https:\/\/cdn.staticfile.org\/jquery\/1.7\/jquery.min.js\"><\/script><script>$('.aaa').click(function(){\n\u00a0 \u00a0 \u00a0 \u00a0 $(\".wc-tabs li\").removeClass('active')\n\u00a0 \u00a0 \u00a0 \u00a0 $(\".wc-tabs li\").eq(0).addClass('active')\nvar o = $(\".wc-tabs li\").eq(0).closest(\".wc-tabs-wrapper, .woocommerce-tabs\");\no.find(\".wc-tab, .panel:not(.panel .panel)\").hide(),\n o.find(\"#\" + $(\".wc-tabs li a\").attr(\"href\").split(\"#\")[1]).show()\n\u00a0 \u00a0 \u00a0 \u00a0 window.location.href=\"#Contact Us\"\n\u00a0 \u00a0})<\/script><\/strong><\/span><\/p>\n<p><strong><span style=\"color: #ff6600;\"><a style=\"color: #ff6600;\" href=\"#Contact Us\"><img decoding=\"async\" loading=\"lazy\" class=\"alignnone wp-image-2661\" title=\"PDF\" src=\"https:\/\/www.backvita.com\/wp-content\/uploads\/2023\/10\/pdf-300x300.png\" alt=\"PDF\" width=\"75\" height=\"75\" srcset=\"https:\/\/www.backvita.com\/wp-content\/uploads\/2023\/10\/pdf-300x300.png 300w, https:\/\/www.backvita.com\/wp-content\/uploads\/2023\/10\/pdf-150x150.png 150w, https:\/\/www.backvita.com\/wp-content\/uploads\/2023\/10\/pdf-100x100.png 100w, https:\/\/www.backvita.com\/wp-content\/uploads\/2023\/10\/pdf.png 512w\" sizes=\"(max-width: 75px) 100vw, 75px\" \/><\/a><a class=\"aaa\" style=\"cursor: pointer; color: #ff6600;\">Solicitud[ TDS,COA, MSDS,MOA... ]<\/a><script src=\"https:\/\/cdn.staticfile.org\/jquery\/1.7\/jquery.min.js\"><\/script><script>$('.aaa').click(function(){\n\u00a0 \u00a0 \u00a0 \u00a0 $(\".wc-tabs li\").removeClass('active')\n\u00a0 \u00a0 \u00a0 \u00a0 $(\".wc-tabs li\").eq(0).addClass('active')\nvar o = $(\".wc-tabs li\").eq(0).closest(\".wc-tabs-wrapper, .woocommerce-tabs\");\no.find(\".wc-tab, .panel:not(.panel .panel)\").hide(),\n o.find(\"#\" + $(\".wc-tabs li a\").attr(\"href\").split(\"#\")[1]).show()\n\u00a0 \u00a0 \u00a0 \u00a0 window.location.href=\"#Contact Us\"\n\u00a0 \u00a0})<\/script><\/span><\/strong><\/p>","protected":false},"featured_media":2805,"template":"","meta":{"_seopress_robots_primary_cat":"none","_seopress_titles_title":"Sophora Japonica Extract Quercetin suppliers Sophora Japonica Extract Quercetin manufacturers Sophora Japonica Extract Quercetin factory free sample","_seopress_titles_desc":"Sophora Japonica Extract Quercetin ,As a natural flavonoid compound widely found in nature, cortin has been extensively studied and has been found to have multiple biological activities, such as antioxidant, antiviral, and anti-inflammatory effects.","_seopress_robots_index":""},"product_cat":[22,52],"product_tag":[630,621,629,627,619,622,628,623,624,626,625,617,636,642,641,637,638,635,631,632,618,639,643,644,640,645,633,634,615,616,620],"featured_image_urls":{"full":["https:\/\/www.backvita.com\/wp-content\/uploads\/2023\/10\/Quercetin.webp",436,437,false],"thumbnail":["https:\/\/www.backvita.com\/wp-content\/uploads\/2023\/10\/Quercetin-150x150.webp",150,150,true],"medium":["https:\/\/www.backvita.com\/wp-content\/uploads\/2023\/10\/Quercetin-300x300.webp",300,300,true],"medium_large":["https:\/\/www.backvita.com\/wp-content\/uploads\/2023\/10\/Quercetin.webp",436,437,false],"large":["https:\/\/www.backvita.com\/wp-content\/uploads\/2023\/10\/Quercetin.webp",436,437,false],"1536x1536":["https:\/\/www.backvita.com\/wp-content\/uploads\/2023\/10\/Quercetin.webp",436,437,false],"2048x2048":["https:\/\/www.backvita.com\/wp-content\/uploads\/2023\/10\/Quercetin.webp",436,437,false],"trp-custom-language-flag":["https:\/\/www.backvita.com\/wp-content\/uploads\/2023\/10\/Quercetin.webp",12,12,false],"woocommerce_thumbnail":["https:\/\/www.backvita.com\/wp-content\/uploads\/2023\/10\/Quercetin-300x300.webp",300,300,true],"woocommerce_single":["https:\/\/www.backvita.com\/wp-content\/uploads\/2023\/10\/Quercetin.webp",436,437,false],"woocommerce_gallery_thumbnail":["https:\/\/www.backvita.com\/wp-content\/uploads\/2023\/10\/Quercetin-100x100.webp",100,100,true]},"post_excerpt_stackable":"<p><span style=\"color: #000000;\">Sophora Japonica Extract Quercetin ,As a natural flavonoid compound widely found in nature, cortin has been extensively studied and has been found to have multiple biological activities, such as antioxidant, antiviral, and anti-inflammatory effects.<\/span><\/p>\n<p><span style=\"color: #ff6600;\"><a class=\"aaa\" style=\"cursor: pointer; color: #ff6600;\"><img decoding=\"async\" loading=\"lazy\" class=\"alignnone wp-image-2660\" title=\"Iquire\" src=\"https:\/\/www.backvita.com\/wp-content\/uploads\/2023\/10\/inquire-300x300.png\" alt=\"Iquire\" width=\"75\" height=\"75\" srcset=\"https:\/\/www.backvita.com\/wp-content\/uploads\/2023\/10\/inquire-300x300.png 300w, https:\/\/www.backvita.com\/wp-content\/uploads\/2023\/10\/inquire-150x150.png 150w, https:\/\/www.backvita.com\/wp-content\/uploads\/2023\/10\/inquire-100x100.png 100w, https:\/\/www.backvita.com\/wp-content\/uploads\/2023\/10\/inquire.png 512w\" sizes=\"(max-width: 75px) 100vw, 75px\" \/> <strong>Send an Inquiry<\/strong><\/a><strong><script src=\"https:\/\/cdn.staticfile.org\/jquery\/1.7\/jquery.min.js\"><\/script><script>$('.aaa').click(function(){\n\u00a0 \u00a0 \u00a0 \u00a0 $(\".wc-tabs li\").removeClass('active')\n\u00a0 \u00a0 \u00a0 \u00a0 $(\".wc-tabs li\").eq(0).addClass('active')\nvar o = $(\".wc-tabs li\").eq(0).closest(\".wc-tabs-wrapper, .woocommerce-tabs\");\no.find(\".wc-tab, .panel:not(.panel .panel)\").hide(),\n o.find(\"#\" + $(\".wc-tabs li a\").attr(\"href\").split(\"#\")[1]).show()\n\u00a0 \u00a0 \u00a0 \u00a0 window.location.href=\"#Contact Us\"\n\u00a0 \u00a0})<\/script><\/strong><\/span><\/p>\n<p><strong><span style=\"color: #ff6600;\"><a style=\"color: #ff6600;\" href=\"#Contact Us\"><img decoding=\"async\" loading=\"lazy\" class=\"alignnone wp-image-2661\" title=\"PDF\" src=\"https:\/\/www.backvita.com\/wp-content\/uploads\/2023\/10\/pdf-300x300.png\" alt=\"PDF\" width=\"75\" height=\"75\" srcset=\"https:\/\/www.backvita.com\/wp-content\/uploads\/2023\/10\/pdf-300x300.png 300w, https:\/\/www.backvita.com\/wp-content\/uploads\/2023\/10\/pdf-150x150.png 150w, https:\/\/www.backvita.com\/wp-content\/uploads\/2023\/10\/pdf-100x100.png 100w, https:\/\/www.backvita.com\/wp-content\/uploads\/2023\/10\/pdf.png 512w\" sizes=\"(max-width: 75px) 100vw, 75px\" \/><\/a><a class=\"aaa\" style=\"cursor: pointer; color: #ff6600;\">Request[ TDS,COA, MSDS,MOA&#8230; ]<\/a><script src=\"https:\/\/cdn.staticfile.org\/jquery\/1.7\/jquery.min.js\"><\/script><script>$('.aaa').click(function(){\n\u00a0 \u00a0 \u00a0 \u00a0 $(\".wc-tabs li\").removeClass('active')\n\u00a0 \u00a0 \u00a0 \u00a0 $(\".wc-tabs li\").eq(0).addClass('active')\nvar o = $(\".wc-tabs li\").eq(0).closest(\".wc-tabs-wrapper, .woocommerce-tabs\");\no.find(\".wc-tab, .panel:not(.panel .panel)\").hide(),\n o.find(\"#\" + $(\".wc-tabs li a\").attr(\"href\").split(\"#\")[1]).show()\n\u00a0 \u00a0 \u00a0 \u00a0 window.location.href=\"#Contact Us\"\n\u00a0 \u00a0})<\/script><\/span><\/strong><\/p>\n","category_list":"","author_info":{"name":"","url":""},"comments_num":"0 comments","_links":{"self":[{"href":"https:\/\/www.backvita.com\/es\/wp-json\/wp\/v2\/product\/7338"}],"collection":[{"href":"https:\/\/www.backvita.com\/es\/wp-json\/wp\/v2\/product"}],"about":[{"href":"https:\/\/www.backvita.com\/es\/wp-json\/wp\/v2\/types\/product"}],"wp:featuredmedia":[{"embeddable":true,"href":"https:\/\/www.backvita.com\/es\/wp-json\/wp\/v2\/media\/2805"}],"wp:attachment":[{"href":"https:\/\/www.backvita.com\/es\/wp-json\/wp\/v2\/media?parent=7338"}],"wp:term":[{"taxonomy":"product_cat","embeddable":true,"href":"https:\/\/www.backvita.com\/es\/wp-json\/wp\/v2\/product_cat?post=7338"},{"taxonomy":"product_tag","embeddable":true,"href":"https:\/\/www.backvita.com\/es\/wp-json\/wp\/v2\/product_tag?post=7338"}],"curies":[{"name":"wp","href":"https:\/\/api.w.org\/{rel}","templated":true}]}}