{"id":7492,"date":"2024-07-18T10:10:50","date_gmt":"2024-07-18T02:10:50","guid":{"rendered":"https:\/\/www.backvita.com\/?post_type=product&#038;p=7492"},"modified":"2024-07-18T10:14:06","modified_gmt":"2024-07-18T02:14:06","slug":"magnesium-ascorbyl-phosphate-suppliers-magnesium-ascorbyl-phosphate-manufacturers-magnesium-ascorbyl-phosphate-factory-free-sample","status":"publish","type":"product","link":"https:\/\/www.backvita.com\/es\/product\/magnesium-ascorbyl-phosphate-suppliers-magnesium-ascorbyl-phosphate-manufacturers-magnesium-ascorbyl-phosphate-factory-free-sample\/","title":{"rendered":"Fosfato de magnesio y ascorbilo proveedores Fosfato de magnesio y ascorbilo fabricantes Fosfato de magnesio y ascorbilo muestra gratis de f\u00e1brica"},"content":{"rendered":"<h2>Description of Magnesium Ascorbyl Phosphate<\/h2>\n<p>After entering the human body, Magnesium Ascorbyl Phosphate\u00a0 can be quickly enzymatically decomposed into ascorbic acid, so it has all the effects of ascorbic acid, while at the same time overcoming the shortcomings of vitamin C, which is sensitive to light, heat and metal ions. Magnesium Ascorbyl Phosphate is a stable ascorbic acid derivative, which is more stable than ascorbic acid when heated at high temperatures. After treatment at 200\u00b0C for 15 minutes, the retention rate is 90% and the biological effect remains unchanged, while ascorbic acid completely loses its activity. Therefore, products added with MAP can Store at room temperature for long periods of time.<\/p>\n<table style=\"height: 175px;\" width=\"1322\">\n<tbody>\n<tr>\n<td width=\"219\"><strong>Nombre del producto<\/strong><\/td>\n<td width=\"466\">Fosfato de ascorbilo y magnesio<\/td>\n<\/tr>\n<tr>\n<td width=\"219\"><strong>N\u00ba CAS<\/strong><\/td>\n<td width=\"466\">113170-55-1<\/td>\n<\/tr>\n<tr>\n<td width=\"219\"><strong>Apariencia<\/strong><\/td>\n<td width=\"466\">White or slightly yellow powder<\/td>\n<\/tr>\n<tr>\n<td width=\"219\"><strong>Especificaciones<\/strong><\/td>\n<td width=\"466\">Fosfato de ascorbilo y magnesio<\/td>\n<\/tr>\n<tr>\n<td width=\"219\"><strong>Pakage<\/strong><\/td>\n<td width=\"466\">1kg\/saco, 25kg\/bid\u00f3n<\/td>\n<\/tr>\n<tr>\n<td width=\"219\"><strong>Almacenamiento<\/strong><\/td>\n<td width=\"466\">Proteger de la humedad y evitar el almacenamiento ligero y herm\u00e9tico.<\/td>\n<\/tr>\n<tr>\n<td width=\"219\"><strong>M\u00e9todo de ensayo<\/strong><\/td>\n<td width=\"466\">IR<\/td>\n<\/tr>\n<\/tbody>\n<\/table>\n<h2><\/h2>\n<h2>Magnesium Ascorbyl Phosphate Benefits<\/h2>\n<p>Phosphoric acid and magnesium are combined with ascorbic acid (vitamin C) to improve water solubility and stability. It is one of the stable vitamin C derivatives for external pharmaceuticals.<\/p>\n<p>As a vitamin C derivative with similar effects, sodium ascorbyl phosphate has higher water solubility and is most suitable as a water-soluble base agent. Magnesium ascorbyl phosphate has high stability and can slowly work over a long period of time.<\/p>\n<p>Since vitamin C is a single ingredient, it is easily destroyed and difficult to penetrate into the skin. If you choose to use vitamin C derivatives, they can easily penetrate into the skin and stay on the skin for a long time.<\/p>\n<p>As a water-soluble vitamin C derivative, magnesium ascorbyl phosphate is combined with the mineral part of Mg (magnesium) that easily penetrates the skin. It can more easily penetrate into the vicinity of the basal layer of the stratum corneum. The amount absorbed by the skin is about 8 times that of vitamin C. .<\/p>\n<p>Vitamin C oxidizes itself to prevent other oxidations from occurring. If there is oxygen around, the effect will be halved. Magnesium ascorbyl phosphate becomes stable because it contains phosphoric acid and Mg. It stays in the stratum corneum of the skin for a duration of 12 hours or more.<\/p>\n<p>Magnesium ascorbyl phosphate inhibits the production of melanin to prevent the formation of spots and freckles. It has anti-wrinkle and anti-aging effects through its powerful antioxidant capacity. It can also promote the production of collagen and inhibit lipid peroxidation.<\/p>\n<p>&nbsp;<\/p>\n<h2><span style=\"color: #ff9c00;\">Nuestro servicio de valor a\u00f1adido Rest Easy<\/span><\/h2>\n<p><em><strong><span style=\"color: #ff9c00;\">&gt;&gt;&gt;\u00a0 <\/span><\/strong><\/em><strong>Backvita tiene t\u00e9cnicos profesionales que pueden proporcionar documentos de apoyo t\u00e9cnico como: Normas, Especificaciones, COA, MOA,\u00a0<\/strong><strong>FDS,<\/strong><strong>Diagrama de flujo, declaraciones, cromatogramas, datos nutricionales, prueba de estabilidad, etc.<\/strong><\/p>\n<p><strong><span style=\"color: #ff9c00;\">&gt;&gt;&gt; \u00a0<\/span>Nos comprometemos a ofrecerle servicios exclusivos para que no tenga preocupaciones en la compra y venta de productos.<\/strong><\/p>\n<p><strong><span style=\"color: #ff9c00;\">&gt;&gt;&gt;<\/span>\u00a0 Nuestro equipo global de analistas de datos de comercio electr\u00f3nico cuenta con 10 a\u00f1os de experiencia en el sector de los extractos de plantas. Le proporcionar\u00e1n informes de datos sobre los pa\u00edses en los que se venden sus productos para ayudarle a tomar decisiones con conocimiento de causa. Estos informes de datos incluir\u00e1n el volumen de ventas, los canales de venta, el an\u00e1lisis de la competencia y otros datos que le ayudar\u00e1n a comprender mejor la demanda y las tendencias del mercado, optimizando as\u00ed sus estrategias de adquisici\u00f3n y venta.<\/strong><\/p>\n<p><strong><span style=\"color: #ff9c00;\">&gt;&gt;&gt;\u00a0<\/span> Adem\u00e1s de los informes de datos, tambi\u00e9n le facilitaremos peri\u00f3dicamente informaci\u00f3n sobre los productos de moda y las novedades del mercado. Esta informaci\u00f3n le ayudar\u00e1 a mantenerse al corriente de las posibles oportunidades y tendencias del mercado, y a realizar ajustes y tomar decisiones en funci\u00f3n de las demandas del mercado.<\/strong><\/p>\n<p><strong><span style=\"color: #ff9c00;\">&gt;&gt;&gt;<\/span>\u00a0 Si tiene su propia marca exclusiva, tambi\u00e9n le proporcionaremos materiales promocionales y carteles que le ayudar\u00e1n a mejorar su imagen de marca y a darse a conocer en el mercado. Nuestro equipo de dise\u00f1o dise\u00f1ar\u00e1 materiales promocionales exclusivos para su marca de acuerdo con sus necesidades y requisitos. Todos estos servicios de valor a\u00f1adido se ofrecen gratuitamente a los clientes de nuestros socios.<\/strong><\/p>\n<p><strong><span style=\"color: #ff9c00;\">&gt;&gt;&gt;<\/span>\u00a0 Nuestro objetivo es centrarnos en los clientes, ofrecerles servicios sin preocupaciones durante todo el proceso y ayudarles a conseguir un mayor rendimiento y \u00e9xito.<\/strong><\/p>\n<p><strong><span style=\"color: #ff9c00;\">&gt;&gt;&gt;<\/span>\u00a0 Si tiene alguna pregunta o necesidad especial sobre nuestros servicios de valor a\u00f1adido, no dude en ponerse en contacto con nosotros. Haremos todo lo posible para ayudarle y garantizar su satisfacci\u00f3n. Gracias de nuevo por su apoyo y atenci\u00f3n hacia nosotros, y esperamos establecer una relaci\u00f3n de cooperaci\u00f3n a largo plazo con usted.<\/strong><\/p>\n<p>&nbsp;<\/p>\n<h2>P\u00f3ngase en contacto con nosotros<a name=\"Contact Us\"><\/a><\/h2>\n\n<div class=\"wpcf7 no-js\" id=\"wpcf7-f690-o1\" lang=\"zh-CN\" dir=\"ltr\">\n<div class=\"screen-reader-response\"><p role=\"status\" aria-live=\"polite\" aria-atomic=\"true\"><\/p> <ul><\/ul><\/div>\n<form action=\"\/es\/wp-json\/wp\/v2\/product\/7492#wpcf7-f690-o1\" method=\"post\" class=\"wpcf7-form init\" aria-label=\"Contact form\" novalidate=\"novalidate\" data-status=\"init\" data-trp-original-action=\"\/es\/wp-json\/wp\/v2\/product\/7492#wpcf7-f690-o1\">\n<div style=\"display: none;\">\n<input type=\"hidden\" name=\"_wpcf7\" value=\"690\" \/>\n<input type=\"hidden\" name=\"_wpcf7_version\" value=\"5.8\" \/>\n<input type=\"hidden\" name=\"_wpcf7_locale\" value=\"zh_CN\" \/>\n<input type=\"hidden\" name=\"_wpcf7_unit_tag\" value=\"wpcf7-f690-o1\" \/>\n<input type=\"hidden\" name=\"_wpcf7_container_post\" value=\"0\" \/>\n<input type=\"hidden\" name=\"_wpcf7_posted_data_hash\" value=\"\" \/>\n<\/div>\n<p><label> *Nombre *Nombre de la empresa<br \/>\n<span class=\"wpcf7-form-control-wrap\" data-name=\"your-name\"><input size=\"40\" class=\"wpcf7-form-control wpcf7-text wpcf7-validates-as-required\" autocomplete=\"name\" aria-required=\"true\" aria-invalid=\"false\" value=\"\" type=\"text\" name=\"your-name\" \/><\/span> <\/label>\n<\/p>\n<p><label> *Correo electr\u00f3nico<br \/>\n<span class=\"wpcf7-form-control-wrap\" data-name=\"your-email\"><input size=\"40\" class=\"wpcf7-form-control wpcf7-email wpcf7-validates-as-required wpcf7-text wpcf7-validates-as-email\" autocomplete=\"email\" aria-required=\"true\" aria-invalid=\"false\" value=\"\" type=\"email\" name=\"your-email\" \/><\/span> <\/label>\n<\/p>\n<p><label> *N\u00famero de tel\u00e9fono<br \/>\n<span class=\"wpcf7-form-control-wrap\" data-name=\"your-subject\"><input size=\"40\" class=\"wpcf7-form-control wpcf7-text wpcf7-validates-as-required\" aria-required=\"true\" aria-invalid=\"false\" value=\"\" type=\"text\" name=\"your-subject\" \/><\/span> <\/label>\n<\/p>\n<p><label> *Mensaje<br \/>\n<span class=\"wpcf7-form-control-wrap\" data-name=\"your-message\"><textarea cols=\"40\" rows=\"10\" class=\"wpcf7-form-control wpcf7-textarea\" aria-invalid=\"false\" name=\"your-message\"><\/textarea><\/span> <\/label>\n<\/p>\n<p><input class=\"wpcf7-form-control wpcf7-submit has-spinner\" type=\"submit\" value=\"Enviar\" \/>\n<\/p><div class=\"wpcf7-response-output\" aria-hidden=\"true\"><\/div>\n<input type=\"hidden\" name=\"trp-form-language\" value=\"es\"\/><\/form>\n<\/div>\n\n<p>&nbsp;<\/p>\n<p>&nbsp;<\/p>","protected":false},"excerpt":{"rendered":"<p><span style=\"color: #000000;\">Magnesium Ascorbyl Phosphate Inhibits tyrosinase activity, reduces melanin, and has anti-freckle and whitening effects. After entering the body, it can eliminate oxygen free radicals, thereby having anti-wrinkle and anti-aging functions. It has a synergistic effect with vitamin E.<\/span><\/p>\n<p><span style=\"color: #ff6600;\"><a class=\"aaa\" style=\"cursor: pointer; color: #ff6600;\"><img decoding=\"async\" loading=\"lazy\" class=\"alignnone wp-image-2660\" title=\"Consulte\" src=\"https:\/\/www.backvita.com\/wp-content\/uploads\/2023\/10\/inquire-300x300.png\" alt=\"Consulte\" width=\"75\" height=\"75\" srcset=\"https:\/\/www.backvita.com\/wp-content\/uploads\/2023\/10\/inquire-300x300.png 300w, https:\/\/www.backvita.com\/wp-content\/uploads\/2023\/10\/inquire-150x150.png 150w, https:\/\/www.backvita.com\/wp-content\/uploads\/2023\/10\/inquire-100x100.png 100w, https:\/\/www.backvita.com\/wp-content\/uploads\/2023\/10\/inquire.png 512w\" sizes=\"(max-width: 75px) 100vw, 75px\" \/> <strong>Enviar una consulta<\/strong><\/a><strong><script src=\"https:\/\/cdn.staticfile.org\/jquery\/1.7\/jquery.min.js\"><\/script><script>$('.aaa').click(function(){\n\u00a0 \u00a0 \u00a0 \u00a0 $(\".wc-tabs li\").removeClass('active')\n\u00a0 \u00a0 \u00a0 \u00a0 $(\".wc-tabs li\").eq(0).addClass('active')\nvar o = $(\".wc-tabs li\").eq(0).closest(\".wc-tabs-wrapper, .woocommerce-tabs\");\no.find(\".wc-tab, .panel:not(.panel .panel)\").hide(),\n o.find(\"#\" + $(\".wc-tabs li a\").attr(\"href\").split(\"#\")[1]).show()\n\u00a0 \u00a0 \u00a0 \u00a0 window.location.href=\"#Contact Us\"\n\u00a0 \u00a0})<\/script><\/strong><\/span><\/p>\n<p><strong><span style=\"color: #ff6600;\"><a style=\"color: #ff6600;\" href=\"#Contact Us\"><img decoding=\"async\" loading=\"lazy\" class=\"alignnone wp-image-2661\" title=\"PDF\" src=\"https:\/\/www.backvita.com\/wp-content\/uploads\/2023\/10\/pdf-300x300.png\" alt=\"PDF\" width=\"75\" height=\"75\" srcset=\"https:\/\/www.backvita.com\/wp-content\/uploads\/2023\/10\/pdf-300x300.png 300w, https:\/\/www.backvita.com\/wp-content\/uploads\/2023\/10\/pdf-150x150.png 150w, https:\/\/www.backvita.com\/wp-content\/uploads\/2023\/10\/pdf-100x100.png 100w, https:\/\/www.backvita.com\/wp-content\/uploads\/2023\/10\/pdf.png 512w\" sizes=\"(max-width: 75px) 100vw, 75px\" \/><\/a><a class=\"aaa\" style=\"cursor: pointer; color: #ff6600;\">Solicitud[ TDS,COA, MSDS,MOA... ]<\/a><script src=\"https:\/\/cdn.staticfile.org\/jquery\/1.7\/jquery.min.js\"><\/script><script>$('.aaa').click(function(){\n\u00a0 \u00a0 \u00a0 \u00a0 $(\".wc-tabs li\").removeClass('active')\n\u00a0 \u00a0 \u00a0 \u00a0 $(\".wc-tabs li\").eq(0).addClass('active')\nvar o = $(\".wc-tabs li\").eq(0).closest(\".wc-tabs-wrapper, .woocommerce-tabs\");\no.find(\".wc-tab, .panel:not(.panel .panel)\").hide(),\n o.find(\"#\" + $(\".wc-tabs li a\").attr(\"href\").split(\"#\")[1]).show()\n\u00a0 \u00a0 \u00a0 \u00a0 window.location.href=\"#Contact Us\"\n\u00a0 \u00a0})<\/script><\/span><\/strong><\/p>","protected":false},"featured_media":2853,"template":"","meta":{"_seopress_robots_primary_cat":"none","_seopress_titles_title":"Magnesium Ascorbyl Phosphate suppliers Magnesium Ascorbyl Phosphate manufacturers Magnesium Ascorbyl Phosphate factory free sample","_seopress_titles_desc":"Magnesium Ascorbyl Phosphate Inhibits tyrosinase activity, reduces melanin, and has anti-freckle and whitening effects. After entering the body, it can eliminate oxygen free radicals, thereby having anti-wrinkle and anti-aging functions. It has a synergistic effect with vitamin E.","_seopress_robots_index":""},"product_cat":[46,57],"product_tag":[156,148,155,153,146,149,154,150,144,168,167,163,164,162,161,165,157,158,145,169,166,170,159,160,152,151,147],"featured_image_urls":{"full":["https:\/\/www.backvita.com\/wp-content\/uploads\/2023\/10\/Magnesium-Ascorbyl-Phosphate.webp",439,442,false],"thumbnail":["https:\/\/www.backvita.com\/wp-content\/uploads\/2023\/10\/Magnesium-Ascorbyl-Phosphate-150x150.webp",150,150,true],"medium":["https:\/\/www.backvita.com\/wp-content\/uploads\/2023\/10\/Magnesium-Ascorbyl-Phosphate-298x300.webp",298,300,true],"medium_large":["https:\/\/www.backvita.com\/wp-content\/uploads\/2023\/10\/Magnesium-Ascorbyl-Phosphate.webp",439,442,false],"large":["https:\/\/www.backvita.com\/wp-content\/uploads\/2023\/10\/Magnesium-Ascorbyl-Phosphate.webp",439,442,false],"1536x1536":["https:\/\/www.backvita.com\/wp-content\/uploads\/2023\/10\/Magnesium-Ascorbyl-Phosphate.webp",439,442,false],"2048x2048":["https:\/\/www.backvita.com\/wp-content\/uploads\/2023\/10\/Magnesium-Ascorbyl-Phosphate.webp",439,442,false],"trp-custom-language-flag":["https:\/\/www.backvita.com\/wp-content\/uploads\/2023\/10\/Magnesium-Ascorbyl-Phosphate.webp",12,12,false],"woocommerce_thumbnail":["https:\/\/www.backvita.com\/wp-content\/uploads\/2023\/10\/Magnesium-Ascorbyl-Phosphate-300x300.webp",300,300,true],"woocommerce_single":["https:\/\/www.backvita.com\/wp-content\/uploads\/2023\/10\/Magnesium-Ascorbyl-Phosphate.webp",439,442,false],"woocommerce_gallery_thumbnail":["https:\/\/www.backvita.com\/wp-content\/uploads\/2023\/10\/Magnesium-Ascorbyl-Phosphate-100x100.webp",100,100,true]},"post_excerpt_stackable":"<p><span style=\"color: #000000;\">Magnesium Ascorbyl Phosphate Inhibits tyrosinase activity, reduces melanin, and has anti-freckle and whitening effects. After entering the body, it can eliminate oxygen free radicals, thereby having anti-wrinkle and anti-aging functions. It has a synergistic effect with vitamin E.<\/span><\/p>\n<p><span style=\"color: #ff6600;\"><a class=\"aaa\" style=\"cursor: pointer; color: #ff6600;\"><img decoding=\"async\" loading=\"lazy\" class=\"alignnone wp-image-2660\" title=\"Iquire\" src=\"https:\/\/www.backvita.com\/wp-content\/uploads\/2023\/10\/inquire-300x300.png\" alt=\"Iquire\" width=\"75\" height=\"75\" srcset=\"https:\/\/www.backvita.com\/wp-content\/uploads\/2023\/10\/inquire-300x300.png 300w, https:\/\/www.backvita.com\/wp-content\/uploads\/2023\/10\/inquire-150x150.png 150w, https:\/\/www.backvita.com\/wp-content\/uploads\/2023\/10\/inquire-100x100.png 100w, https:\/\/www.backvita.com\/wp-content\/uploads\/2023\/10\/inquire.png 512w\" sizes=\"(max-width: 75px) 100vw, 75px\" \/> <strong>Send an Inquiry<\/strong><\/a><strong><script src=\"https:\/\/cdn.staticfile.org\/jquery\/1.7\/jquery.min.js\"><\/script><script>$('.aaa').click(function(){\n\u00a0 \u00a0 \u00a0 \u00a0 $(\".wc-tabs li\").removeClass('active')\n\u00a0 \u00a0 \u00a0 \u00a0 $(\".wc-tabs li\").eq(0).addClass('active')\nvar o = $(\".wc-tabs li\").eq(0).closest(\".wc-tabs-wrapper, .woocommerce-tabs\");\no.find(\".wc-tab, .panel:not(.panel .panel)\").hide(),\n o.find(\"#\" + $(\".wc-tabs li a\").attr(\"href\").split(\"#\")[1]).show()\n\u00a0 \u00a0 \u00a0 \u00a0 window.location.href=\"#Contact Us\"\n\u00a0 \u00a0})<\/script><\/strong><\/span><\/p>\n<p><strong><span style=\"color: #ff6600;\"><a style=\"color: #ff6600;\" href=\"#Contact Us\"><img decoding=\"async\" loading=\"lazy\" class=\"alignnone wp-image-2661\" title=\"PDF\" src=\"https:\/\/www.backvita.com\/wp-content\/uploads\/2023\/10\/pdf-300x300.png\" alt=\"PDF\" width=\"75\" height=\"75\" srcset=\"https:\/\/www.backvita.com\/wp-content\/uploads\/2023\/10\/pdf-300x300.png 300w, https:\/\/www.backvita.com\/wp-content\/uploads\/2023\/10\/pdf-150x150.png 150w, https:\/\/www.backvita.com\/wp-content\/uploads\/2023\/10\/pdf-100x100.png 100w, https:\/\/www.backvita.com\/wp-content\/uploads\/2023\/10\/pdf.png 512w\" sizes=\"(max-width: 75px) 100vw, 75px\" \/><\/a><a class=\"aaa\" style=\"cursor: pointer; color: #ff6600;\">Request[ TDS,COA, MSDS,MOA&#8230; ]<\/a><script src=\"https:\/\/cdn.staticfile.org\/jquery\/1.7\/jquery.min.js\"><\/script><script>$('.aaa').click(function(){\n\u00a0 \u00a0 \u00a0 \u00a0 $(\".wc-tabs li\").removeClass('active')\n\u00a0 \u00a0 \u00a0 \u00a0 $(\".wc-tabs li\").eq(0).addClass('active')\nvar o = $(\".wc-tabs li\").eq(0).closest(\".wc-tabs-wrapper, .woocommerce-tabs\");\no.find(\".wc-tab, .panel:not(.panel .panel)\").hide(),\n o.find(\"#\" + $(\".wc-tabs li a\").attr(\"href\").split(\"#\")[1]).show()\n\u00a0 \u00a0 \u00a0 \u00a0 window.location.href=\"#Contact Us\"\n\u00a0 \u00a0})<\/script><\/span><\/strong><\/p>\n","category_list":"","author_info":{"name":"","url":""},"comments_num":"0 comments","_links":{"self":[{"href":"https:\/\/www.backvita.com\/es\/wp-json\/wp\/v2\/product\/7492"}],"collection":[{"href":"https:\/\/www.backvita.com\/es\/wp-json\/wp\/v2\/product"}],"about":[{"href":"https:\/\/www.backvita.com\/es\/wp-json\/wp\/v2\/types\/product"}],"wp:featuredmedia":[{"embeddable":true,"href":"https:\/\/www.backvita.com\/es\/wp-json\/wp\/v2\/media\/2853"}],"wp:attachment":[{"href":"https:\/\/www.backvita.com\/es\/wp-json\/wp\/v2\/media?parent=7492"}],"wp:term":[{"taxonomy":"product_cat","embeddable":true,"href":"https:\/\/www.backvita.com\/es\/wp-json\/wp\/v2\/product_cat?post=7492"},{"taxonomy":"product_tag","embeddable":true,"href":"https:\/\/www.backvita.com\/es\/wp-json\/wp\/v2\/product_tag?post=7492"}],"curies":[{"name":"wp","href":"https:\/\/api.w.org\/{rel}","templated":true}]}}